{"id":255807,"date":"2026-04-18T00:55:29","date_gmt":"2026-04-18T06:55:29","guid":{"rendered":"https:\/\/compuviper.mx\/tienda\/producto\/benq-9h-lnala-tbl-monitor-gamer-ex271-27-1920x1080-panel-ips-bocinas-2-5wx2-hdmi-2-0x2-display-port-1-2x1-usb-ax2-usb-cx1-audifonos-3-5-tecnologia-eye-care-3-aos-de-garantia\/"},"modified":"2026-04-18T00:55:29","modified_gmt":"2026-04-18T06:55:29","slug":"benq-9h-lnala-tbl-monitor-gamer-ex271-27-1920x1080-panel-ips-bocinas-2-5wx2-hdmi-2-0x2-display-port-1-2x1-usb-ax2-usb-cx1-audifonos-3-5-tecnologia-eye-care-3-aos-de-garantia","status":"publish","type":"product","link":"https:\/\/compuviper.mx\/tienda\/producto\/benq-9h-lnala-tbl-monitor-gamer-ex271-27-1920x1080-panel-ips-bocinas-2-5wx2-hdmi-2-0x2-display-port-1-2x1-usb-ax2-usb-cx1-audifonos-3-5-tecnologia-eye-care-3-aos-de-garantia\/","title":{"rendered":"Benq 9h.lnala.tbl Monitor  Gamer Ex271 27 1920&#215;1080 Panel Ips Bocinas 2.5wx2 Hdmi 2.0&#215;2 Display Port 1.2&#215;1 Usb Ax2 Usb Cx1 Audifonos 3.5 Tecnologia Eye Care 3 A?os De Garantia"},"content":{"rendered":"<table class=\"descripcion\">\n<tr>\n<td>Benq monitores gaming<\/td>\n<\/tr>\n<tr>\n<td>Tecnologia que redefine los colores de los juegos mas ala de los limites tradicionales<\/td>\n<\/tr>\n<tr>\n<td>Ex271 explorando detalles mas alla de los limites<\/td>\n<\/tr>\n<tr>\n<td>Especificaciones<\/td>\n<\/tr>\n<tr>\n<td>Color blanco<\/td>\n<\/tr>\n<tr>\n<td>Tamano de pantalla 27<\/td>\n<\/tr>\n<tr>\n<td>Tipo de iluminacion retroiluminacion led<\/td>\n<\/tr>\n<tr>\n<td>Tipo de panel ips<\/td>\n<\/tr>\n<tr>\n<td>Formato 16 a 9 nativo full 1 1<\/td>\n<\/tr>\n<tr>\n<td>Resolucion 1920 x 1080 pixeles<\/td>\n<\/tr>\n<tr>\n<td>Dot pitch 0.311<\/td>\n<\/tr>\n<tr>\n<td>Brillo 400 nits<\/td>\n<\/tr>\n<tr>\n<td>Contraste 1000 a 1<\/td>\n<\/tr>\n<tr>\n<td>Angulo de vision 178 178<\/td>\n<\/tr>\n<tr>\n<td>Tiempo de respuesta 1 ms gtg<\/td>\n<\/tr>\n<tr>\n<td>Cantidad de colores 1.07 billones de colores 10 bits<\/td>\n<\/tr>\n<tr>\n<td>Gama de color 95 p3<\/td>\n<\/tr>\n<tr>\n<td>Modos de color display p3 srgb personalizado hdri cine sci fi hdri fantasia hdri sci fi realista fantasia jugador 1 jugador 2 jugador 3<\/td>\n<\/tr>\n<tr>\n<td>Temperatura de color azulado normal rojizo definido por usuario<\/td>\n<\/tr>\n<tr>\n<td>Frecuencia de actualizacion hdmi 220 hz dp 220 hz<\/td>\n<\/tr>\n<tr>\n<td>Frecuencia vertical 30 265 hz<\/td>\n<\/tr>\n<tr>\n<td>Frecuencia horizontal 24 180 hz<\/td>\n<\/tr>\n<tr>\n<td>Video ancho de banda 720 mhz<\/td>\n<\/tr>\n<tr>\n<td>Entradas salidas hdmi v2.0 x2 display port v1.2 x1 usb a 3.2 5gbps energia 4.5w x2 usb c 3.2 5gbps datos x1 bocinas 2.5w x2 audifonos<\/td>\n<\/tr>\n<tr>\n<td>Fuente de poder integrada 100 240v ac<\/td>\n<\/tr>\n<tr>\n<td>Consumo de energia en espera 22w normal 65w max 0.5w standby<\/td>\n<\/tr>\n<tr>\n<td>Peso 6 kg 13.2 lb<\/td>\n<\/tr>\n<tr>\n<td>Dimensiones 646.33 x 613.8 x 211.74 mm<\/td>\n<\/tr>\n<tr>\n<td>Idiomas 18 idiomas<\/td>\n<\/tr>\n<tr>\n<td>Caracteristicas especiales<\/td>\n<\/tr>\n<tr>\n<td>Hdri hdr10 vesa display hdr 400 soporte formatos de video<\/td>\n<\/tr>\n<tr>\n<td>Freesync motion blur reduction color vibrance light tuner<\/td>\n<\/tr>\n<tr>\n<td>Tecnologia eye care para el cuidado de tus ojos flicker free low blue light brightness intelligence plus gen2 color weakness<\/td>\n<\/tr>\n<tr>\n<td>Color shutlle display quickit<\/td>\n<\/tr>\n<tr>\n<td>Inclinacion 5 20<\/td>\n<\/tr>\n<tr>\n<td>Vesa 100&#215;100 k locker<\/td>\n<\/tr>\n<tr>\n<td>Compatible con mac y windows<\/td>\n<\/tr>\n<tr>\n<td>Accesorios incluidos cable de poder 1.8m hdmi v2.0 guia de inicio rapido tarjeta de garantia<\/td>\n<\/tr>\n<\/table>\n","protected":false},"excerpt":{"rendered":"<p>Ex271 la revolucion del detalle. Aventurate a lo desconocido con un color experimentado en juegos. Sumergete en un mundo de juegos donde el color se siente no solo se ve con gamer experienced color una tecnologia revolucionaria que redefine los colores de los juegos mas alla de los limites tradicionales convirtiendo cada escenna en una obra maestra de arte y emocion. Gamer experienced color desarrollado a partir de pruebas exhaustivas y de la comunicacion con los jugadores ofrece un mundo vibrante adaptado a las distintas preferencias garantizando que cada juego se muestre con la paleta mas agradale desde el punto de vista estetico<\/p>\n","protected":false},"featured_media":259971,"comment_status":"open","ping_status":"open","template":"","meta":[],"product_cat":[1740,1741],"product_tag":[1744],"acf":[],"yoast_head":"<!-- This site is optimized with the Yoast SEO plugin v21.7 - https:\/\/yoast.com\/wordpress\/plugins\/seo\/ -->\n<title>[ Benq ] &#129351; 9h.lnala.tbl Monitor Gamer Ex271 27 1920x1080 Panel Ips Bocinas 2.5wx2 Hdmi 2.0x2 Display Port 1.2x1 Usb Ax2 Usb Cx1 Audifonos 3.5 Tecnologia Eye Care 3 A\u00f1os De Garantia<\/title>\n<meta name=\"description\" content=\"Compra 9h.lnala.tbl Monitor Gamer Ex271 27 1920x1080 Panel Ips Bocinas 2.5wx2 Hdmi 2.0x2 Display Port 1.2x1 Usb Ax2 Usb Cx1 Audifonos 3.5 Tecnologia Eye Care 3 A\u00f1os De Garantia + Env\u00edo a domicilio + Pago seguro + Garant\u00eda\" \/>\n<meta name=\"robots\" content=\"index, follow, max-snippet:-1, max-image-preview:large, max-video-preview:-1\" \/>\n<link rel=\"canonical\" href=\"https:\/\/compuviper.mx\/tienda\/producto\/benq-9h-lnala-tbl-monitor-gamer-ex271-27-1920x1080-panel-ips-bocinas-2-5wx2-hdmi-2-0x2-display-port-1-2x1-usb-ax2-usb-cx1-audifonos-3-5-tecnologia-eye-care-3-aos-de-garantia\/\" \/>\n<meta property=\"og:locale\" content=\"es_MX\" \/>\n<meta property=\"og:type\" content=\"article\" \/>\n<meta property=\"og:title\" content=\"[ Benq ] &#129351; 9h.lnala.tbl Monitor Gamer Ex271 27 1920x1080 Panel Ips Bocinas 2.5wx2 Hdmi 2.0x2 Display Port 1.2x1 Usb Ax2 Usb Cx1 Audifonos 3.5 Tecnologia Eye Care 3 A\u00f1os De Garantia\" \/>\n<meta property=\"og:description\" content=\"Compra 9h.lnala.tbl Monitor Gamer Ex271 27 1920x1080 Panel Ips Bocinas 2.5wx2 Hdmi 2.0x2 Display Port 1.2x1 Usb Ax2 Usb Cx1 Audifonos 3.5 Tecnologia Eye Care 3 A\u00f1os De Garantia + Env\u00edo a domicilio + Pago seguro + Garant\u00eda\" \/>\n<meta property=\"og:url\" content=\"https:\/\/compuviper.mx\/tienda\/producto\/benq-9h-lnala-tbl-monitor-gamer-ex271-27-1920x1080-panel-ips-bocinas-2-5wx2-hdmi-2-0x2-display-port-1-2x1-usb-ax2-usb-cx1-audifonos-3-5-tecnologia-eye-care-3-aos-de-garantia\/\" \/>\n<meta property=\"og:site_name\" content=\"Compuviper\" \/>\n<meta property=\"article:publisher\" content=\"https:\/\/www.facebook.com\/compuviper\" \/>\n<meta property=\"og:image\" content=\"https:\/\/compuviper.mx\/tienda\/wp-content\/uploads\/2025\/10\/Monitor-benq-gamer-ex271-27-1920x1080-panel-ips-bocinas-2.5wx2-hdmi-2.0x2-display-port-1.2x1-usb-ax2-usb-cx1-audifonos-3.5-tecnologia-eye-care-3-anos-de-garantia.jpg\" \/>\n\t<meta property=\"og:image:width\" content=\"200\" \/>\n\t<meta property=\"og:image:height\" content=\"200\" \/>\n\t<meta property=\"og:image:type\" content=\"image\/jpeg\" \/>\n<meta name=\"twitter:card\" content=\"summary_large_image\" \/>\n<meta name=\"twitter:label1\" content=\"Precio\" \/>\n\t<meta name=\"twitter:data1\" content=\"&#36;5,088 con IVA\" \/>\n\t<meta name=\"twitter:label2\" content=\"Availability\" \/>\n\t<meta name=\"twitter:data2\" content=\"Out of stock\" \/>\n<script type=\"application\/ld+json\" class=\"yoast-schema-graph\">{\"@context\":\"https:\/\/schema.org\",\"@graph\":[{\"@type\":\"WebPage\",\"@id\":\"https:\/\/compuviper.mx\/tienda\/producto\/benq-9h-lnala-tbl-monitor-gamer-ex271-27-1920x1080-panel-ips-bocinas-2-5wx2-hdmi-2-0x2-display-port-1-2x1-usb-ax2-usb-cx1-audifonos-3-5-tecnologia-eye-care-3-aos-de-garantia\/\",\"url\":\"https:\/\/compuviper.mx\/tienda\/producto\/benq-9h-lnala-tbl-monitor-gamer-ex271-27-1920x1080-panel-ips-bocinas-2-5wx2-hdmi-2-0x2-display-port-1-2x1-usb-ax2-usb-cx1-audifonos-3-5-tecnologia-eye-care-3-aos-de-garantia\/\",\"name\":\"[ Benq ] &#129351; 9h.lnala.tbl Monitor Gamer Ex271 27 1920x1080 Panel Ips Bocinas 2.5wx2 Hdmi 2.0x2 Display Port 1.2x1 Usb Ax2 Usb Cx1 Audifonos 3.5 Tecnologia Eye Care 3 A\u00f1os De Garantia\",\"isPartOf\":{\"@id\":\"https:\/\/compuviper.mx\/tienda\/#website\"},\"datePublished\":\"2026-04-18T06:55:29+00:00\",\"dateModified\":\"2026-04-18T06:55:29+00:00\",\"description\":\"Compra 9h.lnala.tbl Monitor Gamer Ex271 27 1920x1080 Panel Ips Bocinas 2.5wx2 Hdmi 2.0x2 Display Port 1.2x1 Usb Ax2 Usb Cx1 Audifonos 3.5 Tecnologia Eye Care 3 A\u00f1os De Garantia + Env\u00edo a domicilio + Pago seguro + Garant\u00eda\",\"breadcrumb\":{\"@id\":\"https:\/\/compuviper.mx\/tienda\/producto\/benq-9h-lnala-tbl-monitor-gamer-ex271-27-1920x1080-panel-ips-bocinas-2-5wx2-hdmi-2-0x2-display-port-1-2x1-usb-ax2-usb-cx1-audifonos-3-5-tecnologia-eye-care-3-aos-de-garantia\/#breadcrumb\"},\"inLanguage\":\"es-MX\",\"potentialAction\":[{\"@type\":\"ReadAction\",\"target\":[\"https:\/\/compuviper.mx\/tienda\/producto\/benq-9h-lnala-tbl-monitor-gamer-ex271-27-1920x1080-panel-ips-bocinas-2-5wx2-hdmi-2-0x2-display-port-1-2x1-usb-ax2-usb-cx1-audifonos-3-5-tecnologia-eye-care-3-aos-de-garantia\/\"]}]},{\"@type\":\"BreadcrumbList\",\"@id\":\"https:\/\/compuviper.mx\/tienda\/producto\/benq-9h-lnala-tbl-monitor-gamer-ex271-27-1920x1080-panel-ips-bocinas-2-5wx2-hdmi-2-0x2-display-port-1-2x1-usb-ax2-usb-cx1-audifonos-3-5-tecnologia-eye-care-3-aos-de-garantia\/#breadcrumb\",\"itemListElement\":[{\"@type\":\"ListItem\",\"position\":1,\"name\":\"Inicio\",\"item\":\"https:\/\/compuviper.mx\/tienda\/\"},{\"@type\":\"ListItem\",\"position\":2,\"name\":\"Productos\",\"item\":\"https:\/\/compuviper.mx\/tienda\/productos\/\"},{\"@type\":\"ListItem\",\"position\":3,\"name\":\"Monitores\",\"item\":\"https:\/\/compuviper.mx\/tienda\/categoria-producto\/monitores\/\"},{\"@type\":\"ListItem\",\"position\":4,\"name\":\"Led\",\"item\":\"https:\/\/compuviper.mx\/tienda\/categoria-producto\/monitores\/led\/\"},{\"@type\":\"ListItem\",\"position\":5,\"name\":\"Benq 9h.lnala.tbl Monitor Gamer Ex271 27 1920&#215;1080 Panel Ips Bocinas 2.5wx2 Hdmi 2.0&#215;2 Display Port 1.2&#215;1 Usb Ax2 Usb Cx1 Audifonos 3.5 Tecnologia Eye Care 3 A?os De Garantia\"}]},{\"@type\":\"WebSite\",\"@id\":\"https:\/\/compuviper.mx\/tienda\/#website\",\"url\":\"https:\/\/compuviper.mx\/tienda\/\",\"name\":\"Compuviper\",\"description\":\"Proveedor de Computadoras, Laptops, Servidores, Monitores, Puntos de Venta, Teclados,   Impresoras, T\u00f3ner, C\u00e1maras de Seguridad y m\u00e1s en tu tienda en l\u00ednea\",\"publisher\":{\"@id\":\"https:\/\/compuviper.mx\/tienda\/#organization\"},\"potentialAction\":[{\"@type\":\"SearchAction\",\"target\":{\"@type\":\"EntryPoint\",\"urlTemplate\":\"https:\/\/compuviper.mx\/tienda\/?s={search_term_string}\"},\"query-input\":\"required name=search_term_string\"}],\"inLanguage\":\"es-MX\"},{\"@type\":\"Organization\",\"@id\":\"https:\/\/compuviper.mx\/tienda\/#organization\",\"name\":\"Compuviper\",\"url\":\"https:\/\/compuviper.mx\/tienda\/\",\"logo\":{\"@type\":\"ImageObject\",\"inLanguage\":\"es-MX\",\"@id\":\"https:\/\/compuviper.mx\/tienda\/#\/schema\/logo\/image\/\",\"url\":\"https:\/\/compuviper.mx\/tienda\/wp-content\/uploads\/2021\/08\/Logo-Compuviper-10.png\",\"contentUrl\":\"https:\/\/compuviper.mx\/tienda\/wp-content\/uploads\/2021\/08\/Logo-Compuviper-10.png\",\"width\":1000,\"height\":500,\"caption\":\"Compuviper\"},\"image\":{\"@id\":\"https:\/\/compuviper.mx\/tienda\/#\/schema\/logo\/image\/\"},\"sameAs\":[\"https:\/\/www.facebook.com\/compuviper\",\"https:\/\/www.youtube.com\/channel\/UCf73dERp9Y3cfOq7q8BhLjA?view_as=subscriber\"]}]}<\/script>\n<meta property=\"product:brand\" content=\"BENQ\" \/>\n<meta property=\"product:price:amount\" content=\"5088\" \/>\n<meta property=\"product:price:currency\" content=\"MXN\" \/>\n<meta property=\"og:availability\" content=\"out of stock\" \/>\n<meta property=\"product:availability\" content=\"out of stock\" \/>\n<meta property=\"product:retailer_item_id\" content=\"9H.LNALA.TBL\" \/>\n<meta property=\"product:condition\" content=\"new\" \/>\n<!-- \/ Yoast SEO plugin. -->","yoast_head_json":{"title":"[ Benq ] &#129351; 9h.lnala.tbl Monitor Gamer Ex271 27 1920x1080 Panel Ips Bocinas 2.5wx2 Hdmi 2.0x2 Display Port 1.2x1 Usb Ax2 Usb Cx1 Audifonos 3.5 Tecnologia Eye Care 3 A\u00f1os De Garantia","description":"Compra 9h.lnala.tbl Monitor Gamer Ex271 27 1920x1080 Panel Ips Bocinas 2.5wx2 Hdmi 2.0x2 Display Port 1.2x1 Usb Ax2 Usb Cx1 Audifonos 3.5 Tecnologia Eye Care 3 A\u00f1os De Garantia + Env\u00edo a domicilio + Pago seguro + Garant\u00eda","robots":{"index":"index","follow":"follow","max-snippet":"max-snippet:-1","max-image-preview":"max-image-preview:large","max-video-preview":"max-video-preview:-1"},"canonical":"https:\/\/compuviper.mx\/tienda\/producto\/benq-9h-lnala-tbl-monitor-gamer-ex271-27-1920x1080-panel-ips-bocinas-2-5wx2-hdmi-2-0x2-display-port-1-2x1-usb-ax2-usb-cx1-audifonos-3-5-tecnologia-eye-care-3-aos-de-garantia\/","og_locale":"es_MX","og_type":"article","og_title":"[ Benq ] &#129351; 9h.lnala.tbl Monitor Gamer Ex271 27 1920x1080 Panel Ips Bocinas 2.5wx2 Hdmi 2.0x2 Display Port 1.2x1 Usb Ax2 Usb Cx1 Audifonos 3.5 Tecnologia Eye Care 3 A\u00f1os De Garantia","og_description":"Compra 9h.lnala.tbl Monitor Gamer Ex271 27 1920x1080 Panel Ips Bocinas 2.5wx2 Hdmi 2.0x2 Display Port 1.2x1 Usb Ax2 Usb Cx1 Audifonos 3.5 Tecnologia Eye Care 3 A\u00f1os De Garantia + Env\u00edo a domicilio + Pago seguro + Garant\u00eda","og_url":"https:\/\/compuviper.mx\/tienda\/producto\/benq-9h-lnala-tbl-monitor-gamer-ex271-27-1920x1080-panel-ips-bocinas-2-5wx2-hdmi-2-0x2-display-port-1-2x1-usb-ax2-usb-cx1-audifonos-3-5-tecnologia-eye-care-3-aos-de-garantia\/","og_site_name":"Compuviper","article_publisher":"https:\/\/www.facebook.com\/compuviper","og_image":[{"width":200,"height":200,"url":"https:\/\/compuviper.mx\/tienda\/wp-content\/uploads\/2025\/10\/Monitor-benq-gamer-ex271-27-1920x1080-panel-ips-bocinas-2.5wx2-hdmi-2.0x2-display-port-1.2x1-usb-ax2-usb-cx1-audifonos-3.5-tecnologia-eye-care-3-anos-de-garantia.jpg","type":"image\/jpeg"}],"twitter_card":"summary_large_image","twitter_misc":{"Precio":"&#36;5,088 con IVA","Availability":"Out of stock"},"schema":{"@context":"https:\/\/schema.org","@graph":[{"@type":"WebPage","@id":"https:\/\/compuviper.mx\/tienda\/producto\/benq-9h-lnala-tbl-monitor-gamer-ex271-27-1920x1080-panel-ips-bocinas-2-5wx2-hdmi-2-0x2-display-port-1-2x1-usb-ax2-usb-cx1-audifonos-3-5-tecnologia-eye-care-3-aos-de-garantia\/","url":"https:\/\/compuviper.mx\/tienda\/producto\/benq-9h-lnala-tbl-monitor-gamer-ex271-27-1920x1080-panel-ips-bocinas-2-5wx2-hdmi-2-0x2-display-port-1-2x1-usb-ax2-usb-cx1-audifonos-3-5-tecnologia-eye-care-3-aos-de-garantia\/","name":"[ Benq ] &#129351; 9h.lnala.tbl Monitor Gamer Ex271 27 1920x1080 Panel Ips Bocinas 2.5wx2 Hdmi 2.0x2 Display Port 1.2x1 Usb Ax2 Usb Cx1 Audifonos 3.5 Tecnologia Eye Care 3 A\u00f1os De Garantia","isPartOf":{"@id":"https:\/\/compuviper.mx\/tienda\/#website"},"datePublished":"2026-04-18T06:55:29+00:00","dateModified":"2026-04-18T06:55:29+00:00","description":"Compra 9h.lnala.tbl Monitor Gamer Ex271 27 1920x1080 Panel Ips Bocinas 2.5wx2 Hdmi 2.0x2 Display Port 1.2x1 Usb Ax2 Usb Cx1 Audifonos 3.5 Tecnologia Eye Care 3 A\u00f1os De Garantia + Env\u00edo a domicilio + Pago seguro + Garant\u00eda","breadcrumb":{"@id":"https:\/\/compuviper.mx\/tienda\/producto\/benq-9h-lnala-tbl-monitor-gamer-ex271-27-1920x1080-panel-ips-bocinas-2-5wx2-hdmi-2-0x2-display-port-1-2x1-usb-ax2-usb-cx1-audifonos-3-5-tecnologia-eye-care-3-aos-de-garantia\/#breadcrumb"},"inLanguage":"es-MX","potentialAction":[{"@type":"ReadAction","target":["https:\/\/compuviper.mx\/tienda\/producto\/benq-9h-lnala-tbl-monitor-gamer-ex271-27-1920x1080-panel-ips-bocinas-2-5wx2-hdmi-2-0x2-display-port-1-2x1-usb-ax2-usb-cx1-audifonos-3-5-tecnologia-eye-care-3-aos-de-garantia\/"]}]},{"@type":"BreadcrumbList","@id":"https:\/\/compuviper.mx\/tienda\/producto\/benq-9h-lnala-tbl-monitor-gamer-ex271-27-1920x1080-panel-ips-bocinas-2-5wx2-hdmi-2-0x2-display-port-1-2x1-usb-ax2-usb-cx1-audifonos-3-5-tecnologia-eye-care-3-aos-de-garantia\/#breadcrumb","itemListElement":[{"@type":"ListItem","position":1,"name":"Inicio","item":"https:\/\/compuviper.mx\/tienda\/"},{"@type":"ListItem","position":2,"name":"Productos","item":"https:\/\/compuviper.mx\/tienda\/productos\/"},{"@type":"ListItem","position":3,"name":"Monitores","item":"https:\/\/compuviper.mx\/tienda\/categoria-producto\/monitores\/"},{"@type":"ListItem","position":4,"name":"Led","item":"https:\/\/compuviper.mx\/tienda\/categoria-producto\/monitores\/led\/"},{"@type":"ListItem","position":5,"name":"Benq 9h.lnala.tbl Monitor Gamer Ex271 27 1920&#215;1080 Panel Ips Bocinas 2.5wx2 Hdmi 2.0&#215;2 Display Port 1.2&#215;1 Usb Ax2 Usb Cx1 Audifonos 3.5 Tecnologia Eye Care 3 A?os De Garantia"}]},{"@type":"WebSite","@id":"https:\/\/compuviper.mx\/tienda\/#website","url":"https:\/\/compuviper.mx\/tienda\/","name":"Compuviper","description":"Proveedor de Computadoras, Laptops, Servidores, Monitores, Puntos de Venta, Teclados,   Impresoras, T\u00f3ner, C\u00e1maras de Seguridad y m\u00e1s en tu tienda en l\u00ednea","publisher":{"@id":"https:\/\/compuviper.mx\/tienda\/#organization"},"potentialAction":[{"@type":"SearchAction","target":{"@type":"EntryPoint","urlTemplate":"https:\/\/compuviper.mx\/tienda\/?s={search_term_string}"},"query-input":"required name=search_term_string"}],"inLanguage":"es-MX"},{"@type":"Organization","@id":"https:\/\/compuviper.mx\/tienda\/#organization","name":"Compuviper","url":"https:\/\/compuviper.mx\/tienda\/","logo":{"@type":"ImageObject","inLanguage":"es-MX","@id":"https:\/\/compuviper.mx\/tienda\/#\/schema\/logo\/image\/","url":"https:\/\/compuviper.mx\/tienda\/wp-content\/uploads\/2021\/08\/Logo-Compuviper-10.png","contentUrl":"https:\/\/compuviper.mx\/tienda\/wp-content\/uploads\/2021\/08\/Logo-Compuviper-10.png","width":1000,"height":500,"caption":"Compuviper"},"image":{"@id":"https:\/\/compuviper.mx\/tienda\/#\/schema\/logo\/image\/"},"sameAs":["https:\/\/www.facebook.com\/compuviper","https:\/\/www.youtube.com\/channel\/UCf73dERp9Y3cfOq7q8BhLjA?view_as=subscriber"]}]},"product_brand":"BENQ","product_price_amount":"5088","product_price_currency":"MXN","og_availability":"out of stock","product_availability":"out of stock","product_retailer_item_id":"9H.LNALA.TBL","product_condition":"new"},"_links":{"self":[{"href":"https:\/\/compuviper.mx\/tienda\/wp-json\/wp\/v2\/product\/255807"}],"collection":[{"href":"https:\/\/compuviper.mx\/tienda\/wp-json\/wp\/v2\/product"}],"about":[{"href":"https:\/\/compuviper.mx\/tienda\/wp-json\/wp\/v2\/types\/product"}],"replies":[{"embeddable":true,"href":"https:\/\/compuviper.mx\/tienda\/wp-json\/wp\/v2\/comments?post=255807"}],"wp:featuredmedia":[{"embeddable":true,"href":"https:\/\/compuviper.mx\/tienda\/wp-json\/wp\/v2\/media\/259971"}],"wp:attachment":[{"href":"https:\/\/compuviper.mx\/tienda\/wp-json\/wp\/v2\/media?parent=255807"}],"wp:term":[{"taxonomy":"product_cat","embeddable":true,"href":"https:\/\/compuviper.mx\/tienda\/wp-json\/wp\/v2\/product_cat?post=255807"},{"taxonomy":"product_tag","embeddable":true,"href":"https:\/\/compuviper.mx\/tienda\/wp-json\/wp\/v2\/product_tag?post=255807"}],"curies":[{"name":"wp","href":"https:\/\/api.w.org\/{rel}","templated":true}]}}