{"id":255762,"date":"2026-04-23T00:15:53","date_gmt":"2026-04-23T06:15:53","guid":{"rendered":"https:\/\/compuviper.mx\/tienda\/producto\/dahua-h10-camara-de-tablero-dashcam-soporta-adassistemas-avanzados-de-asistencia-al-conductor-2160p-ultra-alta-resolucion-wi-fi-sensor-de-fuerza-g-ranura-microsd-p-hasta-256-gb-microfono-y\/"},"modified":"2026-04-23T00:15:54","modified_gmt":"2026-04-23T06:15:54","slug":"dahua-h10-camara-de-tablero-dashcam-soporta-adassistemas-avanzados-de-asistencia-al-conductor-2160p-ultra-alta-resolucion-wi-fi-sensor-de-fuerza-g-ranura-microsd-p-hasta-256-gb-microfono-y-a","status":"publish","type":"product","link":"https:\/\/compuviper.mx\/tienda\/producto\/dahua-h10-camara-de-tablero-dashcam-soporta-adassistemas-avanzados-de-asistencia-al-conductor-2160p-ultra-alta-resolucion-wi-fi-sensor-de-fuerza-g-ranura-microsd-p-hasta-256-gb-microfono-y-a\/","title":{"rendered":"Dahua H10 Camara De Tablero\/ \/  Dashcam \/soporta Adassistemas Avanzados De Asistencia Al Conductor\/2160p Ultra Alta Resolucion\/wi-fi\/ Sensor De Fuerza G\/ Ranura Microsd P\/hasta 256 Gb\/ Microfono Y A"},"content":{"rendered":"<table class=\"descripcion\">\n<tr>\n<td>Especificaciones tecnicas<\/td>\n<\/tr>\n<tr>\n<td>\u0095 fuente de alimentacion: cc 5 v\/2 a.<\/td>\n<\/tr>\n<tr>\n<td>\u0095 consumo de energia:  3,5w<\/td>\n<\/tr>\n<tr>\n<td>\u0095 temperatura de funcionamiento: &#8211; 20 \u00b0c a 70 \u00b0c<\/td>\n<\/tr>\n<tr>\n<td>\u0095 humedad de funcionamiento:  95% (sin condensacion)<\/td>\n<\/tr>\n<tr>\n<td>\u0095 dimensiones:106,0 mm \u00d7 49,5 mm \u00d7 39,8 mm<\/td>\n<\/tr>\n<tr>\n<td>\u0095 peso aprox.:  and #8776;120g<\/td>\n<\/tr>\n<tr>\n<td>Incluye<\/td>\n<\/tr>\n<tr>\n<td>\u0095 x1 dashcam dhi-dae-hc1301w<\/td>\n<\/tr>\n<tr>\n<td>\u0095 x1 manual de usuario<\/td>\n<\/tr>\n<tr>\n<td>\u0095 x1 poliza de garantia<\/td>\n<\/tr>\n<tr>\n<td>\u0095 x1 cable de energia<\/td>\n<\/tr>\n<tr>\n<td>\u0095 x1 cargador de coche<\/td>\n<\/tr>\n<tr>\n<td>\u0095 x1 adhesivo electrostatico<\/td>\n<\/tr>\n<\/table>\n","protected":false},"excerpt":{"rendered":"<p>Informacion general. La camara dash dahua dhi-dae-hc5710wvi-h10 es una solucion avanzada para la grabacion de video en vehiculos. Con conectividad wi-fi, permite la transferencia facil de archivos y la visualizacion remota de grabaciones. Su g-sensor detecta colisiones, asegurando que los videos relevantes se guarden automaticamente. La camara admite tarjetas microsd de hasta 256 gb, lo que ofrece un amplio espacio de almacenamiento para grabaciones prolongadas. Ademas, cuenta con microfono y altavoz integrados, lo que permite grabar audio nitido y reproducirlo, brindando una experiencia completa para la vigilancia y la documentacion de viajes en carretera, mejorando la seguridad del usuario. Caracteristicas principales. \u0095 resolucion: imagen de ultra alta resolucion 2160p. \u0095 soporta adas: advertencia de arranque del vehiculo delantero, advertencia de colision del vehiculo delantero, advertencia de cambio de carril. \u0095 admite: monitoreo de estacionamiento las 24 horas (con kit de cableado, no incluido. \u0095 almacenamiento: admite tarjeta microsd de hasta 256 gb. \u0095 grabacion: frontal y trasera (opcional)(no incluido camara trasera. \u0095 g-sensor: admite deteccion de colisiones y bloqueo de video. \u0095 wifi: modulo ap wi-fi incorporado<\/p>\n","protected":false},"featured_media":259457,"comment_status":"open","ping_status":"open","template":"","meta":[],"product_cat":[1681,1608],"product_tag":[1555],"acf":[],"yoast_head":"<!-- This site is optimized with the Yoast SEO plugin v21.7 - https:\/\/yoast.com\/wordpress\/plugins\/seo\/ -->\n<title>[ Dahua ] &#129351; H10 Camara De Tablero\/ \/ Dashcam \/soporta Adassistemas Avanzados De Asistencia Al Conductor\/2160p Ultra Alta Resolucion\/wi-fi\/ Sensor De Fuerza G\/ Ranura Microsd P\/hasta 256 Gb\/ Microfono Y A<\/title>\n<meta name=\"description\" content=\"Compra H10 Camara De Tablero\/ \/ Dashcam \/soporta Adassistemas Avanzados De Asistencia Al Conductor\/2160p Ultra Alta Resolucion\/wi-fi\/ Sensor De Fuerza G\/ Ranura Microsd P\/hasta 256 Gb\/ Microfono Y A + Env\u00edo a domicilio + Pago seguro + Garant\u00eda\" \/>\n<meta name=\"robots\" content=\"index, follow, max-snippet:-1, max-image-preview:large, max-video-preview:-1\" \/>\n<link rel=\"canonical\" href=\"https:\/\/compuviper.mx\/tienda\/producto\/dahua-h10-camara-de-tablero-dashcam-soporta-adassistemas-avanzados-de-asistencia-al-conductor-2160p-ultra-alta-resolucion-wi-fi-sensor-de-fuerza-g-ranura-microsd-p-hasta-256-gb-microfono-y-a\/\" \/>\n<meta property=\"og:locale\" content=\"es_MX\" \/>\n<meta property=\"og:type\" content=\"article\" \/>\n<meta property=\"og:title\" content=\"[ Dahua ] &#129351; H10 Camara De Tablero\/ \/ Dashcam \/soporta Adassistemas Avanzados De Asistencia Al Conductor\/2160p Ultra Alta Resolucion\/wi-fi\/ Sensor De Fuerza G\/ Ranura Microsd P\/hasta 256 Gb\/ Microfono Y A\" \/>\n<meta property=\"og:description\" content=\"Compra H10 Camara De Tablero\/ \/ Dashcam \/soporta Adassistemas Avanzados De Asistencia Al Conductor\/2160p Ultra Alta Resolucion\/wi-fi\/ Sensor De Fuerza G\/ Ranura Microsd P\/hasta 256 Gb\/ Microfono Y A + Env\u00edo a domicilio + Pago seguro + Garant\u00eda\" \/>\n<meta property=\"og:url\" content=\"https:\/\/compuviper.mx\/tienda\/producto\/dahua-h10-camara-de-tablero-dashcam-soporta-adassistemas-avanzados-de-asistencia-al-conductor-2160p-ultra-alta-resolucion-wi-fi-sensor-de-fuerza-g-ranura-microsd-p-hasta-256-gb-microfono-y-a\/\" \/>\n<meta property=\"og:site_name\" content=\"Compuviper\" \/>\n<meta property=\"article:publisher\" content=\"https:\/\/www.facebook.com\/compuviper\" \/>\n<meta property=\"article:modified_time\" content=\"2026-04-23T06:15:54+00:00\" \/>\n<meta property=\"og:image\" content=\"https:\/\/compuviper.mx\/tienda\/wp-content\/uploads\/2025\/10\/Camara-de-tablero-dahua-h10-dashcam-soporta-adassistemas-avanzados-de-asistencia-al-conductor2160p-ultra-alta-resolucionwi-fi-sensor-de-fuerza-g-ranura-microsd-phasta-256-gb-microfono-y-a.jpg\" \/>\n\t<meta property=\"og:image:width\" content=\"200\" \/>\n\t<meta property=\"og:image:height\" content=\"200\" \/>\n\t<meta property=\"og:image:type\" content=\"image\/jpeg\" \/>\n<meta name=\"twitter:card\" content=\"summary_large_image\" \/>\n<meta name=\"twitter:label1\" content=\"Precio\" \/>\n\t<meta name=\"twitter:data1\" content=\"&#36;1,301 con IVA\" \/>\n\t<meta name=\"twitter:label2\" content=\"Availability\" \/>\n\t<meta name=\"twitter:data2\" content=\"In stock\" \/>\n<script type=\"application\/ld+json\" class=\"yoast-schema-graph\">{\"@context\":\"https:\/\/schema.org\",\"@graph\":[{\"@type\":\"WebPage\",\"@id\":\"https:\/\/compuviper.mx\/tienda\/producto\/dahua-h10-camara-de-tablero-dashcam-soporta-adassistemas-avanzados-de-asistencia-al-conductor-2160p-ultra-alta-resolucion-wi-fi-sensor-de-fuerza-g-ranura-microsd-p-hasta-256-gb-microfono-y-a\/\",\"url\":\"https:\/\/compuviper.mx\/tienda\/producto\/dahua-h10-camara-de-tablero-dashcam-soporta-adassistemas-avanzados-de-asistencia-al-conductor-2160p-ultra-alta-resolucion-wi-fi-sensor-de-fuerza-g-ranura-microsd-p-hasta-256-gb-microfono-y-a\/\",\"name\":\"[ Dahua ] &#129351; H10 Camara De Tablero\/ \/ Dashcam \/soporta Adassistemas Avanzados De Asistencia Al Conductor\/2160p Ultra Alta Resolucion\/wi-fi\/ Sensor De Fuerza G\/ Ranura Microsd P\/hasta 256 Gb\/ Microfono Y A\",\"isPartOf\":{\"@id\":\"https:\/\/compuviper.mx\/tienda\/#website\"},\"datePublished\":\"2026-04-23T06:15:53+00:00\",\"dateModified\":\"2026-04-23T06:15:54+00:00\",\"description\":\"Compra H10 Camara De Tablero\/ \/ Dashcam \/soporta Adassistemas Avanzados De Asistencia Al Conductor\/2160p Ultra Alta Resolucion\/wi-fi\/ Sensor De Fuerza G\/ Ranura Microsd P\/hasta 256 Gb\/ Microfono Y A + Env\u00edo a domicilio + Pago seguro + Garant\u00eda\",\"breadcrumb\":{\"@id\":\"https:\/\/compuviper.mx\/tienda\/producto\/dahua-h10-camara-de-tablero-dashcam-soporta-adassistemas-avanzados-de-asistencia-al-conductor-2160p-ultra-alta-resolucion-wi-fi-sensor-de-fuerza-g-ranura-microsd-p-hasta-256-gb-microfono-y-a\/#breadcrumb\"},\"inLanguage\":\"es-MX\",\"potentialAction\":[{\"@type\":\"ReadAction\",\"target\":[\"https:\/\/compuviper.mx\/tienda\/producto\/dahua-h10-camara-de-tablero-dashcam-soporta-adassistemas-avanzados-de-asistencia-al-conductor-2160p-ultra-alta-resolucion-wi-fi-sensor-de-fuerza-g-ranura-microsd-p-hasta-256-gb-microfono-y-a\/\"]}]},{\"@type\":\"BreadcrumbList\",\"@id\":\"https:\/\/compuviper.mx\/tienda\/producto\/dahua-h10-camara-de-tablero-dashcam-soporta-adassistemas-avanzados-de-asistencia-al-conductor-2160p-ultra-alta-resolucion-wi-fi-sensor-de-fuerza-g-ranura-microsd-p-hasta-256-gb-microfono-y-a\/#breadcrumb\",\"itemListElement\":[{\"@type\":\"ListItem\",\"position\":1,\"name\":\"Inicio\",\"item\":\"https:\/\/compuviper.mx\/tienda\/\"},{\"@type\":\"ListItem\",\"position\":2,\"name\":\"Productos\",\"item\":\"https:\/\/compuviper.mx\/tienda\/productos\/\"},{\"@type\":\"ListItem\",\"position\":3,\"name\":\"Camaras\",\"item\":\"https:\/\/compuviper.mx\/tienda\/categoria-producto\/camaras-2\/\"},{\"@type\":\"ListItem\",\"position\":4,\"name\":\"Camara De Videovigilancia\",\"item\":\"https:\/\/compuviper.mx\/tienda\/categoria-producto\/camaras-2\/camara-de-videovigilancia\/\"},{\"@type\":\"ListItem\",\"position\":5,\"name\":\"Dahua H10 Camara De Tablero\/ \/ Dashcam \/soporta Adassistemas Avanzados De Asistencia Al Conductor\/2160p Ultra Alta Resolucion\/wi-fi\/ Sensor De Fuerza G\/ Ranura Microsd P\/hasta 256 Gb\/ Microfono Y A\"}]},{\"@type\":\"WebSite\",\"@id\":\"https:\/\/compuviper.mx\/tienda\/#website\",\"url\":\"https:\/\/compuviper.mx\/tienda\/\",\"name\":\"Compuviper\",\"description\":\"Proveedor de Computadoras, Laptops, Servidores, Monitores, Puntos de Venta, Teclados,   Impresoras, T\u00f3ner, C\u00e1maras de Seguridad y m\u00e1s en tu tienda en l\u00ednea\",\"publisher\":{\"@id\":\"https:\/\/compuviper.mx\/tienda\/#organization\"},\"potentialAction\":[{\"@type\":\"SearchAction\",\"target\":{\"@type\":\"EntryPoint\",\"urlTemplate\":\"https:\/\/compuviper.mx\/tienda\/?s={search_term_string}\"},\"query-input\":\"required name=search_term_string\"}],\"inLanguage\":\"es-MX\"},{\"@type\":\"Organization\",\"@id\":\"https:\/\/compuviper.mx\/tienda\/#organization\",\"name\":\"Compuviper\",\"url\":\"https:\/\/compuviper.mx\/tienda\/\",\"logo\":{\"@type\":\"ImageObject\",\"inLanguage\":\"es-MX\",\"@id\":\"https:\/\/compuviper.mx\/tienda\/#\/schema\/logo\/image\/\",\"url\":\"https:\/\/compuviper.mx\/tienda\/wp-content\/uploads\/2021\/08\/Logo-Compuviper-10.png\",\"contentUrl\":\"https:\/\/compuviper.mx\/tienda\/wp-content\/uploads\/2021\/08\/Logo-Compuviper-10.png\",\"width\":1000,\"height\":500,\"caption\":\"Compuviper\"},\"image\":{\"@id\":\"https:\/\/compuviper.mx\/tienda\/#\/schema\/logo\/image\/\"},\"sameAs\":[\"https:\/\/www.facebook.com\/compuviper\",\"https:\/\/www.youtube.com\/channel\/UCf73dERp9Y3cfOq7q8BhLjA?view_as=subscriber\"]}]}<\/script>\n<meta property=\"product:brand\" content=\"DAHUA\" \/>\n<meta property=\"product:price:amount\" content=\"1301\" \/>\n<meta property=\"product:price:currency\" content=\"MXN\" \/>\n<meta property=\"og:availability\" content=\"instock\" \/>\n<meta property=\"product:availability\" content=\"instock\" \/>\n<meta property=\"product:retailer_item_id\" content=\"H10\" \/>\n<meta property=\"product:condition\" content=\"new\" \/>\n<!-- \/ Yoast SEO plugin. -->","yoast_head_json":{"title":"[ Dahua ] &#129351; H10 Camara De Tablero\/ \/ Dashcam \/soporta Adassistemas Avanzados De Asistencia Al Conductor\/2160p Ultra Alta Resolucion\/wi-fi\/ Sensor De Fuerza G\/ Ranura Microsd P\/hasta 256 Gb\/ Microfono Y A","description":"Compra H10 Camara De Tablero\/ \/ Dashcam \/soporta Adassistemas Avanzados De Asistencia Al Conductor\/2160p Ultra Alta Resolucion\/wi-fi\/ Sensor De Fuerza G\/ Ranura Microsd P\/hasta 256 Gb\/ Microfono Y A + Env\u00edo a domicilio + Pago seguro + Garant\u00eda","robots":{"index":"index","follow":"follow","max-snippet":"max-snippet:-1","max-image-preview":"max-image-preview:large","max-video-preview":"max-video-preview:-1"},"canonical":"https:\/\/compuviper.mx\/tienda\/producto\/dahua-h10-camara-de-tablero-dashcam-soporta-adassistemas-avanzados-de-asistencia-al-conductor-2160p-ultra-alta-resolucion-wi-fi-sensor-de-fuerza-g-ranura-microsd-p-hasta-256-gb-microfono-y-a\/","og_locale":"es_MX","og_type":"article","og_title":"[ Dahua ] &#129351; H10 Camara De Tablero\/ \/ Dashcam \/soporta Adassistemas Avanzados De Asistencia Al Conductor\/2160p Ultra Alta Resolucion\/wi-fi\/ Sensor De Fuerza G\/ Ranura Microsd P\/hasta 256 Gb\/ Microfono Y A","og_description":"Compra H10 Camara De Tablero\/ \/ Dashcam \/soporta Adassistemas Avanzados De Asistencia Al Conductor\/2160p Ultra Alta Resolucion\/wi-fi\/ Sensor De Fuerza G\/ Ranura Microsd P\/hasta 256 Gb\/ Microfono Y A + Env\u00edo a domicilio + Pago seguro + Garant\u00eda","og_url":"https:\/\/compuviper.mx\/tienda\/producto\/dahua-h10-camara-de-tablero-dashcam-soporta-adassistemas-avanzados-de-asistencia-al-conductor-2160p-ultra-alta-resolucion-wi-fi-sensor-de-fuerza-g-ranura-microsd-p-hasta-256-gb-microfono-y-a\/","og_site_name":"Compuviper","article_publisher":"https:\/\/www.facebook.com\/compuviper","article_modified_time":"2026-04-23T06:15:54+00:00","og_image":[{"width":200,"height":200,"url":"https:\/\/compuviper.mx\/tienda\/wp-content\/uploads\/2025\/10\/Camara-de-tablero-dahua-h10-dashcam-soporta-adassistemas-avanzados-de-asistencia-al-conductor2160p-ultra-alta-resolucionwi-fi-sensor-de-fuerza-g-ranura-microsd-phasta-256-gb-microfono-y-a.jpg","type":"image\/jpeg"}],"twitter_card":"summary_large_image","twitter_misc":{"Precio":"&#36;1,301 con IVA","Availability":"In stock"},"schema":{"@context":"https:\/\/schema.org","@graph":[{"@type":"WebPage","@id":"https:\/\/compuviper.mx\/tienda\/producto\/dahua-h10-camara-de-tablero-dashcam-soporta-adassistemas-avanzados-de-asistencia-al-conductor-2160p-ultra-alta-resolucion-wi-fi-sensor-de-fuerza-g-ranura-microsd-p-hasta-256-gb-microfono-y-a\/","url":"https:\/\/compuviper.mx\/tienda\/producto\/dahua-h10-camara-de-tablero-dashcam-soporta-adassistemas-avanzados-de-asistencia-al-conductor-2160p-ultra-alta-resolucion-wi-fi-sensor-de-fuerza-g-ranura-microsd-p-hasta-256-gb-microfono-y-a\/","name":"[ Dahua ] &#129351; H10 Camara De Tablero\/ \/ Dashcam \/soporta Adassistemas Avanzados De Asistencia Al Conductor\/2160p Ultra Alta Resolucion\/wi-fi\/ Sensor De Fuerza G\/ Ranura Microsd P\/hasta 256 Gb\/ Microfono Y A","isPartOf":{"@id":"https:\/\/compuviper.mx\/tienda\/#website"},"datePublished":"2026-04-23T06:15:53+00:00","dateModified":"2026-04-23T06:15:54+00:00","description":"Compra H10 Camara De Tablero\/ \/ Dashcam \/soporta Adassistemas Avanzados De Asistencia Al Conductor\/2160p Ultra Alta Resolucion\/wi-fi\/ Sensor De Fuerza G\/ Ranura Microsd P\/hasta 256 Gb\/ Microfono Y A + Env\u00edo a domicilio + Pago seguro + Garant\u00eda","breadcrumb":{"@id":"https:\/\/compuviper.mx\/tienda\/producto\/dahua-h10-camara-de-tablero-dashcam-soporta-adassistemas-avanzados-de-asistencia-al-conductor-2160p-ultra-alta-resolucion-wi-fi-sensor-de-fuerza-g-ranura-microsd-p-hasta-256-gb-microfono-y-a\/#breadcrumb"},"inLanguage":"es-MX","potentialAction":[{"@type":"ReadAction","target":["https:\/\/compuviper.mx\/tienda\/producto\/dahua-h10-camara-de-tablero-dashcam-soporta-adassistemas-avanzados-de-asistencia-al-conductor-2160p-ultra-alta-resolucion-wi-fi-sensor-de-fuerza-g-ranura-microsd-p-hasta-256-gb-microfono-y-a\/"]}]},{"@type":"BreadcrumbList","@id":"https:\/\/compuviper.mx\/tienda\/producto\/dahua-h10-camara-de-tablero-dashcam-soporta-adassistemas-avanzados-de-asistencia-al-conductor-2160p-ultra-alta-resolucion-wi-fi-sensor-de-fuerza-g-ranura-microsd-p-hasta-256-gb-microfono-y-a\/#breadcrumb","itemListElement":[{"@type":"ListItem","position":1,"name":"Inicio","item":"https:\/\/compuviper.mx\/tienda\/"},{"@type":"ListItem","position":2,"name":"Productos","item":"https:\/\/compuviper.mx\/tienda\/productos\/"},{"@type":"ListItem","position":3,"name":"Camaras","item":"https:\/\/compuviper.mx\/tienda\/categoria-producto\/camaras-2\/"},{"@type":"ListItem","position":4,"name":"Camara De Videovigilancia","item":"https:\/\/compuviper.mx\/tienda\/categoria-producto\/camaras-2\/camara-de-videovigilancia\/"},{"@type":"ListItem","position":5,"name":"Dahua H10 Camara De Tablero\/ \/ Dashcam \/soporta Adassistemas Avanzados De Asistencia Al Conductor\/2160p Ultra Alta Resolucion\/wi-fi\/ Sensor De Fuerza G\/ Ranura Microsd P\/hasta 256 Gb\/ Microfono Y A"}]},{"@type":"WebSite","@id":"https:\/\/compuviper.mx\/tienda\/#website","url":"https:\/\/compuviper.mx\/tienda\/","name":"Compuviper","description":"Proveedor de Computadoras, Laptops, Servidores, Monitores, Puntos de Venta, Teclados,   Impresoras, T\u00f3ner, C\u00e1maras de Seguridad y m\u00e1s en tu tienda en l\u00ednea","publisher":{"@id":"https:\/\/compuviper.mx\/tienda\/#organization"},"potentialAction":[{"@type":"SearchAction","target":{"@type":"EntryPoint","urlTemplate":"https:\/\/compuviper.mx\/tienda\/?s={search_term_string}"},"query-input":"required name=search_term_string"}],"inLanguage":"es-MX"},{"@type":"Organization","@id":"https:\/\/compuviper.mx\/tienda\/#organization","name":"Compuviper","url":"https:\/\/compuviper.mx\/tienda\/","logo":{"@type":"ImageObject","inLanguage":"es-MX","@id":"https:\/\/compuviper.mx\/tienda\/#\/schema\/logo\/image\/","url":"https:\/\/compuviper.mx\/tienda\/wp-content\/uploads\/2021\/08\/Logo-Compuviper-10.png","contentUrl":"https:\/\/compuviper.mx\/tienda\/wp-content\/uploads\/2021\/08\/Logo-Compuviper-10.png","width":1000,"height":500,"caption":"Compuviper"},"image":{"@id":"https:\/\/compuviper.mx\/tienda\/#\/schema\/logo\/image\/"},"sameAs":["https:\/\/www.facebook.com\/compuviper","https:\/\/www.youtube.com\/channel\/UCf73dERp9Y3cfOq7q8BhLjA?view_as=subscriber"]}]},"product_brand":"DAHUA","product_price_amount":"1301","product_price_currency":"MXN","og_availability":"instock","product_availability":"instock","product_retailer_item_id":"H10","product_condition":"new"},"_links":{"self":[{"href":"https:\/\/compuviper.mx\/tienda\/wp-json\/wp\/v2\/product\/255762"}],"collection":[{"href":"https:\/\/compuviper.mx\/tienda\/wp-json\/wp\/v2\/product"}],"about":[{"href":"https:\/\/compuviper.mx\/tienda\/wp-json\/wp\/v2\/types\/product"}],"replies":[{"embeddable":true,"href":"https:\/\/compuviper.mx\/tienda\/wp-json\/wp\/v2\/comments?post=255762"}],"wp:featuredmedia":[{"embeddable":true,"href":"https:\/\/compuviper.mx\/tienda\/wp-json\/wp\/v2\/media\/259457"}],"wp:attachment":[{"href":"https:\/\/compuviper.mx\/tienda\/wp-json\/wp\/v2\/media?parent=255762"}],"wp:term":[{"taxonomy":"product_cat","embeddable":true,"href":"https:\/\/compuviper.mx\/tienda\/wp-json\/wp\/v2\/product_cat?post=255762"},{"taxonomy":"product_tag","embeddable":true,"href":"https:\/\/compuviper.mx\/tienda\/wp-json\/wp\/v2\/product_tag?post=255762"}],"curies":[{"name":"wp","href":"https:\/\/api.w.org\/{rel}","templated":true}]}}