{"id":255738,"date":"2026-04-17T01:49:11","date_gmt":"2026-04-17T07:49:11","guid":{"rendered":"https:\/\/compuviper.mx\/tienda\/producto\/adata-auv150-32g-rrd-memoria-32gb-usb-3-2-uv150-rojo\/"},"modified":"2026-04-17T01:49:11","modified_gmt":"2026-04-17T07:49:11","slug":"adata-auv150-32g-rrd-memoria-32gb-usb-3-2-uv150-rojo","status":"publish","type":"product","link":"https:\/\/compuviper.mx\/tienda\/producto\/adata-auv150-32g-rrd-memoria-32gb-usb-3-2-uv150-rojo\/","title":{"rendered":"Adata Auv150-32g-rrd Memoria  32gb Usb 3.2 Uv150 Rojo ()"},"content":{"rendered":"<table class=\"descripcion\">\n<tr>\n<td>Capacidad  32 gb<\/td>\n<\/tr>\n<tr>\n<td>Color  rojo<\/td>\n<\/tr>\n<tr>\n<td>Dimensiones (l x an x al)  58 x 18 x 10mm (l x an x al)<\/td>\n<\/tr>\n<tr>\n<td>Peso  9g<\/td>\n<\/tr>\n<tr>\n<td>Interfaz  usb 3.2 gen1 (compatible con usb 2.0)<\/td>\n<\/tr>\n<tr>\n<td>Rendimiento (m\u00e1x.)  hasta 100mb\/s lectura1<\/td>\n<\/tr>\n<tr>\n<td>Requisitos del sistema  windows xp, vista, 7, 8, 8.1, 10, mac os x 10.6 o posterior, linux kernel 2.6 o posterior; no se necesita controlador de dispositivo<\/td>\n<\/tr>\n<tr>\n<td>Garant\u00eda  a partir del 1 de enero de 2019, el per\u00edodo de garant\u00eda para uv150 se cambia a 5 a\u00f1os; para los productos uv150 comprados antes del 31 de diciembre de 2018 (incluido), el per\u00edodo de garant\u00eda permanece sin cambios.<\/td>\n<\/tr>\n<tr>\n<td>Nota  1. el rendimiento puede variar dependiendo de las plataformas y las aplicaciones.<\/td>\n<\/tr>\n<tr>\n<td>2. tenga en cuenta que usb 3.0, usb 3.1 gen1 y usb 3.2 gen1 son, de hecho, las mismas especificaciones y ofrecen las mismas capacidades de rendimiento. el foro de implementadores de usb (usb-if) recientemente cambi\u00f3 el nombre de usb 3.1 gen1 a usb 3.2 gen1. para obtener m\u00e1s informaci\u00f3n sobre el cambio, visite el sitio web de usb-if en www.usb.org.<\/td>\n<\/tr>\n<tr>\n<td>* tenga en cuenta que : parte de la capacidad mostrada en un dispositivo de almacenamiento se utiliza para el formateo y otras funciones, por lo que no est\u00e1 disponible para el almacenamiento de datos. como tal, la capacidad disponible real para el almacenamiento de datos es inferior al mostrado en los productos.<\/td>\n<\/tr>\n<\/table>\n","protected":false},"excerpt":{"rendered":"<p>Combina un aspecto cl\u00e1sico con un precio econ\u00f3mico, una interfaz superspeed usb 3.2 y un atractivo exterior perlado. Con colores sorprendentes de escarlata y \u00f3nice reluciente, su dise\u00f1o minimalista y moderno hacen de ella un accesorio de moda y pr\u00e1ctico tanto en la ciudad como fuera. Dise\u00f1o m\u00e1s inteligente, brillante y m\u00f3vil.<\/p>\n","protected":false},"featured_media":255739,"comment_status":"open","ping_status":"open","template":"","meta":[],"product_cat":[1793,1796],"product_tag":[1539],"acf":[],"yoast_head":"<!-- This site is optimized with the Yoast SEO plugin v21.7 - https:\/\/yoast.com\/wordpress\/plugins\/seo\/ -->\n<title>[ Adata ] &#129351; Auv150-32g-rrd Memoria 32gb Usb 3.2 Uv150 Rojo ()<\/title>\n<meta name=\"description\" content=\"Compra Auv150-32g-rrd Memoria 32gb Usb 3.2 Uv150 Rojo () + Env\u00edo a domicilio + Pago seguro + Garant\u00eda\" \/>\n<meta name=\"robots\" content=\"index, follow, max-snippet:-1, max-image-preview:large, max-video-preview:-1\" \/>\n<link rel=\"canonical\" href=\"https:\/\/compuviper.mx\/tienda\/producto\/adata-auv150-32g-rrd-memoria-32gb-usb-3-2-uv150-rojo\/\" \/>\n<meta property=\"og:locale\" content=\"es_MX\" \/>\n<meta property=\"og:type\" content=\"article\" \/>\n<meta property=\"og:title\" content=\"[ Adata ] &#129351; Auv150-32g-rrd Memoria 32gb Usb 3.2 Uv150 Rojo ()\" \/>\n<meta property=\"og:description\" content=\"Compra Auv150-32g-rrd Memoria 32gb Usb 3.2 Uv150 Rojo () + Env\u00edo a domicilio + Pago seguro + Garant\u00eda\" \/>\n<meta property=\"og:url\" content=\"https:\/\/compuviper.mx\/tienda\/producto\/adata-auv150-32g-rrd-memoria-32gb-usb-3-2-uv150-rojo\/\" \/>\n<meta property=\"og:site_name\" content=\"Compuviper\" \/>\n<meta property=\"article:publisher\" content=\"https:\/\/www.facebook.com\/compuviper\" \/>\n<meta property=\"og:image\" content=\"https:\/\/compuviper.mx\/tienda\/wp-content\/uploads\/2025\/07\/Memoria-adata-32gb-usb-3.2-uv150-rojo-auv150-32g-rrd.jpg\" \/>\n\t<meta property=\"og:image:width\" content=\"200\" \/>\n\t<meta property=\"og:image:height\" content=\"200\" \/>\n\t<meta property=\"og:image:type\" content=\"image\/jpeg\" \/>\n<meta name=\"twitter:card\" content=\"summary_large_image\" \/>\n<meta name=\"twitter:label1\" content=\"Precio\" \/>\n\t<meta name=\"twitter:data1\" content=\"&#36;86 con IVA\" \/>\n\t<meta name=\"twitter:label2\" content=\"Availability\" \/>\n\t<meta name=\"twitter:data2\" content=\"In stock\" \/>\n<script type=\"application\/ld+json\" class=\"yoast-schema-graph\">{\"@context\":\"https:\/\/schema.org\",\"@graph\":[{\"@type\":\"WebPage\",\"@id\":\"https:\/\/compuviper.mx\/tienda\/producto\/adata-auv150-32g-rrd-memoria-32gb-usb-3-2-uv150-rojo\/\",\"url\":\"https:\/\/compuviper.mx\/tienda\/producto\/adata-auv150-32g-rrd-memoria-32gb-usb-3-2-uv150-rojo\/\",\"name\":\"[ Adata ] &#129351; Auv150-32g-rrd Memoria 32gb Usb 3.2 Uv150 Rojo ()\",\"isPartOf\":{\"@id\":\"https:\/\/compuviper.mx\/tienda\/#website\"},\"datePublished\":\"2026-04-17T07:49:11+00:00\",\"dateModified\":\"2026-04-17T07:49:11+00:00\",\"description\":\"Compra Auv150-32g-rrd Memoria 32gb Usb 3.2 Uv150 Rojo () + Env\u00edo a domicilio + Pago seguro + Garant\u00eda\",\"breadcrumb\":{\"@id\":\"https:\/\/compuviper.mx\/tienda\/producto\/adata-auv150-32g-rrd-memoria-32gb-usb-3-2-uv150-rojo\/#breadcrumb\"},\"inLanguage\":\"es-MX\",\"potentialAction\":[{\"@type\":\"ReadAction\",\"target\":[\"https:\/\/compuviper.mx\/tienda\/producto\/adata-auv150-32g-rrd-memoria-32gb-usb-3-2-uv150-rojo\/\"]}]},{\"@type\":\"BreadcrumbList\",\"@id\":\"https:\/\/compuviper.mx\/tienda\/producto\/adata-auv150-32g-rrd-memoria-32gb-usb-3-2-uv150-rojo\/#breadcrumb\",\"itemListElement\":[{\"@type\":\"ListItem\",\"position\":1,\"name\":\"Inicio\",\"item\":\"https:\/\/compuviper.mx\/tienda\/\"},{\"@type\":\"ListItem\",\"position\":2,\"name\":\"Productos\",\"item\":\"https:\/\/compuviper.mx\/tienda\/productos\/\"},{\"@type\":\"ListItem\",\"position\":3,\"name\":\"Memorias\",\"item\":\"https:\/\/compuviper.mx\/tienda\/categoria-producto\/memorias\/\"},{\"@type\":\"ListItem\",\"position\":4,\"name\":\"Memoria Flash Usb\",\"item\":\"https:\/\/compuviper.mx\/tienda\/categoria-producto\/memorias\/memoria-flash-usb\/\"},{\"@type\":\"ListItem\",\"position\":5,\"name\":\"Adata Auv150-32g-rrd Memoria 32gb Usb 3.2 Uv150 Rojo ()\"}]},{\"@type\":\"WebSite\",\"@id\":\"https:\/\/compuviper.mx\/tienda\/#website\",\"url\":\"https:\/\/compuviper.mx\/tienda\/\",\"name\":\"Compuviper\",\"description\":\"Proveedor de Computadoras, Laptops, Servidores, Monitores, Puntos de Venta, Teclados,   Impresoras, T\u00f3ner, C\u00e1maras de Seguridad y m\u00e1s en tu tienda en l\u00ednea\",\"publisher\":{\"@id\":\"https:\/\/compuviper.mx\/tienda\/#organization\"},\"potentialAction\":[{\"@type\":\"SearchAction\",\"target\":{\"@type\":\"EntryPoint\",\"urlTemplate\":\"https:\/\/compuviper.mx\/tienda\/?s={search_term_string}\"},\"query-input\":\"required name=search_term_string\"}],\"inLanguage\":\"es-MX\"},{\"@type\":\"Organization\",\"@id\":\"https:\/\/compuviper.mx\/tienda\/#organization\",\"name\":\"Compuviper\",\"url\":\"https:\/\/compuviper.mx\/tienda\/\",\"logo\":{\"@type\":\"ImageObject\",\"inLanguage\":\"es-MX\",\"@id\":\"https:\/\/compuviper.mx\/tienda\/#\/schema\/logo\/image\/\",\"url\":\"https:\/\/compuviper.mx\/tienda\/wp-content\/uploads\/2021\/08\/Logo-Compuviper-10.png\",\"contentUrl\":\"https:\/\/compuviper.mx\/tienda\/wp-content\/uploads\/2021\/08\/Logo-Compuviper-10.png\",\"width\":1000,\"height\":500,\"caption\":\"Compuviper\"},\"image\":{\"@id\":\"https:\/\/compuviper.mx\/tienda\/#\/schema\/logo\/image\/\"},\"sameAs\":[\"https:\/\/www.facebook.com\/compuviper\",\"https:\/\/www.youtube.com\/channel\/UCf73dERp9Y3cfOq7q8BhLjA?view_as=subscriber\"]}]}<\/script>\n<meta property=\"product:brand\" content=\"ADATA\" \/>\n<meta property=\"product:price:amount\" content=\"86\" \/>\n<meta property=\"product:price:currency\" content=\"MXN\" \/>\n<meta property=\"og:availability\" content=\"instock\" \/>\n<meta property=\"product:availability\" content=\"instock\" \/>\n<meta property=\"product:retailer_item_id\" content=\"AUV150-32G-RRD\" \/>\n<meta property=\"product:condition\" content=\"new\" \/>\n<!-- \/ Yoast SEO plugin. -->","yoast_head_json":{"title":"[ Adata ] &#129351; Auv150-32g-rrd Memoria 32gb Usb 3.2 Uv150 Rojo ()","description":"Compra Auv150-32g-rrd Memoria 32gb Usb 3.2 Uv150 Rojo () + Env\u00edo a domicilio + Pago seguro + Garant\u00eda","robots":{"index":"index","follow":"follow","max-snippet":"max-snippet:-1","max-image-preview":"max-image-preview:large","max-video-preview":"max-video-preview:-1"},"canonical":"https:\/\/compuviper.mx\/tienda\/producto\/adata-auv150-32g-rrd-memoria-32gb-usb-3-2-uv150-rojo\/","og_locale":"es_MX","og_type":"article","og_title":"[ Adata ] &#129351; Auv150-32g-rrd Memoria 32gb Usb 3.2 Uv150 Rojo ()","og_description":"Compra Auv150-32g-rrd Memoria 32gb Usb 3.2 Uv150 Rojo () + Env\u00edo a domicilio + Pago seguro + Garant\u00eda","og_url":"https:\/\/compuviper.mx\/tienda\/producto\/adata-auv150-32g-rrd-memoria-32gb-usb-3-2-uv150-rojo\/","og_site_name":"Compuviper","article_publisher":"https:\/\/www.facebook.com\/compuviper","og_image":[{"width":200,"height":200,"url":"https:\/\/compuviper.mx\/tienda\/wp-content\/uploads\/2025\/07\/Memoria-adata-32gb-usb-3.2-uv150-rojo-auv150-32g-rrd.jpg","type":"image\/jpeg"}],"twitter_card":"summary_large_image","twitter_misc":{"Precio":"&#36;86 con IVA","Availability":"In stock"},"schema":{"@context":"https:\/\/schema.org","@graph":[{"@type":"WebPage","@id":"https:\/\/compuviper.mx\/tienda\/producto\/adata-auv150-32g-rrd-memoria-32gb-usb-3-2-uv150-rojo\/","url":"https:\/\/compuviper.mx\/tienda\/producto\/adata-auv150-32g-rrd-memoria-32gb-usb-3-2-uv150-rojo\/","name":"[ Adata ] &#129351; Auv150-32g-rrd Memoria 32gb Usb 3.2 Uv150 Rojo ()","isPartOf":{"@id":"https:\/\/compuviper.mx\/tienda\/#website"},"datePublished":"2026-04-17T07:49:11+00:00","dateModified":"2026-04-17T07:49:11+00:00","description":"Compra Auv150-32g-rrd Memoria 32gb Usb 3.2 Uv150 Rojo () + Env\u00edo a domicilio + Pago seguro + Garant\u00eda","breadcrumb":{"@id":"https:\/\/compuviper.mx\/tienda\/producto\/adata-auv150-32g-rrd-memoria-32gb-usb-3-2-uv150-rojo\/#breadcrumb"},"inLanguage":"es-MX","potentialAction":[{"@type":"ReadAction","target":["https:\/\/compuviper.mx\/tienda\/producto\/adata-auv150-32g-rrd-memoria-32gb-usb-3-2-uv150-rojo\/"]}]},{"@type":"BreadcrumbList","@id":"https:\/\/compuviper.mx\/tienda\/producto\/adata-auv150-32g-rrd-memoria-32gb-usb-3-2-uv150-rojo\/#breadcrumb","itemListElement":[{"@type":"ListItem","position":1,"name":"Inicio","item":"https:\/\/compuviper.mx\/tienda\/"},{"@type":"ListItem","position":2,"name":"Productos","item":"https:\/\/compuviper.mx\/tienda\/productos\/"},{"@type":"ListItem","position":3,"name":"Memorias","item":"https:\/\/compuviper.mx\/tienda\/categoria-producto\/memorias\/"},{"@type":"ListItem","position":4,"name":"Memoria Flash Usb","item":"https:\/\/compuviper.mx\/tienda\/categoria-producto\/memorias\/memoria-flash-usb\/"},{"@type":"ListItem","position":5,"name":"Adata Auv150-32g-rrd Memoria 32gb Usb 3.2 Uv150 Rojo ()"}]},{"@type":"WebSite","@id":"https:\/\/compuviper.mx\/tienda\/#website","url":"https:\/\/compuviper.mx\/tienda\/","name":"Compuviper","description":"Proveedor de Computadoras, Laptops, Servidores, Monitores, Puntos de Venta, Teclados,   Impresoras, T\u00f3ner, C\u00e1maras de Seguridad y m\u00e1s en tu tienda en l\u00ednea","publisher":{"@id":"https:\/\/compuviper.mx\/tienda\/#organization"},"potentialAction":[{"@type":"SearchAction","target":{"@type":"EntryPoint","urlTemplate":"https:\/\/compuviper.mx\/tienda\/?s={search_term_string}"},"query-input":"required name=search_term_string"}],"inLanguage":"es-MX"},{"@type":"Organization","@id":"https:\/\/compuviper.mx\/tienda\/#organization","name":"Compuviper","url":"https:\/\/compuviper.mx\/tienda\/","logo":{"@type":"ImageObject","inLanguage":"es-MX","@id":"https:\/\/compuviper.mx\/tienda\/#\/schema\/logo\/image\/","url":"https:\/\/compuviper.mx\/tienda\/wp-content\/uploads\/2021\/08\/Logo-Compuviper-10.png","contentUrl":"https:\/\/compuviper.mx\/tienda\/wp-content\/uploads\/2021\/08\/Logo-Compuviper-10.png","width":1000,"height":500,"caption":"Compuviper"},"image":{"@id":"https:\/\/compuviper.mx\/tienda\/#\/schema\/logo\/image\/"},"sameAs":["https:\/\/www.facebook.com\/compuviper","https:\/\/www.youtube.com\/channel\/UCf73dERp9Y3cfOq7q8BhLjA?view_as=subscriber"]}]},"product_brand":"ADATA","product_price_amount":"86","product_price_currency":"MXN","og_availability":"instock","product_availability":"instock","product_retailer_item_id":"AUV150-32G-RRD","product_condition":"new"},"_links":{"self":[{"href":"https:\/\/compuviper.mx\/tienda\/wp-json\/wp\/v2\/product\/255738"}],"collection":[{"href":"https:\/\/compuviper.mx\/tienda\/wp-json\/wp\/v2\/product"}],"about":[{"href":"https:\/\/compuviper.mx\/tienda\/wp-json\/wp\/v2\/types\/product"}],"replies":[{"embeddable":true,"href":"https:\/\/compuviper.mx\/tienda\/wp-json\/wp\/v2\/comments?post=255738"}],"wp:featuredmedia":[{"embeddable":true,"href":"https:\/\/compuviper.mx\/tienda\/wp-json\/wp\/v2\/media\/255739"}],"wp:attachment":[{"href":"https:\/\/compuviper.mx\/tienda\/wp-json\/wp\/v2\/media?parent=255738"}],"wp:term":[{"taxonomy":"product_cat","embeddable":true,"href":"https:\/\/compuviper.mx\/tienda\/wp-json\/wp\/v2\/product_cat?post=255738"},{"taxonomy":"product_tag","embeddable":true,"href":"https:\/\/compuviper.mx\/tienda\/wp-json\/wp\/v2\/product_tag?post=255738"}],"curies":[{"name":"wp","href":"https:\/\/api.w.org\/{rel}","templated":true}]}}