{"id":255673,"date":"2026-04-01T23:34:32","date_gmt":"2026-04-02T05:34:32","guid":{"rendered":"https:\/\/compuviper.mx\/tienda\/producto\/balam-rush-br-931434-mousepad-xl-ragnarok-antiderrapante-rgb-usb\/"},"modified":"2026-04-01T23:34:32","modified_gmt":"2026-04-02T05:34:32","slug":"balam-rush-br-931434-mousepad-xl-ragnarok-antiderrapante-rgb-usb","status":"publish","type":"product","link":"https:\/\/compuviper.mx\/tienda\/producto\/balam-rush-br-931434-mousepad-xl-ragnarok-antiderrapante-rgb-usb\/","title":{"rendered":"Balam Rush Br-931434 Mousepad Xl Ragnarok  \/  \/ Antiderrapante \/ Rgb \/ Usb \/"},"content":{"rendered":"<table class=\"descripcion\">\n<tr>\n<td>Material:<\/td>\n<\/tr>\n<tr>\n<td>Caucho (80%), tela(15%), plastico(5%)<\/td>\n<\/tr>\n<tr>\n<td>Superficie: suave<\/td>\n<\/tr>\n<tr>\n<td>Conexion: usb<\/td>\n<\/tr>\n<tr>\n<td>Iluminacion: rgb<\/td>\n<\/tr>\n<tr>\n<td>Alimentacion: 5 vc.c. 1a<\/td>\n<\/tr>\n<tr>\n<td>Consumo: 5 vc.c. 150 ma<\/td>\n<\/tr>\n<tr>\n<td>Dimensiones: 90*0.4*40 cm<\/td>\n<\/tr>\n<tr>\n<td>Peso: 830 g<\/td>\n<\/tr>\n<tr>\n<td>Contenido del empaque:<\/td>\n<\/tr>\n<tr>\n<td>1 mousepad<\/td>\n<\/tr>\n<tr>\n<td>1 cable usb<\/td>\n<\/tr>\n<tr>\n<td>1 poliza de garantia<\/td>\n<\/tr>\n<\/table>\n","protected":false},"excerpt":{"rendered":"<p>Optimizado por tecnolog\u00eda spectrum rgb el ragnarok gaming mousepad te. Otorgara un espacio espectral de movimientos precisos por su tamano xl. Tan grande como tu pasion. Coloca sobre su superficie antiderrapante tus. Dispositivos para optimizarlos y dar tu maximo potencial en cualquier batalla. Controla los diez patrones y modos de luz con solo dar clic desde el centro de. Comandos.De gamer a gamer: \u00bfquien no quiere un mouspad tan poderoso como el. Ragnarok?<\/p>\n","protected":false},"featured_media":257655,"comment_status":"open","ping_status":"open","template":"","meta":[],"product_cat":[1485,2303],"product_tag":[2097],"acf":[],"yoast_head":"<!-- This site is optimized with the Yoast SEO plugin v21.7 - https:\/\/yoast.com\/wordpress\/plugins\/seo\/ -->\n<title>[ Balam Rush ] &#129351; Br-931434 Mousepad Xl Ragnarok \/ \/ Antiderrapante \/ Rgb \/ Usb \/<\/title>\n<meta name=\"description\" content=\"Compra Br-931434 Mousepad Xl Ragnarok \/ \/ Antiderrapante \/ Rgb \/ Usb \/ + Env\u00edo a domicilio + Pago seguro + Garant\u00eda\" \/>\n<meta name=\"robots\" content=\"index, follow, max-snippet:-1, max-image-preview:large, max-video-preview:-1\" \/>\n<link rel=\"canonical\" href=\"https:\/\/compuviper.mx\/tienda\/producto\/balam-rush-br-931434-mousepad-xl-ragnarok-antiderrapante-rgb-usb\/\" \/>\n<meta property=\"og:locale\" content=\"es_MX\" \/>\n<meta property=\"og:type\" content=\"article\" \/>\n<meta property=\"og:title\" content=\"[ Balam Rush ] &#129351; Br-931434 Mousepad Xl Ragnarok \/ \/ Antiderrapante \/ Rgb \/ Usb \/\" \/>\n<meta property=\"og:description\" content=\"Compra Br-931434 Mousepad Xl Ragnarok \/ \/ Antiderrapante \/ Rgb \/ Usb \/ + Env\u00edo a domicilio + Pago seguro + Garant\u00eda\" \/>\n<meta property=\"og:url\" content=\"https:\/\/compuviper.mx\/tienda\/producto\/balam-rush-br-931434-mousepad-xl-ragnarok-antiderrapante-rgb-usb\/\" \/>\n<meta property=\"og:site_name\" content=\"Compuviper\" \/>\n<meta property=\"article:publisher\" content=\"https:\/\/www.facebook.com\/compuviper\" \/>\n<meta property=\"og:image\" content=\"https:\/\/compuviper.mx\/tienda\/wp-content\/uploads\/2025\/09\/Mousepad-xl-ragnarok-balam-rush-br-931434-antiderrapante-rgb-usb.jpg\" \/>\n\t<meta property=\"og:image:width\" content=\"200\" \/>\n\t<meta property=\"og:image:height\" content=\"200\" \/>\n\t<meta property=\"og:image:type\" content=\"image\/jpeg\" \/>\n<meta name=\"twitter:card\" content=\"summary_large_image\" \/>\n<meta name=\"twitter:label1\" content=\"Precio\" \/>\n\t<meta name=\"twitter:data1\" content=\"&#36;318 con IVA\" \/>\n\t<meta name=\"twitter:label2\" content=\"Availability\" \/>\n\t<meta name=\"twitter:data2\" content=\"In stock\" \/>\n<script type=\"application\/ld+json\" class=\"yoast-schema-graph\">{\"@context\":\"https:\/\/schema.org\",\"@graph\":[{\"@type\":\"WebPage\",\"@id\":\"https:\/\/compuviper.mx\/tienda\/producto\/balam-rush-br-931434-mousepad-xl-ragnarok-antiderrapante-rgb-usb\/\",\"url\":\"https:\/\/compuviper.mx\/tienda\/producto\/balam-rush-br-931434-mousepad-xl-ragnarok-antiderrapante-rgb-usb\/\",\"name\":\"[ Balam Rush ] &#129351; Br-931434 Mousepad Xl Ragnarok \/ \/ Antiderrapante \/ Rgb \/ Usb \/\",\"isPartOf\":{\"@id\":\"https:\/\/compuviper.mx\/tienda\/#website\"},\"datePublished\":\"2026-04-02T05:34:32+00:00\",\"dateModified\":\"2026-04-02T05:34:32+00:00\",\"description\":\"Compra Br-931434 Mousepad Xl Ragnarok \/ \/ Antiderrapante \/ Rgb \/ Usb \/ + Env\u00edo a domicilio + Pago seguro + Garant\u00eda\",\"breadcrumb\":{\"@id\":\"https:\/\/compuviper.mx\/tienda\/producto\/balam-rush-br-931434-mousepad-xl-ragnarok-antiderrapante-rgb-usb\/#breadcrumb\"},\"inLanguage\":\"es-MX\",\"potentialAction\":[{\"@type\":\"ReadAction\",\"target\":[\"https:\/\/compuviper.mx\/tienda\/producto\/balam-rush-br-931434-mousepad-xl-ragnarok-antiderrapante-rgb-usb\/\"]}]},{\"@type\":\"BreadcrumbList\",\"@id\":\"https:\/\/compuviper.mx\/tienda\/producto\/balam-rush-br-931434-mousepad-xl-ragnarok-antiderrapante-rgb-usb\/#breadcrumb\",\"itemListElement\":[{\"@type\":\"ListItem\",\"position\":1,\"name\":\"Inicio\",\"item\":\"https:\/\/compuviper.mx\/tienda\/\"},{\"@type\":\"ListItem\",\"position\":2,\"name\":\"Productos\",\"item\":\"https:\/\/compuviper.mx\/tienda\/productos\/\"},{\"@type\":\"ListItem\",\"position\":3,\"name\":\"Accesorios\",\"item\":\"https:\/\/compuviper.mx\/tienda\/categoria-producto\/accesorios\/\"},{\"@type\":\"ListItem\",\"position\":4,\"name\":\"Mouse Pads\",\"item\":\"https:\/\/compuviper.mx\/tienda\/categoria-producto\/accesorios\/mouse-pads\/\"},{\"@type\":\"ListItem\",\"position\":5,\"name\":\"Balam Rush Br-931434 Mousepad Xl Ragnarok \/ \/ Antiderrapante \/ Rgb \/ Usb \/\"}]},{\"@type\":\"WebSite\",\"@id\":\"https:\/\/compuviper.mx\/tienda\/#website\",\"url\":\"https:\/\/compuviper.mx\/tienda\/\",\"name\":\"Compuviper\",\"description\":\"Proveedor de Computadoras, Laptops, Servidores, Monitores, Puntos de Venta, Teclados,   Impresoras, T\u00f3ner, C\u00e1maras de Seguridad y m\u00e1s en tu tienda en l\u00ednea\",\"publisher\":{\"@id\":\"https:\/\/compuviper.mx\/tienda\/#organization\"},\"potentialAction\":[{\"@type\":\"SearchAction\",\"target\":{\"@type\":\"EntryPoint\",\"urlTemplate\":\"https:\/\/compuviper.mx\/tienda\/?s={search_term_string}\"},\"query-input\":\"required name=search_term_string\"}],\"inLanguage\":\"es-MX\"},{\"@type\":\"Organization\",\"@id\":\"https:\/\/compuviper.mx\/tienda\/#organization\",\"name\":\"Compuviper\",\"url\":\"https:\/\/compuviper.mx\/tienda\/\",\"logo\":{\"@type\":\"ImageObject\",\"inLanguage\":\"es-MX\",\"@id\":\"https:\/\/compuviper.mx\/tienda\/#\/schema\/logo\/image\/\",\"url\":\"https:\/\/compuviper.mx\/tienda\/wp-content\/uploads\/2021\/08\/Logo-Compuviper-10.png\",\"contentUrl\":\"https:\/\/compuviper.mx\/tienda\/wp-content\/uploads\/2021\/08\/Logo-Compuviper-10.png\",\"width\":1000,\"height\":500,\"caption\":\"Compuviper\"},\"image\":{\"@id\":\"https:\/\/compuviper.mx\/tienda\/#\/schema\/logo\/image\/\"},\"sameAs\":[\"https:\/\/www.facebook.com\/compuviper\",\"https:\/\/www.youtube.com\/channel\/UCf73dERp9Y3cfOq7q8BhLjA?view_as=subscriber\"]}]}<\/script>\n<meta property=\"product:brand\" content=\"Balam Rush\" \/>\n<meta property=\"product:price:amount\" content=\"318\" \/>\n<meta property=\"product:price:currency\" content=\"MXN\" \/>\n<meta property=\"og:availability\" content=\"instock\" \/>\n<meta property=\"product:availability\" content=\"instock\" \/>\n<meta property=\"product:retailer_item_id\" content=\"BR-931434\" \/>\n<meta property=\"product:condition\" content=\"new\" \/>\n<!-- \/ Yoast SEO plugin. -->","yoast_head_json":{"title":"[ Balam Rush ] &#129351; Br-931434 Mousepad Xl Ragnarok \/ \/ Antiderrapante \/ Rgb \/ Usb \/","description":"Compra Br-931434 Mousepad Xl Ragnarok \/ \/ Antiderrapante \/ Rgb \/ Usb \/ + Env\u00edo a domicilio + Pago seguro + Garant\u00eda","robots":{"index":"index","follow":"follow","max-snippet":"max-snippet:-1","max-image-preview":"max-image-preview:large","max-video-preview":"max-video-preview:-1"},"canonical":"https:\/\/compuviper.mx\/tienda\/producto\/balam-rush-br-931434-mousepad-xl-ragnarok-antiderrapante-rgb-usb\/","og_locale":"es_MX","og_type":"article","og_title":"[ Balam Rush ] &#129351; Br-931434 Mousepad Xl Ragnarok \/ \/ Antiderrapante \/ Rgb \/ Usb \/","og_description":"Compra Br-931434 Mousepad Xl Ragnarok \/ \/ Antiderrapante \/ Rgb \/ Usb \/ + Env\u00edo a domicilio + Pago seguro + Garant\u00eda","og_url":"https:\/\/compuviper.mx\/tienda\/producto\/balam-rush-br-931434-mousepad-xl-ragnarok-antiderrapante-rgb-usb\/","og_site_name":"Compuviper","article_publisher":"https:\/\/www.facebook.com\/compuviper","og_image":[{"width":200,"height":200,"url":"https:\/\/compuviper.mx\/tienda\/wp-content\/uploads\/2025\/09\/Mousepad-xl-ragnarok-balam-rush-br-931434-antiderrapante-rgb-usb.jpg","type":"image\/jpeg"}],"twitter_card":"summary_large_image","twitter_misc":{"Precio":"&#36;318 con IVA","Availability":"In stock"},"schema":{"@context":"https:\/\/schema.org","@graph":[{"@type":"WebPage","@id":"https:\/\/compuviper.mx\/tienda\/producto\/balam-rush-br-931434-mousepad-xl-ragnarok-antiderrapante-rgb-usb\/","url":"https:\/\/compuviper.mx\/tienda\/producto\/balam-rush-br-931434-mousepad-xl-ragnarok-antiderrapante-rgb-usb\/","name":"[ Balam Rush ] &#129351; Br-931434 Mousepad Xl Ragnarok \/ \/ Antiderrapante \/ Rgb \/ Usb \/","isPartOf":{"@id":"https:\/\/compuviper.mx\/tienda\/#website"},"datePublished":"2026-04-02T05:34:32+00:00","dateModified":"2026-04-02T05:34:32+00:00","description":"Compra Br-931434 Mousepad Xl Ragnarok \/ \/ Antiderrapante \/ Rgb \/ Usb \/ + Env\u00edo a domicilio + Pago seguro + Garant\u00eda","breadcrumb":{"@id":"https:\/\/compuviper.mx\/tienda\/producto\/balam-rush-br-931434-mousepad-xl-ragnarok-antiderrapante-rgb-usb\/#breadcrumb"},"inLanguage":"es-MX","potentialAction":[{"@type":"ReadAction","target":["https:\/\/compuviper.mx\/tienda\/producto\/balam-rush-br-931434-mousepad-xl-ragnarok-antiderrapante-rgb-usb\/"]}]},{"@type":"BreadcrumbList","@id":"https:\/\/compuviper.mx\/tienda\/producto\/balam-rush-br-931434-mousepad-xl-ragnarok-antiderrapante-rgb-usb\/#breadcrumb","itemListElement":[{"@type":"ListItem","position":1,"name":"Inicio","item":"https:\/\/compuviper.mx\/tienda\/"},{"@type":"ListItem","position":2,"name":"Productos","item":"https:\/\/compuviper.mx\/tienda\/productos\/"},{"@type":"ListItem","position":3,"name":"Accesorios","item":"https:\/\/compuviper.mx\/tienda\/categoria-producto\/accesorios\/"},{"@type":"ListItem","position":4,"name":"Mouse Pads","item":"https:\/\/compuviper.mx\/tienda\/categoria-producto\/accesorios\/mouse-pads\/"},{"@type":"ListItem","position":5,"name":"Balam Rush Br-931434 Mousepad Xl Ragnarok \/ \/ Antiderrapante \/ Rgb \/ Usb \/"}]},{"@type":"WebSite","@id":"https:\/\/compuviper.mx\/tienda\/#website","url":"https:\/\/compuviper.mx\/tienda\/","name":"Compuviper","description":"Proveedor de Computadoras, Laptops, Servidores, Monitores, Puntos de Venta, Teclados,   Impresoras, T\u00f3ner, C\u00e1maras de Seguridad y m\u00e1s en tu tienda en l\u00ednea","publisher":{"@id":"https:\/\/compuviper.mx\/tienda\/#organization"},"potentialAction":[{"@type":"SearchAction","target":{"@type":"EntryPoint","urlTemplate":"https:\/\/compuviper.mx\/tienda\/?s={search_term_string}"},"query-input":"required name=search_term_string"}],"inLanguage":"es-MX"},{"@type":"Organization","@id":"https:\/\/compuviper.mx\/tienda\/#organization","name":"Compuviper","url":"https:\/\/compuviper.mx\/tienda\/","logo":{"@type":"ImageObject","inLanguage":"es-MX","@id":"https:\/\/compuviper.mx\/tienda\/#\/schema\/logo\/image\/","url":"https:\/\/compuviper.mx\/tienda\/wp-content\/uploads\/2021\/08\/Logo-Compuviper-10.png","contentUrl":"https:\/\/compuviper.mx\/tienda\/wp-content\/uploads\/2021\/08\/Logo-Compuviper-10.png","width":1000,"height":500,"caption":"Compuviper"},"image":{"@id":"https:\/\/compuviper.mx\/tienda\/#\/schema\/logo\/image\/"},"sameAs":["https:\/\/www.facebook.com\/compuviper","https:\/\/www.youtube.com\/channel\/UCf73dERp9Y3cfOq7q8BhLjA?view_as=subscriber"]}]},"product_brand":"Balam Rush","product_price_amount":"318","product_price_currency":"MXN","og_availability":"instock","product_availability":"instock","product_retailer_item_id":"BR-931434","product_condition":"new"},"_links":{"self":[{"href":"https:\/\/compuviper.mx\/tienda\/wp-json\/wp\/v2\/product\/255673"}],"collection":[{"href":"https:\/\/compuviper.mx\/tienda\/wp-json\/wp\/v2\/product"}],"about":[{"href":"https:\/\/compuviper.mx\/tienda\/wp-json\/wp\/v2\/types\/product"}],"replies":[{"embeddable":true,"href":"https:\/\/compuviper.mx\/tienda\/wp-json\/wp\/v2\/comments?post=255673"}],"wp:featuredmedia":[{"embeddable":true,"href":"https:\/\/compuviper.mx\/tienda\/wp-json\/wp\/v2\/media\/257655"}],"wp:attachment":[{"href":"https:\/\/compuviper.mx\/tienda\/wp-json\/wp\/v2\/media?parent=255673"}],"wp:term":[{"taxonomy":"product_cat","embeddable":true,"href":"https:\/\/compuviper.mx\/tienda\/wp-json\/wp\/v2\/product_cat?post=255673"},{"taxonomy":"product_tag","embeddable":true,"href":"https:\/\/compuviper.mx\/tienda\/wp-json\/wp\/v2\/product_tag?post=255673"}],"curies":[{"name":"wp","href":"https:\/\/api.w.org\/{rel}","templated":true}]}}