{"id":255371,"date":"2026-04-11T01:39:08","date_gmt":"2026-04-11T07:39:08","guid":{"rendered":"https:\/\/compuviper.mx\/tienda\/producto\/ghia-gpos315-terminal-punto-de-venta-a-all-in-one-touch-screen-15-6-pulgadas-capacitiva-intel-celeron-j4125-quad-core-2-ghz-ram-4-gb-rom-128-gb-vga-com-usb-x-4-windows-11-negr\/"},"modified":"2026-04-11T01:39:09","modified_gmt":"2026-04-11T07:39:09","slug":"ghia-gpos315-terminal-punto-de-venta-a-all-in-one-touch-screen-15-6-pulgadas-capacitiva-intel-celeron-j4125-quad-core-2-ghz-ram-4-gb-rom-128-gb-vga-com-usb-x-4-windows-11-negr","status":"publish","type":"product","link":"https:\/\/compuviper.mx\/tienda\/producto\/ghia-gpos315-terminal-punto-de-venta-a-all-in-one-touch-screen-15-6-pulgadas-capacitiva-intel-celeron-j4125-quad-core-2-ghz-ram-4-gb-rom-128-gb-vga-com-usb-x-4-windows-11-negr\/","title":{"rendered":"Ghia Gpos315 Terminal Punto De Venta  A \/ All In One \/ Touch Screen \/ 15.6 Pulgadas \/ Capacitiva \/ Intel Celeron J4125, Quad Core, 2 Ghz \/ Ram 4 Gb \/ Rom 128 Gb \/ Vga, Com, Usb X 4 \/ Windows 11 \/ Negro"},"content":{"rendered":"<table class=\"descripcion\">\n<tr>\n<td>Modelo: gpos315 \/\/<\/td>\n<\/tr>\n<tr>\n<td>Procesador: intel celeron j4125 quad core 2 ghz \/\/<\/td>\n<\/tr>\n<tr>\n<td>Panel: 15.6 pulgadas \/\/<\/td>\n<\/tr>\n<tr>\n<td>Pantalla tactil: capacitiva \/\/<\/td>\n<\/tr>\n<tr>\n<td>Resolucion: 1366 x 768 \/\/<\/td>\n<\/tr>\n<tr>\n<td>Puertos:<\/td>\n<\/tr>\n<tr>\n<td>4 puertos usb<\/td>\n<\/tr>\n<tr>\n<td>1 puerto com<\/td>\n<\/tr>\n<tr>\n<td>1 puerto vga de salida de video<\/td>\n<\/tr>\n<tr>\n<td>Ram: sodimm 4gb ddr4l \/\/<\/td>\n<\/tr>\n<tr>\n<td>Almacenamiento: 128 msata \/\/<\/td>\n<\/tr>\n<tr>\n<td>Alimentacion: \/\/<\/td>\n<\/tr>\n<tr>\n<td>Entrada 100v ca &#8211; 240v ca 50 hz \/ 60hz 1.5a \/\/<\/td>\n<\/tr>\n<tr>\n<td>Salida: 12v cc 5a \/\/<\/td>\n<\/tr>\n<tr>\n<td>\/\/<\/td>\n<\/tr>\n<tr>\n<td>\/\/<\/td>\n<\/tr>\n<tr>\n<td>\/\/<\/td>\n<\/tr>\n<tr>\n<td>\/\/<\/td>\n<\/tr>\n<tr>\n<td>\/\/<\/td>\n<\/tr>\n<tr>\n<td>\/\/<\/td>\n<\/tr>\n<tr>\n<td>\/\/<\/td>\n<\/tr>\n<tr>\n<td>\/\/<\/td>\n<\/tr>\n<tr>\n<td>Sistema operativo: windows 11 pro<\/td>\n<\/tr>\n<\/table>\n","protected":false},"excerpt":{"rendered":"<p>Ahorra espacio y moderniza tu negocio con la terminal pos all in one ghia. Fabricada con pantalla t\u00e1cti capacitiva y lector de banda magn\u00e9tica que agilizan y facilitan tus cobros. Despreoc\u00fapate del clima de tu negocio, ya que su pantalla est\u00e1 sellada contra polvo, tierra y l\u00edquidos. Para complementar la caja de cobro de tu negocio, puedes agregar una impresora de tickets de la l\u00ednea de punto de venta ghia.<\/p>\n","protected":false},"featured_media":255372,"comment_status":"open","ping_status":"open","template":"","meta":[],"product_cat":[1532,1533],"product_tag":[1548],"acf":[],"yoast_head":"<!-- This site is optimized with the Yoast SEO plugin v21.7 - https:\/\/yoast.com\/wordpress\/plugins\/seo\/ -->\n<title>[ Ghia ] &#129351; Gpos315 Terminal Punto De Venta A \/ All In One \/ Touch Screen \/ 15.6 Pulgadas \/ Capacitiva \/ Intel Celeron J4125, Quad Core, 2 Ghz \/ Ram 4 Gb \/ Rom 128 Gb \/ Vga, Com, Usb X 4 \/ Windows 11 \/ Negro<\/title>\n<meta name=\"description\" content=\"Compra Gpos315 Terminal Punto De Venta A \/ All In One \/ Touch Screen \/ 15.6 Pulgadas \/ Capacitiva \/ Intel Celeron J4125, Quad Core, 2 Ghz \/ Ram 4 Gb \/ Rom 128 Gb \/ Vga, Com, Usb X 4 \/ Windows 11 \/ Negro + Env\u00edo a domicilio + Pago seguro + Garant\u00eda\" \/>\n<meta name=\"robots\" content=\"index, follow, max-snippet:-1, max-image-preview:large, max-video-preview:-1\" \/>\n<link rel=\"canonical\" href=\"https:\/\/compuviper.mx\/tienda\/producto\/ghia-gpos315-terminal-punto-de-venta-a-all-in-one-touch-screen-15-6-pulgadas-capacitiva-intel-celeron-j4125-quad-core-2-ghz-ram-4-gb-rom-128-gb-vga-com-usb-x-4-windows-11-negr\/\" \/>\n<meta property=\"og:locale\" content=\"es_MX\" \/>\n<meta property=\"og:type\" content=\"article\" \/>\n<meta property=\"og:title\" content=\"[ Ghia ] &#129351; Gpos315 Terminal Punto De Venta A \/ All In One \/ Touch Screen \/ 15.6 Pulgadas \/ Capacitiva \/ Intel Celeron J4125, Quad Core, 2 Ghz \/ Ram 4 Gb \/ Rom 128 Gb \/ Vga, Com, Usb X 4 \/ Windows 11 \/ Negro\" \/>\n<meta property=\"og:description\" content=\"Compra Gpos315 Terminal Punto De Venta A \/ All In One \/ Touch Screen \/ 15.6 Pulgadas \/ Capacitiva \/ Intel Celeron J4125, Quad Core, 2 Ghz \/ Ram 4 Gb \/ Rom 128 Gb \/ Vga, Com, Usb X 4 \/ Windows 11 \/ Negro + Env\u00edo a domicilio + Pago seguro + Garant\u00eda\" \/>\n<meta property=\"og:url\" content=\"https:\/\/compuviper.mx\/tienda\/producto\/ghia-gpos315-terminal-punto-de-venta-a-all-in-one-touch-screen-15-6-pulgadas-capacitiva-intel-celeron-j4125-quad-core-2-ghz-ram-4-gb-rom-128-gb-vga-com-usb-x-4-windows-11-negr\/\" \/>\n<meta property=\"og:site_name\" content=\"Compuviper\" \/>\n<meta property=\"article:publisher\" content=\"https:\/\/www.facebook.com\/compuviper\" \/>\n<meta property=\"article:modified_time\" content=\"2026-04-11T07:39:09+00:00\" \/>\n<meta property=\"og:image\" content=\"https:\/\/compuviper.mx\/tienda\/wp-content\/uploads\/2025\/07\/Terminal-punto-de-venta-ghia-gpos315a-all-in-one-touch-screen-15.6-pulgadas-capacitiva-intel-celeron-j4125-quad-core-2-ghz-ram-4-gb-rom-128-gb-vga-com-usb-x-4-windows-11-negro.jpg\" \/>\n\t<meta property=\"og:image:width\" content=\"200\" \/>\n\t<meta property=\"og:image:height\" content=\"200\" \/>\n\t<meta property=\"og:image:type\" content=\"image\/jpeg\" \/>\n<meta name=\"twitter:card\" content=\"summary_large_image\" \/>\n<meta name=\"twitter:label1\" content=\"Precio\" \/>\n\t<meta name=\"twitter:data1\" content=\"&#36;10,008 con IVA\" \/>\n\t<meta name=\"twitter:label2\" content=\"Availability\" \/>\n\t<meta name=\"twitter:data2\" content=\"In stock\" \/>\n<script type=\"application\/ld+json\" class=\"yoast-schema-graph\">{\"@context\":\"https:\/\/schema.org\",\"@graph\":[{\"@type\":\"WebPage\",\"@id\":\"https:\/\/compuviper.mx\/tienda\/producto\/ghia-gpos315-terminal-punto-de-venta-a-all-in-one-touch-screen-15-6-pulgadas-capacitiva-intel-celeron-j4125-quad-core-2-ghz-ram-4-gb-rom-128-gb-vga-com-usb-x-4-windows-11-negr\/\",\"url\":\"https:\/\/compuviper.mx\/tienda\/producto\/ghia-gpos315-terminal-punto-de-venta-a-all-in-one-touch-screen-15-6-pulgadas-capacitiva-intel-celeron-j4125-quad-core-2-ghz-ram-4-gb-rom-128-gb-vga-com-usb-x-4-windows-11-negr\/\",\"name\":\"[ Ghia ] &#129351; Gpos315 Terminal Punto De Venta A \/ All In One \/ Touch Screen \/ 15.6 Pulgadas \/ Capacitiva \/ Intel Celeron J4125, Quad Core, 2 Ghz \/ Ram 4 Gb \/ Rom 128 Gb \/ Vga, Com, Usb X 4 \/ Windows 11 \/ Negro\",\"isPartOf\":{\"@id\":\"https:\/\/compuviper.mx\/tienda\/#website\"},\"datePublished\":\"2026-04-11T07:39:08+00:00\",\"dateModified\":\"2026-04-11T07:39:09+00:00\",\"description\":\"Compra Gpos315 Terminal Punto De Venta A \/ All In One \/ Touch Screen \/ 15.6 Pulgadas \/ Capacitiva \/ Intel Celeron J4125, Quad Core, 2 Ghz \/ Ram 4 Gb \/ Rom 128 Gb \/ Vga, Com, Usb X 4 \/ Windows 11 \/ Negro + Env\u00edo a domicilio + Pago seguro + Garant\u00eda\",\"breadcrumb\":{\"@id\":\"https:\/\/compuviper.mx\/tienda\/producto\/ghia-gpos315-terminal-punto-de-venta-a-all-in-one-touch-screen-15-6-pulgadas-capacitiva-intel-celeron-j4125-quad-core-2-ghz-ram-4-gb-rom-128-gb-vga-com-usb-x-4-windows-11-negr\/#breadcrumb\"},\"inLanguage\":\"es-MX\",\"potentialAction\":[{\"@type\":\"ReadAction\",\"target\":[\"https:\/\/compuviper.mx\/tienda\/producto\/ghia-gpos315-terminal-punto-de-venta-a-all-in-one-touch-screen-15-6-pulgadas-capacitiva-intel-celeron-j4125-quad-core-2-ghz-ram-4-gb-rom-128-gb-vga-com-usb-x-4-windows-11-negr\/\"]}]},{\"@type\":\"BreadcrumbList\",\"@id\":\"https:\/\/compuviper.mx\/tienda\/producto\/ghia-gpos315-terminal-punto-de-venta-a-all-in-one-touch-screen-15-6-pulgadas-capacitiva-intel-celeron-j4125-quad-core-2-ghz-ram-4-gb-rom-128-gb-vga-com-usb-x-4-windows-11-negr\/#breadcrumb\",\"itemListElement\":[{\"@type\":\"ListItem\",\"position\":1,\"name\":\"Inicio\",\"item\":\"https:\/\/compuviper.mx\/tienda\/\"},{\"@type\":\"ListItem\",\"position\":2,\"name\":\"Productos\",\"item\":\"https:\/\/compuviper.mx\/tienda\/productos\/\"},{\"@type\":\"ListItem\",\"position\":3,\"name\":\"Terminal Pos\",\"item\":\"https:\/\/compuviper.mx\/tienda\/categoria-producto\/terminal-pos\/\"},{\"@type\":\"ListItem\",\"position\":4,\"name\":\"Sin Categor\u00eda\",\"item\":\"https:\/\/compuviper.mx\/tienda\/categoria-producto\/terminal-pos\/sin-categoria-terminal-pos\/\"},{\"@type\":\"ListItem\",\"position\":5,\"name\":\"Ghia Gpos315 Terminal Punto De Venta A \/ All In One \/ Touch Screen \/ 15.6 Pulgadas \/ Capacitiva \/ Intel Celeron J4125, Quad Core, 2 Ghz \/ Ram 4 Gb \/ Rom 128 Gb \/ Vga, Com, Usb X 4 \/ Windows 11 \/ Negro\"}]},{\"@type\":\"WebSite\",\"@id\":\"https:\/\/compuviper.mx\/tienda\/#website\",\"url\":\"https:\/\/compuviper.mx\/tienda\/\",\"name\":\"Compuviper\",\"description\":\"Proveedor de Computadoras, Laptops, Servidores, Monitores, Puntos de Venta, Teclados,   Impresoras, T\u00f3ner, C\u00e1maras de Seguridad y m\u00e1s en tu tienda en l\u00ednea\",\"publisher\":{\"@id\":\"https:\/\/compuviper.mx\/tienda\/#organization\"},\"potentialAction\":[{\"@type\":\"SearchAction\",\"target\":{\"@type\":\"EntryPoint\",\"urlTemplate\":\"https:\/\/compuviper.mx\/tienda\/?s={search_term_string}\"},\"query-input\":\"required name=search_term_string\"}],\"inLanguage\":\"es-MX\"},{\"@type\":\"Organization\",\"@id\":\"https:\/\/compuviper.mx\/tienda\/#organization\",\"name\":\"Compuviper\",\"url\":\"https:\/\/compuviper.mx\/tienda\/\",\"logo\":{\"@type\":\"ImageObject\",\"inLanguage\":\"es-MX\",\"@id\":\"https:\/\/compuviper.mx\/tienda\/#\/schema\/logo\/image\/\",\"url\":\"https:\/\/compuviper.mx\/tienda\/wp-content\/uploads\/2021\/08\/Logo-Compuviper-10.png\",\"contentUrl\":\"https:\/\/compuviper.mx\/tienda\/wp-content\/uploads\/2021\/08\/Logo-Compuviper-10.png\",\"width\":1000,\"height\":500,\"caption\":\"Compuviper\"},\"image\":{\"@id\":\"https:\/\/compuviper.mx\/tienda\/#\/schema\/logo\/image\/\"},\"sameAs\":[\"https:\/\/www.facebook.com\/compuviper\",\"https:\/\/www.youtube.com\/channel\/UCf73dERp9Y3cfOq7q8BhLjA?view_as=subscriber\"]}]}<\/script>\n<meta property=\"product:brand\" content=\"GHIA\" \/>\n<meta property=\"product:price:amount\" content=\"10008\" \/>\n<meta property=\"product:price:currency\" content=\"MXN\" \/>\n<meta property=\"og:availability\" content=\"instock\" \/>\n<meta property=\"product:availability\" content=\"instock\" \/>\n<meta property=\"product:retailer_item_id\" content=\"GPOS315\" \/>\n<meta property=\"product:condition\" content=\"new\" \/>\n<!-- \/ Yoast SEO plugin. -->","yoast_head_json":{"title":"[ Ghia ] &#129351; Gpos315 Terminal Punto De Venta A \/ All In One \/ Touch Screen \/ 15.6 Pulgadas \/ Capacitiva \/ Intel Celeron J4125, Quad Core, 2 Ghz \/ Ram 4 Gb \/ Rom 128 Gb \/ Vga, Com, Usb X 4 \/ Windows 11 \/ Negro","description":"Compra Gpos315 Terminal Punto De Venta A \/ All In One \/ Touch Screen \/ 15.6 Pulgadas \/ Capacitiva \/ Intel Celeron J4125, Quad Core, 2 Ghz \/ Ram 4 Gb \/ Rom 128 Gb \/ Vga, Com, Usb X 4 \/ Windows 11 \/ Negro + Env\u00edo a domicilio + Pago seguro + Garant\u00eda","robots":{"index":"index","follow":"follow","max-snippet":"max-snippet:-1","max-image-preview":"max-image-preview:large","max-video-preview":"max-video-preview:-1"},"canonical":"https:\/\/compuviper.mx\/tienda\/producto\/ghia-gpos315-terminal-punto-de-venta-a-all-in-one-touch-screen-15-6-pulgadas-capacitiva-intel-celeron-j4125-quad-core-2-ghz-ram-4-gb-rom-128-gb-vga-com-usb-x-4-windows-11-negr\/","og_locale":"es_MX","og_type":"article","og_title":"[ Ghia ] &#129351; Gpos315 Terminal Punto De Venta A \/ All In One \/ Touch Screen \/ 15.6 Pulgadas \/ Capacitiva \/ Intel Celeron J4125, Quad Core, 2 Ghz \/ Ram 4 Gb \/ Rom 128 Gb \/ Vga, Com, Usb X 4 \/ Windows 11 \/ Negro","og_description":"Compra Gpos315 Terminal Punto De Venta A \/ All In One \/ Touch Screen \/ 15.6 Pulgadas \/ Capacitiva \/ Intel Celeron J4125, Quad Core, 2 Ghz \/ Ram 4 Gb \/ Rom 128 Gb \/ Vga, Com, Usb X 4 \/ Windows 11 \/ Negro + Env\u00edo a domicilio + Pago seguro + Garant\u00eda","og_url":"https:\/\/compuviper.mx\/tienda\/producto\/ghia-gpos315-terminal-punto-de-venta-a-all-in-one-touch-screen-15-6-pulgadas-capacitiva-intel-celeron-j4125-quad-core-2-ghz-ram-4-gb-rom-128-gb-vga-com-usb-x-4-windows-11-negr\/","og_site_name":"Compuviper","article_publisher":"https:\/\/www.facebook.com\/compuviper","article_modified_time":"2026-04-11T07:39:09+00:00","og_image":[{"width":200,"height":200,"url":"https:\/\/compuviper.mx\/tienda\/wp-content\/uploads\/2025\/07\/Terminal-punto-de-venta-ghia-gpos315a-all-in-one-touch-screen-15.6-pulgadas-capacitiva-intel-celeron-j4125-quad-core-2-ghz-ram-4-gb-rom-128-gb-vga-com-usb-x-4-windows-11-negro.jpg","type":"image\/jpeg"}],"twitter_card":"summary_large_image","twitter_misc":{"Precio":"&#36;10,008 con IVA","Availability":"In stock"},"schema":{"@context":"https:\/\/schema.org","@graph":[{"@type":"WebPage","@id":"https:\/\/compuviper.mx\/tienda\/producto\/ghia-gpos315-terminal-punto-de-venta-a-all-in-one-touch-screen-15-6-pulgadas-capacitiva-intel-celeron-j4125-quad-core-2-ghz-ram-4-gb-rom-128-gb-vga-com-usb-x-4-windows-11-negr\/","url":"https:\/\/compuviper.mx\/tienda\/producto\/ghia-gpos315-terminal-punto-de-venta-a-all-in-one-touch-screen-15-6-pulgadas-capacitiva-intel-celeron-j4125-quad-core-2-ghz-ram-4-gb-rom-128-gb-vga-com-usb-x-4-windows-11-negr\/","name":"[ Ghia ] &#129351; Gpos315 Terminal Punto De Venta A \/ All In One \/ Touch Screen \/ 15.6 Pulgadas \/ Capacitiva \/ Intel Celeron J4125, Quad Core, 2 Ghz \/ Ram 4 Gb \/ Rom 128 Gb \/ Vga, Com, Usb X 4 \/ Windows 11 \/ Negro","isPartOf":{"@id":"https:\/\/compuviper.mx\/tienda\/#website"},"datePublished":"2026-04-11T07:39:08+00:00","dateModified":"2026-04-11T07:39:09+00:00","description":"Compra Gpos315 Terminal Punto De Venta A \/ All In One \/ Touch Screen \/ 15.6 Pulgadas \/ Capacitiva \/ Intel Celeron J4125, Quad Core, 2 Ghz \/ Ram 4 Gb \/ Rom 128 Gb \/ Vga, Com, Usb X 4 \/ Windows 11 \/ Negro + Env\u00edo a domicilio + Pago seguro + Garant\u00eda","breadcrumb":{"@id":"https:\/\/compuviper.mx\/tienda\/producto\/ghia-gpos315-terminal-punto-de-venta-a-all-in-one-touch-screen-15-6-pulgadas-capacitiva-intel-celeron-j4125-quad-core-2-ghz-ram-4-gb-rom-128-gb-vga-com-usb-x-4-windows-11-negr\/#breadcrumb"},"inLanguage":"es-MX","potentialAction":[{"@type":"ReadAction","target":["https:\/\/compuviper.mx\/tienda\/producto\/ghia-gpos315-terminal-punto-de-venta-a-all-in-one-touch-screen-15-6-pulgadas-capacitiva-intel-celeron-j4125-quad-core-2-ghz-ram-4-gb-rom-128-gb-vga-com-usb-x-4-windows-11-negr\/"]}]},{"@type":"BreadcrumbList","@id":"https:\/\/compuviper.mx\/tienda\/producto\/ghia-gpos315-terminal-punto-de-venta-a-all-in-one-touch-screen-15-6-pulgadas-capacitiva-intel-celeron-j4125-quad-core-2-ghz-ram-4-gb-rom-128-gb-vga-com-usb-x-4-windows-11-negr\/#breadcrumb","itemListElement":[{"@type":"ListItem","position":1,"name":"Inicio","item":"https:\/\/compuviper.mx\/tienda\/"},{"@type":"ListItem","position":2,"name":"Productos","item":"https:\/\/compuviper.mx\/tienda\/productos\/"},{"@type":"ListItem","position":3,"name":"Terminal Pos","item":"https:\/\/compuviper.mx\/tienda\/categoria-producto\/terminal-pos\/"},{"@type":"ListItem","position":4,"name":"Sin Categor\u00eda","item":"https:\/\/compuviper.mx\/tienda\/categoria-producto\/terminal-pos\/sin-categoria-terminal-pos\/"},{"@type":"ListItem","position":5,"name":"Ghia Gpos315 Terminal Punto De Venta A \/ All In One \/ Touch Screen \/ 15.6 Pulgadas \/ Capacitiva \/ Intel Celeron J4125, Quad Core, 2 Ghz \/ Ram 4 Gb \/ Rom 128 Gb \/ Vga, Com, Usb X 4 \/ Windows 11 \/ Negro"}]},{"@type":"WebSite","@id":"https:\/\/compuviper.mx\/tienda\/#website","url":"https:\/\/compuviper.mx\/tienda\/","name":"Compuviper","description":"Proveedor de Computadoras, Laptops, Servidores, Monitores, Puntos de Venta, Teclados,   Impresoras, T\u00f3ner, C\u00e1maras de Seguridad y m\u00e1s en tu tienda en l\u00ednea","publisher":{"@id":"https:\/\/compuviper.mx\/tienda\/#organization"},"potentialAction":[{"@type":"SearchAction","target":{"@type":"EntryPoint","urlTemplate":"https:\/\/compuviper.mx\/tienda\/?s={search_term_string}"},"query-input":"required name=search_term_string"}],"inLanguage":"es-MX"},{"@type":"Organization","@id":"https:\/\/compuviper.mx\/tienda\/#organization","name":"Compuviper","url":"https:\/\/compuviper.mx\/tienda\/","logo":{"@type":"ImageObject","inLanguage":"es-MX","@id":"https:\/\/compuviper.mx\/tienda\/#\/schema\/logo\/image\/","url":"https:\/\/compuviper.mx\/tienda\/wp-content\/uploads\/2021\/08\/Logo-Compuviper-10.png","contentUrl":"https:\/\/compuviper.mx\/tienda\/wp-content\/uploads\/2021\/08\/Logo-Compuviper-10.png","width":1000,"height":500,"caption":"Compuviper"},"image":{"@id":"https:\/\/compuviper.mx\/tienda\/#\/schema\/logo\/image\/"},"sameAs":["https:\/\/www.facebook.com\/compuviper","https:\/\/www.youtube.com\/channel\/UCf73dERp9Y3cfOq7q8BhLjA?view_as=subscriber"]}]},"product_brand":"GHIA","product_price_amount":"10008","product_price_currency":"MXN","og_availability":"instock","product_availability":"instock","product_retailer_item_id":"GPOS315","product_condition":"new"},"_links":{"self":[{"href":"https:\/\/compuviper.mx\/tienda\/wp-json\/wp\/v2\/product\/255371"}],"collection":[{"href":"https:\/\/compuviper.mx\/tienda\/wp-json\/wp\/v2\/product"}],"about":[{"href":"https:\/\/compuviper.mx\/tienda\/wp-json\/wp\/v2\/types\/product"}],"replies":[{"embeddable":true,"href":"https:\/\/compuviper.mx\/tienda\/wp-json\/wp\/v2\/comments?post=255371"}],"wp:featuredmedia":[{"embeddable":true,"href":"https:\/\/compuviper.mx\/tienda\/wp-json\/wp\/v2\/media\/255372"}],"wp:attachment":[{"href":"https:\/\/compuviper.mx\/tienda\/wp-json\/wp\/v2\/media?parent=255371"}],"wp:term":[{"taxonomy":"product_cat","embeddable":true,"href":"https:\/\/compuviper.mx\/tienda\/wp-json\/wp\/v2\/product_cat?post=255371"},{"taxonomy":"product_tag","embeddable":true,"href":"https:\/\/compuviper.mx\/tienda\/wp-json\/wp\/v2\/product_tag?post=255371"}],"curies":[{"name":"wp","href":"https:\/\/api.w.org\/{rel}","templated":true}]}}