{"id":255367,"date":"2026-04-18T01:14:57","date_gmt":"2026-04-18T07:14:57","guid":{"rendered":"https:\/\/compuviper.mx\/tienda\/producto\/tp-link-sg3428xpp-m2-switch-tp-link-gestionable-de-24-puertos-poe-y-2-5g\/"},"modified":"2026-04-18T01:14:57","modified_gmt":"2026-04-18T07:14:57","slug":"tp-link-sg3428xpp-m2-switch-tp-link-gestionable-de-24-puertos-poe-y-2-5g","status":"publish","type":"product","link":"https:\/\/compuviper.mx\/tienda\/producto\/tp-link-sg3428xpp-m2-switch-tp-link-gestionable-de-24-puertos-poe-y-2-5g\/","title":{"rendered":"Tp Link Sg3428xpp-m2 Switch | Tp-link |  | Gestionable De 24 Puertos, Poe++ Y 2.5g"},"content":{"rendered":"<table class=\"descripcion\">\n<tr>\n<td>-caracter\u00edsticas de hardware<\/td>\n<\/tr>\n<tr>\n<td>Interfaz \u0095 24\u00d7 puertos rj45 a 2,5 gbps<\/td>\n<\/tr>\n<tr>\n<td>\u0095 4\u00d7 ranuras sfp+ 10g<\/td>\n<\/tr>\n<tr>\n<td>\u0095 1\u00d7 puerto de consola rj45<\/td>\n<\/tr>\n<tr>\n<td>\u0095 1\u00d7 puerto de consola micro-usb<\/td>\n<\/tr>\n<tr>\n<td>Cantidad de ventiladores 3<\/td>\n<\/tr>\n<tr>\n<td>Fuente de alimentaci\u00f3n 100-240 v ac~50\/60 hz<\/td>\n<\/tr>\n<tr>\n<td>Puertos poe (rj45) \u0095 est\u00e1ndar: compaible con 802.3bt\/at\/af<\/td>\n<\/tr>\n<tr>\n<td>\u0095 puertos poe++ (802.3bt poe): 8 puertos, hasta 60 w por puerto<\/td>\n<\/tr>\n<tr>\n<td>\u0095 puertos poe+ (802.3at poe): 16 puertos, hasta 30 w por puerto<\/td>\n<\/tr>\n<tr>\n<td>\u0095 presupuesto de energ\u00eda: 500 w<\/td>\n<\/tr>\n<tr>\n<td>Dimensiones 17.3 \u00d7 13.0 \u00d7 1.7 in (440 \u00d7 330 \u00d7 44 mm)<\/td>\n<\/tr>\n<tr>\n<td>Montaje montaje en rack<\/td>\n<\/tr>\n<tr>\n<td>Consumo de potencia m\u00e1ximo 629.1 w (110v\/60hz)<\/td>\n<\/tr>\n<tr>\n<td>Disipaci\u00f3n m\u00e1xima de calor 2153.45 btu\/h (110 v\/60 hz)<\/td>\n<\/tr>\n<tr>\n<td>-rendimiento<\/td>\n<\/tr>\n<tr>\n<td>Capacidad de conmutaci\u00f3n 200 gbps<\/td>\n<\/tr>\n<tr>\n<td>Tasa de reenv\u00edo de paquetes 148.80 mpps<\/td>\n<\/tr>\n<tr>\n<td>Tabla de direcciones mac 32 k<\/td>\n<\/tr>\n<tr>\n<td>Memoria del buffer de paquete 16 mbit<\/td>\n<\/tr>\n<tr>\n<td>Jumbo frame 9 kb<\/td>\n<\/tr>\n<tr>\n<td>-caracter\u00edsticas de software<\/td>\n<\/tr>\n<tr>\n<td>Calidad de servicio &#8211; 8 colas de prioridad<\/td>\n<\/tr>\n<tr>\n<td>&#8211; prioridad 802.1p cos\/dscp<\/td>\n<\/tr>\n<tr>\n<td>&#8211; programaci\u00f3n de colas<\/td>\n<\/tr>\n<tr>\n<td>&#8211; sp (prioridad estricta)<\/td>\n<\/tr>\n<tr>\n<td>&#8211; wrr (round robin ponderado)<\/td>\n<\/tr>\n<tr>\n<td>&#8211; sp+wrr<\/td>\n<\/tr>\n<tr>\n<td>&#8211; control de ancho de banda<\/td>\n<\/tr>\n<tr>\n<td>&#8211; limitaci\u00f3n de clasificaci\u00f3n basada en puerto\/flujo<\/td>\n<\/tr>\n<tr>\n<td>&#8211; rendimiento m\u00e1s suave<\/td>\n<\/tr>\n<tr>\n<td>&#8211; acci\u00f3n para flujos<\/td>\n<\/tr>\n<tr>\n<td>&#8211; reflejo (a interfaz soportada)<\/td>\n<\/tr>\n<tr>\n<td>&#8211; redirecci\u00f3n (a interfaz compatible)<\/td>\n<\/tr>\n<tr>\n<td>&#8211; l\u00edmite de velocidad<\/td>\n<\/tr>\n<tr>\n<td>&#8211; observaci\u00f3n qos<\/td>\n<\/tr>\n<tr>\n<td>Caracter\u00edsticas l3 &#8211; 32 interfaces ipv4\/ipv6<\/td>\n<\/tr>\n<tr>\n<td>&#8211; enrutamiento est\u00e1tico<\/td>\n<\/tr>\n<tr>\n<td>&#8211; 48 rutas est\u00e1ticas<\/td>\n<\/tr>\n<tr>\n<td>&#8211; arp est\u00e1tico<\/td>\n<\/tr>\n<tr>\n<td>&#8211; 128 entradas est\u00e1ticas<\/td>\n<\/tr>\n<tr>\n<td>&#8211; arp proxy<\/td>\n<\/tr>\n<tr>\n<td>&#8211; arp gratuito<\/td>\n<\/tr>\n<tr>\n<td>&#8211; servidor dhcp<\/td>\n<\/tr>\n<tr>\n<td>&#8211; retransmisi\u00f3n dhcp<\/td>\n<\/tr>\n<tr>\n<td>&#8211; retransmisi\u00f3n de interfaz dhcp<\/td>\n<\/tr>\n<tr>\n<td>&#8211; retransmisi\u00f3n dhcp vlan<\/td>\n<\/tr>\n<tr>\n<td>&#8211; retransmisi\u00f3n dhcp l2<\/td>\n<\/tr>\n<tr>\n<td>Caracter\u00edsticas l2 y l2+ &#8211; agregaci\u00f3n de enlaces<\/td>\n<\/tr>\n<tr>\n<td>&#8211; agregaci\u00f3n de enlaces est\u00e1tica<\/td>\n<\/tr>\n<tr>\n<td>&#8211; 802.3ad lacp<\/td>\n<\/tr>\n<tr>\n<td>&#8211; hasta 8 grupos de agregaci\u00f3n, con 8 puertos por grupo<\/td>\n<\/tr>\n<tr>\n<td>&#8211; protocolo de \u00e1rbol de expansi\u00f3n<\/td>\n<\/tr>\n<tr>\n<td>&#8211; 802.1d stp<\/td>\n<\/tr>\n<tr>\n<td>&#8211; 802.1w rstp<\/td>\n<\/tr>\n<tr>\n<td>&#8211; 802.1s mstp<\/td>\n<\/tr>\n<tr>\n<td>&#8211; seguridad stp: tc protect, bpdu filter, root protect<\/td>\n<\/tr>\n<tr>\n<td>&#8211; detecci\u00f3n de bucle invertido<\/td>\n<\/tr>\n<tr>\n<td>&#8211; basado en puertos<\/td>\n<\/tr>\n<tr>\n<td>&#8211; basado en vlan<\/td>\n<\/tr>\n<tr>\n<td>&#8211; control de flujo<\/td>\n<\/tr>\n<tr>\n<td>&#8211; control de flujo 802.3x<\/td>\n<\/tr>\n<tr>\n<td>&#8211; prevenci\u00f3n de bloqueo hol<\/td>\n<\/tr>\n<tr>\n<td>&#8211; mirroring<\/td>\n<\/tr>\n<tr>\n<td>&#8211; replicaci\u00f3n de puertos<\/td>\n<\/tr>\n<tr>\n<td>&#8211; mirroring de cpu<\/td>\n<\/tr>\n<tr>\n<td>&#8211; uno a uno<\/td>\n<\/tr>\n<tr>\n<td>&#8211; muchos a uno<\/td>\n<\/tr>\n<tr>\n<td>&#8211; tx\/rx\/ambos<\/td>\n<\/tr>\n<\/table>\n","protected":false},"excerpt":{"rendered":"<p>-puertos 2.5g poe++. Integra 24 puertos 2.5 gbps para maximizar el rendimiento de los puntos de acceso wi-fi 7, wi-fi 6e y wi-fi 6. -alta velocidad 10g. Con 4 entradas sfp+ de 10 gbps con gran ancho de banda que evita la congesti\u00f3n de la red. -poe de 500w. Equipado con 8 puertos poe++ compatibles con wi-fi 7, wi-fi 6e y wi-fi 6, y 16 puertos poe+. -integraci\u00f3n total omada. Accede a funcionalidades avanzadas como provisionamiento zero touch (ztp), gesti\u00f3n centralizada desde la nube y monitorizaci\u00f3n avanzada. -gesti\u00f3n sencilla. Acceso a trav\u00e9s de la nube con la aplicaci\u00f3n omada, garantizando una administraci\u00f3n intuitiva y eficiente. -optimizaci\u00f3n del tr\u00e1fico. Maximiza el rendimiento del tr\u00e1fico garantizando una utilizaci\u00f3n eficaz de los recursos de red. -seguridad avanzada. Integra una combinaci\u00f3n de tecnolog\u00edas como ip-mac-puerto binding, acl, seguridad de puerto, protecci\u00f3n dos, control de broadcast storms, dhcp, 802.1x y autenticaci\u00f3n radius. -optimizaci\u00f3n para voz y v\u00eddeo. Con soporte de priorizaci\u00f3n de dispositivos qos l2\/l3\/l4 e igmp snooping.<\/p>\n","protected":false},"featured_media":260205,"comment_status":"open","ping_status":"open","template":"","meta":[],"product_cat":[1563,1564],"product_tag":[1562],"acf":[],"yoast_head":"<!-- This site is optimized with the Yoast SEO plugin v21.7 - https:\/\/yoast.com\/wordpress\/plugins\/seo\/ -->\n<title>[ Tp Link ] &#129351; Sg3428xpp-m2 Switch | Tp-link | | Gestionable De 24 Puertos, Poe++ Y 2.5g<\/title>\n<meta name=\"description\" content=\"Compra Sg3428xpp-m2 Switch | Tp-link | | Gestionable De 24 Puertos, Poe++ Y 2.5g + Env\u00edo a domicilio + Pago seguro + Garant\u00eda\" \/>\n<meta name=\"robots\" content=\"index, follow, max-snippet:-1, max-image-preview:large, max-video-preview:-1\" \/>\n<link rel=\"canonical\" href=\"https:\/\/compuviper.mx\/tienda\/producto\/tp-link-sg3428xpp-m2-switch-tp-link-gestionable-de-24-puertos-poe-y-2-5g\/\" \/>\n<meta property=\"og:locale\" content=\"es_MX\" \/>\n<meta property=\"og:type\" content=\"article\" \/>\n<meta property=\"og:title\" content=\"[ Tp Link ] &#129351; Sg3428xpp-m2 Switch | Tp-link | | Gestionable De 24 Puertos, Poe++ Y 2.5g\" \/>\n<meta property=\"og:description\" content=\"Compra Sg3428xpp-m2 Switch | Tp-link | | Gestionable De 24 Puertos, Poe++ Y 2.5g + Env\u00edo a domicilio + Pago seguro + Garant\u00eda\" \/>\n<meta property=\"og:url\" content=\"https:\/\/compuviper.mx\/tienda\/producto\/tp-link-sg3428xpp-m2-switch-tp-link-gestionable-de-24-puertos-poe-y-2-5g\/\" \/>\n<meta property=\"og:site_name\" content=\"Compuviper\" \/>\n<meta property=\"article:publisher\" content=\"https:\/\/www.facebook.com\/compuviper\" \/>\n<meta property=\"og:image\" content=\"https:\/\/compuviper.mx\/tienda\/wp-content\/uploads\/2025\/10\/Switch-tp-link-sg3428xpp-m2-gestionable-de-24-puertos-poe-y-2.5g.jpg\" \/>\n\t<meta property=\"og:image:width\" content=\"200\" \/>\n\t<meta property=\"og:image:height\" content=\"200\" \/>\n\t<meta property=\"og:image:type\" content=\"image\/jpeg\" \/>\n<meta name=\"twitter:card\" content=\"summary_large_image\" \/>\n<meta name=\"twitter:label1\" content=\"Precio\" \/>\n\t<meta name=\"twitter:data1\" content=\"&#36;11,207 con IVA\" \/>\n\t<meta name=\"twitter:label2\" content=\"Availability\" \/>\n\t<meta name=\"twitter:data2\" content=\"On backorder\" \/>\n<script type=\"application\/ld+json\" class=\"yoast-schema-graph\">{\"@context\":\"https:\/\/schema.org\",\"@graph\":[{\"@type\":\"WebPage\",\"@id\":\"https:\/\/compuviper.mx\/tienda\/producto\/tp-link-sg3428xpp-m2-switch-tp-link-gestionable-de-24-puertos-poe-y-2-5g\/\",\"url\":\"https:\/\/compuviper.mx\/tienda\/producto\/tp-link-sg3428xpp-m2-switch-tp-link-gestionable-de-24-puertos-poe-y-2-5g\/\",\"name\":\"[ Tp Link ] &#129351; Sg3428xpp-m2 Switch | Tp-link | | Gestionable De 24 Puertos, Poe++ Y 2.5g\",\"isPartOf\":{\"@id\":\"https:\/\/compuviper.mx\/tienda\/#website\"},\"datePublished\":\"2026-04-18T07:14:57+00:00\",\"dateModified\":\"2026-04-18T07:14:57+00:00\",\"description\":\"Compra Sg3428xpp-m2 Switch | Tp-link | | Gestionable De 24 Puertos, Poe++ Y 2.5g + Env\u00edo a domicilio + Pago seguro + Garant\u00eda\",\"breadcrumb\":{\"@id\":\"https:\/\/compuviper.mx\/tienda\/producto\/tp-link-sg3428xpp-m2-switch-tp-link-gestionable-de-24-puertos-poe-y-2-5g\/#breadcrumb\"},\"inLanguage\":\"es-MX\",\"potentialAction\":[{\"@type\":\"ReadAction\",\"target\":[\"https:\/\/compuviper.mx\/tienda\/producto\/tp-link-sg3428xpp-m2-switch-tp-link-gestionable-de-24-puertos-poe-y-2-5g\/\"]}]},{\"@type\":\"BreadcrumbList\",\"@id\":\"https:\/\/compuviper.mx\/tienda\/producto\/tp-link-sg3428xpp-m2-switch-tp-link-gestionable-de-24-puertos-poe-y-2-5g\/#breadcrumb\",\"itemListElement\":[{\"@type\":\"ListItem\",\"position\":1,\"name\":\"Inicio\",\"item\":\"https:\/\/compuviper.mx\/tienda\/\"},{\"@type\":\"ListItem\",\"position\":2,\"name\":\"Productos\",\"item\":\"https:\/\/compuviper.mx\/tienda\/productos\/\"},{\"@type\":\"ListItem\",\"position\":3,\"name\":\"Redes\",\"item\":\"https:\/\/compuviper.mx\/tienda\/categoria-producto\/redes\/\"},{\"@type\":\"ListItem\",\"position\":4,\"name\":\"Switch\",\"item\":\"https:\/\/compuviper.mx\/tienda\/categoria-producto\/redes\/switch\/\"},{\"@type\":\"ListItem\",\"position\":5,\"name\":\"Tp Link Sg3428xpp-m2 Switch | Tp-link | | Gestionable De 24 Puertos, Poe++ Y 2.5g\"}]},{\"@type\":\"WebSite\",\"@id\":\"https:\/\/compuviper.mx\/tienda\/#website\",\"url\":\"https:\/\/compuviper.mx\/tienda\/\",\"name\":\"Compuviper\",\"description\":\"Proveedor de Computadoras, Laptops, Servidores, Monitores, Puntos de Venta, Teclados,   Impresoras, T\u00f3ner, C\u00e1maras de Seguridad y m\u00e1s en tu tienda en l\u00ednea\",\"publisher\":{\"@id\":\"https:\/\/compuviper.mx\/tienda\/#organization\"},\"potentialAction\":[{\"@type\":\"SearchAction\",\"target\":{\"@type\":\"EntryPoint\",\"urlTemplate\":\"https:\/\/compuviper.mx\/tienda\/?s={search_term_string}\"},\"query-input\":\"required name=search_term_string\"}],\"inLanguage\":\"es-MX\"},{\"@type\":\"Organization\",\"@id\":\"https:\/\/compuviper.mx\/tienda\/#organization\",\"name\":\"Compuviper\",\"url\":\"https:\/\/compuviper.mx\/tienda\/\",\"logo\":{\"@type\":\"ImageObject\",\"inLanguage\":\"es-MX\",\"@id\":\"https:\/\/compuviper.mx\/tienda\/#\/schema\/logo\/image\/\",\"url\":\"https:\/\/compuviper.mx\/tienda\/wp-content\/uploads\/2021\/08\/Logo-Compuviper-10.png\",\"contentUrl\":\"https:\/\/compuviper.mx\/tienda\/wp-content\/uploads\/2021\/08\/Logo-Compuviper-10.png\",\"width\":1000,\"height\":500,\"caption\":\"Compuviper\"},\"image\":{\"@id\":\"https:\/\/compuviper.mx\/tienda\/#\/schema\/logo\/image\/\"},\"sameAs\":[\"https:\/\/www.facebook.com\/compuviper\",\"https:\/\/www.youtube.com\/channel\/UCf73dERp9Y3cfOq7q8BhLjA?view_as=subscriber\"]}]}<\/script>\n<meta property=\"product:brand\" content=\"TP LINK\" \/>\n<meta property=\"product:price:amount\" content=\"11207\" \/>\n<meta property=\"product:price:currency\" content=\"MXN\" \/>\n<meta property=\"og:availability\" content=\"backorder\" \/>\n<meta property=\"product:availability\" content=\"available for order\" \/>\n<meta property=\"product:retailer_item_id\" content=\"SG3428XPP-M2\" \/>\n<meta property=\"product:condition\" content=\"new\" \/>\n<!-- \/ Yoast SEO plugin. -->","yoast_head_json":{"title":"[ Tp Link ] &#129351; Sg3428xpp-m2 Switch | Tp-link | | Gestionable De 24 Puertos, Poe++ Y 2.5g","description":"Compra Sg3428xpp-m2 Switch | Tp-link | | Gestionable De 24 Puertos, Poe++ Y 2.5g + Env\u00edo a domicilio + Pago seguro + Garant\u00eda","robots":{"index":"index","follow":"follow","max-snippet":"max-snippet:-1","max-image-preview":"max-image-preview:large","max-video-preview":"max-video-preview:-1"},"canonical":"https:\/\/compuviper.mx\/tienda\/producto\/tp-link-sg3428xpp-m2-switch-tp-link-gestionable-de-24-puertos-poe-y-2-5g\/","og_locale":"es_MX","og_type":"article","og_title":"[ Tp Link ] &#129351; Sg3428xpp-m2 Switch | Tp-link | | Gestionable De 24 Puertos, Poe++ Y 2.5g","og_description":"Compra Sg3428xpp-m2 Switch | Tp-link | | Gestionable De 24 Puertos, Poe++ Y 2.5g + Env\u00edo a domicilio + Pago seguro + Garant\u00eda","og_url":"https:\/\/compuviper.mx\/tienda\/producto\/tp-link-sg3428xpp-m2-switch-tp-link-gestionable-de-24-puertos-poe-y-2-5g\/","og_site_name":"Compuviper","article_publisher":"https:\/\/www.facebook.com\/compuviper","og_image":[{"width":200,"height":200,"url":"https:\/\/compuviper.mx\/tienda\/wp-content\/uploads\/2025\/10\/Switch-tp-link-sg3428xpp-m2-gestionable-de-24-puertos-poe-y-2.5g.jpg","type":"image\/jpeg"}],"twitter_card":"summary_large_image","twitter_misc":{"Precio":"&#36;11,207 con IVA","Availability":"On backorder"},"schema":{"@context":"https:\/\/schema.org","@graph":[{"@type":"WebPage","@id":"https:\/\/compuviper.mx\/tienda\/producto\/tp-link-sg3428xpp-m2-switch-tp-link-gestionable-de-24-puertos-poe-y-2-5g\/","url":"https:\/\/compuviper.mx\/tienda\/producto\/tp-link-sg3428xpp-m2-switch-tp-link-gestionable-de-24-puertos-poe-y-2-5g\/","name":"[ Tp Link ] &#129351; Sg3428xpp-m2 Switch | Tp-link | | Gestionable De 24 Puertos, Poe++ Y 2.5g","isPartOf":{"@id":"https:\/\/compuviper.mx\/tienda\/#website"},"datePublished":"2026-04-18T07:14:57+00:00","dateModified":"2026-04-18T07:14:57+00:00","description":"Compra Sg3428xpp-m2 Switch | Tp-link | | Gestionable De 24 Puertos, Poe++ Y 2.5g + Env\u00edo a domicilio + Pago seguro + Garant\u00eda","breadcrumb":{"@id":"https:\/\/compuviper.mx\/tienda\/producto\/tp-link-sg3428xpp-m2-switch-tp-link-gestionable-de-24-puertos-poe-y-2-5g\/#breadcrumb"},"inLanguage":"es-MX","potentialAction":[{"@type":"ReadAction","target":["https:\/\/compuviper.mx\/tienda\/producto\/tp-link-sg3428xpp-m2-switch-tp-link-gestionable-de-24-puertos-poe-y-2-5g\/"]}]},{"@type":"BreadcrumbList","@id":"https:\/\/compuviper.mx\/tienda\/producto\/tp-link-sg3428xpp-m2-switch-tp-link-gestionable-de-24-puertos-poe-y-2-5g\/#breadcrumb","itemListElement":[{"@type":"ListItem","position":1,"name":"Inicio","item":"https:\/\/compuviper.mx\/tienda\/"},{"@type":"ListItem","position":2,"name":"Productos","item":"https:\/\/compuviper.mx\/tienda\/productos\/"},{"@type":"ListItem","position":3,"name":"Redes","item":"https:\/\/compuviper.mx\/tienda\/categoria-producto\/redes\/"},{"@type":"ListItem","position":4,"name":"Switch","item":"https:\/\/compuviper.mx\/tienda\/categoria-producto\/redes\/switch\/"},{"@type":"ListItem","position":5,"name":"Tp Link Sg3428xpp-m2 Switch | Tp-link | | Gestionable De 24 Puertos, Poe++ Y 2.5g"}]},{"@type":"WebSite","@id":"https:\/\/compuviper.mx\/tienda\/#website","url":"https:\/\/compuviper.mx\/tienda\/","name":"Compuviper","description":"Proveedor de Computadoras, Laptops, Servidores, Monitores, Puntos de Venta, Teclados,   Impresoras, T\u00f3ner, C\u00e1maras de Seguridad y m\u00e1s en tu tienda en l\u00ednea","publisher":{"@id":"https:\/\/compuviper.mx\/tienda\/#organization"},"potentialAction":[{"@type":"SearchAction","target":{"@type":"EntryPoint","urlTemplate":"https:\/\/compuviper.mx\/tienda\/?s={search_term_string}"},"query-input":"required name=search_term_string"}],"inLanguage":"es-MX"},{"@type":"Organization","@id":"https:\/\/compuviper.mx\/tienda\/#organization","name":"Compuviper","url":"https:\/\/compuviper.mx\/tienda\/","logo":{"@type":"ImageObject","inLanguage":"es-MX","@id":"https:\/\/compuviper.mx\/tienda\/#\/schema\/logo\/image\/","url":"https:\/\/compuviper.mx\/tienda\/wp-content\/uploads\/2021\/08\/Logo-Compuviper-10.png","contentUrl":"https:\/\/compuviper.mx\/tienda\/wp-content\/uploads\/2021\/08\/Logo-Compuviper-10.png","width":1000,"height":500,"caption":"Compuviper"},"image":{"@id":"https:\/\/compuviper.mx\/tienda\/#\/schema\/logo\/image\/"},"sameAs":["https:\/\/www.facebook.com\/compuviper","https:\/\/www.youtube.com\/channel\/UCf73dERp9Y3cfOq7q8BhLjA?view_as=subscriber"]}]},"product_brand":"TP LINK","product_price_amount":"11207","product_price_currency":"MXN","og_availability":"backorder","product_availability":"available for order","product_retailer_item_id":"SG3428XPP-M2","product_condition":"new"},"_links":{"self":[{"href":"https:\/\/compuviper.mx\/tienda\/wp-json\/wp\/v2\/product\/255367"}],"collection":[{"href":"https:\/\/compuviper.mx\/tienda\/wp-json\/wp\/v2\/product"}],"about":[{"href":"https:\/\/compuviper.mx\/tienda\/wp-json\/wp\/v2\/types\/product"}],"replies":[{"embeddable":true,"href":"https:\/\/compuviper.mx\/tienda\/wp-json\/wp\/v2\/comments?post=255367"}],"wp:featuredmedia":[{"embeddable":true,"href":"https:\/\/compuviper.mx\/tienda\/wp-json\/wp\/v2\/media\/260205"}],"wp:attachment":[{"href":"https:\/\/compuviper.mx\/tienda\/wp-json\/wp\/v2\/media?parent=255367"}],"wp:term":[{"taxonomy":"product_cat","embeddable":true,"href":"https:\/\/compuviper.mx\/tienda\/wp-json\/wp\/v2\/product_cat?post=255367"},{"taxonomy":"product_tag","embeddable":true,"href":"https:\/\/compuviper.mx\/tienda\/wp-json\/wp\/v2\/product_tag?post=255367"}],"curies":[{"name":"wp","href":"https:\/\/api.w.org\/{rel}","templated":true}]}}