{"id":255365,"date":"2026-04-18T01:14:56","date_gmt":"2026-04-18T07:14:56","guid":{"rendered":"https:\/\/compuviper.mx\/tienda\/producto\/tp-link-eap683-ur-access-point-tp-link-wifi-6-para-montaje-en-techo-ax6000\/"},"modified":"2026-04-18T01:14:56","modified_gmt":"2026-04-18T07:14:56","slug":"tp-link-eap683-ur-access-point-tp-link-omada-ax6000-ceiling-mount-wifi-6","status":"publish","type":"product","link":"https:\/\/compuviper.mx\/tienda\/producto\/tp-link-eap683-ur-access-point-tp-link-omada-ax6000-ceiling-mount-wifi-6\/","title":{"rendered":"Tp Link Eap683 Ur Access Point Tp-link  Omada Ax6000 Ceiling Mount Wifi 6"},"content":{"rendered":"<table class=\"descripcion\">\n<tr>\n<td>-caractersticas de hardware<\/td>\n<\/tr>\n<tr>\n<td>Interfaz1 puerto poe de 2,5 gigabit<\/td>\n<\/tr>\n<tr>\n<td>Botnreiniciar<\/td>\n<\/tr>\n<tr>\n<td>Fuente de alimentacin\u0095 poe 802.3at<\/td>\n<\/tr>\n<tr>\n<td>\u0095 12 v \/ 2 a cc<\/td>\n<\/tr>\n<tr>\n<td>Nota: el adaptador de corriente no est\u00e1 incluido.<\/td>\n<\/tr>\n<tr>\n<td>Consumo de poder\u0095 ue: 20,43 w<\/td>\n<\/tr>\n<tr>\n<td>\u0095 ee. uu.: 23,69 w<\/td>\n<\/tr>\n<tr>\n<td>Dimensiones an x pr x al8,7  8,7  1,3 pulgadas 220  220  32,5 mm<\/td>\n<\/tr>\n<tr>\n<td>Tipo de antenaomni interno<\/td>\n<\/tr>\n<tr>\n<td>\u0095 2,4 ghz: 4 4 dbi<\/td>\n<\/tr>\n<tr>\n<td>\u0095 5 ghz: 4 5 dbi<\/td>\n<\/tr>\n<tr>\n<td>Bluetoothv5.2<\/td>\n<\/tr>\n<tr>\n<td>Montajemontaje en techo\/pared kits incluidos<\/td>\n<\/tr>\n<tr>\n<td>-caractersticas inal\u00e1mbricas<\/td>\n<\/tr>\n<tr>\n<td>Cobertura185 and 13217;2000 pies cuadrados<\/td>\n<\/tr>\n<tr>\n<td>Clientes concurrentes510<\/td>\n<\/tr>\n<tr>\n<td>Est\u00e1ndares inal\u00e1mbricosieee 802.11ax\/ac\/n\/g\/b\/a<\/td>\n<\/tr>\n<tr>\n<td>Frecuencia2,4 ghz y 5 ghz<\/td>\n<\/tr>\n<tr>\n<td>Tasa de seal\u0095 5 ghz: hasta 4804 mbps<\/td>\n<\/tr>\n<tr>\n<td>\u0095 2,4 ghz: hasta 1148 mbps<\/td>\n<\/tr>\n<tr>\n<td>Funciones inal\u00e1mbricas\u0095 1024-qam<\/td>\n<\/tr>\n<tr>\n<td>\u0095 smbolo ofdm 4 veces m\u00e1s largo<\/td>\n<\/tr>\n<tr>\n<td>\u0095 ofdma<\/td>\n<\/tr>\n<tr>\n<td>\u0095 mltiples ssid hasta 16 ssid, 8 para cada banda<\/td>\n<\/tr>\n<tr>\n<td>\u0095 habilitar\/deshabilitar radio inal\u00e1mbrica<\/td>\n<\/tr>\n<tr>\n<td>\u0095 asignacin autom\u00e1tica de canales<\/td>\n<\/tr>\n<tr>\n<td>\u0095 control de potencia de transmisin ajuste la potencia de transmisin en dbm<\/td>\n<\/tr>\n<tr>\n<td>\u0095 qos wmm<\/td>\n<\/tr>\n<tr>\n<td>\u0095 mu-mimo 44 mu-mimo dl y ul<\/td>\n<\/tr>\n<tr>\n<td>\u0095 mimo [44 2,4g y 5g mu-mimo; 44 2,4g y 5g su-mimo]<\/td>\n<\/tr>\n<tr>\n<td>\u0095 he160 ancho de banda de 160 mhz \u0087<\/td>\n<\/tr>\n<tr>\n<td>\u0095 itinerancia sin interrupciones 802.11k\/v\/r \u00a7<\/td>\n<\/tr>\n<tr>\n<td>\u0095 omada mesh \u00a7<\/td>\n<\/tr>\n<tr>\n<td>\u0095 direccin de banda<\/td>\n<\/tr>\n<tr>\n<td>\u0095 balance de carga<\/td>\n<\/tr>\n<tr>\n<td>\u0095 equidad de tiempo de transmisin<\/td>\n<\/tr>\n<tr>\n<td>\u0095 formacin de haces<\/td>\n<\/tr>\n<tr>\n<td>\u0095 lmite de velocidad \u0095<\/td>\n<\/tr>\n<tr>\n<td>Programacin de reinicios<\/td>\n<\/tr>\n<tr>\n<td>\u0095 programacin inal\u00e1mbrica<\/td>\n<\/tr>\n<tr>\n<td>\u0095 estadsticas inal\u00e1mbricas basadas en ssid\/ap\/cliente<\/td>\n<\/tr>\n<tr>\n<td>Seguridad inal\u00e1mbrica\u0095 autenticacin de portal cautivo \u00a7<\/td>\n<\/tr>\n<tr>\n<td>\u0095 control de acceso<\/td>\n<\/tr>\n<tr>\n<td>\u0095 filtrado de direcciones mac inal\u00e1mbricas<\/td>\n<\/tr>\n<tr>\n<td>\u0095 aislamiento inal\u00e1mbrico entre clientes<\/td>\n<\/tr>\n<tr>\n<td>\u0095 asignacin de ssid a vlan<\/td>\n<\/tr>\n<tr>\n<td>\u0095 deteccin de puntos de acceso no autorizados<\/td>\n<\/tr>\n<tr>\n<td>\u0095 compatibilidad con 802.1x<\/td>\n<\/tr>\n<tr>\n<td>\u0095 wpa-personal\/enterprise, wpa2-personal\/enterprise, wpa3-personal\/enterprise<\/td>\n<\/tr>\n<tr>\n<td>Poder de transmision\u0095 ce:  20 dbm 2,4 ghz, pire<\/td>\n<\/tr>\n<tr>\n<td> 23 dbm 5 ghz, banda 1 y banda 2, pire<\/td>\n<\/tr>\n<tr>\n<td> 28 dbm 5 ghz, banda 3, pire<\/td>\n<\/tr>\n<tr>\n<td>\u0095 fcc:  26 dbm 2,4 ghz<\/td>\n<\/tr>\n<tr>\n<td> 26 dbm 5 ghz<\/td>\n<\/tr>\n<tr>\n<td>-administracin<\/td>\n<\/tr>\n<tr>\n<td>Aplicacin omadas<\/td>\n<\/tr>\n<tr>\n<td>Gestin centralizada\u0095 controlador de hardware omada oc300<\/td>\n<\/tr>\n<tr>\n<td>\u0095 controlador de hardware omada oc200<\/td>\n<\/tr>\n<tr>\n<td>\u0095 controlador de software omada<\/td>\n<\/tr>\n<tr>\n<td>\u0095 controlador basado en la nube omada<\/td>\n<\/tr>\n<tr>\n<td>Acceso a la nubes. requiere el uso de oc300, oc200, controlador basado en la nube omada o controlador de software omada.<\/td>\n<\/tr>\n<tr>\n<td>Alertas de correo electrnicos<\/td>\n<\/tr>\n<tr>\n<td>Control de led encendido \/ apagados<\/td>\n<\/tr>\n<tr>\n<td>Gestin de control de acceso macs<\/td>\n<\/tr>\n<tr>\n<td>Snmpversin 1, versin 2c, versin 3<\/td>\n<\/tr>\n<tr>\n<td>Registro del sistema local \/ remote syslogregistro del sistema local\/remoto<\/td>\n<\/tr>\n<tr>\n<td>Sshs<\/td>\n<\/tr>\n<tr>\n<td>Gestin basada en webhttp\/https<\/td>\n<\/tr>\n<tr>\n<td>Gestin l3s<\/td>\n<\/tr>\n<tr>\n<td>Gestin de mltiples sitioss<\/td>\n<\/tr>\n<tr>\n<td>Vlan de administracins<\/td>\n<\/tr>\n<tr>\n<td>Aprovisionamiento sin intervencins. requiere el uso del controlador basado en la nube omada<\/td>\n<\/tr>\n<\/table>\n","protected":false},"excerpt":{"rendered":"<p>-hasta 5952 mbps wifi 6 velocidades: 1148 mbps en 2,4 ghz  4804 mbps en 5 ghz. -cobertura inal\u00e1mbrica de ultraalcance mediante antenas internas de doble banda mimo 44 con alta potencia de transmisin. -admite tecnologas wifi 6, como he160, 1024-qam, etc. -se integra con la plataforma omada sdn para una gestin centralizada. -funciones avanzadas: omada mesh, roaming sin interrupciones y m\u00e1s. -alimentacin poe: admite 802.3at poe y dc adaptador no incluido.<\/p>\n","protected":false},"featured_media":260203,"comment_status":"open","ping_status":"open","template":"","meta":[],"product_cat":[1563,1754],"product_tag":[1562],"acf":[],"yoast_head":"<!-- This site is optimized with the Yoast SEO plugin v21.7 - https:\/\/yoast.com\/wordpress\/plugins\/seo\/ -->\n<title>[ Tp Link ] &#129351; Eap683 Ur Access Point Tp-link Omada Ax6000 Ceiling Mount Wifi 6<\/title>\n<meta name=\"description\" content=\"Compra Eap683 Ur Access Point Tp-link Omada Ax6000 Ceiling Mount Wifi 6 + Env\u00edo a domicilio + Pago seguro + Garant\u00eda\" \/>\n<meta name=\"robots\" content=\"index, follow, max-snippet:-1, max-image-preview:large, max-video-preview:-1\" \/>\n<link rel=\"canonical\" href=\"https:\/\/compuviper.mx\/tienda\/producto\/tp-link-eap683-ur-access-point-tp-link-omada-ax6000-ceiling-mount-wifi-6\/\" \/>\n<meta property=\"og:locale\" content=\"es_MX\" \/>\n<meta property=\"og:type\" content=\"article\" \/>\n<meta property=\"og:title\" content=\"[ Tp Link ] &#129351; Eap683 Ur Access Point Tp-link Omada Ax6000 Ceiling Mount Wifi 6\" \/>\n<meta property=\"og:description\" content=\"Compra Eap683 Ur Access Point Tp-link Omada Ax6000 Ceiling Mount Wifi 6 + Env\u00edo a domicilio + Pago seguro + Garant\u00eda\" \/>\n<meta property=\"og:url\" content=\"https:\/\/compuviper.mx\/tienda\/producto\/tp-link-eap683-ur-access-point-tp-link-omada-ax6000-ceiling-mount-wifi-6\/\" \/>\n<meta property=\"og:site_name\" content=\"Compuviper\" \/>\n<meta property=\"article:publisher\" content=\"https:\/\/www.facebook.com\/compuviper\" \/>\n<meta property=\"og:image\" content=\"https:\/\/compuviper.mx\/tienda\/wp-content\/uploads\/2025\/10\/Access-point-tp-link-eap683-ur-wifi-6-para-montaje-en-techo-ax6000.jpg\" \/>\n\t<meta property=\"og:image:width\" content=\"200\" \/>\n\t<meta property=\"og:image:height\" content=\"200\" \/>\n\t<meta property=\"og:image:type\" content=\"image\/jpeg\" \/>\n<meta name=\"twitter:card\" content=\"summary_large_image\" \/>\n<meta name=\"twitter:label1\" content=\"Precio\" \/>\n\t<meta name=\"twitter:data1\" content=\"&#36;3,196 con IVA\" \/>\n\t<meta name=\"twitter:label2\" content=\"Availability\" \/>\n\t<meta name=\"twitter:data2\" content=\"On backorder\" \/>\n<script type=\"application\/ld+json\" class=\"yoast-schema-graph\">{\"@context\":\"https:\/\/schema.org\",\"@graph\":[{\"@type\":\"WebPage\",\"@id\":\"https:\/\/compuviper.mx\/tienda\/producto\/tp-link-eap683-ur-access-point-tp-link-omada-ax6000-ceiling-mount-wifi-6\/\",\"url\":\"https:\/\/compuviper.mx\/tienda\/producto\/tp-link-eap683-ur-access-point-tp-link-omada-ax6000-ceiling-mount-wifi-6\/\",\"name\":\"[ Tp Link ] &#129351; Eap683 Ur Access Point Tp-link Omada Ax6000 Ceiling Mount Wifi 6\",\"isPartOf\":{\"@id\":\"https:\/\/compuviper.mx\/tienda\/#website\"},\"datePublished\":\"2026-04-18T07:14:56+00:00\",\"dateModified\":\"2026-04-18T07:14:56+00:00\",\"description\":\"Compra Eap683 Ur Access Point Tp-link Omada Ax6000 Ceiling Mount Wifi 6 + Env\u00edo a domicilio + Pago seguro + Garant\u00eda\",\"breadcrumb\":{\"@id\":\"https:\/\/compuviper.mx\/tienda\/producto\/tp-link-eap683-ur-access-point-tp-link-omada-ax6000-ceiling-mount-wifi-6\/#breadcrumb\"},\"inLanguage\":\"es-MX\",\"potentialAction\":[{\"@type\":\"ReadAction\",\"target\":[\"https:\/\/compuviper.mx\/tienda\/producto\/tp-link-eap683-ur-access-point-tp-link-omada-ax6000-ceiling-mount-wifi-6\/\"]}]},{\"@type\":\"BreadcrumbList\",\"@id\":\"https:\/\/compuviper.mx\/tienda\/producto\/tp-link-eap683-ur-access-point-tp-link-omada-ax6000-ceiling-mount-wifi-6\/#breadcrumb\",\"itemListElement\":[{\"@type\":\"ListItem\",\"position\":1,\"name\":\"Inicio\",\"item\":\"https:\/\/compuviper.mx\/tienda\/\"},{\"@type\":\"ListItem\",\"position\":2,\"name\":\"Productos\",\"item\":\"https:\/\/compuviper.mx\/tienda\/productos\/\"},{\"@type\":\"ListItem\",\"position\":3,\"name\":\"Redes\",\"item\":\"https:\/\/compuviper.mx\/tienda\/categoria-producto\/redes\/\"},{\"@type\":\"ListItem\",\"position\":4,\"name\":\"Access Point\",\"item\":\"https:\/\/compuviper.mx\/tienda\/categoria-producto\/redes\/access-point\/\"},{\"@type\":\"ListItem\",\"position\":5,\"name\":\"Tp Link Eap683 Ur Access Point Tp-link Omada Ax6000 Ceiling Mount Wifi 6\"}]},{\"@type\":\"WebSite\",\"@id\":\"https:\/\/compuviper.mx\/tienda\/#website\",\"url\":\"https:\/\/compuviper.mx\/tienda\/\",\"name\":\"Compuviper\",\"description\":\"Proveedor de Computadoras, Laptops, Servidores, Monitores, Puntos de Venta, Teclados,   Impresoras, T\u00f3ner, C\u00e1maras de Seguridad y m\u00e1s en tu tienda en l\u00ednea\",\"publisher\":{\"@id\":\"https:\/\/compuviper.mx\/tienda\/#organization\"},\"potentialAction\":[{\"@type\":\"SearchAction\",\"target\":{\"@type\":\"EntryPoint\",\"urlTemplate\":\"https:\/\/compuviper.mx\/tienda\/?s={search_term_string}\"},\"query-input\":\"required name=search_term_string\"}],\"inLanguage\":\"es-MX\"},{\"@type\":\"Organization\",\"@id\":\"https:\/\/compuviper.mx\/tienda\/#organization\",\"name\":\"Compuviper\",\"url\":\"https:\/\/compuviper.mx\/tienda\/\",\"logo\":{\"@type\":\"ImageObject\",\"inLanguage\":\"es-MX\",\"@id\":\"https:\/\/compuviper.mx\/tienda\/#\/schema\/logo\/image\/\",\"url\":\"https:\/\/compuviper.mx\/tienda\/wp-content\/uploads\/2021\/08\/Logo-Compuviper-10.png\",\"contentUrl\":\"https:\/\/compuviper.mx\/tienda\/wp-content\/uploads\/2021\/08\/Logo-Compuviper-10.png\",\"width\":1000,\"height\":500,\"caption\":\"Compuviper\"},\"image\":{\"@id\":\"https:\/\/compuviper.mx\/tienda\/#\/schema\/logo\/image\/\"},\"sameAs\":[\"https:\/\/www.facebook.com\/compuviper\",\"https:\/\/www.youtube.com\/channel\/UCf73dERp9Y3cfOq7q8BhLjA?view_as=subscriber\"]}]}<\/script>\n<meta property=\"product:brand\" content=\"TP LINK\" \/>\n<meta property=\"product:price:amount\" content=\"3196\" \/>\n<meta property=\"product:price:currency\" content=\"MXN\" \/>\n<meta property=\"og:availability\" content=\"backorder\" \/>\n<meta property=\"product:availability\" content=\"available for order\" \/>\n<meta property=\"product:retailer_item_id\" content=\"EAP683 UR\" \/>\n<meta property=\"product:condition\" content=\"new\" \/>\n<!-- \/ Yoast SEO plugin. -->","yoast_head_json":{"title":"[ Tp Link ] &#129351; Eap683 Ur Access Point Tp-link Omada Ax6000 Ceiling Mount Wifi 6","description":"Compra Eap683 Ur Access Point Tp-link Omada Ax6000 Ceiling Mount Wifi 6 + Env\u00edo a domicilio + Pago seguro + Garant\u00eda","robots":{"index":"index","follow":"follow","max-snippet":"max-snippet:-1","max-image-preview":"max-image-preview:large","max-video-preview":"max-video-preview:-1"},"canonical":"https:\/\/compuviper.mx\/tienda\/producto\/tp-link-eap683-ur-access-point-tp-link-omada-ax6000-ceiling-mount-wifi-6\/","og_locale":"es_MX","og_type":"article","og_title":"[ Tp Link ] &#129351; Eap683 Ur Access Point Tp-link Omada Ax6000 Ceiling Mount Wifi 6","og_description":"Compra Eap683 Ur Access Point Tp-link Omada Ax6000 Ceiling Mount Wifi 6 + Env\u00edo a domicilio + Pago seguro + Garant\u00eda","og_url":"https:\/\/compuviper.mx\/tienda\/producto\/tp-link-eap683-ur-access-point-tp-link-omada-ax6000-ceiling-mount-wifi-6\/","og_site_name":"Compuviper","article_publisher":"https:\/\/www.facebook.com\/compuviper","og_image":[{"width":200,"height":200,"url":"https:\/\/compuviper.mx\/tienda\/wp-content\/uploads\/2025\/10\/Access-point-tp-link-eap683-ur-wifi-6-para-montaje-en-techo-ax6000.jpg","type":"image\/jpeg"}],"twitter_card":"summary_large_image","twitter_misc":{"Precio":"&#36;3,196 con IVA","Availability":"On backorder"},"schema":{"@context":"https:\/\/schema.org","@graph":[{"@type":"WebPage","@id":"https:\/\/compuviper.mx\/tienda\/producto\/tp-link-eap683-ur-access-point-tp-link-omada-ax6000-ceiling-mount-wifi-6\/","url":"https:\/\/compuviper.mx\/tienda\/producto\/tp-link-eap683-ur-access-point-tp-link-omada-ax6000-ceiling-mount-wifi-6\/","name":"[ Tp Link ] &#129351; Eap683 Ur Access Point Tp-link Omada Ax6000 Ceiling Mount Wifi 6","isPartOf":{"@id":"https:\/\/compuviper.mx\/tienda\/#website"},"datePublished":"2026-04-18T07:14:56+00:00","dateModified":"2026-04-18T07:14:56+00:00","description":"Compra Eap683 Ur Access Point Tp-link Omada Ax6000 Ceiling Mount Wifi 6 + Env\u00edo a domicilio + Pago seguro + Garant\u00eda","breadcrumb":{"@id":"https:\/\/compuviper.mx\/tienda\/producto\/tp-link-eap683-ur-access-point-tp-link-omada-ax6000-ceiling-mount-wifi-6\/#breadcrumb"},"inLanguage":"es-MX","potentialAction":[{"@type":"ReadAction","target":["https:\/\/compuviper.mx\/tienda\/producto\/tp-link-eap683-ur-access-point-tp-link-omada-ax6000-ceiling-mount-wifi-6\/"]}]},{"@type":"BreadcrumbList","@id":"https:\/\/compuviper.mx\/tienda\/producto\/tp-link-eap683-ur-access-point-tp-link-omada-ax6000-ceiling-mount-wifi-6\/#breadcrumb","itemListElement":[{"@type":"ListItem","position":1,"name":"Inicio","item":"https:\/\/compuviper.mx\/tienda\/"},{"@type":"ListItem","position":2,"name":"Productos","item":"https:\/\/compuviper.mx\/tienda\/productos\/"},{"@type":"ListItem","position":3,"name":"Redes","item":"https:\/\/compuviper.mx\/tienda\/categoria-producto\/redes\/"},{"@type":"ListItem","position":4,"name":"Access Point","item":"https:\/\/compuviper.mx\/tienda\/categoria-producto\/redes\/access-point\/"},{"@type":"ListItem","position":5,"name":"Tp Link Eap683 Ur Access Point Tp-link Omada Ax6000 Ceiling Mount Wifi 6"}]},{"@type":"WebSite","@id":"https:\/\/compuviper.mx\/tienda\/#website","url":"https:\/\/compuviper.mx\/tienda\/","name":"Compuviper","description":"Proveedor de Computadoras, Laptops, Servidores, Monitores, Puntos de Venta, Teclados,   Impresoras, T\u00f3ner, C\u00e1maras de Seguridad y m\u00e1s en tu tienda en l\u00ednea","publisher":{"@id":"https:\/\/compuviper.mx\/tienda\/#organization"},"potentialAction":[{"@type":"SearchAction","target":{"@type":"EntryPoint","urlTemplate":"https:\/\/compuviper.mx\/tienda\/?s={search_term_string}"},"query-input":"required name=search_term_string"}],"inLanguage":"es-MX"},{"@type":"Organization","@id":"https:\/\/compuviper.mx\/tienda\/#organization","name":"Compuviper","url":"https:\/\/compuviper.mx\/tienda\/","logo":{"@type":"ImageObject","inLanguage":"es-MX","@id":"https:\/\/compuviper.mx\/tienda\/#\/schema\/logo\/image\/","url":"https:\/\/compuviper.mx\/tienda\/wp-content\/uploads\/2021\/08\/Logo-Compuviper-10.png","contentUrl":"https:\/\/compuviper.mx\/tienda\/wp-content\/uploads\/2021\/08\/Logo-Compuviper-10.png","width":1000,"height":500,"caption":"Compuviper"},"image":{"@id":"https:\/\/compuviper.mx\/tienda\/#\/schema\/logo\/image\/"},"sameAs":["https:\/\/www.facebook.com\/compuviper","https:\/\/www.youtube.com\/channel\/UCf73dERp9Y3cfOq7q8BhLjA?view_as=subscriber"]}]},"product_brand":"TP LINK","product_price_amount":"3196","product_price_currency":"MXN","og_availability":"backorder","product_availability":"available for order","product_retailer_item_id":"EAP683 UR","product_condition":"new"},"_links":{"self":[{"href":"https:\/\/compuviper.mx\/tienda\/wp-json\/wp\/v2\/product\/255365"}],"collection":[{"href":"https:\/\/compuviper.mx\/tienda\/wp-json\/wp\/v2\/product"}],"about":[{"href":"https:\/\/compuviper.mx\/tienda\/wp-json\/wp\/v2\/types\/product"}],"replies":[{"embeddable":true,"href":"https:\/\/compuviper.mx\/tienda\/wp-json\/wp\/v2\/comments?post=255365"}],"wp:featuredmedia":[{"embeddable":true,"href":"https:\/\/compuviper.mx\/tienda\/wp-json\/wp\/v2\/media\/260203"}],"wp:attachment":[{"href":"https:\/\/compuviper.mx\/tienda\/wp-json\/wp\/v2\/media?parent=255365"}],"wp:term":[{"taxonomy":"product_cat","embeddable":true,"href":"https:\/\/compuviper.mx\/tienda\/wp-json\/wp\/v2\/product_cat?post=255365"},{"taxonomy":"product_tag","embeddable":true,"href":"https:\/\/compuviper.mx\/tienda\/wp-json\/wp\/v2\/product_tag?post=255365"}],"curies":[{"name":"wp","href":"https:\/\/api.w.org\/{rel}","templated":true}]}}