{"id":255364,"date":"2026-04-18T01:14:55","date_gmt":"2026-04-18T07:14:55","guid":{"rendered":"https:\/\/compuviper.mx\/tienda\/producto\/tp-link-eap625-outdoor-hd-access-point-tp-link-ax1800-indoor-outdoor-wi-fi-6-access-point\/"},"modified":"2026-04-18T01:14:55","modified_gmt":"2026-04-18T07:14:55","slug":"tp-link-eap625-outdoor-hd-access-point-tp-link-omada-ax1800-indoor-outdoor-wifi-6","status":"publish","type":"product","link":"https:\/\/compuviper.mx\/tienda\/producto\/tp-link-eap625-outdoor-hd-access-point-tp-link-omada-ax1800-indoor-outdoor-wifi-6\/","title":{"rendered":"Tp Link Eap625-outdoor Hd Access Point Tp-link  Omada Ax1800 Indoor\/outdoor Wifi 6"},"content":{"rendered":"<table class=\"descripcion\">\n<tr>\n<td>-caracter\u00edsticas de hardware<\/td>\n<\/tr>\n<tr>\n<td>Interfaz 1 puerto gigabit ethernet<\/td>\n<\/tr>\n<tr>\n<td>Botones reiniciar<\/td>\n<\/tr>\n<tr>\n<td>Fuente de alimentaci\u00f3n \u0095 poe 802.3at<\/td>\n<\/tr>\n<tr>\n<td>\u0095 poe pasivo de 48 v<\/td>\n<\/tr>\n<tr>\n<td>Nota: el adaptador poe no est\u00e1 incluido.<\/td>\n<\/tr>\n<tr>\n<td>Consumo de potencia \u0095 ue: 12,5 w (802.3at poe o poe pasivo)<\/td>\n<\/tr>\n<tr>\n<td>\u0095 ee. uu.: 14,7 w (802.3at poe o poe pasivo)<\/td>\n<\/tr>\n<tr>\n<td>Dimensiones 11,0 x 7,2 x 2,2 pulgadas (280,4 \u00d7 182,2 \u00d7 56,9 mm) *5<\/td>\n<\/tr>\n<tr>\n<td>Antenas 2 antenas omnidireccionales externas de doble banda<\/td>\n<\/tr>\n<tr>\n<td>\u0095 2,4 ghz: 3,0 dbi;<\/td>\n<\/tr>\n<tr>\n<td>\u0095 5 ghz: 5,0 dbi<\/td>\n<\/tr>\n<tr>\n<td>Bluetooth v5.2<\/td>\n<\/tr>\n<tr>\n<td>Carcasa resistente a la intemperie ip67<\/td>\n<\/tr>\n<tr>\n<td>Montaje montaje en poste\/pared (kits incluidos)<\/td>\n<\/tr>\n<tr>\n<td>-caracter\u00edsticas inal\u00e1mbricas<\/td>\n<\/tr>\n<tr>\n<td>Clientes concurrentes 1.020+ 3<\/td>\n<\/tr>\n<tr>\n<td>Est\u00e1ndares inal\u00e1mbricos ieee 802.11 a\/b\/g\/n\/ac\/ax<\/td>\n<\/tr>\n<tr>\n<td>Frecuencia 5 ghz y 2,4 ghz<\/td>\n<\/tr>\n<tr>\n<td>Tasa de se\u00f1al \u0095 5 ghz: hasta 1201 mbps<\/td>\n<\/tr>\n<tr>\n<td>\u0095 2,4 ghz: hasta 574 mbps<\/td>\n<\/tr>\n<tr>\n<td>Funciones inal\u00e1mbricas \u0095 malla *4<\/td>\n<\/tr>\n<tr>\n<td>\u0095 roaming ininterrumpido (802.11k\/v\/r) *4<\/td>\n<\/tr>\n<tr>\n<td>\u0095 asignaci\u00f3n autom\u00e1tica de canales<\/td>\n<\/tr>\n<tr>\n<td>\u0095 balance de carga<\/td>\n<\/tr>\n<tr>\n<td>\u0095 direccionamiento de banda<\/td>\n<\/tr>\n<tr>\n<td>\u0095 formaci\u00f3n de haces<\/td>\n<\/tr>\n<tr>\n<td>\u0095 equidad de tiempo de transmisi\u00f3n<\/td>\n<\/tr>\n<tr>\n<td>\u0095 m\u00faltiples ssid: 16 (8 para cada banda)<\/td>\n<\/tr>\n<tr>\n<td>\u0095 mu-mimo (2&#215;2 mu-mimo dl)<\/td>\n<\/tr>\n<tr>\n<td>\u0095 estad\u00edsticas inal\u00e1mbricas<\/td>\n<\/tr>\n<tr>\n<td>\u0095 programaci\u00f3n inal\u00e1mbrica<\/td>\n<\/tr>\n<tr>\n<td>\u0095 programaci\u00f3n de reinicios \u0095<\/td>\n<\/tr>\n<tr>\n<td>Contabilidad radius<\/td>\n<\/tr>\n<tr>\n<td>\u0095 autenticaci\u00f3n mac<\/td>\n<\/tr>\n<tr>\n<td>\u0095 ip est\u00e1tica\/ip din\u00e1mica<\/td>\n<\/tr>\n<tr>\n<td>Seguridad inal\u00e1mbrica \u0095 vlan<\/td>\n<\/tr>\n<tr>\n<td>\u0095 control de acceso<\/td>\n<\/tr>\n<tr>\n<td>\u0095 detecci\u00f3n de puntos de acceso no autorizados<\/td>\n<\/tr>\n<tr>\n<td>\u0095 autenticaci\u00f3n de portal cautivo *4<\/td>\n<\/tr>\n<tr>\n<td>\u0095 n\u00famero m\u00e1ximo de filtros mac: 4000<\/td>\n<\/tr>\n<tr>\n<td>\u0095 aislamiento inal\u00e1mbrico entre clientes<\/td>\n<\/tr>\n<tr>\n<td>\u0095 wpa-personal\/enterprise, wpa2-personal\/enterprise, wpa3-personal\/enterprise<\/td>\n<\/tr>\n<tr>\n<td>\u0095 compatibilidad con 802.1x<\/td>\n<\/tr>\n<tr>\n<td>Potencia de transmisi\u00f3n \u0095 ce:   20 dbm (2,4 ghz, pire),   30 dbm (5 ghz, pire);<\/td>\n<\/tr>\n<tr>\n<td>\u0095 fcc:   25 dbm (2,4 ghz),   25 dbm (5 ghz)<\/td>\n<\/tr>\n<\/table>\n","protected":false},"excerpt":{"rendered":"<p>-velocidades superiores wifi 6. Ofrece velocidades de doble banda de hasta 1.8 gbps impulsadas por la \u00faltima tecnolog\u00eda wifi 6. -mayor eficiencia en la red. 1024-qam, ofdma, mu-mimo. -alda densidad. Conectividad para m\u00e1s de 1.000 clientes. -cobertura de largo alcance: amplificador de alta potencia y antenas profesionales. -protecci\u00f3n ip67. Resistente al agua y al polvo perfecto para entornos exteriores. -gesti\u00f3n centralizada en la nube: se integra en omada sdn para acceso en la nube y gesti\u00f3n remota, omada mesh y roaming sin interrupciones. -alimentaci\u00f3n poe+. Admite poe 802.3at (adaptador no incluido)<\/p>\n","protected":false},"featured_media":260202,"comment_status":"open","ping_status":"open","template":"","meta":[],"product_cat":[1563,1754],"product_tag":[1562],"acf":[],"yoast_head":"<!-- This site is optimized with the Yoast SEO plugin v21.7 - https:\/\/yoast.com\/wordpress\/plugins\/seo\/ -->\n<title>[ Tp Link ] &#129351; Eap625-outdoor Hd Access Point Tp-link Omada Ax1800 Indoor\/outdoor Wifi 6<\/title>\n<meta name=\"description\" content=\"Compra Eap625-outdoor Hd Access Point Tp-link Omada Ax1800 Indoor\/outdoor Wifi 6 + Env\u00edo a domicilio + Pago seguro + Garant\u00eda\" \/>\n<meta name=\"robots\" content=\"index, follow, max-snippet:-1, max-image-preview:large, max-video-preview:-1\" \/>\n<link rel=\"canonical\" href=\"https:\/\/compuviper.mx\/tienda\/producto\/tp-link-eap625-outdoor-hd-access-point-tp-link-omada-ax1800-indoor-outdoor-wifi-6\/\" \/>\n<meta property=\"og:locale\" content=\"es_MX\" \/>\n<meta property=\"og:type\" content=\"article\" \/>\n<meta property=\"og:title\" content=\"[ Tp Link ] &#129351; Eap625-outdoor Hd Access Point Tp-link Omada Ax1800 Indoor\/outdoor Wifi 6\" \/>\n<meta property=\"og:description\" content=\"Compra Eap625-outdoor Hd Access Point Tp-link Omada Ax1800 Indoor\/outdoor Wifi 6 + Env\u00edo a domicilio + Pago seguro + Garant\u00eda\" \/>\n<meta property=\"og:url\" content=\"https:\/\/compuviper.mx\/tienda\/producto\/tp-link-eap625-outdoor-hd-access-point-tp-link-omada-ax1800-indoor-outdoor-wifi-6\/\" \/>\n<meta property=\"og:site_name\" content=\"Compuviper\" \/>\n<meta property=\"article:publisher\" content=\"https:\/\/www.facebook.com\/compuviper\" \/>\n<meta property=\"og:image\" content=\"https:\/\/compuviper.mx\/tienda\/wp-content\/uploads\/2025\/10\/Access-point-tp-link-eap625-outdoor-hd-ax1800-indooroutdoor-wi-fi-6-access-point.jpg\" \/>\n\t<meta property=\"og:image:width\" content=\"200\" \/>\n\t<meta property=\"og:image:height\" content=\"200\" \/>\n\t<meta property=\"og:image:type\" content=\"image\/jpeg\" \/>\n<meta name=\"twitter:card\" content=\"summary_large_image\" \/>\n<meta name=\"twitter:label1\" content=\"Precio\" \/>\n\t<meta name=\"twitter:data1\" content=\"&#36;2,843 con IVA\" \/>\n\t<meta name=\"twitter:label2\" content=\"Availability\" \/>\n\t<meta name=\"twitter:data2\" content=\"On backorder\" \/>\n<script type=\"application\/ld+json\" class=\"yoast-schema-graph\">{\"@context\":\"https:\/\/schema.org\",\"@graph\":[{\"@type\":\"WebPage\",\"@id\":\"https:\/\/compuviper.mx\/tienda\/producto\/tp-link-eap625-outdoor-hd-access-point-tp-link-omada-ax1800-indoor-outdoor-wifi-6\/\",\"url\":\"https:\/\/compuviper.mx\/tienda\/producto\/tp-link-eap625-outdoor-hd-access-point-tp-link-omada-ax1800-indoor-outdoor-wifi-6\/\",\"name\":\"[ Tp Link ] &#129351; Eap625-outdoor Hd Access Point Tp-link Omada Ax1800 Indoor\/outdoor Wifi 6\",\"isPartOf\":{\"@id\":\"https:\/\/compuviper.mx\/tienda\/#website\"},\"datePublished\":\"2026-04-18T07:14:55+00:00\",\"dateModified\":\"2026-04-18T07:14:55+00:00\",\"description\":\"Compra Eap625-outdoor Hd Access Point Tp-link Omada Ax1800 Indoor\/outdoor Wifi 6 + Env\u00edo a domicilio + Pago seguro + Garant\u00eda\",\"breadcrumb\":{\"@id\":\"https:\/\/compuviper.mx\/tienda\/producto\/tp-link-eap625-outdoor-hd-access-point-tp-link-omada-ax1800-indoor-outdoor-wifi-6\/#breadcrumb\"},\"inLanguage\":\"es-MX\",\"potentialAction\":[{\"@type\":\"ReadAction\",\"target\":[\"https:\/\/compuviper.mx\/tienda\/producto\/tp-link-eap625-outdoor-hd-access-point-tp-link-omada-ax1800-indoor-outdoor-wifi-6\/\"]}]},{\"@type\":\"BreadcrumbList\",\"@id\":\"https:\/\/compuviper.mx\/tienda\/producto\/tp-link-eap625-outdoor-hd-access-point-tp-link-omada-ax1800-indoor-outdoor-wifi-6\/#breadcrumb\",\"itemListElement\":[{\"@type\":\"ListItem\",\"position\":1,\"name\":\"Inicio\",\"item\":\"https:\/\/compuviper.mx\/tienda\/\"},{\"@type\":\"ListItem\",\"position\":2,\"name\":\"Productos\",\"item\":\"https:\/\/compuviper.mx\/tienda\/productos\/\"},{\"@type\":\"ListItem\",\"position\":3,\"name\":\"Redes\",\"item\":\"https:\/\/compuviper.mx\/tienda\/categoria-producto\/redes\/\"},{\"@type\":\"ListItem\",\"position\":4,\"name\":\"Access Point\",\"item\":\"https:\/\/compuviper.mx\/tienda\/categoria-producto\/redes\/access-point\/\"},{\"@type\":\"ListItem\",\"position\":5,\"name\":\"Tp Link Eap625-outdoor Hd Access Point Tp-link Omada Ax1800 Indoor\/outdoor Wifi 6\"}]},{\"@type\":\"WebSite\",\"@id\":\"https:\/\/compuviper.mx\/tienda\/#website\",\"url\":\"https:\/\/compuviper.mx\/tienda\/\",\"name\":\"Compuviper\",\"description\":\"Proveedor de Computadoras, Laptops, Servidores, Monitores, Puntos de Venta, Teclados,   Impresoras, T\u00f3ner, C\u00e1maras de Seguridad y m\u00e1s en tu tienda en l\u00ednea\",\"publisher\":{\"@id\":\"https:\/\/compuviper.mx\/tienda\/#organization\"},\"potentialAction\":[{\"@type\":\"SearchAction\",\"target\":{\"@type\":\"EntryPoint\",\"urlTemplate\":\"https:\/\/compuviper.mx\/tienda\/?s={search_term_string}\"},\"query-input\":\"required name=search_term_string\"}],\"inLanguage\":\"es-MX\"},{\"@type\":\"Organization\",\"@id\":\"https:\/\/compuviper.mx\/tienda\/#organization\",\"name\":\"Compuviper\",\"url\":\"https:\/\/compuviper.mx\/tienda\/\",\"logo\":{\"@type\":\"ImageObject\",\"inLanguage\":\"es-MX\",\"@id\":\"https:\/\/compuviper.mx\/tienda\/#\/schema\/logo\/image\/\",\"url\":\"https:\/\/compuviper.mx\/tienda\/wp-content\/uploads\/2021\/08\/Logo-Compuviper-10.png\",\"contentUrl\":\"https:\/\/compuviper.mx\/tienda\/wp-content\/uploads\/2021\/08\/Logo-Compuviper-10.png\",\"width\":1000,\"height\":500,\"caption\":\"Compuviper\"},\"image\":{\"@id\":\"https:\/\/compuviper.mx\/tienda\/#\/schema\/logo\/image\/\"},\"sameAs\":[\"https:\/\/www.facebook.com\/compuviper\",\"https:\/\/www.youtube.com\/channel\/UCf73dERp9Y3cfOq7q8BhLjA?view_as=subscriber\"]}]}<\/script>\n<meta property=\"product:brand\" content=\"TP LINK\" \/>\n<meta property=\"product:price:amount\" content=\"2843\" \/>\n<meta property=\"product:price:currency\" content=\"MXN\" \/>\n<meta property=\"og:availability\" content=\"backorder\" \/>\n<meta property=\"product:availability\" content=\"available for order\" \/>\n<meta property=\"product:retailer_item_id\" content=\"EAP625-OUTDOOR HD\" \/>\n<meta property=\"product:condition\" content=\"new\" \/>\n<!-- \/ Yoast SEO plugin. -->","yoast_head_json":{"title":"[ Tp Link ] &#129351; Eap625-outdoor Hd Access Point Tp-link Omada Ax1800 Indoor\/outdoor Wifi 6","description":"Compra Eap625-outdoor Hd Access Point Tp-link Omada Ax1800 Indoor\/outdoor Wifi 6 + Env\u00edo a domicilio + Pago seguro + Garant\u00eda","robots":{"index":"index","follow":"follow","max-snippet":"max-snippet:-1","max-image-preview":"max-image-preview:large","max-video-preview":"max-video-preview:-1"},"canonical":"https:\/\/compuviper.mx\/tienda\/producto\/tp-link-eap625-outdoor-hd-access-point-tp-link-omada-ax1800-indoor-outdoor-wifi-6\/","og_locale":"es_MX","og_type":"article","og_title":"[ Tp Link ] &#129351; Eap625-outdoor Hd Access Point Tp-link Omada Ax1800 Indoor\/outdoor Wifi 6","og_description":"Compra Eap625-outdoor Hd Access Point Tp-link Omada Ax1800 Indoor\/outdoor Wifi 6 + Env\u00edo a domicilio + Pago seguro + Garant\u00eda","og_url":"https:\/\/compuviper.mx\/tienda\/producto\/tp-link-eap625-outdoor-hd-access-point-tp-link-omada-ax1800-indoor-outdoor-wifi-6\/","og_site_name":"Compuviper","article_publisher":"https:\/\/www.facebook.com\/compuviper","og_image":[{"width":200,"height":200,"url":"https:\/\/compuviper.mx\/tienda\/wp-content\/uploads\/2025\/10\/Access-point-tp-link-eap625-outdoor-hd-ax1800-indooroutdoor-wi-fi-6-access-point.jpg","type":"image\/jpeg"}],"twitter_card":"summary_large_image","twitter_misc":{"Precio":"&#36;2,843 con IVA","Availability":"On backorder"},"schema":{"@context":"https:\/\/schema.org","@graph":[{"@type":"WebPage","@id":"https:\/\/compuviper.mx\/tienda\/producto\/tp-link-eap625-outdoor-hd-access-point-tp-link-omada-ax1800-indoor-outdoor-wifi-6\/","url":"https:\/\/compuviper.mx\/tienda\/producto\/tp-link-eap625-outdoor-hd-access-point-tp-link-omada-ax1800-indoor-outdoor-wifi-6\/","name":"[ Tp Link ] &#129351; Eap625-outdoor Hd Access Point Tp-link Omada Ax1800 Indoor\/outdoor Wifi 6","isPartOf":{"@id":"https:\/\/compuviper.mx\/tienda\/#website"},"datePublished":"2026-04-18T07:14:55+00:00","dateModified":"2026-04-18T07:14:55+00:00","description":"Compra Eap625-outdoor Hd Access Point Tp-link Omada Ax1800 Indoor\/outdoor Wifi 6 + Env\u00edo a domicilio + Pago seguro + Garant\u00eda","breadcrumb":{"@id":"https:\/\/compuviper.mx\/tienda\/producto\/tp-link-eap625-outdoor-hd-access-point-tp-link-omada-ax1800-indoor-outdoor-wifi-6\/#breadcrumb"},"inLanguage":"es-MX","potentialAction":[{"@type":"ReadAction","target":["https:\/\/compuviper.mx\/tienda\/producto\/tp-link-eap625-outdoor-hd-access-point-tp-link-omada-ax1800-indoor-outdoor-wifi-6\/"]}]},{"@type":"BreadcrumbList","@id":"https:\/\/compuviper.mx\/tienda\/producto\/tp-link-eap625-outdoor-hd-access-point-tp-link-omada-ax1800-indoor-outdoor-wifi-6\/#breadcrumb","itemListElement":[{"@type":"ListItem","position":1,"name":"Inicio","item":"https:\/\/compuviper.mx\/tienda\/"},{"@type":"ListItem","position":2,"name":"Productos","item":"https:\/\/compuviper.mx\/tienda\/productos\/"},{"@type":"ListItem","position":3,"name":"Redes","item":"https:\/\/compuviper.mx\/tienda\/categoria-producto\/redes\/"},{"@type":"ListItem","position":4,"name":"Access Point","item":"https:\/\/compuviper.mx\/tienda\/categoria-producto\/redes\/access-point\/"},{"@type":"ListItem","position":5,"name":"Tp Link Eap625-outdoor Hd Access Point Tp-link Omada Ax1800 Indoor\/outdoor Wifi 6"}]},{"@type":"WebSite","@id":"https:\/\/compuviper.mx\/tienda\/#website","url":"https:\/\/compuviper.mx\/tienda\/","name":"Compuviper","description":"Proveedor de Computadoras, Laptops, Servidores, Monitores, Puntos de Venta, Teclados,   Impresoras, T\u00f3ner, C\u00e1maras de Seguridad y m\u00e1s en tu tienda en l\u00ednea","publisher":{"@id":"https:\/\/compuviper.mx\/tienda\/#organization"},"potentialAction":[{"@type":"SearchAction","target":{"@type":"EntryPoint","urlTemplate":"https:\/\/compuviper.mx\/tienda\/?s={search_term_string}"},"query-input":"required name=search_term_string"}],"inLanguage":"es-MX"},{"@type":"Organization","@id":"https:\/\/compuviper.mx\/tienda\/#organization","name":"Compuviper","url":"https:\/\/compuviper.mx\/tienda\/","logo":{"@type":"ImageObject","inLanguage":"es-MX","@id":"https:\/\/compuviper.mx\/tienda\/#\/schema\/logo\/image\/","url":"https:\/\/compuviper.mx\/tienda\/wp-content\/uploads\/2021\/08\/Logo-Compuviper-10.png","contentUrl":"https:\/\/compuviper.mx\/tienda\/wp-content\/uploads\/2021\/08\/Logo-Compuviper-10.png","width":1000,"height":500,"caption":"Compuviper"},"image":{"@id":"https:\/\/compuviper.mx\/tienda\/#\/schema\/logo\/image\/"},"sameAs":["https:\/\/www.facebook.com\/compuviper","https:\/\/www.youtube.com\/channel\/UCf73dERp9Y3cfOq7q8BhLjA?view_as=subscriber"]}]},"product_brand":"TP LINK","product_price_amount":"2843","product_price_currency":"MXN","og_availability":"backorder","product_availability":"available for order","product_retailer_item_id":"EAP625-OUTDOOR HD","product_condition":"new"},"_links":{"self":[{"href":"https:\/\/compuviper.mx\/tienda\/wp-json\/wp\/v2\/product\/255364"}],"collection":[{"href":"https:\/\/compuviper.mx\/tienda\/wp-json\/wp\/v2\/product"}],"about":[{"href":"https:\/\/compuviper.mx\/tienda\/wp-json\/wp\/v2\/types\/product"}],"replies":[{"embeddable":true,"href":"https:\/\/compuviper.mx\/tienda\/wp-json\/wp\/v2\/comments?post=255364"}],"wp:featuredmedia":[{"embeddable":true,"href":"https:\/\/compuviper.mx\/tienda\/wp-json\/wp\/v2\/media\/260202"}],"wp:attachment":[{"href":"https:\/\/compuviper.mx\/tienda\/wp-json\/wp\/v2\/media?parent=255364"}],"wp:term":[{"taxonomy":"product_cat","embeddable":true,"href":"https:\/\/compuviper.mx\/tienda\/wp-json\/wp\/v2\/product_cat?post=255364"},{"taxonomy":"product_tag","embeddable":true,"href":"https:\/\/compuviper.mx\/tienda\/wp-json\/wp\/v2\/product_tag?post=255364"}],"curies":[{"name":"wp","href":"https:\/\/api.w.org\/{rel}","templated":true}]}}