{"id":255363,"date":"2026-04-02T01:10:50","date_gmt":"2026-04-02T07:10:50","guid":{"rendered":"https:\/\/compuviper.mx\/tienda\/producto\/tp-link-mr62x-router-tp-link-ax1500-wi-fi-6-router\/"},"modified":"2026-04-02T01:10:50","modified_gmt":"2026-04-02T07:10:50","slug":"tp-link-mr62x-router-tp-link-ax1500-wi-fi-6-router","status":"publish","type":"product","link":"https:\/\/compuviper.mx\/tienda\/producto\/tp-link-mr62x-router-tp-link-ax1500-wi-fi-6-router\/","title":{"rendered":"Tp Link Mr62x Router | Tp-link |  | Ax1500 Wi-fi 6 Router"},"content":{"rendered":"<table class=\"descripcion\">\n<tr>\n<td>-inal\u00e1mbrico<\/td>\n<\/tr>\n<tr>\n<td> est\u00e1ndares inal\u00e1mbricos:<\/td>\n<\/tr>\n<tr>\n<td>Compatible con los est\u00e1ndares wi-fi 802.11ax\/ac\/a\/b\/g\/n<\/td>\n<\/tr>\n<tr>\n<td> velocidad de la se\u00f1al:<\/td>\n<\/tr>\n<tr>\n<td>1201 mbps (5 ghz) + 300 mbps (2,4 ghz)<\/td>\n<\/tr>\n<tr>\n<td> sensibilidad de recepci\u00f3n:<\/td>\n<\/tr>\n<tr>\n<td>11g 6 mbps: -96 dbm<\/td>\n<\/tr>\n<tr>\n<td>11g 54 mbps: -78 dbm<\/td>\n<\/tr>\n<tr>\n<td>11n ht40 mcs7: -74 dbm<\/td>\n<\/tr>\n<tr>\n<td>11n ht20 mcs7: -77<\/td>\n<\/tr>\n<tr>\n<td>Dbm 11a 6 mbps: -94 dbm<\/td>\n<\/tr>\n<tr>\n<td>11a 54 mbps: -76 dbm<\/td>\n<\/tr>\n<tr>\n<td>11ac vht20 mcs8: -71 dbm<\/td>\n<\/tr>\n<tr>\n<td>11ac vht40 mcs8: -68 dbm<\/td>\n<\/tr>\n<tr>\n<td>11ac vht80 mcs8: -65 dbm<\/td>\n<\/tr>\n<tr>\n<td> seguridad inal\u00e1mbrica:<\/td>\n<\/tr>\n<tr>\n<td>Wpa \/ wpa2-personal<\/td>\n<\/tr>\n<tr>\n<td>Wpa2 \/ wpa3-personal<\/td>\n<\/tr>\n<tr>\n<td> funciones inal\u00e1mbricas:<\/td>\n<\/tr>\n<tr>\n<td>Habilitar\/deshabilitar radio inal\u00e1mbrica, wmm<\/td>\n<\/tr>\n<tr>\n<td>-software<\/td>\n<\/tr>\n<tr>\n<td> tipo de wan:<\/td>\n<\/tr>\n<tr>\n<td>Ip din\u00e1mica\/ip est\u00e1tica\/pppoe\/l2tp\/pptp<\/td>\n<\/tr>\n<tr>\n<td> gesti\u00f3n:<\/td>\n<\/tr>\n<tr>\n<td>Control de acceso<\/td>\n<\/tr>\n<tr>\n<td>Gesti\u00f3n local<\/td>\n<\/tr>\n<tr>\n<td>Gesti\u00f3n remota<\/td>\n<\/tr>\n<tr>\n<td> dhcp :<\/td>\n<\/tr>\n<tr>\n<td>Servidor, lista de clientes dhcp<\/td>\n<\/tr>\n<tr>\n<td> reenv\u00edo nat:<\/td>\n<\/tr>\n<tr>\n<td>Reenv\u00edo de puertos, activaci\u00f3n de puertos, upnp, dmz<\/td>\n<\/tr>\n<tr>\n<td> seguridad del firewall:<\/td>\n<\/tr>\n<tr>\n<td>Firewall spi, enlace de direcciones ip y mac<\/td>\n<\/tr>\n<tr>\n<td> red de invitados:<\/td>\n<\/tr>\n<tr>\n<td>Red de invitados de 2,4 ghz<\/td>\n<\/tr>\n<tr>\n<td>Red de invitados de 5 ghz<\/td>\n<\/tr>\n<tr>\n<td>-hardware<\/td>\n<\/tr>\n<tr>\n<td> dimensiones (an. x pr. x al.):<\/td>\n<\/tr>\n<tr>\n<td>5,2 \u00d7 3,7 \u00d7 1,2 pulgadas<\/td>\n<\/tr>\n<tr>\n<td>(132,14 \u00d7 94,81 \u00d7 30,5 mm)<\/td>\n<\/tr>\n<tr>\n<td> interfaces:<\/td>\n<\/tr>\n<tr>\n<td>1 puerto wan gigabit + 2 puertos lan gigabit<\/td>\n<\/tr>\n<tr>\n<td> bot\u00f3n:<\/td>\n<\/tr>\n<tr>\n<td>Bot\u00f3n de reinicio\/wps<\/td>\n<\/tr>\n<tr>\n<td> tipo de antena:<\/td>\n<\/tr>\n<tr>\n<td>Antenas omnidireccionales fijas de 4\u00d75 dbi<\/td>\n<\/tr>\n<tr>\n<td>-otros<\/td>\n<\/tr>\n<tr>\n<td> contenido del paquete:<\/td>\n<\/tr>\n<tr>\n<td>\u0095 enrutador wi-fi 6 ax1500 mr62x<\/td>\n<\/tr>\n<tr>\n<td>\u0095 adaptador de corriente<\/td>\n<\/tr>\n<tr>\n<td>\u0095 gu\u00eda de instalaci\u00f3n r\u00e1pida<\/td>\n<\/tr>\n<tr>\n<td>\u0095 cable ethernet rj45<\/td>\n<\/tr>\n<tr>\n<td> ambiente:<\/td>\n<\/tr>\n<tr>\n<td>\u0095 temperatura de funcionamiento: 0 \u00b0c ~ 40 \u00b0c (32 \u00b0f ~ 104 \u00b0f)<\/td>\n<\/tr>\n<tr>\n<td>\u0095 humedad de funcionamiento: 10 % ~ 90 % sin condensaci\u00f3n<\/td>\n<\/tr>\n<tr>\n<td>\u0095 humedad de almacenamiento: 5 % ~ 90 % sin condensaci\u00f3n<\/td>\n<\/tr>\n<\/table>\n","protected":false},"excerpt":{"rendered":"<p>-actualice su red con wi-fi 6: mr62x viene equipado con el \u00faltimo est\u00e1ndar wi-fi 6, que ofrece m\u00e1s conexiones simult\u00e1neas, extiende el alcance de wi-fi y mantiene transmisiones de datos r\u00e1pidas y confiables. -velocidades m\u00e1s r\u00e1pidas de 1,5 gbps : velocidades \u00f3ptimas de wifi 6 que alcanzan hasta 1,5 gbps (1201 mbps en la banda de 5 ghz y 300 mbps en la banda de 2,4 ghz. -capacidad de red mejorada : ofdma y mu-mimo permiten la transmisi\u00f3n simult\u00e1nea de datos hacia y desde varios dispositivos, lo que mejora la eficiencia general de la red. -cobertura m\u00e1s amplia y potente : 4 antenas multidireccionales de alta ganancia con beamforming impulsan conexiones estables en toda la casa para obtener se\u00f1ales wifi potentes en cada rinc\u00f3n. -conexiones cableadas gigabit : aproveche al m\u00e1ximo su acceso a internet y transfiera datos a velocidades vertiginosas para obtener el m\u00e1ximo rendimiento. -protecci\u00f3n de seguridad general : el \u00faltimo wpa3 proporciona una seguridad wifi mejorada. -menos interferencia de wifi : minimiza la interferencia de las se\u00f1ales vecinas para mejorar la eficiencia de transmisi\u00f3n con color bss. -smart connect : elige de forma inteligente la mejor banda disponible para cada dispositivo<\/p>\n","protected":false},"featured_media":260201,"comment_status":"open","ping_status":"open","template":"","meta":[],"product_cat":[1563,1753],"product_tag":[1562],"acf":[],"yoast_head":"<!-- This site is optimized with the Yoast SEO plugin v21.7 - https:\/\/yoast.com\/wordpress\/plugins\/seo\/ -->\n<title>[ Tp Link ] &#129351; Mr62x Router | Tp-link | | Ax1500 Wi-fi 6 Router<\/title>\n<meta name=\"description\" content=\"Compra Mr62x Router | Tp-link | | Ax1500 Wi-fi 6 Router + Env\u00edo a domicilio + Pago seguro + Garant\u00eda\" \/>\n<meta name=\"robots\" content=\"index, follow, max-snippet:-1, max-image-preview:large, max-video-preview:-1\" \/>\n<link rel=\"canonical\" href=\"https:\/\/compuviper.mx\/tienda\/producto\/tp-link-mr62x-router-tp-link-ax1500-wi-fi-6-router\/\" \/>\n<meta property=\"og:locale\" content=\"es_MX\" \/>\n<meta property=\"og:type\" content=\"article\" \/>\n<meta property=\"og:title\" content=\"[ Tp Link ] &#129351; Mr62x Router | Tp-link | | Ax1500 Wi-fi 6 Router\" \/>\n<meta property=\"og:description\" content=\"Compra Mr62x Router | Tp-link | | Ax1500 Wi-fi 6 Router + Env\u00edo a domicilio + Pago seguro + Garant\u00eda\" \/>\n<meta property=\"og:url\" content=\"https:\/\/compuviper.mx\/tienda\/producto\/tp-link-mr62x-router-tp-link-ax1500-wi-fi-6-router\/\" \/>\n<meta property=\"og:site_name\" content=\"Compuviper\" \/>\n<meta property=\"article:publisher\" content=\"https:\/\/www.facebook.com\/compuviper\" \/>\n<meta property=\"og:image\" content=\"https:\/\/compuviper.mx\/tienda\/wp-content\/uploads\/2025\/10\/Router-tp-link-mr62x-ax1500-wi-fi-6-router.jpg\" \/>\n\t<meta property=\"og:image:width\" content=\"200\" \/>\n\t<meta property=\"og:image:height\" content=\"200\" \/>\n\t<meta property=\"og:image:type\" content=\"image\/jpeg\" \/>\n<meta name=\"twitter:card\" content=\"summary_large_image\" \/>\n<meta name=\"twitter:label1\" content=\"Precio\" \/>\n\t<meta name=\"twitter:data1\" content=\"&#36;459 con IVA\" \/>\n\t<meta name=\"twitter:label2\" content=\"Availability\" \/>\n\t<meta name=\"twitter:data2\" content=\"In stock\" \/>\n<script type=\"application\/ld+json\" class=\"yoast-schema-graph\">{\"@context\":\"https:\/\/schema.org\",\"@graph\":[{\"@type\":\"WebPage\",\"@id\":\"https:\/\/compuviper.mx\/tienda\/producto\/tp-link-mr62x-router-tp-link-ax1500-wi-fi-6-router\/\",\"url\":\"https:\/\/compuviper.mx\/tienda\/producto\/tp-link-mr62x-router-tp-link-ax1500-wi-fi-6-router\/\",\"name\":\"[ Tp Link ] &#129351; Mr62x Router | Tp-link | | Ax1500 Wi-fi 6 Router\",\"isPartOf\":{\"@id\":\"https:\/\/compuviper.mx\/tienda\/#website\"},\"datePublished\":\"2026-04-02T07:10:50+00:00\",\"dateModified\":\"2026-04-02T07:10:50+00:00\",\"description\":\"Compra Mr62x Router | Tp-link | | Ax1500 Wi-fi 6 Router + Env\u00edo a domicilio + Pago seguro + Garant\u00eda\",\"breadcrumb\":{\"@id\":\"https:\/\/compuviper.mx\/tienda\/producto\/tp-link-mr62x-router-tp-link-ax1500-wi-fi-6-router\/#breadcrumb\"},\"inLanguage\":\"es-MX\",\"potentialAction\":[{\"@type\":\"ReadAction\",\"target\":[\"https:\/\/compuviper.mx\/tienda\/producto\/tp-link-mr62x-router-tp-link-ax1500-wi-fi-6-router\/\"]}]},{\"@type\":\"BreadcrumbList\",\"@id\":\"https:\/\/compuviper.mx\/tienda\/producto\/tp-link-mr62x-router-tp-link-ax1500-wi-fi-6-router\/#breadcrumb\",\"itemListElement\":[{\"@type\":\"ListItem\",\"position\":1,\"name\":\"Inicio\",\"item\":\"https:\/\/compuviper.mx\/tienda\/\"},{\"@type\":\"ListItem\",\"position\":2,\"name\":\"Productos\",\"item\":\"https:\/\/compuviper.mx\/tienda\/productos\/\"},{\"@type\":\"ListItem\",\"position\":3,\"name\":\"Redes\",\"item\":\"https:\/\/compuviper.mx\/tienda\/categoria-producto\/redes\/\"},{\"@type\":\"ListItem\",\"position\":4,\"name\":\"Router\",\"item\":\"https:\/\/compuviper.mx\/tienda\/categoria-producto\/redes\/router\/\"},{\"@type\":\"ListItem\",\"position\":5,\"name\":\"Tp Link Mr62x Router | Tp-link | | Ax1500 Wi-fi 6 Router\"}]},{\"@type\":\"WebSite\",\"@id\":\"https:\/\/compuviper.mx\/tienda\/#website\",\"url\":\"https:\/\/compuviper.mx\/tienda\/\",\"name\":\"Compuviper\",\"description\":\"Proveedor de Computadoras, Laptops, Servidores, Monitores, Puntos de Venta, Teclados,   Impresoras, T\u00f3ner, C\u00e1maras de Seguridad y m\u00e1s en tu tienda en l\u00ednea\",\"publisher\":{\"@id\":\"https:\/\/compuviper.mx\/tienda\/#organization\"},\"potentialAction\":[{\"@type\":\"SearchAction\",\"target\":{\"@type\":\"EntryPoint\",\"urlTemplate\":\"https:\/\/compuviper.mx\/tienda\/?s={search_term_string}\"},\"query-input\":\"required name=search_term_string\"}],\"inLanguage\":\"es-MX\"},{\"@type\":\"Organization\",\"@id\":\"https:\/\/compuviper.mx\/tienda\/#organization\",\"name\":\"Compuviper\",\"url\":\"https:\/\/compuviper.mx\/tienda\/\",\"logo\":{\"@type\":\"ImageObject\",\"inLanguage\":\"es-MX\",\"@id\":\"https:\/\/compuviper.mx\/tienda\/#\/schema\/logo\/image\/\",\"url\":\"https:\/\/compuviper.mx\/tienda\/wp-content\/uploads\/2021\/08\/Logo-Compuviper-10.png\",\"contentUrl\":\"https:\/\/compuviper.mx\/tienda\/wp-content\/uploads\/2021\/08\/Logo-Compuviper-10.png\",\"width\":1000,\"height\":500,\"caption\":\"Compuviper\"},\"image\":{\"@id\":\"https:\/\/compuviper.mx\/tienda\/#\/schema\/logo\/image\/\"},\"sameAs\":[\"https:\/\/www.facebook.com\/compuviper\",\"https:\/\/www.youtube.com\/channel\/UCf73dERp9Y3cfOq7q8BhLjA?view_as=subscriber\"]}]}<\/script>\n<meta property=\"product:brand\" content=\"TP LINK\" \/>\n<meta property=\"product:price:amount\" content=\"459\" \/>\n<meta property=\"product:price:currency\" content=\"MXN\" \/>\n<meta property=\"og:availability\" content=\"instock\" \/>\n<meta property=\"product:availability\" content=\"instock\" \/>\n<meta property=\"product:retailer_item_id\" content=\"MR62X\" \/>\n<meta property=\"product:condition\" content=\"new\" \/>\n<!-- \/ Yoast SEO plugin. -->","yoast_head_json":{"title":"[ Tp Link ] &#129351; Mr62x Router | Tp-link | | Ax1500 Wi-fi 6 Router","description":"Compra Mr62x Router | Tp-link | | Ax1500 Wi-fi 6 Router + Env\u00edo a domicilio + Pago seguro + Garant\u00eda","robots":{"index":"index","follow":"follow","max-snippet":"max-snippet:-1","max-image-preview":"max-image-preview:large","max-video-preview":"max-video-preview:-1"},"canonical":"https:\/\/compuviper.mx\/tienda\/producto\/tp-link-mr62x-router-tp-link-ax1500-wi-fi-6-router\/","og_locale":"es_MX","og_type":"article","og_title":"[ Tp Link ] &#129351; Mr62x Router | Tp-link | | Ax1500 Wi-fi 6 Router","og_description":"Compra Mr62x Router | Tp-link | | Ax1500 Wi-fi 6 Router + Env\u00edo a domicilio + Pago seguro + Garant\u00eda","og_url":"https:\/\/compuviper.mx\/tienda\/producto\/tp-link-mr62x-router-tp-link-ax1500-wi-fi-6-router\/","og_site_name":"Compuviper","article_publisher":"https:\/\/www.facebook.com\/compuviper","og_image":[{"width":200,"height":200,"url":"https:\/\/compuviper.mx\/tienda\/wp-content\/uploads\/2025\/10\/Router-tp-link-mr62x-ax1500-wi-fi-6-router.jpg","type":"image\/jpeg"}],"twitter_card":"summary_large_image","twitter_misc":{"Precio":"&#36;459 con IVA","Availability":"In stock"},"schema":{"@context":"https:\/\/schema.org","@graph":[{"@type":"WebPage","@id":"https:\/\/compuviper.mx\/tienda\/producto\/tp-link-mr62x-router-tp-link-ax1500-wi-fi-6-router\/","url":"https:\/\/compuviper.mx\/tienda\/producto\/tp-link-mr62x-router-tp-link-ax1500-wi-fi-6-router\/","name":"[ Tp Link ] &#129351; Mr62x Router | Tp-link | | Ax1500 Wi-fi 6 Router","isPartOf":{"@id":"https:\/\/compuviper.mx\/tienda\/#website"},"datePublished":"2026-04-02T07:10:50+00:00","dateModified":"2026-04-02T07:10:50+00:00","description":"Compra Mr62x Router | Tp-link | | Ax1500 Wi-fi 6 Router + Env\u00edo a domicilio + Pago seguro + Garant\u00eda","breadcrumb":{"@id":"https:\/\/compuviper.mx\/tienda\/producto\/tp-link-mr62x-router-tp-link-ax1500-wi-fi-6-router\/#breadcrumb"},"inLanguage":"es-MX","potentialAction":[{"@type":"ReadAction","target":["https:\/\/compuviper.mx\/tienda\/producto\/tp-link-mr62x-router-tp-link-ax1500-wi-fi-6-router\/"]}]},{"@type":"BreadcrumbList","@id":"https:\/\/compuviper.mx\/tienda\/producto\/tp-link-mr62x-router-tp-link-ax1500-wi-fi-6-router\/#breadcrumb","itemListElement":[{"@type":"ListItem","position":1,"name":"Inicio","item":"https:\/\/compuviper.mx\/tienda\/"},{"@type":"ListItem","position":2,"name":"Productos","item":"https:\/\/compuviper.mx\/tienda\/productos\/"},{"@type":"ListItem","position":3,"name":"Redes","item":"https:\/\/compuviper.mx\/tienda\/categoria-producto\/redes\/"},{"@type":"ListItem","position":4,"name":"Router","item":"https:\/\/compuviper.mx\/tienda\/categoria-producto\/redes\/router\/"},{"@type":"ListItem","position":5,"name":"Tp Link Mr62x Router | Tp-link | | Ax1500 Wi-fi 6 Router"}]},{"@type":"WebSite","@id":"https:\/\/compuviper.mx\/tienda\/#website","url":"https:\/\/compuviper.mx\/tienda\/","name":"Compuviper","description":"Proveedor de Computadoras, Laptops, Servidores, Monitores, Puntos de Venta, Teclados,   Impresoras, T\u00f3ner, C\u00e1maras de Seguridad y m\u00e1s en tu tienda en l\u00ednea","publisher":{"@id":"https:\/\/compuviper.mx\/tienda\/#organization"},"potentialAction":[{"@type":"SearchAction","target":{"@type":"EntryPoint","urlTemplate":"https:\/\/compuviper.mx\/tienda\/?s={search_term_string}"},"query-input":"required name=search_term_string"}],"inLanguage":"es-MX"},{"@type":"Organization","@id":"https:\/\/compuviper.mx\/tienda\/#organization","name":"Compuviper","url":"https:\/\/compuviper.mx\/tienda\/","logo":{"@type":"ImageObject","inLanguage":"es-MX","@id":"https:\/\/compuviper.mx\/tienda\/#\/schema\/logo\/image\/","url":"https:\/\/compuviper.mx\/tienda\/wp-content\/uploads\/2021\/08\/Logo-Compuviper-10.png","contentUrl":"https:\/\/compuviper.mx\/tienda\/wp-content\/uploads\/2021\/08\/Logo-Compuviper-10.png","width":1000,"height":500,"caption":"Compuviper"},"image":{"@id":"https:\/\/compuviper.mx\/tienda\/#\/schema\/logo\/image\/"},"sameAs":["https:\/\/www.facebook.com\/compuviper","https:\/\/www.youtube.com\/channel\/UCf73dERp9Y3cfOq7q8BhLjA?view_as=subscriber"]}]},"product_brand":"TP LINK","product_price_amount":"459","product_price_currency":"MXN","og_availability":"instock","product_availability":"instock","product_retailer_item_id":"MR62X","product_condition":"new"},"_links":{"self":[{"href":"https:\/\/compuviper.mx\/tienda\/wp-json\/wp\/v2\/product\/255363"}],"collection":[{"href":"https:\/\/compuviper.mx\/tienda\/wp-json\/wp\/v2\/product"}],"about":[{"href":"https:\/\/compuviper.mx\/tienda\/wp-json\/wp\/v2\/types\/product"}],"replies":[{"embeddable":true,"href":"https:\/\/compuviper.mx\/tienda\/wp-json\/wp\/v2\/comments?post=255363"}],"wp:featuredmedia":[{"embeddable":true,"href":"https:\/\/compuviper.mx\/tienda\/wp-json\/wp\/v2\/media\/260201"}],"wp:attachment":[{"href":"https:\/\/compuviper.mx\/tienda\/wp-json\/wp\/v2\/media?parent=255363"}],"wp:term":[{"taxonomy":"product_cat","embeddable":true,"href":"https:\/\/compuviper.mx\/tienda\/wp-json\/wp\/v2\/product_cat?post=255363"},{"taxonomy":"product_tag","embeddable":true,"href":"https:\/\/compuviper.mx\/tienda\/wp-json\/wp\/v2\/product_tag?post=255363"}],"curies":[{"name":"wp","href":"https:\/\/api.w.org\/{rel}","templated":true}]}}