{"id":255362,"date":"2026-04-16T01:08:25","date_gmt":"2026-04-16T07:08:25","guid":{"rendered":"https:\/\/compuviper.mx\/tienda\/producto\/tp-link-ma30e-tarjeta-de-red-mercusys-tp-link-ac1200-wi-fi-bluetooth-pcie-adapter\/"},"modified":"2026-04-16T01:08:25","modified_gmt":"2026-04-16T07:08:25","slug":"tp-link-ma30e-tarjeta-de-red-mercusys-tp-link-ac1200-wi-fi-bluetooth-pcie-adapter","status":"publish","type":"product","link":"https:\/\/compuviper.mx\/tienda\/producto\/tp-link-ma30e-tarjeta-de-red-mercusys-tp-link-ac1200-wi-fi-bluetooth-pcie-adapter\/","title":{"rendered":"Tp Link Ma30e Tarjeta De Red Mercusys  | Tp-link |  | Ac1200 Wi-fi Bluetooth Pcie Adapter"},"content":{"rendered":"<table class=\"descripcion\">\n<tr>\n<td>-inal\u00e1mbrico<\/td>\n<\/tr>\n<tr>\n<td> est\u00e1ndares inal\u00e1mbricos:<\/td>\n<\/tr>\n<tr>\n<td>Ieee 802.11 a\/n\/ac 5 ghz<\/td>\n<\/tr>\n<tr>\n<td>Ieee 802.11 b\/g\/n 2,4 ghz<\/td>\n<\/tr>\n<tr>\n<td> velocidades de wifi:<\/td>\n<\/tr>\n<tr>\n<td>867 mbps en 5 ghz<\/td>\n<\/tr>\n<tr>\n<td>300 mbps en 2,4 ghz<\/td>\n<\/tr>\n<tr>\n<td> sensibilidad de recepci\u00f3n:<\/td>\n<\/tr>\n<tr>\n<td>5 ghz:<\/td>\n<\/tr>\n<tr>\n<td>11a 54 mbps: -77 dbm<\/td>\n<\/tr>\n<tr>\n<td>11ac vht80 mcs0: -92 dbm<\/td>\n<\/tr>\n<tr>\n<td>11ac vht80 mcs9: -64 dbm<\/td>\n<\/tr>\n<tr>\n<td>2,4 ghz:<\/td>\n<\/tr>\n<tr>\n<td>11 g 54 mbps: -76 dbm<\/td>\n<\/tr>\n<tr>\n<td>11n ht40 mcs7: -72 dbm<\/td>\n<\/tr>\n<tr>\n<td> seguridad inal\u00e1mbrica:<\/td>\n<\/tr>\n<tr>\n<td>Wpa-psk\/wpa2-psk\/wpa3-sae<\/td>\n<\/tr>\n<tr>\n<td>-hardware<\/td>\n<\/tr>\n<tr>\n<td> dimensiones<\/td>\n<\/tr>\n<tr>\n<td>8,9 \u00d7 4,8 \u00d7 0,85 pulgadas (226,3 \u00d7 120,8 \u00d7 21,5 mm)<\/td>\n<\/tr>\n<tr>\n<td> tipo de antena:<\/td>\n<\/tr>\n<tr>\n<td>2 antenas omnidireccionales fijas de alto rendimiento<\/td>\n<\/tr>\n<tr>\n<td>-otros<\/td>\n<\/tr>\n<tr>\n<td> contenido del paquete:<\/td>\n<\/tr>\n<tr>\n<td>Adaptador pcie bluetooth 5.0 wi-fi ac1200  (ma30e)<\/td>\n<\/tr>\n<tr>\n<td>Cable de cabecera bluetooth<\/td>\n<\/tr>\n<tr>\n<td>Gu\u00eda de instalaci\u00f3n r\u00e1pida<\/td>\n<\/tr>\n<tr>\n<td>Cd de recursos<\/td>\n<\/tr>\n<tr>\n<td> ambiente:<\/td>\n<\/tr>\n<tr>\n<td>Temperatura de funcionamiento: 0 \u00b0c ~ 40 \u00b0c (32 \u00b0f ~ 104 \u00b0f)<\/td>\n<\/tr>\n<tr>\n<td>Humedad de funcionamiento: 10 % ~ 90 % sin condensaci\u00f3n<\/td>\n<\/tr>\n<tr>\n<td>Humedad de almacenamiento: 5 % ~ 90 % sin condensaci\u00f3n<\/td>\n<\/tr>\n<tr>\n<td> requisitos del sistema:<\/td>\n<\/tr>\n<tr>\n<td>Los sistemas operativos compatibles incluyen windows 10, 11 (64 bits)<\/td>\n<\/tr>\n<\/table>\n","protected":false},"excerpt":{"rendered":"<p>-fuerte velocidad de wi-fi de banda dual : velocidades de hasta 867 mbps (5 ghz) + 300 mbps (2,4 ghz. -cobertura de se\u00f1al m\u00e1s amplia : dos antenas de alto rendimiento. Bluetooth 5. 0 : la tecnolog\u00eda bluetooth 5.0 logra velocidades m\u00e1s r\u00e1pidas y una cobertura m\u00e1s amplia. -mu-mimo : sirve simult\u00e1neamente a varios dispositivos sin m\u00e1s latencia ni congesti\u00f3n del ancho de banda. -seguridad mejorada: la \u00faltima mejora de seguridad, wpa3, proporciona mayor protecci\u00f3n en la seguridad de las contrase\u00f1as personales. -compatibilidad con versiones anteriores : soporte completo para los est\u00e1ndares 802.11ac\/a\/b\/g\/n. -compatible con windows : sistema operativo compatible: windows 10, 11 (64 bits. Tenga en cuenta: ma30e no es compatible con el soporte de perfil bajo debido a las antenas fijas.<\/p>\n","protected":false},"featured_media":260200,"comment_status":"open","ping_status":"open","template":"","meta":[],"product_cat":[1563,1572],"product_tag":[1562],"acf":[],"yoast_head":"<!-- This site is optimized with the Yoast SEO plugin v21.7 - https:\/\/yoast.com\/wordpress\/plugins\/seo\/ -->\n<title>[ Tp Link ] &#129351; Ma30e Tarjeta De Red Mercusys | Tp-link | | Ac1200 Wi-fi Bluetooth Pcie Adapter<\/title>\n<meta name=\"description\" content=\"Compra Ma30e Tarjeta De Red Mercusys | Tp-link | | Ac1200 Wi-fi Bluetooth Pcie Adapter + Env\u00edo a domicilio + Pago seguro + Garant\u00eda\" \/>\n<meta name=\"robots\" content=\"index, follow, max-snippet:-1, max-image-preview:large, max-video-preview:-1\" \/>\n<link rel=\"canonical\" href=\"https:\/\/compuviper.mx\/tienda\/producto\/tp-link-ma30e-tarjeta-de-red-mercusys-tp-link-ac1200-wi-fi-bluetooth-pcie-adapter\/\" \/>\n<meta property=\"og:locale\" content=\"es_MX\" \/>\n<meta property=\"og:type\" content=\"article\" \/>\n<meta property=\"og:title\" content=\"[ Tp Link ] &#129351; Ma30e Tarjeta De Red Mercusys | Tp-link | | Ac1200 Wi-fi Bluetooth Pcie Adapter\" \/>\n<meta property=\"og:description\" content=\"Compra Ma30e Tarjeta De Red Mercusys | Tp-link | | Ac1200 Wi-fi Bluetooth Pcie Adapter + Env\u00edo a domicilio + Pago seguro + Garant\u00eda\" \/>\n<meta property=\"og:url\" content=\"https:\/\/compuviper.mx\/tienda\/producto\/tp-link-ma30e-tarjeta-de-red-mercusys-tp-link-ac1200-wi-fi-bluetooth-pcie-adapter\/\" \/>\n<meta property=\"og:site_name\" content=\"Compuviper\" \/>\n<meta property=\"article:publisher\" content=\"https:\/\/www.facebook.com\/compuviper\" \/>\n<meta property=\"og:image\" content=\"https:\/\/compuviper.mx\/tienda\/wp-content\/uploads\/2025\/10\/Tarjeta-de-red-mercusys-tp-link-ma30e-ac1200-wi-fi-bluetooth-pcie-adapter.jpg\" \/>\n\t<meta property=\"og:image:width\" content=\"200\" \/>\n\t<meta property=\"og:image:height\" content=\"200\" \/>\n\t<meta property=\"og:image:type\" content=\"image\/jpeg\" \/>\n<meta name=\"twitter:card\" content=\"summary_large_image\" \/>\n<meta name=\"twitter:label1\" content=\"Precio\" \/>\n\t<meta name=\"twitter:data1\" content=\"&#36;269 con IVA\" \/>\n\t<meta name=\"twitter:label2\" content=\"Availability\" \/>\n\t<meta name=\"twitter:data2\" content=\"On backorder\" \/>\n<script type=\"application\/ld+json\" class=\"yoast-schema-graph\">{\"@context\":\"https:\/\/schema.org\",\"@graph\":[{\"@type\":\"WebPage\",\"@id\":\"https:\/\/compuviper.mx\/tienda\/producto\/tp-link-ma30e-tarjeta-de-red-mercusys-tp-link-ac1200-wi-fi-bluetooth-pcie-adapter\/\",\"url\":\"https:\/\/compuviper.mx\/tienda\/producto\/tp-link-ma30e-tarjeta-de-red-mercusys-tp-link-ac1200-wi-fi-bluetooth-pcie-adapter\/\",\"name\":\"[ Tp Link ] &#129351; Ma30e Tarjeta De Red Mercusys | Tp-link | | Ac1200 Wi-fi Bluetooth Pcie Adapter\",\"isPartOf\":{\"@id\":\"https:\/\/compuviper.mx\/tienda\/#website\"},\"datePublished\":\"2026-04-16T07:08:25+00:00\",\"dateModified\":\"2026-04-16T07:08:25+00:00\",\"description\":\"Compra Ma30e Tarjeta De Red Mercusys | Tp-link | | Ac1200 Wi-fi Bluetooth Pcie Adapter + Env\u00edo a domicilio + Pago seguro + Garant\u00eda\",\"breadcrumb\":{\"@id\":\"https:\/\/compuviper.mx\/tienda\/producto\/tp-link-ma30e-tarjeta-de-red-mercusys-tp-link-ac1200-wi-fi-bluetooth-pcie-adapter\/#breadcrumb\"},\"inLanguage\":\"es-MX\",\"potentialAction\":[{\"@type\":\"ReadAction\",\"target\":[\"https:\/\/compuviper.mx\/tienda\/producto\/tp-link-ma30e-tarjeta-de-red-mercusys-tp-link-ac1200-wi-fi-bluetooth-pcie-adapter\/\"]}]},{\"@type\":\"BreadcrumbList\",\"@id\":\"https:\/\/compuviper.mx\/tienda\/producto\/tp-link-ma30e-tarjeta-de-red-mercusys-tp-link-ac1200-wi-fi-bluetooth-pcie-adapter\/#breadcrumb\",\"itemListElement\":[{\"@type\":\"ListItem\",\"position\":1,\"name\":\"Inicio\",\"item\":\"https:\/\/compuviper.mx\/tienda\/\"},{\"@type\":\"ListItem\",\"position\":2,\"name\":\"Productos\",\"item\":\"https:\/\/compuviper.mx\/tienda\/productos\/\"},{\"@type\":\"ListItem\",\"position\":3,\"name\":\"Redes\",\"item\":\"https:\/\/compuviper.mx\/tienda\/categoria-producto\/redes\/\"},{\"@type\":\"ListItem\",\"position\":4,\"name\":\"Tarjetas De Red\",\"item\":\"https:\/\/compuviper.mx\/tienda\/categoria-producto\/redes\/tarjetas-de-red\/\"},{\"@type\":\"ListItem\",\"position\":5,\"name\":\"Tp Link Ma30e Tarjeta De Red Mercusys | Tp-link | | Ac1200 Wi-fi Bluetooth Pcie Adapter\"}]},{\"@type\":\"WebSite\",\"@id\":\"https:\/\/compuviper.mx\/tienda\/#website\",\"url\":\"https:\/\/compuviper.mx\/tienda\/\",\"name\":\"Compuviper\",\"description\":\"Proveedor de Computadoras, Laptops, Servidores, Monitores, Puntos de Venta, Teclados,   Impresoras, T\u00f3ner, C\u00e1maras de Seguridad y m\u00e1s en tu tienda en l\u00ednea\",\"publisher\":{\"@id\":\"https:\/\/compuviper.mx\/tienda\/#organization\"},\"potentialAction\":[{\"@type\":\"SearchAction\",\"target\":{\"@type\":\"EntryPoint\",\"urlTemplate\":\"https:\/\/compuviper.mx\/tienda\/?s={search_term_string}\"},\"query-input\":\"required name=search_term_string\"}],\"inLanguage\":\"es-MX\"},{\"@type\":\"Organization\",\"@id\":\"https:\/\/compuviper.mx\/tienda\/#organization\",\"name\":\"Compuviper\",\"url\":\"https:\/\/compuviper.mx\/tienda\/\",\"logo\":{\"@type\":\"ImageObject\",\"inLanguage\":\"es-MX\",\"@id\":\"https:\/\/compuviper.mx\/tienda\/#\/schema\/logo\/image\/\",\"url\":\"https:\/\/compuviper.mx\/tienda\/wp-content\/uploads\/2021\/08\/Logo-Compuviper-10.png\",\"contentUrl\":\"https:\/\/compuviper.mx\/tienda\/wp-content\/uploads\/2021\/08\/Logo-Compuviper-10.png\",\"width\":1000,\"height\":500,\"caption\":\"Compuviper\"},\"image\":{\"@id\":\"https:\/\/compuviper.mx\/tienda\/#\/schema\/logo\/image\/\"},\"sameAs\":[\"https:\/\/www.facebook.com\/compuviper\",\"https:\/\/www.youtube.com\/channel\/UCf73dERp9Y3cfOq7q8BhLjA?view_as=subscriber\"]}]}<\/script>\n<meta property=\"product:brand\" content=\"TP LINK\" \/>\n<meta property=\"product:price:amount\" content=\"269\" \/>\n<meta property=\"product:price:currency\" content=\"MXN\" \/>\n<meta property=\"og:availability\" content=\"backorder\" \/>\n<meta property=\"product:availability\" content=\"available for order\" \/>\n<meta property=\"product:retailer_item_id\" content=\"MA30E\" \/>\n<meta property=\"product:condition\" content=\"new\" \/>\n<!-- \/ Yoast SEO plugin. -->","yoast_head_json":{"title":"[ Tp Link ] &#129351; Ma30e Tarjeta De Red Mercusys | Tp-link | | Ac1200 Wi-fi Bluetooth Pcie Adapter","description":"Compra Ma30e Tarjeta De Red Mercusys | Tp-link | | Ac1200 Wi-fi Bluetooth Pcie Adapter + Env\u00edo a domicilio + Pago seguro + Garant\u00eda","robots":{"index":"index","follow":"follow","max-snippet":"max-snippet:-1","max-image-preview":"max-image-preview:large","max-video-preview":"max-video-preview:-1"},"canonical":"https:\/\/compuviper.mx\/tienda\/producto\/tp-link-ma30e-tarjeta-de-red-mercusys-tp-link-ac1200-wi-fi-bluetooth-pcie-adapter\/","og_locale":"es_MX","og_type":"article","og_title":"[ Tp Link ] &#129351; Ma30e Tarjeta De Red Mercusys | Tp-link | | Ac1200 Wi-fi Bluetooth Pcie Adapter","og_description":"Compra Ma30e Tarjeta De Red Mercusys | Tp-link | | Ac1200 Wi-fi Bluetooth Pcie Adapter + Env\u00edo a domicilio + Pago seguro + Garant\u00eda","og_url":"https:\/\/compuviper.mx\/tienda\/producto\/tp-link-ma30e-tarjeta-de-red-mercusys-tp-link-ac1200-wi-fi-bluetooth-pcie-adapter\/","og_site_name":"Compuviper","article_publisher":"https:\/\/www.facebook.com\/compuviper","og_image":[{"width":200,"height":200,"url":"https:\/\/compuviper.mx\/tienda\/wp-content\/uploads\/2025\/10\/Tarjeta-de-red-mercusys-tp-link-ma30e-ac1200-wi-fi-bluetooth-pcie-adapter.jpg","type":"image\/jpeg"}],"twitter_card":"summary_large_image","twitter_misc":{"Precio":"&#36;269 con IVA","Availability":"On backorder"},"schema":{"@context":"https:\/\/schema.org","@graph":[{"@type":"WebPage","@id":"https:\/\/compuviper.mx\/tienda\/producto\/tp-link-ma30e-tarjeta-de-red-mercusys-tp-link-ac1200-wi-fi-bluetooth-pcie-adapter\/","url":"https:\/\/compuviper.mx\/tienda\/producto\/tp-link-ma30e-tarjeta-de-red-mercusys-tp-link-ac1200-wi-fi-bluetooth-pcie-adapter\/","name":"[ Tp Link ] &#129351; Ma30e Tarjeta De Red Mercusys | Tp-link | | Ac1200 Wi-fi Bluetooth Pcie Adapter","isPartOf":{"@id":"https:\/\/compuviper.mx\/tienda\/#website"},"datePublished":"2026-04-16T07:08:25+00:00","dateModified":"2026-04-16T07:08:25+00:00","description":"Compra Ma30e Tarjeta De Red Mercusys | Tp-link | | Ac1200 Wi-fi Bluetooth Pcie Adapter + Env\u00edo a domicilio + Pago seguro + Garant\u00eda","breadcrumb":{"@id":"https:\/\/compuviper.mx\/tienda\/producto\/tp-link-ma30e-tarjeta-de-red-mercusys-tp-link-ac1200-wi-fi-bluetooth-pcie-adapter\/#breadcrumb"},"inLanguage":"es-MX","potentialAction":[{"@type":"ReadAction","target":["https:\/\/compuviper.mx\/tienda\/producto\/tp-link-ma30e-tarjeta-de-red-mercusys-tp-link-ac1200-wi-fi-bluetooth-pcie-adapter\/"]}]},{"@type":"BreadcrumbList","@id":"https:\/\/compuviper.mx\/tienda\/producto\/tp-link-ma30e-tarjeta-de-red-mercusys-tp-link-ac1200-wi-fi-bluetooth-pcie-adapter\/#breadcrumb","itemListElement":[{"@type":"ListItem","position":1,"name":"Inicio","item":"https:\/\/compuviper.mx\/tienda\/"},{"@type":"ListItem","position":2,"name":"Productos","item":"https:\/\/compuviper.mx\/tienda\/productos\/"},{"@type":"ListItem","position":3,"name":"Redes","item":"https:\/\/compuviper.mx\/tienda\/categoria-producto\/redes\/"},{"@type":"ListItem","position":4,"name":"Tarjetas De Red","item":"https:\/\/compuviper.mx\/tienda\/categoria-producto\/redes\/tarjetas-de-red\/"},{"@type":"ListItem","position":5,"name":"Tp Link Ma30e Tarjeta De Red Mercusys | Tp-link | | Ac1200 Wi-fi Bluetooth Pcie Adapter"}]},{"@type":"WebSite","@id":"https:\/\/compuviper.mx\/tienda\/#website","url":"https:\/\/compuviper.mx\/tienda\/","name":"Compuviper","description":"Proveedor de Computadoras, Laptops, Servidores, Monitores, Puntos de Venta, Teclados,   Impresoras, T\u00f3ner, C\u00e1maras de Seguridad y m\u00e1s en tu tienda en l\u00ednea","publisher":{"@id":"https:\/\/compuviper.mx\/tienda\/#organization"},"potentialAction":[{"@type":"SearchAction","target":{"@type":"EntryPoint","urlTemplate":"https:\/\/compuviper.mx\/tienda\/?s={search_term_string}"},"query-input":"required name=search_term_string"}],"inLanguage":"es-MX"},{"@type":"Organization","@id":"https:\/\/compuviper.mx\/tienda\/#organization","name":"Compuviper","url":"https:\/\/compuviper.mx\/tienda\/","logo":{"@type":"ImageObject","inLanguage":"es-MX","@id":"https:\/\/compuviper.mx\/tienda\/#\/schema\/logo\/image\/","url":"https:\/\/compuviper.mx\/tienda\/wp-content\/uploads\/2021\/08\/Logo-Compuviper-10.png","contentUrl":"https:\/\/compuviper.mx\/tienda\/wp-content\/uploads\/2021\/08\/Logo-Compuviper-10.png","width":1000,"height":500,"caption":"Compuviper"},"image":{"@id":"https:\/\/compuviper.mx\/tienda\/#\/schema\/logo\/image\/"},"sameAs":["https:\/\/www.facebook.com\/compuviper","https:\/\/www.youtube.com\/channel\/UCf73dERp9Y3cfOq7q8BhLjA?view_as=subscriber"]}]},"product_brand":"TP LINK","product_price_amount":"269","product_price_currency":"MXN","og_availability":"backorder","product_availability":"available for order","product_retailer_item_id":"MA30E","product_condition":"new"},"_links":{"self":[{"href":"https:\/\/compuviper.mx\/tienda\/wp-json\/wp\/v2\/product\/255362"}],"collection":[{"href":"https:\/\/compuviper.mx\/tienda\/wp-json\/wp\/v2\/product"}],"about":[{"href":"https:\/\/compuviper.mx\/tienda\/wp-json\/wp\/v2\/types\/product"}],"replies":[{"embeddable":true,"href":"https:\/\/compuviper.mx\/tienda\/wp-json\/wp\/v2\/comments?post=255362"}],"wp:featuredmedia":[{"embeddable":true,"href":"https:\/\/compuviper.mx\/tienda\/wp-json\/wp\/v2\/media\/260200"}],"wp:attachment":[{"href":"https:\/\/compuviper.mx\/tienda\/wp-json\/wp\/v2\/media?parent=255362"}],"wp:term":[{"taxonomy":"product_cat","embeddable":true,"href":"https:\/\/compuviper.mx\/tienda\/wp-json\/wp\/v2\/product_cat?post=255362"},{"taxonomy":"product_tag","embeddable":true,"href":"https:\/\/compuviper.mx\/tienda\/wp-json\/wp\/v2\/product_tag?post=255362"}],"curies":[{"name":"wp","href":"https:\/\/api.w.org\/{rel}","templated":true}]}}