{"id":255344,"date":"2026-04-22T00:14:24","date_gmt":"2026-04-22T06:14:24","guid":{"rendered":"https:\/\/compuviper.mx\/tienda\/producto\/tp-link-tapo-c530ws-camara-wifi-tp-link-cmara-de-vigilancia-wi-fi-de-360-grados-para-exteriores-con-vista-3k-y-deteccin-ia-avanzada\/"},"modified":"2026-04-22T00:14:25","modified_gmt":"2026-04-22T06:14:25","slug":"tp-link-tapo-c530ws-camara-wifi-tp-link-cmara-de-vigilancia-wi-fi-de-360-grados-para-exteriores-con-vista-3k-y-deteccin-ia-avanzada","status":"publish","type":"product","link":"https:\/\/compuviper.mx\/tienda\/producto\/tp-link-tapo-c530ws-camara-wifi-tp-link-cmara-de-vigilancia-wi-fi-de-360-grados-para-exteriores-con-vista-3k-y-deteccin-ia-avanzada\/","title":{"rendered":"Tp Link Tapo C530ws Camara Wifi | Tp-link |  | C?mara De Vigilancia Wi-fi De 360 Grados Para Exteriores Con Vista 3k Y Detecci?n Ia Avanzada"},"content":{"rendered":"<table class=\"descripcion\">\n<tr>\n<td>C\u00e1mara<\/td>\n<\/tr>\n<tr>\n<td>-sensor de imagen sensor cmos starlight de 1\/3\u0094 de escaneo progresivo<\/td>\n<\/tr>\n<tr>\n<td>-lentes distancia focal: 3.2 mm<\/td>\n<\/tr>\n<tr>\n<td>Apertura: f1.6<\/td>\n<\/tr>\n<tr>\n<td>Campo de visi\u00f3n: 105.9\u00b0 (diagonal), 88.4\u00b0 (horizontal), 46\u00b0 (vertical)<\/td>\n<\/tr>\n<tr>\n<td>-rango de movimiento rango mec\u00e1nico panor\u00e1mico: 340\u00b0 (cobertura panor\u00e1mica de 360\u00b0)<\/td>\n<\/tr>\n<tr>\n<td>-rango mec\u00e1nico de inclinaci\u00f3n: 60\u00b0 (cobertura de inclinaci\u00f3n de 130\u00b0)<\/td>\n<\/tr>\n<tr>\n<td>-visi\u00f3n nocturna led ir de 850 nm (29.9 m)<\/td>\n<\/tr>\n<tr>\n<td>-visi\u00f3n nocturna en color starlight<\/td>\n<\/tr>\n<tr>\n<td>-iluminaci\u00f3n 2\u00d7 focos integrados<\/td>\n<\/tr>\n<tr>\n<td>-interfaz y botones 1\u00d7 puerto ethernet<\/td>\n<\/tr>\n<tr>\n<td>1\u00d7 bot\u00f3n reset<\/td>\n<\/tr>\n<tr>\n<td>1\u00d7 ranura para tarjeta microsd (hasta 512gb)<\/td>\n<\/tr>\n<tr>\n<td>V\u00eddeo y audio<\/td>\n<\/tr>\n<tr>\n<td>-resoluci\u00f3n m\u00e1xima 3k 5mp (2880 \u00d7 1620 px)<\/td>\n<\/tr>\n<tr>\n<td>-velocidad de cuadros 15\/20\/25\/30 fps (predeterminado 15 fps)<\/td>\n<\/tr>\n<tr>\n<td>-zoom digital 12x<\/td>\n<\/tr>\n<tr>\n<td>-compresi\u00f3n de v\u00eddeo h.264<\/td>\n<\/tr>\n<tr>\n<td>-vista en vivo s\u00ed<\/td>\n<\/tr>\n<tr>\n<td>-mejora de la imagen 3dnr<\/td>\n<\/tr>\n<tr>\n<td>Wdr<\/td>\n<\/tr>\n<tr>\n<td>-entrada y salida de audio micr\u00f3fono y altavoz integrados<\/td>\n<\/tr>\n<tr>\n<td>-comunicaci\u00f3n de audio audio bidireccional con cancelaci\u00f3n de ruido<\/td>\n<\/tr>\n<tr>\n<td>-volumen de la sirena 93 db (nivel medido a 10 cm de distancia)<\/td>\n<\/tr>\n<\/table>\n","protected":false},"excerpt":{"rendered":"<p>-vista en vivo 3k 5mp-adoptando una resoluci\u00f3n de 2880 \u00d7 1620, tapo c530ws ofrece una calidad de video mejorada para ver m\u00e1s detalles. -visi\u00f3n nocturna en color starlight-mejora tu seguridad revelando im\u00e1genes m\u00e1s brillantes a todo color y detalles v\u00edvidos incluso en condiciones de poca luz con focos incorporados y el sensor starlight. -protecci\u00f3n integral de 360\u00b0-disfruta de vistas horizontales de 360\u00b0 y verticales de 130\u00b0 con seguimiento de movimiento para eliminar puntos ciegos. Activa el modo patrulla para recorrer m\u00faltiples puntos personalizados. -detecci\u00f3n ia integral-la ia inteligente identifica con precisi\u00f3n personas, mascotas y veh\u00edculos, incluyendo detecci\u00f3n de manipulaci\u00f3n y cruce de l\u00ednea, minimizando alertas falsas y notificaciones innecesarias. -conexiones flexibles y red confiable-conecta tu c\u00e1mara v\u00eda wi-fi o ethernet para una instalaci\u00f3n flexible. Las potentes antenas dobles aseguran conectividad hasta 150 m (492 pies) en \u00e1reas abiertas.. -resistencia a la intemperie ip66-ofrece un excelente rendimiento impermeable y a prueba de polvo para escenarios exteriores. Funciona bien bajo la lluvia, el polvo y el calor. -alarma de luz y sonido personalizable-la luz ultrabrillante ajustable disuade a visitantes no deseados, mientras que las alarmas de audio personalizadas ofrecen usos adicionales. -almacenamiento seguro local y en la nube-guarda momentos cruciales en una tarjeta microsd\u0086 (hasta 512 gb) o suscr\u00edbete a tapo care para almacenamiento en la nube\u0087 despu\u00e9s de una prueba gratuita de 30 d\u00edas, asegurando que nunca pierdas grabaciones importantes. -audio bidireccional-permite la comunicaci\u00f3n a trav\u00e9s de un micr\u00f3fono y altavoz incorporados.<\/p>\n","protected":false},"featured_media":259452,"comment_status":"open","ping_status":"open","template":"","meta":[],"product_cat":[1681,1608],"product_tag":[1562],"acf":[],"yoast_head":"<!-- This site is optimized with the Yoast SEO plugin v21.7 - https:\/\/yoast.com\/wordpress\/plugins\/seo\/ -->\n<title>[ Tp Link ] &#129351; Tapo C530ws Camara Wifi | Tp-link | | C\u00e1mara De Vigilancia Wi-fi De 360 Grados Para Exteriores Con Vista 3k Y Detecci\u00f3n Ia Avanzada<\/title>\n<meta name=\"description\" content=\"Compra Tapo C530ws Camara Wifi | Tp-link | | C\u00e1mara De Vigilancia Wi-fi De 360 Grados Para Exteriores Con Vista 3k Y Detecci\u00f3n Ia Avanzada + Env\u00edo a domicilio + Pago seguro + Garant\u00eda\" \/>\n<meta name=\"robots\" content=\"index, follow, max-snippet:-1, max-image-preview:large, max-video-preview:-1\" \/>\n<link rel=\"canonical\" href=\"https:\/\/compuviper.mx\/tienda\/producto\/tp-link-tapo-c530ws-camara-wifi-tp-link-cmara-de-vigilancia-wi-fi-de-360-grados-para-exteriores-con-vista-3k-y-deteccin-ia-avanzada\/\" \/>\n<meta property=\"og:locale\" content=\"es_MX\" \/>\n<meta property=\"og:type\" content=\"article\" \/>\n<meta property=\"og:title\" content=\"[ Tp Link ] &#129351; Tapo C530ws Camara Wifi | Tp-link | | C\u00e1mara De Vigilancia Wi-fi De 360 Grados Para Exteriores Con Vista 3k Y Detecci\u00f3n Ia Avanzada\" \/>\n<meta property=\"og:description\" content=\"Compra Tapo C530ws Camara Wifi | Tp-link | | C\u00e1mara De Vigilancia Wi-fi De 360 Grados Para Exteriores Con Vista 3k Y Detecci\u00f3n Ia Avanzada + Env\u00edo a domicilio + Pago seguro + Garant\u00eda\" \/>\n<meta property=\"og:url\" content=\"https:\/\/compuviper.mx\/tienda\/producto\/tp-link-tapo-c530ws-camara-wifi-tp-link-cmara-de-vigilancia-wi-fi-de-360-grados-para-exteriores-con-vista-3k-y-deteccin-ia-avanzada\/\" \/>\n<meta property=\"og:site_name\" content=\"Compuviper\" \/>\n<meta property=\"article:publisher\" content=\"https:\/\/www.facebook.com\/compuviper\" \/>\n<meta property=\"article:modified_time\" content=\"2026-04-22T06:14:25+00:00\" \/>\n<meta property=\"og:image\" content=\"https:\/\/compuviper.mx\/tienda\/wp-content\/uploads\/2025\/10\/Camara-wifi-tp-link-tapo-c530ws-camara-de-vigilancia-wi-fi-de-360-grados-para-exteriores-con-vista-3k-y-deteccion-ia-avanzada.jpg\" \/>\n\t<meta property=\"og:image:width\" content=\"200\" \/>\n\t<meta property=\"og:image:height\" content=\"200\" \/>\n\t<meta property=\"og:image:type\" content=\"image\/jpeg\" \/>\n<meta name=\"twitter:card\" content=\"summary_large_image\" \/>\n<meta name=\"twitter:label1\" content=\"Precio\" \/>\n\t<meta name=\"twitter:data1\" content=\"&#36;1,015 con IVA\" \/>\n\t<meta name=\"twitter:label2\" content=\"Availability\" \/>\n\t<meta name=\"twitter:data2\" content=\"Out of stock\" \/>\n<script type=\"application\/ld+json\" class=\"yoast-schema-graph\">{\"@context\":\"https:\/\/schema.org\",\"@graph\":[{\"@type\":\"WebPage\",\"@id\":\"https:\/\/compuviper.mx\/tienda\/producto\/tp-link-tapo-c530ws-camara-wifi-tp-link-cmara-de-vigilancia-wi-fi-de-360-grados-para-exteriores-con-vista-3k-y-deteccin-ia-avanzada\/\",\"url\":\"https:\/\/compuviper.mx\/tienda\/producto\/tp-link-tapo-c530ws-camara-wifi-tp-link-cmara-de-vigilancia-wi-fi-de-360-grados-para-exteriores-con-vista-3k-y-deteccin-ia-avanzada\/\",\"name\":\"[ Tp Link ] &#129351; Tapo C530ws Camara Wifi | Tp-link | | C\u00e1mara De Vigilancia Wi-fi De 360 Grados Para Exteriores Con Vista 3k Y Detecci\u00f3n Ia Avanzada\",\"isPartOf\":{\"@id\":\"https:\/\/compuviper.mx\/tienda\/#website\"},\"datePublished\":\"2026-04-22T06:14:24+00:00\",\"dateModified\":\"2026-04-22T06:14:25+00:00\",\"description\":\"Compra Tapo C530ws Camara Wifi | Tp-link | | C\u00e1mara De Vigilancia Wi-fi De 360 Grados Para Exteriores Con Vista 3k Y Detecci\u00f3n Ia Avanzada + Env\u00edo a domicilio + Pago seguro + Garant\u00eda\",\"breadcrumb\":{\"@id\":\"https:\/\/compuviper.mx\/tienda\/producto\/tp-link-tapo-c530ws-camara-wifi-tp-link-cmara-de-vigilancia-wi-fi-de-360-grados-para-exteriores-con-vista-3k-y-deteccin-ia-avanzada\/#breadcrumb\"},\"inLanguage\":\"es-MX\",\"potentialAction\":[{\"@type\":\"ReadAction\",\"target\":[\"https:\/\/compuviper.mx\/tienda\/producto\/tp-link-tapo-c530ws-camara-wifi-tp-link-cmara-de-vigilancia-wi-fi-de-360-grados-para-exteriores-con-vista-3k-y-deteccin-ia-avanzada\/\"]}]},{\"@type\":\"BreadcrumbList\",\"@id\":\"https:\/\/compuviper.mx\/tienda\/producto\/tp-link-tapo-c530ws-camara-wifi-tp-link-cmara-de-vigilancia-wi-fi-de-360-grados-para-exteriores-con-vista-3k-y-deteccin-ia-avanzada\/#breadcrumb\",\"itemListElement\":[{\"@type\":\"ListItem\",\"position\":1,\"name\":\"Inicio\",\"item\":\"https:\/\/compuviper.mx\/tienda\/\"},{\"@type\":\"ListItem\",\"position\":2,\"name\":\"Productos\",\"item\":\"https:\/\/compuviper.mx\/tienda\/productos\/\"},{\"@type\":\"ListItem\",\"position\":3,\"name\":\"Camaras\",\"item\":\"https:\/\/compuviper.mx\/tienda\/categoria-producto\/camaras-2\/\"},{\"@type\":\"ListItem\",\"position\":4,\"name\":\"Camara De Videovigilancia\",\"item\":\"https:\/\/compuviper.mx\/tienda\/categoria-producto\/camaras-2\/camara-de-videovigilancia\/\"},{\"@type\":\"ListItem\",\"position\":5,\"name\":\"Tp Link Tapo C530ws Camara Wifi | Tp-link | | C?mara De Vigilancia Wi-fi De 360 Grados Para Exteriores Con Vista 3k Y Detecci?n Ia Avanzada\"}]},{\"@type\":\"WebSite\",\"@id\":\"https:\/\/compuviper.mx\/tienda\/#website\",\"url\":\"https:\/\/compuviper.mx\/tienda\/\",\"name\":\"Compuviper\",\"description\":\"Proveedor de Computadoras, Laptops, Servidores, Monitores, Puntos de Venta, Teclados,   Impresoras, T\u00f3ner, C\u00e1maras de Seguridad y m\u00e1s en tu tienda en l\u00ednea\",\"publisher\":{\"@id\":\"https:\/\/compuviper.mx\/tienda\/#organization\"},\"potentialAction\":[{\"@type\":\"SearchAction\",\"target\":{\"@type\":\"EntryPoint\",\"urlTemplate\":\"https:\/\/compuviper.mx\/tienda\/?s={search_term_string}\"},\"query-input\":\"required name=search_term_string\"}],\"inLanguage\":\"es-MX\"},{\"@type\":\"Organization\",\"@id\":\"https:\/\/compuviper.mx\/tienda\/#organization\",\"name\":\"Compuviper\",\"url\":\"https:\/\/compuviper.mx\/tienda\/\",\"logo\":{\"@type\":\"ImageObject\",\"inLanguage\":\"es-MX\",\"@id\":\"https:\/\/compuviper.mx\/tienda\/#\/schema\/logo\/image\/\",\"url\":\"https:\/\/compuviper.mx\/tienda\/wp-content\/uploads\/2021\/08\/Logo-Compuviper-10.png\",\"contentUrl\":\"https:\/\/compuviper.mx\/tienda\/wp-content\/uploads\/2021\/08\/Logo-Compuviper-10.png\",\"width\":1000,\"height\":500,\"caption\":\"Compuviper\"},\"image\":{\"@id\":\"https:\/\/compuviper.mx\/tienda\/#\/schema\/logo\/image\/\"},\"sameAs\":[\"https:\/\/www.facebook.com\/compuviper\",\"https:\/\/www.youtube.com\/channel\/UCf73dERp9Y3cfOq7q8BhLjA?view_as=subscriber\"]}]}<\/script>\n<meta property=\"product:brand\" content=\"TP LINK\" \/>\n<meta property=\"product:price:amount\" content=\"1015\" \/>\n<meta property=\"product:price:currency\" content=\"MXN\" \/>\n<meta property=\"og:availability\" content=\"out of stock\" \/>\n<meta property=\"product:availability\" content=\"out of stock\" \/>\n<meta property=\"product:retailer_item_id\" content=\"TAPO C530WS\" \/>\n<meta property=\"product:condition\" content=\"new\" \/>\n<!-- \/ Yoast SEO plugin. -->","yoast_head_json":{"title":"[ Tp Link ] &#129351; Tapo C530ws Camara Wifi | Tp-link | | C\u00e1mara De Vigilancia Wi-fi De 360 Grados Para Exteriores Con Vista 3k Y Detecci\u00f3n Ia Avanzada","description":"Compra Tapo C530ws Camara Wifi | Tp-link | | C\u00e1mara De Vigilancia Wi-fi De 360 Grados Para Exteriores Con Vista 3k Y Detecci\u00f3n Ia Avanzada + Env\u00edo a domicilio + Pago seguro + Garant\u00eda","robots":{"index":"index","follow":"follow","max-snippet":"max-snippet:-1","max-image-preview":"max-image-preview:large","max-video-preview":"max-video-preview:-1"},"canonical":"https:\/\/compuviper.mx\/tienda\/producto\/tp-link-tapo-c530ws-camara-wifi-tp-link-cmara-de-vigilancia-wi-fi-de-360-grados-para-exteriores-con-vista-3k-y-deteccin-ia-avanzada\/","og_locale":"es_MX","og_type":"article","og_title":"[ Tp Link ] &#129351; Tapo C530ws Camara Wifi | Tp-link | | C\u00e1mara De Vigilancia Wi-fi De 360 Grados Para Exteriores Con Vista 3k Y Detecci\u00f3n Ia Avanzada","og_description":"Compra Tapo C530ws Camara Wifi | Tp-link | | C\u00e1mara De Vigilancia Wi-fi De 360 Grados Para Exteriores Con Vista 3k Y Detecci\u00f3n Ia Avanzada + Env\u00edo a domicilio + Pago seguro + Garant\u00eda","og_url":"https:\/\/compuviper.mx\/tienda\/producto\/tp-link-tapo-c530ws-camara-wifi-tp-link-cmara-de-vigilancia-wi-fi-de-360-grados-para-exteriores-con-vista-3k-y-deteccin-ia-avanzada\/","og_site_name":"Compuviper","article_publisher":"https:\/\/www.facebook.com\/compuviper","article_modified_time":"2026-04-22T06:14:25+00:00","og_image":[{"width":200,"height":200,"url":"https:\/\/compuviper.mx\/tienda\/wp-content\/uploads\/2025\/10\/Camara-wifi-tp-link-tapo-c530ws-camara-de-vigilancia-wi-fi-de-360-grados-para-exteriores-con-vista-3k-y-deteccion-ia-avanzada.jpg","type":"image\/jpeg"}],"twitter_card":"summary_large_image","twitter_misc":{"Precio":"&#36;1,015 con IVA","Availability":"Out of stock"},"schema":{"@context":"https:\/\/schema.org","@graph":[{"@type":"WebPage","@id":"https:\/\/compuviper.mx\/tienda\/producto\/tp-link-tapo-c530ws-camara-wifi-tp-link-cmara-de-vigilancia-wi-fi-de-360-grados-para-exteriores-con-vista-3k-y-deteccin-ia-avanzada\/","url":"https:\/\/compuviper.mx\/tienda\/producto\/tp-link-tapo-c530ws-camara-wifi-tp-link-cmara-de-vigilancia-wi-fi-de-360-grados-para-exteriores-con-vista-3k-y-deteccin-ia-avanzada\/","name":"[ Tp Link ] &#129351; Tapo C530ws Camara Wifi | Tp-link | | C\u00e1mara De Vigilancia Wi-fi De 360 Grados Para Exteriores Con Vista 3k Y Detecci\u00f3n Ia Avanzada","isPartOf":{"@id":"https:\/\/compuviper.mx\/tienda\/#website"},"datePublished":"2026-04-22T06:14:24+00:00","dateModified":"2026-04-22T06:14:25+00:00","description":"Compra Tapo C530ws Camara Wifi | Tp-link | | C\u00e1mara De Vigilancia Wi-fi De 360 Grados Para Exteriores Con Vista 3k Y Detecci\u00f3n Ia Avanzada + Env\u00edo a domicilio + Pago seguro + Garant\u00eda","breadcrumb":{"@id":"https:\/\/compuviper.mx\/tienda\/producto\/tp-link-tapo-c530ws-camara-wifi-tp-link-cmara-de-vigilancia-wi-fi-de-360-grados-para-exteriores-con-vista-3k-y-deteccin-ia-avanzada\/#breadcrumb"},"inLanguage":"es-MX","potentialAction":[{"@type":"ReadAction","target":["https:\/\/compuviper.mx\/tienda\/producto\/tp-link-tapo-c530ws-camara-wifi-tp-link-cmara-de-vigilancia-wi-fi-de-360-grados-para-exteriores-con-vista-3k-y-deteccin-ia-avanzada\/"]}]},{"@type":"BreadcrumbList","@id":"https:\/\/compuviper.mx\/tienda\/producto\/tp-link-tapo-c530ws-camara-wifi-tp-link-cmara-de-vigilancia-wi-fi-de-360-grados-para-exteriores-con-vista-3k-y-deteccin-ia-avanzada\/#breadcrumb","itemListElement":[{"@type":"ListItem","position":1,"name":"Inicio","item":"https:\/\/compuviper.mx\/tienda\/"},{"@type":"ListItem","position":2,"name":"Productos","item":"https:\/\/compuviper.mx\/tienda\/productos\/"},{"@type":"ListItem","position":3,"name":"Camaras","item":"https:\/\/compuviper.mx\/tienda\/categoria-producto\/camaras-2\/"},{"@type":"ListItem","position":4,"name":"Camara De Videovigilancia","item":"https:\/\/compuviper.mx\/tienda\/categoria-producto\/camaras-2\/camara-de-videovigilancia\/"},{"@type":"ListItem","position":5,"name":"Tp Link Tapo C530ws Camara Wifi | Tp-link | | C?mara De Vigilancia Wi-fi De 360 Grados Para Exteriores Con Vista 3k Y Detecci?n Ia Avanzada"}]},{"@type":"WebSite","@id":"https:\/\/compuviper.mx\/tienda\/#website","url":"https:\/\/compuviper.mx\/tienda\/","name":"Compuviper","description":"Proveedor de Computadoras, Laptops, Servidores, Monitores, Puntos de Venta, Teclados,   Impresoras, T\u00f3ner, C\u00e1maras de Seguridad y m\u00e1s en tu tienda en l\u00ednea","publisher":{"@id":"https:\/\/compuviper.mx\/tienda\/#organization"},"potentialAction":[{"@type":"SearchAction","target":{"@type":"EntryPoint","urlTemplate":"https:\/\/compuviper.mx\/tienda\/?s={search_term_string}"},"query-input":"required name=search_term_string"}],"inLanguage":"es-MX"},{"@type":"Organization","@id":"https:\/\/compuviper.mx\/tienda\/#organization","name":"Compuviper","url":"https:\/\/compuviper.mx\/tienda\/","logo":{"@type":"ImageObject","inLanguage":"es-MX","@id":"https:\/\/compuviper.mx\/tienda\/#\/schema\/logo\/image\/","url":"https:\/\/compuviper.mx\/tienda\/wp-content\/uploads\/2021\/08\/Logo-Compuviper-10.png","contentUrl":"https:\/\/compuviper.mx\/tienda\/wp-content\/uploads\/2021\/08\/Logo-Compuviper-10.png","width":1000,"height":500,"caption":"Compuviper"},"image":{"@id":"https:\/\/compuviper.mx\/tienda\/#\/schema\/logo\/image\/"},"sameAs":["https:\/\/www.facebook.com\/compuviper","https:\/\/www.youtube.com\/channel\/UCf73dERp9Y3cfOq7q8BhLjA?view_as=subscriber"]}]},"product_brand":"TP LINK","product_price_amount":"1015","product_price_currency":"MXN","og_availability":"out of stock","product_availability":"out of stock","product_retailer_item_id":"TAPO C530WS","product_condition":"new"},"_links":{"self":[{"href":"https:\/\/compuviper.mx\/tienda\/wp-json\/wp\/v2\/product\/255344"}],"collection":[{"href":"https:\/\/compuviper.mx\/tienda\/wp-json\/wp\/v2\/product"}],"about":[{"href":"https:\/\/compuviper.mx\/tienda\/wp-json\/wp\/v2\/types\/product"}],"replies":[{"embeddable":true,"href":"https:\/\/compuviper.mx\/tienda\/wp-json\/wp\/v2\/comments?post=255344"}],"wp:featuredmedia":[{"embeddable":true,"href":"https:\/\/compuviper.mx\/tienda\/wp-json\/wp\/v2\/media\/259452"}],"wp:attachment":[{"href":"https:\/\/compuviper.mx\/tienda\/wp-json\/wp\/v2\/media?parent=255344"}],"wp:term":[{"taxonomy":"product_cat","embeddable":true,"href":"https:\/\/compuviper.mx\/tienda\/wp-json\/wp\/v2\/product_cat?post=255344"},{"taxonomy":"product_tag","embeddable":true,"href":"https:\/\/compuviper.mx\/tienda\/wp-json\/wp\/v2\/product_tag?post=255344"}],"curies":[{"name":"wp","href":"https:\/\/api.w.org\/{rel}","templated":true}]}}