{"id":255341,"date":"2026-04-23T00:15:48","date_gmt":"2026-04-23T06:15:48","guid":{"rendered":"https:\/\/compuviper.mx\/tienda\/producto\/tp-link-tapo-c120-camara-wifi-tp-link-cmara-de-vigilancia-wi-fi-con-modo-infrarrojo-invisible-y-deteccin-ia-avanzada\/"},"modified":"2026-04-23T00:15:49","modified_gmt":"2026-04-23T06:15:49","slug":"tp-link-tapo-c120-camara-wifi-tp-link-cmara-de-vigilancia-wi-fi-con-modo-infrarrojo-invisible-y-deteccin-ia-avanzada","status":"publish","type":"product","link":"https:\/\/compuviper.mx\/tienda\/producto\/tp-link-tapo-c120-camara-wifi-tp-link-cmara-de-vigilancia-wi-fi-con-modo-infrarrojo-invisible-y-deteccin-ia-avanzada\/","title":{"rendered":"Tp Link Tapo C120 Camara Wifi | Tp-link |  | C?mara De Vigilancia Wi-fi Con Modo Infrarrojo Invisible Y Detecci?n Ia Avanzada"},"content":{"rendered":"<table class=\"descripcion\">\n<tr>\n<td>C\u00e1mara<\/td>\n<\/tr>\n<tr>\n<td>-sensor de imagen sensor starlight cmos de escaneo progresivo de 1\/2,9\u0094<\/td>\n<\/tr>\n<tr>\n<td>-lente distancia focal: 3,17 mm<\/td>\n<\/tr>\n<tr>\n<td>Apertura: 1.65<\/td>\n<\/tr>\n<tr>\n<td>Campo de visi\u00f3n 120\u00b0(diagonal), 103\u00b0(horizontal), 55\u00b0(vertical)<\/td>\n<\/tr>\n<tr>\n<td>-visi\u00f3n nocturna led ir de 850 nm (9 m)<\/td>\n<\/tr>\n<tr>\n<td>Led ir de 940 nm (9 m)<\/td>\n<\/tr>\n<tr>\n<td>Visi\u00f3n nocturna a todo color<\/td>\n<\/tr>\n<tr>\n<td>-interfaz y bot\u00f3n 1\u00d7 bot\u00f3n reset<\/td>\n<\/tr>\n<tr>\n<td>1\u00d7 ranura para tarjeta microsd (hasta 512 gb)<\/td>\n<\/tr>\n<tr>\n<td>Video  and  audio<\/td>\n<\/tr>\n<tr>\n<td>-resoluci\u00f3n m\u00e1xima 2k qhd 4mp (2560 \u00d7 1440 px)<\/td>\n<\/tr>\n<tr>\n<td>-cuadros por segundo 20 fps (autoadaptable seg\u00fan luminosidad)<\/td>\n<\/tr>\n<tr>\n<td>-zoom digital 12x<\/td>\n<\/tr>\n<tr>\n<td>-compresi\u00f3n de v\u00eddeo h.264<\/td>\n<\/tr>\n<tr>\n<td>-vista en vivo s\u00ed<\/td>\n<\/tr>\n<tr>\n<td>-mejora de la imagen 3d dnr<\/td>\n<\/tr>\n<tr>\n<td>Wdr<\/td>\n<\/tr>\n<tr>\n<td>-entrada y salida de audio micr\u00f3fono y altavoz integrados<\/td>\n<\/tr>\n<tr>\n<td>-comunicaci\u00f3n de audio audio bidireccional con cancelaci\u00f3n de ruido<\/td>\n<\/tr>\n<tr>\n<td>-volumen de sirena 96 db (nivel medido a una distancia de 10 cm)<\/td>\n<\/tr>\n<\/table>\n","protected":false},"excerpt":{"rendered":"<p>-vigilancia 24\/7 en interior y exterior &#8211; col\u00f3cala en tu sala de estar, dormitorio, habitaci\u00f3n del beb\u00e9, patio trasero o puerta principal para una cobertura ininterrumpida y una construcci\u00f3n resistente a la intemperie ip66: d\u00eda, noche, llueva o haga sol. -visi\u00f3n nocturna a color 2k &#8211; con un sensor starlight integrado, la c120 captura im\u00e1genes con poca luz con detalles coloridos de definici\u00f3n incre\u00edblemente alta hasta 30 m de distancia\u0097 \u00a1ve m\u00e1s all\u00e1 de lo que el ojo humano puede ver. -nitidez 2k durante el d\u00eda &#8211; \u00a1cuando se trata de la protecci\u00f3n de tu hogar, los detalles importan! la nitidez 2k qhd va m\u00e1s all\u00e1 de la resoluci\u00f3n tradicional fullhd 1080p para que ning\u00fan detalle pase desapercibido o se vea borroso. -focos dobles integrados &#8211; con los focos duales de la tapo c120, atraviesa la oscuridad y las condiciones de poca luz para una experiencia de visualizaci\u00f3n nocturna mejorada, mostr\u00e1ndose todav\u00eda a todo color. -instalaci\u00f3n ultra f\u00e1cil y sin complicaciones &#8211; la instalaci\u00f3n y el montaje son pan comido con la base magn\u00e9tica fuerte y ajustable de la c120, mientras que su cable de alimentaci\u00f3n de 3 m (9.8 pies) te otorga la flexibilidad de colocarla pr\u00e1cticamente en cualquier lugar. -luces infrarrojas invisibles opcionales &#8211; si los leds ir rojos son una distracci\u00f3n para ti, tus hijos o tus mascotas, puedes cambiar al modo ir invisible para continuar vigilando durante la noche pero sin el indicador ir rojo. -detecci\u00f3n inteligente por ia gratuita &#8211; la tecnolog\u00eda de ia inteligente detecta e identifica personas, mascotas y veh\u00edculos, envi\u00e1ndote solo notificaciones relevantes mientras evita eficazmente alertas innecesarias. -alarma sonora y luminosa personalizable &#8211; graba tu propio audio para usarlo como alarma y ajusta el brillo del foco para adaptarlo a tus preferencias, obteniendo un sistema de alarma completamente personalizado para disuadir a los intrusos. -audio bidireccional full duplex &#8211; escucha y habla con invitados, repartidores y mascotas al otro lado de la c\u00e1mara con claridad mejorada gracias al micr\u00f3fono y altavoces premium de la tapo c120. -almacenamiento seguro local y en la nube &#8211; guarda hasta 512 gb de grabaciones continuamente en una tarjeta microsd (se vende por separado) o elige nuestro servicio de suscripci\u00f3n tapo care cloud, que no solo guarda tu historial de v\u00eddeo de 30 d\u00edas, sino que tambi\u00e9n proporciona beneficios adicionales como notificaciones de actividad con instant\u00e1neas. -compatibilidad con amazon alexa y google home &#8211; toma el mando con capacidades de control por voz a trav\u00e9s de dispositivos populares de terceros como amazon alexa y google home, permiti\u00e9ndote gestionar sin esfuerzo tu tapo c120 y disfrutar de un verdadero funcionamiento manos libres. -detecci\u00f3n de cruce de l\u00ednea &#8211; establece manualmente zonas prohibidas a trav\u00e9s de la aplicaci\u00f3n gratuita tapo care y recibe alertas inmediatas cuando se detecte movimiento dentro o alrededor de esta \u00e1rea restringida<\/p>\n","protected":false},"featured_media":259450,"comment_status":"open","ping_status":"open","template":"","meta":[],"product_cat":[1608,1681],"product_tag":[1562],"acf":[],"yoast_head":"<!-- This site is optimized with the Yoast SEO plugin v21.7 - https:\/\/yoast.com\/wordpress\/plugins\/seo\/ -->\n<title>[ Tp Link ] &#129351; Tapo C120 Camara Wifi | Tp-link | | C\u00e1mara De Vigilancia Wi-fi Con Modo Infrarrojo Invisible Y Detecci\u00f3n Ia Avanzada<\/title>\n<meta name=\"description\" content=\"Compra Tapo C120 Camara Wifi | Tp-link | | C\u00e1mara De Vigilancia Wi-fi Con Modo Infrarrojo Invisible Y Detecci\u00f3n Ia Avanzada + Env\u00edo a domicilio + Pago seguro + Garant\u00eda\" \/>\n<meta name=\"robots\" content=\"index, follow, max-snippet:-1, max-image-preview:large, max-video-preview:-1\" \/>\n<link rel=\"canonical\" href=\"https:\/\/compuviper.mx\/tienda\/producto\/tp-link-tapo-c120-camara-wifi-tp-link-cmara-de-vigilancia-wi-fi-con-modo-infrarrojo-invisible-y-deteccin-ia-avanzada\/\" \/>\n<meta property=\"og:locale\" content=\"es_MX\" \/>\n<meta property=\"og:type\" content=\"article\" \/>\n<meta property=\"og:title\" content=\"[ Tp Link ] &#129351; Tapo C120 Camara Wifi | Tp-link | | C\u00e1mara De Vigilancia Wi-fi Con Modo Infrarrojo Invisible Y Detecci\u00f3n Ia Avanzada\" \/>\n<meta property=\"og:description\" content=\"Compra Tapo C120 Camara Wifi | Tp-link | | C\u00e1mara De Vigilancia Wi-fi Con Modo Infrarrojo Invisible Y Detecci\u00f3n Ia Avanzada + Env\u00edo a domicilio + Pago seguro + Garant\u00eda\" \/>\n<meta property=\"og:url\" content=\"https:\/\/compuviper.mx\/tienda\/producto\/tp-link-tapo-c120-camara-wifi-tp-link-cmara-de-vigilancia-wi-fi-con-modo-infrarrojo-invisible-y-deteccin-ia-avanzada\/\" \/>\n<meta property=\"og:site_name\" content=\"Compuviper\" \/>\n<meta property=\"article:publisher\" content=\"https:\/\/www.facebook.com\/compuviper\" \/>\n<meta property=\"article:modified_time\" content=\"2026-04-23T06:15:49+00:00\" \/>\n<meta property=\"og:image\" content=\"https:\/\/compuviper.mx\/tienda\/wp-content\/uploads\/2025\/10\/Camara-wifi-tp-link-tapo-c120-camara-de-vigilancia-wi-fi-con-modo-infrarrojo-invisible-y-deteccion-ia-avanzada.jpg\" \/>\n\t<meta property=\"og:image:width\" content=\"200\" \/>\n\t<meta property=\"og:image:height\" content=\"200\" \/>\n\t<meta property=\"og:image:type\" content=\"image\/jpeg\" \/>\n<meta name=\"twitter:card\" content=\"summary_large_image\" \/>\n<meta name=\"twitter:label1\" content=\"Precio\" \/>\n\t<meta name=\"twitter:data1\" content=\"&#36;692 con IVA\" \/>\n\t<meta name=\"twitter:label2\" content=\"Availability\" \/>\n\t<meta name=\"twitter:data2\" content=\"Out of stock\" \/>\n<script type=\"application\/ld+json\" class=\"yoast-schema-graph\">{\"@context\":\"https:\/\/schema.org\",\"@graph\":[{\"@type\":\"WebPage\",\"@id\":\"https:\/\/compuviper.mx\/tienda\/producto\/tp-link-tapo-c120-camara-wifi-tp-link-cmara-de-vigilancia-wi-fi-con-modo-infrarrojo-invisible-y-deteccin-ia-avanzada\/\",\"url\":\"https:\/\/compuviper.mx\/tienda\/producto\/tp-link-tapo-c120-camara-wifi-tp-link-cmara-de-vigilancia-wi-fi-con-modo-infrarrojo-invisible-y-deteccin-ia-avanzada\/\",\"name\":\"[ Tp Link ] &#129351; Tapo C120 Camara Wifi | Tp-link | | C\u00e1mara De Vigilancia Wi-fi Con Modo Infrarrojo Invisible Y Detecci\u00f3n Ia Avanzada\",\"isPartOf\":{\"@id\":\"https:\/\/compuviper.mx\/tienda\/#website\"},\"datePublished\":\"2026-04-23T06:15:48+00:00\",\"dateModified\":\"2026-04-23T06:15:49+00:00\",\"description\":\"Compra Tapo C120 Camara Wifi | Tp-link | | C\u00e1mara De Vigilancia Wi-fi Con Modo Infrarrojo Invisible Y Detecci\u00f3n Ia Avanzada + Env\u00edo a domicilio + Pago seguro + Garant\u00eda\",\"breadcrumb\":{\"@id\":\"https:\/\/compuviper.mx\/tienda\/producto\/tp-link-tapo-c120-camara-wifi-tp-link-cmara-de-vigilancia-wi-fi-con-modo-infrarrojo-invisible-y-deteccin-ia-avanzada\/#breadcrumb\"},\"inLanguage\":\"es-MX\",\"potentialAction\":[{\"@type\":\"ReadAction\",\"target\":[\"https:\/\/compuviper.mx\/tienda\/producto\/tp-link-tapo-c120-camara-wifi-tp-link-cmara-de-vigilancia-wi-fi-con-modo-infrarrojo-invisible-y-deteccin-ia-avanzada\/\"]}]},{\"@type\":\"BreadcrumbList\",\"@id\":\"https:\/\/compuviper.mx\/tienda\/producto\/tp-link-tapo-c120-camara-wifi-tp-link-cmara-de-vigilancia-wi-fi-con-modo-infrarrojo-invisible-y-deteccin-ia-avanzada\/#breadcrumb\",\"itemListElement\":[{\"@type\":\"ListItem\",\"position\":1,\"name\":\"Inicio\",\"item\":\"https:\/\/compuviper.mx\/tienda\/\"},{\"@type\":\"ListItem\",\"position\":2,\"name\":\"Productos\",\"item\":\"https:\/\/compuviper.mx\/tienda\/productos\/\"},{\"@type\":\"ListItem\",\"position\":3,\"name\":\"Camaras\",\"item\":\"https:\/\/compuviper.mx\/tienda\/categoria-producto\/camaras-2\/\"},{\"@type\":\"ListItem\",\"position\":4,\"name\":\"Camara De Videovigilancia\",\"item\":\"https:\/\/compuviper.mx\/tienda\/categoria-producto\/camaras-2\/camara-de-videovigilancia\/\"},{\"@type\":\"ListItem\",\"position\":5,\"name\":\"Tp Link Tapo C120 Camara Wifi | Tp-link | | C?mara De Vigilancia Wi-fi Con Modo Infrarrojo Invisible Y Detecci?n Ia Avanzada\"}]},{\"@type\":\"WebSite\",\"@id\":\"https:\/\/compuviper.mx\/tienda\/#website\",\"url\":\"https:\/\/compuviper.mx\/tienda\/\",\"name\":\"Compuviper\",\"description\":\"Proveedor de Computadoras, Laptops, Servidores, Monitores, Puntos de Venta, Teclados,   Impresoras, T\u00f3ner, C\u00e1maras de Seguridad y m\u00e1s en tu tienda en l\u00ednea\",\"publisher\":{\"@id\":\"https:\/\/compuviper.mx\/tienda\/#organization\"},\"potentialAction\":[{\"@type\":\"SearchAction\",\"target\":{\"@type\":\"EntryPoint\",\"urlTemplate\":\"https:\/\/compuviper.mx\/tienda\/?s={search_term_string}\"},\"query-input\":\"required name=search_term_string\"}],\"inLanguage\":\"es-MX\"},{\"@type\":\"Organization\",\"@id\":\"https:\/\/compuviper.mx\/tienda\/#organization\",\"name\":\"Compuviper\",\"url\":\"https:\/\/compuviper.mx\/tienda\/\",\"logo\":{\"@type\":\"ImageObject\",\"inLanguage\":\"es-MX\",\"@id\":\"https:\/\/compuviper.mx\/tienda\/#\/schema\/logo\/image\/\",\"url\":\"https:\/\/compuviper.mx\/tienda\/wp-content\/uploads\/2021\/08\/Logo-Compuviper-10.png\",\"contentUrl\":\"https:\/\/compuviper.mx\/tienda\/wp-content\/uploads\/2021\/08\/Logo-Compuviper-10.png\",\"width\":1000,\"height\":500,\"caption\":\"Compuviper\"},\"image\":{\"@id\":\"https:\/\/compuviper.mx\/tienda\/#\/schema\/logo\/image\/\"},\"sameAs\":[\"https:\/\/www.facebook.com\/compuviper\",\"https:\/\/www.youtube.com\/channel\/UCf73dERp9Y3cfOq7q8BhLjA?view_as=subscriber\"]}]}<\/script>\n<meta property=\"product:brand\" content=\"TP LINK\" \/>\n<meta property=\"product:price:amount\" content=\"692\" \/>\n<meta property=\"product:price:currency\" content=\"MXN\" \/>\n<meta property=\"og:availability\" content=\"out of stock\" \/>\n<meta property=\"product:availability\" content=\"out of stock\" \/>\n<meta property=\"product:retailer_item_id\" content=\"TAPO C120\" \/>\n<meta property=\"product:condition\" content=\"new\" \/>\n<!-- \/ Yoast SEO plugin. -->","yoast_head_json":{"title":"[ Tp Link ] &#129351; Tapo C120 Camara Wifi | Tp-link | | C\u00e1mara De Vigilancia Wi-fi Con Modo Infrarrojo Invisible Y Detecci\u00f3n Ia Avanzada","description":"Compra Tapo C120 Camara Wifi | Tp-link | | C\u00e1mara De Vigilancia Wi-fi Con Modo Infrarrojo Invisible Y Detecci\u00f3n Ia Avanzada + Env\u00edo a domicilio + Pago seguro + Garant\u00eda","robots":{"index":"index","follow":"follow","max-snippet":"max-snippet:-1","max-image-preview":"max-image-preview:large","max-video-preview":"max-video-preview:-1"},"canonical":"https:\/\/compuviper.mx\/tienda\/producto\/tp-link-tapo-c120-camara-wifi-tp-link-cmara-de-vigilancia-wi-fi-con-modo-infrarrojo-invisible-y-deteccin-ia-avanzada\/","og_locale":"es_MX","og_type":"article","og_title":"[ Tp Link ] &#129351; Tapo C120 Camara Wifi | Tp-link | | C\u00e1mara De Vigilancia Wi-fi Con Modo Infrarrojo Invisible Y Detecci\u00f3n Ia Avanzada","og_description":"Compra Tapo C120 Camara Wifi | Tp-link | | C\u00e1mara De Vigilancia Wi-fi Con Modo Infrarrojo Invisible Y Detecci\u00f3n Ia Avanzada + Env\u00edo a domicilio + Pago seguro + Garant\u00eda","og_url":"https:\/\/compuviper.mx\/tienda\/producto\/tp-link-tapo-c120-camara-wifi-tp-link-cmara-de-vigilancia-wi-fi-con-modo-infrarrojo-invisible-y-deteccin-ia-avanzada\/","og_site_name":"Compuviper","article_publisher":"https:\/\/www.facebook.com\/compuviper","article_modified_time":"2026-04-23T06:15:49+00:00","og_image":[{"width":200,"height":200,"url":"https:\/\/compuviper.mx\/tienda\/wp-content\/uploads\/2025\/10\/Camara-wifi-tp-link-tapo-c120-camara-de-vigilancia-wi-fi-con-modo-infrarrojo-invisible-y-deteccion-ia-avanzada.jpg","type":"image\/jpeg"}],"twitter_card":"summary_large_image","twitter_misc":{"Precio":"&#36;692 con IVA","Availability":"Out of stock"},"schema":{"@context":"https:\/\/schema.org","@graph":[{"@type":"WebPage","@id":"https:\/\/compuviper.mx\/tienda\/producto\/tp-link-tapo-c120-camara-wifi-tp-link-cmara-de-vigilancia-wi-fi-con-modo-infrarrojo-invisible-y-deteccin-ia-avanzada\/","url":"https:\/\/compuviper.mx\/tienda\/producto\/tp-link-tapo-c120-camara-wifi-tp-link-cmara-de-vigilancia-wi-fi-con-modo-infrarrojo-invisible-y-deteccin-ia-avanzada\/","name":"[ Tp Link ] &#129351; Tapo C120 Camara Wifi | Tp-link | | C\u00e1mara De Vigilancia Wi-fi Con Modo Infrarrojo Invisible Y Detecci\u00f3n Ia Avanzada","isPartOf":{"@id":"https:\/\/compuviper.mx\/tienda\/#website"},"datePublished":"2026-04-23T06:15:48+00:00","dateModified":"2026-04-23T06:15:49+00:00","description":"Compra Tapo C120 Camara Wifi | Tp-link | | C\u00e1mara De Vigilancia Wi-fi Con Modo Infrarrojo Invisible Y Detecci\u00f3n Ia Avanzada + Env\u00edo a domicilio + Pago seguro + Garant\u00eda","breadcrumb":{"@id":"https:\/\/compuviper.mx\/tienda\/producto\/tp-link-tapo-c120-camara-wifi-tp-link-cmara-de-vigilancia-wi-fi-con-modo-infrarrojo-invisible-y-deteccin-ia-avanzada\/#breadcrumb"},"inLanguage":"es-MX","potentialAction":[{"@type":"ReadAction","target":["https:\/\/compuviper.mx\/tienda\/producto\/tp-link-tapo-c120-camara-wifi-tp-link-cmara-de-vigilancia-wi-fi-con-modo-infrarrojo-invisible-y-deteccin-ia-avanzada\/"]}]},{"@type":"BreadcrumbList","@id":"https:\/\/compuviper.mx\/tienda\/producto\/tp-link-tapo-c120-camara-wifi-tp-link-cmara-de-vigilancia-wi-fi-con-modo-infrarrojo-invisible-y-deteccin-ia-avanzada\/#breadcrumb","itemListElement":[{"@type":"ListItem","position":1,"name":"Inicio","item":"https:\/\/compuviper.mx\/tienda\/"},{"@type":"ListItem","position":2,"name":"Productos","item":"https:\/\/compuviper.mx\/tienda\/productos\/"},{"@type":"ListItem","position":3,"name":"Camaras","item":"https:\/\/compuviper.mx\/tienda\/categoria-producto\/camaras-2\/"},{"@type":"ListItem","position":4,"name":"Camara De Videovigilancia","item":"https:\/\/compuviper.mx\/tienda\/categoria-producto\/camaras-2\/camara-de-videovigilancia\/"},{"@type":"ListItem","position":5,"name":"Tp Link Tapo C120 Camara Wifi | Tp-link | | C?mara De Vigilancia Wi-fi Con Modo Infrarrojo Invisible Y Detecci?n Ia Avanzada"}]},{"@type":"WebSite","@id":"https:\/\/compuviper.mx\/tienda\/#website","url":"https:\/\/compuviper.mx\/tienda\/","name":"Compuviper","description":"Proveedor de Computadoras, Laptops, Servidores, Monitores, Puntos de Venta, Teclados,   Impresoras, T\u00f3ner, C\u00e1maras de Seguridad y m\u00e1s en tu tienda en l\u00ednea","publisher":{"@id":"https:\/\/compuviper.mx\/tienda\/#organization"},"potentialAction":[{"@type":"SearchAction","target":{"@type":"EntryPoint","urlTemplate":"https:\/\/compuviper.mx\/tienda\/?s={search_term_string}"},"query-input":"required name=search_term_string"}],"inLanguage":"es-MX"},{"@type":"Organization","@id":"https:\/\/compuviper.mx\/tienda\/#organization","name":"Compuviper","url":"https:\/\/compuviper.mx\/tienda\/","logo":{"@type":"ImageObject","inLanguage":"es-MX","@id":"https:\/\/compuviper.mx\/tienda\/#\/schema\/logo\/image\/","url":"https:\/\/compuviper.mx\/tienda\/wp-content\/uploads\/2021\/08\/Logo-Compuviper-10.png","contentUrl":"https:\/\/compuviper.mx\/tienda\/wp-content\/uploads\/2021\/08\/Logo-Compuviper-10.png","width":1000,"height":500,"caption":"Compuviper"},"image":{"@id":"https:\/\/compuviper.mx\/tienda\/#\/schema\/logo\/image\/"},"sameAs":["https:\/\/www.facebook.com\/compuviper","https:\/\/www.youtube.com\/channel\/UCf73dERp9Y3cfOq7q8BhLjA?view_as=subscriber"]}]},"product_brand":"TP LINK","product_price_amount":"692","product_price_currency":"MXN","og_availability":"out of stock","product_availability":"out of stock","product_retailer_item_id":"TAPO C120","product_condition":"new"},"_links":{"self":[{"href":"https:\/\/compuviper.mx\/tienda\/wp-json\/wp\/v2\/product\/255341"}],"collection":[{"href":"https:\/\/compuviper.mx\/tienda\/wp-json\/wp\/v2\/product"}],"about":[{"href":"https:\/\/compuviper.mx\/tienda\/wp-json\/wp\/v2\/types\/product"}],"replies":[{"embeddable":true,"href":"https:\/\/compuviper.mx\/tienda\/wp-json\/wp\/v2\/comments?post=255341"}],"wp:featuredmedia":[{"embeddable":true,"href":"https:\/\/compuviper.mx\/tienda\/wp-json\/wp\/v2\/media\/259450"}],"wp:attachment":[{"href":"https:\/\/compuviper.mx\/tienda\/wp-json\/wp\/v2\/media?parent=255341"}],"wp:term":[{"taxonomy":"product_cat","embeddable":true,"href":"https:\/\/compuviper.mx\/tienda\/wp-json\/wp\/v2\/product_cat?post=255341"},{"taxonomy":"product_tag","embeddable":true,"href":"https:\/\/compuviper.mx\/tienda\/wp-json\/wp\/v2\/product_tag?post=255341"}],"curies":[{"name":"wp","href":"https:\/\/api.w.org\/{rel}","templated":true}]}}