{"id":255336,"date":"2026-04-06T23:31:41","date_gmt":"2026-04-07T05:31:41","guid":{"rendered":"https:\/\/compuviper.mx\/tienda\/producto\/startech-com-flatpnlwall-soporte-vesa-de-montaje-en-pared-para-televisor-o-monitor-de-pantalla-plana-lcd-led-o-plasma-de-32-a-75-pulgadas-mod\/"},"modified":"2026-04-06T23:31:41","modified_gmt":"2026-04-07T05:31:41","slug":"startech-com-flatpnlwall-soporte-vesa-de-montaje-en-pared-para-televisor-o-monitor-de-pantalla-plana-lcd-led-o-plasma-de-32-a-75-pulgadas-mod","status":"publish","type":"product","link":"https:\/\/compuviper.mx\/tienda\/producto\/startech-com-flatpnlwall-soporte-vesa-de-montaje-en-pared-para-televisor-o-monitor-de-pantalla-plana-lcd-led-o-plasma-de-32-a-75-pulgadas-mod\/","title":{"rendered":"Startech.com Flatpnlwall Soporte Vesa De Montaje En Pared Para Televisor O Monitor De Pantalla Plana Lcd, Led O Plasma De 32 A 75 Pulgadas &#8211;  Mod."},"content":{"rendered":"<table class=\"descripcion\">\n<tr>\n<td>Hardware<\/td>\n<\/tr>\n<tr>\n<td>Minimum profile from wall : 83 mm<\/td>\n<\/tr>\n<tr>\n<td>Montaje en pared : s\u00ed<\/td>\n<\/tr>\n<tr>\n<td>N\u00famero de pantallas admitidas : 1<\/td>\n<\/tr>\n<tr>\n<td>Opciones de montaje : montaje en pared<\/td>\n<\/tr>\n<tr>\n<td>Patr\u00f3n(es) vesa de agujeros de montaje : 200&#215;200 mm &#8211; 300&#215;300 mm &#8211; 400&#215;200 mm &#8211; 400&#215;400 mm &#8211; 600&#215;400 mm &#8211; 700&#215;400 mm<\/td>\n<\/tr>\n<tr>\n<td>Rendimiento<\/td>\n<\/tr>\n<tr>\n<td>Anti-theft : no<\/td>\n<\/tr>\n<tr>\n<td>Capacidad de carga : 75 kg<\/td>\n<\/tr>\n<tr>\n<td>Fits curved display : s\u00ed<\/td>\n<\/tr>\n<tr>\n<td>Inclinaci\u00f3n : + 15\u00b0 \/ &#8211; 15\u00b0<\/td>\n<\/tr>\n<tr>\n<td>Tama\u00f1o m\u00e1ximo de la pantalla : 75<\/td>\n<\/tr>\n<tr>\n<td>Caracter\u00edsticas f\u00edsicas<\/td>\n<\/tr>\n<tr>\n<td>Tipo de gabinete : acero<\/td>\n<\/tr>\n<tr>\n<td>Profundidad interna : 83 mm<\/td>\n<\/tr>\n<tr>\n<td>Peso del producto : 3.8 kg<\/td>\n<\/tr>\n<tr>\n<td>Longitud del producto : 81 cm<\/td>\n<\/tr>\n<tr>\n<td>Color : negro<\/td>\n<\/tr>\n<tr>\n<td>Ancho interno : 810 mm<\/td>\n<\/tr>\n<tr>\n<td>Ancho del producto : 83 mm<\/td>\n<\/tr>\n<tr>\n<td>Altura interna : 500 mm<\/td>\n<\/tr>\n<tr>\n<td>Altura del producto : 50 cm<\/td>\n<\/tr>\n<tr>\n<td>Rendimiento<\/td>\n<\/tr>\n<tr>\n<td>Tama\u00f1o m\u00ednimo de la pantalla : 32<\/td>\n<\/tr>\n<tr>\n<td>Video wall : no<\/td>\n<\/tr>\n<\/table>\n","protected":false},"excerpt":{"rendered":"<p>Aproveche al m\u00e1ximo el espacio, a la vez que crea un dise\u00f1o impresionante, gracias al soporte de servicio pesado para montaje en pared de televisores o monitores grandes de pantalla plana. El soporte para montaje en pared de pantallas planas admite cualquier televisor, de tama\u00f1o entre 32 y 75, compatible con soporte vesa, adem\u00e1s de ofrecer un pr\u00e1ctico ajuste de inclinaci\u00f3n que facilita la visualizaci\u00f3n. Este resistente soporte para pared tiene capacidad para televisores grandes de pantalla plana de 32 a 75 y hasta 75kg de peso. El dise\u00f1o tipo enganche de este soporte de montaje de tv en pared facilita su r\u00e1pida instalaci\u00f3n. Solo tiene que insertar los enganches integrados de los soportes verticales a la parte trasera de su tv. La gesti\u00f3n de cables le ayuda a mantener los cables ocultos. El soporte flatpnlwall cuenta con soporte t\u00e9cnico gratuito de por vida.<\/p>\n","protected":false},"featured_media":257654,"comment_status":"open","ping_status":"open","template":"","meta":[],"product_cat":[2321,2265],"product_tag":[1590],"acf":[],"yoast_head":"<!-- This site is optimized with the Yoast SEO plugin v21.7 - https:\/\/yoast.com\/wordpress\/plugins\/seo\/ -->\n<title>[ Startech.com ] &#129351; Flatpnlwall Soporte Vesa De Montaje En Pared Para Televisor O Monitor De Pantalla Plana Lcd, Led O Plasma De 32 A 75 Pulgadas - Mod.<\/title>\n<meta name=\"description\" content=\"Compra Flatpnlwall Soporte Vesa De Montaje En Pared Para Televisor O Monitor De Pantalla Plana Lcd, Led O Plasma De 32 A 75 Pulgadas - Mod. + Env\u00edo a domicilio + Pago seguro + Garant\u00eda\" \/>\n<meta name=\"robots\" content=\"index, follow, max-snippet:-1, max-image-preview:large, max-video-preview:-1\" \/>\n<link rel=\"canonical\" href=\"https:\/\/compuviper.mx\/tienda\/producto\/startech-com-flatpnlwall-soporte-vesa-de-montaje-en-pared-para-televisor-o-monitor-de-pantalla-plana-lcd-led-o-plasma-de-32-a-75-pulgadas-mod\/\" \/>\n<meta property=\"og:locale\" content=\"es_MX\" \/>\n<meta property=\"og:type\" content=\"article\" \/>\n<meta property=\"og:title\" content=\"[ Startech.com ] &#129351; Flatpnlwall Soporte Vesa De Montaje En Pared Para Televisor O Monitor De Pantalla Plana Lcd, Led O Plasma De 32 A 75 Pulgadas - Mod.\" \/>\n<meta property=\"og:description\" content=\"Compra Flatpnlwall Soporte Vesa De Montaje En Pared Para Televisor O Monitor De Pantalla Plana Lcd, Led O Plasma De 32 A 75 Pulgadas - Mod. + Env\u00edo a domicilio + Pago seguro + Garant\u00eda\" \/>\n<meta property=\"og:url\" content=\"https:\/\/compuviper.mx\/tienda\/producto\/startech-com-flatpnlwall-soporte-vesa-de-montaje-en-pared-para-televisor-o-monitor-de-pantalla-plana-lcd-led-o-plasma-de-32-a-75-pulgadas-mod\/\" \/>\n<meta property=\"og:site_name\" content=\"Compuviper\" \/>\n<meta property=\"article:publisher\" content=\"https:\/\/www.facebook.com\/compuviper\" \/>\n<meta property=\"og:image\" content=\"https:\/\/compuviper.mx\/tienda\/wp-content\/uploads\/2025\/09\/Soporte-vesa-de-montaje-en-pared-para-televisor-o-monitor-de-pantalla-plana-lcd-led-o-plasma-de-32-a-75-pulgadas-startech.com-mod.-flatpnlwall.jpg\" \/>\n\t<meta property=\"og:image:width\" content=\"200\" \/>\n\t<meta property=\"og:image:height\" content=\"200\" \/>\n\t<meta property=\"og:image:type\" content=\"image\/jpeg\" \/>\n<meta name=\"twitter:card\" content=\"summary_large_image\" \/>\n<meta name=\"twitter:label1\" content=\"Precio\" \/>\n\t<meta name=\"twitter:data1\" content=\"&#36;1,711 con IVA\" \/>\n\t<meta name=\"twitter:label2\" content=\"Availability\" \/>\n\t<meta name=\"twitter:data2\" content=\"Out of stock\" \/>\n<script type=\"application\/ld+json\" class=\"yoast-schema-graph\">{\"@context\":\"https:\/\/schema.org\",\"@graph\":[{\"@type\":\"WebPage\",\"@id\":\"https:\/\/compuviper.mx\/tienda\/producto\/startech-com-flatpnlwall-soporte-vesa-de-montaje-en-pared-para-televisor-o-monitor-de-pantalla-plana-lcd-led-o-plasma-de-32-a-75-pulgadas-mod\/\",\"url\":\"https:\/\/compuviper.mx\/tienda\/producto\/startech-com-flatpnlwall-soporte-vesa-de-montaje-en-pared-para-televisor-o-monitor-de-pantalla-plana-lcd-led-o-plasma-de-32-a-75-pulgadas-mod\/\",\"name\":\"[ Startech.com ] &#129351; Flatpnlwall Soporte Vesa De Montaje En Pared Para Televisor O Monitor De Pantalla Plana Lcd, Led O Plasma De 32 A 75 Pulgadas - Mod.\",\"isPartOf\":{\"@id\":\"https:\/\/compuviper.mx\/tienda\/#website\"},\"datePublished\":\"2026-04-07T05:31:41+00:00\",\"dateModified\":\"2026-04-07T05:31:41+00:00\",\"description\":\"Compra Flatpnlwall Soporte Vesa De Montaje En Pared Para Televisor O Monitor De Pantalla Plana Lcd, Led O Plasma De 32 A 75 Pulgadas - Mod. + Env\u00edo a domicilio + Pago seguro + Garant\u00eda\",\"breadcrumb\":{\"@id\":\"https:\/\/compuviper.mx\/tienda\/producto\/startech-com-flatpnlwall-soporte-vesa-de-montaje-en-pared-para-televisor-o-monitor-de-pantalla-plana-lcd-led-o-plasma-de-32-a-75-pulgadas-mod\/#breadcrumb\"},\"inLanguage\":\"es-MX\",\"potentialAction\":[{\"@type\":\"ReadAction\",\"target\":[\"https:\/\/compuviper.mx\/tienda\/producto\/startech-com-flatpnlwall-soporte-vesa-de-montaje-en-pared-para-televisor-o-monitor-de-pantalla-plana-lcd-led-o-plasma-de-32-a-75-pulgadas-mod\/\"]}]},{\"@type\":\"BreadcrumbList\",\"@id\":\"https:\/\/compuviper.mx\/tienda\/producto\/startech-com-flatpnlwall-soporte-vesa-de-montaje-en-pared-para-televisor-o-monitor-de-pantalla-plana-lcd-led-o-plasma-de-32-a-75-pulgadas-mod\/#breadcrumb\",\"itemListElement\":[{\"@type\":\"ListItem\",\"position\":1,\"name\":\"Inicio\",\"item\":\"https:\/\/compuviper.mx\/tienda\/\"},{\"@type\":\"ListItem\",\"position\":2,\"name\":\"Productos\",\"item\":\"https:\/\/compuviper.mx\/tienda\/productos\/\"},{\"@type\":\"ListItem\",\"position\":3,\"name\":\"Soportes Y Bases P\/tv\/ Proyectores\/dvd\/consolas\/bocinas\/pantallas\/monotores\",\"item\":\"https:\/\/compuviper.mx\/tienda\/categoria-producto\/soportes-y-bases-p-tv-proyectores-dvd-consolas-bocinas-pantallas-monotores\/\"},{\"@type\":\"ListItem\",\"position\":4,\"name\":\"Soporte Y Base Para Tv\/pantallas\/monitores\/kiosko\",\"item\":\"https:\/\/compuviper.mx\/tienda\/categoria-producto\/soportes-y-bases-p-tv-proyectores-dvd-consolas-bocinas-pantallas-monotores\/soporte-y-base-para-tv-pantallas-monitores-kiosko\/\"},{\"@type\":\"ListItem\",\"position\":5,\"name\":\"Startech.com Flatpnlwall Soporte Vesa De Montaje En Pared Para Televisor O Monitor De Pantalla Plana Lcd, Led O Plasma De 32 A 75 Pulgadas &#8211; Mod.\"}]},{\"@type\":\"WebSite\",\"@id\":\"https:\/\/compuviper.mx\/tienda\/#website\",\"url\":\"https:\/\/compuviper.mx\/tienda\/\",\"name\":\"Compuviper\",\"description\":\"Proveedor de Computadoras, Laptops, Servidores, Monitores, Puntos de Venta, Teclados,   Impresoras, T\u00f3ner, C\u00e1maras de Seguridad y m\u00e1s en tu tienda en l\u00ednea\",\"publisher\":{\"@id\":\"https:\/\/compuviper.mx\/tienda\/#organization\"},\"potentialAction\":[{\"@type\":\"SearchAction\",\"target\":{\"@type\":\"EntryPoint\",\"urlTemplate\":\"https:\/\/compuviper.mx\/tienda\/?s={search_term_string}\"},\"query-input\":\"required name=search_term_string\"}],\"inLanguage\":\"es-MX\"},{\"@type\":\"Organization\",\"@id\":\"https:\/\/compuviper.mx\/tienda\/#organization\",\"name\":\"Compuviper\",\"url\":\"https:\/\/compuviper.mx\/tienda\/\",\"logo\":{\"@type\":\"ImageObject\",\"inLanguage\":\"es-MX\",\"@id\":\"https:\/\/compuviper.mx\/tienda\/#\/schema\/logo\/image\/\",\"url\":\"https:\/\/compuviper.mx\/tienda\/wp-content\/uploads\/2021\/08\/Logo-Compuviper-10.png\",\"contentUrl\":\"https:\/\/compuviper.mx\/tienda\/wp-content\/uploads\/2021\/08\/Logo-Compuviper-10.png\",\"width\":1000,\"height\":500,\"caption\":\"Compuviper\"},\"image\":{\"@id\":\"https:\/\/compuviper.mx\/tienda\/#\/schema\/logo\/image\/\"},\"sameAs\":[\"https:\/\/www.facebook.com\/compuviper\",\"https:\/\/www.youtube.com\/channel\/UCf73dERp9Y3cfOq7q8BhLjA?view_as=subscriber\"]}]}<\/script>\n<meta property=\"product:brand\" content=\"STARTECH.COM\" \/>\n<meta property=\"product:price:amount\" content=\"1711\" \/>\n<meta property=\"product:price:currency\" content=\"MXN\" \/>\n<meta property=\"og:availability\" content=\"out of stock\" \/>\n<meta property=\"product:availability\" content=\"out of stock\" \/>\n<meta property=\"product:retailer_item_id\" content=\"FLATPNLWALL\" \/>\n<meta property=\"product:condition\" content=\"new\" \/>\n<!-- \/ Yoast SEO plugin. -->","yoast_head_json":{"title":"[ Startech.com ] &#129351; Flatpnlwall Soporte Vesa De Montaje En Pared Para Televisor O Monitor De Pantalla Plana Lcd, Led O Plasma De 32 A 75 Pulgadas - Mod.","description":"Compra Flatpnlwall Soporte Vesa De Montaje En Pared Para Televisor O Monitor De Pantalla Plana Lcd, Led O Plasma De 32 A 75 Pulgadas - Mod. + Env\u00edo a domicilio + Pago seguro + Garant\u00eda","robots":{"index":"index","follow":"follow","max-snippet":"max-snippet:-1","max-image-preview":"max-image-preview:large","max-video-preview":"max-video-preview:-1"},"canonical":"https:\/\/compuviper.mx\/tienda\/producto\/startech-com-flatpnlwall-soporte-vesa-de-montaje-en-pared-para-televisor-o-monitor-de-pantalla-plana-lcd-led-o-plasma-de-32-a-75-pulgadas-mod\/","og_locale":"es_MX","og_type":"article","og_title":"[ Startech.com ] &#129351; Flatpnlwall Soporte Vesa De Montaje En Pared Para Televisor O Monitor De Pantalla Plana Lcd, Led O Plasma De 32 A 75 Pulgadas - Mod.","og_description":"Compra Flatpnlwall Soporte Vesa De Montaje En Pared Para Televisor O Monitor De Pantalla Plana Lcd, Led O Plasma De 32 A 75 Pulgadas - Mod. + Env\u00edo a domicilio + Pago seguro + Garant\u00eda","og_url":"https:\/\/compuviper.mx\/tienda\/producto\/startech-com-flatpnlwall-soporte-vesa-de-montaje-en-pared-para-televisor-o-monitor-de-pantalla-plana-lcd-led-o-plasma-de-32-a-75-pulgadas-mod\/","og_site_name":"Compuviper","article_publisher":"https:\/\/www.facebook.com\/compuviper","og_image":[{"width":200,"height":200,"url":"https:\/\/compuviper.mx\/tienda\/wp-content\/uploads\/2025\/09\/Soporte-vesa-de-montaje-en-pared-para-televisor-o-monitor-de-pantalla-plana-lcd-led-o-plasma-de-32-a-75-pulgadas-startech.com-mod.-flatpnlwall.jpg","type":"image\/jpeg"}],"twitter_card":"summary_large_image","twitter_misc":{"Precio":"&#36;1,711 con IVA","Availability":"Out of stock"},"schema":{"@context":"https:\/\/schema.org","@graph":[{"@type":"WebPage","@id":"https:\/\/compuviper.mx\/tienda\/producto\/startech-com-flatpnlwall-soporte-vesa-de-montaje-en-pared-para-televisor-o-monitor-de-pantalla-plana-lcd-led-o-plasma-de-32-a-75-pulgadas-mod\/","url":"https:\/\/compuviper.mx\/tienda\/producto\/startech-com-flatpnlwall-soporte-vesa-de-montaje-en-pared-para-televisor-o-monitor-de-pantalla-plana-lcd-led-o-plasma-de-32-a-75-pulgadas-mod\/","name":"[ Startech.com ] &#129351; Flatpnlwall Soporte Vesa De Montaje En Pared Para Televisor O Monitor De Pantalla Plana Lcd, Led O Plasma De 32 A 75 Pulgadas - Mod.","isPartOf":{"@id":"https:\/\/compuviper.mx\/tienda\/#website"},"datePublished":"2026-04-07T05:31:41+00:00","dateModified":"2026-04-07T05:31:41+00:00","description":"Compra Flatpnlwall Soporte Vesa De Montaje En Pared Para Televisor O Monitor De Pantalla Plana Lcd, Led O Plasma De 32 A 75 Pulgadas - Mod. + Env\u00edo a domicilio + Pago seguro + Garant\u00eda","breadcrumb":{"@id":"https:\/\/compuviper.mx\/tienda\/producto\/startech-com-flatpnlwall-soporte-vesa-de-montaje-en-pared-para-televisor-o-monitor-de-pantalla-plana-lcd-led-o-plasma-de-32-a-75-pulgadas-mod\/#breadcrumb"},"inLanguage":"es-MX","potentialAction":[{"@type":"ReadAction","target":["https:\/\/compuviper.mx\/tienda\/producto\/startech-com-flatpnlwall-soporte-vesa-de-montaje-en-pared-para-televisor-o-monitor-de-pantalla-plana-lcd-led-o-plasma-de-32-a-75-pulgadas-mod\/"]}]},{"@type":"BreadcrumbList","@id":"https:\/\/compuviper.mx\/tienda\/producto\/startech-com-flatpnlwall-soporte-vesa-de-montaje-en-pared-para-televisor-o-monitor-de-pantalla-plana-lcd-led-o-plasma-de-32-a-75-pulgadas-mod\/#breadcrumb","itemListElement":[{"@type":"ListItem","position":1,"name":"Inicio","item":"https:\/\/compuviper.mx\/tienda\/"},{"@type":"ListItem","position":2,"name":"Productos","item":"https:\/\/compuviper.mx\/tienda\/productos\/"},{"@type":"ListItem","position":3,"name":"Soportes Y Bases P\/tv\/ Proyectores\/dvd\/consolas\/bocinas\/pantallas\/monotores","item":"https:\/\/compuviper.mx\/tienda\/categoria-producto\/soportes-y-bases-p-tv-proyectores-dvd-consolas-bocinas-pantallas-monotores\/"},{"@type":"ListItem","position":4,"name":"Soporte Y Base Para Tv\/pantallas\/monitores\/kiosko","item":"https:\/\/compuviper.mx\/tienda\/categoria-producto\/soportes-y-bases-p-tv-proyectores-dvd-consolas-bocinas-pantallas-monotores\/soporte-y-base-para-tv-pantallas-monitores-kiosko\/"},{"@type":"ListItem","position":5,"name":"Startech.com Flatpnlwall Soporte Vesa De Montaje En Pared Para Televisor O Monitor De Pantalla Plana Lcd, Led O Plasma De 32 A 75 Pulgadas &#8211; Mod."}]},{"@type":"WebSite","@id":"https:\/\/compuviper.mx\/tienda\/#website","url":"https:\/\/compuviper.mx\/tienda\/","name":"Compuviper","description":"Proveedor de Computadoras, Laptops, Servidores, Monitores, Puntos de Venta, Teclados,   Impresoras, T\u00f3ner, C\u00e1maras de Seguridad y m\u00e1s en tu tienda en l\u00ednea","publisher":{"@id":"https:\/\/compuviper.mx\/tienda\/#organization"},"potentialAction":[{"@type":"SearchAction","target":{"@type":"EntryPoint","urlTemplate":"https:\/\/compuviper.mx\/tienda\/?s={search_term_string}"},"query-input":"required name=search_term_string"}],"inLanguage":"es-MX"},{"@type":"Organization","@id":"https:\/\/compuviper.mx\/tienda\/#organization","name":"Compuviper","url":"https:\/\/compuviper.mx\/tienda\/","logo":{"@type":"ImageObject","inLanguage":"es-MX","@id":"https:\/\/compuviper.mx\/tienda\/#\/schema\/logo\/image\/","url":"https:\/\/compuviper.mx\/tienda\/wp-content\/uploads\/2021\/08\/Logo-Compuviper-10.png","contentUrl":"https:\/\/compuviper.mx\/tienda\/wp-content\/uploads\/2021\/08\/Logo-Compuviper-10.png","width":1000,"height":500,"caption":"Compuviper"},"image":{"@id":"https:\/\/compuviper.mx\/tienda\/#\/schema\/logo\/image\/"},"sameAs":["https:\/\/www.facebook.com\/compuviper","https:\/\/www.youtube.com\/channel\/UCf73dERp9Y3cfOq7q8BhLjA?view_as=subscriber"]}]},"product_brand":"STARTECH.COM","product_price_amount":"1711","product_price_currency":"MXN","og_availability":"out of stock","product_availability":"out of stock","product_retailer_item_id":"FLATPNLWALL","product_condition":"new"},"_links":{"self":[{"href":"https:\/\/compuviper.mx\/tienda\/wp-json\/wp\/v2\/product\/255336"}],"collection":[{"href":"https:\/\/compuviper.mx\/tienda\/wp-json\/wp\/v2\/product"}],"about":[{"href":"https:\/\/compuviper.mx\/tienda\/wp-json\/wp\/v2\/types\/product"}],"replies":[{"embeddable":true,"href":"https:\/\/compuviper.mx\/tienda\/wp-json\/wp\/v2\/comments?post=255336"}],"wp:featuredmedia":[{"embeddable":true,"href":"https:\/\/compuviper.mx\/tienda\/wp-json\/wp\/v2\/media\/257654"}],"wp:attachment":[{"href":"https:\/\/compuviper.mx\/tienda\/wp-json\/wp\/v2\/media?parent=255336"}],"wp:term":[{"taxonomy":"product_cat","embeddable":true,"href":"https:\/\/compuviper.mx\/tienda\/wp-json\/wp\/v2\/product_cat?post=255336"},{"taxonomy":"product_tag","embeddable":true,"href":"https:\/\/compuviper.mx\/tienda\/wp-json\/wp\/v2\/product_tag?post=255336"}],"curies":[{"name":"wp","href":"https:\/\/api.w.org\/{rel}","templated":true}]}}