{"id":255334,"date":"2026-04-01T23:17:18","date_gmt":"2026-04-02T05:17:18","guid":{"rendered":"https:\/\/compuviper.mx\/tienda\/producto\/tp-link-archer-tx10ub-nano-adaptador-usb-tp-link-ax900-nano-wi-fi-6-bluetooth-usb-adapter\/"},"modified":"2026-04-01T23:17:18","modified_gmt":"2026-04-02T05:17:18","slug":"tp-link-archer-tx10ub-nano-adaptador-usb-tp-link-ax900-nano-wi-fi-6-bluetooth-usb-adapter","status":"publish","type":"product","link":"https:\/\/compuviper.mx\/tienda\/producto\/tp-link-archer-tx10ub-nano-adaptador-usb-tp-link-ax900-nano-wi-fi-6-bluetooth-usb-adapter\/","title":{"rendered":"Tp Link Archer Tx10ub Nano Adaptador Usb \/ Tp-link \/ \/ Ax900 Nano Wi-fi 6 Bluetooth Usb Adapter"},"content":{"rendered":"<table class=\"descripcion\">\n<tr>\n<td>-caracter\u00edsticas de hardware<\/td>\n<\/tr>\n<tr>\n<td>Interfaz: usb 2.0<\/td>\n<\/tr>\n<tr>\n<td>Dimensiones (w x d x h):  19,2 x 15,7 x 7,4 mm<\/td>\n<\/tr>\n<tr>\n<td>Antena: omnidireccional<\/td>\n<\/tr>\n<tr>\n<td>-caracter\u00edsticas inal\u00e1mbricas<\/td>\n<\/tr>\n<tr>\n<td>Est\u00e1ndares inal\u00e1mbricos:    ieee 802.11b\/g\/n\/ax 2,4 ghz, ieee 802.11a\/n\/ac\/ax 5 ghz<\/td>\n<\/tr>\n<tr>\n<td>Frecuencia: 5 ghz   &#8211;    2,4 ghz<\/td>\n<\/tr>\n<tr>\n<td>Tasa de se\u00f1al:<\/td>\n<\/tr>\n<tr>\n<td>5 ghz<\/td>\n<\/tr>\n<tr>\n<td>11ax: hasta 600 mbps (din\u00e1mico)<\/td>\n<\/tr>\n<tr>\n<td>11ac: hasta 433 mbps (din\u00e1mico)<\/td>\n<\/tr>\n<tr>\n<td>11n: hasta 150 mbps (din\u00e1mico)<\/td>\n<\/tr>\n<tr>\n<td>11a: hasta 54 mbps (din\u00e1mico)<\/td>\n<\/tr>\n<tr>\n<td>2,4 ghz<\/td>\n<\/tr>\n<tr>\n<td>11ax: hasta 287 mbps (din\u00e1mico)<\/td>\n<\/tr>\n<tr>\n<td>11n: hasta 200 mbps (din\u00e1mico)<\/td>\n<\/tr>\n<tr>\n<td>11g: hasta 54 mbps (din\u00e1mico)<\/td>\n<\/tr>\n<tr>\n<td>11b: hasta 11 mbps (din\u00e1mico)<\/td>\n<\/tr>\n<tr>\n<td>Sensibilidad de recepci\u00f3n:<\/td>\n<\/tr>\n<tr>\n<td>5 ghz:<\/td>\n<\/tr>\n<tr>\n<td>11a6m: -94 dbm;<\/td>\n<\/tr>\n<tr>\n<td>11ax he80 mcs11: -59 dbm;<\/td>\n<\/tr>\n<tr>\n<td>11ax he80 mcs0: -87 dbm; 2<\/td>\n<\/tr>\n<tr>\n<td>Ghz:<\/td>\n<\/tr>\n<tr>\n<td>11g6m: -95 dbm;<\/td>\n<\/tr>\n<tr>\n<td>11ax he40 mcs11: -65 dbm;<\/td>\n<\/tr>\n<tr>\n<td>11ax he40 mcs0: -93 dbm;<\/td>\n<\/tr>\n<tr>\n<td>Modos inal\u00e1mbricos: modo infraestructura<\/td>\n<\/tr>\n<tr>\n<td>Seguridad inal\u00e1mbrica: wep, wpa\/wpa2\/wpa3, wpa-psk\/wpa2-psk<\/td>\n<\/tr>\n<tr>\n<td>Tecnolog\u00eda de modulaci\u00f3n: dbpsk, dqpsk, cck, ofdm, 16-qam, 64-qam,<\/td>\n<\/tr>\n<tr>\n<td>256-qam, 1024-qam<\/td>\n<\/tr>\n<tr>\n<td>-otros<\/td>\n<\/tr>\n<tr>\n<td>Certificaci\u00f3n:    ce, fcc, rohs<\/td>\n<\/tr>\n<tr>\n<td>Contenidos del paquete:     adaptador usb ax900 nano wi-fi 6 bluetooth 5.3 archer tx10ub nano<\/td>\n<\/tr>\n<tr>\n<td>Gu\u00eda de instalaci\u00f3n r\u00e1pida<\/td>\n<\/tr>\n<tr>\n<td>Requisitos del sistema: ventanas 11\/10<\/td>\n<\/tr>\n<tr>\n<td>Ambiente:<\/td>\n<\/tr>\n<tr>\n<td>Temperatura de funcionamiento: 0 and #8451;~40 and #8451; (32 and #8457;~104 and #8457;)<\/td>\n<\/tr>\n<tr>\n<td>Humedad de funcionamiento: 10%~90% sin condensaci\u00f3n<\/td>\n<\/tr>\n<\/table>\n","protected":false},"excerpt":{"rendered":"<p>Adaptador usb ax900 nano wi-fi 6 bluetooth 5.3. -wifi de alta velocidad: velocidades de hasta 900 mbps con 287 mbps en 2,4 ghz y 600 mbps en 5 ghz, actualiza sus dispositivos a velocidades wifi ax m\u00e1s altas. -conexi\u00f3n inal\u00e1mbrica de doble banda: banda de 2,4 ghz y 5 ghz para una conectividad flexible, actualiza sus dispositivos para que funcionen con el \u00faltimo enrutador wifi de doble banda para lograr mayor velocidad y alcance extendido. -bluetooth 5.3 confiable : bluetooth 5.3 se ha mejorado en t\u00e9rminos de confiabilidad y seguridad, lo que garantiza una coordinaci\u00f3n m\u00e1s s\u00f3lida con sus controladores de juegos, auriculares, teclados, etc. -dise\u00f1o nano: su dise\u00f1o peque\u00f1o y discreto le permite enchufarlo y olvidarse de que est\u00e1 ah\u00ed. -sistema operativo: compatible con windows 11\/10. -seguridad avanzada: compatible con los est\u00e1ndares de cifrado wep, wpa\/wpa2\/wpa3, wpa-psk\/wpa2-psk y wpa3-sae.<\/p>\n","protected":false},"featured_media":258927,"comment_status":"open","ping_status":"open","template":"","meta":[],"product_cat":[1485,1492],"product_tag":[1562],"acf":[],"yoast_head":"<!-- This site is optimized with the Yoast SEO plugin v21.7 - https:\/\/yoast.com\/wordpress\/plugins\/seo\/ -->\n<title>[ Tp Link ] &#129351; Archer Tx10ub Nano Adaptador Usb \/ Tp-link \/ \/ Ax900 Nano Wi-fi 6 Bluetooth Usb Adapter<\/title>\n<meta name=\"description\" content=\"Compra Archer Tx10ub Nano Adaptador Usb \/ Tp-link \/ \/ Ax900 Nano Wi-fi 6 Bluetooth Usb Adapter + Env\u00edo a domicilio + Pago seguro + Garant\u00eda\" \/>\n<meta name=\"robots\" content=\"index, follow, max-snippet:-1, max-image-preview:large, max-video-preview:-1\" \/>\n<link rel=\"canonical\" href=\"https:\/\/compuviper.mx\/tienda\/producto\/tp-link-archer-tx10ub-nano-adaptador-usb-tp-link-ax900-nano-wi-fi-6-bluetooth-usb-adapter\/\" \/>\n<meta property=\"og:locale\" content=\"es_MX\" \/>\n<meta property=\"og:type\" content=\"article\" \/>\n<meta property=\"og:title\" content=\"[ Tp Link ] &#129351; Archer Tx10ub Nano Adaptador Usb \/ Tp-link \/ \/ Ax900 Nano Wi-fi 6 Bluetooth Usb Adapter\" \/>\n<meta property=\"og:description\" content=\"Compra Archer Tx10ub Nano Adaptador Usb \/ Tp-link \/ \/ Ax900 Nano Wi-fi 6 Bluetooth Usb Adapter + Env\u00edo a domicilio + Pago seguro + Garant\u00eda\" \/>\n<meta property=\"og:url\" content=\"https:\/\/compuviper.mx\/tienda\/producto\/tp-link-archer-tx10ub-nano-adaptador-usb-tp-link-ax900-nano-wi-fi-6-bluetooth-usb-adapter\/\" \/>\n<meta property=\"og:site_name\" content=\"Compuviper\" \/>\n<meta property=\"article:publisher\" content=\"https:\/\/www.facebook.com\/compuviper\" \/>\n<meta property=\"og:image\" content=\"https:\/\/compuviper.mx\/tienda\/wp-content\/uploads\/2025\/10\/Adaptador-usb-tp-link-archer-tx10ub-nano-ax900-nano-wi-fi-6-bluetooth-usb-adapter.jpg\" \/>\n\t<meta property=\"og:image:width\" content=\"200\" \/>\n\t<meta property=\"og:image:height\" content=\"200\" \/>\n\t<meta property=\"og:image:type\" content=\"image\/jpeg\" \/>\n<meta name=\"twitter:card\" content=\"summary_large_image\" \/>\n<meta name=\"twitter:label1\" content=\"Precio\" \/>\n\t<meta name=\"twitter:data1\" content=\"&#36;263 con IVA\" \/>\n\t<meta name=\"twitter:label2\" content=\"Availability\" \/>\n\t<meta name=\"twitter:data2\" content=\"Out of stock\" \/>\n<script type=\"application\/ld+json\" class=\"yoast-schema-graph\">{\"@context\":\"https:\/\/schema.org\",\"@graph\":[{\"@type\":\"WebPage\",\"@id\":\"https:\/\/compuviper.mx\/tienda\/producto\/tp-link-archer-tx10ub-nano-adaptador-usb-tp-link-ax900-nano-wi-fi-6-bluetooth-usb-adapter\/\",\"url\":\"https:\/\/compuviper.mx\/tienda\/producto\/tp-link-archer-tx10ub-nano-adaptador-usb-tp-link-ax900-nano-wi-fi-6-bluetooth-usb-adapter\/\",\"name\":\"[ Tp Link ] &#129351; Archer Tx10ub Nano Adaptador Usb \/ Tp-link \/ \/ Ax900 Nano Wi-fi 6 Bluetooth Usb Adapter\",\"isPartOf\":{\"@id\":\"https:\/\/compuviper.mx\/tienda\/#website\"},\"datePublished\":\"2026-04-02T05:17:18+00:00\",\"dateModified\":\"2026-04-02T05:17:18+00:00\",\"description\":\"Compra Archer Tx10ub Nano Adaptador Usb \/ Tp-link \/ \/ Ax900 Nano Wi-fi 6 Bluetooth Usb Adapter + Env\u00edo a domicilio + Pago seguro + Garant\u00eda\",\"breadcrumb\":{\"@id\":\"https:\/\/compuviper.mx\/tienda\/producto\/tp-link-archer-tx10ub-nano-adaptador-usb-tp-link-ax900-nano-wi-fi-6-bluetooth-usb-adapter\/#breadcrumb\"},\"inLanguage\":\"es-MX\",\"potentialAction\":[{\"@type\":\"ReadAction\",\"target\":[\"https:\/\/compuviper.mx\/tienda\/producto\/tp-link-archer-tx10ub-nano-adaptador-usb-tp-link-ax900-nano-wi-fi-6-bluetooth-usb-adapter\/\"]}]},{\"@type\":\"BreadcrumbList\",\"@id\":\"https:\/\/compuviper.mx\/tienda\/producto\/tp-link-archer-tx10ub-nano-adaptador-usb-tp-link-ax900-nano-wi-fi-6-bluetooth-usb-adapter\/#breadcrumb\",\"itemListElement\":[{\"@type\":\"ListItem\",\"position\":1,\"name\":\"Inicio\",\"item\":\"https:\/\/compuviper.mx\/tienda\/\"},{\"@type\":\"ListItem\",\"position\":2,\"name\":\"Productos\",\"item\":\"https:\/\/compuviper.mx\/tienda\/productos\/\"},{\"@type\":\"ListItem\",\"position\":3,\"name\":\"Accesorios\",\"item\":\"https:\/\/compuviper.mx\/tienda\/categoria-producto\/accesorios\/\"},{\"@type\":\"ListItem\",\"position\":4,\"name\":\"Adaptadores\",\"item\":\"https:\/\/compuviper.mx\/tienda\/categoria-producto\/accesorios\/adaptadores\/\"},{\"@type\":\"ListItem\",\"position\":5,\"name\":\"Tp Link Archer Tx10ub Nano Adaptador Usb \/ Tp-link \/ \/ Ax900 Nano Wi-fi 6 Bluetooth Usb Adapter\"}]},{\"@type\":\"WebSite\",\"@id\":\"https:\/\/compuviper.mx\/tienda\/#website\",\"url\":\"https:\/\/compuviper.mx\/tienda\/\",\"name\":\"Compuviper\",\"description\":\"Proveedor de Computadoras, Laptops, Servidores, Monitores, Puntos de Venta, Teclados,   Impresoras, T\u00f3ner, C\u00e1maras de Seguridad y m\u00e1s en tu tienda en l\u00ednea\",\"publisher\":{\"@id\":\"https:\/\/compuviper.mx\/tienda\/#organization\"},\"potentialAction\":[{\"@type\":\"SearchAction\",\"target\":{\"@type\":\"EntryPoint\",\"urlTemplate\":\"https:\/\/compuviper.mx\/tienda\/?s={search_term_string}\"},\"query-input\":\"required name=search_term_string\"}],\"inLanguage\":\"es-MX\"},{\"@type\":\"Organization\",\"@id\":\"https:\/\/compuviper.mx\/tienda\/#organization\",\"name\":\"Compuviper\",\"url\":\"https:\/\/compuviper.mx\/tienda\/\",\"logo\":{\"@type\":\"ImageObject\",\"inLanguage\":\"es-MX\",\"@id\":\"https:\/\/compuviper.mx\/tienda\/#\/schema\/logo\/image\/\",\"url\":\"https:\/\/compuviper.mx\/tienda\/wp-content\/uploads\/2021\/08\/Logo-Compuviper-10.png\",\"contentUrl\":\"https:\/\/compuviper.mx\/tienda\/wp-content\/uploads\/2021\/08\/Logo-Compuviper-10.png\",\"width\":1000,\"height\":500,\"caption\":\"Compuviper\"},\"image\":{\"@id\":\"https:\/\/compuviper.mx\/tienda\/#\/schema\/logo\/image\/\"},\"sameAs\":[\"https:\/\/www.facebook.com\/compuviper\",\"https:\/\/www.youtube.com\/channel\/UCf73dERp9Y3cfOq7q8BhLjA?view_as=subscriber\"]}]}<\/script>\n<meta property=\"product:brand\" content=\"TP LINK\" \/>\n<meta property=\"product:price:amount\" content=\"263\" \/>\n<meta property=\"product:price:currency\" content=\"MXN\" \/>\n<meta property=\"og:availability\" content=\"out of stock\" \/>\n<meta property=\"product:availability\" content=\"out of stock\" \/>\n<meta property=\"product:retailer_item_id\" content=\"ARCHER TX10UB NANO\" \/>\n<meta property=\"product:condition\" content=\"new\" \/>\n<!-- \/ Yoast SEO plugin. -->","yoast_head_json":{"title":"[ Tp Link ] &#129351; Archer Tx10ub Nano Adaptador Usb \/ Tp-link \/ \/ Ax900 Nano Wi-fi 6 Bluetooth Usb Adapter","description":"Compra Archer Tx10ub Nano Adaptador Usb \/ Tp-link \/ \/ Ax900 Nano Wi-fi 6 Bluetooth Usb Adapter + Env\u00edo a domicilio + Pago seguro + Garant\u00eda","robots":{"index":"index","follow":"follow","max-snippet":"max-snippet:-1","max-image-preview":"max-image-preview:large","max-video-preview":"max-video-preview:-1"},"canonical":"https:\/\/compuviper.mx\/tienda\/producto\/tp-link-archer-tx10ub-nano-adaptador-usb-tp-link-ax900-nano-wi-fi-6-bluetooth-usb-adapter\/","og_locale":"es_MX","og_type":"article","og_title":"[ Tp Link ] &#129351; Archer Tx10ub Nano Adaptador Usb \/ Tp-link \/ \/ Ax900 Nano Wi-fi 6 Bluetooth Usb Adapter","og_description":"Compra Archer Tx10ub Nano Adaptador Usb \/ Tp-link \/ \/ Ax900 Nano Wi-fi 6 Bluetooth Usb Adapter + Env\u00edo a domicilio + Pago seguro + Garant\u00eda","og_url":"https:\/\/compuviper.mx\/tienda\/producto\/tp-link-archer-tx10ub-nano-adaptador-usb-tp-link-ax900-nano-wi-fi-6-bluetooth-usb-adapter\/","og_site_name":"Compuviper","article_publisher":"https:\/\/www.facebook.com\/compuviper","og_image":[{"width":200,"height":200,"url":"https:\/\/compuviper.mx\/tienda\/wp-content\/uploads\/2025\/10\/Adaptador-usb-tp-link-archer-tx10ub-nano-ax900-nano-wi-fi-6-bluetooth-usb-adapter.jpg","type":"image\/jpeg"}],"twitter_card":"summary_large_image","twitter_misc":{"Precio":"&#36;263 con IVA","Availability":"Out of stock"},"schema":{"@context":"https:\/\/schema.org","@graph":[{"@type":"WebPage","@id":"https:\/\/compuviper.mx\/tienda\/producto\/tp-link-archer-tx10ub-nano-adaptador-usb-tp-link-ax900-nano-wi-fi-6-bluetooth-usb-adapter\/","url":"https:\/\/compuviper.mx\/tienda\/producto\/tp-link-archer-tx10ub-nano-adaptador-usb-tp-link-ax900-nano-wi-fi-6-bluetooth-usb-adapter\/","name":"[ Tp Link ] &#129351; Archer Tx10ub Nano Adaptador Usb \/ Tp-link \/ \/ Ax900 Nano Wi-fi 6 Bluetooth Usb Adapter","isPartOf":{"@id":"https:\/\/compuviper.mx\/tienda\/#website"},"datePublished":"2026-04-02T05:17:18+00:00","dateModified":"2026-04-02T05:17:18+00:00","description":"Compra Archer Tx10ub Nano Adaptador Usb \/ Tp-link \/ \/ Ax900 Nano Wi-fi 6 Bluetooth Usb Adapter + Env\u00edo a domicilio + Pago seguro + Garant\u00eda","breadcrumb":{"@id":"https:\/\/compuviper.mx\/tienda\/producto\/tp-link-archer-tx10ub-nano-adaptador-usb-tp-link-ax900-nano-wi-fi-6-bluetooth-usb-adapter\/#breadcrumb"},"inLanguage":"es-MX","potentialAction":[{"@type":"ReadAction","target":["https:\/\/compuviper.mx\/tienda\/producto\/tp-link-archer-tx10ub-nano-adaptador-usb-tp-link-ax900-nano-wi-fi-6-bluetooth-usb-adapter\/"]}]},{"@type":"BreadcrumbList","@id":"https:\/\/compuviper.mx\/tienda\/producto\/tp-link-archer-tx10ub-nano-adaptador-usb-tp-link-ax900-nano-wi-fi-6-bluetooth-usb-adapter\/#breadcrumb","itemListElement":[{"@type":"ListItem","position":1,"name":"Inicio","item":"https:\/\/compuviper.mx\/tienda\/"},{"@type":"ListItem","position":2,"name":"Productos","item":"https:\/\/compuviper.mx\/tienda\/productos\/"},{"@type":"ListItem","position":3,"name":"Accesorios","item":"https:\/\/compuviper.mx\/tienda\/categoria-producto\/accesorios\/"},{"@type":"ListItem","position":4,"name":"Adaptadores","item":"https:\/\/compuviper.mx\/tienda\/categoria-producto\/accesorios\/adaptadores\/"},{"@type":"ListItem","position":5,"name":"Tp Link Archer Tx10ub Nano Adaptador Usb \/ Tp-link \/ \/ Ax900 Nano Wi-fi 6 Bluetooth Usb Adapter"}]},{"@type":"WebSite","@id":"https:\/\/compuviper.mx\/tienda\/#website","url":"https:\/\/compuviper.mx\/tienda\/","name":"Compuviper","description":"Proveedor de Computadoras, Laptops, Servidores, Monitores, Puntos de Venta, Teclados,   Impresoras, T\u00f3ner, C\u00e1maras de Seguridad y m\u00e1s en tu tienda en l\u00ednea","publisher":{"@id":"https:\/\/compuviper.mx\/tienda\/#organization"},"potentialAction":[{"@type":"SearchAction","target":{"@type":"EntryPoint","urlTemplate":"https:\/\/compuviper.mx\/tienda\/?s={search_term_string}"},"query-input":"required name=search_term_string"}],"inLanguage":"es-MX"},{"@type":"Organization","@id":"https:\/\/compuviper.mx\/tienda\/#organization","name":"Compuviper","url":"https:\/\/compuviper.mx\/tienda\/","logo":{"@type":"ImageObject","inLanguage":"es-MX","@id":"https:\/\/compuviper.mx\/tienda\/#\/schema\/logo\/image\/","url":"https:\/\/compuviper.mx\/tienda\/wp-content\/uploads\/2021\/08\/Logo-Compuviper-10.png","contentUrl":"https:\/\/compuviper.mx\/tienda\/wp-content\/uploads\/2021\/08\/Logo-Compuviper-10.png","width":1000,"height":500,"caption":"Compuviper"},"image":{"@id":"https:\/\/compuviper.mx\/tienda\/#\/schema\/logo\/image\/"},"sameAs":["https:\/\/www.facebook.com\/compuviper","https:\/\/www.youtube.com\/channel\/UCf73dERp9Y3cfOq7q8BhLjA?view_as=subscriber"]}]},"product_brand":"TP LINK","product_price_amount":"263","product_price_currency":"MXN","og_availability":"out of stock","product_availability":"out of stock","product_retailer_item_id":"ARCHER TX10UB NANO","product_condition":"new"},"_links":{"self":[{"href":"https:\/\/compuviper.mx\/tienda\/wp-json\/wp\/v2\/product\/255334"}],"collection":[{"href":"https:\/\/compuviper.mx\/tienda\/wp-json\/wp\/v2\/product"}],"about":[{"href":"https:\/\/compuviper.mx\/tienda\/wp-json\/wp\/v2\/types\/product"}],"replies":[{"embeddable":true,"href":"https:\/\/compuviper.mx\/tienda\/wp-json\/wp\/v2\/comments?post=255334"}],"wp:featuredmedia":[{"embeddable":true,"href":"https:\/\/compuviper.mx\/tienda\/wp-json\/wp\/v2\/media\/258927"}],"wp:attachment":[{"href":"https:\/\/compuviper.mx\/tienda\/wp-json\/wp\/v2\/media?parent=255334"}],"wp:term":[{"taxonomy":"product_cat","embeddable":true,"href":"https:\/\/compuviper.mx\/tienda\/wp-json\/wp\/v2\/product_cat?post=255334"},{"taxonomy":"product_tag","embeddable":true,"href":"https:\/\/compuviper.mx\/tienda\/wp-json\/wp\/v2\/product_tag?post=255334"}],"curies":[{"name":"wp","href":"https:\/\/api.w.org\/{rel}","templated":true}]}}