{"id":255259,"date":"2026-04-25T01:09:09","date_gmt":"2026-04-25T07:09:09","guid":{"rendered":"https:\/\/compuviper.mx\/tienda\/producto\/lenovo-83je001wlm-laptop-idea-gaming-loq-15irx10-core-i5-13450hx-10c-4-6-ghz-ram-24gb-ddr5-2x12gb-512-ssd-rtx-5050-8gb-15-6-fhd-1920x1080-luna-grey-win-11-home-1yr-cs\/"},"modified":"2026-04-25T01:09:09","modified_gmt":"2026-04-25T07:09:09","slug":"lenovo-83je001wlm-laptop-idea-gaming-loq-15irx10-core-i5-13450hx-10c-4-6-ghz-ram-24gb-ddr5-2x12gb-512-ssd-rtx-5050-8gb-15-6-fhd-1920x1080-luna-grey-win-11-home-1yr-cs","status":"publish","type":"product","link":"https:\/\/compuviper.mx\/tienda\/producto\/lenovo-83je001wlm-laptop-idea-gaming-loq-15irx10-core-i5-13450hx-10c-4-6-ghz-ram-24gb-ddr5-2x12gb-512-ssd-rtx-5050-8gb-15-6-fhd-1920x1080-luna-grey-win-11-home-1yr-cs\/","title":{"rendered":"Lenovo 83je001wlm Laptop  Idea Gaming Loq 15irx10 \/ Core I5 13450hx 10c 4.6 Ghz \/ Ram 24gb Ddr5 2x12gb \/ 512 Ssd \/ Rtx 5050 8gb \/ 15.6 Fhd 1920&#215;1080 \/ Luna Grey \/ Win 11 Home \/ 1yr Cs"},"content":{"rendered":"<table class=\"descripcion\">\n<tr>\n<td>Lenovo loq 15irx10 83je001wlm<\/td>\n<\/tr>\n<tr>\n<td>Performance<\/td>\n<\/tr>\n<tr>\n<td>Processor: intel core i5-13450hx, 10c (6p + 4e) \/ 16t, p-core 2.4 \/ 4.6ghz, e-core 1.8 \/ 3.4ghz, 20mb<\/td>\n<\/tr>\n<tr>\n<td>Ai pc category: ai-powered gaming pc<\/td>\n<\/tr>\n<tr>\n<td>Graphics: nvidia geforce rtx 5050 8gb gddr7, boost clock 2370mhz, tgp 100w, 440 ai tops<\/td>\n<\/tr>\n<tr>\n<td>Chipset: intel\u00ae hm770 chipset<\/td>\n<\/tr>\n<tr>\n<td>Memory: 2x 12gb so-dimm ddr5-4800<\/td>\n<\/tr>\n<tr>\n<td>Memory slots: two ddr5 so-dimm slots, dual-channel capable<\/td>\n<\/tr>\n<tr>\n<td>Max memory: up to 32gb ddr5-4800 offering<\/td>\n<\/tr>\n<tr>\n<td>Storage: 512gb ssd m.2 2242 pcie 4.0&#215;4 nvme<\/td>\n<\/tr>\n<tr>\n<td>Max storage support: up to two drives, 2x m.2 ssd<\/td>\n<\/tr>\n<tr>\n<td>M.2 2242 ssd up to 1tb each<\/td>\n<\/tr>\n<tr>\n<td>Storage slot: two m.2 2280 pcie\u00ae 4.0 x4 slots<\/td>\n<\/tr>\n<tr>\n<td>Card reader: none<\/td>\n<\/tr>\n<tr>\n<td>Optical: none<\/td>\n<\/tr>\n<tr>\n<td>Audio chip: high definition (hd) audio, realtek\u00ae alc3287 codec<\/td>\n<\/tr>\n<tr>\n<td>Speakers: stereo speakers, 2w x2, optimized with nahimic audio<\/td>\n<\/tr>\n<tr>\n<td>Camera: 5.0mp with e-shutter<\/td>\n<\/tr>\n<tr>\n<td>Microphone: 2x, array<\/td>\n<\/tr>\n<tr>\n<td>Battery: 60wh<\/td>\n<\/tr>\n<tr>\n<td>Power adapter: 170w slim tip (3-pin)<\/td>\n<\/tr>\n<tr>\n<td>Special features<\/td>\n<\/tr>\n<tr>\n<td>Ai chip: la1<\/td>\n<\/tr>\n<tr>\n<td>Design<\/td>\n<\/tr>\n<tr>\n<td>Display: 15.6 fhd (1920&#215;1080) ips 300nits anti-glare, 100% srgb, 144hz, g-sync<\/td>\n<\/tr>\n<tr>\n<td>Touchscreen: none<\/td>\n<\/tr>\n<tr>\n<td>Color calibration: none<\/td>\n<\/tr>\n<tr>\n<td>Keyboard: white backlit, spanish (la)<\/td>\n<\/tr>\n<tr>\n<td>Touchpad: buttonless mylar surface multi-touch touchpad, supports precision touchpad (ptp), 75 x 120 mm (2.95 x 4.72 inches)<\/td>\n<\/tr>\n<tr>\n<td>Case color: luna grey<\/td>\n<\/tr>\n<tr>\n<td>Surface treatment: painting<\/td>\n<\/tr>\n<tr>\n<td>Case material: pc-abs (top), pc-abs (bottom)<\/td>\n<\/tr>\n<tr>\n<td>Pen:  pen not supported<\/td>\n<\/tr>\n<tr>\n<td>Dimensions (wxdxh): 359.86 x 258.7 x 21.9-23.9 mm (14.17 x 10.19 x 0.86-0.94 inches)<\/td>\n<\/tr>\n<tr>\n<td>Weight: starting at 2.4 kg (5.29 lbs)<\/td>\n<\/tr>\n<tr>\n<td>Software<\/td>\n<\/tr>\n<tr>\n<td>Operating system: windows 11 home single language, spanish<\/td>\n<\/tr>\n<tr>\n<td>Bundled software: office trial + lenovo ai now<\/td>\n<\/tr>\n<tr>\n<td>Connectivity<\/td>\n<\/tr>\n<tr>\n<td>Wlan + bluetooth: wi-fi 6, 802.11ax 2&#215;2 + bt5.2<\/td>\n<\/tr>\n<tr>\n<td>Wwan : non-wwan<\/td>\n<\/tr>\n<tr>\n<td>Ethernet: 100\/1000m (rj-45)<\/td>\n<\/tr>\n<tr>\n<td>Standard ports<\/td>\n<\/tr>\n<tr>\n<td>3x usb-a (usb 5gbps \/ usb 3.2 gen 1)<\/td>\n<\/tr>\n<tr>\n<td>1x usb-c (usb 10gbps \/ usb 3.2 gen 2), with usb pd 65-100w and displayport 1.4<\/td>\n<\/tr>\n<tr>\n<td>1x hdmi\u00ae 2.1, up to 8k\/60hz<\/td>\n<\/tr>\n<tr>\n<td>1x headphone \/ microphone combo jack (3.5mm)<\/td>\n<\/tr>\n<tr>\n<td>1x ethernet (rj-45)<\/td>\n<\/tr>\n<tr>\n<td>1x power connector<\/td>\n<\/tr>\n<tr>\n<td>Docking: various docking solutions supported via usb-c\u00ae.<\/td>\n<\/tr>\n<tr>\n<td>For more compatible docking solutions, please visit<\/td>\n<\/tr>\n<tr>\n<td>Docking for loq 15irx10<\/td>\n<\/tr>\n<tr>\n<td>Security  and  privacy<\/td>\n<\/tr>\n<tr>\n<td>Security chip: firmware tpm 2.0 enabled<\/td>\n<\/tr>\n<tr>\n<td>Fingerprint reader: none<\/td>\n<\/tr>\n<tr>\n<td>Other security: e-shutter<\/td>\n<\/tr>\n<tr>\n<td>Service<\/td>\n<\/tr>\n<tr>\n<td>Base warranty: 1-year, courier or carry-in<\/td>\n<\/tr>\n<tr>\n<td>Included upgrade: none<\/td>\n<\/tr>\n<tr>\n<td>Accessories<\/td>\n<\/tr>\n<tr>\n<td>Bundled accessories: none<\/td>\n<\/tr>\n<tr>\n<td>Certifications<\/td>\n<\/tr>\n<tr>\n<td>Green certifications: erp lot 6\/26<\/td>\n<\/tr>\n<tr>\n<td>Rohs compliant<\/td>\n<\/tr>\n<tr>\n<td>Other certifications: t\u00fcv rheinland\u00ae low blue light (software solution)<\/td>\n<\/tr>\n<tr>\n<td>Model information<\/td>\n<\/tr>\n<tr>\n<td>Modelo: 83je001wlm<\/td>\n<\/tr>\n<tr>\n<td>Ean \/ upc \/ jan: 198156746405<\/td>\n<\/tr>\n<\/table>\n","protected":false},"excerpt":{"rendered":"<p>Lenovo loq. \u00fanete a la partida. Equipado con procesadores intel core potentes y sin retrasos. Supera los l\u00edmites de la velocidad con las gpu nvidia geforce rtx?. Dise\u00f1o exclusivo y desempe\u00f1o impresionante para un juego realmente fluido<\/p>\n","protected":false},"featured_media":260352,"comment_status":"open","ping_status":"open","template":"","meta":[],"product_cat":[1891,1886],"product_tag":[1578],"acf":[],"yoast_head":"<!-- This site is optimized with the Yoast SEO plugin v21.7 - https:\/\/yoast.com\/wordpress\/plugins\/seo\/ -->\n<title>[ Lenovo ] &#129351; 83je001wlm Laptop Idea Gaming Loq 15irx10 \/ Core I5 13450hx 10c 4.6 Ghz \/ Ram 24gb Ddr5 2x12gb \/ 512 Ssd \/ Rtx 5050 8gb \/ 15.6 Fhd 1920x1080 \/ Luna Grey \/ Win 11 Home \/ 1yr Cs<\/title>\n<meta name=\"description\" content=\"Compra 83je001wlm Laptop Idea Gaming Loq 15irx10 \/ Core I5 13450hx 10c 4.6 Ghz \/ Ram 24gb Ddr5 2x12gb \/ 512 Ssd \/ Rtx 5050 8gb \/ 15.6 Fhd 1920x1080 \/ Luna Grey \/ Win 11 Home \/ 1yr Cs + Env\u00edo a domicilio + Pago seguro + Garant\u00eda\" \/>\n<meta name=\"robots\" content=\"index, follow, max-snippet:-1, max-image-preview:large, max-video-preview:-1\" \/>\n<link rel=\"canonical\" href=\"https:\/\/compuviper.mx\/tienda\/producto\/lenovo-83je001wlm-laptop-idea-gaming-loq-15irx10-core-i5-13450hx-10c-4-6-ghz-ram-24gb-ddr5-2x12gb-512-ssd-rtx-5050-8gb-15-6-fhd-1920x1080-luna-grey-win-11-home-1yr-cs\/\" \/>\n<meta property=\"og:locale\" content=\"es_MX\" \/>\n<meta property=\"og:type\" content=\"article\" \/>\n<meta property=\"og:title\" content=\"[ Lenovo ] &#129351; 83je001wlm Laptop Idea Gaming Loq 15irx10 \/ Core I5 13450hx 10c 4.6 Ghz \/ Ram 24gb Ddr5 2x12gb \/ 512 Ssd \/ Rtx 5050 8gb \/ 15.6 Fhd 1920x1080 \/ Luna Grey \/ Win 11 Home \/ 1yr Cs\" \/>\n<meta property=\"og:description\" content=\"Compra 83je001wlm Laptop Idea Gaming Loq 15irx10 \/ Core I5 13450hx 10c 4.6 Ghz \/ Ram 24gb Ddr5 2x12gb \/ 512 Ssd \/ Rtx 5050 8gb \/ 15.6 Fhd 1920x1080 \/ Luna Grey \/ Win 11 Home \/ 1yr Cs + Env\u00edo a domicilio + Pago seguro + Garant\u00eda\" \/>\n<meta property=\"og:url\" content=\"https:\/\/compuviper.mx\/tienda\/producto\/lenovo-83je001wlm-laptop-idea-gaming-loq-15irx10-core-i5-13450hx-10c-4-6-ghz-ram-24gb-ddr5-2x12gb-512-ssd-rtx-5050-8gb-15-6-fhd-1920x1080-luna-grey-win-11-home-1yr-cs\/\" \/>\n<meta property=\"og:site_name\" content=\"Compuviper\" \/>\n<meta property=\"article:publisher\" content=\"https:\/\/www.facebook.com\/compuviper\" \/>\n<meta property=\"og:image\" content=\"https:\/\/compuviper.mx\/tienda\/wp-content\/uploads\/2025\/10\/Laptop-lenovo-idea-gaming-loq-15irx10-core-i5-13450hx-10c-4.6-ghz-ram-24gb-ddr5-2x12gb-512-ssd-rtx-5050-8gb-15.6-fhd-1920x1080-luna-grey-win-11-home-1yr-cs.jpg\" \/>\n\t<meta property=\"og:image:width\" content=\"200\" \/>\n\t<meta property=\"og:image:height\" content=\"200\" \/>\n\t<meta property=\"og:image:type\" content=\"image\/jpeg\" \/>\n<meta name=\"twitter:card\" content=\"summary_large_image\" \/>\n<meta name=\"twitter:label1\" content=\"Precio\" \/>\n\t<meta name=\"twitter:data1\" content=\"&#36;21,125 con IVA\" \/>\n\t<meta name=\"twitter:label2\" content=\"Availability\" \/>\n\t<meta name=\"twitter:data2\" content=\"Out of stock\" \/>\n<script type=\"application\/ld+json\" class=\"yoast-schema-graph\">{\"@context\":\"https:\/\/schema.org\",\"@graph\":[{\"@type\":\"WebPage\",\"@id\":\"https:\/\/compuviper.mx\/tienda\/producto\/lenovo-83je001wlm-laptop-idea-gaming-loq-15irx10-core-i5-13450hx-10c-4-6-ghz-ram-24gb-ddr5-2x12gb-512-ssd-rtx-5050-8gb-15-6-fhd-1920x1080-luna-grey-win-11-home-1yr-cs\/\",\"url\":\"https:\/\/compuviper.mx\/tienda\/producto\/lenovo-83je001wlm-laptop-idea-gaming-loq-15irx10-core-i5-13450hx-10c-4-6-ghz-ram-24gb-ddr5-2x12gb-512-ssd-rtx-5050-8gb-15-6-fhd-1920x1080-luna-grey-win-11-home-1yr-cs\/\",\"name\":\"[ Lenovo ] &#129351; 83je001wlm Laptop Idea Gaming Loq 15irx10 \/ Core I5 13450hx 10c 4.6 Ghz \/ Ram 24gb Ddr5 2x12gb \/ 512 Ssd \/ Rtx 5050 8gb \/ 15.6 Fhd 1920x1080 \/ Luna Grey \/ Win 11 Home \/ 1yr Cs\",\"isPartOf\":{\"@id\":\"https:\/\/compuviper.mx\/tienda\/#website\"},\"datePublished\":\"2026-04-25T07:09:09+00:00\",\"dateModified\":\"2026-04-25T07:09:09+00:00\",\"description\":\"Compra 83je001wlm Laptop Idea Gaming Loq 15irx10 \/ Core I5 13450hx 10c 4.6 Ghz \/ Ram 24gb Ddr5 2x12gb \/ 512 Ssd \/ Rtx 5050 8gb \/ 15.6 Fhd 1920x1080 \/ Luna Grey \/ Win 11 Home \/ 1yr Cs + Env\u00edo a domicilio + Pago seguro + Garant\u00eda\",\"breadcrumb\":{\"@id\":\"https:\/\/compuviper.mx\/tienda\/producto\/lenovo-83je001wlm-laptop-idea-gaming-loq-15irx10-core-i5-13450hx-10c-4-6-ghz-ram-24gb-ddr5-2x12gb-512-ssd-rtx-5050-8gb-15-6-fhd-1920x1080-luna-grey-win-11-home-1yr-cs\/#breadcrumb\"},\"inLanguage\":\"es-MX\",\"potentialAction\":[{\"@type\":\"ReadAction\",\"target\":[\"https:\/\/compuviper.mx\/tienda\/producto\/lenovo-83je001wlm-laptop-idea-gaming-loq-15irx10-core-i5-13450hx-10c-4-6-ghz-ram-24gb-ddr5-2x12gb-512-ssd-rtx-5050-8gb-15-6-fhd-1920x1080-luna-grey-win-11-home-1yr-cs\/\"]}]},{\"@type\":\"BreadcrumbList\",\"@id\":\"https:\/\/compuviper.mx\/tienda\/producto\/lenovo-83je001wlm-laptop-idea-gaming-loq-15irx10-core-i5-13450hx-10c-4-6-ghz-ram-24gb-ddr5-2x12gb-512-ssd-rtx-5050-8gb-15-6-fhd-1920x1080-luna-grey-win-11-home-1yr-cs\/#breadcrumb\",\"itemListElement\":[{\"@type\":\"ListItem\",\"position\":1,\"name\":\"Inicio\",\"item\":\"https:\/\/compuviper.mx\/tienda\/\"},{\"@type\":\"ListItem\",\"position\":2,\"name\":\"Productos\",\"item\":\"https:\/\/compuviper.mx\/tienda\/productos\/\"},{\"@type\":\"ListItem\",\"position\":3,\"name\":\"Laptops\",\"item\":\"https:\/\/compuviper.mx\/tienda\/categoria-producto\/laptops\/\"},{\"@type\":\"ListItem\",\"position\":4,\"name\":\"Gaming\",\"item\":\"https:\/\/compuviper.mx\/tienda\/categoria-producto\/laptops\/gaming-laptops\/\"},{\"@type\":\"ListItem\",\"position\":5,\"name\":\"Lenovo 83je001wlm Laptop Idea Gaming Loq 15irx10 \/ Core I5 13450hx 10c 4.6 Ghz \/ Ram 24gb Ddr5 2x12gb \/ 512 Ssd \/ Rtx 5050 8gb \/ 15.6 Fhd 1920&#215;1080 \/ Luna Grey \/ Win 11 Home \/ 1yr Cs\"}]},{\"@type\":\"WebSite\",\"@id\":\"https:\/\/compuviper.mx\/tienda\/#website\",\"url\":\"https:\/\/compuviper.mx\/tienda\/\",\"name\":\"Compuviper\",\"description\":\"Proveedor de Computadoras, Laptops, Servidores, Monitores, Puntos de Venta, Teclados,   Impresoras, T\u00f3ner, C\u00e1maras de Seguridad y m\u00e1s en tu tienda en l\u00ednea\",\"publisher\":{\"@id\":\"https:\/\/compuviper.mx\/tienda\/#organization\"},\"potentialAction\":[{\"@type\":\"SearchAction\",\"target\":{\"@type\":\"EntryPoint\",\"urlTemplate\":\"https:\/\/compuviper.mx\/tienda\/?s={search_term_string}\"},\"query-input\":\"required name=search_term_string\"}],\"inLanguage\":\"es-MX\"},{\"@type\":\"Organization\",\"@id\":\"https:\/\/compuviper.mx\/tienda\/#organization\",\"name\":\"Compuviper\",\"url\":\"https:\/\/compuviper.mx\/tienda\/\",\"logo\":{\"@type\":\"ImageObject\",\"inLanguage\":\"es-MX\",\"@id\":\"https:\/\/compuviper.mx\/tienda\/#\/schema\/logo\/image\/\",\"url\":\"https:\/\/compuviper.mx\/tienda\/wp-content\/uploads\/2021\/08\/Logo-Compuviper-10.png\",\"contentUrl\":\"https:\/\/compuviper.mx\/tienda\/wp-content\/uploads\/2021\/08\/Logo-Compuviper-10.png\",\"width\":1000,\"height\":500,\"caption\":\"Compuviper\"},\"image\":{\"@id\":\"https:\/\/compuviper.mx\/tienda\/#\/schema\/logo\/image\/\"},\"sameAs\":[\"https:\/\/www.facebook.com\/compuviper\",\"https:\/\/www.youtube.com\/channel\/UCf73dERp9Y3cfOq7q8BhLjA?view_as=subscriber\"]}]}<\/script>\n<meta property=\"product:brand\" content=\"LENOVO\" \/>\n<meta property=\"product:price:amount\" content=\"21125\" \/>\n<meta property=\"product:price:currency\" content=\"MXN\" \/>\n<meta property=\"og:availability\" content=\"out of stock\" \/>\n<meta property=\"product:availability\" content=\"out of stock\" \/>\n<meta property=\"product:retailer_item_id\" content=\"83JE001WLM\" \/>\n<meta property=\"product:condition\" content=\"new\" \/>\n<!-- \/ Yoast SEO plugin. -->","yoast_head_json":{"title":"[ Lenovo ] &#129351; 83je001wlm Laptop Idea Gaming Loq 15irx10 \/ Core I5 13450hx 10c 4.6 Ghz \/ Ram 24gb Ddr5 2x12gb \/ 512 Ssd \/ Rtx 5050 8gb \/ 15.6 Fhd 1920x1080 \/ Luna Grey \/ Win 11 Home \/ 1yr Cs","description":"Compra 83je001wlm Laptop Idea Gaming Loq 15irx10 \/ Core I5 13450hx 10c 4.6 Ghz \/ Ram 24gb Ddr5 2x12gb \/ 512 Ssd \/ Rtx 5050 8gb \/ 15.6 Fhd 1920x1080 \/ Luna Grey \/ Win 11 Home \/ 1yr Cs + Env\u00edo a domicilio + Pago seguro + Garant\u00eda","robots":{"index":"index","follow":"follow","max-snippet":"max-snippet:-1","max-image-preview":"max-image-preview:large","max-video-preview":"max-video-preview:-1"},"canonical":"https:\/\/compuviper.mx\/tienda\/producto\/lenovo-83je001wlm-laptop-idea-gaming-loq-15irx10-core-i5-13450hx-10c-4-6-ghz-ram-24gb-ddr5-2x12gb-512-ssd-rtx-5050-8gb-15-6-fhd-1920x1080-luna-grey-win-11-home-1yr-cs\/","og_locale":"es_MX","og_type":"article","og_title":"[ Lenovo ] &#129351; 83je001wlm Laptop Idea Gaming Loq 15irx10 \/ Core I5 13450hx 10c 4.6 Ghz \/ Ram 24gb Ddr5 2x12gb \/ 512 Ssd \/ Rtx 5050 8gb \/ 15.6 Fhd 1920x1080 \/ Luna Grey \/ Win 11 Home \/ 1yr Cs","og_description":"Compra 83je001wlm Laptop Idea Gaming Loq 15irx10 \/ Core I5 13450hx 10c 4.6 Ghz \/ Ram 24gb Ddr5 2x12gb \/ 512 Ssd \/ Rtx 5050 8gb \/ 15.6 Fhd 1920x1080 \/ Luna Grey \/ Win 11 Home \/ 1yr Cs + Env\u00edo a domicilio + Pago seguro + Garant\u00eda","og_url":"https:\/\/compuviper.mx\/tienda\/producto\/lenovo-83je001wlm-laptop-idea-gaming-loq-15irx10-core-i5-13450hx-10c-4-6-ghz-ram-24gb-ddr5-2x12gb-512-ssd-rtx-5050-8gb-15-6-fhd-1920x1080-luna-grey-win-11-home-1yr-cs\/","og_site_name":"Compuviper","article_publisher":"https:\/\/www.facebook.com\/compuviper","og_image":[{"width":200,"height":200,"url":"https:\/\/compuviper.mx\/tienda\/wp-content\/uploads\/2025\/10\/Laptop-lenovo-idea-gaming-loq-15irx10-core-i5-13450hx-10c-4.6-ghz-ram-24gb-ddr5-2x12gb-512-ssd-rtx-5050-8gb-15.6-fhd-1920x1080-luna-grey-win-11-home-1yr-cs.jpg","type":"image\/jpeg"}],"twitter_card":"summary_large_image","twitter_misc":{"Precio":"&#36;21,125 con IVA","Availability":"Out of stock"},"schema":{"@context":"https:\/\/schema.org","@graph":[{"@type":"WebPage","@id":"https:\/\/compuviper.mx\/tienda\/producto\/lenovo-83je001wlm-laptop-idea-gaming-loq-15irx10-core-i5-13450hx-10c-4-6-ghz-ram-24gb-ddr5-2x12gb-512-ssd-rtx-5050-8gb-15-6-fhd-1920x1080-luna-grey-win-11-home-1yr-cs\/","url":"https:\/\/compuviper.mx\/tienda\/producto\/lenovo-83je001wlm-laptop-idea-gaming-loq-15irx10-core-i5-13450hx-10c-4-6-ghz-ram-24gb-ddr5-2x12gb-512-ssd-rtx-5050-8gb-15-6-fhd-1920x1080-luna-grey-win-11-home-1yr-cs\/","name":"[ Lenovo ] &#129351; 83je001wlm Laptop Idea Gaming Loq 15irx10 \/ Core I5 13450hx 10c 4.6 Ghz \/ Ram 24gb Ddr5 2x12gb \/ 512 Ssd \/ Rtx 5050 8gb \/ 15.6 Fhd 1920x1080 \/ Luna Grey \/ Win 11 Home \/ 1yr Cs","isPartOf":{"@id":"https:\/\/compuviper.mx\/tienda\/#website"},"datePublished":"2026-04-25T07:09:09+00:00","dateModified":"2026-04-25T07:09:09+00:00","description":"Compra 83je001wlm Laptop Idea Gaming Loq 15irx10 \/ Core I5 13450hx 10c 4.6 Ghz \/ Ram 24gb Ddr5 2x12gb \/ 512 Ssd \/ Rtx 5050 8gb \/ 15.6 Fhd 1920x1080 \/ Luna Grey \/ Win 11 Home \/ 1yr Cs + Env\u00edo a domicilio + Pago seguro + Garant\u00eda","breadcrumb":{"@id":"https:\/\/compuviper.mx\/tienda\/producto\/lenovo-83je001wlm-laptop-idea-gaming-loq-15irx10-core-i5-13450hx-10c-4-6-ghz-ram-24gb-ddr5-2x12gb-512-ssd-rtx-5050-8gb-15-6-fhd-1920x1080-luna-grey-win-11-home-1yr-cs\/#breadcrumb"},"inLanguage":"es-MX","potentialAction":[{"@type":"ReadAction","target":["https:\/\/compuviper.mx\/tienda\/producto\/lenovo-83je001wlm-laptop-idea-gaming-loq-15irx10-core-i5-13450hx-10c-4-6-ghz-ram-24gb-ddr5-2x12gb-512-ssd-rtx-5050-8gb-15-6-fhd-1920x1080-luna-grey-win-11-home-1yr-cs\/"]}]},{"@type":"BreadcrumbList","@id":"https:\/\/compuviper.mx\/tienda\/producto\/lenovo-83je001wlm-laptop-idea-gaming-loq-15irx10-core-i5-13450hx-10c-4-6-ghz-ram-24gb-ddr5-2x12gb-512-ssd-rtx-5050-8gb-15-6-fhd-1920x1080-luna-grey-win-11-home-1yr-cs\/#breadcrumb","itemListElement":[{"@type":"ListItem","position":1,"name":"Inicio","item":"https:\/\/compuviper.mx\/tienda\/"},{"@type":"ListItem","position":2,"name":"Productos","item":"https:\/\/compuviper.mx\/tienda\/productos\/"},{"@type":"ListItem","position":3,"name":"Laptops","item":"https:\/\/compuviper.mx\/tienda\/categoria-producto\/laptops\/"},{"@type":"ListItem","position":4,"name":"Gaming","item":"https:\/\/compuviper.mx\/tienda\/categoria-producto\/laptops\/gaming-laptops\/"},{"@type":"ListItem","position":5,"name":"Lenovo 83je001wlm Laptop Idea Gaming Loq 15irx10 \/ Core I5 13450hx 10c 4.6 Ghz \/ Ram 24gb Ddr5 2x12gb \/ 512 Ssd \/ Rtx 5050 8gb \/ 15.6 Fhd 1920&#215;1080 \/ Luna Grey \/ Win 11 Home \/ 1yr Cs"}]},{"@type":"WebSite","@id":"https:\/\/compuviper.mx\/tienda\/#website","url":"https:\/\/compuviper.mx\/tienda\/","name":"Compuviper","description":"Proveedor de Computadoras, Laptops, Servidores, Monitores, Puntos de Venta, Teclados,   Impresoras, T\u00f3ner, C\u00e1maras de Seguridad y m\u00e1s en tu tienda en l\u00ednea","publisher":{"@id":"https:\/\/compuviper.mx\/tienda\/#organization"},"potentialAction":[{"@type":"SearchAction","target":{"@type":"EntryPoint","urlTemplate":"https:\/\/compuviper.mx\/tienda\/?s={search_term_string}"},"query-input":"required name=search_term_string"}],"inLanguage":"es-MX"},{"@type":"Organization","@id":"https:\/\/compuviper.mx\/tienda\/#organization","name":"Compuviper","url":"https:\/\/compuviper.mx\/tienda\/","logo":{"@type":"ImageObject","inLanguage":"es-MX","@id":"https:\/\/compuviper.mx\/tienda\/#\/schema\/logo\/image\/","url":"https:\/\/compuviper.mx\/tienda\/wp-content\/uploads\/2021\/08\/Logo-Compuviper-10.png","contentUrl":"https:\/\/compuviper.mx\/tienda\/wp-content\/uploads\/2021\/08\/Logo-Compuviper-10.png","width":1000,"height":500,"caption":"Compuviper"},"image":{"@id":"https:\/\/compuviper.mx\/tienda\/#\/schema\/logo\/image\/"},"sameAs":["https:\/\/www.facebook.com\/compuviper","https:\/\/www.youtube.com\/channel\/UCf73dERp9Y3cfOq7q8BhLjA?view_as=subscriber"]}]},"product_brand":"LENOVO","product_price_amount":"21125","product_price_currency":"MXN","og_availability":"out of stock","product_availability":"out of stock","product_retailer_item_id":"83JE001WLM","product_condition":"new"},"_links":{"self":[{"href":"https:\/\/compuviper.mx\/tienda\/wp-json\/wp\/v2\/product\/255259"}],"collection":[{"href":"https:\/\/compuviper.mx\/tienda\/wp-json\/wp\/v2\/product"}],"about":[{"href":"https:\/\/compuviper.mx\/tienda\/wp-json\/wp\/v2\/types\/product"}],"replies":[{"embeddable":true,"href":"https:\/\/compuviper.mx\/tienda\/wp-json\/wp\/v2\/comments?post=255259"}],"wp:featuredmedia":[{"embeddable":true,"href":"https:\/\/compuviper.mx\/tienda\/wp-json\/wp\/v2\/media\/260352"}],"wp:attachment":[{"href":"https:\/\/compuviper.mx\/tienda\/wp-json\/wp\/v2\/media?parent=255259"}],"wp:term":[{"taxonomy":"product_cat","embeddable":true,"href":"https:\/\/compuviper.mx\/tienda\/wp-json\/wp\/v2\/product_cat?post=255259"},{"taxonomy":"product_tag","embeddable":true,"href":"https:\/\/compuviper.mx\/tienda\/wp-json\/wp\/v2\/product_tag?post=255259"}],"curies":[{"name":"wp","href":"https:\/\/api.w.org\/{rel}","templated":true}]}}