{"id":255256,"date":"2026-04-15T01:18:46","date_gmt":"2026-04-15T07:18:46","guid":{"rendered":"https:\/\/compuviper.mx\/tienda\/producto\/dell-nff86-laptop-pro-14-copilotpc-amd-ryzen-ai-5-pro-340-16-gb-512-gb-ssd-14-fhd-win11-pro-3-ao-de-garantia-silver\/"},"modified":"2026-04-15T01:18:46","modified_gmt":"2026-04-15T07:18:46","slug":"dell-nff86-laptop-pro-14-copilot-plus-pc-color-plata-amd-ryzen-ai-5-pro-340-hasta-50-tops-16-gb-ram-512-gb-ssd-14-pulgadas-win11-pro-3-ao-de-garantia-basica","status":"publish","type":"product","link":"https:\/\/compuviper.mx\/tienda\/producto\/dell-nff86-laptop-pro-14-copilot-plus-pc-color-plata-amd-ryzen-ai-5-pro-340-hasta-50-tops-16-gb-ram-512-gb-ssd-14-pulgadas-win11-pro-3-ao-de-garantia-basica\/","title":{"rendered":"Dell Nff86 Laptop  Pro 14 \/ Copilot Plus Pc \/ Color Plata \/ Amd Ryzen Ai 5 Pro 340 \/ Hasta 50 Tops \/ 16 Gb Ram \/ 512 Gb Ssd \/ 14 Pulgadas \/ Win11 Pro \/ 3 A?o De Garantia Basica"},"content":{"rendered":"<table class=\"descripcion\">\n<tr>\n<td>N\u00famero de pieza de proveedor: nff86<\/td>\n<\/tr>\n<tr>\n<td>Display: 14, non-touch, fhd+, ips, anti-glare, 300 nits, 45% ntsc, fhd ir cam<\/td>\n<\/tr>\n<tr>\n<td>Processor: amd ryzen\u0099 ai 5 pro 340 processor (22 mb cache, 6 cores, 12 threads, up to 4.8 ghz, 50 tops npu)<\/td>\n<\/tr>\n<tr>\n<td>Primary battery: 3-cell, 55 wh, expresscharge\u0099 capable, expresscharge\u0099 boost capable<\/td>\n<\/tr>\n<tr>\n<td>Memory: 16 gb: 1 x 16 gb, ddr5, 5600 mt\/s<\/td>\n<\/tr>\n<tr>\n<td>Graphics: amd ryzen\u0099 ai 5 pro 340 processor with amd radeon\u0099 840m graphics<\/td>\n<\/tr>\n<tr>\n<td>Power: 65w ac adapter, type-c<\/td>\n<\/tr>\n<tr>\n<td>Mediatek wi-fi 6e mt7922, 2&#215;2, 802.11ax, mu-mimo, bluetooth\u00ae wireless card<\/td>\n<\/tr>\n<tr>\n<td>Keyboard: spanish (latin america) non-backlit copilot key keyboard<\/td>\n<\/tr>\n<tr>\n<td>Mouse: touchpad<\/td>\n<\/tr>\n<tr>\n<td>Operating system: windows 11 pro, copilot+ pc<\/td>\n<\/tr>\n<tr>\n<td>Warranty: 3 year hardware service with onsite sns-la<\/td>\n<\/tr>\n<tr>\n<td>Line of business: dell pro laptops<\/td>\n<\/tr>\n<tr>\n<td>Modelo: dell pro 14 pc14255<\/td>\n<\/tr>\n<tr>\n<td>Upc: 884116671916<\/td>\n<\/tr>\n<tr>\n<td>Cameramicrophone<\/td>\n<\/tr>\n<tr>\n<td>Ir camera  and  mic<\/td>\n<\/tr>\n<tr>\n<td>Storage: 512 gb ssd (qlc)<\/td>\n<\/tr>\n<tr>\n<td>Microsoft: activate your microsoft 365 for a 30 day trial<\/td>\n<\/tr>\n<tr>\n<td>Color: silver<\/td>\n<\/tr>\n<tr>\n<td>Hdmi port: one hdmi 2.1<\/td>\n<\/tr>\n<tr>\n<td>Usb ports:<\/td>\n<\/tr>\n<tr>\n<td> and #9679;one usb 3.2 gen 1 (5 gbps) port  and #9679; one usb 3.2 gen 1 (5 gbps) port with powershare  and #9679; two usb (40 gbps) port with power delivery and displayport<\/td>\n<\/tr>\n<\/table>\n","protected":false},"excerpt":{"rendered":"<p>Dell pro 14: la notebook profesional ligera con capacidades de copilot+ pc. Impulsada por el innovador procesador amd ryzen ai 5 pro y 16 gb de ddr5, ofrece hasta 50 tops de rendimiento de ia. Disfruta de una pantalla wuxga de 14&#8243;, conectividad wi-fi 6e y puertos thunderbolt 4, todo en un dise\u00f1o elegante y seguro, ideal para la movilidad ejecutiva con windows 11 pro.<\/p>\n","protected":false},"featured_media":260349,"comment_status":"open","ping_status":"open","template":"","meta":[],"product_cat":[1886,1887],"product_tag":[1537],"acf":[],"yoast_head":"<!-- This site is optimized with the Yoast SEO plugin v21.7 - https:\/\/yoast.com\/wordpress\/plugins\/seo\/ -->\n<title>[ Dell ] &#129351; Nff86 Laptop Pro 14 \/ Copilot Plus Pc \/ Color Plata \/ Amd Ryzen Ai 5 Pro 340 \/ Hasta 50 Tops \/ 16 Gb Ram \/ 512 Gb Ssd \/ 14 Pulgadas \/ Win11 Pro \/ 3 A\u00f1o De Garantia Basica<\/title>\n<meta name=\"description\" content=\"Compra Nff86 Laptop Pro 14 \/ Copilot Plus Pc \/ Color Plata \/ Amd Ryzen Ai 5 Pro 340 \/ Hasta 50 Tops \/ 16 Gb Ram \/ 512 Gb Ssd \/ 14 Pulgadas \/ Win11 Pro \/ 3 A\u00f1o De Garantia Basica + Env\u00edo a domicilio + Pago seguro + Garant\u00eda\" \/>\n<meta name=\"robots\" content=\"index, follow, max-snippet:-1, max-image-preview:large, max-video-preview:-1\" \/>\n<link rel=\"canonical\" href=\"https:\/\/compuviper.mx\/tienda\/producto\/dell-nff86-laptop-pro-14-copilot-plus-pc-color-plata-amd-ryzen-ai-5-pro-340-hasta-50-tops-16-gb-ram-512-gb-ssd-14-pulgadas-win11-pro-3-ao-de-garantia-basica\/\" \/>\n<meta property=\"og:locale\" content=\"es_MX\" \/>\n<meta property=\"og:type\" content=\"article\" \/>\n<meta property=\"og:title\" content=\"[ Dell ] &#129351; Nff86 Laptop Pro 14 \/ Copilot Plus Pc \/ Color Plata \/ Amd Ryzen Ai 5 Pro 340 \/ Hasta 50 Tops \/ 16 Gb Ram \/ 512 Gb Ssd \/ 14 Pulgadas \/ Win11 Pro \/ 3 A\u00f1o De Garantia Basica\" \/>\n<meta property=\"og:description\" content=\"Compra Nff86 Laptop Pro 14 \/ Copilot Plus Pc \/ Color Plata \/ Amd Ryzen Ai 5 Pro 340 \/ Hasta 50 Tops \/ 16 Gb Ram \/ 512 Gb Ssd \/ 14 Pulgadas \/ Win11 Pro \/ 3 A\u00f1o De Garantia Basica + Env\u00edo a domicilio + Pago seguro + Garant\u00eda\" \/>\n<meta property=\"og:url\" content=\"https:\/\/compuviper.mx\/tienda\/producto\/dell-nff86-laptop-pro-14-copilot-plus-pc-color-plata-amd-ryzen-ai-5-pro-340-hasta-50-tops-16-gb-ram-512-gb-ssd-14-pulgadas-win11-pro-3-ao-de-garantia-basica\/\" \/>\n<meta property=\"og:site_name\" content=\"Compuviper\" \/>\n<meta property=\"article:publisher\" content=\"https:\/\/www.facebook.com\/compuviper\" \/>\n<meta property=\"og:image\" content=\"https:\/\/compuviper.mx\/tienda\/wp-content\/uploads\/2025\/10\/Laptop-dell-pro-14-copilotpc-amd-ryzen-ai-5-pro-340-16-gb-512-gb-ssd-14-fhd-win11-pro-3-ano-de-garantia-silver-nff86.jpg\" \/>\n\t<meta property=\"og:image:width\" content=\"200\" \/>\n\t<meta property=\"og:image:height\" content=\"200\" \/>\n\t<meta property=\"og:image:type\" content=\"image\/jpeg\" \/>\n<meta name=\"twitter:card\" content=\"summary_large_image\" \/>\n<meta name=\"twitter:label1\" content=\"Precio\" \/>\n\t<meta name=\"twitter:data1\" content=\"&#36;18,604 &#36;16,333 con IVA\" \/>\n\t<meta name=\"twitter:label2\" content=\"Availability\" \/>\n\t<meta name=\"twitter:data2\" content=\"In stock\" \/>\n<script type=\"application\/ld+json\" class=\"yoast-schema-graph\">{\"@context\":\"https:\/\/schema.org\",\"@graph\":[{\"@type\":\"WebPage\",\"@id\":\"https:\/\/compuviper.mx\/tienda\/producto\/dell-nff86-laptop-pro-14-copilot-plus-pc-color-plata-amd-ryzen-ai-5-pro-340-hasta-50-tops-16-gb-ram-512-gb-ssd-14-pulgadas-win11-pro-3-ao-de-garantia-basica\/\",\"url\":\"https:\/\/compuviper.mx\/tienda\/producto\/dell-nff86-laptop-pro-14-copilot-plus-pc-color-plata-amd-ryzen-ai-5-pro-340-hasta-50-tops-16-gb-ram-512-gb-ssd-14-pulgadas-win11-pro-3-ao-de-garantia-basica\/\",\"name\":\"[ Dell ] &#129351; Nff86 Laptop Pro 14 \/ Copilot Plus Pc \/ Color Plata \/ Amd Ryzen Ai 5 Pro 340 \/ Hasta 50 Tops \/ 16 Gb Ram \/ 512 Gb Ssd \/ 14 Pulgadas \/ Win11 Pro \/ 3 A\u00f1o De Garantia Basica\",\"isPartOf\":{\"@id\":\"https:\/\/compuviper.mx\/tienda\/#website\"},\"datePublished\":\"2026-04-15T07:18:46+00:00\",\"dateModified\":\"2026-04-15T07:18:46+00:00\",\"description\":\"Compra Nff86 Laptop Pro 14 \/ Copilot Plus Pc \/ Color Plata \/ Amd Ryzen Ai 5 Pro 340 \/ Hasta 50 Tops \/ 16 Gb Ram \/ 512 Gb Ssd \/ 14 Pulgadas \/ Win11 Pro \/ 3 A\u00f1o De Garantia Basica + Env\u00edo a domicilio + Pago seguro + Garant\u00eda\",\"breadcrumb\":{\"@id\":\"https:\/\/compuviper.mx\/tienda\/producto\/dell-nff86-laptop-pro-14-copilot-plus-pc-color-plata-amd-ryzen-ai-5-pro-340-hasta-50-tops-16-gb-ram-512-gb-ssd-14-pulgadas-win11-pro-3-ao-de-garantia-basica\/#breadcrumb\"},\"inLanguage\":\"es-MX\",\"potentialAction\":[{\"@type\":\"ReadAction\",\"target\":[\"https:\/\/compuviper.mx\/tienda\/producto\/dell-nff86-laptop-pro-14-copilot-plus-pc-color-plata-amd-ryzen-ai-5-pro-340-hasta-50-tops-16-gb-ram-512-gb-ssd-14-pulgadas-win11-pro-3-ao-de-garantia-basica\/\"]}]},{\"@type\":\"BreadcrumbList\",\"@id\":\"https:\/\/compuviper.mx\/tienda\/producto\/dell-nff86-laptop-pro-14-copilot-plus-pc-color-plata-amd-ryzen-ai-5-pro-340-hasta-50-tops-16-gb-ram-512-gb-ssd-14-pulgadas-win11-pro-3-ao-de-garantia-basica\/#breadcrumb\",\"itemListElement\":[{\"@type\":\"ListItem\",\"position\":1,\"name\":\"Inicio\",\"item\":\"https:\/\/compuviper.mx\/tienda\/\"},{\"@type\":\"ListItem\",\"position\":2,\"name\":\"Productos\",\"item\":\"https:\/\/compuviper.mx\/tienda\/productos\/\"},{\"@type\":\"ListItem\",\"position\":3,\"name\":\"Laptops\",\"item\":\"https:\/\/compuviper.mx\/tienda\/categoria-producto\/laptops\/\"},{\"@type\":\"ListItem\",\"position\":4,\"name\":\"Notebook\",\"item\":\"https:\/\/compuviper.mx\/tienda\/categoria-producto\/laptops\/notebook-laptops\/\"},{\"@type\":\"ListItem\",\"position\":5,\"name\":\"Dell Nff86 Laptop Pro 14 \/ Copilot Plus Pc \/ Color Plata \/ Amd Ryzen Ai 5 Pro 340 \/ Hasta 50 Tops \/ 16 Gb Ram \/ 512 Gb Ssd \/ 14 Pulgadas \/ Win11 Pro \/ 3 A?o De Garantia Basica\"}]},{\"@type\":\"WebSite\",\"@id\":\"https:\/\/compuviper.mx\/tienda\/#website\",\"url\":\"https:\/\/compuviper.mx\/tienda\/\",\"name\":\"Compuviper\",\"description\":\"Proveedor de Computadoras, Laptops, Servidores, Monitores, Puntos de Venta, Teclados,   Impresoras, T\u00f3ner, C\u00e1maras de Seguridad y m\u00e1s en tu tienda en l\u00ednea\",\"publisher\":{\"@id\":\"https:\/\/compuviper.mx\/tienda\/#organization\"},\"potentialAction\":[{\"@type\":\"SearchAction\",\"target\":{\"@type\":\"EntryPoint\",\"urlTemplate\":\"https:\/\/compuviper.mx\/tienda\/?s={search_term_string}\"},\"query-input\":\"required name=search_term_string\"}],\"inLanguage\":\"es-MX\"},{\"@type\":\"Organization\",\"@id\":\"https:\/\/compuviper.mx\/tienda\/#organization\",\"name\":\"Compuviper\",\"url\":\"https:\/\/compuviper.mx\/tienda\/\",\"logo\":{\"@type\":\"ImageObject\",\"inLanguage\":\"es-MX\",\"@id\":\"https:\/\/compuviper.mx\/tienda\/#\/schema\/logo\/image\/\",\"url\":\"https:\/\/compuviper.mx\/tienda\/wp-content\/uploads\/2021\/08\/Logo-Compuviper-10.png\",\"contentUrl\":\"https:\/\/compuviper.mx\/tienda\/wp-content\/uploads\/2021\/08\/Logo-Compuviper-10.png\",\"width\":1000,\"height\":500,\"caption\":\"Compuviper\"},\"image\":{\"@id\":\"https:\/\/compuviper.mx\/tienda\/#\/schema\/logo\/image\/\"},\"sameAs\":[\"https:\/\/www.facebook.com\/compuviper\",\"https:\/\/www.youtube.com\/channel\/UCf73dERp9Y3cfOq7q8BhLjA?view_as=subscriber\"]}]}<\/script>\n<meta property=\"product:brand\" content=\"DELL\" \/>\n<meta property=\"product:price:amount\" content=\"16333\" \/>\n<meta property=\"product:price:currency\" content=\"MXN\" \/>\n<meta property=\"og:availability\" content=\"instock\" \/>\n<meta property=\"product:availability\" content=\"instock\" \/>\n<meta property=\"product:retailer_item_id\" content=\"NFF86\" \/>\n<meta property=\"product:condition\" content=\"new\" \/>\n<!-- \/ Yoast SEO plugin. -->","yoast_head_json":{"title":"[ Dell ] &#129351; Nff86 Laptop Pro 14 \/ Copilot Plus Pc \/ Color Plata \/ Amd Ryzen Ai 5 Pro 340 \/ Hasta 50 Tops \/ 16 Gb Ram \/ 512 Gb Ssd \/ 14 Pulgadas \/ Win11 Pro \/ 3 A\u00f1o De Garantia Basica","description":"Compra Nff86 Laptop Pro 14 \/ Copilot Plus Pc \/ Color Plata \/ Amd Ryzen Ai 5 Pro 340 \/ Hasta 50 Tops \/ 16 Gb Ram \/ 512 Gb Ssd \/ 14 Pulgadas \/ Win11 Pro \/ 3 A\u00f1o De Garantia Basica + Env\u00edo a domicilio + Pago seguro + Garant\u00eda","robots":{"index":"index","follow":"follow","max-snippet":"max-snippet:-1","max-image-preview":"max-image-preview:large","max-video-preview":"max-video-preview:-1"},"canonical":"https:\/\/compuviper.mx\/tienda\/producto\/dell-nff86-laptop-pro-14-copilot-plus-pc-color-plata-amd-ryzen-ai-5-pro-340-hasta-50-tops-16-gb-ram-512-gb-ssd-14-pulgadas-win11-pro-3-ao-de-garantia-basica\/","og_locale":"es_MX","og_type":"article","og_title":"[ Dell ] &#129351; Nff86 Laptop Pro 14 \/ Copilot Plus Pc \/ Color Plata \/ Amd Ryzen Ai 5 Pro 340 \/ Hasta 50 Tops \/ 16 Gb Ram \/ 512 Gb Ssd \/ 14 Pulgadas \/ Win11 Pro \/ 3 A\u00f1o De Garantia Basica","og_description":"Compra Nff86 Laptop Pro 14 \/ Copilot Plus Pc \/ Color Plata \/ Amd Ryzen Ai 5 Pro 340 \/ Hasta 50 Tops \/ 16 Gb Ram \/ 512 Gb Ssd \/ 14 Pulgadas \/ Win11 Pro \/ 3 A\u00f1o De Garantia Basica + Env\u00edo a domicilio + Pago seguro + Garant\u00eda","og_url":"https:\/\/compuviper.mx\/tienda\/producto\/dell-nff86-laptop-pro-14-copilot-plus-pc-color-plata-amd-ryzen-ai-5-pro-340-hasta-50-tops-16-gb-ram-512-gb-ssd-14-pulgadas-win11-pro-3-ao-de-garantia-basica\/","og_site_name":"Compuviper","article_publisher":"https:\/\/www.facebook.com\/compuviper","og_image":[{"width":200,"height":200,"url":"https:\/\/compuviper.mx\/tienda\/wp-content\/uploads\/2025\/10\/Laptop-dell-pro-14-copilotpc-amd-ryzen-ai-5-pro-340-16-gb-512-gb-ssd-14-fhd-win11-pro-3-ano-de-garantia-silver-nff86.jpg","type":"image\/jpeg"}],"twitter_card":"summary_large_image","twitter_misc":{"Precio":"&#36;18,604 &#36;16,333 con IVA","Availability":"In stock"},"schema":{"@context":"https:\/\/schema.org","@graph":[{"@type":"WebPage","@id":"https:\/\/compuviper.mx\/tienda\/producto\/dell-nff86-laptop-pro-14-copilot-plus-pc-color-plata-amd-ryzen-ai-5-pro-340-hasta-50-tops-16-gb-ram-512-gb-ssd-14-pulgadas-win11-pro-3-ao-de-garantia-basica\/","url":"https:\/\/compuviper.mx\/tienda\/producto\/dell-nff86-laptop-pro-14-copilot-plus-pc-color-plata-amd-ryzen-ai-5-pro-340-hasta-50-tops-16-gb-ram-512-gb-ssd-14-pulgadas-win11-pro-3-ao-de-garantia-basica\/","name":"[ Dell ] &#129351; Nff86 Laptop Pro 14 \/ Copilot Plus Pc \/ Color Plata \/ Amd Ryzen Ai 5 Pro 340 \/ Hasta 50 Tops \/ 16 Gb Ram \/ 512 Gb Ssd \/ 14 Pulgadas \/ Win11 Pro \/ 3 A\u00f1o De Garantia Basica","isPartOf":{"@id":"https:\/\/compuviper.mx\/tienda\/#website"},"datePublished":"2026-04-15T07:18:46+00:00","dateModified":"2026-04-15T07:18:46+00:00","description":"Compra Nff86 Laptop Pro 14 \/ Copilot Plus Pc \/ Color Plata \/ Amd Ryzen Ai 5 Pro 340 \/ Hasta 50 Tops \/ 16 Gb Ram \/ 512 Gb Ssd \/ 14 Pulgadas \/ Win11 Pro \/ 3 A\u00f1o De Garantia Basica + Env\u00edo a domicilio + Pago seguro + Garant\u00eda","breadcrumb":{"@id":"https:\/\/compuviper.mx\/tienda\/producto\/dell-nff86-laptop-pro-14-copilot-plus-pc-color-plata-amd-ryzen-ai-5-pro-340-hasta-50-tops-16-gb-ram-512-gb-ssd-14-pulgadas-win11-pro-3-ao-de-garantia-basica\/#breadcrumb"},"inLanguage":"es-MX","potentialAction":[{"@type":"ReadAction","target":["https:\/\/compuviper.mx\/tienda\/producto\/dell-nff86-laptop-pro-14-copilot-plus-pc-color-plata-amd-ryzen-ai-5-pro-340-hasta-50-tops-16-gb-ram-512-gb-ssd-14-pulgadas-win11-pro-3-ao-de-garantia-basica\/"]}]},{"@type":"BreadcrumbList","@id":"https:\/\/compuviper.mx\/tienda\/producto\/dell-nff86-laptop-pro-14-copilot-plus-pc-color-plata-amd-ryzen-ai-5-pro-340-hasta-50-tops-16-gb-ram-512-gb-ssd-14-pulgadas-win11-pro-3-ao-de-garantia-basica\/#breadcrumb","itemListElement":[{"@type":"ListItem","position":1,"name":"Inicio","item":"https:\/\/compuviper.mx\/tienda\/"},{"@type":"ListItem","position":2,"name":"Productos","item":"https:\/\/compuviper.mx\/tienda\/productos\/"},{"@type":"ListItem","position":3,"name":"Laptops","item":"https:\/\/compuviper.mx\/tienda\/categoria-producto\/laptops\/"},{"@type":"ListItem","position":4,"name":"Notebook","item":"https:\/\/compuviper.mx\/tienda\/categoria-producto\/laptops\/notebook-laptops\/"},{"@type":"ListItem","position":5,"name":"Dell Nff86 Laptop Pro 14 \/ Copilot Plus Pc \/ Color Plata \/ Amd Ryzen Ai 5 Pro 340 \/ Hasta 50 Tops \/ 16 Gb Ram \/ 512 Gb Ssd \/ 14 Pulgadas \/ Win11 Pro \/ 3 A?o De Garantia Basica"}]},{"@type":"WebSite","@id":"https:\/\/compuviper.mx\/tienda\/#website","url":"https:\/\/compuviper.mx\/tienda\/","name":"Compuviper","description":"Proveedor de Computadoras, Laptops, Servidores, Monitores, Puntos de Venta, Teclados,   Impresoras, T\u00f3ner, C\u00e1maras de Seguridad y m\u00e1s en tu tienda en l\u00ednea","publisher":{"@id":"https:\/\/compuviper.mx\/tienda\/#organization"},"potentialAction":[{"@type":"SearchAction","target":{"@type":"EntryPoint","urlTemplate":"https:\/\/compuviper.mx\/tienda\/?s={search_term_string}"},"query-input":"required name=search_term_string"}],"inLanguage":"es-MX"},{"@type":"Organization","@id":"https:\/\/compuviper.mx\/tienda\/#organization","name":"Compuviper","url":"https:\/\/compuviper.mx\/tienda\/","logo":{"@type":"ImageObject","inLanguage":"es-MX","@id":"https:\/\/compuviper.mx\/tienda\/#\/schema\/logo\/image\/","url":"https:\/\/compuviper.mx\/tienda\/wp-content\/uploads\/2021\/08\/Logo-Compuviper-10.png","contentUrl":"https:\/\/compuviper.mx\/tienda\/wp-content\/uploads\/2021\/08\/Logo-Compuviper-10.png","width":1000,"height":500,"caption":"Compuviper"},"image":{"@id":"https:\/\/compuviper.mx\/tienda\/#\/schema\/logo\/image\/"},"sameAs":["https:\/\/www.facebook.com\/compuviper","https:\/\/www.youtube.com\/channel\/UCf73dERp9Y3cfOq7q8BhLjA?view_as=subscriber"]}]},"product_brand":"DELL","product_price_amount":"16333","product_price_currency":"MXN","og_availability":"instock","product_availability":"instock","product_retailer_item_id":"NFF86","product_condition":"new"},"_links":{"self":[{"href":"https:\/\/compuviper.mx\/tienda\/wp-json\/wp\/v2\/product\/255256"}],"collection":[{"href":"https:\/\/compuviper.mx\/tienda\/wp-json\/wp\/v2\/product"}],"about":[{"href":"https:\/\/compuviper.mx\/tienda\/wp-json\/wp\/v2\/types\/product"}],"replies":[{"embeddable":true,"href":"https:\/\/compuviper.mx\/tienda\/wp-json\/wp\/v2\/comments?post=255256"}],"wp:featuredmedia":[{"embeddable":true,"href":"https:\/\/compuviper.mx\/tienda\/wp-json\/wp\/v2\/media\/260349"}],"wp:attachment":[{"href":"https:\/\/compuviper.mx\/tienda\/wp-json\/wp\/v2\/media?parent=255256"}],"wp:term":[{"taxonomy":"product_cat","embeddable":true,"href":"https:\/\/compuviper.mx\/tienda\/wp-json\/wp\/v2\/product_cat?post=255256"},{"taxonomy":"product_tag","embeddable":true,"href":"https:\/\/compuviper.mx\/tienda\/wp-json\/wp\/v2\/product_tag?post=255256"}],"curies":[{"name":"wp","href":"https:\/\/api.w.org\/{rel}","templated":true}]}}