{"id":255236,"date":"2026-04-07T00:28:51","date_gmt":"2026-04-07T06:28:51","guid":{"rendered":"https:\/\/compuviper.mx\/tienda\/producto\/forza-nt-1801pro-ups-interactiva-1800va-900w-10-slds-rj45-torre-comp-120v\/"},"modified":"2026-04-07T00:28:51","modified_gmt":"2026-04-07T06:28:51","slug":"forza-nt-1801pro-ups-interactiva-1800va-900w-10-slds-rj45-torre-comp-120v","status":"publish","type":"product","link":"https:\/\/compuviper.mx\/tienda\/producto\/forza-nt-1801pro-ups-interactiva-1800va-900w-10-slds-rj45-torre-comp-120v\/","title":{"rendered":"Forza Nt-1801pro Ups Interactiva   1800va\/900w, 10 Slds, Rj45, Torre Comp-120v"},"content":{"rendered":"<table class=\"descripcion\">\n<tr>\n<td>Aspectos generales<\/td>\n<\/tr>\n<tr>\n<td>Capacidad1800va\/900w<\/td>\n<\/tr>\n<tr>\n<td>Entrada<\/td>\n<\/tr>\n<tr>\n<td>Voltaje120vca<\/td>\n<\/tr>\n<tr>\n<td>Rango de voltaje891454vca<\/td>\n<\/tr>\n<tr>\n<td>Rango de frecuencia45\/65hz deteccion automatica<\/td>\n<\/tr>\n<tr>\n<td>Tipo de enchufenema 5-15p<\/td>\n<\/tr>\n<tr>\n<td>Salida<\/td>\n<\/tr>\n<tr>\n<td>Voltaje nominal120v \/- 10<\/td>\n<\/tr>\n<tr>\n<td>Frecuencia50\/60hz<\/td>\n<\/tr>\n<tr>\n<td>Estabilidad de frecuencia\u00b4\/- 1hz en modo bateria<\/td>\n<\/tr>\n<tr>\n<td>Forma de ondaonda sinusoidal modificada<\/td>\n<\/tr>\n<tr>\n<td>Total de tomas de corriente10 nema 5-15r<\/td>\n<\/tr>\n<tr>\n<td>Tomas de corriente con protecc. total y respaldo en baterias6<\/td>\n<\/tr>\n<tr>\n<td>Tomas de corriente solo con protecc. contra sobretensiones4<\/td>\n<\/tr>\n<tr>\n<td>Proteccion de redrj-45<\/td>\n<\/tr>\n<tr>\n<td>Proteccion de telefono\/modem\/faxrj-11<\/td>\n<\/tr>\n<tr>\n<td>Gestion por usbinfluido con el sofware forza tracker<\/td>\n<\/tr>\n<tr>\n<td>Bateria<\/td>\n<\/tr>\n<tr>\n<td>Tipo y cantidad de bateriasbateria de plomo-acido 2 unidades<\/td>\n<\/tr>\n<tr>\n<td>Capcidad de la bateria en v\/ah12v\/7ah 2<\/td>\n<\/tr>\n<tr>\n<td>Tiempo de autonimia55 min.<\/td>\n<\/tr>\n<tr>\n<td>Tiempo de recarga6 horas al 90 despues de la descarga completa<\/td>\n<\/tr>\n<tr>\n<td>Proteccion<\/td>\n<\/tr>\n<tr>\n<td>Proteccion completaproteccion contra sobretension, sobrecarga, cortocircuito y salida alta de bateria<\/td>\n<\/tr>\n<tr>\n<td>Joules1000j<\/td>\n<\/tr>\n<tr>\n<td>Caracteristicas especialesopcion de arranque en frio \/ carga automatica<\/td>\n<\/tr>\n<tr>\n<td>Colornegro<\/td>\n<\/tr>\n<tr>\n<td>Material de la carcasaplastico retardante de llama<\/td>\n<\/tr>\n<tr>\n<td>Dimensiones l x an x al395 x 146 x 205 cm<\/td>\n<\/tr>\n<tr>\n<td>Peso del producto9.9 kg<\/td>\n<\/tr>\n<tr>\n<td>Informacion adicional<\/td>\n<\/tr>\n<tr>\n<td>Garantia3 aos<\/td>\n<\/tr>\n<\/table>\n","protected":false},"excerpt":{"rendered":"<p>El forza nt-1801pro es un sistema de alimentacion ininterrumpida ups de linea interactiva, diseado para ofrecer respaldo de energia confiable y proteccion avanzada a equipos electronicos sensibles en entornos domesticos y de oficina. Con una capacidad de 1800va \/ 900w, este ups es ideal para mantener operativos dispositivos criticos durante interrupciones electricas. En resumen, el forza nt-1801pro ofrece una solucion robusta y eficiente para mantener la integridad y el rendimiento de tus equipos electronicos, garantizando su operacion continua y proteccion frente a interrupciones electricas.<\/p>\n","protected":false},"featured_media":259586,"comment_status":"open","ping_status":"open","template":"","meta":[],"product_cat":[1508,1691],"product_tag":[2260],"acf":[],"yoast_head":"<!-- This site is optimized with the Yoast SEO plugin v21.7 - https:\/\/yoast.com\/wordpress\/plugins\/seo\/ -->\n<title>[ Forza ] &#129351; Nt-1801pro Ups Interactiva 1800va\/900w, 10 Slds, Rj45, Torre Comp-120v<\/title>\n<meta name=\"description\" content=\"Compra Nt-1801pro Ups Interactiva 1800va\/900w, 10 Slds, Rj45, Torre Comp-120v + Env\u00edo a domicilio + Pago seguro + Garant\u00eda\" \/>\n<meta name=\"robots\" content=\"index, follow, max-snippet:-1, max-image-preview:large, max-video-preview:-1\" \/>\n<link rel=\"canonical\" href=\"https:\/\/compuviper.mx\/tienda\/producto\/forza-nt-1801pro-ups-interactiva-1800va-900w-10-slds-rj45-torre-comp-120v\/\" \/>\n<meta property=\"og:locale\" content=\"es_MX\" \/>\n<meta property=\"og:type\" content=\"article\" \/>\n<meta property=\"og:title\" content=\"[ Forza ] &#129351; Nt-1801pro Ups Interactiva 1800va\/900w, 10 Slds, Rj45, Torre Comp-120v\" \/>\n<meta property=\"og:description\" content=\"Compra Nt-1801pro Ups Interactiva 1800va\/900w, 10 Slds, Rj45, Torre Comp-120v + Env\u00edo a domicilio + Pago seguro + Garant\u00eda\" \/>\n<meta property=\"og:url\" content=\"https:\/\/compuviper.mx\/tienda\/producto\/forza-nt-1801pro-ups-interactiva-1800va-900w-10-slds-rj45-torre-comp-120v\/\" \/>\n<meta property=\"og:site_name\" content=\"Compuviper\" \/>\n<meta property=\"article:publisher\" content=\"https:\/\/www.facebook.com\/compuviper\" \/>\n<meta property=\"og:image\" content=\"https:\/\/compuviper.mx\/tienda\/wp-content\/uploads\/2025\/10\/Ups-interactiva-forza-nt-1801pro-1800va900w-10-slds-rj45-torre-comp-120v.jpg\" \/>\n\t<meta property=\"og:image:width\" content=\"200\" \/>\n\t<meta property=\"og:image:height\" content=\"200\" \/>\n\t<meta property=\"og:image:type\" content=\"image\/jpeg\" \/>\n<meta name=\"twitter:card\" content=\"summary_large_image\" \/>\n<meta name=\"twitter:label1\" content=\"Precio\" \/>\n\t<meta name=\"twitter:data1\" content=\"&#36;2,503 con IVA\" \/>\n\t<meta name=\"twitter:label2\" content=\"Availability\" \/>\n\t<meta name=\"twitter:data2\" content=\"Out of stock\" \/>\n<script type=\"application\/ld+json\" class=\"yoast-schema-graph\">{\"@context\":\"https:\/\/schema.org\",\"@graph\":[{\"@type\":\"WebPage\",\"@id\":\"https:\/\/compuviper.mx\/tienda\/producto\/forza-nt-1801pro-ups-interactiva-1800va-900w-10-slds-rj45-torre-comp-120v\/\",\"url\":\"https:\/\/compuviper.mx\/tienda\/producto\/forza-nt-1801pro-ups-interactiva-1800va-900w-10-slds-rj45-torre-comp-120v\/\",\"name\":\"[ Forza ] &#129351; Nt-1801pro Ups Interactiva 1800va\/900w, 10 Slds, Rj45, Torre Comp-120v\",\"isPartOf\":{\"@id\":\"https:\/\/compuviper.mx\/tienda\/#website\"},\"datePublished\":\"2026-04-07T06:28:51+00:00\",\"dateModified\":\"2026-04-07T06:28:51+00:00\",\"description\":\"Compra Nt-1801pro Ups Interactiva 1800va\/900w, 10 Slds, Rj45, Torre Comp-120v + Env\u00edo a domicilio + Pago seguro + Garant\u00eda\",\"breadcrumb\":{\"@id\":\"https:\/\/compuviper.mx\/tienda\/producto\/forza-nt-1801pro-ups-interactiva-1800va-900w-10-slds-rj45-torre-comp-120v\/#breadcrumb\"},\"inLanguage\":\"es-MX\",\"potentialAction\":[{\"@type\":\"ReadAction\",\"target\":[\"https:\/\/compuviper.mx\/tienda\/producto\/forza-nt-1801pro-ups-interactiva-1800va-900w-10-slds-rj45-torre-comp-120v\/\"]}]},{\"@type\":\"BreadcrumbList\",\"@id\":\"https:\/\/compuviper.mx\/tienda\/producto\/forza-nt-1801pro-ups-interactiva-1800va-900w-10-slds-rj45-torre-comp-120v\/#breadcrumb\",\"itemListElement\":[{\"@type\":\"ListItem\",\"position\":1,\"name\":\"Inicio\",\"item\":\"https:\/\/compuviper.mx\/tienda\/\"},{\"@type\":\"ListItem\",\"position\":2,\"name\":\"Productos\",\"item\":\"https:\/\/compuviper.mx\/tienda\/productos\/\"},{\"@type\":\"ListItem\",\"position\":3,\"name\":\"Energia\",\"item\":\"https:\/\/compuviper.mx\/tienda\/categoria-producto\/energia\/\"},{\"@type\":\"ListItem\",\"position\":4,\"name\":\"No Break\",\"item\":\"https:\/\/compuviper.mx\/tienda\/categoria-producto\/energia\/no-break\/\"},{\"@type\":\"ListItem\",\"position\":5,\"name\":\"Forza Nt-1801pro Ups Interactiva 1800va\/900w, 10 Slds, Rj45, Torre Comp-120v\"}]},{\"@type\":\"WebSite\",\"@id\":\"https:\/\/compuviper.mx\/tienda\/#website\",\"url\":\"https:\/\/compuviper.mx\/tienda\/\",\"name\":\"Compuviper\",\"description\":\"Proveedor de Computadoras, Laptops, Servidores, Monitores, Puntos de Venta, Teclados,   Impresoras, T\u00f3ner, C\u00e1maras de Seguridad y m\u00e1s en tu tienda en l\u00ednea\",\"publisher\":{\"@id\":\"https:\/\/compuviper.mx\/tienda\/#organization\"},\"potentialAction\":[{\"@type\":\"SearchAction\",\"target\":{\"@type\":\"EntryPoint\",\"urlTemplate\":\"https:\/\/compuviper.mx\/tienda\/?s={search_term_string}\"},\"query-input\":\"required name=search_term_string\"}],\"inLanguage\":\"es-MX\"},{\"@type\":\"Organization\",\"@id\":\"https:\/\/compuviper.mx\/tienda\/#organization\",\"name\":\"Compuviper\",\"url\":\"https:\/\/compuviper.mx\/tienda\/\",\"logo\":{\"@type\":\"ImageObject\",\"inLanguage\":\"es-MX\",\"@id\":\"https:\/\/compuviper.mx\/tienda\/#\/schema\/logo\/image\/\",\"url\":\"https:\/\/compuviper.mx\/tienda\/wp-content\/uploads\/2021\/08\/Logo-Compuviper-10.png\",\"contentUrl\":\"https:\/\/compuviper.mx\/tienda\/wp-content\/uploads\/2021\/08\/Logo-Compuviper-10.png\",\"width\":1000,\"height\":500,\"caption\":\"Compuviper\"},\"image\":{\"@id\":\"https:\/\/compuviper.mx\/tienda\/#\/schema\/logo\/image\/\"},\"sameAs\":[\"https:\/\/www.facebook.com\/compuviper\",\"https:\/\/www.youtube.com\/channel\/UCf73dERp9Y3cfOq7q8BhLjA?view_as=subscriber\"]}]}<\/script>\n<meta property=\"product:brand\" content=\"Forza\" \/>\n<meta property=\"product:price:amount\" content=\"2503\" \/>\n<meta property=\"product:price:currency\" content=\"MXN\" \/>\n<meta property=\"og:availability\" content=\"out of stock\" \/>\n<meta property=\"product:availability\" content=\"out of stock\" \/>\n<meta property=\"product:retailer_item_id\" content=\"NT-1801PRO\" \/>\n<meta property=\"product:condition\" content=\"new\" \/>\n<!-- \/ Yoast SEO plugin. -->","yoast_head_json":{"title":"[ Forza ] &#129351; Nt-1801pro Ups Interactiva 1800va\/900w, 10 Slds, Rj45, Torre Comp-120v","description":"Compra Nt-1801pro Ups Interactiva 1800va\/900w, 10 Slds, Rj45, Torre Comp-120v + Env\u00edo a domicilio + Pago seguro + Garant\u00eda","robots":{"index":"index","follow":"follow","max-snippet":"max-snippet:-1","max-image-preview":"max-image-preview:large","max-video-preview":"max-video-preview:-1"},"canonical":"https:\/\/compuviper.mx\/tienda\/producto\/forza-nt-1801pro-ups-interactiva-1800va-900w-10-slds-rj45-torre-comp-120v\/","og_locale":"es_MX","og_type":"article","og_title":"[ Forza ] &#129351; Nt-1801pro Ups Interactiva 1800va\/900w, 10 Slds, Rj45, Torre Comp-120v","og_description":"Compra Nt-1801pro Ups Interactiva 1800va\/900w, 10 Slds, Rj45, Torre Comp-120v + Env\u00edo a domicilio + Pago seguro + Garant\u00eda","og_url":"https:\/\/compuviper.mx\/tienda\/producto\/forza-nt-1801pro-ups-interactiva-1800va-900w-10-slds-rj45-torre-comp-120v\/","og_site_name":"Compuviper","article_publisher":"https:\/\/www.facebook.com\/compuviper","og_image":[{"width":200,"height":200,"url":"https:\/\/compuviper.mx\/tienda\/wp-content\/uploads\/2025\/10\/Ups-interactiva-forza-nt-1801pro-1800va900w-10-slds-rj45-torre-comp-120v.jpg","type":"image\/jpeg"}],"twitter_card":"summary_large_image","twitter_misc":{"Precio":"&#36;2,503 con IVA","Availability":"Out of stock"},"schema":{"@context":"https:\/\/schema.org","@graph":[{"@type":"WebPage","@id":"https:\/\/compuviper.mx\/tienda\/producto\/forza-nt-1801pro-ups-interactiva-1800va-900w-10-slds-rj45-torre-comp-120v\/","url":"https:\/\/compuviper.mx\/tienda\/producto\/forza-nt-1801pro-ups-interactiva-1800va-900w-10-slds-rj45-torre-comp-120v\/","name":"[ Forza ] &#129351; Nt-1801pro Ups Interactiva 1800va\/900w, 10 Slds, Rj45, Torre Comp-120v","isPartOf":{"@id":"https:\/\/compuviper.mx\/tienda\/#website"},"datePublished":"2026-04-07T06:28:51+00:00","dateModified":"2026-04-07T06:28:51+00:00","description":"Compra Nt-1801pro Ups Interactiva 1800va\/900w, 10 Slds, Rj45, Torre Comp-120v + Env\u00edo a domicilio + Pago seguro + Garant\u00eda","breadcrumb":{"@id":"https:\/\/compuviper.mx\/tienda\/producto\/forza-nt-1801pro-ups-interactiva-1800va-900w-10-slds-rj45-torre-comp-120v\/#breadcrumb"},"inLanguage":"es-MX","potentialAction":[{"@type":"ReadAction","target":["https:\/\/compuviper.mx\/tienda\/producto\/forza-nt-1801pro-ups-interactiva-1800va-900w-10-slds-rj45-torre-comp-120v\/"]}]},{"@type":"BreadcrumbList","@id":"https:\/\/compuviper.mx\/tienda\/producto\/forza-nt-1801pro-ups-interactiva-1800va-900w-10-slds-rj45-torre-comp-120v\/#breadcrumb","itemListElement":[{"@type":"ListItem","position":1,"name":"Inicio","item":"https:\/\/compuviper.mx\/tienda\/"},{"@type":"ListItem","position":2,"name":"Productos","item":"https:\/\/compuviper.mx\/tienda\/productos\/"},{"@type":"ListItem","position":3,"name":"Energia","item":"https:\/\/compuviper.mx\/tienda\/categoria-producto\/energia\/"},{"@type":"ListItem","position":4,"name":"No Break","item":"https:\/\/compuviper.mx\/tienda\/categoria-producto\/energia\/no-break\/"},{"@type":"ListItem","position":5,"name":"Forza Nt-1801pro Ups Interactiva 1800va\/900w, 10 Slds, Rj45, Torre Comp-120v"}]},{"@type":"WebSite","@id":"https:\/\/compuviper.mx\/tienda\/#website","url":"https:\/\/compuviper.mx\/tienda\/","name":"Compuviper","description":"Proveedor de Computadoras, Laptops, Servidores, Monitores, Puntos de Venta, Teclados,   Impresoras, T\u00f3ner, C\u00e1maras de Seguridad y m\u00e1s en tu tienda en l\u00ednea","publisher":{"@id":"https:\/\/compuviper.mx\/tienda\/#organization"},"potentialAction":[{"@type":"SearchAction","target":{"@type":"EntryPoint","urlTemplate":"https:\/\/compuviper.mx\/tienda\/?s={search_term_string}"},"query-input":"required name=search_term_string"}],"inLanguage":"es-MX"},{"@type":"Organization","@id":"https:\/\/compuviper.mx\/tienda\/#organization","name":"Compuviper","url":"https:\/\/compuviper.mx\/tienda\/","logo":{"@type":"ImageObject","inLanguage":"es-MX","@id":"https:\/\/compuviper.mx\/tienda\/#\/schema\/logo\/image\/","url":"https:\/\/compuviper.mx\/tienda\/wp-content\/uploads\/2021\/08\/Logo-Compuviper-10.png","contentUrl":"https:\/\/compuviper.mx\/tienda\/wp-content\/uploads\/2021\/08\/Logo-Compuviper-10.png","width":1000,"height":500,"caption":"Compuviper"},"image":{"@id":"https:\/\/compuviper.mx\/tienda\/#\/schema\/logo\/image\/"},"sameAs":["https:\/\/www.facebook.com\/compuviper","https:\/\/www.youtube.com\/channel\/UCf73dERp9Y3cfOq7q8BhLjA?view_as=subscriber"]}]},"product_brand":"Forza","product_price_amount":"2503","product_price_currency":"MXN","og_availability":"out of stock","product_availability":"out of stock","product_retailer_item_id":"NT-1801PRO","product_condition":"new"},"_links":{"self":[{"href":"https:\/\/compuviper.mx\/tienda\/wp-json\/wp\/v2\/product\/255236"}],"collection":[{"href":"https:\/\/compuviper.mx\/tienda\/wp-json\/wp\/v2\/product"}],"about":[{"href":"https:\/\/compuviper.mx\/tienda\/wp-json\/wp\/v2\/types\/product"}],"replies":[{"embeddable":true,"href":"https:\/\/compuviper.mx\/tienda\/wp-json\/wp\/v2\/comments?post=255236"}],"wp:featuredmedia":[{"embeddable":true,"href":"https:\/\/compuviper.mx\/tienda\/wp-json\/wp\/v2\/media\/259586"}],"wp:attachment":[{"href":"https:\/\/compuviper.mx\/tienda\/wp-json\/wp\/v2\/media?parent=255236"}],"wp:term":[{"taxonomy":"product_cat","embeddable":true,"href":"https:\/\/compuviper.mx\/tienda\/wp-json\/wp\/v2\/product_cat?post=255236"},{"taxonomy":"product_tag","embeddable":true,"href":"https:\/\/compuviper.mx\/tienda\/wp-json\/wp\/v2\/product_tag?post=255236"}],"curies":[{"name":"wp","href":"https:\/\/api.w.org\/{rel}","templated":true}]}}