{"id":255142,"date":"2026-04-02T02:30:20","date_gmt":"2026-04-02T08:30:20","guid":{"rendered":"https:\/\/compuviper.mx\/tienda\/producto\/epson-v11h983020-videoproyector-powerlite-w49-3-lcd-wxga-3800-lumenes-usb-hdmi-wifi-opcional\/"},"modified":"2026-04-02T02:30:20","modified_gmt":"2026-04-02T08:30:20","slug":"epson-v11h983020-videoproyector-powerlite-w49-3-lcd-wxga-3800-lumenes-usb-hdmi-wifi-opcional","status":"publish","type":"product","link":"https:\/\/compuviper.mx\/tienda\/producto\/epson-v11h983020-videoproyector-powerlite-w49-3-lcd-wxga-3800-lumenes-usb-hdmi-wifi-opcional\/","title":{"rendered":"Epson V11h983020 Videoproyector  Powerlite W49, 3 Lcd, Wxga, 3800 Lumenes, Usb, Hdmi, (wifi Opcional)"},"content":{"rendered":"<table class=\"descripcion\">\n<tr>\n<td>Especificaciones tecnicas<\/td>\n<\/tr>\n<tr>\n<td>*sistema de proyeccion: tecnologia epson 3lcd de 3 chips<\/td>\n<\/tr>\n<tr>\n<td>*modo de proyeccion: frontal\/trasera\/montaje techo<\/td>\n<\/tr>\n<tr>\n<td>*pantalla lcd: 0,59 pulgadas (c2fine)<\/td>\n<\/tr>\n<tr>\n<td>*metodo de proyeccion: poly-silicon tft active matrix<\/td>\n<\/tr>\n<tr>\n<td>*numero de pixeles: 1.024.000 pixeles (1.280 px x 800 px) x 3<\/td>\n<\/tr>\n<tr>\n<td>*resolucion nativa: wxga<\/td>\n<\/tr>\n<tr>\n<td>*relacion de aspecto: 16:10<\/td>\n<\/tr>\n<tr>\n<td>*luminosidad del color2: 3.800 lumenes<\/td>\n<\/tr>\n<tr>\n<td>*luminosidad del blanco2: 3.800 lumenes<\/td>\n<\/tr>\n<tr>\n<td>*relacion de contraste: hasta 16.000:1<\/td>\n<\/tr>\n<tr>\n<td>*reproduccion del color: hasta 1 billon de colores<\/td>\n<\/tr>\n<tr>\n<td>*parlante: monoaural: 5 w x 1<\/td>\n<\/tr>\n<tr>\n<td>*ruido del ventilador: 28 db \/ 37 db<\/td>\n<\/tr>\n<tr>\n<td>Lente de proyeccion<\/td>\n<\/tr>\n<tr>\n<td>*tipo: optical zoom (manual) \/ focus (manual)<\/td>\n<\/tr>\n<tr>\n<td>*numero f: 1,49 &#8211; 1,72<\/td>\n<\/tr>\n<tr>\n<td>*distancia focal: 16,9 mm \u0096 20,28 mm<\/td>\n<\/tr>\n<tr>\n<td>*relacion de zoom: 1 &#8211; 1,2<\/td>\n<\/tr>\n<tr>\n<td>*relacion de tiro: 1,30 \u0096 1,56<\/td>\n<\/tr>\n<tr>\n<td>* tama\u00f1o de la imagen: 33 a 320 (0,91 m &#8211; 10,89 m)<\/td>\n<\/tr>\n<tr>\n<td>*distancia de proyeccion para imagen estandar 60: 1,68 m &#8211; 2,02 m<\/td>\n<\/tr>\n<tr>\n<td>*correccion de keystone: +\/-30 grados a +\/-30 grados<\/td>\n<\/tr>\n<tr>\n<td>*quick corner: si<\/td>\n<\/tr>\n<tr>\n<td>General<\/td>\n<\/tr>\n<tr>\n<td>*temperatura de operacion: 5 \u00b0c a 40 \u00b0c (41 \u00b0f a 104 \u00b0f)<\/td>\n<\/tr>\n<tr>\n<td>*dimensiones: 302 mm x 87 mm x 249 mm (ancho x alto x profundidad)<\/td>\n<\/tr>\n<tr>\n<td>*peso: 2,7 kg<\/td>\n<\/tr>\n<tr>\n<td>*seguridad: kensington lock, traba de seguridad<\/td>\n<\/tr>\n<tr>\n<td>Conectividad del videoproyector<\/td>\n<\/tr>\n<tr>\n<td>*entrada computadora: x 2 d-sub15 pin<\/td>\n<\/tr>\n<tr>\n<td>*hdmi: x 2<\/td>\n<\/tr>\n<tr>\n<td>*rca video in: amarillo x 1<\/td>\n<\/tr>\n<tr>\n<td>*stereo mini-entrada: x2<\/td>\n<\/tr>\n<tr>\n<td>*stereo mini-salida: x1<\/td>\n<\/tr>\n<tr>\n<td>*rs-232c: x1<\/td>\n<\/tr>\n<tr>\n<td>*usb tipo a (para modulo inalambrico): x 1<\/td>\n<\/tr>\n<tr>\n<td>*usb tipo b (para actualizacion firmware): x 1<\/td>\n<\/tr>\n<tr>\n<td>*rj45<\/td>\n<\/tr>\n<tr>\n<td>*entrada audio rca: blanco x 1, rojo x 1<\/td>\n<\/tr>\n<tr>\n<td>*modulo inalambrico: opcional<\/td>\n<\/tr>\n<tr>\n<td>Energia<\/td>\n<\/tr>\n<tr>\n<td>*voltaje de fuente de poder: 100 &#8211; 240 v ac +\/- 10%, 50hz\/60 hz<\/td>\n<\/tr>\n<tr>\n<td>* tipo de lampara: 210w uhe<\/td>\n<\/tr>\n<tr>\n<td>*vida util de la lampara: 8000 horas (normal), 17.000 horas (eco)<\/td>\n<\/tr>\n<tr>\n<td>*consumo de energia: 100v-120v: 345 (normal) &#8211; 235 (eco)<\/td>\n<\/tr>\n<tr>\n<td>220v-240v: 327 (normal) &#8211; 225 (eco)<\/td>\n<\/tr>\n<\/table>\n","protected":false},"excerpt":{"rendered":"<p>El powerlite es el proyector ideal para el segmento de educacion. Ofrece una pantalla de mas de 100 con calidad excepcional. La tecnologia 3lcd brinda imagenes claras, brillantes y llenas de color. Su luminosidad de 3.800 lumenes en color y 3.800 lumenes en blanco lo convierten en la mejor opcion para aulas de educacion bien iluminadas. Adicional, ofrece una conectividad avanzada con puertos hdmi, rj-45 y conectividad inalambrica opcional, la cual permite proyectar el contenido sin requerir cables, perfecto para las aulas escolares actuales.<\/p>\n","protected":false},"featured_media":255143,"comment_status":"open","ping_status":"open","template":"","meta":[],"product_cat":[1843,1844],"product_tag":[1624],"acf":[],"yoast_head":"<!-- This site is optimized with the Yoast SEO plugin v21.7 - https:\/\/yoast.com\/wordpress\/plugins\/seo\/ -->\n<title>[ Epson ] &#129351; V11h983020 Videoproyector Powerlite W49, 3 Lcd, Wxga, 3800 Lumenes, Usb, Hdmi, (wifi Opcional)<\/title>\n<meta name=\"description\" content=\"Compra V11h983020 Videoproyector Powerlite W49, 3 Lcd, Wxga, 3800 Lumenes, Usb, Hdmi, (wifi Opcional) + Env\u00edo a domicilio + Pago seguro + Garant\u00eda\" \/>\n<meta name=\"robots\" content=\"index, follow, max-snippet:-1, max-image-preview:large, max-video-preview:-1\" \/>\n<link rel=\"canonical\" href=\"https:\/\/compuviper.mx\/tienda\/producto\/epson-v11h983020-videoproyector-powerlite-w49-3-lcd-wxga-3800-lumenes-usb-hdmi-wifi-opcional\/\" \/>\n<meta property=\"og:locale\" content=\"es_MX\" \/>\n<meta property=\"og:type\" content=\"article\" \/>\n<meta property=\"og:title\" content=\"[ Epson ] &#129351; V11h983020 Videoproyector Powerlite W49, 3 Lcd, Wxga, 3800 Lumenes, Usb, Hdmi, (wifi Opcional)\" \/>\n<meta property=\"og:description\" content=\"Compra V11h983020 Videoproyector Powerlite W49, 3 Lcd, Wxga, 3800 Lumenes, Usb, Hdmi, (wifi Opcional) + Env\u00edo a domicilio + Pago seguro + Garant\u00eda\" \/>\n<meta property=\"og:url\" content=\"https:\/\/compuviper.mx\/tienda\/producto\/epson-v11h983020-videoproyector-powerlite-w49-3-lcd-wxga-3800-lumenes-usb-hdmi-wifi-opcional\/\" \/>\n<meta property=\"og:site_name\" content=\"Compuviper\" \/>\n<meta property=\"article:publisher\" content=\"https:\/\/www.facebook.com\/compuviper\" \/>\n<meta property=\"og:image\" content=\"https:\/\/compuviper.mx\/tienda\/wp-content\/uploads\/2025\/07\/Videoproyector-epson-powerlite-w49-3-lcd-wxga-3800-lumenes-usb-hdmi-wifi-opcional.jpg\" \/>\n\t<meta property=\"og:image:width\" content=\"200\" \/>\n\t<meta property=\"og:image:height\" content=\"200\" \/>\n\t<meta property=\"og:image:type\" content=\"image\/jpeg\" \/>\n<meta name=\"twitter:card\" content=\"summary_large_image\" \/>\n<meta name=\"twitter:label1\" content=\"Precio\" \/>\n\t<meta name=\"twitter:data1\" content=\"&#36;19,301 con IVA\" \/>\n\t<meta name=\"twitter:label2\" content=\"Availability\" \/>\n\t<meta name=\"twitter:data2\" content=\"Out of stock\" \/>\n<script type=\"application\/ld+json\" class=\"yoast-schema-graph\">{\"@context\":\"https:\/\/schema.org\",\"@graph\":[{\"@type\":\"WebPage\",\"@id\":\"https:\/\/compuviper.mx\/tienda\/producto\/epson-v11h983020-videoproyector-powerlite-w49-3-lcd-wxga-3800-lumenes-usb-hdmi-wifi-opcional\/\",\"url\":\"https:\/\/compuviper.mx\/tienda\/producto\/epson-v11h983020-videoproyector-powerlite-w49-3-lcd-wxga-3800-lumenes-usb-hdmi-wifi-opcional\/\",\"name\":\"[ Epson ] &#129351; V11h983020 Videoproyector Powerlite W49, 3 Lcd, Wxga, 3800 Lumenes, Usb, Hdmi, (wifi Opcional)\",\"isPartOf\":{\"@id\":\"https:\/\/compuviper.mx\/tienda\/#website\"},\"datePublished\":\"2026-04-02T08:30:20+00:00\",\"dateModified\":\"2026-04-02T08:30:20+00:00\",\"description\":\"Compra V11h983020 Videoproyector Powerlite W49, 3 Lcd, Wxga, 3800 Lumenes, Usb, Hdmi, (wifi Opcional) + Env\u00edo a domicilio + Pago seguro + Garant\u00eda\",\"breadcrumb\":{\"@id\":\"https:\/\/compuviper.mx\/tienda\/producto\/epson-v11h983020-videoproyector-powerlite-w49-3-lcd-wxga-3800-lumenes-usb-hdmi-wifi-opcional\/#breadcrumb\"},\"inLanguage\":\"es-MX\",\"potentialAction\":[{\"@type\":\"ReadAction\",\"target\":[\"https:\/\/compuviper.mx\/tienda\/producto\/epson-v11h983020-videoproyector-powerlite-w49-3-lcd-wxga-3800-lumenes-usb-hdmi-wifi-opcional\/\"]}]},{\"@type\":\"BreadcrumbList\",\"@id\":\"https:\/\/compuviper.mx\/tienda\/producto\/epson-v11h983020-videoproyector-powerlite-w49-3-lcd-wxga-3800-lumenes-usb-hdmi-wifi-opcional\/#breadcrumb\",\"itemListElement\":[{\"@type\":\"ListItem\",\"position\":1,\"name\":\"Inicio\",\"item\":\"https:\/\/compuviper.mx\/tienda\/\"},{\"@type\":\"ListItem\",\"position\":2,\"name\":\"Productos\",\"item\":\"https:\/\/compuviper.mx\/tienda\/productos\/\"},{\"@type\":\"ListItem\",\"position\":3,\"name\":\"Videoproyector\",\"item\":\"https:\/\/compuviper.mx\/tienda\/categoria-producto\/videoproyector\/\"},{\"@type\":\"ListItem\",\"position\":4,\"name\":\"Basico\",\"item\":\"https:\/\/compuviper.mx\/tienda\/categoria-producto\/videoproyector\/basico-videoproyector\/\"},{\"@type\":\"ListItem\",\"position\":5,\"name\":\"Epson V11h983020 Videoproyector Powerlite W49, 3 Lcd, Wxga, 3800 Lumenes, Usb, Hdmi, (wifi Opcional)\"}]},{\"@type\":\"WebSite\",\"@id\":\"https:\/\/compuviper.mx\/tienda\/#website\",\"url\":\"https:\/\/compuviper.mx\/tienda\/\",\"name\":\"Compuviper\",\"description\":\"Proveedor de Computadoras, Laptops, Servidores, Monitores, Puntos de Venta, Teclados,   Impresoras, T\u00f3ner, C\u00e1maras de Seguridad y m\u00e1s en tu tienda en l\u00ednea\",\"publisher\":{\"@id\":\"https:\/\/compuviper.mx\/tienda\/#organization\"},\"potentialAction\":[{\"@type\":\"SearchAction\",\"target\":{\"@type\":\"EntryPoint\",\"urlTemplate\":\"https:\/\/compuviper.mx\/tienda\/?s={search_term_string}\"},\"query-input\":\"required name=search_term_string\"}],\"inLanguage\":\"es-MX\"},{\"@type\":\"Organization\",\"@id\":\"https:\/\/compuviper.mx\/tienda\/#organization\",\"name\":\"Compuviper\",\"url\":\"https:\/\/compuviper.mx\/tienda\/\",\"logo\":{\"@type\":\"ImageObject\",\"inLanguage\":\"es-MX\",\"@id\":\"https:\/\/compuviper.mx\/tienda\/#\/schema\/logo\/image\/\",\"url\":\"https:\/\/compuviper.mx\/tienda\/wp-content\/uploads\/2021\/08\/Logo-Compuviper-10.png\",\"contentUrl\":\"https:\/\/compuviper.mx\/tienda\/wp-content\/uploads\/2021\/08\/Logo-Compuviper-10.png\",\"width\":1000,\"height\":500,\"caption\":\"Compuviper\"},\"image\":{\"@id\":\"https:\/\/compuviper.mx\/tienda\/#\/schema\/logo\/image\/\"},\"sameAs\":[\"https:\/\/www.facebook.com\/compuviper\",\"https:\/\/www.youtube.com\/channel\/UCf73dERp9Y3cfOq7q8BhLjA?view_as=subscriber\"]}]}<\/script>\n<meta property=\"product:brand\" content=\"EPSON\" \/>\n<meta property=\"product:price:amount\" content=\"19301\" \/>\n<meta property=\"product:price:currency\" content=\"MXN\" \/>\n<meta property=\"og:availability\" content=\"out of stock\" \/>\n<meta property=\"product:availability\" content=\"out of stock\" \/>\n<meta property=\"product:retailer_item_id\" content=\"V11H983020\" \/>\n<meta property=\"product:condition\" content=\"new\" \/>\n<!-- \/ Yoast SEO plugin. -->","yoast_head_json":{"title":"[ Epson ] &#129351; V11h983020 Videoproyector Powerlite W49, 3 Lcd, Wxga, 3800 Lumenes, Usb, Hdmi, (wifi Opcional)","description":"Compra V11h983020 Videoproyector Powerlite W49, 3 Lcd, Wxga, 3800 Lumenes, Usb, Hdmi, (wifi Opcional) + Env\u00edo a domicilio + Pago seguro + Garant\u00eda","robots":{"index":"index","follow":"follow","max-snippet":"max-snippet:-1","max-image-preview":"max-image-preview:large","max-video-preview":"max-video-preview:-1"},"canonical":"https:\/\/compuviper.mx\/tienda\/producto\/epson-v11h983020-videoproyector-powerlite-w49-3-lcd-wxga-3800-lumenes-usb-hdmi-wifi-opcional\/","og_locale":"es_MX","og_type":"article","og_title":"[ Epson ] &#129351; V11h983020 Videoproyector Powerlite W49, 3 Lcd, Wxga, 3800 Lumenes, Usb, Hdmi, (wifi Opcional)","og_description":"Compra V11h983020 Videoproyector Powerlite W49, 3 Lcd, Wxga, 3800 Lumenes, Usb, Hdmi, (wifi Opcional) + Env\u00edo a domicilio + Pago seguro + Garant\u00eda","og_url":"https:\/\/compuviper.mx\/tienda\/producto\/epson-v11h983020-videoproyector-powerlite-w49-3-lcd-wxga-3800-lumenes-usb-hdmi-wifi-opcional\/","og_site_name":"Compuviper","article_publisher":"https:\/\/www.facebook.com\/compuviper","og_image":[{"width":200,"height":200,"url":"https:\/\/compuviper.mx\/tienda\/wp-content\/uploads\/2025\/07\/Videoproyector-epson-powerlite-w49-3-lcd-wxga-3800-lumenes-usb-hdmi-wifi-opcional.jpg","type":"image\/jpeg"}],"twitter_card":"summary_large_image","twitter_misc":{"Precio":"&#36;19,301 con IVA","Availability":"Out of stock"},"schema":{"@context":"https:\/\/schema.org","@graph":[{"@type":"WebPage","@id":"https:\/\/compuviper.mx\/tienda\/producto\/epson-v11h983020-videoproyector-powerlite-w49-3-lcd-wxga-3800-lumenes-usb-hdmi-wifi-opcional\/","url":"https:\/\/compuviper.mx\/tienda\/producto\/epson-v11h983020-videoproyector-powerlite-w49-3-lcd-wxga-3800-lumenes-usb-hdmi-wifi-opcional\/","name":"[ Epson ] &#129351; V11h983020 Videoproyector Powerlite W49, 3 Lcd, Wxga, 3800 Lumenes, Usb, Hdmi, (wifi Opcional)","isPartOf":{"@id":"https:\/\/compuviper.mx\/tienda\/#website"},"datePublished":"2026-04-02T08:30:20+00:00","dateModified":"2026-04-02T08:30:20+00:00","description":"Compra V11h983020 Videoproyector Powerlite W49, 3 Lcd, Wxga, 3800 Lumenes, Usb, Hdmi, (wifi Opcional) + Env\u00edo a domicilio + Pago seguro + Garant\u00eda","breadcrumb":{"@id":"https:\/\/compuviper.mx\/tienda\/producto\/epson-v11h983020-videoproyector-powerlite-w49-3-lcd-wxga-3800-lumenes-usb-hdmi-wifi-opcional\/#breadcrumb"},"inLanguage":"es-MX","potentialAction":[{"@type":"ReadAction","target":["https:\/\/compuviper.mx\/tienda\/producto\/epson-v11h983020-videoproyector-powerlite-w49-3-lcd-wxga-3800-lumenes-usb-hdmi-wifi-opcional\/"]}]},{"@type":"BreadcrumbList","@id":"https:\/\/compuviper.mx\/tienda\/producto\/epson-v11h983020-videoproyector-powerlite-w49-3-lcd-wxga-3800-lumenes-usb-hdmi-wifi-opcional\/#breadcrumb","itemListElement":[{"@type":"ListItem","position":1,"name":"Inicio","item":"https:\/\/compuviper.mx\/tienda\/"},{"@type":"ListItem","position":2,"name":"Productos","item":"https:\/\/compuviper.mx\/tienda\/productos\/"},{"@type":"ListItem","position":3,"name":"Videoproyector","item":"https:\/\/compuviper.mx\/tienda\/categoria-producto\/videoproyector\/"},{"@type":"ListItem","position":4,"name":"Basico","item":"https:\/\/compuviper.mx\/tienda\/categoria-producto\/videoproyector\/basico-videoproyector\/"},{"@type":"ListItem","position":5,"name":"Epson V11h983020 Videoproyector Powerlite W49, 3 Lcd, Wxga, 3800 Lumenes, Usb, Hdmi, (wifi Opcional)"}]},{"@type":"WebSite","@id":"https:\/\/compuviper.mx\/tienda\/#website","url":"https:\/\/compuviper.mx\/tienda\/","name":"Compuviper","description":"Proveedor de Computadoras, Laptops, Servidores, Monitores, Puntos de Venta, Teclados,   Impresoras, T\u00f3ner, C\u00e1maras de Seguridad y m\u00e1s en tu tienda en l\u00ednea","publisher":{"@id":"https:\/\/compuviper.mx\/tienda\/#organization"},"potentialAction":[{"@type":"SearchAction","target":{"@type":"EntryPoint","urlTemplate":"https:\/\/compuviper.mx\/tienda\/?s={search_term_string}"},"query-input":"required name=search_term_string"}],"inLanguage":"es-MX"},{"@type":"Organization","@id":"https:\/\/compuviper.mx\/tienda\/#organization","name":"Compuviper","url":"https:\/\/compuviper.mx\/tienda\/","logo":{"@type":"ImageObject","inLanguage":"es-MX","@id":"https:\/\/compuviper.mx\/tienda\/#\/schema\/logo\/image\/","url":"https:\/\/compuviper.mx\/tienda\/wp-content\/uploads\/2021\/08\/Logo-Compuviper-10.png","contentUrl":"https:\/\/compuviper.mx\/tienda\/wp-content\/uploads\/2021\/08\/Logo-Compuviper-10.png","width":1000,"height":500,"caption":"Compuviper"},"image":{"@id":"https:\/\/compuviper.mx\/tienda\/#\/schema\/logo\/image\/"},"sameAs":["https:\/\/www.facebook.com\/compuviper","https:\/\/www.youtube.com\/channel\/UCf73dERp9Y3cfOq7q8BhLjA?view_as=subscriber"]}]},"product_brand":"EPSON","product_price_amount":"19301","product_price_currency":"MXN","og_availability":"out of stock","product_availability":"out of stock","product_retailer_item_id":"V11H983020","product_condition":"new"},"_links":{"self":[{"href":"https:\/\/compuviper.mx\/tienda\/wp-json\/wp\/v2\/product\/255142"}],"collection":[{"href":"https:\/\/compuviper.mx\/tienda\/wp-json\/wp\/v2\/product"}],"about":[{"href":"https:\/\/compuviper.mx\/tienda\/wp-json\/wp\/v2\/types\/product"}],"replies":[{"embeddable":true,"href":"https:\/\/compuviper.mx\/tienda\/wp-json\/wp\/v2\/comments?post=255142"}],"wp:featuredmedia":[{"embeddable":true,"href":"https:\/\/compuviper.mx\/tienda\/wp-json\/wp\/v2\/media\/255143"}],"wp:attachment":[{"href":"https:\/\/compuviper.mx\/tienda\/wp-json\/wp\/v2\/media?parent=255142"}],"wp:term":[{"taxonomy":"product_cat","embeddable":true,"href":"https:\/\/compuviper.mx\/tienda\/wp-json\/wp\/v2\/product_cat?post=255142"},{"taxonomy":"product_tag","embeddable":true,"href":"https:\/\/compuviper.mx\/tienda\/wp-json\/wp\/v2\/product_tag?post=255142"}],"curies":[{"name":"wp","href":"https:\/\/api.w.org\/{rel}","templated":true}]}}