{"id":255134,"date":"2026-04-02T00:51:13","date_gmt":"2026-04-02T06:51:13","guid":{"rendered":"https:\/\/compuviper.mx\/tienda\/producto\/lg-24ba650-monitor-pc-b2b-b-fhd-24-ips1920x1080100hzaltavoz-2wx2tr-5msbrillo-250cd-m2169srgb-9913001kvmhdmidisplayportusb-cinclinacion-altura-giro-pivotevesa-100x100mm\/"},"modified":"2026-04-02T00:51:13","modified_gmt":"2026-04-02T06:51:13","slug":"lg-24ba650-monitor-pc-b2b-b-fhd-24-ips1920x1080100hzaltavoz-2wx2tr-5msbrillo-250cd-m2169srgb-9913001kvmhdmidisplayportusb-cinclinacion-altura-giro-pivotevesa-100x100mm","status":"publish","type":"product","link":"https:\/\/compuviper.mx\/tienda\/producto\/lg-24ba650-monitor-pc-b2b-b-fhd-24-ips1920x1080100hzaltavoz-2wx2tr-5msbrillo-250cd-m2169srgb-9913001kvmhdmidisplayportusb-cinclinacion-altura-giro-pivotevesa-100x100mm\/","title":{"rendered":"Lg 24ba650 Monitor Pc  B2b -b Fhd 24 Ips,1920&#215;1080,100hz,altavoz 2wx2,tr 5ms,brillo 250cd\/m2,16:9,srgb 99%,1300:1,kvm,hdmi,displayport,usb-c,inclinacion-altura-giro-pivote,vesa 100x100mm."},"content":{"rendered":"<table class=\"descripcion\">\n<tr>\n<td>Todas las especificaciones: 24ba650-b<\/td>\n<\/tr>\n<tr>\n<td>Pc monitor fhd<\/td>\n<\/tr>\n<tr>\n<td>A\u00f1o<\/td>\n<\/tr>\n<tr>\n<td>2025<\/td>\n<\/tr>\n<tr>\n<td>Pantalla<\/td>\n<\/tr>\n<tr>\n<td>Tama\u00f1o [pulgadas]<\/td>\n<\/tr>\n<tr>\n<td>23.8<\/td>\n<\/tr>\n<tr>\n<td>Relaci\u00f3n de aspecto<\/td>\n<\/tr>\n<tr>\n<td>04:09:00 pm<\/td>\n<\/tr>\n<tr>\n<td>Tipo de panel<\/td>\n<\/tr>\n<tr>\n<td>Ips<\/td>\n<\/tr>\n<tr>\n<td>Tiempo de respuesta<\/td>\n<\/tr>\n<tr>\n<td>5ms (gtg m\u00e1s r\u00e1pido)<\/td>\n<\/tr>\n<tr>\n<td>Resoluci\u00f3n<\/td>\n<\/tr>\n<tr>\n<td>1920 x 1080<\/td>\n<\/tr>\n<tr>\n<td>Paso de p\u00edxeles [mm]<\/td>\n<\/tr>\n<tr>\n<td>0.2745 x 0.2745<\/td>\n<\/tr>\n<tr>\n<td>Profundidad de color (n\u00famero de colores)<\/td>\n<\/tr>\n<tr>\n<td>16.7m<\/td>\n<\/tr>\n<tr>\n<td>\u00e1ngulo de visi\u00f3n (cr and #8805;10)<\/td>\n<\/tr>\n<tr>\n<td>178\u00ba(r\/l), 178\u00ba(u\/d)<\/td>\n<\/tr>\n<tr>\n<td>Brillo (t\u00edp.) [cd\/m\u00b2]<\/td>\n<\/tr>\n<tr>\n<td>250<\/td>\n<\/tr>\n<tr>\n<td>Relaci\u00f3n de contraste (t\u00edp.)<\/td>\n<\/tr>\n<tr>\n<td>1300:1\u00b4<\/td>\n<\/tr>\n<tr>\n<td>Gama de colores (t\u00edp.)<\/td>\n<\/tr>\n<tr>\n<td>Srgb 99% (cie1931)<\/td>\n<\/tr>\n<tr>\n<td>Gama de colores (m\u00edn.)<\/td>\n<\/tr>\n<tr>\n<td>Srgb 90%<\/td>\n<\/tr>\n<tr>\n<td>Frecuencia de actualizaci\u00f3n (m\u00e1x.) [hz]<\/td>\n<\/tr>\n<tr>\n<td>100<\/td>\n<\/tr>\n<tr>\n<td>Brillo (m\u00edn.) [cd\/m\u00b2]<\/td>\n<\/tr>\n<tr>\n<td>200<\/td>\n<\/tr>\n<tr>\n<td>Relaci\u00f3n de contraste (m\u00edn.)<\/td>\n<\/tr>\n<tr>\n<td>910:1\u00b4<\/td>\n<\/tr>\n<tr>\n<td>Tama\u00f1o [cm]<\/td>\n<\/tr>\n<tr>\n<td>60.4<\/td>\n<\/tr>\n<tr>\n<td>Color bit<\/td>\n<\/tr>\n<tr>\n<td>8bit (6bit+frc)<\/td>\n<\/tr>\n<tr>\n<td>Tratamiento de superficies<\/td>\n<\/tr>\n<tr>\n<td>Antideslumbrante<\/td>\n<\/tr>\n<tr>\n<td>Conectividad<\/td>\n<\/tr>\n<tr>\n<td>Kvm integrado<\/td>\n<\/tr>\n<tr>\n<td>S\u00ed<\/td>\n<\/tr>\n<tr>\n<td>Hdmi<\/td>\n<\/tr>\n<tr>\n<td>S\u00ed (1ea)<\/td>\n<\/tr>\n<tr>\n<td>Cadena<\/td>\n<\/tr>\n<tr>\n<td>S\u00ed (fhd\/60hz)<\/td>\n<\/tr>\n<tr>\n<td>Displayport<\/td>\n<\/tr>\n<tr>\n<td>S\u00ed (entrada 1ea \/ salida 1ea)<\/td>\n<\/tr>\n<tr>\n<td>Versi\u00f3n dp<\/td>\n<\/tr>\n<tr>\n<td>1.4<\/td>\n<\/tr>\n<tr>\n<td>Usb-c<\/td>\n<\/tr>\n<tr>\n<td>S\u00ed (1ea)<\/td>\n<\/tr>\n<tr>\n<td>Salida de auriculares<\/td>\n<\/tr>\n<tr>\n<td>Salida de auriculares<\/td>\n<\/tr>\n<tr>\n<td>Puerto usb descendente<\/td>\n<\/tr>\n<tr>\n<td>4x usb3.2 gen1<\/td>\n<\/tr>\n<tr>\n<td>Puerto usb ascendente<\/td>\n<\/tr>\n<tr>\n<td>1x usb3.2 gen1<\/td>\n<\/tr>\n<tr>\n<td>Usb-c (transmisi\u00f3n de datos)<\/td>\n<\/tr>\n<tr>\n<td>S\u00ed<\/td>\n<\/tr>\n<tr>\n<td>Usb-c (resoluci\u00f3n m\u00e1x. en hz)<\/td>\n<\/tr>\n<tr>\n<td>1920&#215;1080 @100hz<\/td>\n<\/tr>\n<tr>\n<td>Usb-c (power delivery)<\/td>\n<\/tr>\n<tr>\n<td>65w<\/td>\n<\/tr>\n<tr>\n<td>Caracter\u00edsticas<\/td>\n<\/tr>\n<tr>\n<td>Debilidad del color<\/td>\n<\/tr>\n<tr>\n<td>S\u00ed<\/td>\n<\/tr>\n<tr>\n<td>Ahorro de energ\u00eda inteligente<\/td>\n<\/tr>\n<tr>\n<td>S\u00ed<\/td>\n<\/tr>\n<tr>\n<td>A prueba de parpadeos<\/td>\n<\/tr>\n<tr>\n<td>S\u00ed<\/td>\n<\/tr>\n<tr>\n<td>Sincronizaci\u00f3n de acci\u00f3n din\u00e1mica<\/td>\n<\/tr>\n<tr>\n<td>S\u00ed<\/td>\n<\/tr>\n<tr>\n<td>Estabilizador negro<\/td>\n<\/tr>\n<tr>\n<td>S\u00ed<\/td>\n<\/tr>\n<tr>\n<td>Modo lector<\/td>\n<\/tr>\n<tr>\n<td>S\u00ed<\/td>\n<\/tr>\n<tr>\n<td>Super resoluci\u00f3n+<\/td>\n<\/tr>\n<tr>\n<td>S\u00ed<\/td>\n<\/tr>\n<tr>\n<td>Auto input switch<\/td>\n<\/tr>\n<tr>\n<td>S\u00ed<\/td>\n<\/tr>\n<tr>\n<td>Mec\u00e1nico<\/td>\n<\/tr>\n<tr>\n<td>Ajustes de posici\u00f3n de la pantalla<\/td>\n<\/tr>\n<tr>\n<td>Inclinaci\u00f3n\/altura\/giratoria\/pivote<\/td>\n<\/tr>\n<tr>\n<td>Montaje en pared [mm]<\/td>\n<\/tr>\n<tr>\n<td>100 x 100<\/td>\n<\/tr>\n<tr>\n<td>Dise\u00f1o sin bordes<\/td>\n<\/tr>\n<tr>\n<td>Dise\u00f1o de 3 caras pr\u00e1cticamente sin bordes<\/td>\n<\/tr>\n<tr>\n<td>Soporte oneclick<\/td>\n<\/tr>\n<tr>\n<td>S\u00ed<\/td>\n<\/tr>\n<tr>\n<td>Sonido<\/td>\n<\/tr>\n<tr>\n<td>Altavoz<\/td>\n<\/tr>\n<tr>\n<td>2w x 2<\/td>\n<\/tr>\n<tr>\n<td>Dimensiones\/pesos<\/td>\n<\/tr>\n<tr>\n<td>Dimensiones en el env\u00edo (an x al x p) [mm]<\/td>\n<\/tr>\n<tr>\n<td>613 x 184 x 491<\/td>\n<\/tr>\n<tr>\n<td>Dimensiones con soporte (an x al x p) [mm]<\/td>\n<\/tr>\n<tr>\n<td>539.6 x 517.5 x 250<\/td>\n<\/tr>\n<tr>\n<td>Dimensiones sin soporte (an x al x p) [mm]<\/td>\n<\/tr>\n<tr>\n<td>539.6 x 323 x 50<\/td>\n<\/tr>\n<tr>\n<td>Peso en el env\u00edo [kg]<\/td>\n<\/tr>\n<tr>\n<td>8.3kg<\/td>\n<\/tr>\n<tr>\n<td>Peso con soporte [kg]<\/td>\n<\/tr>\n<tr>\n<td>6.6kg<\/td>\n<\/tr>\n<tr>\n<td>Peso sin soporte [kg]<\/td>\n<\/tr>\n<tr>\n<td>3.8kg<\/td>\n<\/tr>\n<tr>\n<td>Alimentaci\u00f3n<\/td>\n<\/tr>\n<tr>\n<td>Consumo de energ\u00eda (modo de reposo)<\/td>\n<\/tr>\n<tr>\n<td>Menos de 0.5w<\/td>\n<\/tr>\n<tr>\n<td>Consumo (dc off)<\/td>\n<\/tr>\n<tr>\n<td>Menos de 0.3w<\/td>\n<\/tr>\n<tr>\n<td>Entrada ca<\/td>\n<\/tr>\n<tr>\n<td>100~240v (50\/60hz)<\/td>\n<\/tr>\n<tr>\n<td>Tipo<\/td>\n<\/tr>\n<tr>\n<td>Integrada<\/td>\n<\/tr>\n<tr>\n<td>Accesorio<\/td>\n<\/tr>\n<tr>\n<td>Puerto de pantalla<\/td>\n<\/tr>\n<tr>\n<td>S\u00ed (negro\/1.8m)<\/td>\n<\/tr>\n<tr>\n<td>Otros (accesorios)<\/td>\n<\/tr>\n<tr>\n<td>Tornillo, soporte de cables<\/td>\n<\/tr>\n<tr>\n<td>Usb-c<\/td>\n<\/tr>\n<tr>\n<td>S\u00ed (negro\/1.8m)<\/td>\n<\/tr>\n<tr>\n<td>Cable de alimentaci\u00f3n<\/td>\n<\/tr>\n<tr>\n<td>S\u00ed (negro\/1.8m)<\/td>\n<\/tr>\n<tr>\n<td>Est\u00e1ndar<\/td>\n<\/tr>\n<tr>\n<td>Ce<\/td>\n<\/tr>\n<tr>\n<td>S\u00ed<\/td>\n<\/tr>\n<tr>\n<td>Ul (cul)<\/td>\n<\/tr>\n<tr>\n<td>S\u00ed<\/td>\n<\/tr>\n<\/table>\n","protected":false},"excerpt":{"rendered":"<p>Monitor full hd ips de 24 con usb type-c. 24ba650-b. Caracter\u00edsticas clave. Pantalla ips de 23,8 full hd (1920 x 1080 p\u00edxeles. Alimentaci\u00f3n y altavoces integrados. Tasa de actualizaci\u00f3n de 100 hz \/ app lg switch. Usb type-c\u0099 (pd 65w. Modo lector y parpadeo seguro. Soporte ajustable en inclinaci\u00f3n\/altura\/giro\/pivote (bidireccional. El monitor full hd (1920&#215;1080) de lg con tecnolog\u00eda ips ofrece un color claro y uniforme. Puede proporcionar una reproducci\u00f3n precisa del color y ayudar a los usuarios a ver la pantalla en un \u00e1ngulo amplio. Productividad. 24\u0094 full hd (1920&#215;1080) ips. Frecuencia de actualizaci\u00f3n de 100 hz. Cli (interfaz de l\u00ednea de comandos. Utilidad. Aplicaci\u00f3n lg switch. Energ\u00eda y altavoces integrados. Usb tipo-c\u0099 (pd 65w. Comodidad y confianza. Soporte ergon\u00f3mico. Modo lector y flicker safe. Epeat y energy star. Este monitor vers\u00e1til puede cubrir diversos trabajos en muchos lugares, como oficinas, instituciones p\u00fablicas y atenci\u00f3n al cliente, con una pantalla ips n\u00edtida y un dise\u00f1o de 3 caras pr\u00e1cticamente sin bordes. Al proporcionar alimentaci\u00f3n integrada, los puestos de trabajo pueden dise\u00f1arse con una disposici\u00f3n racionalizada y sin desorden. Esto permite aprovechar mejor el espacio y la organizaci\u00f3n, creando un entorno de trabajo m\u00e1s limpio y eficiente. El puerto usb tipo-c\u0099 permite desde la visualizaci\u00f3n y la transferencia de datos hasta la carga de dispositivos conectados (hasta 65 w), lo que permite la compatibilidad con tu laptop todo al mismo tiempo a trav\u00e9s de un solo cable. El 24ba650 ofrece una variedad de puertos, lo que resuelve el problema de la conectividad limitada para las personas que trabajan en el. Con sus m\u00faltiples puertos, puede conectar f\u00e1cilmente numerosos dispositivos para una configuraci\u00f3n eficiente del escritorio. Desp\u00eddase de la frustraci\u00f3n de quedarse sin puertos. El 24ba650 viene con bocinas integradas, eliminando la necesidad de de instalar altavoces adicionales al participar en conferencias web o ver v\u00eddeos. Una r\u00e1pida frecuencia de actualizaci\u00f3n de 100 hz proporciona una carga fluida en varios programas. Ayuda a reducir el tartamudeo de la pantalla y el desenfoque de movimiento, lo que aumenta la productividad en el trabajo. La aplicaci\u00f3n lg switch ayuda a optimizar el monitor para un entorno de trabajo eficiente. Puede dividir la pantalla en seis \u00e1reas, gestionar los horarios o iniciar una plataforma de videollamada con una tecla de acceso directo asignada sin esfuerzo. El 24ba650 admite opciones de ajuste de inclinaci\u00f3n, giro, pivote y altura para crear una estaci\u00f3n de trabajo c\u00f3moda para quienes pasan muchas horas delante de los monitores. Adem\u00e1s, nuestro soporte ergon\u00f3mico facilita la comunicaci\u00f3n con clientes o compa\u00f1eros al permitir un ajuste de altura hacia abajo. El modo lector ajusta la temperatura del color y la luminancia, lo que ayuda a disminuir la fatiga ocular y proporciona comodidad a los ojos mientras se leen documentos en un monitor. Flicker safe reduce el parpadeo invisible en la pantalla, lo que ayuda a reducir la fatiga ocular y proporciona un ambiente de trabajo c\u00f3modo durante largos per\u00edodos de tiempo. Los monitores profesionales lg ofrecen cli (command line interface), un software para la gesti\u00f3n eficiente de los dispositivos. Los responsables de it pueden actualizar el firmware y ajustar par\u00e1metros como el modo de v\u00eddeo, el brillo y el tiempo de respuesta por lotes a trav\u00e9s del programa servidor. Mejor vida para todos. 24ba650 cumple con m\u00faltiples est\u00e1ndares como energy star y epeat.<\/p>\n","protected":false},"featured_media":259965,"comment_status":"open","ping_status":"open","template":"","meta":[],"product_cat":[1740,1741],"product_tag":[1687],"acf":[],"yoast_head":"<!-- This site is optimized with the Yoast SEO plugin v21.7 - https:\/\/yoast.com\/wordpress\/plugins\/seo\/ -->\n<title>[ Lg ] &#129351; 24ba650 Monitor Pc B2b -b Fhd 24 Ips,1920x1080,100hz,altavoz 2wx2,tr 5ms,brillo 250cd\/m2,16:9,srgb 99%,1300:1,kvm,hdmi,displayport,usb-c,inclinacion-altura-giro-pivote,vesa 100x100mm.<\/title>\n<meta name=\"description\" content=\"Compra 24ba650 Monitor Pc B2b -b Fhd 24 Ips,1920x1080,100hz,altavoz 2wx2,tr 5ms,brillo 250cd\/m2,16:9,srgb 99%,1300:1,kvm,hdmi,displayport,usb-c,inclinacion-altura-giro-pivote,vesa 100x100mm. + Env\u00edo a domicilio + Pago seguro + Garant\u00eda\" \/>\n<meta name=\"robots\" content=\"index, follow, max-snippet:-1, max-image-preview:large, max-video-preview:-1\" \/>\n<link rel=\"canonical\" href=\"https:\/\/compuviper.mx\/tienda\/producto\/lg-24ba650-monitor-pc-b2b-b-fhd-24-ips1920x1080100hzaltavoz-2wx2tr-5msbrillo-250cd-m2169srgb-9913001kvmhdmidisplayportusb-cinclinacion-altura-giro-pivotevesa-100x100mm\/\" \/>\n<meta property=\"og:locale\" content=\"es_MX\" \/>\n<meta property=\"og:type\" content=\"article\" \/>\n<meta property=\"og:title\" content=\"[ Lg ] &#129351; 24ba650 Monitor Pc B2b -b Fhd 24 Ips,1920x1080,100hz,altavoz 2wx2,tr 5ms,brillo 250cd\/m2,16:9,srgb 99%,1300:1,kvm,hdmi,displayport,usb-c,inclinacion-altura-giro-pivote,vesa 100x100mm.\" \/>\n<meta property=\"og:description\" content=\"Compra 24ba650 Monitor Pc B2b -b Fhd 24 Ips,1920x1080,100hz,altavoz 2wx2,tr 5ms,brillo 250cd\/m2,16:9,srgb 99%,1300:1,kvm,hdmi,displayport,usb-c,inclinacion-altura-giro-pivote,vesa 100x100mm. + Env\u00edo a domicilio + Pago seguro + Garant\u00eda\" \/>\n<meta property=\"og:url\" content=\"https:\/\/compuviper.mx\/tienda\/producto\/lg-24ba650-monitor-pc-b2b-b-fhd-24-ips1920x1080100hzaltavoz-2wx2tr-5msbrillo-250cd-m2169srgb-9913001kvmhdmidisplayportusb-cinclinacion-altura-giro-pivotevesa-100x100mm\/\" \/>\n<meta property=\"og:site_name\" content=\"Compuviper\" \/>\n<meta property=\"article:publisher\" content=\"https:\/\/www.facebook.com\/compuviper\" \/>\n<meta property=\"og:image\" content=\"https:\/\/compuviper.mx\/tienda\/wp-content\/uploads\/2025\/10\/Monitor-pc-lg-b2b-24ba650-b-fhd-24-ips1920x1080100hzaltavoz-2wx2tr-5msbrillo-250cdm2169srgb-9913001kvmhdmidisplayportusb-cinclinacion-altura-giro-pivotevesa-100x100mm.jpg\" \/>\n\t<meta property=\"og:image:width\" content=\"200\" \/>\n\t<meta property=\"og:image:height\" content=\"200\" \/>\n\t<meta property=\"og:image:type\" content=\"image\/jpeg\" \/>\n<meta name=\"twitter:card\" content=\"summary_large_image\" \/>\n<meta name=\"twitter:label1\" content=\"Precio\" \/>\n\t<meta name=\"twitter:data1\" content=\"&#36;4,351 con IVA\" \/>\n\t<meta name=\"twitter:label2\" content=\"Availability\" \/>\n\t<meta name=\"twitter:data2\" content=\"On backorder\" \/>\n<script type=\"application\/ld+json\" class=\"yoast-schema-graph\">{\"@context\":\"https:\/\/schema.org\",\"@graph\":[{\"@type\":\"WebPage\",\"@id\":\"https:\/\/compuviper.mx\/tienda\/producto\/lg-24ba650-monitor-pc-b2b-b-fhd-24-ips1920x1080100hzaltavoz-2wx2tr-5msbrillo-250cd-m2169srgb-9913001kvmhdmidisplayportusb-cinclinacion-altura-giro-pivotevesa-100x100mm\/\",\"url\":\"https:\/\/compuviper.mx\/tienda\/producto\/lg-24ba650-monitor-pc-b2b-b-fhd-24-ips1920x1080100hzaltavoz-2wx2tr-5msbrillo-250cd-m2169srgb-9913001kvmhdmidisplayportusb-cinclinacion-altura-giro-pivotevesa-100x100mm\/\",\"name\":\"[ Lg ] &#129351; 24ba650 Monitor Pc B2b -b Fhd 24 Ips,1920x1080,100hz,altavoz 2wx2,tr 5ms,brillo 250cd\/m2,16:9,srgb 99%,1300:1,kvm,hdmi,displayport,usb-c,inclinacion-altura-giro-pivote,vesa 100x100mm.\",\"isPartOf\":{\"@id\":\"https:\/\/compuviper.mx\/tienda\/#website\"},\"datePublished\":\"2026-04-02T06:51:13+00:00\",\"dateModified\":\"2026-04-02T06:51:13+00:00\",\"description\":\"Compra 24ba650 Monitor Pc B2b -b Fhd 24 Ips,1920x1080,100hz,altavoz 2wx2,tr 5ms,brillo 250cd\/m2,16:9,srgb 99%,1300:1,kvm,hdmi,displayport,usb-c,inclinacion-altura-giro-pivote,vesa 100x100mm. + Env\u00edo a domicilio + Pago seguro + Garant\u00eda\",\"breadcrumb\":{\"@id\":\"https:\/\/compuviper.mx\/tienda\/producto\/lg-24ba650-monitor-pc-b2b-b-fhd-24-ips1920x1080100hzaltavoz-2wx2tr-5msbrillo-250cd-m2169srgb-9913001kvmhdmidisplayportusb-cinclinacion-altura-giro-pivotevesa-100x100mm\/#breadcrumb\"},\"inLanguage\":\"es-MX\",\"potentialAction\":[{\"@type\":\"ReadAction\",\"target\":[\"https:\/\/compuviper.mx\/tienda\/producto\/lg-24ba650-monitor-pc-b2b-b-fhd-24-ips1920x1080100hzaltavoz-2wx2tr-5msbrillo-250cd-m2169srgb-9913001kvmhdmidisplayportusb-cinclinacion-altura-giro-pivotevesa-100x100mm\/\"]}]},{\"@type\":\"BreadcrumbList\",\"@id\":\"https:\/\/compuviper.mx\/tienda\/producto\/lg-24ba650-monitor-pc-b2b-b-fhd-24-ips1920x1080100hzaltavoz-2wx2tr-5msbrillo-250cd-m2169srgb-9913001kvmhdmidisplayportusb-cinclinacion-altura-giro-pivotevesa-100x100mm\/#breadcrumb\",\"itemListElement\":[{\"@type\":\"ListItem\",\"position\":1,\"name\":\"Inicio\",\"item\":\"https:\/\/compuviper.mx\/tienda\/\"},{\"@type\":\"ListItem\",\"position\":2,\"name\":\"Productos\",\"item\":\"https:\/\/compuviper.mx\/tienda\/productos\/\"},{\"@type\":\"ListItem\",\"position\":3,\"name\":\"Monitores\",\"item\":\"https:\/\/compuviper.mx\/tienda\/categoria-producto\/monitores\/\"},{\"@type\":\"ListItem\",\"position\":4,\"name\":\"Led\",\"item\":\"https:\/\/compuviper.mx\/tienda\/categoria-producto\/monitores\/led\/\"},{\"@type\":\"ListItem\",\"position\":5,\"name\":\"Lg 24ba650 Monitor Pc B2b -b Fhd 24 Ips,1920&#215;1080,100hz,altavoz 2wx2,tr 5ms,brillo 250cd\/m2,16:9,srgb 99%,1300:1,kvm,hdmi,displayport,usb-c,inclinacion-altura-giro-pivote,vesa 100x100mm.\"}]},{\"@type\":\"WebSite\",\"@id\":\"https:\/\/compuviper.mx\/tienda\/#website\",\"url\":\"https:\/\/compuviper.mx\/tienda\/\",\"name\":\"Compuviper\",\"description\":\"Proveedor de Computadoras, Laptops, Servidores, Monitores, Puntos de Venta, Teclados,   Impresoras, T\u00f3ner, C\u00e1maras de Seguridad y m\u00e1s en tu tienda en l\u00ednea\",\"publisher\":{\"@id\":\"https:\/\/compuviper.mx\/tienda\/#organization\"},\"potentialAction\":[{\"@type\":\"SearchAction\",\"target\":{\"@type\":\"EntryPoint\",\"urlTemplate\":\"https:\/\/compuviper.mx\/tienda\/?s={search_term_string}\"},\"query-input\":\"required name=search_term_string\"}],\"inLanguage\":\"es-MX\"},{\"@type\":\"Organization\",\"@id\":\"https:\/\/compuviper.mx\/tienda\/#organization\",\"name\":\"Compuviper\",\"url\":\"https:\/\/compuviper.mx\/tienda\/\",\"logo\":{\"@type\":\"ImageObject\",\"inLanguage\":\"es-MX\",\"@id\":\"https:\/\/compuviper.mx\/tienda\/#\/schema\/logo\/image\/\",\"url\":\"https:\/\/compuviper.mx\/tienda\/wp-content\/uploads\/2021\/08\/Logo-Compuviper-10.png\",\"contentUrl\":\"https:\/\/compuviper.mx\/tienda\/wp-content\/uploads\/2021\/08\/Logo-Compuviper-10.png\",\"width\":1000,\"height\":500,\"caption\":\"Compuviper\"},\"image\":{\"@id\":\"https:\/\/compuviper.mx\/tienda\/#\/schema\/logo\/image\/\"},\"sameAs\":[\"https:\/\/www.facebook.com\/compuviper\",\"https:\/\/www.youtube.com\/channel\/UCf73dERp9Y3cfOq7q8BhLjA?view_as=subscriber\"]}]}<\/script>\n<meta property=\"product:brand\" content=\"LG\" \/>\n<meta property=\"product:price:amount\" content=\"4351\" \/>\n<meta property=\"product:price:currency\" content=\"MXN\" \/>\n<meta property=\"og:availability\" content=\"backorder\" \/>\n<meta property=\"product:availability\" content=\"available for order\" \/>\n<meta property=\"product:retailer_item_id\" content=\"24BA650\" \/>\n<meta property=\"product:condition\" content=\"new\" \/>\n<!-- \/ Yoast SEO plugin. -->","yoast_head_json":{"title":"[ Lg ] &#129351; 24ba650 Monitor Pc B2b -b Fhd 24 Ips,1920x1080,100hz,altavoz 2wx2,tr 5ms,brillo 250cd\/m2,16:9,srgb 99%,1300:1,kvm,hdmi,displayport,usb-c,inclinacion-altura-giro-pivote,vesa 100x100mm.","description":"Compra 24ba650 Monitor Pc B2b -b Fhd 24 Ips,1920x1080,100hz,altavoz 2wx2,tr 5ms,brillo 250cd\/m2,16:9,srgb 99%,1300:1,kvm,hdmi,displayport,usb-c,inclinacion-altura-giro-pivote,vesa 100x100mm. + Env\u00edo a domicilio + Pago seguro + Garant\u00eda","robots":{"index":"index","follow":"follow","max-snippet":"max-snippet:-1","max-image-preview":"max-image-preview:large","max-video-preview":"max-video-preview:-1"},"canonical":"https:\/\/compuviper.mx\/tienda\/producto\/lg-24ba650-monitor-pc-b2b-b-fhd-24-ips1920x1080100hzaltavoz-2wx2tr-5msbrillo-250cd-m2169srgb-9913001kvmhdmidisplayportusb-cinclinacion-altura-giro-pivotevesa-100x100mm\/","og_locale":"es_MX","og_type":"article","og_title":"[ Lg ] &#129351; 24ba650 Monitor Pc B2b -b Fhd 24 Ips,1920x1080,100hz,altavoz 2wx2,tr 5ms,brillo 250cd\/m2,16:9,srgb 99%,1300:1,kvm,hdmi,displayport,usb-c,inclinacion-altura-giro-pivote,vesa 100x100mm.","og_description":"Compra 24ba650 Monitor Pc B2b -b Fhd 24 Ips,1920x1080,100hz,altavoz 2wx2,tr 5ms,brillo 250cd\/m2,16:9,srgb 99%,1300:1,kvm,hdmi,displayport,usb-c,inclinacion-altura-giro-pivote,vesa 100x100mm. + Env\u00edo a domicilio + Pago seguro + Garant\u00eda","og_url":"https:\/\/compuviper.mx\/tienda\/producto\/lg-24ba650-monitor-pc-b2b-b-fhd-24-ips1920x1080100hzaltavoz-2wx2tr-5msbrillo-250cd-m2169srgb-9913001kvmhdmidisplayportusb-cinclinacion-altura-giro-pivotevesa-100x100mm\/","og_site_name":"Compuviper","article_publisher":"https:\/\/www.facebook.com\/compuviper","og_image":[{"width":200,"height":200,"url":"https:\/\/compuviper.mx\/tienda\/wp-content\/uploads\/2025\/10\/Monitor-pc-lg-b2b-24ba650-b-fhd-24-ips1920x1080100hzaltavoz-2wx2tr-5msbrillo-250cdm2169srgb-9913001kvmhdmidisplayportusb-cinclinacion-altura-giro-pivotevesa-100x100mm.jpg","type":"image\/jpeg"}],"twitter_card":"summary_large_image","twitter_misc":{"Precio":"&#36;4,351 con IVA","Availability":"On backorder"},"schema":{"@context":"https:\/\/schema.org","@graph":[{"@type":"WebPage","@id":"https:\/\/compuviper.mx\/tienda\/producto\/lg-24ba650-monitor-pc-b2b-b-fhd-24-ips1920x1080100hzaltavoz-2wx2tr-5msbrillo-250cd-m2169srgb-9913001kvmhdmidisplayportusb-cinclinacion-altura-giro-pivotevesa-100x100mm\/","url":"https:\/\/compuviper.mx\/tienda\/producto\/lg-24ba650-monitor-pc-b2b-b-fhd-24-ips1920x1080100hzaltavoz-2wx2tr-5msbrillo-250cd-m2169srgb-9913001kvmhdmidisplayportusb-cinclinacion-altura-giro-pivotevesa-100x100mm\/","name":"[ Lg ] &#129351; 24ba650 Monitor Pc B2b -b Fhd 24 Ips,1920x1080,100hz,altavoz 2wx2,tr 5ms,brillo 250cd\/m2,16:9,srgb 99%,1300:1,kvm,hdmi,displayport,usb-c,inclinacion-altura-giro-pivote,vesa 100x100mm.","isPartOf":{"@id":"https:\/\/compuviper.mx\/tienda\/#website"},"datePublished":"2026-04-02T06:51:13+00:00","dateModified":"2026-04-02T06:51:13+00:00","description":"Compra 24ba650 Monitor Pc B2b -b Fhd 24 Ips,1920x1080,100hz,altavoz 2wx2,tr 5ms,brillo 250cd\/m2,16:9,srgb 99%,1300:1,kvm,hdmi,displayport,usb-c,inclinacion-altura-giro-pivote,vesa 100x100mm. + Env\u00edo a domicilio + Pago seguro + Garant\u00eda","breadcrumb":{"@id":"https:\/\/compuviper.mx\/tienda\/producto\/lg-24ba650-monitor-pc-b2b-b-fhd-24-ips1920x1080100hzaltavoz-2wx2tr-5msbrillo-250cd-m2169srgb-9913001kvmhdmidisplayportusb-cinclinacion-altura-giro-pivotevesa-100x100mm\/#breadcrumb"},"inLanguage":"es-MX","potentialAction":[{"@type":"ReadAction","target":["https:\/\/compuviper.mx\/tienda\/producto\/lg-24ba650-monitor-pc-b2b-b-fhd-24-ips1920x1080100hzaltavoz-2wx2tr-5msbrillo-250cd-m2169srgb-9913001kvmhdmidisplayportusb-cinclinacion-altura-giro-pivotevesa-100x100mm\/"]}]},{"@type":"BreadcrumbList","@id":"https:\/\/compuviper.mx\/tienda\/producto\/lg-24ba650-monitor-pc-b2b-b-fhd-24-ips1920x1080100hzaltavoz-2wx2tr-5msbrillo-250cd-m2169srgb-9913001kvmhdmidisplayportusb-cinclinacion-altura-giro-pivotevesa-100x100mm\/#breadcrumb","itemListElement":[{"@type":"ListItem","position":1,"name":"Inicio","item":"https:\/\/compuviper.mx\/tienda\/"},{"@type":"ListItem","position":2,"name":"Productos","item":"https:\/\/compuviper.mx\/tienda\/productos\/"},{"@type":"ListItem","position":3,"name":"Monitores","item":"https:\/\/compuviper.mx\/tienda\/categoria-producto\/monitores\/"},{"@type":"ListItem","position":4,"name":"Led","item":"https:\/\/compuviper.mx\/tienda\/categoria-producto\/monitores\/led\/"},{"@type":"ListItem","position":5,"name":"Lg 24ba650 Monitor Pc B2b -b Fhd 24 Ips,1920&#215;1080,100hz,altavoz 2wx2,tr 5ms,brillo 250cd\/m2,16:9,srgb 99%,1300:1,kvm,hdmi,displayport,usb-c,inclinacion-altura-giro-pivote,vesa 100x100mm."}]},{"@type":"WebSite","@id":"https:\/\/compuviper.mx\/tienda\/#website","url":"https:\/\/compuviper.mx\/tienda\/","name":"Compuviper","description":"Proveedor de Computadoras, Laptops, Servidores, Monitores, Puntos de Venta, Teclados,   Impresoras, T\u00f3ner, C\u00e1maras de Seguridad y m\u00e1s en tu tienda en l\u00ednea","publisher":{"@id":"https:\/\/compuviper.mx\/tienda\/#organization"},"potentialAction":[{"@type":"SearchAction","target":{"@type":"EntryPoint","urlTemplate":"https:\/\/compuviper.mx\/tienda\/?s={search_term_string}"},"query-input":"required name=search_term_string"}],"inLanguage":"es-MX"},{"@type":"Organization","@id":"https:\/\/compuviper.mx\/tienda\/#organization","name":"Compuviper","url":"https:\/\/compuviper.mx\/tienda\/","logo":{"@type":"ImageObject","inLanguage":"es-MX","@id":"https:\/\/compuviper.mx\/tienda\/#\/schema\/logo\/image\/","url":"https:\/\/compuviper.mx\/tienda\/wp-content\/uploads\/2021\/08\/Logo-Compuviper-10.png","contentUrl":"https:\/\/compuviper.mx\/tienda\/wp-content\/uploads\/2021\/08\/Logo-Compuviper-10.png","width":1000,"height":500,"caption":"Compuviper"},"image":{"@id":"https:\/\/compuviper.mx\/tienda\/#\/schema\/logo\/image\/"},"sameAs":["https:\/\/www.facebook.com\/compuviper","https:\/\/www.youtube.com\/channel\/UCf73dERp9Y3cfOq7q8BhLjA?view_as=subscriber"]}]},"product_brand":"LG","product_price_amount":"4351","product_price_currency":"MXN","og_availability":"backorder","product_availability":"available for order","product_retailer_item_id":"24BA650","product_condition":"new"},"_links":{"self":[{"href":"https:\/\/compuviper.mx\/tienda\/wp-json\/wp\/v2\/product\/255134"}],"collection":[{"href":"https:\/\/compuviper.mx\/tienda\/wp-json\/wp\/v2\/product"}],"about":[{"href":"https:\/\/compuviper.mx\/tienda\/wp-json\/wp\/v2\/types\/product"}],"replies":[{"embeddable":true,"href":"https:\/\/compuviper.mx\/tienda\/wp-json\/wp\/v2\/comments?post=255134"}],"wp:featuredmedia":[{"embeddable":true,"href":"https:\/\/compuviper.mx\/tienda\/wp-json\/wp\/v2\/media\/259965"}],"wp:attachment":[{"href":"https:\/\/compuviper.mx\/tienda\/wp-json\/wp\/v2\/media?parent=255134"}],"wp:term":[{"taxonomy":"product_cat","embeddable":true,"href":"https:\/\/compuviper.mx\/tienda\/wp-json\/wp\/v2\/product_cat?post=255134"},{"taxonomy":"product_tag","embeddable":true,"href":"https:\/\/compuviper.mx\/tienda\/wp-json\/wp\/v2\/product_tag?post=255134"}],"curies":[{"name":"wp","href":"https:\/\/api.w.org\/{rel}","templated":true}]}}