{"id":255115,"date":"2026-04-09T02:13:25","date_gmt":"2026-04-09T08:13:25","guid":{"rendered":"https:\/\/compuviper.mx\/tienda\/producto\/perfect-choice-pc-117278-diadema-inalambrica-bluetooth-enc-cancelacion-de-ruido-42-horas-de-uso-noctune\/"},"modified":"2026-04-09T02:13:26","modified_gmt":"2026-04-09T08:13:26","slug":"perfect-choice-pc-117278-diadema-inalambrica-bluetooth-enc-cancelacion-de-ruido-42-horas-de-uso-noctune","status":"publish","type":"product","link":"https:\/\/compuviper.mx\/tienda\/producto\/perfect-choice-pc-117278-diadema-inalambrica-bluetooth-enc-cancelacion-de-ruido-42-horas-de-uso-noctune\/","title":{"rendered":"Perfect Choice Pc-117278 Diadema Inalambrica Bluetooth, Enc Cancelacion De Ruido. 42 Horas De Uso, Noctune"},"content":{"rendered":"<table class=\"descripcion\">\n<tr>\n<td>Especificaciones t\u00e9cnicas<\/td>\n<\/tr>\n<tr>\n<td>\u0095 alimentaci\u00f3n: 5vcc 1a<\/td>\n<\/tr>\n<tr>\n<td>\u0095 transmisi\u00f3n: inal\u00e1mbrica bluetooth 5.3<\/td>\n<\/tr>\n<tr>\n<td>\u0095 distancia de operaci\u00f3n: 10-15m<\/td>\n<\/tr>\n<tr>\n<td>\u0095 perfiles bluetooth: hfp a2dp hsp avrcp<\/td>\n<\/tr>\n<tr>\n<td>\u0095 bater\u00eda interna: 300mah<\/td>\n<\/tr>\n<tr>\n<td>\u0095 tiempo de uso: 33h conversaci\u00f3n y 42h m\u00fasica<\/td>\n<\/tr>\n<tr>\n<td>\u0095 chipset: ac7003f<\/td>\n<\/tr>\n<tr>\n<td>\u0095 protecci\u00f3n ipx6<\/td>\n<\/tr>\n<tr>\n<td>\u0095 tama\u00f1o de cono: 40mm<\/td>\n<\/tr>\n<tr>\n<td>\u0095 material de almohadilla: poliuretano<\/td>\n<\/tr>\n<tr>\n<td>Contenido del empaque<\/td>\n<\/tr>\n<tr>\n<td>\u0095 1 diadema<\/td>\n<\/tr>\n<tr>\n<td>\u0095 1 cable de carga<\/td>\n<\/tr>\n<tr>\n<td>\u0095 1 gu\u00eda de usuario<\/td>\n<\/tr>\n<\/table>\n","protected":false},"excerpt":{"rendered":"<p>Lleva siempre la mejor conexi\u00f3n con bluetooth. Para una experiencia sin interrupciones. Disfruta de un. Sonido est\u00e9reo de alta calidad con cancelaci\u00f3n de ruido. Que te sumerge en cada detalle. Su dise\u00f1o ultraligero. Garantiza comodidad absoluta, incluso en sesiones. Prolongadas. Con una incre\u00edble autonom\u00eda de hasta 42. Horas, es la compa\u00f1era perfecta para el trabajo, el gaming. O el entretenimiento sin l\u00edmites.<\/p>\n","protected":false},"featured_media":260920,"comment_status":"open","ping_status":"open","template":"","meta":[],"product_cat":[1552,1553],"product_tag":[1513],"acf":[],"yoast_head":"<!-- This site is optimized with the Yoast SEO plugin v21.7 - https:\/\/yoast.com\/wordpress\/plugins\/seo\/ -->\n<title>[ Perfect Choice ] &#129351; Pc-117278 Diadema Inalambrica Bluetooth, Enc Cancelacion De Ruido. 42 Horas De Uso, Noctune<\/title>\n<meta name=\"description\" content=\"Compra Pc-117278 Diadema Inalambrica Bluetooth, Enc Cancelacion De Ruido. 42 Horas De Uso, Noctune + Env\u00edo a domicilio + Pago seguro + Garant\u00eda\" \/>\n<meta name=\"robots\" content=\"index, follow, max-snippet:-1, max-image-preview:large, max-video-preview:-1\" \/>\n<link rel=\"canonical\" href=\"https:\/\/compuviper.mx\/tienda\/producto\/perfect-choice-pc-117278-diadema-inalambrica-bluetooth-enc-cancelacion-de-ruido-42-horas-de-uso-noctune\/\" \/>\n<meta property=\"og:locale\" content=\"es_MX\" \/>\n<meta property=\"og:type\" content=\"article\" \/>\n<meta property=\"og:title\" content=\"[ Perfect Choice ] &#129351; Pc-117278 Diadema Inalambrica Bluetooth, Enc Cancelacion De Ruido. 42 Horas De Uso, Noctune\" \/>\n<meta property=\"og:description\" content=\"Compra Pc-117278 Diadema Inalambrica Bluetooth, Enc Cancelacion De Ruido. 42 Horas De Uso, Noctune + Env\u00edo a domicilio + Pago seguro + Garant\u00eda\" \/>\n<meta property=\"og:url\" content=\"https:\/\/compuviper.mx\/tienda\/producto\/perfect-choice-pc-117278-diadema-inalambrica-bluetooth-enc-cancelacion-de-ruido-42-horas-de-uso-noctune\/\" \/>\n<meta property=\"og:site_name\" content=\"Compuviper\" \/>\n<meta property=\"article:publisher\" content=\"https:\/\/www.facebook.com\/compuviper\" \/>\n<meta property=\"article:modified_time\" content=\"2026-04-09T08:13:26+00:00\" \/>\n<meta property=\"og:image\" content=\"https:\/\/compuviper.mx\/tienda\/wp-content\/uploads\/2025\/10\/Diadema-inalambrica-bluetooth-enc-cancelacion-de-ruido.-42-horas-de-uso-noctune-perfect-choice.jpg\" \/>\n\t<meta property=\"og:image:width\" content=\"200\" \/>\n\t<meta property=\"og:image:height\" content=\"200\" \/>\n\t<meta property=\"og:image:type\" content=\"image\/jpeg\" \/>\n<meta name=\"twitter:card\" content=\"summary_large_image\" \/>\n<meta name=\"twitter:label1\" content=\"Precio\" \/>\n\t<meta name=\"twitter:data1\" content=\"&#36;544 &#36;544 con IVA\" \/>\n\t<meta name=\"twitter:label2\" content=\"Availability\" \/>\n\t<meta name=\"twitter:data2\" content=\"In stock\" \/>\n<script type=\"application\/ld+json\" class=\"yoast-schema-graph\">{\"@context\":\"https:\/\/schema.org\",\"@graph\":[{\"@type\":\"WebPage\",\"@id\":\"https:\/\/compuviper.mx\/tienda\/producto\/perfect-choice-pc-117278-diadema-inalambrica-bluetooth-enc-cancelacion-de-ruido-42-horas-de-uso-noctune\/\",\"url\":\"https:\/\/compuviper.mx\/tienda\/producto\/perfect-choice-pc-117278-diadema-inalambrica-bluetooth-enc-cancelacion-de-ruido-42-horas-de-uso-noctune\/\",\"name\":\"[ Perfect Choice ] &#129351; Pc-117278 Diadema Inalambrica Bluetooth, Enc Cancelacion De Ruido. 42 Horas De Uso, Noctune\",\"isPartOf\":{\"@id\":\"https:\/\/compuviper.mx\/tienda\/#website\"},\"datePublished\":\"2026-04-09T08:13:25+00:00\",\"dateModified\":\"2026-04-09T08:13:26+00:00\",\"description\":\"Compra Pc-117278 Diadema Inalambrica Bluetooth, Enc Cancelacion De Ruido. 42 Horas De Uso, Noctune + Env\u00edo a domicilio + Pago seguro + Garant\u00eda\",\"breadcrumb\":{\"@id\":\"https:\/\/compuviper.mx\/tienda\/producto\/perfect-choice-pc-117278-diadema-inalambrica-bluetooth-enc-cancelacion-de-ruido-42-horas-de-uso-noctune\/#breadcrumb\"},\"inLanguage\":\"es-MX\",\"potentialAction\":[{\"@type\":\"ReadAction\",\"target\":[\"https:\/\/compuviper.mx\/tienda\/producto\/perfect-choice-pc-117278-diadema-inalambrica-bluetooth-enc-cancelacion-de-ruido-42-horas-de-uso-noctune\/\"]}]},{\"@type\":\"BreadcrumbList\",\"@id\":\"https:\/\/compuviper.mx\/tienda\/producto\/perfect-choice-pc-117278-diadema-inalambrica-bluetooth-enc-cancelacion-de-ruido-42-horas-de-uso-noctune\/#breadcrumb\",\"itemListElement\":[{\"@type\":\"ListItem\",\"position\":1,\"name\":\"Inicio\",\"item\":\"https:\/\/compuviper.mx\/tienda\/\"},{\"@type\":\"ListItem\",\"position\":2,\"name\":\"Productos\",\"item\":\"https:\/\/compuviper.mx\/tienda\/productos\/\"},{\"@type\":\"ListItem\",\"position\":3,\"name\":\"Audifonos Y Micro\",\"item\":\"https:\/\/compuviper.mx\/tienda\/categoria-producto\/audifonos-y-micro\/\"},{\"@type\":\"ListItem\",\"position\":4,\"name\":\"Audifono\",\"item\":\"https:\/\/compuviper.mx\/tienda\/categoria-producto\/audifonos-y-micro\/audifono\/\"},{\"@type\":\"ListItem\",\"position\":5,\"name\":\"Perfect Choice Pc-117278 Diadema Inalambrica Bluetooth, Enc Cancelacion De Ruido. 42 Horas De Uso, Noctune\"}]},{\"@type\":\"WebSite\",\"@id\":\"https:\/\/compuviper.mx\/tienda\/#website\",\"url\":\"https:\/\/compuviper.mx\/tienda\/\",\"name\":\"Compuviper\",\"description\":\"Proveedor de Computadoras, Laptops, Servidores, Monitores, Puntos de Venta, Teclados,   Impresoras, T\u00f3ner, C\u00e1maras de Seguridad y m\u00e1s en tu tienda en l\u00ednea\",\"publisher\":{\"@id\":\"https:\/\/compuviper.mx\/tienda\/#organization\"},\"potentialAction\":[{\"@type\":\"SearchAction\",\"target\":{\"@type\":\"EntryPoint\",\"urlTemplate\":\"https:\/\/compuviper.mx\/tienda\/?s={search_term_string}\"},\"query-input\":\"required name=search_term_string\"}],\"inLanguage\":\"es-MX\"},{\"@type\":\"Organization\",\"@id\":\"https:\/\/compuviper.mx\/tienda\/#organization\",\"name\":\"Compuviper\",\"url\":\"https:\/\/compuviper.mx\/tienda\/\",\"logo\":{\"@type\":\"ImageObject\",\"inLanguage\":\"es-MX\",\"@id\":\"https:\/\/compuviper.mx\/tienda\/#\/schema\/logo\/image\/\",\"url\":\"https:\/\/compuviper.mx\/tienda\/wp-content\/uploads\/2021\/08\/Logo-Compuviper-10.png\",\"contentUrl\":\"https:\/\/compuviper.mx\/tienda\/wp-content\/uploads\/2021\/08\/Logo-Compuviper-10.png\",\"width\":1000,\"height\":500,\"caption\":\"Compuviper\"},\"image\":{\"@id\":\"https:\/\/compuviper.mx\/tienda\/#\/schema\/logo\/image\/\"},\"sameAs\":[\"https:\/\/www.facebook.com\/compuviper\",\"https:\/\/www.youtube.com\/channel\/UCf73dERp9Y3cfOq7q8BhLjA?view_as=subscriber\"]}]}<\/script>\n<meta property=\"product:brand\" content=\"PERFECT CHOICE\" \/>\n<meta property=\"product:price:amount\" content=\"544\" \/>\n<meta property=\"product:price:currency\" content=\"MXN\" \/>\n<meta property=\"og:availability\" content=\"instock\" \/>\n<meta property=\"product:availability\" content=\"instock\" \/>\n<meta property=\"product:retailer_item_id\" content=\"PC-117278\" \/>\n<meta property=\"product:condition\" content=\"new\" \/>\n<!-- \/ Yoast SEO plugin. -->","yoast_head_json":{"title":"[ Perfect Choice ] &#129351; Pc-117278 Diadema Inalambrica Bluetooth, Enc Cancelacion De Ruido. 42 Horas De Uso, Noctune","description":"Compra Pc-117278 Diadema Inalambrica Bluetooth, Enc Cancelacion De Ruido. 42 Horas De Uso, Noctune + Env\u00edo a domicilio + Pago seguro + Garant\u00eda","robots":{"index":"index","follow":"follow","max-snippet":"max-snippet:-1","max-image-preview":"max-image-preview:large","max-video-preview":"max-video-preview:-1"},"canonical":"https:\/\/compuviper.mx\/tienda\/producto\/perfect-choice-pc-117278-diadema-inalambrica-bluetooth-enc-cancelacion-de-ruido-42-horas-de-uso-noctune\/","og_locale":"es_MX","og_type":"article","og_title":"[ Perfect Choice ] &#129351; Pc-117278 Diadema Inalambrica Bluetooth, Enc Cancelacion De Ruido. 42 Horas De Uso, Noctune","og_description":"Compra Pc-117278 Diadema Inalambrica Bluetooth, Enc Cancelacion De Ruido. 42 Horas De Uso, Noctune + Env\u00edo a domicilio + Pago seguro + Garant\u00eda","og_url":"https:\/\/compuviper.mx\/tienda\/producto\/perfect-choice-pc-117278-diadema-inalambrica-bluetooth-enc-cancelacion-de-ruido-42-horas-de-uso-noctune\/","og_site_name":"Compuviper","article_publisher":"https:\/\/www.facebook.com\/compuviper","article_modified_time":"2026-04-09T08:13:26+00:00","og_image":[{"width":200,"height":200,"url":"https:\/\/compuviper.mx\/tienda\/wp-content\/uploads\/2025\/10\/Diadema-inalambrica-bluetooth-enc-cancelacion-de-ruido.-42-horas-de-uso-noctune-perfect-choice.jpg","type":"image\/jpeg"}],"twitter_card":"summary_large_image","twitter_misc":{"Precio":"&#36;544 &#36;544 con IVA","Availability":"In stock"},"schema":{"@context":"https:\/\/schema.org","@graph":[{"@type":"WebPage","@id":"https:\/\/compuviper.mx\/tienda\/producto\/perfect-choice-pc-117278-diadema-inalambrica-bluetooth-enc-cancelacion-de-ruido-42-horas-de-uso-noctune\/","url":"https:\/\/compuviper.mx\/tienda\/producto\/perfect-choice-pc-117278-diadema-inalambrica-bluetooth-enc-cancelacion-de-ruido-42-horas-de-uso-noctune\/","name":"[ Perfect Choice ] &#129351; Pc-117278 Diadema Inalambrica Bluetooth, Enc Cancelacion De Ruido. 42 Horas De Uso, Noctune","isPartOf":{"@id":"https:\/\/compuviper.mx\/tienda\/#website"},"datePublished":"2026-04-09T08:13:25+00:00","dateModified":"2026-04-09T08:13:26+00:00","description":"Compra Pc-117278 Diadema Inalambrica Bluetooth, Enc Cancelacion De Ruido. 42 Horas De Uso, Noctune + Env\u00edo a domicilio + Pago seguro + Garant\u00eda","breadcrumb":{"@id":"https:\/\/compuviper.mx\/tienda\/producto\/perfect-choice-pc-117278-diadema-inalambrica-bluetooth-enc-cancelacion-de-ruido-42-horas-de-uso-noctune\/#breadcrumb"},"inLanguage":"es-MX","potentialAction":[{"@type":"ReadAction","target":["https:\/\/compuviper.mx\/tienda\/producto\/perfect-choice-pc-117278-diadema-inalambrica-bluetooth-enc-cancelacion-de-ruido-42-horas-de-uso-noctune\/"]}]},{"@type":"BreadcrumbList","@id":"https:\/\/compuviper.mx\/tienda\/producto\/perfect-choice-pc-117278-diadema-inalambrica-bluetooth-enc-cancelacion-de-ruido-42-horas-de-uso-noctune\/#breadcrumb","itemListElement":[{"@type":"ListItem","position":1,"name":"Inicio","item":"https:\/\/compuviper.mx\/tienda\/"},{"@type":"ListItem","position":2,"name":"Productos","item":"https:\/\/compuviper.mx\/tienda\/productos\/"},{"@type":"ListItem","position":3,"name":"Audifonos Y Micro","item":"https:\/\/compuviper.mx\/tienda\/categoria-producto\/audifonos-y-micro\/"},{"@type":"ListItem","position":4,"name":"Audifono","item":"https:\/\/compuviper.mx\/tienda\/categoria-producto\/audifonos-y-micro\/audifono\/"},{"@type":"ListItem","position":5,"name":"Perfect Choice Pc-117278 Diadema Inalambrica Bluetooth, Enc Cancelacion De Ruido. 42 Horas De Uso, Noctune"}]},{"@type":"WebSite","@id":"https:\/\/compuviper.mx\/tienda\/#website","url":"https:\/\/compuviper.mx\/tienda\/","name":"Compuviper","description":"Proveedor de Computadoras, Laptops, Servidores, Monitores, Puntos de Venta, Teclados,   Impresoras, T\u00f3ner, C\u00e1maras de Seguridad y m\u00e1s en tu tienda en l\u00ednea","publisher":{"@id":"https:\/\/compuviper.mx\/tienda\/#organization"},"potentialAction":[{"@type":"SearchAction","target":{"@type":"EntryPoint","urlTemplate":"https:\/\/compuviper.mx\/tienda\/?s={search_term_string}"},"query-input":"required name=search_term_string"}],"inLanguage":"es-MX"},{"@type":"Organization","@id":"https:\/\/compuviper.mx\/tienda\/#organization","name":"Compuviper","url":"https:\/\/compuviper.mx\/tienda\/","logo":{"@type":"ImageObject","inLanguage":"es-MX","@id":"https:\/\/compuviper.mx\/tienda\/#\/schema\/logo\/image\/","url":"https:\/\/compuviper.mx\/tienda\/wp-content\/uploads\/2021\/08\/Logo-Compuviper-10.png","contentUrl":"https:\/\/compuviper.mx\/tienda\/wp-content\/uploads\/2021\/08\/Logo-Compuviper-10.png","width":1000,"height":500,"caption":"Compuviper"},"image":{"@id":"https:\/\/compuviper.mx\/tienda\/#\/schema\/logo\/image\/"},"sameAs":["https:\/\/www.facebook.com\/compuviper","https:\/\/www.youtube.com\/channel\/UCf73dERp9Y3cfOq7q8BhLjA?view_as=subscriber"]}]},"product_brand":"PERFECT CHOICE","product_price_amount":"544","product_price_currency":"MXN","og_availability":"instock","product_availability":"instock","product_retailer_item_id":"PC-117278","product_condition":"new"},"_links":{"self":[{"href":"https:\/\/compuviper.mx\/tienda\/wp-json\/wp\/v2\/product\/255115"}],"collection":[{"href":"https:\/\/compuviper.mx\/tienda\/wp-json\/wp\/v2\/product"}],"about":[{"href":"https:\/\/compuviper.mx\/tienda\/wp-json\/wp\/v2\/types\/product"}],"replies":[{"embeddable":true,"href":"https:\/\/compuviper.mx\/tienda\/wp-json\/wp\/v2\/comments?post=255115"}],"wp:featuredmedia":[{"embeddable":true,"href":"https:\/\/compuviper.mx\/tienda\/wp-json\/wp\/v2\/media\/260920"}],"wp:attachment":[{"href":"https:\/\/compuviper.mx\/tienda\/wp-json\/wp\/v2\/media?parent=255115"}],"wp:term":[{"taxonomy":"product_cat","embeddable":true,"href":"https:\/\/compuviper.mx\/tienda\/wp-json\/wp\/v2\/product_cat?post=255115"},{"taxonomy":"product_tag","embeddable":true,"href":"https:\/\/compuviper.mx\/tienda\/wp-json\/wp\/v2\/product_tag?post=255115"}],"curies":[{"name":"wp","href":"https:\/\/api.w.org\/{rel}","templated":true}]}}