{"id":255096,"date":"2026-04-09T01:23:23","date_gmt":"2026-04-09T07:23:23","guid":{"rendered":"https:\/\/compuviper.mx\/tienda\/producto\/acer-nx-j2sal-001-laptop-aspire-lite-16-al16-52p-52tg-core-i5-1334u-16-gb-ram-512gb-ssd-16-pulgadas-fhd-ips-windows-11-home-gris-o-1-ao-de-garntia-y-seguro-contra-robo\/"},"modified":"2026-04-09T01:23:23","modified_gmt":"2026-04-09T07:23:23","slug":"acer-nx-j2sal-001-laptop-aspire-lite-16-al16-52p-52tg-core-i5-1334u-16-gb-ram-512gb-ssd-16-pulgadas-fhd-ips-windows-11-home-gris-o-1-ao-de-garntia-y-seguro-contra-robo","status":"publish","type":"product","link":"https:\/\/compuviper.mx\/tienda\/producto\/acer-nx-j2sal-001-laptop-aspire-lite-16-al16-52p-52tg-core-i5-1334u-16-gb-ram-512gb-ssd-16-pulgadas-fhd-ips-windows-11-home-gris-o-1-ao-de-garntia-y-seguro-contra-robo\/","title":{"rendered":"Acer Nx.j2sal.001 Laptop  Aspire Lite 16 Al16-52p-52tg, Core I5 1334u, 16 Gb Ram, 512gb Ssd, 16 Pulgadas Fhd Ips, Windows 11 Home, Gris O, 1 A?o De Garntia Y Seguro Contra Robo"},"content":{"rendered":"<table class=\"descripcion\">\n<tr>\n<td>Modelo                 al16-52p-52tg upc 195133221597 sat 43211503 nmero de parte nx.j2sal.001<\/td>\n<\/tr>\n<tr>\n<td>Sistema operativowindows 11 home single language 64 bits<\/td>\n<\/tr>\n<tr>\n<td>Procesador              procesador intel \u00ae core i5-1334u 12 mb smartcache, 1.3 ghz en ncleos de rendimiento con<\/td>\n<\/tr>\n<tr>\n<td>                        tecnologa intel \u00ae turbo boost 2.0 de hasta 4.6 ghz, compatible con arquitectura de ncleos hbridos<\/td>\n<\/tr>\n<tr>\n<td>                        que combina ncleos de rendimiento performance-core y ncleos eficientes efficient-core.<\/td>\n<\/tr>\n<tr>\n<td>Memoria                16 gb ddr5 hasta 4800 mt\/s<\/td>\n<\/tr>\n<tr>\n<td>                        no expandible<\/td>\n<\/tr>\n<tr>\n<td>Pantalla                16\u0093 ips; wuxga 1920 x 1200; acer comfyview ; led backlit tft lcd; relacin de aspecto 16:10;<\/td>\n<\/tr>\n<tr>\n<td>                        gama de color ntsc 45; \u00e1ngulo de vision hasta 170\u00b0; libre de mercurio, amigable con el ambiente<\/td>\n<\/tr>\n<tr>\n<td>Grficos                intel \u00ae hd graphics<\/td>\n<\/tr>\n<tr>\n<td>Almacenamiento512 gb ssd pcie gen4 16 gb\/s hasta 4 lneas nvme<\/td>\n<\/tr>\n<tr>\n<td>                        no expandible<\/td>\n<\/tr>\n<tr>\n<td>Cmara web        webcam fhd<\/td>\n<\/tr>\n<tr>\n<td>                        con obturador de privacidad.<\/td>\n<\/tr>\n<tr>\n<td>Wifi y red        intel \u00ae wireless wi-fi 6 ax201<\/td>\n<\/tr>\n<tr>\n<td>                        doble banda 2.4 ghz y 5 ghz<\/td>\n<\/tr>\n<tr>\n<td>                       tecnologa 2 x 2 mu-mimo<\/td>\n<\/tr>\n<tr>\n<td>                        bluetooth \u00ae 5.1<\/td>\n<\/tr>\n<tr>\n<td>                       interface wifi cnvi<\/td>\n<\/tr>\n<tr>\n<td>Privacidad      contraea por bios de usuario, supervisor y hdd<\/td>\n<\/tr>\n<tr>\n<td>Tamao y peso     358.6 w x 232.7 d x 19.7 h mm, 1.85 kg<\/td>\n<\/tr>\n<tr>\n<td>Seguridad      ranura kensington<\/td>\n<\/tr>\n<tr>\n<td>Alimentacin      adaptador usb tipo-c 65 w pd<\/td>\n<\/tr>\n<tr>\n<td>Y batera              batera de ion-litio, 58 wh, 5100 mah, 11.4 v, 3 celdas<\/td>\n<\/tr>\n<tr>\n<td>                      para modelos con panel full hd  ssd la duracin estimada de batera es de hasta 8 horas.<\/td>\n<\/tr>\n<tr>\n<td>Entrada y control   tecla copilot; teclado en espaol.<\/td>\n<\/tr>\n<tr>\n<td>Puertos              1 usb tipo c 3.2 gen 1 con displayport; 3 usb tipo a 3.2 gen 1; hdmi 1.4; lector de tarjetas microsdtm<\/td>\n<\/tr>\n<tr>\n<td>Audio              dos bocinas integradas; dos micrfonos integrados; salida de audio jack 3.5mm<\/td>\n<\/tr>\n<tr>\n<td>Garanta1 ao en centro de servicio; garanta internacional para viajeros internacionales.<\/td>\n<\/tr>\n<\/table>\n","protected":false},"excerpt":{"rendered":"<p>Laptop acer aspire lite 16; pantalla 16 fhd ips; procesador intel core i5 1334u; memoria ram 16gb ddr5 soldado; almacenamiento 512gb ssd; 2usb tipo c; 1usn tipo a; hdmi; windows 11 home; 1 ao de garantia  1 ao de seguro contra robo y desastres naturales, color gris<\/p>\n","protected":false},"featured_media":260342,"comment_status":"open","ping_status":"open","template":"","meta":[],"product_cat":[1886,1887],"product_tag":[1747],"acf":[],"yoast_head":"<!-- This site is optimized with the Yoast SEO plugin v21.7 - https:\/\/yoast.com\/wordpress\/plugins\/seo\/ -->\n<title>[ Acer ] &#129351; Nx.j2sal.001 Laptop Aspire Lite 16 Al16-52p-52tg, Core I5 1334u, 16 Gb Ram, 512gb Ssd, 16 Pulgadas Fhd Ips, Windows 11 Home, Gris O, 1 A\u00f1o De Garntia Y Seguro Contra Robo<\/title>\n<meta name=\"description\" content=\"Compra Nx.j2sal.001 Laptop Aspire Lite 16 Al16-52p-52tg, Core I5 1334u, 16 Gb Ram, 512gb Ssd, 16 Pulgadas Fhd Ips, Windows 11 Home, Gris O, 1 A\u00f1o De Garntia Y Seguro Contra Robo + Env\u00edo a domicilio + Pago seguro + Garant\u00eda\" \/>\n<meta name=\"robots\" content=\"index, follow, max-snippet:-1, max-image-preview:large, max-video-preview:-1\" \/>\n<link rel=\"canonical\" href=\"https:\/\/compuviper.mx\/tienda\/producto\/acer-nx-j2sal-001-laptop-aspire-lite-16-al16-52p-52tg-core-i5-1334u-16-gb-ram-512gb-ssd-16-pulgadas-fhd-ips-windows-11-home-gris-o-1-ao-de-garntia-y-seguro-contra-robo\/\" \/>\n<meta property=\"og:locale\" content=\"es_MX\" \/>\n<meta property=\"og:type\" content=\"article\" \/>\n<meta property=\"og:title\" content=\"[ Acer ] &#129351; Nx.j2sal.001 Laptop Aspire Lite 16 Al16-52p-52tg, Core I5 1334u, 16 Gb Ram, 512gb Ssd, 16 Pulgadas Fhd Ips, Windows 11 Home, Gris O, 1 A\u00f1o De Garntia Y Seguro Contra Robo\" \/>\n<meta property=\"og:description\" content=\"Compra Nx.j2sal.001 Laptop Aspire Lite 16 Al16-52p-52tg, Core I5 1334u, 16 Gb Ram, 512gb Ssd, 16 Pulgadas Fhd Ips, Windows 11 Home, Gris O, 1 A\u00f1o De Garntia Y Seguro Contra Robo + Env\u00edo a domicilio + Pago seguro + Garant\u00eda\" \/>\n<meta property=\"og:url\" content=\"https:\/\/compuviper.mx\/tienda\/producto\/acer-nx-j2sal-001-laptop-aspire-lite-16-al16-52p-52tg-core-i5-1334u-16-gb-ram-512gb-ssd-16-pulgadas-fhd-ips-windows-11-home-gris-o-1-ao-de-garntia-y-seguro-contra-robo\/\" \/>\n<meta property=\"og:site_name\" content=\"Compuviper\" \/>\n<meta property=\"article:publisher\" content=\"https:\/\/www.facebook.com\/compuviper\" \/>\n<meta property=\"og:image\" content=\"https:\/\/compuviper.mx\/tienda\/wp-content\/uploads\/2025\/10\/Laptop-acer-aspire-lite-16-al16-52p-52tg-core-i5-1334u-16-gb-ram-512gb-ssd-16-pulgadas-fhd-ips-windows-11-home-gris-acero-1-ano-de-garntia-y-seguro-contra-robo.jpg\" \/>\n\t<meta property=\"og:image:width\" content=\"200\" \/>\n\t<meta property=\"og:image:height\" content=\"200\" \/>\n\t<meta property=\"og:image:type\" content=\"image\/jpeg\" \/>\n<meta name=\"twitter:card\" content=\"summary_large_image\" \/>\n<meta name=\"twitter:label1\" content=\"Precio\" \/>\n\t<meta name=\"twitter:data1\" content=\"&#36;12,816 con IVA\" \/>\n\t<meta name=\"twitter:label2\" content=\"Availability\" \/>\n\t<meta name=\"twitter:data2\" content=\"In stock\" \/>\n<script type=\"application\/ld+json\" class=\"yoast-schema-graph\">{\"@context\":\"https:\/\/schema.org\",\"@graph\":[{\"@type\":\"WebPage\",\"@id\":\"https:\/\/compuviper.mx\/tienda\/producto\/acer-nx-j2sal-001-laptop-aspire-lite-16-al16-52p-52tg-core-i5-1334u-16-gb-ram-512gb-ssd-16-pulgadas-fhd-ips-windows-11-home-gris-o-1-ao-de-garntia-y-seguro-contra-robo\/\",\"url\":\"https:\/\/compuviper.mx\/tienda\/producto\/acer-nx-j2sal-001-laptop-aspire-lite-16-al16-52p-52tg-core-i5-1334u-16-gb-ram-512gb-ssd-16-pulgadas-fhd-ips-windows-11-home-gris-o-1-ao-de-garntia-y-seguro-contra-robo\/\",\"name\":\"[ Acer ] &#129351; Nx.j2sal.001 Laptop Aspire Lite 16 Al16-52p-52tg, Core I5 1334u, 16 Gb Ram, 512gb Ssd, 16 Pulgadas Fhd Ips, Windows 11 Home, Gris O, 1 A\u00f1o De Garntia Y Seguro Contra Robo\",\"isPartOf\":{\"@id\":\"https:\/\/compuviper.mx\/tienda\/#website\"},\"datePublished\":\"2026-04-09T07:23:23+00:00\",\"dateModified\":\"2026-04-09T07:23:23+00:00\",\"description\":\"Compra Nx.j2sal.001 Laptop Aspire Lite 16 Al16-52p-52tg, Core I5 1334u, 16 Gb Ram, 512gb Ssd, 16 Pulgadas Fhd Ips, Windows 11 Home, Gris O, 1 A\u00f1o De Garntia Y Seguro Contra Robo + Env\u00edo a domicilio + Pago seguro + Garant\u00eda\",\"breadcrumb\":{\"@id\":\"https:\/\/compuviper.mx\/tienda\/producto\/acer-nx-j2sal-001-laptop-aspire-lite-16-al16-52p-52tg-core-i5-1334u-16-gb-ram-512gb-ssd-16-pulgadas-fhd-ips-windows-11-home-gris-o-1-ao-de-garntia-y-seguro-contra-robo\/#breadcrumb\"},\"inLanguage\":\"es-MX\",\"potentialAction\":[{\"@type\":\"ReadAction\",\"target\":[\"https:\/\/compuviper.mx\/tienda\/producto\/acer-nx-j2sal-001-laptop-aspire-lite-16-al16-52p-52tg-core-i5-1334u-16-gb-ram-512gb-ssd-16-pulgadas-fhd-ips-windows-11-home-gris-o-1-ao-de-garntia-y-seguro-contra-robo\/\"]}]},{\"@type\":\"BreadcrumbList\",\"@id\":\"https:\/\/compuviper.mx\/tienda\/producto\/acer-nx-j2sal-001-laptop-aspire-lite-16-al16-52p-52tg-core-i5-1334u-16-gb-ram-512gb-ssd-16-pulgadas-fhd-ips-windows-11-home-gris-o-1-ao-de-garntia-y-seguro-contra-robo\/#breadcrumb\",\"itemListElement\":[{\"@type\":\"ListItem\",\"position\":1,\"name\":\"Inicio\",\"item\":\"https:\/\/compuviper.mx\/tienda\/\"},{\"@type\":\"ListItem\",\"position\":2,\"name\":\"Productos\",\"item\":\"https:\/\/compuviper.mx\/tienda\/productos\/\"},{\"@type\":\"ListItem\",\"position\":3,\"name\":\"Laptops\",\"item\":\"https:\/\/compuviper.mx\/tienda\/categoria-producto\/laptops\/\"},{\"@type\":\"ListItem\",\"position\":4,\"name\":\"Notebook\",\"item\":\"https:\/\/compuviper.mx\/tienda\/categoria-producto\/laptops\/notebook-laptops\/\"},{\"@type\":\"ListItem\",\"position\":5,\"name\":\"Acer Nx.j2sal.001 Laptop Aspire Lite 16 Al16-52p-52tg, Core I5 1334u, 16 Gb Ram, 512gb Ssd, 16 Pulgadas Fhd Ips, Windows 11 Home, Gris O, 1 A?o De Garntia Y Seguro Contra Robo\"}]},{\"@type\":\"WebSite\",\"@id\":\"https:\/\/compuviper.mx\/tienda\/#website\",\"url\":\"https:\/\/compuviper.mx\/tienda\/\",\"name\":\"Compuviper\",\"description\":\"Proveedor de Computadoras, Laptops, Servidores, Monitores, Puntos de Venta, Teclados,   Impresoras, T\u00f3ner, C\u00e1maras de Seguridad y m\u00e1s en tu tienda en l\u00ednea\",\"publisher\":{\"@id\":\"https:\/\/compuviper.mx\/tienda\/#organization\"},\"potentialAction\":[{\"@type\":\"SearchAction\",\"target\":{\"@type\":\"EntryPoint\",\"urlTemplate\":\"https:\/\/compuviper.mx\/tienda\/?s={search_term_string}\"},\"query-input\":\"required name=search_term_string\"}],\"inLanguage\":\"es-MX\"},{\"@type\":\"Organization\",\"@id\":\"https:\/\/compuviper.mx\/tienda\/#organization\",\"name\":\"Compuviper\",\"url\":\"https:\/\/compuviper.mx\/tienda\/\",\"logo\":{\"@type\":\"ImageObject\",\"inLanguage\":\"es-MX\",\"@id\":\"https:\/\/compuviper.mx\/tienda\/#\/schema\/logo\/image\/\",\"url\":\"https:\/\/compuviper.mx\/tienda\/wp-content\/uploads\/2021\/08\/Logo-Compuviper-10.png\",\"contentUrl\":\"https:\/\/compuviper.mx\/tienda\/wp-content\/uploads\/2021\/08\/Logo-Compuviper-10.png\",\"width\":1000,\"height\":500,\"caption\":\"Compuviper\"},\"image\":{\"@id\":\"https:\/\/compuviper.mx\/tienda\/#\/schema\/logo\/image\/\"},\"sameAs\":[\"https:\/\/www.facebook.com\/compuviper\",\"https:\/\/www.youtube.com\/channel\/UCf73dERp9Y3cfOq7q8BhLjA?view_as=subscriber\"]}]}<\/script>\n<meta property=\"product:brand\" content=\"ACER\" \/>\n<meta property=\"product:price:amount\" content=\"12816\" \/>\n<meta property=\"product:price:currency\" content=\"MXN\" \/>\n<meta property=\"og:availability\" content=\"instock\" \/>\n<meta property=\"product:availability\" content=\"instock\" \/>\n<meta property=\"product:retailer_item_id\" content=\"NX.J2SAL.001\" \/>\n<meta property=\"product:condition\" content=\"new\" \/>\n<!-- \/ Yoast SEO plugin. -->","yoast_head_json":{"title":"[ Acer ] &#129351; Nx.j2sal.001 Laptop Aspire Lite 16 Al16-52p-52tg, Core I5 1334u, 16 Gb Ram, 512gb Ssd, 16 Pulgadas Fhd Ips, Windows 11 Home, Gris O, 1 A\u00f1o De Garntia Y Seguro Contra Robo","description":"Compra Nx.j2sal.001 Laptop Aspire Lite 16 Al16-52p-52tg, Core I5 1334u, 16 Gb Ram, 512gb Ssd, 16 Pulgadas Fhd Ips, Windows 11 Home, Gris O, 1 A\u00f1o De Garntia Y Seguro Contra Robo + Env\u00edo a domicilio + Pago seguro + Garant\u00eda","robots":{"index":"index","follow":"follow","max-snippet":"max-snippet:-1","max-image-preview":"max-image-preview:large","max-video-preview":"max-video-preview:-1"},"canonical":"https:\/\/compuviper.mx\/tienda\/producto\/acer-nx-j2sal-001-laptop-aspire-lite-16-al16-52p-52tg-core-i5-1334u-16-gb-ram-512gb-ssd-16-pulgadas-fhd-ips-windows-11-home-gris-o-1-ao-de-garntia-y-seguro-contra-robo\/","og_locale":"es_MX","og_type":"article","og_title":"[ Acer ] &#129351; Nx.j2sal.001 Laptop Aspire Lite 16 Al16-52p-52tg, Core I5 1334u, 16 Gb Ram, 512gb Ssd, 16 Pulgadas Fhd Ips, Windows 11 Home, Gris O, 1 A\u00f1o De Garntia Y Seguro Contra Robo","og_description":"Compra Nx.j2sal.001 Laptop Aspire Lite 16 Al16-52p-52tg, Core I5 1334u, 16 Gb Ram, 512gb Ssd, 16 Pulgadas Fhd Ips, Windows 11 Home, Gris O, 1 A\u00f1o De Garntia Y Seguro Contra Robo + Env\u00edo a domicilio + Pago seguro + Garant\u00eda","og_url":"https:\/\/compuviper.mx\/tienda\/producto\/acer-nx-j2sal-001-laptop-aspire-lite-16-al16-52p-52tg-core-i5-1334u-16-gb-ram-512gb-ssd-16-pulgadas-fhd-ips-windows-11-home-gris-o-1-ao-de-garntia-y-seguro-contra-robo\/","og_site_name":"Compuviper","article_publisher":"https:\/\/www.facebook.com\/compuviper","og_image":[{"width":200,"height":200,"url":"https:\/\/compuviper.mx\/tienda\/wp-content\/uploads\/2025\/10\/Laptop-acer-aspire-lite-16-al16-52p-52tg-core-i5-1334u-16-gb-ram-512gb-ssd-16-pulgadas-fhd-ips-windows-11-home-gris-acero-1-ano-de-garntia-y-seguro-contra-robo.jpg","type":"image\/jpeg"}],"twitter_card":"summary_large_image","twitter_misc":{"Precio":"&#36;12,816 con IVA","Availability":"In stock"},"schema":{"@context":"https:\/\/schema.org","@graph":[{"@type":"WebPage","@id":"https:\/\/compuviper.mx\/tienda\/producto\/acer-nx-j2sal-001-laptop-aspire-lite-16-al16-52p-52tg-core-i5-1334u-16-gb-ram-512gb-ssd-16-pulgadas-fhd-ips-windows-11-home-gris-o-1-ao-de-garntia-y-seguro-contra-robo\/","url":"https:\/\/compuviper.mx\/tienda\/producto\/acer-nx-j2sal-001-laptop-aspire-lite-16-al16-52p-52tg-core-i5-1334u-16-gb-ram-512gb-ssd-16-pulgadas-fhd-ips-windows-11-home-gris-o-1-ao-de-garntia-y-seguro-contra-robo\/","name":"[ Acer ] &#129351; Nx.j2sal.001 Laptop Aspire Lite 16 Al16-52p-52tg, Core I5 1334u, 16 Gb Ram, 512gb Ssd, 16 Pulgadas Fhd Ips, Windows 11 Home, Gris O, 1 A\u00f1o De Garntia Y Seguro Contra Robo","isPartOf":{"@id":"https:\/\/compuviper.mx\/tienda\/#website"},"datePublished":"2026-04-09T07:23:23+00:00","dateModified":"2026-04-09T07:23:23+00:00","description":"Compra Nx.j2sal.001 Laptop Aspire Lite 16 Al16-52p-52tg, Core I5 1334u, 16 Gb Ram, 512gb Ssd, 16 Pulgadas Fhd Ips, Windows 11 Home, Gris O, 1 A\u00f1o De Garntia Y Seguro Contra Robo + Env\u00edo a domicilio + Pago seguro + Garant\u00eda","breadcrumb":{"@id":"https:\/\/compuviper.mx\/tienda\/producto\/acer-nx-j2sal-001-laptop-aspire-lite-16-al16-52p-52tg-core-i5-1334u-16-gb-ram-512gb-ssd-16-pulgadas-fhd-ips-windows-11-home-gris-o-1-ao-de-garntia-y-seguro-contra-robo\/#breadcrumb"},"inLanguage":"es-MX","potentialAction":[{"@type":"ReadAction","target":["https:\/\/compuviper.mx\/tienda\/producto\/acer-nx-j2sal-001-laptop-aspire-lite-16-al16-52p-52tg-core-i5-1334u-16-gb-ram-512gb-ssd-16-pulgadas-fhd-ips-windows-11-home-gris-o-1-ao-de-garntia-y-seguro-contra-robo\/"]}]},{"@type":"BreadcrumbList","@id":"https:\/\/compuviper.mx\/tienda\/producto\/acer-nx-j2sal-001-laptop-aspire-lite-16-al16-52p-52tg-core-i5-1334u-16-gb-ram-512gb-ssd-16-pulgadas-fhd-ips-windows-11-home-gris-o-1-ao-de-garntia-y-seguro-contra-robo\/#breadcrumb","itemListElement":[{"@type":"ListItem","position":1,"name":"Inicio","item":"https:\/\/compuviper.mx\/tienda\/"},{"@type":"ListItem","position":2,"name":"Productos","item":"https:\/\/compuviper.mx\/tienda\/productos\/"},{"@type":"ListItem","position":3,"name":"Laptops","item":"https:\/\/compuviper.mx\/tienda\/categoria-producto\/laptops\/"},{"@type":"ListItem","position":4,"name":"Notebook","item":"https:\/\/compuviper.mx\/tienda\/categoria-producto\/laptops\/notebook-laptops\/"},{"@type":"ListItem","position":5,"name":"Acer Nx.j2sal.001 Laptop Aspire Lite 16 Al16-52p-52tg, Core I5 1334u, 16 Gb Ram, 512gb Ssd, 16 Pulgadas Fhd Ips, Windows 11 Home, Gris O, 1 A?o De Garntia Y Seguro Contra Robo"}]},{"@type":"WebSite","@id":"https:\/\/compuviper.mx\/tienda\/#website","url":"https:\/\/compuviper.mx\/tienda\/","name":"Compuviper","description":"Proveedor de Computadoras, Laptops, Servidores, Monitores, Puntos de Venta, Teclados,   Impresoras, T\u00f3ner, C\u00e1maras de Seguridad y m\u00e1s en tu tienda en l\u00ednea","publisher":{"@id":"https:\/\/compuviper.mx\/tienda\/#organization"},"potentialAction":[{"@type":"SearchAction","target":{"@type":"EntryPoint","urlTemplate":"https:\/\/compuviper.mx\/tienda\/?s={search_term_string}"},"query-input":"required name=search_term_string"}],"inLanguage":"es-MX"},{"@type":"Organization","@id":"https:\/\/compuviper.mx\/tienda\/#organization","name":"Compuviper","url":"https:\/\/compuviper.mx\/tienda\/","logo":{"@type":"ImageObject","inLanguage":"es-MX","@id":"https:\/\/compuviper.mx\/tienda\/#\/schema\/logo\/image\/","url":"https:\/\/compuviper.mx\/tienda\/wp-content\/uploads\/2021\/08\/Logo-Compuviper-10.png","contentUrl":"https:\/\/compuviper.mx\/tienda\/wp-content\/uploads\/2021\/08\/Logo-Compuviper-10.png","width":1000,"height":500,"caption":"Compuviper"},"image":{"@id":"https:\/\/compuviper.mx\/tienda\/#\/schema\/logo\/image\/"},"sameAs":["https:\/\/www.facebook.com\/compuviper","https:\/\/www.youtube.com\/channel\/UCf73dERp9Y3cfOq7q8BhLjA?view_as=subscriber"]}]},"product_brand":"ACER","product_price_amount":"12816","product_price_currency":"MXN","og_availability":"instock","product_availability":"instock","product_retailer_item_id":"NX.J2SAL.001","product_condition":"new"},"_links":{"self":[{"href":"https:\/\/compuviper.mx\/tienda\/wp-json\/wp\/v2\/product\/255096"}],"collection":[{"href":"https:\/\/compuviper.mx\/tienda\/wp-json\/wp\/v2\/product"}],"about":[{"href":"https:\/\/compuviper.mx\/tienda\/wp-json\/wp\/v2\/types\/product"}],"replies":[{"embeddable":true,"href":"https:\/\/compuviper.mx\/tienda\/wp-json\/wp\/v2\/comments?post=255096"}],"wp:featuredmedia":[{"embeddable":true,"href":"https:\/\/compuviper.mx\/tienda\/wp-json\/wp\/v2\/media\/260342"}],"wp:attachment":[{"href":"https:\/\/compuviper.mx\/tienda\/wp-json\/wp\/v2\/media?parent=255096"}],"wp:term":[{"taxonomy":"product_cat","embeddable":true,"href":"https:\/\/compuviper.mx\/tienda\/wp-json\/wp\/v2\/product_cat?post=255096"},{"taxonomy":"product_tag","embeddable":true,"href":"https:\/\/compuviper.mx\/tienda\/wp-json\/wp\/v2\/product_tag?post=255096"}],"curies":[{"name":"wp","href":"https:\/\/api.w.org\/{rel}","templated":true}]}}