{"id":255094,"date":"2026-04-21T01:25:18","date_gmt":"2026-04-21T07:25:18","guid":{"rendered":"https:\/\/compuviper.mx\/tienda\/producto\/lenovo-zaef0043mx-idea-tablet-legion-gen-3-con-folio-casevidrio-templado-tb321fu-qualcomm-snapdragon8-gen3-8c-3-30ghz-12gb-ram-256gb-8-8-2-5k-2560x1600-eclipse-black-android-14-1yrc\/"},"modified":"2026-04-21T01:25:18","modified_gmt":"2026-04-21T07:25:18","slug":"lenovo-zaef0043mx-idea-tablet-legion-gen-3-con-folio-casevidrio-templado-tb321fu-qualcomm-snapdragon8-gen3-8c-3-30ghz-12gb-ram-256gb-8-8-2-5k-2560x1600-eclipse-black-android-14-1yrc","status":"publish","type":"product","link":"https:\/\/compuviper.mx\/tienda\/producto\/lenovo-zaef0043mx-idea-tablet-legion-gen-3-con-folio-casevidrio-templado-tb321fu-qualcomm-snapdragon8-gen3-8c-3-30ghz-12gb-ram-256gb-8-8-2-5k-2560x1600-eclipse-black-android-14-1yrc\/","title":{"rendered":"Lenovo Zaef0043mx  Idea Tablet Legion Gen 3 Con Folio Case+vidrio Templado \/ Tb321fu \/  \/ Qualcomm Snapdragon8 Gen3 8c 3.30ghz \/ 12gb Ram \/ 256gb \/ 8.8 2.5k 2560&#215;1600 \/ Eclipse Black \/ Android 14\/1yrcs"},"content":{"rendered":"<table class=\"descripcion\">\n<tr>\n<td>Legion tab gen 3 zaef0043mx<\/td>\n<\/tr>\n<tr>\n<td>Performance<\/td>\n<\/tr>\n<tr>\n<td>Processor: qualcomm snapdragon 8 gen 3 mobile platform (8c, 1x cortex-x4 + 5x cortex-a720 + 2x cortex-a520)<\/td>\n<\/tr>\n<tr>\n<td>Graphics: integrated qualcomm adreno gpu<\/td>\n<\/tr>\n<tr>\n<td>Chipset: qualcomm\u00ae snapdragon 8 gen 3<\/td>\n<\/tr>\n<tr>\n<td>Memory: 12gb soldered lpddr5x<\/td>\n<\/tr>\n<tr>\n<td>Storage: 256gb ufs 4.0<\/td>\n<\/tr>\n<tr>\n<td>Card reader: none<\/td>\n<\/tr>\n<tr>\n<td>Max storage support: 256gb ufs 4.0 on systemboard<\/td>\n<\/tr>\n<tr>\n<td>Speakers: 2x 2712 superliner speaker with dolby atmos<\/td>\n<\/tr>\n<tr>\n<td>Microphone: dual microphone<\/td>\n<\/tr>\n<tr>\n<td>Camera: front 8.0mp \/ rear 13.0mp + 2.0mp, with flashlight<\/td>\n<\/tr>\n<tr>\n<td>Voicecall: no<\/td>\n<\/tr>\n<tr>\n<td>Sensors: accelerometer + gyroscope sensor<\/td>\n<\/tr>\n<tr>\n<td>Hall sensor<\/td>\n<\/tr>\n<tr>\n<td>Proximity (p) + ambient light sensor<\/td>\n<\/tr>\n<tr>\n<td>E-compass<\/td>\n<\/tr>\n<tr>\n<td>Vibration motor. dual x-axis motor<\/td>\n<\/tr>\n<tr>\n<td>Battery: 6550mah (typical)<\/td>\n<\/tr>\n<tr>\n<td>Power adapter: 11v \/ 6.2a<\/td>\n<\/tr>\n<tr>\n<td>Special features: legion coldfront cooling system<\/td>\n<\/tr>\n<tr>\n<td>Dual usb-c\u00ae ports  and  bypass charging support<\/td>\n<\/tr>\n<tr>\n<td>Ultra-wide gaming view (change the game frame ratio for a wider game field of view)<\/td>\n<\/tr>\n<tr>\n<td>Design<\/td>\n<\/tr>\n<tr>\n<td>Display: 8.8 2.5k (2560&#215;1600) ltps 500nits (typical) \/ 900nits (under hbm mode), glossy, 98% dci-p3, 165hz, touch<\/td>\n<\/tr>\n<tr>\n<td>Touchscreen:10-point multi-touch<\/td>\n<\/tr>\n<tr>\n<td>Case material: metal<\/td>\n<\/tr>\n<tr>\n<td>Pen: pen upgradable (purchase separately)<\/td>\n<\/tr>\n<tr>\n<td>Dimensions (wxdxh): 208.54 x 129.46 x 7.79 mm (8.21 x 5.10 x 0.31 inches)<\/td>\n<\/tr>\n<tr>\n<td>Weight: around 350 g (0.77 lbs)<\/td>\n<\/tr>\n<tr>\n<td>Case color: eclipse black<\/td>\n<\/tr>\n<tr>\n<td>Software<\/td>\n<\/tr>\n<tr>\n<td>Operating system: android 14 or later<\/td>\n<\/tr>\n<tr>\n<td>Connectivity<\/td>\n<\/tr>\n<tr>\n<td>Wlan + bluetooth: wi-fi 7, 802.11be 2&#215;2 + bt5.4<\/td>\n<\/tr>\n<tr>\n<td>Wwan: non-wwan<\/td>\n<\/tr>\n<tr>\n<td>Location services: no location service<\/td>\n<\/tr>\n<tr>\n<td>Standard ports: 1x usb-c\u00ae (hi-speed usb \/ usb 2.0), with charging \/ otg \/ audio<\/td>\n<\/tr>\n<tr>\n<td>1x usb-c\u00ae (usb 10gbps \/ usb 3.2 gen 2), with charging \/ dp-out \/ otg \/ audio<\/td>\n<\/tr>\n<tr>\n<td>Service<\/td>\n<\/tr>\n<tr>\n<td>Base warranty: 1-year, carry-in<\/td>\n<\/tr>\n<tr>\n<td>Accessories<\/td>\n<\/tr>\n<tr>\n<td>Bundled accessories: folio case + glass film<\/td>\n<\/tr>\n<tr>\n<td>Certifications<\/td>\n<\/tr>\n<tr>\n<td>Green certifications:energy star\u00ae 9.0<\/td>\n<\/tr>\n<tr>\n<td>Erp lot 6\/26<\/td>\n<\/tr>\n<tr>\n<td>Rohs compliant<\/td>\n<\/tr>\n<tr>\n<td>Dust and water resistant: ip52<\/td>\n<\/tr>\n<tr>\n<td>Other certifications: t\u00fcv rheinland\u00ae flicker free<\/td>\n<\/tr>\n<tr>\n<td>T\u00fcv rheinland\u00ae low blue light (hardware solution)<\/td>\n<\/tr>\n<tr>\n<td>T\u00fcv rheinland\u00ae precise touch<\/td>\n<\/tr>\n<tr>\n<td>Model information<\/td>\n<\/tr>\n<tr>\n<td>Product: tb321fu<\/td>\n<\/tr>\n<tr>\n<td>Model: zaef0043mx<\/td>\n<\/tr>\n<tr>\n<td>Ean \/ upc \/ jan: 198155416903<\/td>\n<\/tr>\n<\/table>\n","protected":false},"excerpt":{"rendered":"<p>Entretenimiento sin l\u00edmites. La lenovo legion tab gen 3 funciona en android 14 y es compatible con actualizaciones de sistema operativo durante su vida \u00fatil y con google play, para que los juegos sean m\u00e1s divertidos en lugar de obsoletos. Cuando puedes jugar al mundo, desde cualquier lugar, todo desde un solo lugar, la diversi\u00f3n ilimitada est\u00e1 a solo un toque de distancia. Experimenta juegos sin descansar con snapdragon 8 gen 3. Su tecnolog\u00eda elite gaming con ray tracing te ofrece un realismo impresionante. Disfruta de una experiencia de juego ultrasuave con 165 fps y gr\u00e1ficos sin retrasos, lo que convierte a tu tablet en una potente m\u00e1quina de juegos en tu bolsillo.<\/p>\n","protected":false},"featured_media":260340,"comment_status":"open","ping_status":"open","template":"","meta":[],"product_cat":[2135,1758],"product_tag":[1578],"acf":[],"yoast_head":"<!-- This site is optimized with the Yoast SEO plugin v21.7 - https:\/\/yoast.com\/wordpress\/plugins\/seo\/ -->\n<title>[ Lenovo ] &#129351; Zaef0043mx Idea Tablet Legion Gen 3 Con Folio Case+vidrio Templado \/ Tb321fu \/ \/ Qualcomm Snapdragon8 Gen3 8c 3.30ghz \/ 12gb Ram \/ 256gb \/ 8.8 2.5k 2560x1600 \/ Eclipse Black \/ Android 14\/1yrcs<\/title>\n<meta name=\"description\" content=\"Compra Zaef0043mx Idea Tablet Legion Gen 3 Con Folio Case+vidrio Templado \/ Tb321fu \/ \/ Qualcomm Snapdragon8 Gen3 8c 3.30ghz \/ 12gb Ram \/ 256gb \/ 8.8 2.5k 2560x1600 \/ Eclipse Black \/ Android 14\/1yrcs + Env\u00edo a domicilio + Pago seguro + Garant\u00eda\" \/>\n<meta name=\"robots\" content=\"index, follow, max-snippet:-1, max-image-preview:large, max-video-preview:-1\" \/>\n<link rel=\"canonical\" href=\"https:\/\/compuviper.mx\/tienda\/producto\/lenovo-zaef0043mx-idea-tablet-legion-gen-3-con-folio-casevidrio-templado-tb321fu-qualcomm-snapdragon8-gen3-8c-3-30ghz-12gb-ram-256gb-8-8-2-5k-2560x1600-eclipse-black-android-14-1yrc\/\" \/>\n<meta property=\"og:locale\" content=\"es_MX\" \/>\n<meta property=\"og:type\" content=\"article\" \/>\n<meta property=\"og:title\" content=\"[ Lenovo ] &#129351; Zaef0043mx Idea Tablet Legion Gen 3 Con Folio Case+vidrio Templado \/ Tb321fu \/ \/ Qualcomm Snapdragon8 Gen3 8c 3.30ghz \/ 12gb Ram \/ 256gb \/ 8.8 2.5k 2560x1600 \/ Eclipse Black \/ Android 14\/1yrcs\" \/>\n<meta property=\"og:description\" content=\"Compra Zaef0043mx Idea Tablet Legion Gen 3 Con Folio Case+vidrio Templado \/ Tb321fu \/ \/ Qualcomm Snapdragon8 Gen3 8c 3.30ghz \/ 12gb Ram \/ 256gb \/ 8.8 2.5k 2560x1600 \/ Eclipse Black \/ Android 14\/1yrcs + Env\u00edo a domicilio + Pago seguro + Garant\u00eda\" \/>\n<meta property=\"og:url\" content=\"https:\/\/compuviper.mx\/tienda\/producto\/lenovo-zaef0043mx-idea-tablet-legion-gen-3-con-folio-casevidrio-templado-tb321fu-qualcomm-snapdragon8-gen3-8c-3-30ghz-12gb-ram-256gb-8-8-2-5k-2560x1600-eclipse-black-android-14-1yrc\/\" \/>\n<meta property=\"og:site_name\" content=\"Compuviper\" \/>\n<meta property=\"article:publisher\" content=\"https:\/\/www.facebook.com\/compuviper\" \/>\n<meta property=\"og:image\" content=\"https:\/\/compuviper.mx\/tienda\/wp-content\/uploads\/2025\/10\/Lenovo-idea-tablet-legion-gen-3-con-folio-casevidrio-templado-tb321fu-zaef0043mx-qualcomm-snapdragon8-gen3-8c-3.30ghz-12gb-ram-256gb-8.8-2.5k-2560x1600-eclipse-black-android-141yrcs.jpg\" \/>\n\t<meta property=\"og:image:width\" content=\"200\" \/>\n\t<meta property=\"og:image:height\" content=\"200\" \/>\n\t<meta property=\"og:image:type\" content=\"image\/jpeg\" \/>\n<meta name=\"twitter:card\" content=\"summary_large_image\" \/>\n<meta name=\"twitter:label1\" content=\"Precio\" \/>\n\t<meta name=\"twitter:data1\" content=\"&#36;8,571 &#36;6,232 con IVA\" \/>\n\t<meta name=\"twitter:label2\" content=\"Availability\" \/>\n\t<meta name=\"twitter:data2\" content=\"In stock\" \/>\n<script type=\"application\/ld+json\" class=\"yoast-schema-graph\">{\"@context\":\"https:\/\/schema.org\",\"@graph\":[{\"@type\":\"WebPage\",\"@id\":\"https:\/\/compuviper.mx\/tienda\/producto\/lenovo-zaef0043mx-idea-tablet-legion-gen-3-con-folio-casevidrio-templado-tb321fu-qualcomm-snapdragon8-gen3-8c-3-30ghz-12gb-ram-256gb-8-8-2-5k-2560x1600-eclipse-black-android-14-1yrc\/\",\"url\":\"https:\/\/compuviper.mx\/tienda\/producto\/lenovo-zaef0043mx-idea-tablet-legion-gen-3-con-folio-casevidrio-templado-tb321fu-qualcomm-snapdragon8-gen3-8c-3-30ghz-12gb-ram-256gb-8-8-2-5k-2560x1600-eclipse-black-android-14-1yrc\/\",\"name\":\"[ Lenovo ] &#129351; Zaef0043mx Idea Tablet Legion Gen 3 Con Folio Case+vidrio Templado \/ Tb321fu \/ \/ Qualcomm Snapdragon8 Gen3 8c 3.30ghz \/ 12gb Ram \/ 256gb \/ 8.8 2.5k 2560x1600 \/ Eclipse Black \/ Android 14\/1yrcs\",\"isPartOf\":{\"@id\":\"https:\/\/compuviper.mx\/tienda\/#website\"},\"datePublished\":\"2026-04-21T07:25:18+00:00\",\"dateModified\":\"2026-04-21T07:25:18+00:00\",\"description\":\"Compra Zaef0043mx Idea Tablet Legion Gen 3 Con Folio Case+vidrio Templado \/ Tb321fu \/ \/ Qualcomm Snapdragon8 Gen3 8c 3.30ghz \/ 12gb Ram \/ 256gb \/ 8.8 2.5k 2560x1600 \/ Eclipse Black \/ Android 14\/1yrcs + Env\u00edo a domicilio + Pago seguro + Garant\u00eda\",\"breadcrumb\":{\"@id\":\"https:\/\/compuviper.mx\/tienda\/producto\/lenovo-zaef0043mx-idea-tablet-legion-gen-3-con-folio-casevidrio-templado-tb321fu-qualcomm-snapdragon8-gen3-8c-3-30ghz-12gb-ram-256gb-8-8-2-5k-2560x1600-eclipse-black-android-14-1yrc\/#breadcrumb\"},\"inLanguage\":\"es-MX\",\"potentialAction\":[{\"@type\":\"ReadAction\",\"target\":[\"https:\/\/compuviper.mx\/tienda\/producto\/lenovo-zaef0043mx-idea-tablet-legion-gen-3-con-folio-casevidrio-templado-tb321fu-qualcomm-snapdragon8-gen3-8c-3-30ghz-12gb-ram-256gb-8-8-2-5k-2560x1600-eclipse-black-android-14-1yrc\/\"]}]},{\"@type\":\"BreadcrumbList\",\"@id\":\"https:\/\/compuviper.mx\/tienda\/producto\/lenovo-zaef0043mx-idea-tablet-legion-gen-3-con-folio-casevidrio-templado-tb321fu-qualcomm-snapdragon8-gen3-8c-3-30ghz-12gb-ram-256gb-8-8-2-5k-2560x1600-eclipse-black-android-14-1yrc\/#breadcrumb\",\"itemListElement\":[{\"@type\":\"ListItem\",\"position\":1,\"name\":\"Inicio\",\"item\":\"https:\/\/compuviper.mx\/tienda\/\"},{\"@type\":\"ListItem\",\"position\":2,\"name\":\"Productos\",\"item\":\"https:\/\/compuviper.mx\/tienda\/productos\/\"},{\"@type\":\"ListItem\",\"position\":3,\"name\":\"Tabletas\",\"item\":\"https:\/\/compuviper.mx\/tienda\/categoria-producto\/tabletas\/\"},{\"@type\":\"ListItem\",\"position\":4,\"name\":\"Qualcomm Snapdragon\",\"item\":\"https:\/\/compuviper.mx\/tienda\/categoria-producto\/tabletas\/qualcomm-snapdragon\/\"},{\"@type\":\"ListItem\",\"position\":5,\"name\":\"Lenovo Zaef0043mx Idea Tablet Legion Gen 3 Con Folio Case+vidrio Templado \/ Tb321fu \/ \/ Qualcomm Snapdragon8 Gen3 8c 3.30ghz \/ 12gb Ram \/ 256gb \/ 8.8 2.5k 2560&#215;1600 \/ Eclipse Black \/ Android 14\/1yrcs\"}]},{\"@type\":\"WebSite\",\"@id\":\"https:\/\/compuviper.mx\/tienda\/#website\",\"url\":\"https:\/\/compuviper.mx\/tienda\/\",\"name\":\"Compuviper\",\"description\":\"Proveedor de Computadoras, Laptops, Servidores, Monitores, Puntos de Venta, Teclados,   Impresoras, T\u00f3ner, C\u00e1maras de Seguridad y m\u00e1s en tu tienda en l\u00ednea\",\"publisher\":{\"@id\":\"https:\/\/compuviper.mx\/tienda\/#organization\"},\"potentialAction\":[{\"@type\":\"SearchAction\",\"target\":{\"@type\":\"EntryPoint\",\"urlTemplate\":\"https:\/\/compuviper.mx\/tienda\/?s={search_term_string}\"},\"query-input\":\"required name=search_term_string\"}],\"inLanguage\":\"es-MX\"},{\"@type\":\"Organization\",\"@id\":\"https:\/\/compuviper.mx\/tienda\/#organization\",\"name\":\"Compuviper\",\"url\":\"https:\/\/compuviper.mx\/tienda\/\",\"logo\":{\"@type\":\"ImageObject\",\"inLanguage\":\"es-MX\",\"@id\":\"https:\/\/compuviper.mx\/tienda\/#\/schema\/logo\/image\/\",\"url\":\"https:\/\/compuviper.mx\/tienda\/wp-content\/uploads\/2021\/08\/Logo-Compuviper-10.png\",\"contentUrl\":\"https:\/\/compuviper.mx\/tienda\/wp-content\/uploads\/2021\/08\/Logo-Compuviper-10.png\",\"width\":1000,\"height\":500,\"caption\":\"Compuviper\"},\"image\":{\"@id\":\"https:\/\/compuviper.mx\/tienda\/#\/schema\/logo\/image\/\"},\"sameAs\":[\"https:\/\/www.facebook.com\/compuviper\",\"https:\/\/www.youtube.com\/channel\/UCf73dERp9Y3cfOq7q8BhLjA?view_as=subscriber\"]}]}<\/script>\n<meta property=\"product:brand\" content=\"LENOVO\" \/>\n<meta property=\"product:price:amount\" content=\"6232\" \/>\n<meta property=\"product:price:currency\" content=\"MXN\" \/>\n<meta property=\"og:availability\" content=\"instock\" \/>\n<meta property=\"product:availability\" content=\"instock\" \/>\n<meta property=\"product:retailer_item_id\" content=\"ZAEF0043MX\" \/>\n<meta property=\"product:condition\" content=\"new\" \/>\n<!-- \/ Yoast SEO plugin. -->","yoast_head_json":{"title":"[ Lenovo ] &#129351; Zaef0043mx Idea Tablet Legion Gen 3 Con Folio Case+vidrio Templado \/ Tb321fu \/ \/ Qualcomm Snapdragon8 Gen3 8c 3.30ghz \/ 12gb Ram \/ 256gb \/ 8.8 2.5k 2560x1600 \/ Eclipse Black \/ Android 14\/1yrcs","description":"Compra Zaef0043mx Idea Tablet Legion Gen 3 Con Folio Case+vidrio Templado \/ Tb321fu \/ \/ Qualcomm Snapdragon8 Gen3 8c 3.30ghz \/ 12gb Ram \/ 256gb \/ 8.8 2.5k 2560x1600 \/ Eclipse Black \/ Android 14\/1yrcs + Env\u00edo a domicilio + Pago seguro + Garant\u00eda","robots":{"index":"index","follow":"follow","max-snippet":"max-snippet:-1","max-image-preview":"max-image-preview:large","max-video-preview":"max-video-preview:-1"},"canonical":"https:\/\/compuviper.mx\/tienda\/producto\/lenovo-zaef0043mx-idea-tablet-legion-gen-3-con-folio-casevidrio-templado-tb321fu-qualcomm-snapdragon8-gen3-8c-3-30ghz-12gb-ram-256gb-8-8-2-5k-2560x1600-eclipse-black-android-14-1yrc\/","og_locale":"es_MX","og_type":"article","og_title":"[ Lenovo ] &#129351; Zaef0043mx Idea Tablet Legion Gen 3 Con Folio Case+vidrio Templado \/ Tb321fu \/ \/ Qualcomm Snapdragon8 Gen3 8c 3.30ghz \/ 12gb Ram \/ 256gb \/ 8.8 2.5k 2560x1600 \/ Eclipse Black \/ Android 14\/1yrcs","og_description":"Compra Zaef0043mx Idea Tablet Legion Gen 3 Con Folio Case+vidrio Templado \/ Tb321fu \/ \/ Qualcomm Snapdragon8 Gen3 8c 3.30ghz \/ 12gb Ram \/ 256gb \/ 8.8 2.5k 2560x1600 \/ Eclipse Black \/ Android 14\/1yrcs + Env\u00edo a domicilio + Pago seguro + Garant\u00eda","og_url":"https:\/\/compuviper.mx\/tienda\/producto\/lenovo-zaef0043mx-idea-tablet-legion-gen-3-con-folio-casevidrio-templado-tb321fu-qualcomm-snapdragon8-gen3-8c-3-30ghz-12gb-ram-256gb-8-8-2-5k-2560x1600-eclipse-black-android-14-1yrc\/","og_site_name":"Compuviper","article_publisher":"https:\/\/www.facebook.com\/compuviper","og_image":[{"width":200,"height":200,"url":"https:\/\/compuviper.mx\/tienda\/wp-content\/uploads\/2025\/10\/Lenovo-idea-tablet-legion-gen-3-con-folio-casevidrio-templado-tb321fu-zaef0043mx-qualcomm-snapdragon8-gen3-8c-3.30ghz-12gb-ram-256gb-8.8-2.5k-2560x1600-eclipse-black-android-141yrcs.jpg","type":"image\/jpeg"}],"twitter_card":"summary_large_image","twitter_misc":{"Precio":"&#36;8,571 &#36;6,232 con IVA","Availability":"In stock"},"schema":{"@context":"https:\/\/schema.org","@graph":[{"@type":"WebPage","@id":"https:\/\/compuviper.mx\/tienda\/producto\/lenovo-zaef0043mx-idea-tablet-legion-gen-3-con-folio-casevidrio-templado-tb321fu-qualcomm-snapdragon8-gen3-8c-3-30ghz-12gb-ram-256gb-8-8-2-5k-2560x1600-eclipse-black-android-14-1yrc\/","url":"https:\/\/compuviper.mx\/tienda\/producto\/lenovo-zaef0043mx-idea-tablet-legion-gen-3-con-folio-casevidrio-templado-tb321fu-qualcomm-snapdragon8-gen3-8c-3-30ghz-12gb-ram-256gb-8-8-2-5k-2560x1600-eclipse-black-android-14-1yrc\/","name":"[ Lenovo ] &#129351; Zaef0043mx Idea Tablet Legion Gen 3 Con Folio Case+vidrio Templado \/ Tb321fu \/ \/ Qualcomm Snapdragon8 Gen3 8c 3.30ghz \/ 12gb Ram \/ 256gb \/ 8.8 2.5k 2560x1600 \/ Eclipse Black \/ Android 14\/1yrcs","isPartOf":{"@id":"https:\/\/compuviper.mx\/tienda\/#website"},"datePublished":"2026-04-21T07:25:18+00:00","dateModified":"2026-04-21T07:25:18+00:00","description":"Compra Zaef0043mx Idea Tablet Legion Gen 3 Con Folio Case+vidrio Templado \/ Tb321fu \/ \/ Qualcomm Snapdragon8 Gen3 8c 3.30ghz \/ 12gb Ram \/ 256gb \/ 8.8 2.5k 2560x1600 \/ Eclipse Black \/ Android 14\/1yrcs + Env\u00edo a domicilio + Pago seguro + Garant\u00eda","breadcrumb":{"@id":"https:\/\/compuviper.mx\/tienda\/producto\/lenovo-zaef0043mx-idea-tablet-legion-gen-3-con-folio-casevidrio-templado-tb321fu-qualcomm-snapdragon8-gen3-8c-3-30ghz-12gb-ram-256gb-8-8-2-5k-2560x1600-eclipse-black-android-14-1yrc\/#breadcrumb"},"inLanguage":"es-MX","potentialAction":[{"@type":"ReadAction","target":["https:\/\/compuviper.mx\/tienda\/producto\/lenovo-zaef0043mx-idea-tablet-legion-gen-3-con-folio-casevidrio-templado-tb321fu-qualcomm-snapdragon8-gen3-8c-3-30ghz-12gb-ram-256gb-8-8-2-5k-2560x1600-eclipse-black-android-14-1yrc\/"]}]},{"@type":"BreadcrumbList","@id":"https:\/\/compuviper.mx\/tienda\/producto\/lenovo-zaef0043mx-idea-tablet-legion-gen-3-con-folio-casevidrio-templado-tb321fu-qualcomm-snapdragon8-gen3-8c-3-30ghz-12gb-ram-256gb-8-8-2-5k-2560x1600-eclipse-black-android-14-1yrc\/#breadcrumb","itemListElement":[{"@type":"ListItem","position":1,"name":"Inicio","item":"https:\/\/compuviper.mx\/tienda\/"},{"@type":"ListItem","position":2,"name":"Productos","item":"https:\/\/compuviper.mx\/tienda\/productos\/"},{"@type":"ListItem","position":3,"name":"Tabletas","item":"https:\/\/compuviper.mx\/tienda\/categoria-producto\/tabletas\/"},{"@type":"ListItem","position":4,"name":"Qualcomm Snapdragon","item":"https:\/\/compuviper.mx\/tienda\/categoria-producto\/tabletas\/qualcomm-snapdragon\/"},{"@type":"ListItem","position":5,"name":"Lenovo Zaef0043mx Idea Tablet Legion Gen 3 Con Folio Case+vidrio Templado \/ Tb321fu \/ \/ Qualcomm Snapdragon8 Gen3 8c 3.30ghz \/ 12gb Ram \/ 256gb \/ 8.8 2.5k 2560&#215;1600 \/ Eclipse Black \/ Android 14\/1yrcs"}]},{"@type":"WebSite","@id":"https:\/\/compuviper.mx\/tienda\/#website","url":"https:\/\/compuviper.mx\/tienda\/","name":"Compuviper","description":"Proveedor de Computadoras, Laptops, Servidores, Monitores, Puntos de Venta, Teclados,   Impresoras, T\u00f3ner, C\u00e1maras de Seguridad y m\u00e1s en tu tienda en l\u00ednea","publisher":{"@id":"https:\/\/compuviper.mx\/tienda\/#organization"},"potentialAction":[{"@type":"SearchAction","target":{"@type":"EntryPoint","urlTemplate":"https:\/\/compuviper.mx\/tienda\/?s={search_term_string}"},"query-input":"required name=search_term_string"}],"inLanguage":"es-MX"},{"@type":"Organization","@id":"https:\/\/compuviper.mx\/tienda\/#organization","name":"Compuviper","url":"https:\/\/compuviper.mx\/tienda\/","logo":{"@type":"ImageObject","inLanguage":"es-MX","@id":"https:\/\/compuviper.mx\/tienda\/#\/schema\/logo\/image\/","url":"https:\/\/compuviper.mx\/tienda\/wp-content\/uploads\/2021\/08\/Logo-Compuviper-10.png","contentUrl":"https:\/\/compuviper.mx\/tienda\/wp-content\/uploads\/2021\/08\/Logo-Compuviper-10.png","width":1000,"height":500,"caption":"Compuviper"},"image":{"@id":"https:\/\/compuviper.mx\/tienda\/#\/schema\/logo\/image\/"},"sameAs":["https:\/\/www.facebook.com\/compuviper","https:\/\/www.youtube.com\/channel\/UCf73dERp9Y3cfOq7q8BhLjA?view_as=subscriber"]}]},"product_brand":"LENOVO","product_price_amount":"6232","product_price_currency":"MXN","og_availability":"instock","product_availability":"instock","product_retailer_item_id":"ZAEF0043MX","product_condition":"new"},"_links":{"self":[{"href":"https:\/\/compuviper.mx\/tienda\/wp-json\/wp\/v2\/product\/255094"}],"collection":[{"href":"https:\/\/compuviper.mx\/tienda\/wp-json\/wp\/v2\/product"}],"about":[{"href":"https:\/\/compuviper.mx\/tienda\/wp-json\/wp\/v2\/types\/product"}],"replies":[{"embeddable":true,"href":"https:\/\/compuviper.mx\/tienda\/wp-json\/wp\/v2\/comments?post=255094"}],"wp:featuredmedia":[{"embeddable":true,"href":"https:\/\/compuviper.mx\/tienda\/wp-json\/wp\/v2\/media\/260340"}],"wp:attachment":[{"href":"https:\/\/compuviper.mx\/tienda\/wp-json\/wp\/v2\/media?parent=255094"}],"wp:term":[{"taxonomy":"product_cat","embeddable":true,"href":"https:\/\/compuviper.mx\/tienda\/wp-json\/wp\/v2\/product_cat?post=255094"},{"taxonomy":"product_tag","embeddable":true,"href":"https:\/\/compuviper.mx\/tienda\/wp-json\/wp\/v2\/product_tag?post=255094"}],"curies":[{"name":"wp","href":"https:\/\/api.w.org\/{rel}","templated":true}]}}