{"id":255059,"date":"2026-04-23T00:15:47","date_gmt":"2026-04-23T06:15:47","guid":{"rendered":"https:\/\/compuviper.mx\/tienda\/producto\/dahua-dh-sd2c400na-b-pv-pro-camara-ip-dh-sd2c400na-b-pv-0400-s2-pro-pt-de-4mp-ofrece-vision-wizcolor-smd3-0-proteccion-perimetral-audio-bidireccional-deteccion-de-humanos-ranura-microsd-ip66\/"},"modified":"2026-04-23T00:15:48","modified_gmt":"2026-04-23T06:15:48","slug":"dahua-dh-sd2c400na-b-pv-pro-camara-ip-dh-sd2c400na-b-pv-0400-s2-pro-pt-de-4mp-ofrece-vision-wizcolor-smd3-0-proteccion-perimetral-audio-bidireccional-deteccion-de-humanos-ranura-microsd-ip66","status":"publish","type":"product","link":"https:\/\/compuviper.mx\/tienda\/producto\/dahua-dh-sd2c400na-b-pv-pro-camara-ip-dh-sd2c400na-b-pv-0400-s2-pro-pt-de-4mp-ofrece-vision-wizcolor-smd3-0-proteccion-perimetral-audio-bidireccional-deteccion-de-humanos-ranura-microsd-ip66\/","title":{"rendered":"Dahua Dh-sd2c400na-b-pv-pro Camara Ip\/ \/ Dh-sd2c400na-b-pv-0400-s2-pro\/ Pt De 4mp Ofrece Vision Wizcolor\/ Smd3.0\/ Proteccion Perimetral\/ Audio Bidireccional, Deteccion De Humanos, Ranura Microsd, Ip66 Y Poe"},"content":{"rendered":"<table class=\"descripcion\">\n<tr>\n<td>Caracteristicas principales<\/td>\n<\/tr>\n<tr>\n<td>\u0095 calidad: starvis de 1\/1,8 y 4 megapixeles\u0099cmos.<\/td>\n<\/tr>\n<tr>\n<td>\u0095 tecnologia: wizcolor, smd3.0.<\/td>\n<\/tr>\n<tr>\n<td>\u0095 resolucion: max. 25\/30 fps a 4 mp.<\/td>\n<\/tr>\n<tr>\n<td>\u0095 codificacion: h.265.<\/td>\n<\/tr>\n<tr>\n<td>\u0095 comunicacion: conversacion bidireccional.<\/td>\n<\/tr>\n<tr>\n<td>\u0095 funciones: seguimiento inteligente (lite), proteccion perimetral.<\/td>\n<\/tr>\n<tr>\n<td>\u0095 proteccion: ip66.<\/td>\n<\/tr>\n<tr>\n<td>Especificaciones tecnicas<\/td>\n<\/tr>\n<tr>\n<td>\u0095 fuente de alimentacion: 12 vcc, 1 a \u00b1 10 % poe (802.3af)<\/td>\n<\/tr>\n<tr>\n<td>\u0095 consumo de energia: poe: basico: 3,6 w max.: 9,5 w (iluminador + ptz)<\/td>\n<\/tr>\n<tr>\n<td>\u0095 temperatura de funcionamiento:  and #8210; 30 \u00b0c a +55 \u00b0c<\/td>\n<\/tr>\n<tr>\n<td>\u0095 humedad de funcionamiento:  and #8804;95 %<\/td>\n<\/tr>\n<tr>\n<td>\u0095 dimensiones del producto: 153,5 mm \u00d7  and #934;129,3 mm<\/td>\n<\/tr>\n<tr>\n<td>\u0095 peso neto: 0,66 kg<\/td>\n<\/tr>\n<tr>\n<td>Incluye<\/td>\n<\/tr>\n<tr>\n<td>\u0095 x1 camara domo dh-sd2c400na-b-pv-0400-s2-pro<\/td>\n<\/tr>\n<tr>\n<td>\u0095 x1 manual de usuario<\/td>\n<\/tr>\n<tr>\n<td>\u0095 x1 poliza de garantia<\/td>\n<\/tr>\n<\/table>\n","protected":false},"excerpt":{"rendered":"<p>Informacion general. La dahua dh-sd2c400na-b-pv-0400-s2-pro es una camara ip pt de 4 megapixeles disenada para ofrecer monitoreo avanzado y confiable. Con tecnologia wizcolor, asegura imagenes claras en cualquier condicion de luz. Su sistema de deteccion inteligente smd3.0 y la proteccion perimetral garantizan seguridad precisa, mientras que el audio bidireccional facilita la comunicacion. Ademas, cuenta con deteccion de humanos, ranura para microsd, alimentacion poey certificacion ip66, que la hace ideal para entornos exteriores. Es una solucion completa que combina funciones avanzadas, resistencia y facilidad de uso para satisfacer las necesidades de vigilancia mas exigentes<\/p>\n","protected":false},"featured_media":259448,"comment_status":"open","ping_status":"open","template":"","meta":[],"product_cat":[1608,1681],"product_tag":[1555],"acf":[],"yoast_head":"<!-- This site is optimized with the Yoast SEO plugin v21.7 - https:\/\/yoast.com\/wordpress\/plugins\/seo\/ -->\n<title>[ Dahua ] &#129351; Dh-sd2c400na-b-pv-pro Camara Ip\/ \/ Dh-sd2c400na-b-pv-0400-s2-pro\/ Pt De 4mp Ofrece Vision Wizcolor\/ Smd3.0\/ Proteccion Perimetral\/ Audio Bidireccional, Deteccion De Humanos, Ranura Microsd, Ip66 Y Poe<\/title>\n<meta name=\"description\" content=\"Compra Dh-sd2c400na-b-pv-pro Camara Ip\/ \/ Dh-sd2c400na-b-pv-0400-s2-pro\/ Pt De 4mp Ofrece Vision Wizcolor\/ Smd3.0\/ Proteccion Perimetral\/ Audio Bidireccional, Deteccion De Humanos, Ranura Microsd, Ip66 Y Poe + Env\u00edo a domicilio + Pago seguro + Garant\u00eda\" \/>\n<meta name=\"robots\" content=\"index, follow, max-snippet:-1, max-image-preview:large, max-video-preview:-1\" \/>\n<link rel=\"canonical\" href=\"https:\/\/compuviper.mx\/tienda\/producto\/dahua-dh-sd2c400na-b-pv-pro-camara-ip-dh-sd2c400na-b-pv-0400-s2-pro-pt-de-4mp-ofrece-vision-wizcolor-smd3-0-proteccion-perimetral-audio-bidireccional-deteccion-de-humanos-ranura-microsd-ip66\/\" \/>\n<meta property=\"og:locale\" content=\"es_MX\" \/>\n<meta property=\"og:type\" content=\"article\" \/>\n<meta property=\"og:title\" content=\"[ Dahua ] &#129351; Dh-sd2c400na-b-pv-pro Camara Ip\/ \/ Dh-sd2c400na-b-pv-0400-s2-pro\/ Pt De 4mp Ofrece Vision Wizcolor\/ Smd3.0\/ Proteccion Perimetral\/ Audio Bidireccional, Deteccion De Humanos, Ranura Microsd, Ip66 Y Poe\" \/>\n<meta property=\"og:description\" content=\"Compra Dh-sd2c400na-b-pv-pro Camara Ip\/ \/ Dh-sd2c400na-b-pv-0400-s2-pro\/ Pt De 4mp Ofrece Vision Wizcolor\/ Smd3.0\/ Proteccion Perimetral\/ Audio Bidireccional, Deteccion De Humanos, Ranura Microsd, Ip66 Y Poe + Env\u00edo a domicilio + Pago seguro + Garant\u00eda\" \/>\n<meta property=\"og:url\" content=\"https:\/\/compuviper.mx\/tienda\/producto\/dahua-dh-sd2c400na-b-pv-pro-camara-ip-dh-sd2c400na-b-pv-0400-s2-pro-pt-de-4mp-ofrece-vision-wizcolor-smd3-0-proteccion-perimetral-audio-bidireccional-deteccion-de-humanos-ranura-microsd-ip66\/\" \/>\n<meta property=\"og:site_name\" content=\"Compuviper\" \/>\n<meta property=\"article:publisher\" content=\"https:\/\/www.facebook.com\/compuviper\" \/>\n<meta property=\"article:modified_time\" content=\"2026-04-23T06:15:48+00:00\" \/>\n<meta property=\"og:image\" content=\"https:\/\/compuviper.mx\/tienda\/wp-content\/uploads\/2025\/10\/Camara-ip-dahua-dh-sd2c400na-b-pv-0400-s2-pro-pt-de-4mp-ofrece-vision-wizcolor-smd3.0-proteccion-perimetral-audio-bidireccional-deteccion-de-humanos-ranura-microsd-ip66-y-poe.jpg\" \/>\n\t<meta property=\"og:image:width\" content=\"200\" \/>\n\t<meta property=\"og:image:height\" content=\"200\" \/>\n\t<meta property=\"og:image:type\" content=\"image\/jpeg\" \/>\n<meta name=\"twitter:card\" content=\"summary_large_image\" \/>\n<meta name=\"twitter:label1\" content=\"Precio\" \/>\n\t<meta name=\"twitter:data1\" content=\"&#36;1,698 con IVA\" \/>\n\t<meta name=\"twitter:label2\" content=\"Availability\" \/>\n\t<meta name=\"twitter:data2\" content=\"In stock\" \/>\n<script type=\"application\/ld+json\" class=\"yoast-schema-graph\">{\"@context\":\"https:\/\/schema.org\",\"@graph\":[{\"@type\":\"WebPage\",\"@id\":\"https:\/\/compuviper.mx\/tienda\/producto\/dahua-dh-sd2c400na-b-pv-pro-camara-ip-dh-sd2c400na-b-pv-0400-s2-pro-pt-de-4mp-ofrece-vision-wizcolor-smd3-0-proteccion-perimetral-audio-bidireccional-deteccion-de-humanos-ranura-microsd-ip66\/\",\"url\":\"https:\/\/compuviper.mx\/tienda\/producto\/dahua-dh-sd2c400na-b-pv-pro-camara-ip-dh-sd2c400na-b-pv-0400-s2-pro-pt-de-4mp-ofrece-vision-wizcolor-smd3-0-proteccion-perimetral-audio-bidireccional-deteccion-de-humanos-ranura-microsd-ip66\/\",\"name\":\"[ Dahua ] &#129351; Dh-sd2c400na-b-pv-pro Camara Ip\/ \/ Dh-sd2c400na-b-pv-0400-s2-pro\/ Pt De 4mp Ofrece Vision Wizcolor\/ Smd3.0\/ Proteccion Perimetral\/ Audio Bidireccional, Deteccion De Humanos, Ranura Microsd, Ip66 Y Poe\",\"isPartOf\":{\"@id\":\"https:\/\/compuviper.mx\/tienda\/#website\"},\"datePublished\":\"2026-04-23T06:15:47+00:00\",\"dateModified\":\"2026-04-23T06:15:48+00:00\",\"description\":\"Compra Dh-sd2c400na-b-pv-pro Camara Ip\/ \/ Dh-sd2c400na-b-pv-0400-s2-pro\/ Pt De 4mp Ofrece Vision Wizcolor\/ Smd3.0\/ Proteccion Perimetral\/ Audio Bidireccional, Deteccion De Humanos, Ranura Microsd, Ip66 Y Poe + Env\u00edo a domicilio + Pago seguro + Garant\u00eda\",\"breadcrumb\":{\"@id\":\"https:\/\/compuviper.mx\/tienda\/producto\/dahua-dh-sd2c400na-b-pv-pro-camara-ip-dh-sd2c400na-b-pv-0400-s2-pro-pt-de-4mp-ofrece-vision-wizcolor-smd3-0-proteccion-perimetral-audio-bidireccional-deteccion-de-humanos-ranura-microsd-ip66\/#breadcrumb\"},\"inLanguage\":\"es-MX\",\"potentialAction\":[{\"@type\":\"ReadAction\",\"target\":[\"https:\/\/compuviper.mx\/tienda\/producto\/dahua-dh-sd2c400na-b-pv-pro-camara-ip-dh-sd2c400na-b-pv-0400-s2-pro-pt-de-4mp-ofrece-vision-wizcolor-smd3-0-proteccion-perimetral-audio-bidireccional-deteccion-de-humanos-ranura-microsd-ip66\/\"]}]},{\"@type\":\"BreadcrumbList\",\"@id\":\"https:\/\/compuviper.mx\/tienda\/producto\/dahua-dh-sd2c400na-b-pv-pro-camara-ip-dh-sd2c400na-b-pv-0400-s2-pro-pt-de-4mp-ofrece-vision-wizcolor-smd3-0-proteccion-perimetral-audio-bidireccional-deteccion-de-humanos-ranura-microsd-ip66\/#breadcrumb\",\"itemListElement\":[{\"@type\":\"ListItem\",\"position\":1,\"name\":\"Inicio\",\"item\":\"https:\/\/compuviper.mx\/tienda\/\"},{\"@type\":\"ListItem\",\"position\":2,\"name\":\"Productos\",\"item\":\"https:\/\/compuviper.mx\/tienda\/productos\/\"},{\"@type\":\"ListItem\",\"position\":3,\"name\":\"Camaras\",\"item\":\"https:\/\/compuviper.mx\/tienda\/categoria-producto\/camaras-2\/\"},{\"@type\":\"ListItem\",\"position\":4,\"name\":\"Camara De Videovigilancia\",\"item\":\"https:\/\/compuviper.mx\/tienda\/categoria-producto\/camaras-2\/camara-de-videovigilancia\/\"},{\"@type\":\"ListItem\",\"position\":5,\"name\":\"Dahua Dh-sd2c400na-b-pv-pro Camara Ip\/ \/ Dh-sd2c400na-b-pv-0400-s2-pro\/ Pt De 4mp Ofrece Vision Wizcolor\/ Smd3.0\/ Proteccion Perimetral\/ Audio Bidireccional, Deteccion De Humanos, Ranura Microsd, Ip66 Y Poe\"}]},{\"@type\":\"WebSite\",\"@id\":\"https:\/\/compuviper.mx\/tienda\/#website\",\"url\":\"https:\/\/compuviper.mx\/tienda\/\",\"name\":\"Compuviper\",\"description\":\"Proveedor de Computadoras, Laptops, Servidores, Monitores, Puntos de Venta, Teclados,   Impresoras, T\u00f3ner, C\u00e1maras de Seguridad y m\u00e1s en tu tienda en l\u00ednea\",\"publisher\":{\"@id\":\"https:\/\/compuviper.mx\/tienda\/#organization\"},\"potentialAction\":[{\"@type\":\"SearchAction\",\"target\":{\"@type\":\"EntryPoint\",\"urlTemplate\":\"https:\/\/compuviper.mx\/tienda\/?s={search_term_string}\"},\"query-input\":\"required name=search_term_string\"}],\"inLanguage\":\"es-MX\"},{\"@type\":\"Organization\",\"@id\":\"https:\/\/compuviper.mx\/tienda\/#organization\",\"name\":\"Compuviper\",\"url\":\"https:\/\/compuviper.mx\/tienda\/\",\"logo\":{\"@type\":\"ImageObject\",\"inLanguage\":\"es-MX\",\"@id\":\"https:\/\/compuviper.mx\/tienda\/#\/schema\/logo\/image\/\",\"url\":\"https:\/\/compuviper.mx\/tienda\/wp-content\/uploads\/2021\/08\/Logo-Compuviper-10.png\",\"contentUrl\":\"https:\/\/compuviper.mx\/tienda\/wp-content\/uploads\/2021\/08\/Logo-Compuviper-10.png\",\"width\":1000,\"height\":500,\"caption\":\"Compuviper\"},\"image\":{\"@id\":\"https:\/\/compuviper.mx\/tienda\/#\/schema\/logo\/image\/\"},\"sameAs\":[\"https:\/\/www.facebook.com\/compuviper\",\"https:\/\/www.youtube.com\/channel\/UCf73dERp9Y3cfOq7q8BhLjA?view_as=subscriber\"]}]}<\/script>\n<meta property=\"product:brand\" content=\"DAHUA\" \/>\n<meta property=\"product:price:amount\" content=\"1698\" \/>\n<meta property=\"product:price:currency\" content=\"MXN\" \/>\n<meta property=\"og:availability\" content=\"instock\" \/>\n<meta property=\"product:availability\" content=\"instock\" \/>\n<meta property=\"product:retailer_item_id\" content=\"DH-SD2C400NA-B-PV-PRO\" \/>\n<meta property=\"product:condition\" content=\"new\" \/>\n<!-- \/ Yoast SEO plugin. -->","yoast_head_json":{"title":"[ Dahua ] &#129351; Dh-sd2c400na-b-pv-pro Camara Ip\/ \/ Dh-sd2c400na-b-pv-0400-s2-pro\/ Pt De 4mp Ofrece Vision Wizcolor\/ Smd3.0\/ Proteccion Perimetral\/ Audio Bidireccional, Deteccion De Humanos, Ranura Microsd, Ip66 Y Poe","description":"Compra Dh-sd2c400na-b-pv-pro Camara Ip\/ \/ Dh-sd2c400na-b-pv-0400-s2-pro\/ Pt De 4mp Ofrece Vision Wizcolor\/ Smd3.0\/ Proteccion Perimetral\/ Audio Bidireccional, Deteccion De Humanos, Ranura Microsd, Ip66 Y Poe + Env\u00edo a domicilio + Pago seguro + Garant\u00eda","robots":{"index":"index","follow":"follow","max-snippet":"max-snippet:-1","max-image-preview":"max-image-preview:large","max-video-preview":"max-video-preview:-1"},"canonical":"https:\/\/compuviper.mx\/tienda\/producto\/dahua-dh-sd2c400na-b-pv-pro-camara-ip-dh-sd2c400na-b-pv-0400-s2-pro-pt-de-4mp-ofrece-vision-wizcolor-smd3-0-proteccion-perimetral-audio-bidireccional-deteccion-de-humanos-ranura-microsd-ip66\/","og_locale":"es_MX","og_type":"article","og_title":"[ Dahua ] &#129351; Dh-sd2c400na-b-pv-pro Camara Ip\/ \/ Dh-sd2c400na-b-pv-0400-s2-pro\/ Pt De 4mp Ofrece Vision Wizcolor\/ Smd3.0\/ Proteccion Perimetral\/ Audio Bidireccional, Deteccion De Humanos, Ranura Microsd, Ip66 Y Poe","og_description":"Compra Dh-sd2c400na-b-pv-pro Camara Ip\/ \/ Dh-sd2c400na-b-pv-0400-s2-pro\/ Pt De 4mp Ofrece Vision Wizcolor\/ Smd3.0\/ Proteccion Perimetral\/ Audio Bidireccional, Deteccion De Humanos, Ranura Microsd, Ip66 Y Poe + Env\u00edo a domicilio + Pago seguro + Garant\u00eda","og_url":"https:\/\/compuviper.mx\/tienda\/producto\/dahua-dh-sd2c400na-b-pv-pro-camara-ip-dh-sd2c400na-b-pv-0400-s2-pro-pt-de-4mp-ofrece-vision-wizcolor-smd3-0-proteccion-perimetral-audio-bidireccional-deteccion-de-humanos-ranura-microsd-ip66\/","og_site_name":"Compuviper","article_publisher":"https:\/\/www.facebook.com\/compuviper","article_modified_time":"2026-04-23T06:15:48+00:00","og_image":[{"width":200,"height":200,"url":"https:\/\/compuviper.mx\/tienda\/wp-content\/uploads\/2025\/10\/Camara-ip-dahua-dh-sd2c400na-b-pv-0400-s2-pro-pt-de-4mp-ofrece-vision-wizcolor-smd3.0-proteccion-perimetral-audio-bidireccional-deteccion-de-humanos-ranura-microsd-ip66-y-poe.jpg","type":"image\/jpeg"}],"twitter_card":"summary_large_image","twitter_misc":{"Precio":"&#36;1,698 con IVA","Availability":"In stock"},"schema":{"@context":"https:\/\/schema.org","@graph":[{"@type":"WebPage","@id":"https:\/\/compuviper.mx\/tienda\/producto\/dahua-dh-sd2c400na-b-pv-pro-camara-ip-dh-sd2c400na-b-pv-0400-s2-pro-pt-de-4mp-ofrece-vision-wizcolor-smd3-0-proteccion-perimetral-audio-bidireccional-deteccion-de-humanos-ranura-microsd-ip66\/","url":"https:\/\/compuviper.mx\/tienda\/producto\/dahua-dh-sd2c400na-b-pv-pro-camara-ip-dh-sd2c400na-b-pv-0400-s2-pro-pt-de-4mp-ofrece-vision-wizcolor-smd3-0-proteccion-perimetral-audio-bidireccional-deteccion-de-humanos-ranura-microsd-ip66\/","name":"[ Dahua ] &#129351; Dh-sd2c400na-b-pv-pro Camara Ip\/ \/ Dh-sd2c400na-b-pv-0400-s2-pro\/ Pt De 4mp Ofrece Vision Wizcolor\/ Smd3.0\/ Proteccion Perimetral\/ Audio Bidireccional, Deteccion De Humanos, Ranura Microsd, Ip66 Y Poe","isPartOf":{"@id":"https:\/\/compuviper.mx\/tienda\/#website"},"datePublished":"2026-04-23T06:15:47+00:00","dateModified":"2026-04-23T06:15:48+00:00","description":"Compra Dh-sd2c400na-b-pv-pro Camara Ip\/ \/ Dh-sd2c400na-b-pv-0400-s2-pro\/ Pt De 4mp Ofrece Vision Wizcolor\/ Smd3.0\/ Proteccion Perimetral\/ Audio Bidireccional, Deteccion De Humanos, Ranura Microsd, Ip66 Y Poe + Env\u00edo a domicilio + Pago seguro + Garant\u00eda","breadcrumb":{"@id":"https:\/\/compuviper.mx\/tienda\/producto\/dahua-dh-sd2c400na-b-pv-pro-camara-ip-dh-sd2c400na-b-pv-0400-s2-pro-pt-de-4mp-ofrece-vision-wizcolor-smd3-0-proteccion-perimetral-audio-bidireccional-deteccion-de-humanos-ranura-microsd-ip66\/#breadcrumb"},"inLanguage":"es-MX","potentialAction":[{"@type":"ReadAction","target":["https:\/\/compuviper.mx\/tienda\/producto\/dahua-dh-sd2c400na-b-pv-pro-camara-ip-dh-sd2c400na-b-pv-0400-s2-pro-pt-de-4mp-ofrece-vision-wizcolor-smd3-0-proteccion-perimetral-audio-bidireccional-deteccion-de-humanos-ranura-microsd-ip66\/"]}]},{"@type":"BreadcrumbList","@id":"https:\/\/compuviper.mx\/tienda\/producto\/dahua-dh-sd2c400na-b-pv-pro-camara-ip-dh-sd2c400na-b-pv-0400-s2-pro-pt-de-4mp-ofrece-vision-wizcolor-smd3-0-proteccion-perimetral-audio-bidireccional-deteccion-de-humanos-ranura-microsd-ip66\/#breadcrumb","itemListElement":[{"@type":"ListItem","position":1,"name":"Inicio","item":"https:\/\/compuviper.mx\/tienda\/"},{"@type":"ListItem","position":2,"name":"Productos","item":"https:\/\/compuviper.mx\/tienda\/productos\/"},{"@type":"ListItem","position":3,"name":"Camaras","item":"https:\/\/compuviper.mx\/tienda\/categoria-producto\/camaras-2\/"},{"@type":"ListItem","position":4,"name":"Camara De Videovigilancia","item":"https:\/\/compuviper.mx\/tienda\/categoria-producto\/camaras-2\/camara-de-videovigilancia\/"},{"@type":"ListItem","position":5,"name":"Dahua Dh-sd2c400na-b-pv-pro Camara Ip\/ \/ Dh-sd2c400na-b-pv-0400-s2-pro\/ Pt De 4mp Ofrece Vision Wizcolor\/ Smd3.0\/ Proteccion Perimetral\/ Audio Bidireccional, Deteccion De Humanos, Ranura Microsd, Ip66 Y Poe"}]},{"@type":"WebSite","@id":"https:\/\/compuviper.mx\/tienda\/#website","url":"https:\/\/compuviper.mx\/tienda\/","name":"Compuviper","description":"Proveedor de Computadoras, Laptops, Servidores, Monitores, Puntos de Venta, Teclados,   Impresoras, T\u00f3ner, C\u00e1maras de Seguridad y m\u00e1s en tu tienda en l\u00ednea","publisher":{"@id":"https:\/\/compuviper.mx\/tienda\/#organization"},"potentialAction":[{"@type":"SearchAction","target":{"@type":"EntryPoint","urlTemplate":"https:\/\/compuviper.mx\/tienda\/?s={search_term_string}"},"query-input":"required name=search_term_string"}],"inLanguage":"es-MX"},{"@type":"Organization","@id":"https:\/\/compuviper.mx\/tienda\/#organization","name":"Compuviper","url":"https:\/\/compuviper.mx\/tienda\/","logo":{"@type":"ImageObject","inLanguage":"es-MX","@id":"https:\/\/compuviper.mx\/tienda\/#\/schema\/logo\/image\/","url":"https:\/\/compuviper.mx\/tienda\/wp-content\/uploads\/2021\/08\/Logo-Compuviper-10.png","contentUrl":"https:\/\/compuviper.mx\/tienda\/wp-content\/uploads\/2021\/08\/Logo-Compuviper-10.png","width":1000,"height":500,"caption":"Compuviper"},"image":{"@id":"https:\/\/compuviper.mx\/tienda\/#\/schema\/logo\/image\/"},"sameAs":["https:\/\/www.facebook.com\/compuviper","https:\/\/www.youtube.com\/channel\/UCf73dERp9Y3cfOq7q8BhLjA?view_as=subscriber"]}]},"product_brand":"DAHUA","product_price_amount":"1698","product_price_currency":"MXN","og_availability":"instock","product_availability":"instock","product_retailer_item_id":"DH-SD2C400NA-B-PV-PRO","product_condition":"new"},"_links":{"self":[{"href":"https:\/\/compuviper.mx\/tienda\/wp-json\/wp\/v2\/product\/255059"}],"collection":[{"href":"https:\/\/compuviper.mx\/tienda\/wp-json\/wp\/v2\/product"}],"about":[{"href":"https:\/\/compuviper.mx\/tienda\/wp-json\/wp\/v2\/types\/product"}],"replies":[{"embeddable":true,"href":"https:\/\/compuviper.mx\/tienda\/wp-json\/wp\/v2\/comments?post=255059"}],"wp:featuredmedia":[{"embeddable":true,"href":"https:\/\/compuviper.mx\/tienda\/wp-json\/wp\/v2\/media\/259448"}],"wp:attachment":[{"href":"https:\/\/compuviper.mx\/tienda\/wp-json\/wp\/v2\/media?parent=255059"}],"wp:term":[{"taxonomy":"product_cat","embeddable":true,"href":"https:\/\/compuviper.mx\/tienda\/wp-json\/wp\/v2\/product_cat?post=255059"},{"taxonomy":"product_tag","embeddable":true,"href":"https:\/\/compuviper.mx\/tienda\/wp-json\/wp\/v2\/product_tag?post=255059"}],"curies":[{"name":"wp","href":"https:\/\/api.w.org\/{rel}","templated":true}]}}