{"id":254940,"date":"2026-04-29T00:42:54","date_gmt":"2026-04-29T06:42:54","guid":{"rendered":"https:\/\/compuviper.mx\/tienda\/producto\/lg-65tr3dq-monitor-interactivo-touchscreen-de-65-p-uhd-400-nits-de-brillo-puntos-multi-tactil-de-escritura-40-hdmi-3-entrada-rgb-audio-entrada-rs232c-rj45-usb-2-0-android-14\/"},"modified":"2026-04-29T00:42:54","modified_gmt":"2026-04-29T06:42:54","slug":"lg-65tr3dq-monitor-interactivo-touchscreen-de-65-p-uhd-400-nits-de-brillo-puntos-multi-tactil-de-escritura-40-hdmi-3-entrada-rgb-audio-entrada-rs232c-rj45-usb-2-0-android-14","status":"publish","type":"product","link":"https:\/\/compuviper.mx\/tienda\/producto\/lg-65tr3dq-monitor-interactivo-touchscreen-de-65-p-uhd-400-nits-de-brillo-puntos-multi-tactil-de-escritura-40-hdmi-3-entrada-rgb-audio-entrada-rs232c-rj45-usb-2-0-android-14\/","title":{"rendered":"Lg 65tr3dq Monitor Interactivo Touchscreen  De 65 P,  Uhd, 400 Nits De Brillo, Puntos Multi-tactil De Escritura 40 Hdmi 3, Entrada Rgb\/audio, Entrada Rs232c, Rj45, Usb 2.0, Android 14"},"content":{"rendered":"<table class=\"descripcion\">\n<tr>\n<td>Panel<\/td>\n<\/tr>\n<tr>\n<td>Tamano de pantalla 65<\/td>\n<\/tr>\n<tr>\n<td>Panel tecnologa va<\/td>\n<\/tr>\n<tr>\n<td>Tipo de luz de fondo directa<\/td>\n<\/tr>\n<tr>\n<td>Relacion de aspecto 16: 9<\/td>\n<\/tr>\n<tr>\n<td>Resolucion nativa 3840 x 2160 uhd<\/td>\n<\/tr>\n<tr>\n<td>Frecuencia de actualizacion 60 hz<\/td>\n<\/tr>\n<tr>\n<td>Brillo 400 nit sin glass max., 390 nit sin glass typ.<\/td>\n<\/tr>\n<tr>\n<td>Relacin de contraste 1200 : 1<\/td>\n<\/tr>\n<tr>\n<td>Gama de colores ntsc 72<\/td>\n<\/tr>\n<tr>\n<td>\u00e1ngulo de visin h x v 178 178<\/td>\n<\/tr>\n<tr>\n<td>Profundidad de color 10 bits 8 bits frc<\/td>\n<\/tr>\n<tr>\n<td>Tiempo de respuesta 8ms<\/td>\n<\/tr>\n<tr>\n<td>Tratamiento de superficie haze 25<\/td>\n<\/tr>\n<tr>\n<td>Vida til 30.000 horas mn.<\/td>\n<\/tr>\n<tr>\n<td>Horas de operacion horas \/ das 16 \/ 7<\/td>\n<\/tr>\n<tr>\n<td>Retrato \/ paisaje no \/ s<\/td>\n<\/tr>\n<tr>\n<td>Especificacion mec\u00e1nica<\/td>\n<\/tr>\n<tr>\n<td>Color del bisel negro<\/td>\n<\/tr>\n<tr>\n<td>Ancho del bisel t \/ r \/ l \/ b 18 \/ 18 \/ 18 \/ 45 mm<\/td>\n<\/tr>\n<tr>\n<td>Peso 26,1 kg<\/td>\n<\/tr>\n<tr>\n<td>Peso embalado 34,5 kg<\/td>\n<\/tr>\n<tr>\n<td>Dimensiones del monitor an. al. pr. 1271 774 87 mm<\/td>\n<\/tr>\n<tr>\n<td>Dimensiones de la caja an. al. pr. tamao exterior de la caja 1401 859 220 mm<\/td>\n<\/tr>\n<tr>\n<td>Mango s<\/td>\n<\/tr>\n<tr>\n<td>Interfaz de montaje est\u00e1ndar vesa\u0099 400 200 mm<\/td>\n<\/tr>\n<tr>\n<td>Condiciones ambientales<\/td>\n<\/tr>\n<tr>\n<td>Temperatura de operacin 0 a 40\u00b0c<\/td>\n<\/tr>\n<tr>\n<td>Humedad de operacin 10 a 90 hr<\/td>\n<\/tr>\n<tr>\n<td>Fuente de alimentacin 100-240 v ~, 50\/60 hz, 3,5 a<\/td>\n<\/tr>\n<tr>\n<td>Tipo de energa energa incorporada<\/td>\n<\/tr>\n<tr>\n<td>El consumo de energa<\/td>\n<\/tr>\n<tr>\n<td>Tp.\/m\u00e1x. 170 \/ 395w<\/td>\n<\/tr>\n<tr>\n<td>Dpm 0,5 w and 8595;<\/td>\n<\/tr>\n<tr>\n<td>Apagar 0,5 w and 8595;<\/td>\n<\/tr>\n<tr>\n<td>Btu unidad trmica brit\u00e1nica 580 btu\/h tp., 1348 btu\/h m\u00e1x.<\/td>\n<\/tr>\n<tr>\n<td>Certificacin<\/td>\n<\/tr>\n<tr>\n<td>Seguridad cb \/ nrtl<\/td>\n<\/tr>\n<tr>\n<td>Emc fcc clase a \/ ce \/ kc<\/td>\n<\/tr>\n<tr>\n<td>Erp \/ energy star s \/ s<\/td>\n<\/tr>\n<tr>\n<td>Compatibilidad con ops<\/td>\n<\/tr>\n<tr>\n<td>Compatible con el tipo ops s ranura<\/td>\n<\/tr>\n<tr>\n<td>Potencia ops integrada s<\/td>\n<\/tr>\n<tr>\n<td>Compatibilidad de programas<\/td>\n<\/tr>\n<tr>\n<td>Lg connectedcare s<\/td>\n<\/tr>\n<tr>\n<td>Lg connectedcare dms s<\/td>\n<\/tr>\n<tr>\n<td>Conectividad<\/td>\n<\/tr>\n<tr>\n<td>Entrada hdmi 3, hdcp 2.2, rgb vga, entrada de audio, entrada rs-232c, rj45 lan, usb 3.0 tipo a 4, usb 2.0 tipo a, usb tipo c usb-pd, dp- alternativasalida salida hdmi, salida de audio 1, ptica 1 spdif, usb t\u00e1ctil 2, rj45 lan<\/td>\n<\/tr>\n<tr>\n<td>Sonido<\/td>\n<\/tr>\n<tr>\n<td>Altavoz s 15 w 2<\/td>\n<\/tr>\n<tr>\n<td>Idioma<\/td>\n<\/tr>\n<tr>\n<td>Ingls, dans, finlands, alem\u00e1n, coreano, noruego, polaco, portugus europa, portugus brasil, rumano, espaol, sueco, hngaro, tailands<\/td>\n<\/tr>\n<tr>\n<td>Accesorio<\/td>\n<\/tr>\n<tr>\n<td>Cable de alimentacin b\u00e1sico 3 m 1, cable usb tipo a-tipo b 5 m 1, cable hdmi 3 m 1, l\u00e1piz de escritura 2 piezas, manual del usuario, qsg, caja de cartn, control remoto, mdulo wifi<\/td>\n<\/tr>\n<tr>\n<td>Touch<\/td>\n<\/tr>\n<tr>\n<td>Tamao de objeto disponible para touch 2 mm and 8593;<\/td>\n<\/tr>\n<tr>\n<td>Tiempo de respuesta  and 8804;5ms<\/td>\n<\/tr>\n<tr>\n<td>Precisin \u00b11 mm<\/td>\n<\/tr>\n<tr>\n<td>Interfaz usb 2.0<\/td>\n<\/tr>\n<tr>\n<td>Espesor cristal de proteccin 3 t antideslumbrante<\/td>\n<\/tr>\n<tr>\n<td>Vidrio de proteccin transmisin 88<\/td>\n<\/tr>\n<tr>\n<td>Sistema operativo compatible con windows 7\/8\/10\/linux\/mac\/android compatible con un punto t\u00e1ctil en linux\/mac<\/td>\n<\/tr>\n<tr>\n<td>Punto multit\u00e1ctil m\u00e1x. 40 puntos<\/td>\n<\/tr>\n<tr>\n<td>Android 14<\/td>\n<\/tr>\n<tr>\n<td>Soc de cuatro ncleos a55<\/td>\n<\/tr>\n<tr>\n<td>Gpu mal g52mp2<\/td>\n<\/tr>\n<tr>\n<td>Memoria interna 32gb<\/td>\n<\/tr>\n<tr>\n<td>Ram 8gb<\/td>\n<\/tr>\n<tr>\n<td>Wifi 802.11a\/b\/g\/n\/ac\/ax wi-fi 6<\/td>\n<\/tr>\n<tr>\n<td>Lan gigabit lan<\/td>\n<\/tr>\n<tr>\n<td>Bluetooth bluetooth 5.0<\/td>\n<\/tr>\n<tr>\n<td>Funcin clave<\/td>\n<\/tr>\n<tr>\n<td>Memoria interna 64 gb, wi-fi integrado tipo ranura, sensor de brillo autom\u00e1tico, indicador de encendido, webos ver. android 14.0, imagen de fondo imagen del logotipo de arranque, pantalla mltiple pip\/pbp, fuente externa, pantalla compartida lg createboard share, energa smart energy saving, wake on lan<\/td>\n<\/tr>\n<\/table>\n","protected":false},"excerpt":{"rendered":"<p>La serie tr3dq puede utilizar simult\u00e1neamente hasta 40 puntos multit\u00e1ctiles. Esta funcin ofrece una experiencia t\u00e1ctil muy realista del tablero y facilita la participacin. El l\u00e1piz digital est\u00e1 disponible en dos colores diferentes y con dos tamaos de punta distintos, de 3 mm y 8 mm. Los l\u00e1pices dobles permiten a los usuarios escribir o dibujar simult\u00e1neamente. Air class admite la conexin de hasta 30 estudiantes y ofrece reuniones interactivas para dispositivos mviles en la misma red, lo que proporciona una variedad de herramientas como votar, responder y compartir textos de proyectos. Se puede acceder f\u00e1cilmente a air class desde la barra de herramientas principal del tr3dj. Screenshare pro te permite mostrar hasta seis pantallas compartidas o un archivo en una pantalla en tiempo real, adem\u00e1s de mejorar su uso al permitir a los usuarios compartir en una misma red el mirroring de chromecast y de dispositivos apple sin necesidad de ninguna aplicacin adicional. La serie tr3dj admite un navegador web android integrado, para que puedas buscar en la web de forma f\u00e1cil y r\u00e1pida, sin necesidad de conectarte a una tableta u ordenador externo.<\/p>\n","protected":false},"featured_media":259960,"comment_status":"open","ping_status":"open","template":"","meta":[],"product_cat":[2202,1740],"product_tag":[1687],"acf":[],"yoast_head":"<!-- This site is optimized with the Yoast SEO plugin v21.7 - https:\/\/yoast.com\/wordpress\/plugins\/seo\/ -->\n<title>[ Lg ] &#129351; 65tr3dq Monitor Interactivo Touchscreen De 65 P, Uhd, 400 Nits De Brillo, Puntos Multi-tactil De Escritura 40 Hdmi 3, Entrada Rgb\/audio, Entrada Rs232c, Rj45, Usb 2.0, Android 14<\/title>\n<meta name=\"description\" content=\"Compra 65tr3dq Monitor Interactivo Touchscreen De 65 P, Uhd, 400 Nits De Brillo, Puntos Multi-tactil De Escritura 40 Hdmi 3, Entrada Rgb\/audio, Entrada Rs232c, Rj45, Usb 2.0, Android 14 + Env\u00edo a domicilio + Pago seguro + Garant\u00eda\" \/>\n<meta name=\"robots\" content=\"index, follow, max-snippet:-1, max-image-preview:large, max-video-preview:-1\" \/>\n<link rel=\"canonical\" href=\"https:\/\/compuviper.mx\/tienda\/producto\/lg-65tr3dq-monitor-interactivo-touchscreen-de-65-p-uhd-400-nits-de-brillo-puntos-multi-tactil-de-escritura-40-hdmi-3-entrada-rgb-audio-entrada-rs232c-rj45-usb-2-0-android-14\/\" \/>\n<meta property=\"og:locale\" content=\"es_MX\" \/>\n<meta property=\"og:type\" content=\"article\" \/>\n<meta property=\"og:title\" content=\"[ Lg ] &#129351; 65tr3dq Monitor Interactivo Touchscreen De 65 P, Uhd, 400 Nits De Brillo, Puntos Multi-tactil De Escritura 40 Hdmi 3, Entrada Rgb\/audio, Entrada Rs232c, Rj45, Usb 2.0, Android 14\" \/>\n<meta property=\"og:description\" content=\"Compra 65tr3dq Monitor Interactivo Touchscreen De 65 P, Uhd, 400 Nits De Brillo, Puntos Multi-tactil De Escritura 40 Hdmi 3, Entrada Rgb\/audio, Entrada Rs232c, Rj45, Usb 2.0, Android 14 + Env\u00edo a domicilio + Pago seguro + Garant\u00eda\" \/>\n<meta property=\"og:url\" content=\"https:\/\/compuviper.mx\/tienda\/producto\/lg-65tr3dq-monitor-interactivo-touchscreen-de-65-p-uhd-400-nits-de-brillo-puntos-multi-tactil-de-escritura-40-hdmi-3-entrada-rgb-audio-entrada-rs232c-rj45-usb-2-0-android-14\/\" \/>\n<meta property=\"og:site_name\" content=\"Compuviper\" \/>\n<meta property=\"article:publisher\" content=\"https:\/\/www.facebook.com\/compuviper\" \/>\n<meta property=\"og:image\" content=\"https:\/\/compuviper.mx\/tienda\/wp-content\/uploads\/2025\/10\/Monitor-interactivo-touchscreen-lg-de-65-plg-65tr3dq-uhd-400-nits-de-brillo-puntos-multi-tactil-de-escritura-40-hdmi-3-entrada-rgbaudio-entrada-rs232c-rj45-usb-2.0-android-14.jpg\" \/>\n\t<meta property=\"og:image:width\" content=\"200\" \/>\n\t<meta property=\"og:image:height\" content=\"200\" \/>\n\t<meta property=\"og:image:type\" content=\"image\/jpeg\" \/>\n<meta name=\"twitter:card\" content=\"summary_large_image\" \/>\n<meta name=\"twitter:label1\" content=\"Precio\" \/>\n\t<meta name=\"twitter:data1\" content=\"&#36;27,894 con IVA\" \/>\n\t<meta name=\"twitter:label2\" content=\"Availability\" \/>\n\t<meta name=\"twitter:data2\" content=\"In stock\" \/>\n<script type=\"application\/ld+json\" class=\"yoast-schema-graph\">{\"@context\":\"https:\/\/schema.org\",\"@graph\":[{\"@type\":\"WebPage\",\"@id\":\"https:\/\/compuviper.mx\/tienda\/producto\/lg-65tr3dq-monitor-interactivo-touchscreen-de-65-p-uhd-400-nits-de-brillo-puntos-multi-tactil-de-escritura-40-hdmi-3-entrada-rgb-audio-entrada-rs232c-rj45-usb-2-0-android-14\/\",\"url\":\"https:\/\/compuviper.mx\/tienda\/producto\/lg-65tr3dq-monitor-interactivo-touchscreen-de-65-p-uhd-400-nits-de-brillo-puntos-multi-tactil-de-escritura-40-hdmi-3-entrada-rgb-audio-entrada-rs232c-rj45-usb-2-0-android-14\/\",\"name\":\"[ Lg ] &#129351; 65tr3dq Monitor Interactivo Touchscreen De 65 P, Uhd, 400 Nits De Brillo, Puntos Multi-tactil De Escritura 40 Hdmi 3, Entrada Rgb\/audio, Entrada Rs232c, Rj45, Usb 2.0, Android 14\",\"isPartOf\":{\"@id\":\"https:\/\/compuviper.mx\/tienda\/#website\"},\"datePublished\":\"2026-04-29T06:42:54+00:00\",\"dateModified\":\"2026-04-29T06:42:54+00:00\",\"description\":\"Compra 65tr3dq Monitor Interactivo Touchscreen De 65 P, Uhd, 400 Nits De Brillo, Puntos Multi-tactil De Escritura 40 Hdmi 3, Entrada Rgb\/audio, Entrada Rs232c, Rj45, Usb 2.0, Android 14 + Env\u00edo a domicilio + Pago seguro + Garant\u00eda\",\"breadcrumb\":{\"@id\":\"https:\/\/compuviper.mx\/tienda\/producto\/lg-65tr3dq-monitor-interactivo-touchscreen-de-65-p-uhd-400-nits-de-brillo-puntos-multi-tactil-de-escritura-40-hdmi-3-entrada-rgb-audio-entrada-rs232c-rj45-usb-2-0-android-14\/#breadcrumb\"},\"inLanguage\":\"es-MX\",\"potentialAction\":[{\"@type\":\"ReadAction\",\"target\":[\"https:\/\/compuviper.mx\/tienda\/producto\/lg-65tr3dq-monitor-interactivo-touchscreen-de-65-p-uhd-400-nits-de-brillo-puntos-multi-tactil-de-escritura-40-hdmi-3-entrada-rgb-audio-entrada-rs232c-rj45-usb-2-0-android-14\/\"]}]},{\"@type\":\"BreadcrumbList\",\"@id\":\"https:\/\/compuviper.mx\/tienda\/producto\/lg-65tr3dq-monitor-interactivo-touchscreen-de-65-p-uhd-400-nits-de-brillo-puntos-multi-tactil-de-escritura-40-hdmi-3-entrada-rgb-audio-entrada-rs232c-rj45-usb-2-0-android-14\/#breadcrumb\",\"itemListElement\":[{\"@type\":\"ListItem\",\"position\":1,\"name\":\"Inicio\",\"item\":\"https:\/\/compuviper.mx\/tienda\/\"},{\"@type\":\"ListItem\",\"position\":2,\"name\":\"Productos\",\"item\":\"https:\/\/compuviper.mx\/tienda\/productos\/\"},{\"@type\":\"ListItem\",\"position\":3,\"name\":\"Monitores\",\"item\":\"https:\/\/compuviper.mx\/tienda\/categoria-producto\/monitores\/\"},{\"@type\":\"ListItem\",\"position\":4,\"name\":\"Interactivo\",\"item\":\"https:\/\/compuviper.mx\/tienda\/categoria-producto\/monitores\/interactivo-monitores\/\"},{\"@type\":\"ListItem\",\"position\":5,\"name\":\"Lg 65tr3dq Monitor Interactivo Touchscreen De 65 P, Uhd, 400 Nits De Brillo, Puntos Multi-tactil De Escritura 40 Hdmi 3, Entrada Rgb\/audio, Entrada Rs232c, Rj45, Usb 2.0, Android 14\"}]},{\"@type\":\"WebSite\",\"@id\":\"https:\/\/compuviper.mx\/tienda\/#website\",\"url\":\"https:\/\/compuviper.mx\/tienda\/\",\"name\":\"Compuviper\",\"description\":\"Proveedor de Computadoras, Laptops, Servidores, Monitores, Puntos de Venta, Teclados,   Impresoras, T\u00f3ner, C\u00e1maras de Seguridad y m\u00e1s en tu tienda en l\u00ednea\",\"publisher\":{\"@id\":\"https:\/\/compuviper.mx\/tienda\/#organization\"},\"potentialAction\":[{\"@type\":\"SearchAction\",\"target\":{\"@type\":\"EntryPoint\",\"urlTemplate\":\"https:\/\/compuviper.mx\/tienda\/?s={search_term_string}\"},\"query-input\":\"required name=search_term_string\"}],\"inLanguage\":\"es-MX\"},{\"@type\":\"Organization\",\"@id\":\"https:\/\/compuviper.mx\/tienda\/#organization\",\"name\":\"Compuviper\",\"url\":\"https:\/\/compuviper.mx\/tienda\/\",\"logo\":{\"@type\":\"ImageObject\",\"inLanguage\":\"es-MX\",\"@id\":\"https:\/\/compuviper.mx\/tienda\/#\/schema\/logo\/image\/\",\"url\":\"https:\/\/compuviper.mx\/tienda\/wp-content\/uploads\/2021\/08\/Logo-Compuviper-10.png\",\"contentUrl\":\"https:\/\/compuviper.mx\/tienda\/wp-content\/uploads\/2021\/08\/Logo-Compuviper-10.png\",\"width\":1000,\"height\":500,\"caption\":\"Compuviper\"},\"image\":{\"@id\":\"https:\/\/compuviper.mx\/tienda\/#\/schema\/logo\/image\/\"},\"sameAs\":[\"https:\/\/www.facebook.com\/compuviper\",\"https:\/\/www.youtube.com\/channel\/UCf73dERp9Y3cfOq7q8BhLjA?view_as=subscriber\"]}]}<\/script>\n<meta property=\"product:brand\" content=\"LG\" \/>\n<meta property=\"product:price:amount\" content=\"27894\" \/>\n<meta property=\"product:price:currency\" content=\"MXN\" \/>\n<meta property=\"og:availability\" content=\"instock\" \/>\n<meta property=\"product:availability\" content=\"instock\" \/>\n<meta property=\"product:retailer_item_id\" content=\"65TR3DQ\" \/>\n<meta property=\"product:condition\" content=\"new\" \/>\n<!-- \/ Yoast SEO plugin. -->","yoast_head_json":{"title":"[ Lg ] &#129351; 65tr3dq Monitor Interactivo Touchscreen De 65 P, Uhd, 400 Nits De Brillo, Puntos Multi-tactil De Escritura 40 Hdmi 3, Entrada Rgb\/audio, Entrada Rs232c, Rj45, Usb 2.0, Android 14","description":"Compra 65tr3dq Monitor Interactivo Touchscreen De 65 P, Uhd, 400 Nits De Brillo, Puntos Multi-tactil De Escritura 40 Hdmi 3, Entrada Rgb\/audio, Entrada Rs232c, Rj45, Usb 2.0, Android 14 + Env\u00edo a domicilio + Pago seguro + Garant\u00eda","robots":{"index":"index","follow":"follow","max-snippet":"max-snippet:-1","max-image-preview":"max-image-preview:large","max-video-preview":"max-video-preview:-1"},"canonical":"https:\/\/compuviper.mx\/tienda\/producto\/lg-65tr3dq-monitor-interactivo-touchscreen-de-65-p-uhd-400-nits-de-brillo-puntos-multi-tactil-de-escritura-40-hdmi-3-entrada-rgb-audio-entrada-rs232c-rj45-usb-2-0-android-14\/","og_locale":"es_MX","og_type":"article","og_title":"[ Lg ] &#129351; 65tr3dq Monitor Interactivo Touchscreen De 65 P, Uhd, 400 Nits De Brillo, Puntos Multi-tactil De Escritura 40 Hdmi 3, Entrada Rgb\/audio, Entrada Rs232c, Rj45, Usb 2.0, Android 14","og_description":"Compra 65tr3dq Monitor Interactivo Touchscreen De 65 P, Uhd, 400 Nits De Brillo, Puntos Multi-tactil De Escritura 40 Hdmi 3, Entrada Rgb\/audio, Entrada Rs232c, Rj45, Usb 2.0, Android 14 + Env\u00edo a domicilio + Pago seguro + Garant\u00eda","og_url":"https:\/\/compuviper.mx\/tienda\/producto\/lg-65tr3dq-monitor-interactivo-touchscreen-de-65-p-uhd-400-nits-de-brillo-puntos-multi-tactil-de-escritura-40-hdmi-3-entrada-rgb-audio-entrada-rs232c-rj45-usb-2-0-android-14\/","og_site_name":"Compuviper","article_publisher":"https:\/\/www.facebook.com\/compuviper","og_image":[{"width":200,"height":200,"url":"https:\/\/compuviper.mx\/tienda\/wp-content\/uploads\/2025\/10\/Monitor-interactivo-touchscreen-lg-de-65-plg-65tr3dq-uhd-400-nits-de-brillo-puntos-multi-tactil-de-escritura-40-hdmi-3-entrada-rgbaudio-entrada-rs232c-rj45-usb-2.0-android-14.jpg","type":"image\/jpeg"}],"twitter_card":"summary_large_image","twitter_misc":{"Precio":"&#36;27,894 con IVA","Availability":"In stock"},"schema":{"@context":"https:\/\/schema.org","@graph":[{"@type":"WebPage","@id":"https:\/\/compuviper.mx\/tienda\/producto\/lg-65tr3dq-monitor-interactivo-touchscreen-de-65-p-uhd-400-nits-de-brillo-puntos-multi-tactil-de-escritura-40-hdmi-3-entrada-rgb-audio-entrada-rs232c-rj45-usb-2-0-android-14\/","url":"https:\/\/compuviper.mx\/tienda\/producto\/lg-65tr3dq-monitor-interactivo-touchscreen-de-65-p-uhd-400-nits-de-brillo-puntos-multi-tactil-de-escritura-40-hdmi-3-entrada-rgb-audio-entrada-rs232c-rj45-usb-2-0-android-14\/","name":"[ Lg ] &#129351; 65tr3dq Monitor Interactivo Touchscreen De 65 P, Uhd, 400 Nits De Brillo, Puntos Multi-tactil De Escritura 40 Hdmi 3, Entrada Rgb\/audio, Entrada Rs232c, Rj45, Usb 2.0, Android 14","isPartOf":{"@id":"https:\/\/compuviper.mx\/tienda\/#website"},"datePublished":"2026-04-29T06:42:54+00:00","dateModified":"2026-04-29T06:42:54+00:00","description":"Compra 65tr3dq Monitor Interactivo Touchscreen De 65 P, Uhd, 400 Nits De Brillo, Puntos Multi-tactil De Escritura 40 Hdmi 3, Entrada Rgb\/audio, Entrada Rs232c, Rj45, Usb 2.0, Android 14 + Env\u00edo a domicilio + Pago seguro + Garant\u00eda","breadcrumb":{"@id":"https:\/\/compuviper.mx\/tienda\/producto\/lg-65tr3dq-monitor-interactivo-touchscreen-de-65-p-uhd-400-nits-de-brillo-puntos-multi-tactil-de-escritura-40-hdmi-3-entrada-rgb-audio-entrada-rs232c-rj45-usb-2-0-android-14\/#breadcrumb"},"inLanguage":"es-MX","potentialAction":[{"@type":"ReadAction","target":["https:\/\/compuviper.mx\/tienda\/producto\/lg-65tr3dq-monitor-interactivo-touchscreen-de-65-p-uhd-400-nits-de-brillo-puntos-multi-tactil-de-escritura-40-hdmi-3-entrada-rgb-audio-entrada-rs232c-rj45-usb-2-0-android-14\/"]}]},{"@type":"BreadcrumbList","@id":"https:\/\/compuviper.mx\/tienda\/producto\/lg-65tr3dq-monitor-interactivo-touchscreen-de-65-p-uhd-400-nits-de-brillo-puntos-multi-tactil-de-escritura-40-hdmi-3-entrada-rgb-audio-entrada-rs232c-rj45-usb-2-0-android-14\/#breadcrumb","itemListElement":[{"@type":"ListItem","position":1,"name":"Inicio","item":"https:\/\/compuviper.mx\/tienda\/"},{"@type":"ListItem","position":2,"name":"Productos","item":"https:\/\/compuviper.mx\/tienda\/productos\/"},{"@type":"ListItem","position":3,"name":"Monitores","item":"https:\/\/compuviper.mx\/tienda\/categoria-producto\/monitores\/"},{"@type":"ListItem","position":4,"name":"Interactivo","item":"https:\/\/compuviper.mx\/tienda\/categoria-producto\/monitores\/interactivo-monitores\/"},{"@type":"ListItem","position":5,"name":"Lg 65tr3dq Monitor Interactivo Touchscreen De 65 P, Uhd, 400 Nits De Brillo, Puntos Multi-tactil De Escritura 40 Hdmi 3, Entrada Rgb\/audio, Entrada Rs232c, Rj45, Usb 2.0, Android 14"}]},{"@type":"WebSite","@id":"https:\/\/compuviper.mx\/tienda\/#website","url":"https:\/\/compuviper.mx\/tienda\/","name":"Compuviper","description":"Proveedor de Computadoras, Laptops, Servidores, Monitores, Puntos de Venta, Teclados,   Impresoras, T\u00f3ner, C\u00e1maras de Seguridad y m\u00e1s en tu tienda en l\u00ednea","publisher":{"@id":"https:\/\/compuviper.mx\/tienda\/#organization"},"potentialAction":[{"@type":"SearchAction","target":{"@type":"EntryPoint","urlTemplate":"https:\/\/compuviper.mx\/tienda\/?s={search_term_string}"},"query-input":"required name=search_term_string"}],"inLanguage":"es-MX"},{"@type":"Organization","@id":"https:\/\/compuviper.mx\/tienda\/#organization","name":"Compuviper","url":"https:\/\/compuviper.mx\/tienda\/","logo":{"@type":"ImageObject","inLanguage":"es-MX","@id":"https:\/\/compuviper.mx\/tienda\/#\/schema\/logo\/image\/","url":"https:\/\/compuviper.mx\/tienda\/wp-content\/uploads\/2021\/08\/Logo-Compuviper-10.png","contentUrl":"https:\/\/compuviper.mx\/tienda\/wp-content\/uploads\/2021\/08\/Logo-Compuviper-10.png","width":1000,"height":500,"caption":"Compuviper"},"image":{"@id":"https:\/\/compuviper.mx\/tienda\/#\/schema\/logo\/image\/"},"sameAs":["https:\/\/www.facebook.com\/compuviper","https:\/\/www.youtube.com\/channel\/UCf73dERp9Y3cfOq7q8BhLjA?view_as=subscriber"]}]},"product_brand":"LG","product_price_amount":"27894","product_price_currency":"MXN","og_availability":"instock","product_availability":"instock","product_retailer_item_id":"65TR3DQ","product_condition":"new"},"_links":{"self":[{"href":"https:\/\/compuviper.mx\/tienda\/wp-json\/wp\/v2\/product\/254940"}],"collection":[{"href":"https:\/\/compuviper.mx\/tienda\/wp-json\/wp\/v2\/product"}],"about":[{"href":"https:\/\/compuviper.mx\/tienda\/wp-json\/wp\/v2\/types\/product"}],"replies":[{"embeddable":true,"href":"https:\/\/compuviper.mx\/tienda\/wp-json\/wp\/v2\/comments?post=254940"}],"wp:featuredmedia":[{"embeddable":true,"href":"https:\/\/compuviper.mx\/tienda\/wp-json\/wp\/v2\/media\/259960"}],"wp:attachment":[{"href":"https:\/\/compuviper.mx\/tienda\/wp-json\/wp\/v2\/media?parent=254940"}],"wp:term":[{"taxonomy":"product_cat","embeddable":true,"href":"https:\/\/compuviper.mx\/tienda\/wp-json\/wp\/v2\/product_cat?post=254940"},{"taxonomy":"product_tag","embeddable":true,"href":"https:\/\/compuviper.mx\/tienda\/wp-json\/wp\/v2\/product_tag?post=254940"}],"curies":[{"name":"wp","href":"https:\/\/api.w.org\/{rel}","templated":true}]}}