{"id":254916,"date":"2026-04-20T23:18:08","date_gmt":"2026-04-21T05:18:08","guid":{"rendered":"https:\/\/compuviper.mx\/tienda\/producto\/qnap-qna-uc10g1t-adptador-incluye-un-cable-usb-4-de-1-metro-para-conectarlo-a-los-puertos-usb-4-o-thunderbolt-3-4-de-su-ordenador\/"},"modified":"2026-04-20T23:18:08","modified_gmt":"2026-04-21T05:18:08","slug":"qnap-qna-uc10g1t885022028078-adptador-incluye-un-cable-usb-4-de-1-metro-para-conectarlo-a-los-puertos-usb-4-o-thunderbolt-3-4-de-su-ordenador-qna-uc10g1t","status":"publish","type":"product","link":"https:\/\/compuviper.mx\/tienda\/producto\/qnap-qna-uc10g1t885022028078-adptador-incluye-un-cable-usb-4-de-1-metro-para-conectarlo-a-los-puertos-usb-4-o-thunderbolt-3-4-de-su-ordenador-qna-uc10g1t\/","title":{"rendered":"Qnap Qna-uc10g1t,885022028078 Adptador , Incluye Un Cable Usb 4 De 1 Metro Para Conectarlo A Los Puertos Usb 4 O Thunderbolt? 3\/4 De Su Ordenador, Qna-uc10g1t."},"content":{"rendered":"<table class=\"descripcion\">\n<tr>\n<td>Adaptadores de red usb 4 to 10gbe<\/td>\n<\/tr>\n<tr>\n<td>Dimensiones (longitud x<\/td>\n<\/tr>\n<tr>\n<td>Anchura x altura)<\/td>\n<\/tr>\n<tr>\n<td>124 \u00d7 56 \u00d7 67,27 mm<\/td>\n<\/tr>\n<tr>\n<td>Standard warranty 2 year<\/td>\n<\/tr>\n<tr>\n<td>Phy ic: aqc113<\/td>\n<\/tr>\n<tr>\n<td>E\/s 1 x usb-c, 1 x 10gbase-t connector<\/td>\n<\/tr>\n<tr>\n<td>Transmission rates 10gbps\/5gbps\/2.5gbps\/1gbps\/100mbps<\/td>\n<\/tr>\n<tr>\n<td>Operating temperature 0-35 and #730;c<\/td>\n<\/tr>\n<tr>\n<td>Package contents qna adapter, 1 x usb 4 c to c cable, manual<\/td>\n<\/tr>\n<tr>\n<td>Puerto y cable rj-45; cat 6a cable recommended<\/td>\n<\/tr>\n<\/table>\n","protected":false},"excerpt":{"rendered":"<p>El puerto \u00fanico de 10gbe (admite 10gbps\/5gbps\/2.5gbps\/1gbps\/100mbps) permite la conexi\u00f3n a dispositivos de red de alta velocidad. Admite computadoras windows, macos y linux (se requiere instalaci\u00f3n del controlador. Incluye un cable usb 4 de 3.3 ft para conectarse a los puertos usb 4 o thunderbolt 3\/4 de su computadora<\/p>\n","protected":false},"featured_media":258912,"comment_status":"open","ping_status":"open","template":"","meta":[],"product_cat":[1485,1492],"product_tag":[2110],"acf":[],"yoast_head":"<!-- This site is optimized with the Yoast SEO plugin v21.7 - https:\/\/yoast.com\/wordpress\/plugins\/seo\/ -->\n<title>[ Qnap ] &#129351; Qna-uc10g1t,885022028078 Adptador , Incluye Un Cable Usb 4 De 1 Metro Para Conectarlo A Los Puertos Usb 4 O Thunderbolt\u0099 3\/4 De Su Ordenador, Qna-uc10g1t.<\/title>\n<meta name=\"description\" content=\"Compra Qna-uc10g1t,885022028078 Adptador , Incluye Un Cable Usb 4 De 1 Metro Para Conectarlo A Los Puertos Usb 4 O Thunderbolt\u0099 3\/4 De Su Ordenador, Qna-uc10g1t. + Env\u00edo a domicilio + Pago seguro + Garant\u00eda\" \/>\n<meta name=\"robots\" content=\"index, follow, max-snippet:-1, max-image-preview:large, max-video-preview:-1\" \/>\n<link rel=\"canonical\" href=\"https:\/\/compuviper.mx\/tienda\/producto\/qnap-qna-uc10g1t885022028078-adptador-incluye-un-cable-usb-4-de-1-metro-para-conectarlo-a-los-puertos-usb-4-o-thunderbolt-3-4-de-su-ordenador-qna-uc10g1t\/\" \/>\n<meta property=\"og:locale\" content=\"es_MX\" \/>\n<meta property=\"og:type\" content=\"article\" \/>\n<meta property=\"og:title\" content=\"[ Qnap ] &#129351; Qna-uc10g1t,885022028078 Adptador , Incluye Un Cable Usb 4 De 1 Metro Para Conectarlo A Los Puertos Usb 4 O Thunderbolt\u0099 3\/4 De Su Ordenador, Qna-uc10g1t.\" \/>\n<meta property=\"og:description\" content=\"Compra Qna-uc10g1t,885022028078 Adptador , Incluye Un Cable Usb 4 De 1 Metro Para Conectarlo A Los Puertos Usb 4 O Thunderbolt\u0099 3\/4 De Su Ordenador, Qna-uc10g1t. + Env\u00edo a domicilio + Pago seguro + Garant\u00eda\" \/>\n<meta property=\"og:url\" content=\"https:\/\/compuviper.mx\/tienda\/producto\/qnap-qna-uc10g1t885022028078-adptador-incluye-un-cable-usb-4-de-1-metro-para-conectarlo-a-los-puertos-usb-4-o-thunderbolt-3-4-de-su-ordenador-qna-uc10g1t\/\" \/>\n<meta property=\"og:site_name\" content=\"Compuviper\" \/>\n<meta property=\"article:publisher\" content=\"https:\/\/www.facebook.com\/compuviper\" \/>\n<meta property=\"og:image\" content=\"https:\/\/compuviper.mx\/tienda\/wp-content\/uploads\/2025\/10\/Adptador-incluye-un-cable-usb-4-de-1-metro-para-conectarlo-a-los-puertos-usb-4-o-thunderbolt\u0099-34-de-su-ordenador-qna-uc10g1t.jpg\" \/>\n\t<meta property=\"og:image:width\" content=\"200\" \/>\n\t<meta property=\"og:image:height\" content=\"200\" \/>\n\t<meta property=\"og:image:type\" content=\"image\/jpeg\" \/>\n<meta name=\"twitter:card\" content=\"summary_large_image\" \/>\n<meta name=\"twitter:label1\" content=\"Precio\" \/>\n\t<meta name=\"twitter:data1\" content=\"&#36;4,817 con IVA\" \/>\n\t<meta name=\"twitter:label2\" content=\"Availability\" \/>\n\t<meta name=\"twitter:data2\" content=\"On backorder\" \/>\n<script type=\"application\/ld+json\" class=\"yoast-schema-graph\">{\"@context\":\"https:\/\/schema.org\",\"@graph\":[{\"@type\":\"WebPage\",\"@id\":\"https:\/\/compuviper.mx\/tienda\/producto\/qnap-qna-uc10g1t885022028078-adptador-incluye-un-cable-usb-4-de-1-metro-para-conectarlo-a-los-puertos-usb-4-o-thunderbolt-3-4-de-su-ordenador-qna-uc10g1t\/\",\"url\":\"https:\/\/compuviper.mx\/tienda\/producto\/qnap-qna-uc10g1t885022028078-adptador-incluye-un-cable-usb-4-de-1-metro-para-conectarlo-a-los-puertos-usb-4-o-thunderbolt-3-4-de-su-ordenador-qna-uc10g1t\/\",\"name\":\"[ Qnap ] &#129351; Qna-uc10g1t,885022028078 Adptador , Incluye Un Cable Usb 4 De 1 Metro Para Conectarlo A Los Puertos Usb 4 O Thunderbolt\u0099 3\/4 De Su Ordenador, Qna-uc10g1t.\",\"isPartOf\":{\"@id\":\"https:\/\/compuviper.mx\/tienda\/#website\"},\"datePublished\":\"2026-04-21T05:18:08+00:00\",\"dateModified\":\"2026-04-21T05:18:08+00:00\",\"description\":\"Compra Qna-uc10g1t,885022028078 Adptador , Incluye Un Cable Usb 4 De 1 Metro Para Conectarlo A Los Puertos Usb 4 O Thunderbolt\u0099 3\/4 De Su Ordenador, Qna-uc10g1t. + Env\u00edo a domicilio + Pago seguro + Garant\u00eda\",\"breadcrumb\":{\"@id\":\"https:\/\/compuviper.mx\/tienda\/producto\/qnap-qna-uc10g1t885022028078-adptador-incluye-un-cable-usb-4-de-1-metro-para-conectarlo-a-los-puertos-usb-4-o-thunderbolt-3-4-de-su-ordenador-qna-uc10g1t\/#breadcrumb\"},\"inLanguage\":\"es-MX\",\"potentialAction\":[{\"@type\":\"ReadAction\",\"target\":[\"https:\/\/compuviper.mx\/tienda\/producto\/qnap-qna-uc10g1t885022028078-adptador-incluye-un-cable-usb-4-de-1-metro-para-conectarlo-a-los-puertos-usb-4-o-thunderbolt-3-4-de-su-ordenador-qna-uc10g1t\/\"]}]},{\"@type\":\"BreadcrumbList\",\"@id\":\"https:\/\/compuviper.mx\/tienda\/producto\/qnap-qna-uc10g1t885022028078-adptador-incluye-un-cable-usb-4-de-1-metro-para-conectarlo-a-los-puertos-usb-4-o-thunderbolt-3-4-de-su-ordenador-qna-uc10g1t\/#breadcrumb\",\"itemListElement\":[{\"@type\":\"ListItem\",\"position\":1,\"name\":\"Inicio\",\"item\":\"https:\/\/compuviper.mx\/tienda\/\"},{\"@type\":\"ListItem\",\"position\":2,\"name\":\"Productos\",\"item\":\"https:\/\/compuviper.mx\/tienda\/productos\/\"},{\"@type\":\"ListItem\",\"position\":3,\"name\":\"Accesorios\",\"item\":\"https:\/\/compuviper.mx\/tienda\/categoria-producto\/accesorios\/\"},{\"@type\":\"ListItem\",\"position\":4,\"name\":\"Adaptadores\",\"item\":\"https:\/\/compuviper.mx\/tienda\/categoria-producto\/accesorios\/adaptadores\/\"},{\"@type\":\"ListItem\",\"position\":5,\"name\":\"Qnap Qna-uc10g1t,885022028078 Adptador , Incluye Un Cable Usb 4 De 1 Metro Para Conectarlo A Los Puertos Usb 4 O Thunderbolt? 3\/4 De Su Ordenador, Qna-uc10g1t.\"}]},{\"@type\":\"WebSite\",\"@id\":\"https:\/\/compuviper.mx\/tienda\/#website\",\"url\":\"https:\/\/compuviper.mx\/tienda\/\",\"name\":\"Compuviper\",\"description\":\"Proveedor de Computadoras, Laptops, Servidores, Monitores, Puntos de Venta, Teclados,   Impresoras, T\u00f3ner, C\u00e1maras de Seguridad y m\u00e1s en tu tienda en l\u00ednea\",\"publisher\":{\"@id\":\"https:\/\/compuviper.mx\/tienda\/#organization\"},\"potentialAction\":[{\"@type\":\"SearchAction\",\"target\":{\"@type\":\"EntryPoint\",\"urlTemplate\":\"https:\/\/compuviper.mx\/tienda\/?s={search_term_string}\"},\"query-input\":\"required name=search_term_string\"}],\"inLanguage\":\"es-MX\"},{\"@type\":\"Organization\",\"@id\":\"https:\/\/compuviper.mx\/tienda\/#organization\",\"name\":\"Compuviper\",\"url\":\"https:\/\/compuviper.mx\/tienda\/\",\"logo\":{\"@type\":\"ImageObject\",\"inLanguage\":\"es-MX\",\"@id\":\"https:\/\/compuviper.mx\/tienda\/#\/schema\/logo\/image\/\",\"url\":\"https:\/\/compuviper.mx\/tienda\/wp-content\/uploads\/2021\/08\/Logo-Compuviper-10.png\",\"contentUrl\":\"https:\/\/compuviper.mx\/tienda\/wp-content\/uploads\/2021\/08\/Logo-Compuviper-10.png\",\"width\":1000,\"height\":500,\"caption\":\"Compuviper\"},\"image\":{\"@id\":\"https:\/\/compuviper.mx\/tienda\/#\/schema\/logo\/image\/\"},\"sameAs\":[\"https:\/\/www.facebook.com\/compuviper\",\"https:\/\/www.youtube.com\/channel\/UCf73dERp9Y3cfOq7q8BhLjA?view_as=subscriber\"]}]}<\/script>\n<meta property=\"product:brand\" content=\"Qnap\" \/>\n<meta property=\"product:price:amount\" content=\"4817\" \/>\n<meta property=\"product:price:currency\" content=\"MXN\" \/>\n<meta property=\"og:availability\" content=\"backorder\" \/>\n<meta property=\"product:availability\" content=\"available for order\" \/>\n<meta property=\"product:retailer_item_id\" content=\"QNA-UC10G1T,885022028078\" \/>\n<meta property=\"product:condition\" content=\"new\" \/>\n<!-- \/ Yoast SEO plugin. -->","yoast_head_json":{"title":"[ Qnap ] &#129351; Qna-uc10g1t,885022028078 Adptador , Incluye Un Cable Usb 4 De 1 Metro Para Conectarlo A Los Puertos Usb 4 O Thunderbolt\u0099 3\/4 De Su Ordenador, Qna-uc10g1t.","description":"Compra Qna-uc10g1t,885022028078 Adptador , Incluye Un Cable Usb 4 De 1 Metro Para Conectarlo A Los Puertos Usb 4 O Thunderbolt\u0099 3\/4 De Su Ordenador, Qna-uc10g1t. + Env\u00edo a domicilio + Pago seguro + Garant\u00eda","robots":{"index":"index","follow":"follow","max-snippet":"max-snippet:-1","max-image-preview":"max-image-preview:large","max-video-preview":"max-video-preview:-1"},"canonical":"https:\/\/compuviper.mx\/tienda\/producto\/qnap-qna-uc10g1t885022028078-adptador-incluye-un-cable-usb-4-de-1-metro-para-conectarlo-a-los-puertos-usb-4-o-thunderbolt-3-4-de-su-ordenador-qna-uc10g1t\/","og_locale":"es_MX","og_type":"article","og_title":"[ Qnap ] &#129351; Qna-uc10g1t,885022028078 Adptador , Incluye Un Cable Usb 4 De 1 Metro Para Conectarlo A Los Puertos Usb 4 O Thunderbolt\u0099 3\/4 De Su Ordenador, Qna-uc10g1t.","og_description":"Compra Qna-uc10g1t,885022028078 Adptador , Incluye Un Cable Usb 4 De 1 Metro Para Conectarlo A Los Puertos Usb 4 O Thunderbolt\u0099 3\/4 De Su Ordenador, Qna-uc10g1t. + Env\u00edo a domicilio + Pago seguro + Garant\u00eda","og_url":"https:\/\/compuviper.mx\/tienda\/producto\/qnap-qna-uc10g1t885022028078-adptador-incluye-un-cable-usb-4-de-1-metro-para-conectarlo-a-los-puertos-usb-4-o-thunderbolt-3-4-de-su-ordenador-qna-uc10g1t\/","og_site_name":"Compuviper","article_publisher":"https:\/\/www.facebook.com\/compuviper","og_image":[{"width":200,"height":200,"url":"https:\/\/compuviper.mx\/tienda\/wp-content\/uploads\/2025\/10\/Adptador-incluye-un-cable-usb-4-de-1-metro-para-conectarlo-a-los-puertos-usb-4-o-thunderbolt\u0099-34-de-su-ordenador-qna-uc10g1t.jpg","type":"image\/jpeg"}],"twitter_card":"summary_large_image","twitter_misc":{"Precio":"&#36;4,817 con IVA","Availability":"On backorder"},"schema":{"@context":"https:\/\/schema.org","@graph":[{"@type":"WebPage","@id":"https:\/\/compuviper.mx\/tienda\/producto\/qnap-qna-uc10g1t885022028078-adptador-incluye-un-cable-usb-4-de-1-metro-para-conectarlo-a-los-puertos-usb-4-o-thunderbolt-3-4-de-su-ordenador-qna-uc10g1t\/","url":"https:\/\/compuviper.mx\/tienda\/producto\/qnap-qna-uc10g1t885022028078-adptador-incluye-un-cable-usb-4-de-1-metro-para-conectarlo-a-los-puertos-usb-4-o-thunderbolt-3-4-de-su-ordenador-qna-uc10g1t\/","name":"[ Qnap ] &#129351; Qna-uc10g1t,885022028078 Adptador , Incluye Un Cable Usb 4 De 1 Metro Para Conectarlo A Los Puertos Usb 4 O Thunderbolt\u0099 3\/4 De Su Ordenador, Qna-uc10g1t.","isPartOf":{"@id":"https:\/\/compuviper.mx\/tienda\/#website"},"datePublished":"2026-04-21T05:18:08+00:00","dateModified":"2026-04-21T05:18:08+00:00","description":"Compra Qna-uc10g1t,885022028078 Adptador , Incluye Un Cable Usb 4 De 1 Metro Para Conectarlo A Los Puertos Usb 4 O Thunderbolt\u0099 3\/4 De Su Ordenador, Qna-uc10g1t. + Env\u00edo a domicilio + Pago seguro + Garant\u00eda","breadcrumb":{"@id":"https:\/\/compuviper.mx\/tienda\/producto\/qnap-qna-uc10g1t885022028078-adptador-incluye-un-cable-usb-4-de-1-metro-para-conectarlo-a-los-puertos-usb-4-o-thunderbolt-3-4-de-su-ordenador-qna-uc10g1t\/#breadcrumb"},"inLanguage":"es-MX","potentialAction":[{"@type":"ReadAction","target":["https:\/\/compuviper.mx\/tienda\/producto\/qnap-qna-uc10g1t885022028078-adptador-incluye-un-cable-usb-4-de-1-metro-para-conectarlo-a-los-puertos-usb-4-o-thunderbolt-3-4-de-su-ordenador-qna-uc10g1t\/"]}]},{"@type":"BreadcrumbList","@id":"https:\/\/compuviper.mx\/tienda\/producto\/qnap-qna-uc10g1t885022028078-adptador-incluye-un-cable-usb-4-de-1-metro-para-conectarlo-a-los-puertos-usb-4-o-thunderbolt-3-4-de-su-ordenador-qna-uc10g1t\/#breadcrumb","itemListElement":[{"@type":"ListItem","position":1,"name":"Inicio","item":"https:\/\/compuviper.mx\/tienda\/"},{"@type":"ListItem","position":2,"name":"Productos","item":"https:\/\/compuviper.mx\/tienda\/productos\/"},{"@type":"ListItem","position":3,"name":"Accesorios","item":"https:\/\/compuviper.mx\/tienda\/categoria-producto\/accesorios\/"},{"@type":"ListItem","position":4,"name":"Adaptadores","item":"https:\/\/compuviper.mx\/tienda\/categoria-producto\/accesorios\/adaptadores\/"},{"@type":"ListItem","position":5,"name":"Qnap Qna-uc10g1t,885022028078 Adptador , Incluye Un Cable Usb 4 De 1 Metro Para Conectarlo A Los Puertos Usb 4 O Thunderbolt? 3\/4 De Su Ordenador, Qna-uc10g1t."}]},{"@type":"WebSite","@id":"https:\/\/compuviper.mx\/tienda\/#website","url":"https:\/\/compuviper.mx\/tienda\/","name":"Compuviper","description":"Proveedor de Computadoras, Laptops, Servidores, Monitores, Puntos de Venta, Teclados,   Impresoras, T\u00f3ner, C\u00e1maras de Seguridad y m\u00e1s en tu tienda en l\u00ednea","publisher":{"@id":"https:\/\/compuviper.mx\/tienda\/#organization"},"potentialAction":[{"@type":"SearchAction","target":{"@type":"EntryPoint","urlTemplate":"https:\/\/compuviper.mx\/tienda\/?s={search_term_string}"},"query-input":"required name=search_term_string"}],"inLanguage":"es-MX"},{"@type":"Organization","@id":"https:\/\/compuviper.mx\/tienda\/#organization","name":"Compuviper","url":"https:\/\/compuviper.mx\/tienda\/","logo":{"@type":"ImageObject","inLanguage":"es-MX","@id":"https:\/\/compuviper.mx\/tienda\/#\/schema\/logo\/image\/","url":"https:\/\/compuviper.mx\/tienda\/wp-content\/uploads\/2021\/08\/Logo-Compuviper-10.png","contentUrl":"https:\/\/compuviper.mx\/tienda\/wp-content\/uploads\/2021\/08\/Logo-Compuviper-10.png","width":1000,"height":500,"caption":"Compuviper"},"image":{"@id":"https:\/\/compuviper.mx\/tienda\/#\/schema\/logo\/image\/"},"sameAs":["https:\/\/www.facebook.com\/compuviper","https:\/\/www.youtube.com\/channel\/UCf73dERp9Y3cfOq7q8BhLjA?view_as=subscriber"]}]},"product_brand":"Qnap","product_price_amount":"4817","product_price_currency":"MXN","og_availability":"backorder","product_availability":"available for order","product_retailer_item_id":"QNA-UC10G1T,885022028078","product_condition":"new"},"_links":{"self":[{"href":"https:\/\/compuviper.mx\/tienda\/wp-json\/wp\/v2\/product\/254916"}],"collection":[{"href":"https:\/\/compuviper.mx\/tienda\/wp-json\/wp\/v2\/product"}],"about":[{"href":"https:\/\/compuviper.mx\/tienda\/wp-json\/wp\/v2\/types\/product"}],"replies":[{"embeddable":true,"href":"https:\/\/compuviper.mx\/tienda\/wp-json\/wp\/v2\/comments?post=254916"}],"wp:featuredmedia":[{"embeddable":true,"href":"https:\/\/compuviper.mx\/tienda\/wp-json\/wp\/v2\/media\/258912"}],"wp:attachment":[{"href":"https:\/\/compuviper.mx\/tienda\/wp-json\/wp\/v2\/media?parent=254916"}],"wp:term":[{"taxonomy":"product_cat","embeddable":true,"href":"https:\/\/compuviper.mx\/tienda\/wp-json\/wp\/v2\/product_cat?post=254916"},{"taxonomy":"product_tag","embeddable":true,"href":"https:\/\/compuviper.mx\/tienda\/wp-json\/wp\/v2\/product_tag?post=254916"}],"curies":[{"name":"wp","href":"https:\/\/api.w.org\/{rel}","templated":true}]}}