{"id":254866,"date":"2026-04-23T02:04:25","date_gmt":"2026-04-23T08:04:25","guid":{"rendered":"https:\/\/compuviper.mx\/tienda\/producto\/vorago-bsp-440-bocina-bluetooth-usb-luz-frontal-rgb-tws-20w-rms-con-hasta-5-hrs-autonomia-ipx5\/"},"modified":"2026-04-23T02:04:25","modified_gmt":"2026-04-23T08:04:25","slug":"vorago-bsp-440-bocina-inalambrica-bluetooth-usb-luz-frontal-rgb-tws-20w-rms-con-hasta-5-hrs-autonomia-ipx5","status":"publish","type":"product","link":"https:\/\/compuviper.mx\/tienda\/producto\/vorago-bsp-440-bocina-inalambrica-bluetooth-usb-luz-frontal-rgb-tws-20w-rms-con-hasta-5-hrs-autonomia-ipx5\/","title":{"rendered":"Vorago Bsp-440 Bocina Inalambrica  \/ , Bluetooth \/ Usb \/ Luz Frontal Rgb \/ Tws \/ 20w Rms Con Hasta 5 Hrs Autonomia \/ Ipx5"},"content":{"rendered":"<table class=\"descripcion\">\n<tr>\n<td>Articulo: bocina bluetooth<\/td>\n<\/tr>\n<tr>\n<td>Linea de entrada: dc 5v<\/td>\n<\/tr>\n<tr>\n<td>Alimentacion: usb tipo-c<\/td>\n<\/tr>\n<tr>\n<td>Conector: usb, bt 5.0, tws, 3.5 mm<\/td>\n<\/tr>\n<tr>\n<td>Alcance bluetooth: 10m<\/td>\n<\/tr>\n<tr>\n<td>Potencia rms: 30w<\/td>\n<\/tr>\n<tr>\n<td>Rango de frecuencia: 80hz &#8211; 16 khz<\/td>\n<\/tr>\n<tr>\n<td>Impedancia: 4  and 937;<\/td>\n<\/tr>\n<tr>\n<td>Bateria: 3.7v, 3000mah<\/td>\n<\/tr>\n<tr>\n<td>Tiempo de reproduccion: hasta 5h 50 volumen<\/td>\n<\/tr>\n<\/table>\n","protected":false},"excerpt":{"rendered":"<p>Los momentos cotidianos se pueden convertir en horas de diversion, con la bocina bsp-440 de vorago, que gracias a su tamao compacto, puedes llevarla a donde sea o con su practica  asa. Una tarde en la playa o un fin de semana en el campo se disfrutaran al maximo con tu musica preferida.<\/p>\n","protected":false},"featured_media":260914,"comment_status":"open","ping_status":"open","template":"","meta":[],"product_cat":[1817,1823],"product_tag":[2294],"acf":[],"yoast_head":"<!-- This site is optimized with the Yoast SEO plugin v21.7 - https:\/\/yoast.com\/wordpress\/plugins\/seo\/ -->\n<title>[ Vorago ] &#129351; Bsp-440 Bocina Inalambrica \/ , Bluetooth \/ Usb \/ Luz Frontal Rgb \/ Tws \/ 20w Rms Con Hasta 5 Hrs Autonomia \/ Ipx5<\/title>\n<meta name=\"description\" content=\"Compra Bsp-440 Bocina Inalambrica \/ , Bluetooth \/ Usb \/ Luz Frontal Rgb \/ Tws \/ 20w Rms Con Hasta 5 Hrs Autonomia \/ Ipx5 + Env\u00edo a domicilio + Pago seguro + Garant\u00eda\" \/>\n<meta name=\"robots\" content=\"index, follow, max-snippet:-1, max-image-preview:large, max-video-preview:-1\" \/>\n<link rel=\"canonical\" href=\"https:\/\/compuviper.mx\/tienda\/producto\/vorago-bsp-440-bocina-inalambrica-bluetooth-usb-luz-frontal-rgb-tws-20w-rms-con-hasta-5-hrs-autonomia-ipx5\/\" \/>\n<meta property=\"og:locale\" content=\"es_MX\" \/>\n<meta property=\"og:type\" content=\"article\" \/>\n<meta property=\"og:title\" content=\"[ Vorago ] &#129351; Bsp-440 Bocina Inalambrica \/ , Bluetooth \/ Usb \/ Luz Frontal Rgb \/ Tws \/ 20w Rms Con Hasta 5 Hrs Autonomia \/ Ipx5\" \/>\n<meta property=\"og:description\" content=\"Compra Bsp-440 Bocina Inalambrica \/ , Bluetooth \/ Usb \/ Luz Frontal Rgb \/ Tws \/ 20w Rms Con Hasta 5 Hrs Autonomia \/ Ipx5 + Env\u00edo a domicilio + Pago seguro + Garant\u00eda\" \/>\n<meta property=\"og:url\" content=\"https:\/\/compuviper.mx\/tienda\/producto\/vorago-bsp-440-bocina-inalambrica-bluetooth-usb-luz-frontal-rgb-tws-20w-rms-con-hasta-5-hrs-autonomia-ipx5\/\" \/>\n<meta property=\"og:site_name\" content=\"Compuviper\" \/>\n<meta property=\"article:publisher\" content=\"https:\/\/www.facebook.com\/compuviper\" \/>\n<meta property=\"og:image\" content=\"https:\/\/compuviper.mx\/tienda\/wp-content\/uploads\/2025\/10\/Bocina-inalambrica-vorago-bsp-440-bluetooth-usb-luz-frontal-rgb-tws-20w-rms-con-hasta-5-hrs-autonomia-ipx5.jpg\" \/>\n\t<meta property=\"og:image:width\" content=\"200\" \/>\n\t<meta property=\"og:image:height\" content=\"200\" \/>\n\t<meta property=\"og:image:type\" content=\"image\/jpeg\" \/>\n<meta name=\"twitter:card\" content=\"summary_large_image\" \/>\n<meta name=\"twitter:label1\" content=\"Precio\" \/>\n\t<meta name=\"twitter:data1\" content=\"&#36;661 &#36;631 con IVA\" \/>\n\t<meta name=\"twitter:label2\" content=\"Availability\" \/>\n\t<meta name=\"twitter:data2\" content=\"In stock\" \/>\n<script type=\"application\/ld+json\" class=\"yoast-schema-graph\">{\"@context\":\"https:\/\/schema.org\",\"@graph\":[{\"@type\":\"WebPage\",\"@id\":\"https:\/\/compuviper.mx\/tienda\/producto\/vorago-bsp-440-bocina-inalambrica-bluetooth-usb-luz-frontal-rgb-tws-20w-rms-con-hasta-5-hrs-autonomia-ipx5\/\",\"url\":\"https:\/\/compuviper.mx\/tienda\/producto\/vorago-bsp-440-bocina-inalambrica-bluetooth-usb-luz-frontal-rgb-tws-20w-rms-con-hasta-5-hrs-autonomia-ipx5\/\",\"name\":\"[ Vorago ] &#129351; Bsp-440 Bocina Inalambrica \/ , Bluetooth \/ Usb \/ Luz Frontal Rgb \/ Tws \/ 20w Rms Con Hasta 5 Hrs Autonomia \/ Ipx5\",\"isPartOf\":{\"@id\":\"https:\/\/compuviper.mx\/tienda\/#website\"},\"datePublished\":\"2026-04-23T08:04:25+00:00\",\"dateModified\":\"2026-04-23T08:04:25+00:00\",\"description\":\"Compra Bsp-440 Bocina Inalambrica \/ , Bluetooth \/ Usb \/ Luz Frontal Rgb \/ Tws \/ 20w Rms Con Hasta 5 Hrs Autonomia \/ Ipx5 + Env\u00edo a domicilio + Pago seguro + Garant\u00eda\",\"breadcrumb\":{\"@id\":\"https:\/\/compuviper.mx\/tienda\/producto\/vorago-bsp-440-bocina-inalambrica-bluetooth-usb-luz-frontal-rgb-tws-20w-rms-con-hasta-5-hrs-autonomia-ipx5\/#breadcrumb\"},\"inLanguage\":\"es-MX\",\"potentialAction\":[{\"@type\":\"ReadAction\",\"target\":[\"https:\/\/compuviper.mx\/tienda\/producto\/vorago-bsp-440-bocina-inalambrica-bluetooth-usb-luz-frontal-rgb-tws-20w-rms-con-hasta-5-hrs-autonomia-ipx5\/\"]}]},{\"@type\":\"BreadcrumbList\",\"@id\":\"https:\/\/compuviper.mx\/tienda\/producto\/vorago-bsp-440-bocina-inalambrica-bluetooth-usb-luz-frontal-rgb-tws-20w-rms-con-hasta-5-hrs-autonomia-ipx5\/#breadcrumb\",\"itemListElement\":[{\"@type\":\"ListItem\",\"position\":1,\"name\":\"Inicio\",\"item\":\"https:\/\/compuviper.mx\/tienda\/\"},{\"@type\":\"ListItem\",\"position\":2,\"name\":\"Productos\",\"item\":\"https:\/\/compuviper.mx\/tienda\/productos\/\"},{\"@type\":\"ListItem\",\"position\":3,\"name\":\"Bocinas\",\"item\":\"https:\/\/compuviper.mx\/tienda\/categoria-producto\/bocinas\/\"},{\"@type\":\"ListItem\",\"position\":4,\"name\":\"Bocinas Bluetooth\",\"item\":\"https:\/\/compuviper.mx\/tienda\/categoria-producto\/bocinas\/bocinas-bluetooth\/\"},{\"@type\":\"ListItem\",\"position\":5,\"name\":\"Vorago Bsp-440 Bocina Inalambrica \/ , Bluetooth \/ Usb \/ Luz Frontal Rgb \/ Tws \/ 20w Rms Con Hasta 5 Hrs Autonomia \/ Ipx5\"}]},{\"@type\":\"WebSite\",\"@id\":\"https:\/\/compuviper.mx\/tienda\/#website\",\"url\":\"https:\/\/compuviper.mx\/tienda\/\",\"name\":\"Compuviper\",\"description\":\"Proveedor de Computadoras, Laptops, Servidores, Monitores, Puntos de Venta, Teclados,   Impresoras, T\u00f3ner, C\u00e1maras de Seguridad y m\u00e1s en tu tienda en l\u00ednea\",\"publisher\":{\"@id\":\"https:\/\/compuviper.mx\/tienda\/#organization\"},\"potentialAction\":[{\"@type\":\"SearchAction\",\"target\":{\"@type\":\"EntryPoint\",\"urlTemplate\":\"https:\/\/compuviper.mx\/tienda\/?s={search_term_string}\"},\"query-input\":\"required name=search_term_string\"}],\"inLanguage\":\"es-MX\"},{\"@type\":\"Organization\",\"@id\":\"https:\/\/compuviper.mx\/tienda\/#organization\",\"name\":\"Compuviper\",\"url\":\"https:\/\/compuviper.mx\/tienda\/\",\"logo\":{\"@type\":\"ImageObject\",\"inLanguage\":\"es-MX\",\"@id\":\"https:\/\/compuviper.mx\/tienda\/#\/schema\/logo\/image\/\",\"url\":\"https:\/\/compuviper.mx\/tienda\/wp-content\/uploads\/2021\/08\/Logo-Compuviper-10.png\",\"contentUrl\":\"https:\/\/compuviper.mx\/tienda\/wp-content\/uploads\/2021\/08\/Logo-Compuviper-10.png\",\"width\":1000,\"height\":500,\"caption\":\"Compuviper\"},\"image\":{\"@id\":\"https:\/\/compuviper.mx\/tienda\/#\/schema\/logo\/image\/\"},\"sameAs\":[\"https:\/\/www.facebook.com\/compuviper\",\"https:\/\/www.youtube.com\/channel\/UCf73dERp9Y3cfOq7q8BhLjA?view_as=subscriber\"]}]}<\/script>\n<meta property=\"product:brand\" content=\"Vorago\" \/>\n<meta property=\"product:price:amount\" content=\"631\" \/>\n<meta property=\"product:price:currency\" content=\"MXN\" \/>\n<meta property=\"og:availability\" content=\"instock\" \/>\n<meta property=\"product:availability\" content=\"instock\" \/>\n<meta property=\"product:retailer_item_id\" content=\"BSP-440\" \/>\n<meta property=\"product:condition\" content=\"new\" \/>\n<!-- \/ Yoast SEO plugin. -->","yoast_head_json":{"title":"[ Vorago ] &#129351; Bsp-440 Bocina Inalambrica \/ , Bluetooth \/ Usb \/ Luz Frontal Rgb \/ Tws \/ 20w Rms Con Hasta 5 Hrs Autonomia \/ Ipx5","description":"Compra Bsp-440 Bocina Inalambrica \/ , Bluetooth \/ Usb \/ Luz Frontal Rgb \/ Tws \/ 20w Rms Con Hasta 5 Hrs Autonomia \/ Ipx5 + Env\u00edo a domicilio + Pago seguro + Garant\u00eda","robots":{"index":"index","follow":"follow","max-snippet":"max-snippet:-1","max-image-preview":"max-image-preview:large","max-video-preview":"max-video-preview:-1"},"canonical":"https:\/\/compuviper.mx\/tienda\/producto\/vorago-bsp-440-bocina-inalambrica-bluetooth-usb-luz-frontal-rgb-tws-20w-rms-con-hasta-5-hrs-autonomia-ipx5\/","og_locale":"es_MX","og_type":"article","og_title":"[ Vorago ] &#129351; Bsp-440 Bocina Inalambrica \/ , Bluetooth \/ Usb \/ Luz Frontal Rgb \/ Tws \/ 20w Rms Con Hasta 5 Hrs Autonomia \/ Ipx5","og_description":"Compra Bsp-440 Bocina Inalambrica \/ , Bluetooth \/ Usb \/ Luz Frontal Rgb \/ Tws \/ 20w Rms Con Hasta 5 Hrs Autonomia \/ Ipx5 + Env\u00edo a domicilio + Pago seguro + Garant\u00eda","og_url":"https:\/\/compuviper.mx\/tienda\/producto\/vorago-bsp-440-bocina-inalambrica-bluetooth-usb-luz-frontal-rgb-tws-20w-rms-con-hasta-5-hrs-autonomia-ipx5\/","og_site_name":"Compuviper","article_publisher":"https:\/\/www.facebook.com\/compuviper","og_image":[{"width":200,"height":200,"url":"https:\/\/compuviper.mx\/tienda\/wp-content\/uploads\/2025\/10\/Bocina-inalambrica-vorago-bsp-440-bluetooth-usb-luz-frontal-rgb-tws-20w-rms-con-hasta-5-hrs-autonomia-ipx5.jpg","type":"image\/jpeg"}],"twitter_card":"summary_large_image","twitter_misc":{"Precio":"&#36;661 &#36;631 con IVA","Availability":"In stock"},"schema":{"@context":"https:\/\/schema.org","@graph":[{"@type":"WebPage","@id":"https:\/\/compuviper.mx\/tienda\/producto\/vorago-bsp-440-bocina-inalambrica-bluetooth-usb-luz-frontal-rgb-tws-20w-rms-con-hasta-5-hrs-autonomia-ipx5\/","url":"https:\/\/compuviper.mx\/tienda\/producto\/vorago-bsp-440-bocina-inalambrica-bluetooth-usb-luz-frontal-rgb-tws-20w-rms-con-hasta-5-hrs-autonomia-ipx5\/","name":"[ Vorago ] &#129351; Bsp-440 Bocina Inalambrica \/ , Bluetooth \/ Usb \/ Luz Frontal Rgb \/ Tws \/ 20w Rms Con Hasta 5 Hrs Autonomia \/ Ipx5","isPartOf":{"@id":"https:\/\/compuviper.mx\/tienda\/#website"},"datePublished":"2026-04-23T08:04:25+00:00","dateModified":"2026-04-23T08:04:25+00:00","description":"Compra Bsp-440 Bocina Inalambrica \/ , Bluetooth \/ Usb \/ Luz Frontal Rgb \/ Tws \/ 20w Rms Con Hasta 5 Hrs Autonomia \/ Ipx5 + Env\u00edo a domicilio + Pago seguro + Garant\u00eda","breadcrumb":{"@id":"https:\/\/compuviper.mx\/tienda\/producto\/vorago-bsp-440-bocina-inalambrica-bluetooth-usb-luz-frontal-rgb-tws-20w-rms-con-hasta-5-hrs-autonomia-ipx5\/#breadcrumb"},"inLanguage":"es-MX","potentialAction":[{"@type":"ReadAction","target":["https:\/\/compuviper.mx\/tienda\/producto\/vorago-bsp-440-bocina-inalambrica-bluetooth-usb-luz-frontal-rgb-tws-20w-rms-con-hasta-5-hrs-autonomia-ipx5\/"]}]},{"@type":"BreadcrumbList","@id":"https:\/\/compuviper.mx\/tienda\/producto\/vorago-bsp-440-bocina-inalambrica-bluetooth-usb-luz-frontal-rgb-tws-20w-rms-con-hasta-5-hrs-autonomia-ipx5\/#breadcrumb","itemListElement":[{"@type":"ListItem","position":1,"name":"Inicio","item":"https:\/\/compuviper.mx\/tienda\/"},{"@type":"ListItem","position":2,"name":"Productos","item":"https:\/\/compuviper.mx\/tienda\/productos\/"},{"@type":"ListItem","position":3,"name":"Bocinas","item":"https:\/\/compuviper.mx\/tienda\/categoria-producto\/bocinas\/"},{"@type":"ListItem","position":4,"name":"Bocinas Bluetooth","item":"https:\/\/compuviper.mx\/tienda\/categoria-producto\/bocinas\/bocinas-bluetooth\/"},{"@type":"ListItem","position":5,"name":"Vorago Bsp-440 Bocina Inalambrica \/ , Bluetooth \/ Usb \/ Luz Frontal Rgb \/ Tws \/ 20w Rms Con Hasta 5 Hrs Autonomia \/ Ipx5"}]},{"@type":"WebSite","@id":"https:\/\/compuviper.mx\/tienda\/#website","url":"https:\/\/compuviper.mx\/tienda\/","name":"Compuviper","description":"Proveedor de Computadoras, Laptops, Servidores, Monitores, Puntos de Venta, Teclados,   Impresoras, T\u00f3ner, C\u00e1maras de Seguridad y m\u00e1s en tu tienda en l\u00ednea","publisher":{"@id":"https:\/\/compuviper.mx\/tienda\/#organization"},"potentialAction":[{"@type":"SearchAction","target":{"@type":"EntryPoint","urlTemplate":"https:\/\/compuviper.mx\/tienda\/?s={search_term_string}"},"query-input":"required name=search_term_string"}],"inLanguage":"es-MX"},{"@type":"Organization","@id":"https:\/\/compuviper.mx\/tienda\/#organization","name":"Compuviper","url":"https:\/\/compuviper.mx\/tienda\/","logo":{"@type":"ImageObject","inLanguage":"es-MX","@id":"https:\/\/compuviper.mx\/tienda\/#\/schema\/logo\/image\/","url":"https:\/\/compuviper.mx\/tienda\/wp-content\/uploads\/2021\/08\/Logo-Compuviper-10.png","contentUrl":"https:\/\/compuviper.mx\/tienda\/wp-content\/uploads\/2021\/08\/Logo-Compuviper-10.png","width":1000,"height":500,"caption":"Compuviper"},"image":{"@id":"https:\/\/compuviper.mx\/tienda\/#\/schema\/logo\/image\/"},"sameAs":["https:\/\/www.facebook.com\/compuviper","https:\/\/www.youtube.com\/channel\/UCf73dERp9Y3cfOq7q8BhLjA?view_as=subscriber"]}]},"product_brand":"Vorago","product_price_amount":"631","product_price_currency":"MXN","og_availability":"instock","product_availability":"instock","product_retailer_item_id":"BSP-440","product_condition":"new"},"_links":{"self":[{"href":"https:\/\/compuviper.mx\/tienda\/wp-json\/wp\/v2\/product\/254866"}],"collection":[{"href":"https:\/\/compuviper.mx\/tienda\/wp-json\/wp\/v2\/product"}],"about":[{"href":"https:\/\/compuviper.mx\/tienda\/wp-json\/wp\/v2\/types\/product"}],"replies":[{"embeddable":true,"href":"https:\/\/compuviper.mx\/tienda\/wp-json\/wp\/v2\/comments?post=254866"}],"wp:featuredmedia":[{"embeddable":true,"href":"https:\/\/compuviper.mx\/tienda\/wp-json\/wp\/v2\/media\/260914"}],"wp:attachment":[{"href":"https:\/\/compuviper.mx\/tienda\/wp-json\/wp\/v2\/media?parent=254866"}],"wp:term":[{"taxonomy":"product_cat","embeddable":true,"href":"https:\/\/compuviper.mx\/tienda\/wp-json\/wp\/v2\/product_cat?post=254866"},{"taxonomy":"product_tag","embeddable":true,"href":"https:\/\/compuviper.mx\/tienda\/wp-json\/wp\/v2\/product_tag?post=254866"}],"curies":[{"name":"wp","href":"https:\/\/api.w.org\/{rel}","templated":true}]}}