{"id":254849,"date":"2026-04-08T01:53:49","date_gmt":"2026-04-08T07:53:49","guid":{"rendered":"https:\/\/compuviper.mx\/tienda\/producto\/vorago-avr-300-wh-protector-de-voltaje-1800w-rj45-portatil-negro-electrodomsticos\/"},"modified":"2026-04-08T01:53:49","modified_gmt":"2026-04-08T07:53:49","slug":"vorago-avr-300-wh-protector-de-voltaje-1800w-rj45-portatil-negro-electrodomsticos","status":"publish","type":"product","link":"https:\/\/compuviper.mx\/tienda\/producto\/vorago-avr-300-wh-protector-de-voltaje-1800w-rj45-portatil-negro-electrodomsticos\/","title":{"rendered":"Vorago Avr-300-wh Protector De Voltaje \/  \/  1,800w Rj45 Portatil Negro Electrodomsticos"},"content":{"rendered":"<table class=\"descripcion\">\n<tr>\n<td>Articulo: protector de voltaje y supresor de picos<\/td>\n<\/tr>\n<tr>\n<td> potencia: 900 joules<\/td>\n<\/tr>\n<tr>\n<td>Voltaje de entrada: 120 v ~ 50hz &#8211; 60hz<\/td>\n<\/tr>\n<tr>\n<td>Tipo de corriente: ca<\/td>\n<\/tr>\n<tr>\n<td>Voltaje de salida: 120 v ~ 50hz &#8211; 60hz<\/td>\n<\/tr>\n<tr>\n<td>Potencia de salida: 15a<\/td>\n<\/tr>\n<tr>\n<td>Corriente de salida: 120v max 15a<\/td>\n<\/tr>\n<tr>\n<td>Carga maxima: 1,800 w<\/td>\n<\/tr>\n<\/table>\n","protected":false},"excerpt":{"rendered":"<p>El avr-300 de vorago es la forma facil y segura de proteger tus equipos electronicos en casa u oficina, este protector de voltaje con supresor de picos es la solucion que necesitas tener.<\/p>\n","protected":false},"featured_media":260753,"comment_status":"open","ping_status":"open","template":"","meta":[],"product_cat":[1508,1802],"product_tag":[2294],"acf":[],"yoast_head":"<!-- This site is optimized with the Yoast SEO plugin v21.7 - https:\/\/yoast.com\/wordpress\/plugins\/seo\/ -->\n<title>[ Vorago ] &#129351; Avr-300-wh Protector De Voltaje \/ \/ 1,800w Rj45 Portatil Negro Electrodomsticos<\/title>\n<meta name=\"description\" content=\"Compra Avr-300-wh Protector De Voltaje \/ \/ 1,800w Rj45 Portatil Negro Electrodomsticos + Env\u00edo a domicilio + Pago seguro + Garant\u00eda\" \/>\n<meta name=\"robots\" content=\"index, follow, max-snippet:-1, max-image-preview:large, max-video-preview:-1\" \/>\n<link rel=\"canonical\" href=\"https:\/\/compuviper.mx\/tienda\/producto\/vorago-avr-300-wh-protector-de-voltaje-1800w-rj45-portatil-negro-electrodomsticos\/\" \/>\n<meta property=\"og:locale\" content=\"es_MX\" \/>\n<meta property=\"og:type\" content=\"article\" \/>\n<meta property=\"og:title\" content=\"[ Vorago ] &#129351; Avr-300-wh Protector De Voltaje \/ \/ 1,800w Rj45 Portatil Negro Electrodomsticos\" \/>\n<meta property=\"og:description\" content=\"Compra Avr-300-wh Protector De Voltaje \/ \/ 1,800w Rj45 Portatil Negro Electrodomsticos + Env\u00edo a domicilio + Pago seguro + Garant\u00eda\" \/>\n<meta property=\"og:url\" content=\"https:\/\/compuviper.mx\/tienda\/producto\/vorago-avr-300-wh-protector-de-voltaje-1800w-rj45-portatil-negro-electrodomsticos\/\" \/>\n<meta property=\"og:site_name\" content=\"Compuviper\" \/>\n<meta property=\"article:publisher\" content=\"https:\/\/www.facebook.com\/compuviper\" \/>\n<meta property=\"og:image\" content=\"https:\/\/compuviper.mx\/tienda\/wp-content\/uploads\/2025\/10\/Protector-de-voltaje-vorago-avr-300-wh-1800w-rj45-portatil-negro-electrodomsticos-1.jpg\" \/>\n\t<meta property=\"og:image:width\" content=\"200\" \/>\n\t<meta property=\"og:image:height\" content=\"200\" \/>\n\t<meta property=\"og:image:type\" content=\"image\/jpeg\" \/>\n<meta name=\"twitter:card\" content=\"summary_large_image\" \/>\n<meta name=\"twitter:label1\" content=\"Precio\" \/>\n\t<meta name=\"twitter:data1\" content=\"&#36;174 con IVA\" \/>\n\t<meta name=\"twitter:label2\" content=\"Availability\" \/>\n\t<meta name=\"twitter:data2\" content=\"In stock\" \/>\n<script type=\"application\/ld+json\" class=\"yoast-schema-graph\">{\"@context\":\"https:\/\/schema.org\",\"@graph\":[{\"@type\":\"WebPage\",\"@id\":\"https:\/\/compuviper.mx\/tienda\/producto\/vorago-avr-300-wh-protector-de-voltaje-1800w-rj45-portatil-negro-electrodomsticos\/\",\"url\":\"https:\/\/compuviper.mx\/tienda\/producto\/vorago-avr-300-wh-protector-de-voltaje-1800w-rj45-portatil-negro-electrodomsticos\/\",\"name\":\"[ Vorago ] &#129351; Avr-300-wh Protector De Voltaje \/ \/ 1,800w Rj45 Portatil Negro Electrodomsticos\",\"isPartOf\":{\"@id\":\"https:\/\/compuviper.mx\/tienda\/#website\"},\"datePublished\":\"2026-04-08T07:53:49+00:00\",\"dateModified\":\"2026-04-08T07:53:49+00:00\",\"description\":\"Compra Avr-300-wh Protector De Voltaje \/ \/ 1,800w Rj45 Portatil Negro Electrodomsticos + Env\u00edo a domicilio + Pago seguro + Garant\u00eda\",\"breadcrumb\":{\"@id\":\"https:\/\/compuviper.mx\/tienda\/producto\/vorago-avr-300-wh-protector-de-voltaje-1800w-rj45-portatil-negro-electrodomsticos\/#breadcrumb\"},\"inLanguage\":\"es-MX\",\"potentialAction\":[{\"@type\":\"ReadAction\",\"target\":[\"https:\/\/compuviper.mx\/tienda\/producto\/vorago-avr-300-wh-protector-de-voltaje-1800w-rj45-portatil-negro-electrodomsticos\/\"]}]},{\"@type\":\"BreadcrumbList\",\"@id\":\"https:\/\/compuviper.mx\/tienda\/producto\/vorago-avr-300-wh-protector-de-voltaje-1800w-rj45-portatil-negro-electrodomsticos\/#breadcrumb\",\"itemListElement\":[{\"@type\":\"ListItem\",\"position\":1,\"name\":\"Inicio\",\"item\":\"https:\/\/compuviper.mx\/tienda\/\"},{\"@type\":\"ListItem\",\"position\":2,\"name\":\"Productos\",\"item\":\"https:\/\/compuviper.mx\/tienda\/productos\/\"},{\"@type\":\"ListItem\",\"position\":3,\"name\":\"Energia\",\"item\":\"https:\/\/compuviper.mx\/tienda\/categoria-producto\/energia\/\"},{\"@type\":\"ListItem\",\"position\":4,\"name\":\"Regulador\",\"item\":\"https:\/\/compuviper.mx\/tienda\/categoria-producto\/energia\/regulador\/\"},{\"@type\":\"ListItem\",\"position\":5,\"name\":\"Vorago Avr-300-wh Protector De Voltaje \/ \/ 1,800w Rj45 Portatil Negro Electrodomsticos\"}]},{\"@type\":\"WebSite\",\"@id\":\"https:\/\/compuviper.mx\/tienda\/#website\",\"url\":\"https:\/\/compuviper.mx\/tienda\/\",\"name\":\"Compuviper\",\"description\":\"Proveedor de Computadoras, Laptops, Servidores, Monitores, Puntos de Venta, Teclados,   Impresoras, T\u00f3ner, C\u00e1maras de Seguridad y m\u00e1s en tu tienda en l\u00ednea\",\"publisher\":{\"@id\":\"https:\/\/compuviper.mx\/tienda\/#organization\"},\"potentialAction\":[{\"@type\":\"SearchAction\",\"target\":{\"@type\":\"EntryPoint\",\"urlTemplate\":\"https:\/\/compuviper.mx\/tienda\/?s={search_term_string}\"},\"query-input\":\"required name=search_term_string\"}],\"inLanguage\":\"es-MX\"},{\"@type\":\"Organization\",\"@id\":\"https:\/\/compuviper.mx\/tienda\/#organization\",\"name\":\"Compuviper\",\"url\":\"https:\/\/compuviper.mx\/tienda\/\",\"logo\":{\"@type\":\"ImageObject\",\"inLanguage\":\"es-MX\",\"@id\":\"https:\/\/compuviper.mx\/tienda\/#\/schema\/logo\/image\/\",\"url\":\"https:\/\/compuviper.mx\/tienda\/wp-content\/uploads\/2021\/08\/Logo-Compuviper-10.png\",\"contentUrl\":\"https:\/\/compuviper.mx\/tienda\/wp-content\/uploads\/2021\/08\/Logo-Compuviper-10.png\",\"width\":1000,\"height\":500,\"caption\":\"Compuviper\"},\"image\":{\"@id\":\"https:\/\/compuviper.mx\/tienda\/#\/schema\/logo\/image\/\"},\"sameAs\":[\"https:\/\/www.facebook.com\/compuviper\",\"https:\/\/www.youtube.com\/channel\/UCf73dERp9Y3cfOq7q8BhLjA?view_as=subscriber\"]}]}<\/script>\n<meta property=\"product:brand\" content=\"Vorago\" \/>\n<meta property=\"product:price:amount\" content=\"174\" \/>\n<meta property=\"product:price:currency\" content=\"MXN\" \/>\n<meta property=\"og:availability\" content=\"instock\" \/>\n<meta property=\"product:availability\" content=\"instock\" \/>\n<meta property=\"product:retailer_item_id\" content=\"AVR-300-WH\" \/>\n<meta property=\"product:condition\" content=\"new\" \/>\n<!-- \/ Yoast SEO plugin. -->","yoast_head_json":{"title":"[ Vorago ] &#129351; Avr-300-wh Protector De Voltaje \/ \/ 1,800w Rj45 Portatil Negro Electrodomsticos","description":"Compra Avr-300-wh Protector De Voltaje \/ \/ 1,800w Rj45 Portatil Negro Electrodomsticos + Env\u00edo a domicilio + Pago seguro + Garant\u00eda","robots":{"index":"index","follow":"follow","max-snippet":"max-snippet:-1","max-image-preview":"max-image-preview:large","max-video-preview":"max-video-preview:-1"},"canonical":"https:\/\/compuviper.mx\/tienda\/producto\/vorago-avr-300-wh-protector-de-voltaje-1800w-rj45-portatil-negro-electrodomsticos\/","og_locale":"es_MX","og_type":"article","og_title":"[ Vorago ] &#129351; Avr-300-wh Protector De Voltaje \/ \/ 1,800w Rj45 Portatil Negro Electrodomsticos","og_description":"Compra Avr-300-wh Protector De Voltaje \/ \/ 1,800w Rj45 Portatil Negro Electrodomsticos + Env\u00edo a domicilio + Pago seguro + Garant\u00eda","og_url":"https:\/\/compuviper.mx\/tienda\/producto\/vorago-avr-300-wh-protector-de-voltaje-1800w-rj45-portatil-negro-electrodomsticos\/","og_site_name":"Compuviper","article_publisher":"https:\/\/www.facebook.com\/compuviper","og_image":[{"width":200,"height":200,"url":"https:\/\/compuviper.mx\/tienda\/wp-content\/uploads\/2025\/10\/Protector-de-voltaje-vorago-avr-300-wh-1800w-rj45-portatil-negro-electrodomsticos-1.jpg","type":"image\/jpeg"}],"twitter_card":"summary_large_image","twitter_misc":{"Precio":"&#36;174 con IVA","Availability":"In stock"},"schema":{"@context":"https:\/\/schema.org","@graph":[{"@type":"WebPage","@id":"https:\/\/compuviper.mx\/tienda\/producto\/vorago-avr-300-wh-protector-de-voltaje-1800w-rj45-portatil-negro-electrodomsticos\/","url":"https:\/\/compuviper.mx\/tienda\/producto\/vorago-avr-300-wh-protector-de-voltaje-1800w-rj45-portatil-negro-electrodomsticos\/","name":"[ Vorago ] &#129351; Avr-300-wh Protector De Voltaje \/ \/ 1,800w Rj45 Portatil Negro Electrodomsticos","isPartOf":{"@id":"https:\/\/compuviper.mx\/tienda\/#website"},"datePublished":"2026-04-08T07:53:49+00:00","dateModified":"2026-04-08T07:53:49+00:00","description":"Compra Avr-300-wh Protector De Voltaje \/ \/ 1,800w Rj45 Portatil Negro Electrodomsticos + Env\u00edo a domicilio + Pago seguro + Garant\u00eda","breadcrumb":{"@id":"https:\/\/compuviper.mx\/tienda\/producto\/vorago-avr-300-wh-protector-de-voltaje-1800w-rj45-portatil-negro-electrodomsticos\/#breadcrumb"},"inLanguage":"es-MX","potentialAction":[{"@type":"ReadAction","target":["https:\/\/compuviper.mx\/tienda\/producto\/vorago-avr-300-wh-protector-de-voltaje-1800w-rj45-portatil-negro-electrodomsticos\/"]}]},{"@type":"BreadcrumbList","@id":"https:\/\/compuviper.mx\/tienda\/producto\/vorago-avr-300-wh-protector-de-voltaje-1800w-rj45-portatil-negro-electrodomsticos\/#breadcrumb","itemListElement":[{"@type":"ListItem","position":1,"name":"Inicio","item":"https:\/\/compuviper.mx\/tienda\/"},{"@type":"ListItem","position":2,"name":"Productos","item":"https:\/\/compuviper.mx\/tienda\/productos\/"},{"@type":"ListItem","position":3,"name":"Energia","item":"https:\/\/compuviper.mx\/tienda\/categoria-producto\/energia\/"},{"@type":"ListItem","position":4,"name":"Regulador","item":"https:\/\/compuviper.mx\/tienda\/categoria-producto\/energia\/regulador\/"},{"@type":"ListItem","position":5,"name":"Vorago Avr-300-wh Protector De Voltaje \/ \/ 1,800w Rj45 Portatil Negro Electrodomsticos"}]},{"@type":"WebSite","@id":"https:\/\/compuviper.mx\/tienda\/#website","url":"https:\/\/compuviper.mx\/tienda\/","name":"Compuviper","description":"Proveedor de Computadoras, Laptops, Servidores, Monitores, Puntos de Venta, Teclados,   Impresoras, T\u00f3ner, C\u00e1maras de Seguridad y m\u00e1s en tu tienda en l\u00ednea","publisher":{"@id":"https:\/\/compuviper.mx\/tienda\/#organization"},"potentialAction":[{"@type":"SearchAction","target":{"@type":"EntryPoint","urlTemplate":"https:\/\/compuviper.mx\/tienda\/?s={search_term_string}"},"query-input":"required name=search_term_string"}],"inLanguage":"es-MX"},{"@type":"Organization","@id":"https:\/\/compuviper.mx\/tienda\/#organization","name":"Compuviper","url":"https:\/\/compuviper.mx\/tienda\/","logo":{"@type":"ImageObject","inLanguage":"es-MX","@id":"https:\/\/compuviper.mx\/tienda\/#\/schema\/logo\/image\/","url":"https:\/\/compuviper.mx\/tienda\/wp-content\/uploads\/2021\/08\/Logo-Compuviper-10.png","contentUrl":"https:\/\/compuviper.mx\/tienda\/wp-content\/uploads\/2021\/08\/Logo-Compuviper-10.png","width":1000,"height":500,"caption":"Compuviper"},"image":{"@id":"https:\/\/compuviper.mx\/tienda\/#\/schema\/logo\/image\/"},"sameAs":["https:\/\/www.facebook.com\/compuviper","https:\/\/www.youtube.com\/channel\/UCf73dERp9Y3cfOq7q8BhLjA?view_as=subscriber"]}]},"product_brand":"Vorago","product_price_amount":"174","product_price_currency":"MXN","og_availability":"instock","product_availability":"instock","product_retailer_item_id":"AVR-300-WH","product_condition":"new"},"_links":{"self":[{"href":"https:\/\/compuviper.mx\/tienda\/wp-json\/wp\/v2\/product\/254849"}],"collection":[{"href":"https:\/\/compuviper.mx\/tienda\/wp-json\/wp\/v2\/product"}],"about":[{"href":"https:\/\/compuviper.mx\/tienda\/wp-json\/wp\/v2\/types\/product"}],"replies":[{"embeddable":true,"href":"https:\/\/compuviper.mx\/tienda\/wp-json\/wp\/v2\/comments?post=254849"}],"wp:featuredmedia":[{"embeddable":true,"href":"https:\/\/compuviper.mx\/tienda\/wp-json\/wp\/v2\/media\/260753"}],"wp:attachment":[{"href":"https:\/\/compuviper.mx\/tienda\/wp-json\/wp\/v2\/media?parent=254849"}],"wp:term":[{"taxonomy":"product_cat","embeddable":true,"href":"https:\/\/compuviper.mx\/tienda\/wp-json\/wp\/v2\/product_cat?post=254849"},{"taxonomy":"product_tag","embeddable":true,"href":"https:\/\/compuviper.mx\/tienda\/wp-json\/wp\/v2\/product_tag?post=254849"}],"curies":[{"name":"wp","href":"https:\/\/api.w.org\/{rel}","templated":true}]}}