{"id":254830,"date":"2026-04-21T01:25:16","date_gmt":"2026-04-21T07:25:16","guid":{"rendered":"https:\/\/compuviper.mx\/tienda\/producto\/vorago-pad-8-kids-rd-tablet-pad-8-kids-android-13-quadcore-4gb-64gb-dualcam-wifi-bt-gms-funda-roja\/"},"modified":"2026-04-21T01:25:16","modified_gmt":"2026-04-21T07:25:16","slug":"vorago-pad-8-kids-rd-tablet-pad-8-kids-android-13-quadcore-4gb-64gb-dualcam-wifi-bt-gms-funda-roja","status":"publish","type":"product","link":"https:\/\/compuviper.mx\/tienda\/producto\/vorago-pad-8-kids-rd-tablet-pad-8-kids-android-13-quadcore-4gb-64gb-dualcam-wifi-bt-gms-funda-roja\/","title":{"rendered":"Vorago Pad-8-kids-rd Tablet \/  \/ Pad-8 Kids, Android 13 Quadcore 4gb 64gb Dualcam Wifi Bt Gms Funda Roja"},"content":{"rendered":"<table class=\"descripcion\">\n<tr>\n<td>Artculo: tablet vorago pad-8<\/td>\n<\/tr>\n<tr>\n<td>Adaptador: 100 &#8211; 240 v, ac, 1.5 a, 50 &#8211; 60 hz<\/td>\n<\/tr>\n<tr>\n<td>Consumo: 5v, cc 2 a<\/td>\n<\/tr>\n<tr>\n<td>Procesador: rockchip quadcore, 2 ghz<\/td>\n<\/tr>\n<tr>\n<td>Ram: 4gb<\/td>\n<\/tr>\n<tr>\n<td>Almacenamiento: 64 gb<\/td>\n<\/tr>\n<tr>\n<td>Memoria externa: micro sd hasta 128 gb<\/td>\n<\/tr>\n<tr>\n<td>Conectividad: wifi 802.11 b\/g\/n,bluetooth 4.2<\/td>\n<\/tr>\n<tr>\n<td>Conectores: micro sd<\/td>\n<\/tr>\n<tr>\n<td>Sensores: g-sensor<\/td>\n<\/tr>\n<tr>\n<td>Audio: audfonos, salida 3.5mm<\/td>\n<\/tr>\n<tr>\n<td>Pantalla: 8\u0094, 1280 x 800, ips,<\/td>\n<\/tr>\n<tr>\n<td>Panel capacitivo de 5 puntos<\/td>\n<\/tr>\n<tr>\n<td>Sistema<\/td>\n<\/tr>\n<tr>\n<td>Operativo: android 13 certificado<\/td>\n<\/tr>\n<tr>\n<td>Dimensiones: 211.3 x 126.3 x 9 mmc\u00e1mara:<\/td>\n<\/tr>\n<tr>\n<td>Batera: li-polimero, 3.7 v, 5000 mah<\/td>\n<\/tr>\n<tr>\n<td>Tiempo de carga: 4 hrs<\/td>\n<\/tr>\n<tr>\n<td>Duracin: hasta 5 hrs<\/td>\n<\/tr>\n<tr>\n<td>Peso: 350 g<\/td>\n<\/tr>\n<tr>\n<td>C\u00e1mara frontal 2 megapixeles<\/td>\n<\/tr>\n<tr>\n<td>Trasera 5 megapixeles<\/td>\n<\/tr>\n<\/table>\n","protected":false},"excerpt":{"rendered":"<p>Deja que tu hijo aprenda y se divierta con la pad-8-kids, que cuenta con una pantalla de 8\u0094 con una resolucion hd de 1280 x 800p y tecnologia ips, para que sus juegos y dibujos animados tengan la mejor calidad.<\/p>\n","protected":false},"featured_media":260332,"comment_status":"open","ping_status":"open","template":"","meta":[],"product_cat":[1758,1763],"product_tag":[2294],"acf":[],"yoast_head":"<!-- This site is optimized with the Yoast SEO plugin v21.7 - https:\/\/yoast.com\/wordpress\/plugins\/seo\/ -->\n<title>[ Vorago ] &#129351; Pad-8-kids-rd Tablet \/ \/ Pad-8 Kids, Android 13 Quadcore 4gb 64gb Dualcam Wifi Bt Gms Funda Roja<\/title>\n<meta name=\"description\" content=\"Compra Pad-8-kids-rd Tablet \/ \/ Pad-8 Kids, Android 13 Quadcore 4gb 64gb Dualcam Wifi Bt Gms Funda Roja + Env\u00edo a domicilio + Pago seguro + Garant\u00eda\" \/>\n<meta name=\"robots\" content=\"index, follow, max-snippet:-1, max-image-preview:large, max-video-preview:-1\" \/>\n<link rel=\"canonical\" href=\"https:\/\/compuviper.mx\/tienda\/producto\/vorago-pad-8-kids-rd-tablet-pad-8-kids-android-13-quadcore-4gb-64gb-dualcam-wifi-bt-gms-funda-roja\/\" \/>\n<meta property=\"og:locale\" content=\"es_MX\" \/>\n<meta property=\"og:type\" content=\"article\" \/>\n<meta property=\"og:title\" content=\"[ Vorago ] &#129351; Pad-8-kids-rd Tablet \/ \/ Pad-8 Kids, Android 13 Quadcore 4gb 64gb Dualcam Wifi Bt Gms Funda Roja\" \/>\n<meta property=\"og:description\" content=\"Compra Pad-8-kids-rd Tablet \/ \/ Pad-8 Kids, Android 13 Quadcore 4gb 64gb Dualcam Wifi Bt Gms Funda Roja + Env\u00edo a domicilio + Pago seguro + Garant\u00eda\" \/>\n<meta property=\"og:url\" content=\"https:\/\/compuviper.mx\/tienda\/producto\/vorago-pad-8-kids-rd-tablet-pad-8-kids-android-13-quadcore-4gb-64gb-dualcam-wifi-bt-gms-funda-roja\/\" \/>\n<meta property=\"og:site_name\" content=\"Compuviper\" \/>\n<meta property=\"article:publisher\" content=\"https:\/\/www.facebook.com\/compuviper\" \/>\n<meta property=\"og:image\" content=\"https:\/\/compuviper.mx\/tienda\/wp-content\/uploads\/2025\/10\/Tablet-vorago-pad-8-kids-android-13-quadcore-4gb-64gb-dualcam-wifi-bt-gms-funda-roja.jpg\" \/>\n\t<meta property=\"og:image:width\" content=\"200\" \/>\n\t<meta property=\"og:image:height\" content=\"200\" \/>\n\t<meta property=\"og:image:type\" content=\"image\/jpeg\" \/>\n<meta name=\"twitter:card\" content=\"summary_large_image\" \/>\n<meta name=\"twitter:label1\" content=\"Precio\" \/>\n\t<meta name=\"twitter:data1\" content=\"&#36;1,545 con IVA\" \/>\n\t<meta name=\"twitter:label2\" content=\"Availability\" \/>\n\t<meta name=\"twitter:data2\" content=\"In stock\" \/>\n<script type=\"application\/ld+json\" class=\"yoast-schema-graph\">{\"@context\":\"https:\/\/schema.org\",\"@graph\":[{\"@type\":\"WebPage\",\"@id\":\"https:\/\/compuviper.mx\/tienda\/producto\/vorago-pad-8-kids-rd-tablet-pad-8-kids-android-13-quadcore-4gb-64gb-dualcam-wifi-bt-gms-funda-roja\/\",\"url\":\"https:\/\/compuviper.mx\/tienda\/producto\/vorago-pad-8-kids-rd-tablet-pad-8-kids-android-13-quadcore-4gb-64gb-dualcam-wifi-bt-gms-funda-roja\/\",\"name\":\"[ Vorago ] &#129351; Pad-8-kids-rd Tablet \/ \/ Pad-8 Kids, Android 13 Quadcore 4gb 64gb Dualcam Wifi Bt Gms Funda Roja\",\"isPartOf\":{\"@id\":\"https:\/\/compuviper.mx\/tienda\/#website\"},\"datePublished\":\"2026-04-21T07:25:16+00:00\",\"dateModified\":\"2026-04-21T07:25:16+00:00\",\"description\":\"Compra Pad-8-kids-rd Tablet \/ \/ Pad-8 Kids, Android 13 Quadcore 4gb 64gb Dualcam Wifi Bt Gms Funda Roja + Env\u00edo a domicilio + Pago seguro + Garant\u00eda\",\"breadcrumb\":{\"@id\":\"https:\/\/compuviper.mx\/tienda\/producto\/vorago-pad-8-kids-rd-tablet-pad-8-kids-android-13-quadcore-4gb-64gb-dualcam-wifi-bt-gms-funda-roja\/#breadcrumb\"},\"inLanguage\":\"es-MX\",\"potentialAction\":[{\"@type\":\"ReadAction\",\"target\":[\"https:\/\/compuviper.mx\/tienda\/producto\/vorago-pad-8-kids-rd-tablet-pad-8-kids-android-13-quadcore-4gb-64gb-dualcam-wifi-bt-gms-funda-roja\/\"]}]},{\"@type\":\"BreadcrumbList\",\"@id\":\"https:\/\/compuviper.mx\/tienda\/producto\/vorago-pad-8-kids-rd-tablet-pad-8-kids-android-13-quadcore-4gb-64gb-dualcam-wifi-bt-gms-funda-roja\/#breadcrumb\",\"itemListElement\":[{\"@type\":\"ListItem\",\"position\":1,\"name\":\"Inicio\",\"item\":\"https:\/\/compuviper.mx\/tienda\/\"},{\"@type\":\"ListItem\",\"position\":2,\"name\":\"Productos\",\"item\":\"https:\/\/compuviper.mx\/tienda\/productos\/\"},{\"@type\":\"ListItem\",\"position\":3,\"name\":\"Tabletas\",\"item\":\"https:\/\/compuviper.mx\/tienda\/categoria-producto\/tabletas\/\"},{\"@type\":\"ListItem\",\"position\":4,\"name\":\"Sin Categor\u00eda\",\"item\":\"https:\/\/compuviper.mx\/tienda\/categoria-producto\/tabletas\/sin-categoria-tabletas\/\"},{\"@type\":\"ListItem\",\"position\":5,\"name\":\"Vorago Pad-8-kids-rd Tablet \/ \/ Pad-8 Kids, Android 13 Quadcore 4gb 64gb Dualcam Wifi Bt Gms Funda Roja\"}]},{\"@type\":\"WebSite\",\"@id\":\"https:\/\/compuviper.mx\/tienda\/#website\",\"url\":\"https:\/\/compuviper.mx\/tienda\/\",\"name\":\"Compuviper\",\"description\":\"Proveedor de Computadoras, Laptops, Servidores, Monitores, Puntos de Venta, Teclados,   Impresoras, T\u00f3ner, C\u00e1maras de Seguridad y m\u00e1s en tu tienda en l\u00ednea\",\"publisher\":{\"@id\":\"https:\/\/compuviper.mx\/tienda\/#organization\"},\"potentialAction\":[{\"@type\":\"SearchAction\",\"target\":{\"@type\":\"EntryPoint\",\"urlTemplate\":\"https:\/\/compuviper.mx\/tienda\/?s={search_term_string}\"},\"query-input\":\"required name=search_term_string\"}],\"inLanguage\":\"es-MX\"},{\"@type\":\"Organization\",\"@id\":\"https:\/\/compuviper.mx\/tienda\/#organization\",\"name\":\"Compuviper\",\"url\":\"https:\/\/compuviper.mx\/tienda\/\",\"logo\":{\"@type\":\"ImageObject\",\"inLanguage\":\"es-MX\",\"@id\":\"https:\/\/compuviper.mx\/tienda\/#\/schema\/logo\/image\/\",\"url\":\"https:\/\/compuviper.mx\/tienda\/wp-content\/uploads\/2021\/08\/Logo-Compuviper-10.png\",\"contentUrl\":\"https:\/\/compuviper.mx\/tienda\/wp-content\/uploads\/2021\/08\/Logo-Compuviper-10.png\",\"width\":1000,\"height\":500,\"caption\":\"Compuviper\"},\"image\":{\"@id\":\"https:\/\/compuviper.mx\/tienda\/#\/schema\/logo\/image\/\"},\"sameAs\":[\"https:\/\/www.facebook.com\/compuviper\",\"https:\/\/www.youtube.com\/channel\/UCf73dERp9Y3cfOq7q8BhLjA?view_as=subscriber\"]}]}<\/script>\n<meta property=\"product:brand\" content=\"Vorago\" \/>\n<meta property=\"product:price:amount\" content=\"1545\" \/>\n<meta property=\"product:price:currency\" content=\"MXN\" \/>\n<meta property=\"og:availability\" content=\"instock\" \/>\n<meta property=\"product:availability\" content=\"instock\" \/>\n<meta property=\"product:retailer_item_id\" content=\"PAD-8-KIDS-RD\" \/>\n<meta property=\"product:condition\" content=\"new\" \/>\n<!-- \/ Yoast SEO plugin. -->","yoast_head_json":{"title":"[ Vorago ] &#129351; Pad-8-kids-rd Tablet \/ \/ Pad-8 Kids, Android 13 Quadcore 4gb 64gb Dualcam Wifi Bt Gms Funda Roja","description":"Compra Pad-8-kids-rd Tablet \/ \/ Pad-8 Kids, Android 13 Quadcore 4gb 64gb Dualcam Wifi Bt Gms Funda Roja + Env\u00edo a domicilio + Pago seguro + Garant\u00eda","robots":{"index":"index","follow":"follow","max-snippet":"max-snippet:-1","max-image-preview":"max-image-preview:large","max-video-preview":"max-video-preview:-1"},"canonical":"https:\/\/compuviper.mx\/tienda\/producto\/vorago-pad-8-kids-rd-tablet-pad-8-kids-android-13-quadcore-4gb-64gb-dualcam-wifi-bt-gms-funda-roja\/","og_locale":"es_MX","og_type":"article","og_title":"[ Vorago ] &#129351; Pad-8-kids-rd Tablet \/ \/ Pad-8 Kids, Android 13 Quadcore 4gb 64gb Dualcam Wifi Bt Gms Funda Roja","og_description":"Compra Pad-8-kids-rd Tablet \/ \/ Pad-8 Kids, Android 13 Quadcore 4gb 64gb Dualcam Wifi Bt Gms Funda Roja + Env\u00edo a domicilio + Pago seguro + Garant\u00eda","og_url":"https:\/\/compuviper.mx\/tienda\/producto\/vorago-pad-8-kids-rd-tablet-pad-8-kids-android-13-quadcore-4gb-64gb-dualcam-wifi-bt-gms-funda-roja\/","og_site_name":"Compuviper","article_publisher":"https:\/\/www.facebook.com\/compuviper","og_image":[{"width":200,"height":200,"url":"https:\/\/compuviper.mx\/tienda\/wp-content\/uploads\/2025\/10\/Tablet-vorago-pad-8-kids-android-13-quadcore-4gb-64gb-dualcam-wifi-bt-gms-funda-roja.jpg","type":"image\/jpeg"}],"twitter_card":"summary_large_image","twitter_misc":{"Precio":"&#36;1,545 con IVA","Availability":"In stock"},"schema":{"@context":"https:\/\/schema.org","@graph":[{"@type":"WebPage","@id":"https:\/\/compuviper.mx\/tienda\/producto\/vorago-pad-8-kids-rd-tablet-pad-8-kids-android-13-quadcore-4gb-64gb-dualcam-wifi-bt-gms-funda-roja\/","url":"https:\/\/compuviper.mx\/tienda\/producto\/vorago-pad-8-kids-rd-tablet-pad-8-kids-android-13-quadcore-4gb-64gb-dualcam-wifi-bt-gms-funda-roja\/","name":"[ Vorago ] &#129351; Pad-8-kids-rd Tablet \/ \/ Pad-8 Kids, Android 13 Quadcore 4gb 64gb Dualcam Wifi Bt Gms Funda Roja","isPartOf":{"@id":"https:\/\/compuviper.mx\/tienda\/#website"},"datePublished":"2026-04-21T07:25:16+00:00","dateModified":"2026-04-21T07:25:16+00:00","description":"Compra Pad-8-kids-rd Tablet \/ \/ Pad-8 Kids, Android 13 Quadcore 4gb 64gb Dualcam Wifi Bt Gms Funda Roja + Env\u00edo a domicilio + Pago seguro + Garant\u00eda","breadcrumb":{"@id":"https:\/\/compuviper.mx\/tienda\/producto\/vorago-pad-8-kids-rd-tablet-pad-8-kids-android-13-quadcore-4gb-64gb-dualcam-wifi-bt-gms-funda-roja\/#breadcrumb"},"inLanguage":"es-MX","potentialAction":[{"@type":"ReadAction","target":["https:\/\/compuviper.mx\/tienda\/producto\/vorago-pad-8-kids-rd-tablet-pad-8-kids-android-13-quadcore-4gb-64gb-dualcam-wifi-bt-gms-funda-roja\/"]}]},{"@type":"BreadcrumbList","@id":"https:\/\/compuviper.mx\/tienda\/producto\/vorago-pad-8-kids-rd-tablet-pad-8-kids-android-13-quadcore-4gb-64gb-dualcam-wifi-bt-gms-funda-roja\/#breadcrumb","itemListElement":[{"@type":"ListItem","position":1,"name":"Inicio","item":"https:\/\/compuviper.mx\/tienda\/"},{"@type":"ListItem","position":2,"name":"Productos","item":"https:\/\/compuviper.mx\/tienda\/productos\/"},{"@type":"ListItem","position":3,"name":"Tabletas","item":"https:\/\/compuviper.mx\/tienda\/categoria-producto\/tabletas\/"},{"@type":"ListItem","position":4,"name":"Sin Categor\u00eda","item":"https:\/\/compuviper.mx\/tienda\/categoria-producto\/tabletas\/sin-categoria-tabletas\/"},{"@type":"ListItem","position":5,"name":"Vorago Pad-8-kids-rd Tablet \/ \/ Pad-8 Kids, Android 13 Quadcore 4gb 64gb Dualcam Wifi Bt Gms Funda Roja"}]},{"@type":"WebSite","@id":"https:\/\/compuviper.mx\/tienda\/#website","url":"https:\/\/compuviper.mx\/tienda\/","name":"Compuviper","description":"Proveedor de Computadoras, Laptops, Servidores, Monitores, Puntos de Venta, Teclados,   Impresoras, T\u00f3ner, C\u00e1maras de Seguridad y m\u00e1s en tu tienda en l\u00ednea","publisher":{"@id":"https:\/\/compuviper.mx\/tienda\/#organization"},"potentialAction":[{"@type":"SearchAction","target":{"@type":"EntryPoint","urlTemplate":"https:\/\/compuviper.mx\/tienda\/?s={search_term_string}"},"query-input":"required name=search_term_string"}],"inLanguage":"es-MX"},{"@type":"Organization","@id":"https:\/\/compuviper.mx\/tienda\/#organization","name":"Compuviper","url":"https:\/\/compuviper.mx\/tienda\/","logo":{"@type":"ImageObject","inLanguage":"es-MX","@id":"https:\/\/compuviper.mx\/tienda\/#\/schema\/logo\/image\/","url":"https:\/\/compuviper.mx\/tienda\/wp-content\/uploads\/2021\/08\/Logo-Compuviper-10.png","contentUrl":"https:\/\/compuviper.mx\/tienda\/wp-content\/uploads\/2021\/08\/Logo-Compuviper-10.png","width":1000,"height":500,"caption":"Compuviper"},"image":{"@id":"https:\/\/compuviper.mx\/tienda\/#\/schema\/logo\/image\/"},"sameAs":["https:\/\/www.facebook.com\/compuviper","https:\/\/www.youtube.com\/channel\/UCf73dERp9Y3cfOq7q8BhLjA?view_as=subscriber"]}]},"product_brand":"Vorago","product_price_amount":"1545","product_price_currency":"MXN","og_availability":"instock","product_availability":"instock","product_retailer_item_id":"PAD-8-KIDS-RD","product_condition":"new"},"_links":{"self":[{"href":"https:\/\/compuviper.mx\/tienda\/wp-json\/wp\/v2\/product\/254830"}],"collection":[{"href":"https:\/\/compuviper.mx\/tienda\/wp-json\/wp\/v2\/product"}],"about":[{"href":"https:\/\/compuviper.mx\/tienda\/wp-json\/wp\/v2\/types\/product"}],"replies":[{"embeddable":true,"href":"https:\/\/compuviper.mx\/tienda\/wp-json\/wp\/v2\/comments?post=254830"}],"wp:featuredmedia":[{"embeddable":true,"href":"https:\/\/compuviper.mx\/tienda\/wp-json\/wp\/v2\/media\/260332"}],"wp:attachment":[{"href":"https:\/\/compuviper.mx\/tienda\/wp-json\/wp\/v2\/media?parent=254830"}],"wp:term":[{"taxonomy":"product_cat","embeddable":true,"href":"https:\/\/compuviper.mx\/tienda\/wp-json\/wp\/v2\/product_cat?post=254830"},{"taxonomy":"product_tag","embeddable":true,"href":"https:\/\/compuviper.mx\/tienda\/wp-json\/wp\/v2\/product_tag?post=254830"}],"curies":[{"name":"wp","href":"https:\/\/api.w.org\/{rel}","templated":true}]}}