{"id":254806,"date":"2026-04-27T23:51:34","date_gmt":"2026-04-28T05:51:34","guid":{"rendered":"https:\/\/compuviper.mx\/tienda\/producto\/balam-rush-br-942058-enfriamiento-de-aire-gamer-heliux-pro-hex50-disipador-tdp-220-w-compatibilidad-universal-amd-intel-argb-personalizable-4-pipas-ventilador-120-mm-blanco\/"},"modified":"2026-04-27T23:51:35","modified_gmt":"2026-04-28T05:51:35","slug":"balam-rush-br-942058-enfriamiento-de-aire-gamer-heliux-pro-hex50-disipador-tdp-220-w-compatibilidad-universal-amd-intel-argb-personalizable-4-pipas-ventilador-120-mm-blanco","status":"publish","type":"product","link":"https:\/\/compuviper.mx\/tienda\/producto\/balam-rush-br-942058-enfriamiento-de-aire-gamer-heliux-pro-hex50-disipador-tdp-220-w-compatibilidad-universal-amd-intel-argb-personalizable-4-pipas-ventilador-120-mm-blanco\/","title":{"rendered":"Balam Rush Br-942058 Enfriamiento De Aire Gamer  Heliux Pro Hex50 \/ Disipador \/ Tdp 220 W \/ Compatibilidad Universal Amd &#8211; Intel \/ Argb Personalizable \/ 4 Pipas \/ Ventilador 120 Mm \/ Blanco \/"},"content":{"rendered":"<table class=\"descripcion\">\n<tr>\n<td>\u0095 modelo: br-942058<\/td>\n<\/tr>\n<tr>\n<td>\u0095 producto: enfriamiento de aire<\/td>\n<\/tr>\n<tr>\n<td>\u0095 color: blanco<\/td>\n<\/tr>\n<tr>\n<td>\u0095 dimensiones: 120 x 78 x 153 mm<\/td>\n<\/tr>\n<tr>\n<td>\u0095 dimensiones del disipador: 120 x 50 x 148 mm<\/td>\n<\/tr>\n<tr>\n<td>\u0095 tama\u00f1o de ventiladores: 120 x 120 x 27 mm<\/td>\n<\/tr>\n<tr>\n<td>\u0095 peso radiador: 490 g<\/td>\n<\/tr>\n<tr>\n<td>\u0095 no. de pipas: 4 pipas<\/td>\n<\/tr>\n<tr>\n<td>\u0095 velocidad del ventilador: 600-2200 rpm\u00b110%<\/td>\n<\/tr>\n<tr>\n<td>\u0095 flujo de aire: 74.27 cfm<\/td>\n<\/tr>\n<tr>\n<td>\u0095 presion del aire: 2.87 mmh2o<\/td>\n<\/tr>\n<tr>\n<td>\u0095 ruido: 30 db<\/td>\n<\/tr>\n<tr>\n<td>\u0095 conector del ventilador: pwm 4pin + hembra  and  macho<\/td>\n<\/tr>\n<tr>\n<td>\u0095 tipo de rodamiento: hidrodinamico<\/td>\n<\/tr>\n<tr>\n<td>\u0095 tdp: 220 w<\/td>\n<\/tr>\n<tr>\n<td>\u0095 voltaje: 12 v and #9107; + led 5 v and #9107;<\/td>\n<\/tr>\n<tr>\n<td>\u0095 amperaje: 0.25 a + led: 0.5 a<\/td>\n<\/tr>\n<tr>\n<td>\u0095 materiales: pbt + aluminio + cobre<\/td>\n<\/tr>\n<tr>\n<td>\u0095 compatibilidad<\/td>\n<\/tr>\n<tr>\n<td>               \u0095 intel: 1200 \/ 115x \/ 1700 \/ 1851<\/td>\n<\/tr>\n<tr>\n<td>               \u0095 amd: am4 \/ am5<\/td>\n<\/tr>\n<tr>\n<td>\u0095 iluminacion<\/td>\n<\/tr>\n<tr>\n<td>               \u0095 tipo: argb<\/td>\n<\/tr>\n<tr>\n<td>               \u0095 cantidad de leds: 20<\/td>\n<\/tr>\n<tr>\n<td>               \u0095 tipo: argb<\/td>\n<\/tr>\n<tr>\n<td>               \u0095 controladores: motherboard<\/td>\n<\/tr>\n<tr>\n<td>               \u0095 conector: argb 3pin + hembra  and  macho<\/td>\n<\/tr>\n<tr>\n<td>               \u0095 tama\u00f1o de cable: 550 + 100 mm<\/td>\n<\/tr>\n<tr>\n<td>\u0095 tama\u00f1o de placa a contacto con procesador: 43 x 35 mm<\/td>\n<\/tr>\n<\/table>\n","protected":false},"excerpt":{"rendered":"<p>Dise\u00f1o compacto y moderno. Disponible en legend negro y legend blanco, combina. Est\u00e9tica y funcionalidad en un dise\u00f1o optimizado para. Gabinetes gaming. 4 heatpipes de alto rendimiento. Cuatro tuber\u00edas de cobre optimizadas para mejorar la. Disipaci\u00f3n t\u00e9rmica y evitar el sobrecalentamiento en largas. Sesiones. Potencia t\u00e9rmica 220w. El heliux pro hex50 mantiene tu cpu en temperaturas. \u00f3ptimas con su capacidad de disipaci\u00f3n de 220w, ideal para. Gaming extremo. Flujo de aire optimizado. El ventilador de 120mm genera 74.27 cfm de flujo de aire. Garantizando una disipaci\u00f3n t\u00e9rmica efectiva para cargas. Intensas. Ventilador de 120mm ultra. Silencioso. Rodamiento hidrodin\u00e1mico de \u00faltima generaci\u00f3n que. Ofrece operaci\u00f3n estable con solo 30db para un entorno. De juego sin ruidos molestos. Velocidad adaptable. 600-2200 rpm. Gracias a su conexi\u00f3n pwm de 4 pines, ajusta la velocidad del. Ventilador seg\u00fan la carga de trabajo y maximiza el. Rendimiento. Base de contacto. Con una base de 43 x 35 mm, la base de contacto garantiza. Un \u00e1rea de disipaci\u00f3n que maximiza la transferencia de. Calor entre el procesador y el disipador para un. Enfriamiento superior. Argb sincronizable. Personaliza la iluminaci\u00f3n con su sistema argb de 3 pines. Sincroniza con tu setup y dale un estilo \u00fanico. Compatibilidad total amd e intel. Soporta los sockets m\u00e1s utilizados, permitiendo una instalaci\u00f3n sencilla y asegurando un. Rendimiento eficiente en m\u00faltiples plataformas.<\/p>\n","protected":false},"featured_media":259096,"comment_status":"open","ping_status":"open","template":"","meta":[],"product_cat":[1859,1612],"product_tag":[2097],"acf":[],"yoast_head":"<!-- This site is optimized with the Yoast SEO plugin v21.7 - https:\/\/yoast.com\/wordpress\/plugins\/seo\/ -->\n<title>[ Balam Rush ] &#129351; Br-942058 Enfriamiento De Aire Gamer Heliux Pro Hex50 \/ Disipador \/ Tdp 220 W \/ Compatibilidad Universal Amd - Intel \/ Argb Personalizable \/ 4 Pipas \/ Ventilador 120 Mm \/ Blanco \/<\/title>\n<meta name=\"description\" content=\"Compra Br-942058 Enfriamiento De Aire Gamer Heliux Pro Hex50 \/ Disipador \/ Tdp 220 W \/ Compatibilidad Universal Amd - Intel \/ Argb Personalizable \/ 4 Pipas \/ Ventilador 120 Mm \/ Blanco \/ + Env\u00edo a domicilio + Pago seguro + Garant\u00eda\" \/>\n<meta name=\"robots\" content=\"index, follow, max-snippet:-1, max-image-preview:large, max-video-preview:-1\" \/>\n<link rel=\"canonical\" href=\"https:\/\/compuviper.mx\/tienda\/producto\/balam-rush-br-942058-enfriamiento-de-aire-gamer-heliux-pro-hex50-disipador-tdp-220-w-compatibilidad-universal-amd-intel-argb-personalizable-4-pipas-ventilador-120-mm-blanco\/\" \/>\n<meta property=\"og:locale\" content=\"es_MX\" \/>\n<meta property=\"og:type\" content=\"article\" \/>\n<meta property=\"og:title\" content=\"[ Balam Rush ] &#129351; Br-942058 Enfriamiento De Aire Gamer Heliux Pro Hex50 \/ Disipador \/ Tdp 220 W \/ Compatibilidad Universal Amd - Intel \/ Argb Personalizable \/ 4 Pipas \/ Ventilador 120 Mm \/ Blanco \/\" \/>\n<meta property=\"og:description\" content=\"Compra Br-942058 Enfriamiento De Aire Gamer Heliux Pro Hex50 \/ Disipador \/ Tdp 220 W \/ Compatibilidad Universal Amd - Intel \/ Argb Personalizable \/ 4 Pipas \/ Ventilador 120 Mm \/ Blanco \/ + Env\u00edo a domicilio + Pago seguro + Garant\u00eda\" \/>\n<meta property=\"og:url\" content=\"https:\/\/compuviper.mx\/tienda\/producto\/balam-rush-br-942058-enfriamiento-de-aire-gamer-heliux-pro-hex50-disipador-tdp-220-w-compatibilidad-universal-amd-intel-argb-personalizable-4-pipas-ventilador-120-mm-blanco\/\" \/>\n<meta property=\"og:site_name\" content=\"Compuviper\" \/>\n<meta property=\"article:publisher\" content=\"https:\/\/www.facebook.com\/compuviper\" \/>\n<meta property=\"article:modified_time\" content=\"2026-04-28T05:51:35+00:00\" \/>\n<meta property=\"og:image\" content=\"https:\/\/compuviper.mx\/tienda\/wp-content\/uploads\/2025\/10\/Enfriamiento-de-aire-gamer-balam-rush-heliux-pro-hex50-disipador-tdp-220-w-compatibilidad-universal-amd-intel-argb-personalizable-4-pipas-ventilador-120-mm-blanco-br-942058.jpg\" \/>\n\t<meta property=\"og:image:width\" content=\"200\" \/>\n\t<meta property=\"og:image:height\" content=\"200\" \/>\n\t<meta property=\"og:image:type\" content=\"image\/jpeg\" \/>\n<meta name=\"twitter:card\" content=\"summary_large_image\" \/>\n<meta name=\"twitter:label1\" content=\"Precio\" \/>\n\t<meta name=\"twitter:data1\" content=\"&#36;488 con IVA\" \/>\n\t<meta name=\"twitter:label2\" content=\"Availability\" \/>\n\t<meta name=\"twitter:data2\" content=\"In stock\" \/>\n<script type=\"application\/ld+json\" class=\"yoast-schema-graph\">{\"@context\":\"https:\/\/schema.org\",\"@graph\":[{\"@type\":\"WebPage\",\"@id\":\"https:\/\/compuviper.mx\/tienda\/producto\/balam-rush-br-942058-enfriamiento-de-aire-gamer-heliux-pro-hex50-disipador-tdp-220-w-compatibilidad-universal-amd-intel-argb-personalizable-4-pipas-ventilador-120-mm-blanco\/\",\"url\":\"https:\/\/compuviper.mx\/tienda\/producto\/balam-rush-br-942058-enfriamiento-de-aire-gamer-heliux-pro-hex50-disipador-tdp-220-w-compatibilidad-universal-amd-intel-argb-personalizable-4-pipas-ventilador-120-mm-blanco\/\",\"name\":\"[ Balam Rush ] &#129351; Br-942058 Enfriamiento De Aire Gamer Heliux Pro Hex50 \/ Disipador \/ Tdp 220 W \/ Compatibilidad Universal Amd - Intel \/ Argb Personalizable \/ 4 Pipas \/ Ventilador 120 Mm \/ Blanco \/\",\"isPartOf\":{\"@id\":\"https:\/\/compuviper.mx\/tienda\/#website\"},\"datePublished\":\"2026-04-28T05:51:34+00:00\",\"dateModified\":\"2026-04-28T05:51:35+00:00\",\"description\":\"Compra Br-942058 Enfriamiento De Aire Gamer Heliux Pro Hex50 \/ Disipador \/ Tdp 220 W \/ Compatibilidad Universal Amd - Intel \/ Argb Personalizable \/ 4 Pipas \/ Ventilador 120 Mm \/ Blanco \/ + Env\u00edo a domicilio + Pago seguro + Garant\u00eda\",\"breadcrumb\":{\"@id\":\"https:\/\/compuviper.mx\/tienda\/producto\/balam-rush-br-942058-enfriamiento-de-aire-gamer-heliux-pro-hex50-disipador-tdp-220-w-compatibilidad-universal-amd-intel-argb-personalizable-4-pipas-ventilador-120-mm-blanco\/#breadcrumb\"},\"inLanguage\":\"es-MX\",\"potentialAction\":[{\"@type\":\"ReadAction\",\"target\":[\"https:\/\/compuviper.mx\/tienda\/producto\/balam-rush-br-942058-enfriamiento-de-aire-gamer-heliux-pro-hex50-disipador-tdp-220-w-compatibilidad-universal-amd-intel-argb-personalizable-4-pipas-ventilador-120-mm-blanco\/\"]}]},{\"@type\":\"BreadcrumbList\",\"@id\":\"https:\/\/compuviper.mx\/tienda\/producto\/balam-rush-br-942058-enfriamiento-de-aire-gamer-heliux-pro-hex50-disipador-tdp-220-w-compatibilidad-universal-amd-intel-argb-personalizable-4-pipas-ventilador-120-mm-blanco\/#breadcrumb\",\"itemListElement\":[{\"@type\":\"ListItem\",\"position\":1,\"name\":\"Inicio\",\"item\":\"https:\/\/compuviper.mx\/tienda\/\"},{\"@type\":\"ListItem\",\"position\":2,\"name\":\"Productos\",\"item\":\"https:\/\/compuviper.mx\/tienda\/productos\/\"},{\"@type\":\"ListItem\",\"position\":3,\"name\":\"Ventiladores\",\"item\":\"https:\/\/compuviper.mx\/tienda\/categoria-producto\/ventiladores\/\"},{\"@type\":\"ListItem\",\"position\":4,\"name\":\"Disipador\",\"item\":\"https:\/\/compuviper.mx\/tienda\/categoria-producto\/ventiladores\/disipador\/\"},{\"@type\":\"ListItem\",\"position\":5,\"name\":\"Balam Rush Br-942058 Enfriamiento De Aire Gamer Heliux Pro Hex50 \/ Disipador \/ Tdp 220 W \/ Compatibilidad Universal Amd &#8211; Intel \/ Argb Personalizable \/ 4 Pipas \/ Ventilador 120 Mm \/ Blanco \/\"}]},{\"@type\":\"WebSite\",\"@id\":\"https:\/\/compuviper.mx\/tienda\/#website\",\"url\":\"https:\/\/compuviper.mx\/tienda\/\",\"name\":\"Compuviper\",\"description\":\"Proveedor de Computadoras, Laptops, Servidores, Monitores, Puntos de Venta, Teclados,   Impresoras, T\u00f3ner, C\u00e1maras de Seguridad y m\u00e1s en tu tienda en l\u00ednea\",\"publisher\":{\"@id\":\"https:\/\/compuviper.mx\/tienda\/#organization\"},\"potentialAction\":[{\"@type\":\"SearchAction\",\"target\":{\"@type\":\"EntryPoint\",\"urlTemplate\":\"https:\/\/compuviper.mx\/tienda\/?s={search_term_string}\"},\"query-input\":\"required name=search_term_string\"}],\"inLanguage\":\"es-MX\"},{\"@type\":\"Organization\",\"@id\":\"https:\/\/compuviper.mx\/tienda\/#organization\",\"name\":\"Compuviper\",\"url\":\"https:\/\/compuviper.mx\/tienda\/\",\"logo\":{\"@type\":\"ImageObject\",\"inLanguage\":\"es-MX\",\"@id\":\"https:\/\/compuviper.mx\/tienda\/#\/schema\/logo\/image\/\",\"url\":\"https:\/\/compuviper.mx\/tienda\/wp-content\/uploads\/2021\/08\/Logo-Compuviper-10.png\",\"contentUrl\":\"https:\/\/compuviper.mx\/tienda\/wp-content\/uploads\/2021\/08\/Logo-Compuviper-10.png\",\"width\":1000,\"height\":500,\"caption\":\"Compuviper\"},\"image\":{\"@id\":\"https:\/\/compuviper.mx\/tienda\/#\/schema\/logo\/image\/\"},\"sameAs\":[\"https:\/\/www.facebook.com\/compuviper\",\"https:\/\/www.youtube.com\/channel\/UCf73dERp9Y3cfOq7q8BhLjA?view_as=subscriber\"]}]}<\/script>\n<meta property=\"product:brand\" content=\"Balam Rush\" \/>\n<meta property=\"product:price:amount\" content=\"488\" \/>\n<meta property=\"product:price:currency\" content=\"MXN\" \/>\n<meta property=\"og:availability\" content=\"instock\" \/>\n<meta property=\"product:availability\" content=\"instock\" \/>\n<meta property=\"product:retailer_item_id\" content=\"BR-942058\" \/>\n<meta property=\"product:condition\" content=\"new\" \/>\n<!-- \/ Yoast SEO plugin. -->","yoast_head_json":{"title":"[ Balam Rush ] &#129351; Br-942058 Enfriamiento De Aire Gamer Heliux Pro Hex50 \/ Disipador \/ Tdp 220 W \/ Compatibilidad Universal Amd - Intel \/ Argb Personalizable \/ 4 Pipas \/ Ventilador 120 Mm \/ Blanco \/","description":"Compra Br-942058 Enfriamiento De Aire Gamer Heliux Pro Hex50 \/ Disipador \/ Tdp 220 W \/ Compatibilidad Universal Amd - Intel \/ Argb Personalizable \/ 4 Pipas \/ Ventilador 120 Mm \/ Blanco \/ + Env\u00edo a domicilio + Pago seguro + Garant\u00eda","robots":{"index":"index","follow":"follow","max-snippet":"max-snippet:-1","max-image-preview":"max-image-preview:large","max-video-preview":"max-video-preview:-1"},"canonical":"https:\/\/compuviper.mx\/tienda\/producto\/balam-rush-br-942058-enfriamiento-de-aire-gamer-heliux-pro-hex50-disipador-tdp-220-w-compatibilidad-universal-amd-intel-argb-personalizable-4-pipas-ventilador-120-mm-blanco\/","og_locale":"es_MX","og_type":"article","og_title":"[ Balam Rush ] &#129351; Br-942058 Enfriamiento De Aire Gamer Heliux Pro Hex50 \/ Disipador \/ Tdp 220 W \/ Compatibilidad Universal Amd - Intel \/ Argb Personalizable \/ 4 Pipas \/ Ventilador 120 Mm \/ Blanco \/","og_description":"Compra Br-942058 Enfriamiento De Aire Gamer Heliux Pro Hex50 \/ Disipador \/ Tdp 220 W \/ Compatibilidad Universal Amd - Intel \/ Argb Personalizable \/ 4 Pipas \/ Ventilador 120 Mm \/ Blanco \/ + Env\u00edo a domicilio + Pago seguro + Garant\u00eda","og_url":"https:\/\/compuviper.mx\/tienda\/producto\/balam-rush-br-942058-enfriamiento-de-aire-gamer-heliux-pro-hex50-disipador-tdp-220-w-compatibilidad-universal-amd-intel-argb-personalizable-4-pipas-ventilador-120-mm-blanco\/","og_site_name":"Compuviper","article_publisher":"https:\/\/www.facebook.com\/compuviper","article_modified_time":"2026-04-28T05:51:35+00:00","og_image":[{"width":200,"height":200,"url":"https:\/\/compuviper.mx\/tienda\/wp-content\/uploads\/2025\/10\/Enfriamiento-de-aire-gamer-balam-rush-heliux-pro-hex50-disipador-tdp-220-w-compatibilidad-universal-amd-intel-argb-personalizable-4-pipas-ventilador-120-mm-blanco-br-942058.jpg","type":"image\/jpeg"}],"twitter_card":"summary_large_image","twitter_misc":{"Precio":"&#36;488 con IVA","Availability":"In stock"},"schema":{"@context":"https:\/\/schema.org","@graph":[{"@type":"WebPage","@id":"https:\/\/compuviper.mx\/tienda\/producto\/balam-rush-br-942058-enfriamiento-de-aire-gamer-heliux-pro-hex50-disipador-tdp-220-w-compatibilidad-universal-amd-intel-argb-personalizable-4-pipas-ventilador-120-mm-blanco\/","url":"https:\/\/compuviper.mx\/tienda\/producto\/balam-rush-br-942058-enfriamiento-de-aire-gamer-heliux-pro-hex50-disipador-tdp-220-w-compatibilidad-universal-amd-intel-argb-personalizable-4-pipas-ventilador-120-mm-blanco\/","name":"[ Balam Rush ] &#129351; Br-942058 Enfriamiento De Aire Gamer Heliux Pro Hex50 \/ Disipador \/ Tdp 220 W \/ Compatibilidad Universal Amd - Intel \/ Argb Personalizable \/ 4 Pipas \/ Ventilador 120 Mm \/ Blanco \/","isPartOf":{"@id":"https:\/\/compuviper.mx\/tienda\/#website"},"datePublished":"2026-04-28T05:51:34+00:00","dateModified":"2026-04-28T05:51:35+00:00","description":"Compra Br-942058 Enfriamiento De Aire Gamer Heliux Pro Hex50 \/ Disipador \/ Tdp 220 W \/ Compatibilidad Universal Amd - Intel \/ Argb Personalizable \/ 4 Pipas \/ Ventilador 120 Mm \/ Blanco \/ + Env\u00edo a domicilio + Pago seguro + Garant\u00eda","breadcrumb":{"@id":"https:\/\/compuviper.mx\/tienda\/producto\/balam-rush-br-942058-enfriamiento-de-aire-gamer-heliux-pro-hex50-disipador-tdp-220-w-compatibilidad-universal-amd-intel-argb-personalizable-4-pipas-ventilador-120-mm-blanco\/#breadcrumb"},"inLanguage":"es-MX","potentialAction":[{"@type":"ReadAction","target":["https:\/\/compuviper.mx\/tienda\/producto\/balam-rush-br-942058-enfriamiento-de-aire-gamer-heliux-pro-hex50-disipador-tdp-220-w-compatibilidad-universal-amd-intel-argb-personalizable-4-pipas-ventilador-120-mm-blanco\/"]}]},{"@type":"BreadcrumbList","@id":"https:\/\/compuviper.mx\/tienda\/producto\/balam-rush-br-942058-enfriamiento-de-aire-gamer-heliux-pro-hex50-disipador-tdp-220-w-compatibilidad-universal-amd-intel-argb-personalizable-4-pipas-ventilador-120-mm-blanco\/#breadcrumb","itemListElement":[{"@type":"ListItem","position":1,"name":"Inicio","item":"https:\/\/compuviper.mx\/tienda\/"},{"@type":"ListItem","position":2,"name":"Productos","item":"https:\/\/compuviper.mx\/tienda\/productos\/"},{"@type":"ListItem","position":3,"name":"Ventiladores","item":"https:\/\/compuviper.mx\/tienda\/categoria-producto\/ventiladores\/"},{"@type":"ListItem","position":4,"name":"Disipador","item":"https:\/\/compuviper.mx\/tienda\/categoria-producto\/ventiladores\/disipador\/"},{"@type":"ListItem","position":5,"name":"Balam Rush Br-942058 Enfriamiento De Aire Gamer Heliux Pro Hex50 \/ Disipador \/ Tdp 220 W \/ Compatibilidad Universal Amd &#8211; Intel \/ Argb Personalizable \/ 4 Pipas \/ Ventilador 120 Mm \/ Blanco \/"}]},{"@type":"WebSite","@id":"https:\/\/compuviper.mx\/tienda\/#website","url":"https:\/\/compuviper.mx\/tienda\/","name":"Compuviper","description":"Proveedor de Computadoras, Laptops, Servidores, Monitores, Puntos de Venta, Teclados,   Impresoras, T\u00f3ner, C\u00e1maras de Seguridad y m\u00e1s en tu tienda en l\u00ednea","publisher":{"@id":"https:\/\/compuviper.mx\/tienda\/#organization"},"potentialAction":[{"@type":"SearchAction","target":{"@type":"EntryPoint","urlTemplate":"https:\/\/compuviper.mx\/tienda\/?s={search_term_string}"},"query-input":"required name=search_term_string"}],"inLanguage":"es-MX"},{"@type":"Organization","@id":"https:\/\/compuviper.mx\/tienda\/#organization","name":"Compuviper","url":"https:\/\/compuviper.mx\/tienda\/","logo":{"@type":"ImageObject","inLanguage":"es-MX","@id":"https:\/\/compuviper.mx\/tienda\/#\/schema\/logo\/image\/","url":"https:\/\/compuviper.mx\/tienda\/wp-content\/uploads\/2021\/08\/Logo-Compuviper-10.png","contentUrl":"https:\/\/compuviper.mx\/tienda\/wp-content\/uploads\/2021\/08\/Logo-Compuviper-10.png","width":1000,"height":500,"caption":"Compuviper"},"image":{"@id":"https:\/\/compuviper.mx\/tienda\/#\/schema\/logo\/image\/"},"sameAs":["https:\/\/www.facebook.com\/compuviper","https:\/\/www.youtube.com\/channel\/UCf73dERp9Y3cfOq7q8BhLjA?view_as=subscriber"]}]},"product_brand":"Balam Rush","product_price_amount":"488","product_price_currency":"MXN","og_availability":"instock","product_availability":"instock","product_retailer_item_id":"BR-942058","product_condition":"new"},"_links":{"self":[{"href":"https:\/\/compuviper.mx\/tienda\/wp-json\/wp\/v2\/product\/254806"}],"collection":[{"href":"https:\/\/compuviper.mx\/tienda\/wp-json\/wp\/v2\/product"}],"about":[{"href":"https:\/\/compuviper.mx\/tienda\/wp-json\/wp\/v2\/types\/product"}],"replies":[{"embeddable":true,"href":"https:\/\/compuviper.mx\/tienda\/wp-json\/wp\/v2\/comments?post=254806"}],"wp:featuredmedia":[{"embeddable":true,"href":"https:\/\/compuviper.mx\/tienda\/wp-json\/wp\/v2\/media\/259096"}],"wp:attachment":[{"href":"https:\/\/compuviper.mx\/tienda\/wp-json\/wp\/v2\/media?parent=254806"}],"wp:term":[{"taxonomy":"product_cat","embeddable":true,"href":"https:\/\/compuviper.mx\/tienda\/wp-json\/wp\/v2\/product_cat?post=254806"},{"taxonomy":"product_tag","embeddable":true,"href":"https:\/\/compuviper.mx\/tienda\/wp-json\/wp\/v2\/product_tag?post=254806"}],"curies":[{"name":"wp","href":"https:\/\/api.w.org\/{rel}","templated":true}]}}