{"id":254804,"date":"2026-04-09T23:15:21","date_gmt":"2026-04-10T05:15:21","guid":{"rendered":"https:\/\/compuviper.mx\/tienda\/producto\/maxcase-ap-esl-mba-13m2-bclr-funda-extreme-shell-l-para-macbook-air-13-6-2022-m2-2024-m3-a3113\/"},"modified":"2026-04-09T23:15:22","modified_gmt":"2026-04-10T05:15:22","slug":"maxcase-ap-esl-mba-13m2-bclr-funda-extreme-shell-l-para-macbook-air-13-6-2022-m2-2024-m3-a3113","status":"publish","type":"product","link":"https:\/\/compuviper.mx\/tienda\/producto\/maxcase-ap-esl-mba-13m2-bclr-funda-extreme-shell-l-para-macbook-air-13-6-2022-m2-2024-m3-a3113\/","title":{"rendered":"Maxcase Ap-esl-mba-13m2-bclr Funda Extreme Shell-l Para Macbook Air 13.6 2022 M2 \/ 2024 M3 &#8211; A3113"},"content":{"rendered":"<table class=\"descripcion\">\n<tr>\n<td>La extreme shell-f slide case v3 de maxcases, con su diseno superior deslizante patentado, protege chromebooks con facilidad y brinda mayor proteccion para la pantalla en un diseno renovado y mas liviano. su parte superior mas delgada reduce el peso de transporte sin sacrificar durabilidad ni proteccion, adems de ofrecer una superficie elegante y facil de limpiar.<\/td>\n<\/tr>\n<tr>\n<td>Las esquinas redisenadas proporcionan un perfil mas delgado que mejora la proteccion ante una amplia variedad de impactos. el innovador diseno deslizante distribuye la presion de forma uniforme alrededor de todo el permetro superior, asegurando un ajuste firme y eliminando puntos de presion sobre la pantalla.<\/td>\n<\/tr>\n<tr>\n<td>Fabricada con dos capas de resistente tpu, la carcasa esf3 ofrece una excelente proteccion contra impactos y caidas. combina una capa interna amortiguadora con una capa exterior resistente al aceite y la suciedad. esta probada para cumplir con el estndar militar mil-std 810g-516.6 ante caidas de hasta 1.2 metros.<\/td>\n<\/tr>\n<tr>\n<td>Los paneles rigidos y transparentes superior e inferior evitan danos exteriores y permiten la visibilidad de etiquetas y adhesivos. su diseno a medida asegura facil acceso a todos los botones y puertos. para mayor comodidad, el modelo v3 es compatible con una practica correa de transporte que se ajusta perfectamente a la carcasa se vende por separado<\/td>\n<\/tr>\n<\/table>\n","protected":false},"excerpt":{"rendered":"<p>Proteccion resistente y liviana para tu macbook air de 13.6 pulgadas. Diseno hibrido con esquinas reforzadas, parte trasera transparente y bordes negros para maxima proteccion sin perder el estilo del equipo.<\/p>\n","protected":false},"featured_media":258911,"comment_status":"open","ping_status":"open","template":"","meta":[],"product_cat":[1869,1870],"product_tag":[2210],"acf":[],"yoast_head":"<!-- This site is optimized with the Yoast SEO plugin v21.7 - https:\/\/yoast.com\/wordpress\/plugins\/seo\/ -->\n<title>[ Maxcase ] &#129351; Ap-esl-mba-13m2-bclr Funda Extreme Shell-l Para Macbook Air 13.6 2022 M2 \/ 2024 M3 - A3113<\/title>\n<meta name=\"description\" content=\"Compra Ap-esl-mba-13m2-bclr Funda Extreme Shell-l Para Macbook Air 13.6 2022 M2 \/ 2024 M3 - A3113 + Env\u00edo a domicilio + Pago seguro + Garant\u00eda\" \/>\n<meta name=\"robots\" content=\"index, follow, max-snippet:-1, max-image-preview:large, max-video-preview:-1\" \/>\n<link rel=\"canonical\" href=\"https:\/\/compuviper.mx\/tienda\/producto\/maxcase-ap-esl-mba-13m2-bclr-funda-extreme-shell-l-para-macbook-air-13-6-2022-m2-2024-m3-a3113\/\" \/>\n<meta property=\"og:locale\" content=\"es_MX\" \/>\n<meta property=\"og:type\" content=\"article\" \/>\n<meta property=\"og:title\" content=\"[ Maxcase ] &#129351; Ap-esl-mba-13m2-bclr Funda Extreme Shell-l Para Macbook Air 13.6 2022 M2 \/ 2024 M3 - A3113\" \/>\n<meta property=\"og:description\" content=\"Compra Ap-esl-mba-13m2-bclr Funda Extreme Shell-l Para Macbook Air 13.6 2022 M2 \/ 2024 M3 - A3113 + Env\u00edo a domicilio + Pago seguro + Garant\u00eda\" \/>\n<meta property=\"og:url\" content=\"https:\/\/compuviper.mx\/tienda\/producto\/maxcase-ap-esl-mba-13m2-bclr-funda-extreme-shell-l-para-macbook-air-13-6-2022-m2-2024-m3-a3113\/\" \/>\n<meta property=\"og:site_name\" content=\"Compuviper\" \/>\n<meta property=\"article:publisher\" content=\"https:\/\/www.facebook.com\/compuviper\" \/>\n<meta property=\"article:modified_time\" content=\"2026-04-10T05:15:22+00:00\" \/>\n<meta property=\"og:image\" content=\"https:\/\/compuviper.mx\/tienda\/wp-content\/uploads\/2025\/10\/Funda-extreme-shell-l-para-macbook-air-13.6-2022-m2-2024-m3-a3113.jpg\" \/>\n\t<meta property=\"og:image:width\" content=\"200\" \/>\n\t<meta property=\"og:image:height\" content=\"200\" \/>\n\t<meta property=\"og:image:type\" content=\"image\/jpeg\" \/>\n<meta name=\"twitter:card\" content=\"summary_large_image\" \/>\n<meta name=\"twitter:label1\" content=\"Precio\" \/>\n\t<meta name=\"twitter:data1\" content=\"&#36;595 con IVA\" \/>\n\t<meta name=\"twitter:label2\" content=\"Availability\" \/>\n\t<meta name=\"twitter:data2\" content=\"On backorder\" \/>\n<script type=\"application\/ld+json\" class=\"yoast-schema-graph\">{\"@context\":\"https:\/\/schema.org\",\"@graph\":[{\"@type\":\"WebPage\",\"@id\":\"https:\/\/compuviper.mx\/tienda\/producto\/maxcase-ap-esl-mba-13m2-bclr-funda-extreme-shell-l-para-macbook-air-13-6-2022-m2-2024-m3-a3113\/\",\"url\":\"https:\/\/compuviper.mx\/tienda\/producto\/maxcase-ap-esl-mba-13m2-bclr-funda-extreme-shell-l-para-macbook-air-13-6-2022-m2-2024-m3-a3113\/\",\"name\":\"[ Maxcase ] &#129351; Ap-esl-mba-13m2-bclr Funda Extreme Shell-l Para Macbook Air 13.6 2022 M2 \/ 2024 M3 - A3113\",\"isPartOf\":{\"@id\":\"https:\/\/compuviper.mx\/tienda\/#website\"},\"datePublished\":\"2026-04-10T05:15:21+00:00\",\"dateModified\":\"2026-04-10T05:15:22+00:00\",\"description\":\"Compra Ap-esl-mba-13m2-bclr Funda Extreme Shell-l Para Macbook Air 13.6 2022 M2 \/ 2024 M3 - A3113 + Env\u00edo a domicilio + Pago seguro + Garant\u00eda\",\"breadcrumb\":{\"@id\":\"https:\/\/compuviper.mx\/tienda\/producto\/maxcase-ap-esl-mba-13m2-bclr-funda-extreme-shell-l-para-macbook-air-13-6-2022-m2-2024-m3-a3113\/#breadcrumb\"},\"inLanguage\":\"es-MX\",\"potentialAction\":[{\"@type\":\"ReadAction\",\"target\":[\"https:\/\/compuviper.mx\/tienda\/producto\/maxcase-ap-esl-mba-13m2-bclr-funda-extreme-shell-l-para-macbook-air-13-6-2022-m2-2024-m3-a3113\/\"]}]},{\"@type\":\"BreadcrumbList\",\"@id\":\"https:\/\/compuviper.mx\/tienda\/producto\/maxcase-ap-esl-mba-13m2-bclr-funda-extreme-shell-l-para-macbook-air-13-6-2022-m2-2024-m3-a3113\/#breadcrumb\",\"itemListElement\":[{\"@type\":\"ListItem\",\"position\":1,\"name\":\"Inicio\",\"item\":\"https:\/\/compuviper.mx\/tienda\/\"},{\"@type\":\"ListItem\",\"position\":2,\"name\":\"Productos\",\"item\":\"https:\/\/compuviper.mx\/tienda\/productos\/\"},{\"@type\":\"ListItem\",\"position\":3,\"name\":\"Fundas\",\"item\":\"https:\/\/compuviper.mx\/tienda\/categoria-producto\/fundas\/\"},{\"@type\":\"ListItem\",\"position\":4,\"name\":\"Notebook\",\"item\":\"https:\/\/compuviper.mx\/tienda\/categoria-producto\/fundas\/notebook-fundas\/\"},{\"@type\":\"ListItem\",\"position\":5,\"name\":\"Maxcase Ap-esl-mba-13m2-bclr Funda Extreme Shell-l Para Macbook Air 13.6 2022 M2 \/ 2024 M3 &#8211; A3113\"}]},{\"@type\":\"WebSite\",\"@id\":\"https:\/\/compuviper.mx\/tienda\/#website\",\"url\":\"https:\/\/compuviper.mx\/tienda\/\",\"name\":\"Compuviper\",\"description\":\"Proveedor de Computadoras, Laptops, Servidores, Monitores, Puntos de Venta, Teclados,   Impresoras, T\u00f3ner, C\u00e1maras de Seguridad y m\u00e1s en tu tienda en l\u00ednea\",\"publisher\":{\"@id\":\"https:\/\/compuviper.mx\/tienda\/#organization\"},\"potentialAction\":[{\"@type\":\"SearchAction\",\"target\":{\"@type\":\"EntryPoint\",\"urlTemplate\":\"https:\/\/compuviper.mx\/tienda\/?s={search_term_string}\"},\"query-input\":\"required name=search_term_string\"}],\"inLanguage\":\"es-MX\"},{\"@type\":\"Organization\",\"@id\":\"https:\/\/compuviper.mx\/tienda\/#organization\",\"name\":\"Compuviper\",\"url\":\"https:\/\/compuviper.mx\/tienda\/\",\"logo\":{\"@type\":\"ImageObject\",\"inLanguage\":\"es-MX\",\"@id\":\"https:\/\/compuviper.mx\/tienda\/#\/schema\/logo\/image\/\",\"url\":\"https:\/\/compuviper.mx\/tienda\/wp-content\/uploads\/2021\/08\/Logo-Compuviper-10.png\",\"contentUrl\":\"https:\/\/compuviper.mx\/tienda\/wp-content\/uploads\/2021\/08\/Logo-Compuviper-10.png\",\"width\":1000,\"height\":500,\"caption\":\"Compuviper\"},\"image\":{\"@id\":\"https:\/\/compuviper.mx\/tienda\/#\/schema\/logo\/image\/\"},\"sameAs\":[\"https:\/\/www.facebook.com\/compuviper\",\"https:\/\/www.youtube.com\/channel\/UCf73dERp9Y3cfOq7q8BhLjA?view_as=subscriber\"]}]}<\/script>\n<meta property=\"product:brand\" content=\"Maxcase\" \/>\n<meta property=\"product:price:amount\" content=\"595\" \/>\n<meta property=\"product:price:currency\" content=\"MXN\" \/>\n<meta property=\"og:availability\" content=\"backorder\" \/>\n<meta property=\"product:availability\" content=\"available for order\" \/>\n<meta property=\"product:retailer_item_id\" content=\"AP-ESL-MBA-13M2-BCLR\" \/>\n<meta property=\"product:condition\" content=\"new\" \/>\n<!-- \/ Yoast SEO plugin. -->","yoast_head_json":{"title":"[ Maxcase ] &#129351; Ap-esl-mba-13m2-bclr Funda Extreme Shell-l Para Macbook Air 13.6 2022 M2 \/ 2024 M3 - A3113","description":"Compra Ap-esl-mba-13m2-bclr Funda Extreme Shell-l Para Macbook Air 13.6 2022 M2 \/ 2024 M3 - A3113 + Env\u00edo a domicilio + Pago seguro + Garant\u00eda","robots":{"index":"index","follow":"follow","max-snippet":"max-snippet:-1","max-image-preview":"max-image-preview:large","max-video-preview":"max-video-preview:-1"},"canonical":"https:\/\/compuviper.mx\/tienda\/producto\/maxcase-ap-esl-mba-13m2-bclr-funda-extreme-shell-l-para-macbook-air-13-6-2022-m2-2024-m3-a3113\/","og_locale":"es_MX","og_type":"article","og_title":"[ Maxcase ] &#129351; Ap-esl-mba-13m2-bclr Funda Extreme Shell-l Para Macbook Air 13.6 2022 M2 \/ 2024 M3 - A3113","og_description":"Compra Ap-esl-mba-13m2-bclr Funda Extreme Shell-l Para Macbook Air 13.6 2022 M2 \/ 2024 M3 - A3113 + Env\u00edo a domicilio + Pago seguro + Garant\u00eda","og_url":"https:\/\/compuviper.mx\/tienda\/producto\/maxcase-ap-esl-mba-13m2-bclr-funda-extreme-shell-l-para-macbook-air-13-6-2022-m2-2024-m3-a3113\/","og_site_name":"Compuviper","article_publisher":"https:\/\/www.facebook.com\/compuviper","article_modified_time":"2026-04-10T05:15:22+00:00","og_image":[{"width":200,"height":200,"url":"https:\/\/compuviper.mx\/tienda\/wp-content\/uploads\/2025\/10\/Funda-extreme-shell-l-para-macbook-air-13.6-2022-m2-2024-m3-a3113.jpg","type":"image\/jpeg"}],"twitter_card":"summary_large_image","twitter_misc":{"Precio":"&#36;595 con IVA","Availability":"On backorder"},"schema":{"@context":"https:\/\/schema.org","@graph":[{"@type":"WebPage","@id":"https:\/\/compuviper.mx\/tienda\/producto\/maxcase-ap-esl-mba-13m2-bclr-funda-extreme-shell-l-para-macbook-air-13-6-2022-m2-2024-m3-a3113\/","url":"https:\/\/compuviper.mx\/tienda\/producto\/maxcase-ap-esl-mba-13m2-bclr-funda-extreme-shell-l-para-macbook-air-13-6-2022-m2-2024-m3-a3113\/","name":"[ Maxcase ] &#129351; Ap-esl-mba-13m2-bclr Funda Extreme Shell-l Para Macbook Air 13.6 2022 M2 \/ 2024 M3 - A3113","isPartOf":{"@id":"https:\/\/compuviper.mx\/tienda\/#website"},"datePublished":"2026-04-10T05:15:21+00:00","dateModified":"2026-04-10T05:15:22+00:00","description":"Compra Ap-esl-mba-13m2-bclr Funda Extreme Shell-l Para Macbook Air 13.6 2022 M2 \/ 2024 M3 - A3113 + Env\u00edo a domicilio + Pago seguro + Garant\u00eda","breadcrumb":{"@id":"https:\/\/compuviper.mx\/tienda\/producto\/maxcase-ap-esl-mba-13m2-bclr-funda-extreme-shell-l-para-macbook-air-13-6-2022-m2-2024-m3-a3113\/#breadcrumb"},"inLanguage":"es-MX","potentialAction":[{"@type":"ReadAction","target":["https:\/\/compuviper.mx\/tienda\/producto\/maxcase-ap-esl-mba-13m2-bclr-funda-extreme-shell-l-para-macbook-air-13-6-2022-m2-2024-m3-a3113\/"]}]},{"@type":"BreadcrumbList","@id":"https:\/\/compuviper.mx\/tienda\/producto\/maxcase-ap-esl-mba-13m2-bclr-funda-extreme-shell-l-para-macbook-air-13-6-2022-m2-2024-m3-a3113\/#breadcrumb","itemListElement":[{"@type":"ListItem","position":1,"name":"Inicio","item":"https:\/\/compuviper.mx\/tienda\/"},{"@type":"ListItem","position":2,"name":"Productos","item":"https:\/\/compuviper.mx\/tienda\/productos\/"},{"@type":"ListItem","position":3,"name":"Fundas","item":"https:\/\/compuviper.mx\/tienda\/categoria-producto\/fundas\/"},{"@type":"ListItem","position":4,"name":"Notebook","item":"https:\/\/compuviper.mx\/tienda\/categoria-producto\/fundas\/notebook-fundas\/"},{"@type":"ListItem","position":5,"name":"Maxcase Ap-esl-mba-13m2-bclr Funda Extreme Shell-l Para Macbook Air 13.6 2022 M2 \/ 2024 M3 &#8211; A3113"}]},{"@type":"WebSite","@id":"https:\/\/compuviper.mx\/tienda\/#website","url":"https:\/\/compuviper.mx\/tienda\/","name":"Compuviper","description":"Proveedor de Computadoras, Laptops, Servidores, Monitores, Puntos de Venta, Teclados,   Impresoras, T\u00f3ner, C\u00e1maras de Seguridad y m\u00e1s en tu tienda en l\u00ednea","publisher":{"@id":"https:\/\/compuviper.mx\/tienda\/#organization"},"potentialAction":[{"@type":"SearchAction","target":{"@type":"EntryPoint","urlTemplate":"https:\/\/compuviper.mx\/tienda\/?s={search_term_string}"},"query-input":"required name=search_term_string"}],"inLanguage":"es-MX"},{"@type":"Organization","@id":"https:\/\/compuviper.mx\/tienda\/#organization","name":"Compuviper","url":"https:\/\/compuviper.mx\/tienda\/","logo":{"@type":"ImageObject","inLanguage":"es-MX","@id":"https:\/\/compuviper.mx\/tienda\/#\/schema\/logo\/image\/","url":"https:\/\/compuviper.mx\/tienda\/wp-content\/uploads\/2021\/08\/Logo-Compuviper-10.png","contentUrl":"https:\/\/compuviper.mx\/tienda\/wp-content\/uploads\/2021\/08\/Logo-Compuviper-10.png","width":1000,"height":500,"caption":"Compuviper"},"image":{"@id":"https:\/\/compuviper.mx\/tienda\/#\/schema\/logo\/image\/"},"sameAs":["https:\/\/www.facebook.com\/compuviper","https:\/\/www.youtube.com\/channel\/UCf73dERp9Y3cfOq7q8BhLjA?view_as=subscriber"]}]},"product_brand":"Maxcase","product_price_amount":"595","product_price_currency":"MXN","og_availability":"backorder","product_availability":"available for order","product_retailer_item_id":"AP-ESL-MBA-13M2-BCLR","product_condition":"new"},"_links":{"self":[{"href":"https:\/\/compuviper.mx\/tienda\/wp-json\/wp\/v2\/product\/254804"}],"collection":[{"href":"https:\/\/compuviper.mx\/tienda\/wp-json\/wp\/v2\/product"}],"about":[{"href":"https:\/\/compuviper.mx\/tienda\/wp-json\/wp\/v2\/types\/product"}],"replies":[{"embeddable":true,"href":"https:\/\/compuviper.mx\/tienda\/wp-json\/wp\/v2\/comments?post=254804"}],"wp:featuredmedia":[{"embeddable":true,"href":"https:\/\/compuviper.mx\/tienda\/wp-json\/wp\/v2\/media\/258911"}],"wp:attachment":[{"href":"https:\/\/compuviper.mx\/tienda\/wp-json\/wp\/v2\/media?parent=254804"}],"wp:term":[{"taxonomy":"product_cat","embeddable":true,"href":"https:\/\/compuviper.mx\/tienda\/wp-json\/wp\/v2\/product_cat?post=254804"},{"taxonomy":"product_tag","embeddable":true,"href":"https:\/\/compuviper.mx\/tienda\/wp-json\/wp\/v2\/product_tag?post=254804"}],"curies":[{"name":"wp","href":"https:\/\/api.w.org\/{rel}","templated":true}]}}