{"id":254799,"date":"2026-04-09T23:12:09","date_gmt":"2026-04-10T05:12:09","guid":{"rendered":"https:\/\/compuviper.mx\/tienda\/producto\/maxcase-apsxx2ip10blk-funda-shield-extreme-x2-para-ipad-10-de-109-2022-consultar-tiempos-de-llegada-con-pm-producto-de-importacion\/"},"modified":"2026-04-09T23:12:09","modified_gmt":"2026-04-10T05:12:09","slug":"maxcase-apsxx2ip10blk-funda-shield-extreme-x2-para-ipad-10-de-109-2022-consultar-tiempos-de-llegada-con-pm-producto-de-importacion","status":"publish","type":"product","link":"https:\/\/compuviper.mx\/tienda\/producto\/maxcase-apsxx2ip10blk-funda-shield-extreme-x2-para-ipad-10-de-109-2022-consultar-tiempos-de-llegada-con-pm-producto-de-importacion\/","title":{"rendered":"Maxcase Apsxx2ip10blk Funda Shield Extreme-x2 Para Ipad 10 De 10,9 2022 Consultar Tiempos De Llegada Con Pm Producto De Importacion"},"content":{"rendered":"<table class=\"descripcion\">\n<tr>\n<td>Con el flexstand reposicionable para ngulos de visin ilimitados, la funda shield extreme-x2 proporciona un ajuste perfecto y una proteccin excepcional para el ipad 10 2024. su diseo actualizado incluye una parte trasera completamente transparente, ideal para visualizar etiquetas de activos e identificadores nicos, combinada con un parachoques exterior de tpu resistente que ofrece una disipacin de impactos y proteccin incomparables contra cadas y daos por impacto. esta capa exterior duradera tambin es resistente a la grasa, la abrasin y los desgarros.<\/td>\n<\/tr>\n<tr>\n<td>El protector de pantalla extrable permite un reemplazo fcil y una reinstalacin rpida segn sea necesario. el pie de apoyo flexstand, pendiente de patente, es prcticamente irrompible y ofrece opciones de posicionamiento estables y sin lmites gracias a la bisagra de friccin de fcil deslizamiento. el diseo personalizado asegura un acceso sencillo a todos los puertos y botones, garantizando una funcionalidad perfecta del dispositivo.<\/td>\n<\/tr>\n<\/table>\n","protected":false},"excerpt":{"rendered":"<p>Diseo personalizado para el ipad de 10,9 de 10.\u00aa generacin. El soporte flexstand con bisagra de friccin se desliza suavemente en ngulos de visin ilimitados, se mantiene seguro en su lugar y es prcticamente irrompible. El soporte para lpiz ptico incorporado es compatible con lpices pticos activos maxcases, apple pencil y crayn logitech. La capa exterior de tpu resistente protege contra golpes, grasa y abrasin. Protector de pantalla removible y reemplazable de calidad comercial. Panel trasero rgido y transparente, resistente a los araazos, que proporciona una visibilidad clara de las etiquetas de activos. Acceso preciso a todos los puertos y funciones.<\/p>\n","protected":false},"featured_media":255329,"comment_status":"open","ping_status":"open","template":"","meta":[],"product_cat":[1869,1870],"product_tag":[2210],"acf":[],"yoast_head":"<!-- This site is optimized with the Yoast SEO plugin v21.7 - https:\/\/yoast.com\/wordpress\/plugins\/seo\/ -->\n<title>[ Maxcase ] &#129351; Apsxx2ip10blk Funda Shield Extreme-x2 Para Ipad 10 De 10,9 2022 Consultar Tiempos De Llegada Con Pm Producto De Importacion<\/title>\n<meta name=\"description\" content=\"Compra Apsxx2ip10blk Funda Shield Extreme-x2 Para Ipad 10 De 10,9 2022 Consultar Tiempos De Llegada Con Pm Producto De Importacion + Env\u00edo a domicilio + Pago seguro + Garant\u00eda\" \/>\n<meta name=\"robots\" content=\"index, follow, max-snippet:-1, max-image-preview:large, max-video-preview:-1\" \/>\n<link rel=\"canonical\" href=\"https:\/\/compuviper.mx\/tienda\/producto\/maxcase-apsxx2ip10blk-funda-shield-extreme-x2-para-ipad-10-de-109-2022-consultar-tiempos-de-llegada-con-pm-producto-de-importacion\/\" \/>\n<meta property=\"og:locale\" content=\"es_MX\" \/>\n<meta property=\"og:type\" content=\"article\" \/>\n<meta property=\"og:title\" content=\"[ Maxcase ] &#129351; Apsxx2ip10blk Funda Shield Extreme-x2 Para Ipad 10 De 10,9 2022 Consultar Tiempos De Llegada Con Pm Producto De Importacion\" \/>\n<meta property=\"og:description\" content=\"Compra Apsxx2ip10blk Funda Shield Extreme-x2 Para Ipad 10 De 10,9 2022 Consultar Tiempos De Llegada Con Pm Producto De Importacion + Env\u00edo a domicilio + Pago seguro + Garant\u00eda\" \/>\n<meta property=\"og:url\" content=\"https:\/\/compuviper.mx\/tienda\/producto\/maxcase-apsxx2ip10blk-funda-shield-extreme-x2-para-ipad-10-de-109-2022-consultar-tiempos-de-llegada-con-pm-producto-de-importacion\/\" \/>\n<meta property=\"og:site_name\" content=\"Compuviper\" \/>\n<meta property=\"article:publisher\" content=\"https:\/\/www.facebook.com\/compuviper\" \/>\n<meta property=\"og:image\" content=\"https:\/\/compuviper.mx\/tienda\/wp-content\/uploads\/2025\/07\/Funda-shield-extreme-x2-para-ipad-10-de-109-2022-consultar-tiempos-de-llegada-con-pm-producto-de-importacion.jpg\" \/>\n\t<meta property=\"og:image:width\" content=\"200\" \/>\n\t<meta property=\"og:image:height\" content=\"200\" \/>\n\t<meta property=\"og:image:type\" content=\"image\/jpeg\" \/>\n<meta name=\"twitter:card\" content=\"summary_large_image\" \/>\n<meta name=\"twitter:label1\" content=\"Precio\" \/>\n\t<meta name=\"twitter:data1\" content=\"&#36;697 con IVA\" \/>\n\t<meta name=\"twitter:label2\" content=\"Availability\" \/>\n\t<meta name=\"twitter:data2\" content=\"On backorder\" \/>\n<script type=\"application\/ld+json\" class=\"yoast-schema-graph\">{\"@context\":\"https:\/\/schema.org\",\"@graph\":[{\"@type\":\"WebPage\",\"@id\":\"https:\/\/compuviper.mx\/tienda\/producto\/maxcase-apsxx2ip10blk-funda-shield-extreme-x2-para-ipad-10-de-109-2022-consultar-tiempos-de-llegada-con-pm-producto-de-importacion\/\",\"url\":\"https:\/\/compuviper.mx\/tienda\/producto\/maxcase-apsxx2ip10blk-funda-shield-extreme-x2-para-ipad-10-de-109-2022-consultar-tiempos-de-llegada-con-pm-producto-de-importacion\/\",\"name\":\"[ Maxcase ] &#129351; Apsxx2ip10blk Funda Shield Extreme-x2 Para Ipad 10 De 10,9 2022 Consultar Tiempos De Llegada Con Pm Producto De Importacion\",\"isPartOf\":{\"@id\":\"https:\/\/compuviper.mx\/tienda\/#website\"},\"datePublished\":\"2026-04-10T05:12:09+00:00\",\"dateModified\":\"2026-04-10T05:12:09+00:00\",\"description\":\"Compra Apsxx2ip10blk Funda Shield Extreme-x2 Para Ipad 10 De 10,9 2022 Consultar Tiempos De Llegada Con Pm Producto De Importacion + Env\u00edo a domicilio + Pago seguro + Garant\u00eda\",\"breadcrumb\":{\"@id\":\"https:\/\/compuviper.mx\/tienda\/producto\/maxcase-apsxx2ip10blk-funda-shield-extreme-x2-para-ipad-10-de-109-2022-consultar-tiempos-de-llegada-con-pm-producto-de-importacion\/#breadcrumb\"},\"inLanguage\":\"es-MX\",\"potentialAction\":[{\"@type\":\"ReadAction\",\"target\":[\"https:\/\/compuviper.mx\/tienda\/producto\/maxcase-apsxx2ip10blk-funda-shield-extreme-x2-para-ipad-10-de-109-2022-consultar-tiempos-de-llegada-con-pm-producto-de-importacion\/\"]}]},{\"@type\":\"BreadcrumbList\",\"@id\":\"https:\/\/compuviper.mx\/tienda\/producto\/maxcase-apsxx2ip10blk-funda-shield-extreme-x2-para-ipad-10-de-109-2022-consultar-tiempos-de-llegada-con-pm-producto-de-importacion\/#breadcrumb\",\"itemListElement\":[{\"@type\":\"ListItem\",\"position\":1,\"name\":\"Inicio\",\"item\":\"https:\/\/compuviper.mx\/tienda\/\"},{\"@type\":\"ListItem\",\"position\":2,\"name\":\"Productos\",\"item\":\"https:\/\/compuviper.mx\/tienda\/productos\/\"},{\"@type\":\"ListItem\",\"position\":3,\"name\":\"Fundas\",\"item\":\"https:\/\/compuviper.mx\/tienda\/categoria-producto\/fundas\/\"},{\"@type\":\"ListItem\",\"position\":4,\"name\":\"Notebook\",\"item\":\"https:\/\/compuviper.mx\/tienda\/categoria-producto\/fundas\/notebook-fundas\/\"},{\"@type\":\"ListItem\",\"position\":5,\"name\":\"Maxcase Apsxx2ip10blk Funda Shield Extreme-x2 Para Ipad 10 De 10,9 2022 Consultar Tiempos De Llegada Con Pm Producto De Importacion\"}]},{\"@type\":\"WebSite\",\"@id\":\"https:\/\/compuviper.mx\/tienda\/#website\",\"url\":\"https:\/\/compuviper.mx\/tienda\/\",\"name\":\"Compuviper\",\"description\":\"Proveedor de Computadoras, Laptops, Servidores, Monitores, Puntos de Venta, Teclados,   Impresoras, T\u00f3ner, C\u00e1maras de Seguridad y m\u00e1s en tu tienda en l\u00ednea\",\"publisher\":{\"@id\":\"https:\/\/compuviper.mx\/tienda\/#organization\"},\"potentialAction\":[{\"@type\":\"SearchAction\",\"target\":{\"@type\":\"EntryPoint\",\"urlTemplate\":\"https:\/\/compuviper.mx\/tienda\/?s={search_term_string}\"},\"query-input\":\"required name=search_term_string\"}],\"inLanguage\":\"es-MX\"},{\"@type\":\"Organization\",\"@id\":\"https:\/\/compuviper.mx\/tienda\/#organization\",\"name\":\"Compuviper\",\"url\":\"https:\/\/compuviper.mx\/tienda\/\",\"logo\":{\"@type\":\"ImageObject\",\"inLanguage\":\"es-MX\",\"@id\":\"https:\/\/compuviper.mx\/tienda\/#\/schema\/logo\/image\/\",\"url\":\"https:\/\/compuviper.mx\/tienda\/wp-content\/uploads\/2021\/08\/Logo-Compuviper-10.png\",\"contentUrl\":\"https:\/\/compuviper.mx\/tienda\/wp-content\/uploads\/2021\/08\/Logo-Compuviper-10.png\",\"width\":1000,\"height\":500,\"caption\":\"Compuviper\"},\"image\":{\"@id\":\"https:\/\/compuviper.mx\/tienda\/#\/schema\/logo\/image\/\"},\"sameAs\":[\"https:\/\/www.facebook.com\/compuviper\",\"https:\/\/www.youtube.com\/channel\/UCf73dERp9Y3cfOq7q8BhLjA?view_as=subscriber\"]}]}<\/script>\n<meta property=\"product:brand\" content=\"Maxcase\" \/>\n<meta property=\"product:price:amount\" content=\"697\" \/>\n<meta property=\"product:price:currency\" content=\"MXN\" \/>\n<meta property=\"og:availability\" content=\"backorder\" \/>\n<meta property=\"product:availability\" content=\"available for order\" \/>\n<meta property=\"product:retailer_item_id\" content=\"APSXX2IP10BLK\" \/>\n<meta property=\"product:condition\" content=\"new\" \/>\n<!-- \/ Yoast SEO plugin. -->","yoast_head_json":{"title":"[ Maxcase ] &#129351; Apsxx2ip10blk Funda Shield Extreme-x2 Para Ipad 10 De 10,9 2022 Consultar Tiempos De Llegada Con Pm Producto De Importacion","description":"Compra Apsxx2ip10blk Funda Shield Extreme-x2 Para Ipad 10 De 10,9 2022 Consultar Tiempos De Llegada Con Pm Producto De Importacion + Env\u00edo a domicilio + Pago seguro + Garant\u00eda","robots":{"index":"index","follow":"follow","max-snippet":"max-snippet:-1","max-image-preview":"max-image-preview:large","max-video-preview":"max-video-preview:-1"},"canonical":"https:\/\/compuviper.mx\/tienda\/producto\/maxcase-apsxx2ip10blk-funda-shield-extreme-x2-para-ipad-10-de-109-2022-consultar-tiempos-de-llegada-con-pm-producto-de-importacion\/","og_locale":"es_MX","og_type":"article","og_title":"[ Maxcase ] &#129351; Apsxx2ip10blk Funda Shield Extreme-x2 Para Ipad 10 De 10,9 2022 Consultar Tiempos De Llegada Con Pm Producto De Importacion","og_description":"Compra Apsxx2ip10blk Funda Shield Extreme-x2 Para Ipad 10 De 10,9 2022 Consultar Tiempos De Llegada Con Pm Producto De Importacion + Env\u00edo a domicilio + Pago seguro + Garant\u00eda","og_url":"https:\/\/compuviper.mx\/tienda\/producto\/maxcase-apsxx2ip10blk-funda-shield-extreme-x2-para-ipad-10-de-109-2022-consultar-tiempos-de-llegada-con-pm-producto-de-importacion\/","og_site_name":"Compuviper","article_publisher":"https:\/\/www.facebook.com\/compuviper","og_image":[{"width":200,"height":200,"url":"https:\/\/compuviper.mx\/tienda\/wp-content\/uploads\/2025\/07\/Funda-shield-extreme-x2-para-ipad-10-de-109-2022-consultar-tiempos-de-llegada-con-pm-producto-de-importacion.jpg","type":"image\/jpeg"}],"twitter_card":"summary_large_image","twitter_misc":{"Precio":"&#36;697 con IVA","Availability":"On backorder"},"schema":{"@context":"https:\/\/schema.org","@graph":[{"@type":"WebPage","@id":"https:\/\/compuviper.mx\/tienda\/producto\/maxcase-apsxx2ip10blk-funda-shield-extreme-x2-para-ipad-10-de-109-2022-consultar-tiempos-de-llegada-con-pm-producto-de-importacion\/","url":"https:\/\/compuviper.mx\/tienda\/producto\/maxcase-apsxx2ip10blk-funda-shield-extreme-x2-para-ipad-10-de-109-2022-consultar-tiempos-de-llegada-con-pm-producto-de-importacion\/","name":"[ Maxcase ] &#129351; Apsxx2ip10blk Funda Shield Extreme-x2 Para Ipad 10 De 10,9 2022 Consultar Tiempos De Llegada Con Pm Producto De Importacion","isPartOf":{"@id":"https:\/\/compuviper.mx\/tienda\/#website"},"datePublished":"2026-04-10T05:12:09+00:00","dateModified":"2026-04-10T05:12:09+00:00","description":"Compra Apsxx2ip10blk Funda Shield Extreme-x2 Para Ipad 10 De 10,9 2022 Consultar Tiempos De Llegada Con Pm Producto De Importacion + Env\u00edo a domicilio + Pago seguro + Garant\u00eda","breadcrumb":{"@id":"https:\/\/compuviper.mx\/tienda\/producto\/maxcase-apsxx2ip10blk-funda-shield-extreme-x2-para-ipad-10-de-109-2022-consultar-tiempos-de-llegada-con-pm-producto-de-importacion\/#breadcrumb"},"inLanguage":"es-MX","potentialAction":[{"@type":"ReadAction","target":["https:\/\/compuviper.mx\/tienda\/producto\/maxcase-apsxx2ip10blk-funda-shield-extreme-x2-para-ipad-10-de-109-2022-consultar-tiempos-de-llegada-con-pm-producto-de-importacion\/"]}]},{"@type":"BreadcrumbList","@id":"https:\/\/compuviper.mx\/tienda\/producto\/maxcase-apsxx2ip10blk-funda-shield-extreme-x2-para-ipad-10-de-109-2022-consultar-tiempos-de-llegada-con-pm-producto-de-importacion\/#breadcrumb","itemListElement":[{"@type":"ListItem","position":1,"name":"Inicio","item":"https:\/\/compuviper.mx\/tienda\/"},{"@type":"ListItem","position":2,"name":"Productos","item":"https:\/\/compuviper.mx\/tienda\/productos\/"},{"@type":"ListItem","position":3,"name":"Fundas","item":"https:\/\/compuviper.mx\/tienda\/categoria-producto\/fundas\/"},{"@type":"ListItem","position":4,"name":"Notebook","item":"https:\/\/compuviper.mx\/tienda\/categoria-producto\/fundas\/notebook-fundas\/"},{"@type":"ListItem","position":5,"name":"Maxcase Apsxx2ip10blk Funda Shield Extreme-x2 Para Ipad 10 De 10,9 2022 Consultar Tiempos De Llegada Con Pm Producto De Importacion"}]},{"@type":"WebSite","@id":"https:\/\/compuviper.mx\/tienda\/#website","url":"https:\/\/compuviper.mx\/tienda\/","name":"Compuviper","description":"Proveedor de Computadoras, Laptops, Servidores, Monitores, Puntos de Venta, Teclados,   Impresoras, T\u00f3ner, C\u00e1maras de Seguridad y m\u00e1s en tu tienda en l\u00ednea","publisher":{"@id":"https:\/\/compuviper.mx\/tienda\/#organization"},"potentialAction":[{"@type":"SearchAction","target":{"@type":"EntryPoint","urlTemplate":"https:\/\/compuviper.mx\/tienda\/?s={search_term_string}"},"query-input":"required name=search_term_string"}],"inLanguage":"es-MX"},{"@type":"Organization","@id":"https:\/\/compuviper.mx\/tienda\/#organization","name":"Compuviper","url":"https:\/\/compuviper.mx\/tienda\/","logo":{"@type":"ImageObject","inLanguage":"es-MX","@id":"https:\/\/compuviper.mx\/tienda\/#\/schema\/logo\/image\/","url":"https:\/\/compuviper.mx\/tienda\/wp-content\/uploads\/2021\/08\/Logo-Compuviper-10.png","contentUrl":"https:\/\/compuviper.mx\/tienda\/wp-content\/uploads\/2021\/08\/Logo-Compuviper-10.png","width":1000,"height":500,"caption":"Compuviper"},"image":{"@id":"https:\/\/compuviper.mx\/tienda\/#\/schema\/logo\/image\/"},"sameAs":["https:\/\/www.facebook.com\/compuviper","https:\/\/www.youtube.com\/channel\/UCf73dERp9Y3cfOq7q8BhLjA?view_as=subscriber"]}]},"product_brand":"Maxcase","product_price_amount":"697","product_price_currency":"MXN","og_availability":"backorder","product_availability":"available for order","product_retailer_item_id":"APSXX2IP10BLK","product_condition":"new"},"_links":{"self":[{"href":"https:\/\/compuviper.mx\/tienda\/wp-json\/wp\/v2\/product\/254799"}],"collection":[{"href":"https:\/\/compuviper.mx\/tienda\/wp-json\/wp\/v2\/product"}],"about":[{"href":"https:\/\/compuviper.mx\/tienda\/wp-json\/wp\/v2\/types\/product"}],"replies":[{"embeddable":true,"href":"https:\/\/compuviper.mx\/tienda\/wp-json\/wp\/v2\/comments?post=254799"}],"wp:featuredmedia":[{"embeddable":true,"href":"https:\/\/compuviper.mx\/tienda\/wp-json\/wp\/v2\/media\/255329"}],"wp:attachment":[{"href":"https:\/\/compuviper.mx\/tienda\/wp-json\/wp\/v2\/media?parent=254799"}],"wp:term":[{"taxonomy":"product_cat","embeddable":true,"href":"https:\/\/compuviper.mx\/tienda\/wp-json\/wp\/v2\/product_cat?post=254799"},{"taxonomy":"product_tag","embeddable":true,"href":"https:\/\/compuviper.mx\/tienda\/wp-json\/wp\/v2\/product_tag?post=254799"}],"curies":[{"name":"wp","href":"https:\/\/api.w.org\/{rel}","templated":true}]}}