{"id":254796,"date":"2026-04-02T02:03:40","date_gmt":"2026-04-02T08:03:40","guid":{"rendered":"https:\/\/compuviper.mx\/tienda\/producto\/logitech-981-000510-diadema-h540-negro-conector-usb-control-de-audio-integrado-windows-mac-os-chrome-os\/"},"modified":"2026-04-02T02:03:41","modified_gmt":"2026-04-02T08:03:41","slug":"logitech-981-000510-diadema-h540-negro-conector-usb-control-de-audio-integrado-windows-mac-os-chrome-os","status":"publish","type":"product","link":"https:\/\/compuviper.mx\/tienda\/producto\/logitech-981-000510-diadema-h540-negro-conector-usb-control-de-audio-integrado-windows-mac-os-chrome-os\/","title":{"rendered":"Logitech 981-000510 Diadema  H540 Negro Conector Usb Control De Audio Integrado Windows\/ Mac Os\/ Chrome Os"},"content":{"rendered":"<table class=\"descripcion\">\n<tr>\n<td>Dimensiones<\/td>\n<\/tr>\n<tr>\n<td>Altura: 180 mm<\/td>\n<\/tr>\n<tr>\n<td>Anchura: 245 mm<\/td>\n<\/tr>\n<tr>\n<td>Profundidad: 78 mm<\/td>\n<\/tr>\n<tr>\n<td>Peso: 0,12 kg<\/td>\n<\/tr>\n<tr>\n<td>Longitud del cable: 1,8 m<\/td>\n<\/tr>\n<tr>\n<td>Especificaciones tecnicas<\/td>\n<\/tr>\n<tr>\n<td>Tipo de microfono: bidireccional<\/td>\n<\/tr>\n<tr>\n<td>Impedancia de entrada: 20 ohmios<\/td>\n<\/tr>\n<tr>\n<td>Sensibilidad audifono: 115 db \/- 3 db<\/td>\n<\/tr>\n<tr>\n<td>Sensibilidad microfono: -42 dbv\/pa \/-3 db<\/td>\n<\/tr>\n<tr>\n<td>Respuesta de frecuencia audifonos: 20 hz &#8211; 20 khz<\/td>\n<\/tr>\n<tr>\n<td>Respuesta de frecuencia microfono: 100 hz &#8211; 16 khz<\/td>\n<\/tr>\n<tr>\n<td>Requisitos del sistema<\/td>\n<\/tr>\n<tr>\n<td>Windows\u00ae, macos o chromeos\u0099 y aplicaciones de llamadas populares.<\/td>\n<\/tr>\n<tr>\n<td>Certificacion works with chromebook\u0099.<\/td>\n<\/tr>\n<tr>\n<td>Puerto usb ?<\/td>\n<\/tr>\n<tr>\n<td>Informacin de garantia<\/td>\n<\/tr>\n<tr>\n<td>Dos anos de garantia de hardware limitada<\/td>\n<\/tr>\n<tr>\n<td>Numero de referencia<\/td>\n<\/tr>\n<tr>\n<td>Negro : 981-000510<\/td>\n<\/tr>\n<\/table>\n","protected":false},"excerpt":{"rendered":"<p>Los audifonos con microfono usb h540 para computadora ofrecen conectividad plug and play, para disfrutar al instante de musica, peliculas y llamadas con excelente sonido estereo digital. Con controles integrados en el audfono y un indicador luminoso de silencio de microfono. Https:\/\/www.Logitech.Com\/es-mx\/shop\/p\/h540-usb-computer-noise-cancelling.981-000510<\/p>\n","protected":false},"featured_media":260819,"comment_status":"open","ping_status":"open","template":"","meta":[],"product_cat":[1552,1816],"product_tag":[1500],"acf":[],"yoast_head":"<!-- This site is optimized with the Yoast SEO plugin v21.7 - https:\/\/yoast.com\/wordpress\/plugins\/seo\/ -->\n<title>[ Logitech ] &#129351; 981-000510 Diadema H540 Negro Conector Usb Control De Audio Integrado Windows\/ Mac Os\/ Chrome Os<\/title>\n<meta name=\"description\" content=\"Compra 981-000510 Diadema H540 Negro Conector Usb Control De Audio Integrado Windows\/ Mac Os\/ Chrome Os + Env\u00edo a domicilio + Pago seguro + Garant\u00eda\" \/>\n<meta name=\"robots\" content=\"index, follow, max-snippet:-1, max-image-preview:large, max-video-preview:-1\" \/>\n<link rel=\"canonical\" href=\"https:\/\/compuviper.mx\/tienda\/producto\/logitech-981-000510-diadema-h540-negro-conector-usb-control-de-audio-integrado-windows-mac-os-chrome-os\/\" \/>\n<meta property=\"og:locale\" content=\"es_MX\" \/>\n<meta property=\"og:type\" content=\"article\" \/>\n<meta property=\"og:title\" content=\"[ Logitech ] &#129351; 981-000510 Diadema H540 Negro Conector Usb Control De Audio Integrado Windows\/ Mac Os\/ Chrome Os\" \/>\n<meta property=\"og:description\" content=\"Compra 981-000510 Diadema H540 Negro Conector Usb Control De Audio Integrado Windows\/ Mac Os\/ Chrome Os + Env\u00edo a domicilio + Pago seguro + Garant\u00eda\" \/>\n<meta property=\"og:url\" content=\"https:\/\/compuviper.mx\/tienda\/producto\/logitech-981-000510-diadema-h540-negro-conector-usb-control-de-audio-integrado-windows-mac-os-chrome-os\/\" \/>\n<meta property=\"og:site_name\" content=\"Compuviper\" \/>\n<meta property=\"article:publisher\" content=\"https:\/\/www.facebook.com\/compuviper\" \/>\n<meta property=\"article:modified_time\" content=\"2026-04-02T08:03:41+00:00\" \/>\n<meta property=\"og:image\" content=\"https:\/\/compuviper.mx\/tienda\/wp-content\/uploads\/2025\/10\/Diadema-logitech-h540-negro-conector-usb-control-de-audio-integrado-windows-mac-os-chrome-os.jpg\" \/>\n\t<meta property=\"og:image:width\" content=\"200\" \/>\n\t<meta property=\"og:image:height\" content=\"200\" \/>\n\t<meta property=\"og:image:type\" content=\"image\/jpeg\" \/>\n<meta name=\"twitter:card\" content=\"summary_large_image\" \/>\n<meta name=\"twitter:label1\" content=\"Precio\" \/>\n\t<meta name=\"twitter:data1\" content=\"&#36;1,072 con IVA\" \/>\n\t<meta name=\"twitter:label2\" content=\"Availability\" \/>\n\t<meta name=\"twitter:data2\" content=\"Out of stock\" \/>\n<script type=\"application\/ld+json\" class=\"yoast-schema-graph\">{\"@context\":\"https:\/\/schema.org\",\"@graph\":[{\"@type\":\"WebPage\",\"@id\":\"https:\/\/compuviper.mx\/tienda\/producto\/logitech-981-000510-diadema-h540-negro-conector-usb-control-de-audio-integrado-windows-mac-os-chrome-os\/\",\"url\":\"https:\/\/compuviper.mx\/tienda\/producto\/logitech-981-000510-diadema-h540-negro-conector-usb-control-de-audio-integrado-windows-mac-os-chrome-os\/\",\"name\":\"[ Logitech ] &#129351; 981-000510 Diadema H540 Negro Conector Usb Control De Audio Integrado Windows\/ Mac Os\/ Chrome Os\",\"isPartOf\":{\"@id\":\"https:\/\/compuviper.mx\/tienda\/#website\"},\"datePublished\":\"2026-04-02T08:03:40+00:00\",\"dateModified\":\"2026-04-02T08:03:41+00:00\",\"description\":\"Compra 981-000510 Diadema H540 Negro Conector Usb Control De Audio Integrado Windows\/ Mac Os\/ Chrome Os + Env\u00edo a domicilio + Pago seguro + Garant\u00eda\",\"breadcrumb\":{\"@id\":\"https:\/\/compuviper.mx\/tienda\/producto\/logitech-981-000510-diadema-h540-negro-conector-usb-control-de-audio-integrado-windows-mac-os-chrome-os\/#breadcrumb\"},\"inLanguage\":\"es-MX\",\"potentialAction\":[{\"@type\":\"ReadAction\",\"target\":[\"https:\/\/compuviper.mx\/tienda\/producto\/logitech-981-000510-diadema-h540-negro-conector-usb-control-de-audio-integrado-windows-mac-os-chrome-os\/\"]}]},{\"@type\":\"BreadcrumbList\",\"@id\":\"https:\/\/compuviper.mx\/tienda\/producto\/logitech-981-000510-diadema-h540-negro-conector-usb-control-de-audio-integrado-windows-mac-os-chrome-os\/#breadcrumb\",\"itemListElement\":[{\"@type\":\"ListItem\",\"position\":1,\"name\":\"Inicio\",\"item\":\"https:\/\/compuviper.mx\/tienda\/\"},{\"@type\":\"ListItem\",\"position\":2,\"name\":\"Productos\",\"item\":\"https:\/\/compuviper.mx\/tienda\/productos\/\"},{\"@type\":\"ListItem\",\"position\":3,\"name\":\"Audifonos Y Micro\",\"item\":\"https:\/\/compuviper.mx\/tienda\/categoria-producto\/audifonos-y-micro\/\"},{\"@type\":\"ListItem\",\"position\":4,\"name\":\"Audifono Con Microfono\",\"item\":\"https:\/\/compuviper.mx\/tienda\/categoria-producto\/audifonos-y-micro\/audifono-con-microfono\/\"},{\"@type\":\"ListItem\",\"position\":5,\"name\":\"Logitech 981-000510 Diadema H540 Negro Conector Usb Control De Audio Integrado Windows\/ Mac Os\/ Chrome Os\"}]},{\"@type\":\"WebSite\",\"@id\":\"https:\/\/compuviper.mx\/tienda\/#website\",\"url\":\"https:\/\/compuviper.mx\/tienda\/\",\"name\":\"Compuviper\",\"description\":\"Proveedor de Computadoras, Laptops, Servidores, Monitores, Puntos de Venta, Teclados,   Impresoras, T\u00f3ner, C\u00e1maras de Seguridad y m\u00e1s en tu tienda en l\u00ednea\",\"publisher\":{\"@id\":\"https:\/\/compuviper.mx\/tienda\/#organization\"},\"potentialAction\":[{\"@type\":\"SearchAction\",\"target\":{\"@type\":\"EntryPoint\",\"urlTemplate\":\"https:\/\/compuviper.mx\/tienda\/?s={search_term_string}\"},\"query-input\":\"required name=search_term_string\"}],\"inLanguage\":\"es-MX\"},{\"@type\":\"Organization\",\"@id\":\"https:\/\/compuviper.mx\/tienda\/#organization\",\"name\":\"Compuviper\",\"url\":\"https:\/\/compuviper.mx\/tienda\/\",\"logo\":{\"@type\":\"ImageObject\",\"inLanguage\":\"es-MX\",\"@id\":\"https:\/\/compuviper.mx\/tienda\/#\/schema\/logo\/image\/\",\"url\":\"https:\/\/compuviper.mx\/tienda\/wp-content\/uploads\/2021\/08\/Logo-Compuviper-10.png\",\"contentUrl\":\"https:\/\/compuviper.mx\/tienda\/wp-content\/uploads\/2021\/08\/Logo-Compuviper-10.png\",\"width\":1000,\"height\":500,\"caption\":\"Compuviper\"},\"image\":{\"@id\":\"https:\/\/compuviper.mx\/tienda\/#\/schema\/logo\/image\/\"},\"sameAs\":[\"https:\/\/www.facebook.com\/compuviper\",\"https:\/\/www.youtube.com\/channel\/UCf73dERp9Y3cfOq7q8BhLjA?view_as=subscriber\"]}]}<\/script>\n<meta property=\"product:brand\" content=\"LOGITECH\" \/>\n<meta property=\"product:price:amount\" content=\"1072\" \/>\n<meta property=\"product:price:currency\" content=\"MXN\" \/>\n<meta property=\"og:availability\" content=\"out of stock\" \/>\n<meta property=\"product:availability\" content=\"out of stock\" \/>\n<meta property=\"product:retailer_item_id\" content=\"981-000510\" \/>\n<meta property=\"product:condition\" content=\"new\" \/>\n<!-- \/ Yoast SEO plugin. -->","yoast_head_json":{"title":"[ Logitech ] &#129351; 981-000510 Diadema H540 Negro Conector Usb Control De Audio Integrado Windows\/ Mac Os\/ Chrome Os","description":"Compra 981-000510 Diadema H540 Negro Conector Usb Control De Audio Integrado Windows\/ Mac Os\/ Chrome Os + Env\u00edo a domicilio + Pago seguro + Garant\u00eda","robots":{"index":"index","follow":"follow","max-snippet":"max-snippet:-1","max-image-preview":"max-image-preview:large","max-video-preview":"max-video-preview:-1"},"canonical":"https:\/\/compuviper.mx\/tienda\/producto\/logitech-981-000510-diadema-h540-negro-conector-usb-control-de-audio-integrado-windows-mac-os-chrome-os\/","og_locale":"es_MX","og_type":"article","og_title":"[ Logitech ] &#129351; 981-000510 Diadema H540 Negro Conector Usb Control De Audio Integrado Windows\/ Mac Os\/ Chrome Os","og_description":"Compra 981-000510 Diadema H540 Negro Conector Usb Control De Audio Integrado Windows\/ Mac Os\/ Chrome Os + Env\u00edo a domicilio + Pago seguro + Garant\u00eda","og_url":"https:\/\/compuviper.mx\/tienda\/producto\/logitech-981-000510-diadema-h540-negro-conector-usb-control-de-audio-integrado-windows-mac-os-chrome-os\/","og_site_name":"Compuviper","article_publisher":"https:\/\/www.facebook.com\/compuviper","article_modified_time":"2026-04-02T08:03:41+00:00","og_image":[{"width":200,"height":200,"url":"https:\/\/compuviper.mx\/tienda\/wp-content\/uploads\/2025\/10\/Diadema-logitech-h540-negro-conector-usb-control-de-audio-integrado-windows-mac-os-chrome-os.jpg","type":"image\/jpeg"}],"twitter_card":"summary_large_image","twitter_misc":{"Precio":"&#36;1,072 con IVA","Availability":"Out of stock"},"schema":{"@context":"https:\/\/schema.org","@graph":[{"@type":"WebPage","@id":"https:\/\/compuviper.mx\/tienda\/producto\/logitech-981-000510-diadema-h540-negro-conector-usb-control-de-audio-integrado-windows-mac-os-chrome-os\/","url":"https:\/\/compuviper.mx\/tienda\/producto\/logitech-981-000510-diadema-h540-negro-conector-usb-control-de-audio-integrado-windows-mac-os-chrome-os\/","name":"[ Logitech ] &#129351; 981-000510 Diadema H540 Negro Conector Usb Control De Audio Integrado Windows\/ Mac Os\/ Chrome Os","isPartOf":{"@id":"https:\/\/compuviper.mx\/tienda\/#website"},"datePublished":"2026-04-02T08:03:40+00:00","dateModified":"2026-04-02T08:03:41+00:00","description":"Compra 981-000510 Diadema H540 Negro Conector Usb Control De Audio Integrado Windows\/ Mac Os\/ Chrome Os + Env\u00edo a domicilio + Pago seguro + Garant\u00eda","breadcrumb":{"@id":"https:\/\/compuviper.mx\/tienda\/producto\/logitech-981-000510-diadema-h540-negro-conector-usb-control-de-audio-integrado-windows-mac-os-chrome-os\/#breadcrumb"},"inLanguage":"es-MX","potentialAction":[{"@type":"ReadAction","target":["https:\/\/compuviper.mx\/tienda\/producto\/logitech-981-000510-diadema-h540-negro-conector-usb-control-de-audio-integrado-windows-mac-os-chrome-os\/"]}]},{"@type":"BreadcrumbList","@id":"https:\/\/compuviper.mx\/tienda\/producto\/logitech-981-000510-diadema-h540-negro-conector-usb-control-de-audio-integrado-windows-mac-os-chrome-os\/#breadcrumb","itemListElement":[{"@type":"ListItem","position":1,"name":"Inicio","item":"https:\/\/compuviper.mx\/tienda\/"},{"@type":"ListItem","position":2,"name":"Productos","item":"https:\/\/compuviper.mx\/tienda\/productos\/"},{"@type":"ListItem","position":3,"name":"Audifonos Y Micro","item":"https:\/\/compuviper.mx\/tienda\/categoria-producto\/audifonos-y-micro\/"},{"@type":"ListItem","position":4,"name":"Audifono Con Microfono","item":"https:\/\/compuviper.mx\/tienda\/categoria-producto\/audifonos-y-micro\/audifono-con-microfono\/"},{"@type":"ListItem","position":5,"name":"Logitech 981-000510 Diadema H540 Negro Conector Usb Control De Audio Integrado Windows\/ Mac Os\/ Chrome Os"}]},{"@type":"WebSite","@id":"https:\/\/compuviper.mx\/tienda\/#website","url":"https:\/\/compuviper.mx\/tienda\/","name":"Compuviper","description":"Proveedor de Computadoras, Laptops, Servidores, Monitores, Puntos de Venta, Teclados,   Impresoras, T\u00f3ner, C\u00e1maras de Seguridad y m\u00e1s en tu tienda en l\u00ednea","publisher":{"@id":"https:\/\/compuviper.mx\/tienda\/#organization"},"potentialAction":[{"@type":"SearchAction","target":{"@type":"EntryPoint","urlTemplate":"https:\/\/compuviper.mx\/tienda\/?s={search_term_string}"},"query-input":"required name=search_term_string"}],"inLanguage":"es-MX"},{"@type":"Organization","@id":"https:\/\/compuviper.mx\/tienda\/#organization","name":"Compuviper","url":"https:\/\/compuviper.mx\/tienda\/","logo":{"@type":"ImageObject","inLanguage":"es-MX","@id":"https:\/\/compuviper.mx\/tienda\/#\/schema\/logo\/image\/","url":"https:\/\/compuviper.mx\/tienda\/wp-content\/uploads\/2021\/08\/Logo-Compuviper-10.png","contentUrl":"https:\/\/compuviper.mx\/tienda\/wp-content\/uploads\/2021\/08\/Logo-Compuviper-10.png","width":1000,"height":500,"caption":"Compuviper"},"image":{"@id":"https:\/\/compuviper.mx\/tienda\/#\/schema\/logo\/image\/"},"sameAs":["https:\/\/www.facebook.com\/compuviper","https:\/\/www.youtube.com\/channel\/UCf73dERp9Y3cfOq7q8BhLjA?view_as=subscriber"]}]},"product_brand":"LOGITECH","product_price_amount":"1072","product_price_currency":"MXN","og_availability":"out of stock","product_availability":"out of stock","product_retailer_item_id":"981-000510","product_condition":"new"},"_links":{"self":[{"href":"https:\/\/compuviper.mx\/tienda\/wp-json\/wp\/v2\/product\/254796"}],"collection":[{"href":"https:\/\/compuviper.mx\/tienda\/wp-json\/wp\/v2\/product"}],"about":[{"href":"https:\/\/compuviper.mx\/tienda\/wp-json\/wp\/v2\/types\/product"}],"replies":[{"embeddable":true,"href":"https:\/\/compuviper.mx\/tienda\/wp-json\/wp\/v2\/comments?post=254796"}],"wp:featuredmedia":[{"embeddable":true,"href":"https:\/\/compuviper.mx\/tienda\/wp-json\/wp\/v2\/media\/260819"}],"wp:attachment":[{"href":"https:\/\/compuviper.mx\/tienda\/wp-json\/wp\/v2\/media?parent=254796"}],"wp:term":[{"taxonomy":"product_cat","embeddable":true,"href":"https:\/\/compuviper.mx\/tienda\/wp-json\/wp\/v2\/product_cat?post=254796"},{"taxonomy":"product_tag","embeddable":true,"href":"https:\/\/compuviper.mx\/tienda\/wp-json\/wp\/v2\/product_tag?post=254796"}],"curies":[{"name":"wp","href":"https:\/\/api.w.org\/{rel}","templated":true}]}}