{"id":254769,"date":"2026-04-01T23:16:14","date_gmt":"2026-04-02T05:16:14","guid":{"rendered":"https:\/\/compuviper.mx\/tienda\/producto\/tripp-lite-pdusidebrkt-tripp-lite-tripp-lite-series-soporte-permite-la-instalacin-vertical-de-pdus-barras-de-contactos-y-supresores-de-sobretensiones-de-1u\/"},"modified":"2026-04-01T23:16:15","modified_gmt":"2026-04-02T05:16:15","slug":"tripp-lite-pdusidebrkt-tripp-lite-tripp-lite-series-soporte-permite-la-instalacin-vertical-de-pdus-barras-de-contactos-y-supresores-de-sobretensiones-de-1u","status":"publish","type":"product","link":"https:\/\/compuviper.mx\/tienda\/producto\/tripp-lite-pdusidebrkt-tripp-lite-tripp-lite-series-soporte-permite-la-instalacin-vertical-de-pdus-barras-de-contactos-y-supresores-de-sobretensiones-de-1u\/","title":{"rendered":"Tripp-lite Pdusidebrkt  Tripp Lite  Tripp Lite Series Soporte &#8211; Permite La Instalaci?n Vertical De Pdus, Barras De Contactos Y Supresores De Sobretensiones De 1u"},"content":{"rendered":"<table class=\"descripcion\">\n<tr>\n<td>Soporta pdus selectos de 1u de tripp lite en formato de instalaci\u00f3n vertical<\/td>\n<\/tr>\n<tr>\n<td>    la opci\u00f3n de instalaci\u00f3n por botones de instalaci\u00f3n asegura en los gabinetes smartrack de tripp lite<\/td>\n<\/tr>\n<tr>\n<td>    la opci\u00f3n de instalaci\u00f3n por tuerca y tornillo conecta a los rieles de instalaci\u00f3n de smartrack.<\/td>\n<\/tr>\n<tr>\n<td>    garant\u00eda limitada por 5 a\u00f1os<\/td>\n<\/tr>\n<\/table>\n","protected":false},"excerpt":{"rendered":"<p>Soporta pdus selectos de 1u de tripp lite en formato de instalaci\u00f3n vertical la opci\u00f3n de instalaci\u00f3n por botones de instalaci\u00f3n asegura en los gabinetes smartrack de tripp lite la opci\u00f3n de instalaci\u00f3n por tuerca y tornillo conecta a los rieles de instalaci\u00f3n de smartrack. garant\u00eda limitada por 5 a\u00f1os<\/p>\n","protected":false},"featured_media":258780,"comment_status":"open","ping_status":"open","template":"","meta":[],"product_cat":[1485,1907],"product_tag":[1510],"acf":[],"yoast_head":"<!-- This site is optimized with the Yoast SEO plugin v21.7 - https:\/\/yoast.com\/wordpress\/plugins\/seo\/ -->\n<title>[ Tripp-lite ] &#129351; Pdusidebrkt Tripp Lite Tripp Lite Series Soporte - Permite La Instalaci\u00f3n Vertical De Pdus, Barras De Contactos Y Supresores De Sobretensiones De 1u<\/title>\n<meta name=\"description\" content=\"Compra Pdusidebrkt Tripp Lite Tripp Lite Series Soporte - Permite La Instalaci\u00f3n Vertical De Pdus, Barras De Contactos Y Supresores De Sobretensiones De 1u + Env\u00edo a domicilio + Pago seguro + Garant\u00eda\" \/>\n<meta name=\"robots\" content=\"index, follow, max-snippet:-1, max-image-preview:large, max-video-preview:-1\" \/>\n<link rel=\"canonical\" href=\"https:\/\/compuviper.mx\/tienda\/producto\/tripp-lite-pdusidebrkt-tripp-lite-tripp-lite-series-soporte-permite-la-instalacin-vertical-de-pdus-barras-de-contactos-y-supresores-de-sobretensiones-de-1u\/\" \/>\n<meta property=\"og:locale\" content=\"es_MX\" \/>\n<meta property=\"og:type\" content=\"article\" \/>\n<meta property=\"og:title\" content=\"[ Tripp-lite ] &#129351; Pdusidebrkt Tripp Lite Tripp Lite Series Soporte - Permite La Instalaci\u00f3n Vertical De Pdus, Barras De Contactos Y Supresores De Sobretensiones De 1u\" \/>\n<meta property=\"og:description\" content=\"Compra Pdusidebrkt Tripp Lite Tripp Lite Series Soporte - Permite La Instalaci\u00f3n Vertical De Pdus, Barras De Contactos Y Supresores De Sobretensiones De 1u + Env\u00edo a domicilio + Pago seguro + Garant\u00eda\" \/>\n<meta property=\"og:url\" content=\"https:\/\/compuviper.mx\/tienda\/producto\/tripp-lite-pdusidebrkt-tripp-lite-tripp-lite-series-soporte-permite-la-instalacin-vertical-de-pdus-barras-de-contactos-y-supresores-de-sobretensiones-de-1u\/\" \/>\n<meta property=\"og:site_name\" content=\"Compuviper\" \/>\n<meta property=\"article:publisher\" content=\"https:\/\/www.facebook.com\/compuviper\" \/>\n<meta property=\"article:modified_time\" content=\"2026-04-02T05:16:15+00:00\" \/>\n<meta property=\"og:image\" content=\"https:\/\/compuviper.mx\/tienda\/wp-content\/uploads\/2025\/10\/Pdusidebrkt-tripp-lite-tripp-lite-series-soporte-permite-la-instalacion-vertical-de-pdus-barras-de-contactos-y-supresores-de-sobretensiones-de-1u.jpg\" \/>\n\t<meta property=\"og:image:width\" content=\"200\" \/>\n\t<meta property=\"og:image:height\" content=\"200\" \/>\n\t<meta property=\"og:image:type\" content=\"image\/jpeg\" \/>\n<meta name=\"twitter:card\" content=\"summary_large_image\" \/>\n<meta name=\"twitter:label1\" content=\"Precio\" \/>\n\t<meta name=\"twitter:data1\" content=\"&#36;207 con IVA\" \/>\n\t<meta name=\"twitter:label2\" content=\"Availability\" \/>\n\t<meta name=\"twitter:data2\" content=\"Out of stock\" \/>\n<script type=\"application\/ld+json\" class=\"yoast-schema-graph\">{\"@context\":\"https:\/\/schema.org\",\"@graph\":[{\"@type\":\"WebPage\",\"@id\":\"https:\/\/compuviper.mx\/tienda\/producto\/tripp-lite-pdusidebrkt-tripp-lite-tripp-lite-series-soporte-permite-la-instalacin-vertical-de-pdus-barras-de-contactos-y-supresores-de-sobretensiones-de-1u\/\",\"url\":\"https:\/\/compuviper.mx\/tienda\/producto\/tripp-lite-pdusidebrkt-tripp-lite-tripp-lite-series-soporte-permite-la-instalacin-vertical-de-pdus-barras-de-contactos-y-supresores-de-sobretensiones-de-1u\/\",\"name\":\"[ Tripp-lite ] &#129351; Pdusidebrkt Tripp Lite Tripp Lite Series Soporte - Permite La Instalaci\u00f3n Vertical De Pdus, Barras De Contactos Y Supresores De Sobretensiones De 1u\",\"isPartOf\":{\"@id\":\"https:\/\/compuviper.mx\/tienda\/#website\"},\"datePublished\":\"2026-04-02T05:16:14+00:00\",\"dateModified\":\"2026-04-02T05:16:15+00:00\",\"description\":\"Compra Pdusidebrkt Tripp Lite Tripp Lite Series Soporte - Permite La Instalaci\u00f3n Vertical De Pdus, Barras De Contactos Y Supresores De Sobretensiones De 1u + Env\u00edo a domicilio + Pago seguro + Garant\u00eda\",\"breadcrumb\":{\"@id\":\"https:\/\/compuviper.mx\/tienda\/producto\/tripp-lite-pdusidebrkt-tripp-lite-tripp-lite-series-soporte-permite-la-instalacin-vertical-de-pdus-barras-de-contactos-y-supresores-de-sobretensiones-de-1u\/#breadcrumb\"},\"inLanguage\":\"es-MX\",\"potentialAction\":[{\"@type\":\"ReadAction\",\"target\":[\"https:\/\/compuviper.mx\/tienda\/producto\/tripp-lite-pdusidebrkt-tripp-lite-tripp-lite-series-soporte-permite-la-instalacin-vertical-de-pdus-barras-de-contactos-y-supresores-de-sobretensiones-de-1u\/\"]}]},{\"@type\":\"BreadcrumbList\",\"@id\":\"https:\/\/compuviper.mx\/tienda\/producto\/tripp-lite-pdusidebrkt-tripp-lite-tripp-lite-series-soporte-permite-la-instalacin-vertical-de-pdus-barras-de-contactos-y-supresores-de-sobretensiones-de-1u\/#breadcrumb\",\"itemListElement\":[{\"@type\":\"ListItem\",\"position\":1,\"name\":\"Inicio\",\"item\":\"https:\/\/compuviper.mx\/tienda\/\"},{\"@type\":\"ListItem\",\"position\":2,\"name\":\"Productos\",\"item\":\"https:\/\/compuviper.mx\/tienda\/productos\/\"},{\"@type\":\"ListItem\",\"position\":3,\"name\":\"Accesorios\",\"item\":\"https:\/\/compuviper.mx\/tienda\/categoria-producto\/accesorios\/\"},{\"@type\":\"ListItem\",\"position\":4,\"name\":\"Tornillos\",\"item\":\"https:\/\/compuviper.mx\/tienda\/categoria-producto\/accesorios\/tornillos\/\"},{\"@type\":\"ListItem\",\"position\":5,\"name\":\"Tripp-lite Pdusidebrkt Tripp Lite Tripp Lite Series Soporte &#8211; Permite La Instalaci?n Vertical De Pdus, Barras De Contactos Y Supresores De Sobretensiones De 1u\"}]},{\"@type\":\"WebSite\",\"@id\":\"https:\/\/compuviper.mx\/tienda\/#website\",\"url\":\"https:\/\/compuviper.mx\/tienda\/\",\"name\":\"Compuviper\",\"description\":\"Proveedor de Computadoras, Laptops, Servidores, Monitores, Puntos de Venta, Teclados,   Impresoras, T\u00f3ner, C\u00e1maras de Seguridad y m\u00e1s en tu tienda en l\u00ednea\",\"publisher\":{\"@id\":\"https:\/\/compuviper.mx\/tienda\/#organization\"},\"potentialAction\":[{\"@type\":\"SearchAction\",\"target\":{\"@type\":\"EntryPoint\",\"urlTemplate\":\"https:\/\/compuviper.mx\/tienda\/?s={search_term_string}\"},\"query-input\":\"required name=search_term_string\"}],\"inLanguage\":\"es-MX\"},{\"@type\":\"Organization\",\"@id\":\"https:\/\/compuviper.mx\/tienda\/#organization\",\"name\":\"Compuviper\",\"url\":\"https:\/\/compuviper.mx\/tienda\/\",\"logo\":{\"@type\":\"ImageObject\",\"inLanguage\":\"es-MX\",\"@id\":\"https:\/\/compuviper.mx\/tienda\/#\/schema\/logo\/image\/\",\"url\":\"https:\/\/compuviper.mx\/tienda\/wp-content\/uploads\/2021\/08\/Logo-Compuviper-10.png\",\"contentUrl\":\"https:\/\/compuviper.mx\/tienda\/wp-content\/uploads\/2021\/08\/Logo-Compuviper-10.png\",\"width\":1000,\"height\":500,\"caption\":\"Compuviper\"},\"image\":{\"@id\":\"https:\/\/compuviper.mx\/tienda\/#\/schema\/logo\/image\/\"},\"sameAs\":[\"https:\/\/www.facebook.com\/compuviper\",\"https:\/\/www.youtube.com\/channel\/UCf73dERp9Y3cfOq7q8BhLjA?view_as=subscriber\"]}]}<\/script>\n<meta property=\"product:brand\" content=\"TRIPP-LITE\" \/>\n<meta property=\"product:price:amount\" content=\"207\" \/>\n<meta property=\"product:price:currency\" content=\"MXN\" \/>\n<meta property=\"og:availability\" content=\"out of stock\" \/>\n<meta property=\"product:availability\" content=\"out of stock\" \/>\n<meta property=\"product:retailer_item_id\" content=\"PDUSIDEBRKT\" \/>\n<meta property=\"product:condition\" content=\"new\" \/>\n<!-- \/ Yoast SEO plugin. -->","yoast_head_json":{"title":"[ Tripp-lite ] &#129351; Pdusidebrkt Tripp Lite Tripp Lite Series Soporte - Permite La Instalaci\u00f3n Vertical De Pdus, Barras De Contactos Y Supresores De Sobretensiones De 1u","description":"Compra Pdusidebrkt Tripp Lite Tripp Lite Series Soporte - Permite La Instalaci\u00f3n Vertical De Pdus, Barras De Contactos Y Supresores De Sobretensiones De 1u + Env\u00edo a domicilio + Pago seguro + Garant\u00eda","robots":{"index":"index","follow":"follow","max-snippet":"max-snippet:-1","max-image-preview":"max-image-preview:large","max-video-preview":"max-video-preview:-1"},"canonical":"https:\/\/compuviper.mx\/tienda\/producto\/tripp-lite-pdusidebrkt-tripp-lite-tripp-lite-series-soporte-permite-la-instalacin-vertical-de-pdus-barras-de-contactos-y-supresores-de-sobretensiones-de-1u\/","og_locale":"es_MX","og_type":"article","og_title":"[ Tripp-lite ] &#129351; Pdusidebrkt Tripp Lite Tripp Lite Series Soporte - Permite La Instalaci\u00f3n Vertical De Pdus, Barras De Contactos Y Supresores De Sobretensiones De 1u","og_description":"Compra Pdusidebrkt Tripp Lite Tripp Lite Series Soporte - Permite La Instalaci\u00f3n Vertical De Pdus, Barras De Contactos Y Supresores De Sobretensiones De 1u + Env\u00edo a domicilio + Pago seguro + Garant\u00eda","og_url":"https:\/\/compuviper.mx\/tienda\/producto\/tripp-lite-pdusidebrkt-tripp-lite-tripp-lite-series-soporte-permite-la-instalacin-vertical-de-pdus-barras-de-contactos-y-supresores-de-sobretensiones-de-1u\/","og_site_name":"Compuviper","article_publisher":"https:\/\/www.facebook.com\/compuviper","article_modified_time":"2026-04-02T05:16:15+00:00","og_image":[{"width":200,"height":200,"url":"https:\/\/compuviper.mx\/tienda\/wp-content\/uploads\/2025\/10\/Pdusidebrkt-tripp-lite-tripp-lite-series-soporte-permite-la-instalacion-vertical-de-pdus-barras-de-contactos-y-supresores-de-sobretensiones-de-1u.jpg","type":"image\/jpeg"}],"twitter_card":"summary_large_image","twitter_misc":{"Precio":"&#36;207 con IVA","Availability":"Out of stock"},"schema":{"@context":"https:\/\/schema.org","@graph":[{"@type":"WebPage","@id":"https:\/\/compuviper.mx\/tienda\/producto\/tripp-lite-pdusidebrkt-tripp-lite-tripp-lite-series-soporte-permite-la-instalacin-vertical-de-pdus-barras-de-contactos-y-supresores-de-sobretensiones-de-1u\/","url":"https:\/\/compuviper.mx\/tienda\/producto\/tripp-lite-pdusidebrkt-tripp-lite-tripp-lite-series-soporte-permite-la-instalacin-vertical-de-pdus-barras-de-contactos-y-supresores-de-sobretensiones-de-1u\/","name":"[ Tripp-lite ] &#129351; Pdusidebrkt Tripp Lite Tripp Lite Series Soporte - Permite La Instalaci\u00f3n Vertical De Pdus, Barras De Contactos Y Supresores De Sobretensiones De 1u","isPartOf":{"@id":"https:\/\/compuviper.mx\/tienda\/#website"},"datePublished":"2026-04-02T05:16:14+00:00","dateModified":"2026-04-02T05:16:15+00:00","description":"Compra Pdusidebrkt Tripp Lite Tripp Lite Series Soporte - Permite La Instalaci\u00f3n Vertical De Pdus, Barras De Contactos Y Supresores De Sobretensiones De 1u + Env\u00edo a domicilio + Pago seguro + Garant\u00eda","breadcrumb":{"@id":"https:\/\/compuviper.mx\/tienda\/producto\/tripp-lite-pdusidebrkt-tripp-lite-tripp-lite-series-soporte-permite-la-instalacin-vertical-de-pdus-barras-de-contactos-y-supresores-de-sobretensiones-de-1u\/#breadcrumb"},"inLanguage":"es-MX","potentialAction":[{"@type":"ReadAction","target":["https:\/\/compuviper.mx\/tienda\/producto\/tripp-lite-pdusidebrkt-tripp-lite-tripp-lite-series-soporte-permite-la-instalacin-vertical-de-pdus-barras-de-contactos-y-supresores-de-sobretensiones-de-1u\/"]}]},{"@type":"BreadcrumbList","@id":"https:\/\/compuviper.mx\/tienda\/producto\/tripp-lite-pdusidebrkt-tripp-lite-tripp-lite-series-soporte-permite-la-instalacin-vertical-de-pdus-barras-de-contactos-y-supresores-de-sobretensiones-de-1u\/#breadcrumb","itemListElement":[{"@type":"ListItem","position":1,"name":"Inicio","item":"https:\/\/compuviper.mx\/tienda\/"},{"@type":"ListItem","position":2,"name":"Productos","item":"https:\/\/compuviper.mx\/tienda\/productos\/"},{"@type":"ListItem","position":3,"name":"Accesorios","item":"https:\/\/compuviper.mx\/tienda\/categoria-producto\/accesorios\/"},{"@type":"ListItem","position":4,"name":"Tornillos","item":"https:\/\/compuviper.mx\/tienda\/categoria-producto\/accesorios\/tornillos\/"},{"@type":"ListItem","position":5,"name":"Tripp-lite Pdusidebrkt Tripp Lite Tripp Lite Series Soporte &#8211; Permite La Instalaci?n Vertical De Pdus, Barras De Contactos Y Supresores De Sobretensiones De 1u"}]},{"@type":"WebSite","@id":"https:\/\/compuviper.mx\/tienda\/#website","url":"https:\/\/compuviper.mx\/tienda\/","name":"Compuviper","description":"Proveedor de Computadoras, Laptops, Servidores, Monitores, Puntos de Venta, Teclados,   Impresoras, T\u00f3ner, C\u00e1maras de Seguridad y m\u00e1s en tu tienda en l\u00ednea","publisher":{"@id":"https:\/\/compuviper.mx\/tienda\/#organization"},"potentialAction":[{"@type":"SearchAction","target":{"@type":"EntryPoint","urlTemplate":"https:\/\/compuviper.mx\/tienda\/?s={search_term_string}"},"query-input":"required name=search_term_string"}],"inLanguage":"es-MX"},{"@type":"Organization","@id":"https:\/\/compuviper.mx\/tienda\/#organization","name":"Compuviper","url":"https:\/\/compuviper.mx\/tienda\/","logo":{"@type":"ImageObject","inLanguage":"es-MX","@id":"https:\/\/compuviper.mx\/tienda\/#\/schema\/logo\/image\/","url":"https:\/\/compuviper.mx\/tienda\/wp-content\/uploads\/2021\/08\/Logo-Compuviper-10.png","contentUrl":"https:\/\/compuviper.mx\/tienda\/wp-content\/uploads\/2021\/08\/Logo-Compuviper-10.png","width":1000,"height":500,"caption":"Compuviper"},"image":{"@id":"https:\/\/compuviper.mx\/tienda\/#\/schema\/logo\/image\/"},"sameAs":["https:\/\/www.facebook.com\/compuviper","https:\/\/www.youtube.com\/channel\/UCf73dERp9Y3cfOq7q8BhLjA?view_as=subscriber"]}]},"product_brand":"TRIPP-LITE","product_price_amount":"207","product_price_currency":"MXN","og_availability":"out of stock","product_availability":"out of stock","product_retailer_item_id":"PDUSIDEBRKT","product_condition":"new"},"_links":{"self":[{"href":"https:\/\/compuviper.mx\/tienda\/wp-json\/wp\/v2\/product\/254769"}],"collection":[{"href":"https:\/\/compuviper.mx\/tienda\/wp-json\/wp\/v2\/product"}],"about":[{"href":"https:\/\/compuviper.mx\/tienda\/wp-json\/wp\/v2\/types\/product"}],"replies":[{"embeddable":true,"href":"https:\/\/compuviper.mx\/tienda\/wp-json\/wp\/v2\/comments?post=254769"}],"wp:featuredmedia":[{"embeddable":true,"href":"https:\/\/compuviper.mx\/tienda\/wp-json\/wp\/v2\/media\/258780"}],"wp:attachment":[{"href":"https:\/\/compuviper.mx\/tienda\/wp-json\/wp\/v2\/media?parent=254769"}],"wp:term":[{"taxonomy":"product_cat","embeddable":true,"href":"https:\/\/compuviper.mx\/tienda\/wp-json\/wp\/v2\/product_cat?post=254769"},{"taxonomy":"product_tag","embeddable":true,"href":"https:\/\/compuviper.mx\/tienda\/wp-json\/wp\/v2\/product_tag?post=254769"}],"curies":[{"name":"wp","href":"https:\/\/api.w.org\/{rel}","templated":true}]}}