{"id":254741,"date":"2026-04-02T02:19:09","date_gmt":"2026-04-02T08:19:09","guid":{"rendered":"https:\/\/compuviper.mx\/tienda\/producto\/microsoft-dg7gmgf0pp46-0002-com-csp-windows-11-enterprise-ltsc-2024-upgrade-perpetua\/"},"modified":"2026-04-02T02:19:09","modified_gmt":"2026-04-02T08:19:09","slug":"microsoft-dg7gmgf0pp460002commercial-csp-windows-11-enterprise-ltsc-2024-upgrade-perpetua","status":"publish","type":"product","link":"https:\/\/compuviper.mx\/tienda\/producto\/microsoft-dg7gmgf0pp460002commercial-csp-windows-11-enterprise-ltsc-2024-upgrade-perpetua\/","title":{"rendered":"Microsoft Dg7gmgf0pp46:0002:commercial  Csp Windows 11 Enterprise Ltsc 2024 Upgrade &#8211; Perpetua"},"content":{"rendered":"<table class=\"descripcion\">\n<tr>\n<td>&#8211; requisitos previos<\/td>\n<\/tr>\n<tr>\n<td>Nota: lee atentamente la siguiente informaci\u00f3n antes de continuar con la descarga.<\/td>\n<\/tr>\n<tr>\n<td>1. consulta las especificaciones del dispositivo windows 11 para conocer los requisitos de actualizaci\u00f3n y las caracter\u00edsticas compatibles. algunas caracter\u00edsticas requieren hardware adicional.<\/td>\n<\/tr>\n<tr>\n<td>2. reg\u00edstrate, descarga e instala el software con todas las caracter\u00edsticas para un per\u00edodo de evaluaci\u00f3n de 90 d\u00edas.<\/td>\n<\/tr>\n<tr>\n<td>3. revisa los recursos relacionados que te guiar\u00e1n a lo largo de la evaluaci\u00f3n.<\/td>\n<\/tr>\n<tr>\n<td>&#8211; directrices de instalaci\u00f3n<\/td>\n<\/tr>\n<tr>\n<td>\u0095 planifica con antelaci\u00f3n. haz una copia de seguridad de los archivos y de la configuraci\u00f3n antes de instalar la evaluaci\u00f3n.<\/td>\n<\/tr>\n<tr>\n<td>\u0095 windows solicitar\u00e1 la activaci\u00f3n durante la instalaci\u00f3n. no se necesita una clave de producto para este software.<\/td>\n<\/tr>\n<tr>\n<td>\u0095 debes iniciar sesi\u00f3n en tu equipo con una cuenta microsoft para usar windows 11 empresas. la opci\u00f3n de crear una cuenta local estar\u00e1 disponible cuando se publique la versi\u00f3n final.<\/td>\n<\/tr>\n<tr>\n<td>\u0095 si decides instalar windows 11 empresas con uno de los archivos iso proporcionados, no podr\u00e1s desinstalarlo. adem\u00e1s, despu\u00e9s de instalar windows 11 empresas, no podr\u00e1s usar la partici\u00f3n de recuperaci\u00f3n del equipo para volver a la versi\u00f3n anterior de windows. tendr\u00e1s que hacer una instalaci\u00f3n limpia de tu anterior sistema operativo y volver a instalar todos los programas y datos.<\/td>\n<\/tr>\n<tr>\n<td>\u0095 si no activas la evaluaci\u00f3n tras la instalaci\u00f3n o si el per\u00edodo de evaluaci\u00f3n caduca, el fondo de escritorio se pondr\u00e1 en negro, aparecer\u00e1 una notificaci\u00f3n persistente indicando que el sistema no es original y el equipo se apagar\u00e1 cada hora.<\/td>\n<\/tr>\n<tr>\n<td>&#8211; cosas que debe saber<\/td>\n<\/tr>\n<tr>\n<td>\u0095 windows 11 se basa en el c\u00f3digo base de windows 10 por lo que es compatible de forma nativa con el software y soluciones que ya usas. en algunos casos es posible que un dispositivo o programa no funcione o que necesite una actualizaci\u00f3n. tambi\u00e9n podr\u00eda tener que desinstalar algunos programas y volver a instalarlos tras instalar la evaluaci\u00f3n. si se produce un problema de compatibilidad con una aplicaci\u00f3n de microsoft, una aplicaci\u00f3n de proveedor de software independiente (isv) o una aplicaci\u00f3n de l\u00ednea de negocio (lob) interna personalizada, asesor\u00eda de aplicaciones puede ayudarle.<\/td>\n<\/tr>\n<tr>\n<td>\u0095 puede que la descarga de windows 11 empresas lleve algunas horas. el tiempo exacto depender\u00e1 del proveedor, del ancho de banda y del tr\u00e1fico (pueden aplicarse tarifas por parte de su proveedor de acceso a internet).<\/td>\n<\/tr>\n<tr>\n<td>\u0095 para conocer la informaci\u00f3n m\u00e1s reciente sobre los requisitos adicionales necesarios para usar ciertas caracter\u00edsticas, consulta requisitos de windows 11. para cuestiones t\u00e9cnicas, visite windows 11 tech community o \u00fanase a las sesiones de windows office hours, que se celebran mensualmente.<\/td>\n<\/tr>\n<\/table>\n","protected":false},"excerpt":{"rendered":"<p>Windows 11 enterprise ltsc 2024 se basa en windows 11 empresas, versi\u00f3n 24h2, y agrega caracter\u00edsticas premium dise\u00f1adas para satisfacer las necesidades de grandes y medianas organizaciones (incluidas las grandes instituciones acad\u00e9micas), como la protecci\u00f3n avanzada contra amenazas de seguridad modernas, la flexibilidad total de las opciones de implementaci\u00f3n, actualizaci\u00f3n y soporte t\u00e9cnico del sistema operativo; as\u00ed como funcionalidades completas de control y administraci\u00f3n de dispositivos y aplicaciones. La edici\u00f3n ltsc proporciona a los clientes acceso al canal de mantenimiento a largo plazo como opci\u00f3n de implementaci\u00f3n para sus dispositivos y entornos con un uso especial, con actualizaciones de calidad proporcionadas durante 5 a\u00f1os completos.<\/p>\n","protected":false},"featured_media":258419,"comment_status":"open","ping_status":"open","template":"","meta":[],"product_cat":[1827,2108],"product_tag":[1831],"acf":[],"yoast_head":"<!-- This site is optimized with the Yoast SEO plugin v21.7 - https:\/\/yoast.com\/wordpress\/plugins\/seo\/ -->\n<title>[ Microsoft ] &#129351; Dg7gmgf0pp46:0002:commercial Csp Windows 11 Enterprise Ltsc 2024 Upgrade - Perpetua<\/title>\n<meta name=\"description\" content=\"Compra Dg7gmgf0pp46:0002:commercial Csp Windows 11 Enterprise Ltsc 2024 Upgrade - Perpetua + Env\u00edo a domicilio + Pago seguro + Garant\u00eda\" \/>\n<meta name=\"robots\" content=\"index, follow, max-snippet:-1, max-image-preview:large, max-video-preview:-1\" \/>\n<link rel=\"canonical\" href=\"https:\/\/compuviper.mx\/tienda\/producto\/microsoft-dg7gmgf0pp460002commercial-csp-windows-11-enterprise-ltsc-2024-upgrade-perpetua\/\" \/>\n<meta property=\"og:locale\" content=\"es_MX\" \/>\n<meta property=\"og:type\" content=\"article\" \/>\n<meta property=\"og:title\" content=\"[ Microsoft ] &#129351; Dg7gmgf0pp46:0002:commercial Csp Windows 11 Enterprise Ltsc 2024 Upgrade - Perpetua\" \/>\n<meta property=\"og:description\" content=\"Compra Dg7gmgf0pp46:0002:commercial Csp Windows 11 Enterprise Ltsc 2024 Upgrade - Perpetua + Env\u00edo a domicilio + Pago seguro + Garant\u00eda\" \/>\n<meta property=\"og:url\" content=\"https:\/\/compuviper.mx\/tienda\/producto\/microsoft-dg7gmgf0pp460002commercial-csp-windows-11-enterprise-ltsc-2024-upgrade-perpetua\/\" \/>\n<meta property=\"og:site_name\" content=\"Compuviper\" \/>\n<meta property=\"article:publisher\" content=\"https:\/\/www.facebook.com\/compuviper\" \/>\n<meta property=\"og:image\" content=\"https:\/\/compuviper.mx\/tienda\/wp-content\/uploads\/2025\/10\/Microsoft-csp-windows-11-enterprise-ltsc-2024-upgrade-perpetua.jpg\" \/>\n\t<meta property=\"og:image:width\" content=\"200\" \/>\n\t<meta property=\"og:image:height\" content=\"200\" \/>\n\t<meta property=\"og:image:type\" content=\"image\/jpeg\" \/>\n<meta name=\"twitter:card\" content=\"summary_large_image\" \/>\n<meta name=\"twitter:label1\" content=\"Precio\" \/>\n\t<meta name=\"twitter:data1\" content=\"&#36;6,214 con IVA\" \/>\n\t<meta name=\"twitter:label2\" content=\"Availability\" \/>\n\t<meta name=\"twitter:data2\" content=\"On backorder\" \/>\n<script type=\"application\/ld+json\" class=\"yoast-schema-graph\">{\"@context\":\"https:\/\/schema.org\",\"@graph\":[{\"@type\":\"WebPage\",\"@id\":\"https:\/\/compuviper.mx\/tienda\/producto\/microsoft-dg7gmgf0pp460002commercial-csp-windows-11-enterprise-ltsc-2024-upgrade-perpetua\/\",\"url\":\"https:\/\/compuviper.mx\/tienda\/producto\/microsoft-dg7gmgf0pp460002commercial-csp-windows-11-enterprise-ltsc-2024-upgrade-perpetua\/\",\"name\":\"[ Microsoft ] &#129351; Dg7gmgf0pp46:0002:commercial Csp Windows 11 Enterprise Ltsc 2024 Upgrade - Perpetua\",\"isPartOf\":{\"@id\":\"https:\/\/compuviper.mx\/tienda\/#website\"},\"datePublished\":\"2026-04-02T08:19:09+00:00\",\"dateModified\":\"2026-04-02T08:19:09+00:00\",\"description\":\"Compra Dg7gmgf0pp46:0002:commercial Csp Windows 11 Enterprise Ltsc 2024 Upgrade - Perpetua + Env\u00edo a domicilio + Pago seguro + Garant\u00eda\",\"breadcrumb\":{\"@id\":\"https:\/\/compuviper.mx\/tienda\/producto\/microsoft-dg7gmgf0pp460002commercial-csp-windows-11-enterprise-ltsc-2024-upgrade-perpetua\/#breadcrumb\"},\"inLanguage\":\"es-MX\",\"potentialAction\":[{\"@type\":\"ReadAction\",\"target\":[\"https:\/\/compuviper.mx\/tienda\/producto\/microsoft-dg7gmgf0pp460002commercial-csp-windows-11-enterprise-ltsc-2024-upgrade-perpetua\/\"]}]},{\"@type\":\"BreadcrumbList\",\"@id\":\"https:\/\/compuviper.mx\/tienda\/producto\/microsoft-dg7gmgf0pp460002commercial-csp-windows-11-enterprise-ltsc-2024-upgrade-perpetua\/#breadcrumb\",\"itemListElement\":[{\"@type\":\"ListItem\",\"position\":1,\"name\":\"Inicio\",\"item\":\"https:\/\/compuviper.mx\/tienda\/\"},{\"@type\":\"ListItem\",\"position\":2,\"name\":\"Productos\",\"item\":\"https:\/\/compuviper.mx\/tienda\/productos\/\"},{\"@type\":\"ListItem\",\"position\":3,\"name\":\"Software\",\"item\":\"https:\/\/compuviper.mx\/tienda\/categoria-producto\/software\/\"},{\"@type\":\"ListItem\",\"position\":4,\"name\":\"Licenciamiento Microsoft Csp\",\"item\":\"https:\/\/compuviper.mx\/tienda\/categoria-producto\/software\/licenciamiento-microsoft-csp\/\"},{\"@type\":\"ListItem\",\"position\":5,\"name\":\"Microsoft Dg7gmgf0pp46:0002:commercial Csp Windows 11 Enterprise Ltsc 2024 Upgrade &#8211; Perpetua\"}]},{\"@type\":\"WebSite\",\"@id\":\"https:\/\/compuviper.mx\/tienda\/#website\",\"url\":\"https:\/\/compuviper.mx\/tienda\/\",\"name\":\"Compuviper\",\"description\":\"Proveedor de Computadoras, Laptops, Servidores, Monitores, Puntos de Venta, Teclados,   Impresoras, T\u00f3ner, C\u00e1maras de Seguridad y m\u00e1s en tu tienda en l\u00ednea\",\"publisher\":{\"@id\":\"https:\/\/compuviper.mx\/tienda\/#organization\"},\"potentialAction\":[{\"@type\":\"SearchAction\",\"target\":{\"@type\":\"EntryPoint\",\"urlTemplate\":\"https:\/\/compuviper.mx\/tienda\/?s={search_term_string}\"},\"query-input\":\"required name=search_term_string\"}],\"inLanguage\":\"es-MX\"},{\"@type\":\"Organization\",\"@id\":\"https:\/\/compuviper.mx\/tienda\/#organization\",\"name\":\"Compuviper\",\"url\":\"https:\/\/compuviper.mx\/tienda\/\",\"logo\":{\"@type\":\"ImageObject\",\"inLanguage\":\"es-MX\",\"@id\":\"https:\/\/compuviper.mx\/tienda\/#\/schema\/logo\/image\/\",\"url\":\"https:\/\/compuviper.mx\/tienda\/wp-content\/uploads\/2021\/08\/Logo-Compuviper-10.png\",\"contentUrl\":\"https:\/\/compuviper.mx\/tienda\/wp-content\/uploads\/2021\/08\/Logo-Compuviper-10.png\",\"width\":1000,\"height\":500,\"caption\":\"Compuviper\"},\"image\":{\"@id\":\"https:\/\/compuviper.mx\/tienda\/#\/schema\/logo\/image\/\"},\"sameAs\":[\"https:\/\/www.facebook.com\/compuviper\",\"https:\/\/www.youtube.com\/channel\/UCf73dERp9Y3cfOq7q8BhLjA?view_as=subscriber\"]}]}<\/script>\n<meta property=\"product:brand\" content=\"MICROSOFT\" \/>\n<meta property=\"product:price:amount\" content=\"6214\" \/>\n<meta property=\"product:price:currency\" content=\"MXN\" \/>\n<meta property=\"og:availability\" content=\"backorder\" \/>\n<meta property=\"product:availability\" content=\"available for order\" \/>\n<meta property=\"product:retailer_item_id\" content=\"DG7GMGF0PP46:0002:Commercial\" \/>\n<meta property=\"product:condition\" content=\"new\" \/>\n<!-- \/ Yoast SEO plugin. -->","yoast_head_json":{"title":"[ Microsoft ] &#129351; Dg7gmgf0pp46:0002:commercial Csp Windows 11 Enterprise Ltsc 2024 Upgrade - Perpetua","description":"Compra Dg7gmgf0pp46:0002:commercial Csp Windows 11 Enterprise Ltsc 2024 Upgrade - Perpetua + Env\u00edo a domicilio + Pago seguro + Garant\u00eda","robots":{"index":"index","follow":"follow","max-snippet":"max-snippet:-1","max-image-preview":"max-image-preview:large","max-video-preview":"max-video-preview:-1"},"canonical":"https:\/\/compuviper.mx\/tienda\/producto\/microsoft-dg7gmgf0pp460002commercial-csp-windows-11-enterprise-ltsc-2024-upgrade-perpetua\/","og_locale":"es_MX","og_type":"article","og_title":"[ Microsoft ] &#129351; Dg7gmgf0pp46:0002:commercial Csp Windows 11 Enterprise Ltsc 2024 Upgrade - Perpetua","og_description":"Compra Dg7gmgf0pp46:0002:commercial Csp Windows 11 Enterprise Ltsc 2024 Upgrade - Perpetua + Env\u00edo a domicilio + Pago seguro + Garant\u00eda","og_url":"https:\/\/compuviper.mx\/tienda\/producto\/microsoft-dg7gmgf0pp460002commercial-csp-windows-11-enterprise-ltsc-2024-upgrade-perpetua\/","og_site_name":"Compuviper","article_publisher":"https:\/\/www.facebook.com\/compuviper","og_image":[{"width":200,"height":200,"url":"https:\/\/compuviper.mx\/tienda\/wp-content\/uploads\/2025\/10\/Microsoft-csp-windows-11-enterprise-ltsc-2024-upgrade-perpetua.jpg","type":"image\/jpeg"}],"twitter_card":"summary_large_image","twitter_misc":{"Precio":"&#36;6,214 con IVA","Availability":"On backorder"},"schema":{"@context":"https:\/\/schema.org","@graph":[{"@type":"WebPage","@id":"https:\/\/compuviper.mx\/tienda\/producto\/microsoft-dg7gmgf0pp460002commercial-csp-windows-11-enterprise-ltsc-2024-upgrade-perpetua\/","url":"https:\/\/compuviper.mx\/tienda\/producto\/microsoft-dg7gmgf0pp460002commercial-csp-windows-11-enterprise-ltsc-2024-upgrade-perpetua\/","name":"[ Microsoft ] &#129351; Dg7gmgf0pp46:0002:commercial Csp Windows 11 Enterprise Ltsc 2024 Upgrade - Perpetua","isPartOf":{"@id":"https:\/\/compuviper.mx\/tienda\/#website"},"datePublished":"2026-04-02T08:19:09+00:00","dateModified":"2026-04-02T08:19:09+00:00","description":"Compra Dg7gmgf0pp46:0002:commercial Csp Windows 11 Enterprise Ltsc 2024 Upgrade - Perpetua + Env\u00edo a domicilio + Pago seguro + Garant\u00eda","breadcrumb":{"@id":"https:\/\/compuviper.mx\/tienda\/producto\/microsoft-dg7gmgf0pp460002commercial-csp-windows-11-enterprise-ltsc-2024-upgrade-perpetua\/#breadcrumb"},"inLanguage":"es-MX","potentialAction":[{"@type":"ReadAction","target":["https:\/\/compuviper.mx\/tienda\/producto\/microsoft-dg7gmgf0pp460002commercial-csp-windows-11-enterprise-ltsc-2024-upgrade-perpetua\/"]}]},{"@type":"BreadcrumbList","@id":"https:\/\/compuviper.mx\/tienda\/producto\/microsoft-dg7gmgf0pp460002commercial-csp-windows-11-enterprise-ltsc-2024-upgrade-perpetua\/#breadcrumb","itemListElement":[{"@type":"ListItem","position":1,"name":"Inicio","item":"https:\/\/compuviper.mx\/tienda\/"},{"@type":"ListItem","position":2,"name":"Productos","item":"https:\/\/compuviper.mx\/tienda\/productos\/"},{"@type":"ListItem","position":3,"name":"Software","item":"https:\/\/compuviper.mx\/tienda\/categoria-producto\/software\/"},{"@type":"ListItem","position":4,"name":"Licenciamiento Microsoft Csp","item":"https:\/\/compuviper.mx\/tienda\/categoria-producto\/software\/licenciamiento-microsoft-csp\/"},{"@type":"ListItem","position":5,"name":"Microsoft Dg7gmgf0pp46:0002:commercial Csp Windows 11 Enterprise Ltsc 2024 Upgrade &#8211; Perpetua"}]},{"@type":"WebSite","@id":"https:\/\/compuviper.mx\/tienda\/#website","url":"https:\/\/compuviper.mx\/tienda\/","name":"Compuviper","description":"Proveedor de Computadoras, Laptops, Servidores, Monitores, Puntos de Venta, Teclados,   Impresoras, T\u00f3ner, C\u00e1maras de Seguridad y m\u00e1s en tu tienda en l\u00ednea","publisher":{"@id":"https:\/\/compuviper.mx\/tienda\/#organization"},"potentialAction":[{"@type":"SearchAction","target":{"@type":"EntryPoint","urlTemplate":"https:\/\/compuviper.mx\/tienda\/?s={search_term_string}"},"query-input":"required name=search_term_string"}],"inLanguage":"es-MX"},{"@type":"Organization","@id":"https:\/\/compuviper.mx\/tienda\/#organization","name":"Compuviper","url":"https:\/\/compuviper.mx\/tienda\/","logo":{"@type":"ImageObject","inLanguage":"es-MX","@id":"https:\/\/compuviper.mx\/tienda\/#\/schema\/logo\/image\/","url":"https:\/\/compuviper.mx\/tienda\/wp-content\/uploads\/2021\/08\/Logo-Compuviper-10.png","contentUrl":"https:\/\/compuviper.mx\/tienda\/wp-content\/uploads\/2021\/08\/Logo-Compuviper-10.png","width":1000,"height":500,"caption":"Compuviper"},"image":{"@id":"https:\/\/compuviper.mx\/tienda\/#\/schema\/logo\/image\/"},"sameAs":["https:\/\/www.facebook.com\/compuviper","https:\/\/www.youtube.com\/channel\/UCf73dERp9Y3cfOq7q8BhLjA?view_as=subscriber"]}]},"product_brand":"MICROSOFT","product_price_amount":"6214","product_price_currency":"MXN","og_availability":"backorder","product_availability":"available for order","product_retailer_item_id":"DG7GMGF0PP46:0002:Commercial","product_condition":"new"},"_links":{"self":[{"href":"https:\/\/compuviper.mx\/tienda\/wp-json\/wp\/v2\/product\/254741"}],"collection":[{"href":"https:\/\/compuviper.mx\/tienda\/wp-json\/wp\/v2\/product"}],"about":[{"href":"https:\/\/compuviper.mx\/tienda\/wp-json\/wp\/v2\/types\/product"}],"replies":[{"embeddable":true,"href":"https:\/\/compuviper.mx\/tienda\/wp-json\/wp\/v2\/comments?post=254741"}],"wp:featuredmedia":[{"embeddable":true,"href":"https:\/\/compuviper.mx\/tienda\/wp-json\/wp\/v2\/media\/258419"}],"wp:attachment":[{"href":"https:\/\/compuviper.mx\/tienda\/wp-json\/wp\/v2\/media?parent=254741"}],"wp:term":[{"taxonomy":"product_cat","embeddable":true,"href":"https:\/\/compuviper.mx\/tienda\/wp-json\/wp\/v2\/product_cat?post=254741"},{"taxonomy":"product_tag","embeddable":true,"href":"https:\/\/compuviper.mx\/tienda\/wp-json\/wp\/v2\/product_tag?post=254741"}],"curies":[{"name":"wp","href":"https:\/\/api.w.org\/{rel}","templated":true}]}}