{"id":254675,"date":"2026-04-07T00:44:33","date_gmt":"2026-04-07T06:44:33","guid":{"rendered":"https:\/\/compuviper.mx\/tienda\/producto\/ghia-gscb1-lector-de-codigo-de-barras-1d-led-ccd-usb-con-base-negro\/"},"modified":"2026-04-07T00:44:33","modified_gmt":"2026-04-07T06:44:33","slug":"ghia-gscb1-lector-de-codigo-de-barras-1d-led-ccd-usb-con-base-negro","status":"publish","type":"product","link":"https:\/\/compuviper.mx\/tienda\/producto\/ghia-gscb1-lector-de-codigo-de-barras-1d-led-ccd-usb-con-base-negro\/","title":{"rendered":"Ghia Gscb1 Lector De Codigo De Barras   \/ 1d \/ Led Ccd \/ Usb \/ Con Base \/ Negro"},"content":{"rendered":"<table class=\"descripcion\">\n<tr>\n<td>1d<\/td>\n<\/tr>\n<tr>\n<td>Lectura sobre pantallas<\/td>\n<\/tr>\n<tr>\n<td>Tipo de escaneo: sensor lineal ccd<\/td>\n<\/tr>\n<tr>\n<td>Resoluci\u00f3n: 1500 pix<\/td>\n<\/tr>\n<tr>\n<td>Velocidad: 300 escaneos por segundo<\/td>\n<\/tr>\n<tr>\n<td>Precisi\u00f3n de escaneo: 4mil\/0.1mm@pcs90%, code39<\/td>\n<\/tr>\n<tr>\n<td>Profundidad de campo: 3-330mm (13mil, pcs90%) 3-220mm (10mil)<\/td>\n<\/tr>\n<tr>\n<td>Inclinaci\u00f3n: \u00b130\u00b0<\/td>\n<\/tr>\n<tr>\n<td>\u00e1ngulo de elevaci\u00f3n: \u00b165\u00b0<\/td>\n<\/tr>\n<tr>\n<td>\u00e1ngulo de desviaci\u00f3n: \u00b155\u00b0<\/td>\n<\/tr>\n<tr>\n<td>Interfaz: usb<\/td>\n<\/tr>\n<tr>\n<td>Contraste: 10% upc\/ ean 100%<\/td>\n<\/tr>\n<tr>\n<td>Medidas: 170mm x 68mm x 90mm<\/td>\n<\/tr>\n<tr>\n<td>Peso: 150gr<\/td>\n<\/tr>\n<tr>\n<td>Material: abs + pc<\/td>\n<\/tr>\n<tr>\n<td>Cable: 2 m<\/td>\n<\/tr>\n<tr>\n<td>Voltaje: dc 5v<\/td>\n<\/tr>\n<tr>\n<td>Consumo: 120ma<\/td>\n<\/tr>\n<tr>\n<td>Fuente de luz: ccd 625nm<\/td>\n<\/tr>\n<tr>\n<td>Temperatura de operaci\u00f3n: -20\u00b0c to 60\u00b0c<\/td>\n<\/tr>\n<tr>\n<td>Temperatura de almacenaje: -40\u00b0c to 85\u00b0c<\/td>\n<\/tr>\n<tr>\n<td>Humedad: 5% &#8211; 95%<\/td>\n<\/tr>\n<tr>\n<td>Choque mec\u00e1nico: 1.5m ca\u00edda sobre superficie de concreto<\/td>\n<\/tr>\n<tr>\n<td>Ip class: ip52<\/td>\n<\/tr>\n<tr>\n<td>Capacidad de decodificaci\u00f3n: ean13, ean8, upc a, upc e, codabar(nw-7), code39, code93, intervalo 2 a 5, matrix 2 a 5, code128, ean\/ucc 128, code11, c\u00f3digos en chino, gs1.<\/td>\n<\/tr>\n<\/table>\n","protected":false},"excerpt":{"rendered":"<p>Lleva tu negocio al futuro con el lector ghia de c\u00f3digo de barras. Haz que tu tiempo rinda al m\u00e1ximo capturando la informaci\u00f3n de tus productos de forma sencilla y mant\u00e9n un control de tus ventas e inventario. Plug and play, no necesitas ning\u00fan programa o aplicaci\u00f3n. S\u00f3lo con\u00e9ctalo mediante cable usb a tu pc y comienza trabajar, los datos se env\u00edan inmediatamente a cualquier software, hoja de c\u00e1lculo, etc. Resistente, soporta ca\u00eddas de hasta 1.5 metros. Pr\u00e1ctico, puede leer c\u00f3digos sobre pantallas. Configurable, para escaneo manual y autom\u00e1tico. Para un mejor control de las ventas de tu negocio, puedes agregar un caj\u00f3n de dinero de la l\u00ednea de punto de venta ghia.<\/p>\n","protected":false},"featured_media":254676,"comment_status":"open","ping_status":"open","template":"","meta":[],"product_cat":[1726,1721],"product_tag":[1548],"acf":[],"yoast_head":"<!-- This site is optimized with the Yoast SEO plugin v21.7 - https:\/\/yoast.com\/wordpress\/plugins\/seo\/ -->\n<title>[ Ghia ] &#129351; Gscb1 Lector De Codigo De Barras \/ 1d \/ Led Ccd \/ Usb \/ Con Base \/ Negro<\/title>\n<meta name=\"description\" content=\"Compra Gscb1 Lector De Codigo De Barras \/ 1d \/ Led Ccd \/ Usb \/ Con Base \/ Negro + Env\u00edo a domicilio + Pago seguro + Garant\u00eda\" \/>\n<meta name=\"robots\" content=\"index, follow, max-snippet:-1, max-image-preview:large, max-video-preview:-1\" \/>\n<link rel=\"canonical\" href=\"https:\/\/compuviper.mx\/tienda\/producto\/ghia-gscb1-lector-de-codigo-de-barras-1d-led-ccd-usb-con-base-negro\/\" \/>\n<meta property=\"og:locale\" content=\"es_MX\" \/>\n<meta property=\"og:type\" content=\"article\" \/>\n<meta property=\"og:title\" content=\"[ Ghia ] &#129351; Gscb1 Lector De Codigo De Barras \/ 1d \/ Led Ccd \/ Usb \/ Con Base \/ Negro\" \/>\n<meta property=\"og:description\" content=\"Compra Gscb1 Lector De Codigo De Barras \/ 1d \/ Led Ccd \/ Usb \/ Con Base \/ Negro + Env\u00edo a domicilio + Pago seguro + Garant\u00eda\" \/>\n<meta property=\"og:url\" content=\"https:\/\/compuviper.mx\/tienda\/producto\/ghia-gscb1-lector-de-codigo-de-barras-1d-led-ccd-usb-con-base-negro\/\" \/>\n<meta property=\"og:site_name\" content=\"Compuviper\" \/>\n<meta property=\"article:publisher\" content=\"https:\/\/www.facebook.com\/compuviper\" \/>\n<meta property=\"og:image\" content=\"https:\/\/compuviper.mx\/tienda\/wp-content\/uploads\/2025\/07\/Lector-de-codigo-de-barras-ghia-gscb1-1d-led-ccd-usb-con-base-negro.jpg\" \/>\n\t<meta property=\"og:image:width\" content=\"200\" \/>\n\t<meta property=\"og:image:height\" content=\"200\" \/>\n\t<meta property=\"og:image:type\" content=\"image\/jpeg\" \/>\n<meta name=\"twitter:card\" content=\"summary_large_image\" \/>\n<meta name=\"twitter:label1\" content=\"Precio\" \/>\n\t<meta name=\"twitter:data1\" content=\"&#36;486 con IVA\" \/>\n\t<meta name=\"twitter:label2\" content=\"Availability\" \/>\n\t<meta name=\"twitter:data2\" content=\"In stock\" \/>\n<script type=\"application\/ld+json\" class=\"yoast-schema-graph\">{\"@context\":\"https:\/\/schema.org\",\"@graph\":[{\"@type\":\"WebPage\",\"@id\":\"https:\/\/compuviper.mx\/tienda\/producto\/ghia-gscb1-lector-de-codigo-de-barras-1d-led-ccd-usb-con-base-negro\/\",\"url\":\"https:\/\/compuviper.mx\/tienda\/producto\/ghia-gscb1-lector-de-codigo-de-barras-1d-led-ccd-usb-con-base-negro\/\",\"name\":\"[ Ghia ] &#129351; Gscb1 Lector De Codigo De Barras \/ 1d \/ Led Ccd \/ Usb \/ Con Base \/ Negro\",\"isPartOf\":{\"@id\":\"https:\/\/compuviper.mx\/tienda\/#website\"},\"datePublished\":\"2026-04-07T06:44:33+00:00\",\"dateModified\":\"2026-04-07T06:44:33+00:00\",\"description\":\"Compra Gscb1 Lector De Codigo De Barras \/ 1d \/ Led Ccd \/ Usb \/ Con Base \/ Negro + Env\u00edo a domicilio + Pago seguro + Garant\u00eda\",\"breadcrumb\":{\"@id\":\"https:\/\/compuviper.mx\/tienda\/producto\/ghia-gscb1-lector-de-codigo-de-barras-1d-led-ccd-usb-con-base-negro\/#breadcrumb\"},\"inLanguage\":\"es-MX\",\"potentialAction\":[{\"@type\":\"ReadAction\",\"target\":[\"https:\/\/compuviper.mx\/tienda\/producto\/ghia-gscb1-lector-de-codigo-de-barras-1d-led-ccd-usb-con-base-negro\/\"]}]},{\"@type\":\"BreadcrumbList\",\"@id\":\"https:\/\/compuviper.mx\/tienda\/producto\/ghia-gscb1-lector-de-codigo-de-barras-1d-led-ccd-usb-con-base-negro\/#breadcrumb\",\"itemListElement\":[{\"@type\":\"ListItem\",\"position\":1,\"name\":\"Inicio\",\"item\":\"https:\/\/compuviper.mx\/tienda\/\"},{\"@type\":\"ListItem\",\"position\":2,\"name\":\"Productos\",\"item\":\"https:\/\/compuviper.mx\/tienda\/productos\/\"},{\"@type\":\"ListItem\",\"position\":3,\"name\":\"Lector De Codigos\",\"item\":\"https:\/\/compuviper.mx\/tienda\/categoria-producto\/lector-de-codigos\/\"},{\"@type\":\"ListItem\",\"position\":4,\"name\":\"Ccd\",\"item\":\"https:\/\/compuviper.mx\/tienda\/categoria-producto\/lector-de-codigos\/ccd\/\"},{\"@type\":\"ListItem\",\"position\":5,\"name\":\"Ghia Gscb1 Lector De Codigo De Barras \/ 1d \/ Led Ccd \/ Usb \/ Con Base \/ Negro\"}]},{\"@type\":\"WebSite\",\"@id\":\"https:\/\/compuviper.mx\/tienda\/#website\",\"url\":\"https:\/\/compuviper.mx\/tienda\/\",\"name\":\"Compuviper\",\"description\":\"Proveedor de Computadoras, Laptops, Servidores, Monitores, Puntos de Venta, Teclados,   Impresoras, T\u00f3ner, C\u00e1maras de Seguridad y m\u00e1s en tu tienda en l\u00ednea\",\"publisher\":{\"@id\":\"https:\/\/compuviper.mx\/tienda\/#organization\"},\"potentialAction\":[{\"@type\":\"SearchAction\",\"target\":{\"@type\":\"EntryPoint\",\"urlTemplate\":\"https:\/\/compuviper.mx\/tienda\/?s={search_term_string}\"},\"query-input\":\"required name=search_term_string\"}],\"inLanguage\":\"es-MX\"},{\"@type\":\"Organization\",\"@id\":\"https:\/\/compuviper.mx\/tienda\/#organization\",\"name\":\"Compuviper\",\"url\":\"https:\/\/compuviper.mx\/tienda\/\",\"logo\":{\"@type\":\"ImageObject\",\"inLanguage\":\"es-MX\",\"@id\":\"https:\/\/compuviper.mx\/tienda\/#\/schema\/logo\/image\/\",\"url\":\"https:\/\/compuviper.mx\/tienda\/wp-content\/uploads\/2021\/08\/Logo-Compuviper-10.png\",\"contentUrl\":\"https:\/\/compuviper.mx\/tienda\/wp-content\/uploads\/2021\/08\/Logo-Compuviper-10.png\",\"width\":1000,\"height\":500,\"caption\":\"Compuviper\"},\"image\":{\"@id\":\"https:\/\/compuviper.mx\/tienda\/#\/schema\/logo\/image\/\"},\"sameAs\":[\"https:\/\/www.facebook.com\/compuviper\",\"https:\/\/www.youtube.com\/channel\/UCf73dERp9Y3cfOq7q8BhLjA?view_as=subscriber\"]}]}<\/script>\n<meta property=\"product:brand\" content=\"GHIA\" \/>\n<meta property=\"product:price:amount\" content=\"486\" \/>\n<meta property=\"product:price:currency\" content=\"MXN\" \/>\n<meta property=\"og:availability\" content=\"instock\" \/>\n<meta property=\"product:availability\" content=\"instock\" \/>\n<meta property=\"product:retailer_item_id\" content=\"GSCB1\" \/>\n<meta property=\"product:condition\" content=\"new\" \/>\n<!-- \/ Yoast SEO plugin. -->","yoast_head_json":{"title":"[ Ghia ] &#129351; Gscb1 Lector De Codigo De Barras \/ 1d \/ Led Ccd \/ Usb \/ Con Base \/ Negro","description":"Compra Gscb1 Lector De Codigo De Barras \/ 1d \/ Led Ccd \/ Usb \/ Con Base \/ Negro + Env\u00edo a domicilio + Pago seguro + Garant\u00eda","robots":{"index":"index","follow":"follow","max-snippet":"max-snippet:-1","max-image-preview":"max-image-preview:large","max-video-preview":"max-video-preview:-1"},"canonical":"https:\/\/compuviper.mx\/tienda\/producto\/ghia-gscb1-lector-de-codigo-de-barras-1d-led-ccd-usb-con-base-negro\/","og_locale":"es_MX","og_type":"article","og_title":"[ Ghia ] &#129351; Gscb1 Lector De Codigo De Barras \/ 1d \/ Led Ccd \/ Usb \/ Con Base \/ Negro","og_description":"Compra Gscb1 Lector De Codigo De Barras \/ 1d \/ Led Ccd \/ Usb \/ Con Base \/ Negro + Env\u00edo a domicilio + Pago seguro + Garant\u00eda","og_url":"https:\/\/compuviper.mx\/tienda\/producto\/ghia-gscb1-lector-de-codigo-de-barras-1d-led-ccd-usb-con-base-negro\/","og_site_name":"Compuviper","article_publisher":"https:\/\/www.facebook.com\/compuviper","og_image":[{"width":200,"height":200,"url":"https:\/\/compuviper.mx\/tienda\/wp-content\/uploads\/2025\/07\/Lector-de-codigo-de-barras-ghia-gscb1-1d-led-ccd-usb-con-base-negro.jpg","type":"image\/jpeg"}],"twitter_card":"summary_large_image","twitter_misc":{"Precio":"&#36;486 con IVA","Availability":"In stock"},"schema":{"@context":"https:\/\/schema.org","@graph":[{"@type":"WebPage","@id":"https:\/\/compuviper.mx\/tienda\/producto\/ghia-gscb1-lector-de-codigo-de-barras-1d-led-ccd-usb-con-base-negro\/","url":"https:\/\/compuviper.mx\/tienda\/producto\/ghia-gscb1-lector-de-codigo-de-barras-1d-led-ccd-usb-con-base-negro\/","name":"[ Ghia ] &#129351; Gscb1 Lector De Codigo De Barras \/ 1d \/ Led Ccd \/ Usb \/ Con Base \/ Negro","isPartOf":{"@id":"https:\/\/compuviper.mx\/tienda\/#website"},"datePublished":"2026-04-07T06:44:33+00:00","dateModified":"2026-04-07T06:44:33+00:00","description":"Compra Gscb1 Lector De Codigo De Barras \/ 1d \/ Led Ccd \/ Usb \/ Con Base \/ Negro + Env\u00edo a domicilio + Pago seguro + Garant\u00eda","breadcrumb":{"@id":"https:\/\/compuviper.mx\/tienda\/producto\/ghia-gscb1-lector-de-codigo-de-barras-1d-led-ccd-usb-con-base-negro\/#breadcrumb"},"inLanguage":"es-MX","potentialAction":[{"@type":"ReadAction","target":["https:\/\/compuviper.mx\/tienda\/producto\/ghia-gscb1-lector-de-codigo-de-barras-1d-led-ccd-usb-con-base-negro\/"]}]},{"@type":"BreadcrumbList","@id":"https:\/\/compuviper.mx\/tienda\/producto\/ghia-gscb1-lector-de-codigo-de-barras-1d-led-ccd-usb-con-base-negro\/#breadcrumb","itemListElement":[{"@type":"ListItem","position":1,"name":"Inicio","item":"https:\/\/compuviper.mx\/tienda\/"},{"@type":"ListItem","position":2,"name":"Productos","item":"https:\/\/compuviper.mx\/tienda\/productos\/"},{"@type":"ListItem","position":3,"name":"Lector De Codigos","item":"https:\/\/compuviper.mx\/tienda\/categoria-producto\/lector-de-codigos\/"},{"@type":"ListItem","position":4,"name":"Ccd","item":"https:\/\/compuviper.mx\/tienda\/categoria-producto\/lector-de-codigos\/ccd\/"},{"@type":"ListItem","position":5,"name":"Ghia Gscb1 Lector De Codigo De Barras \/ 1d \/ Led Ccd \/ Usb \/ Con Base \/ Negro"}]},{"@type":"WebSite","@id":"https:\/\/compuviper.mx\/tienda\/#website","url":"https:\/\/compuviper.mx\/tienda\/","name":"Compuviper","description":"Proveedor de Computadoras, Laptops, Servidores, Monitores, Puntos de Venta, Teclados,   Impresoras, T\u00f3ner, C\u00e1maras de Seguridad y m\u00e1s en tu tienda en l\u00ednea","publisher":{"@id":"https:\/\/compuviper.mx\/tienda\/#organization"},"potentialAction":[{"@type":"SearchAction","target":{"@type":"EntryPoint","urlTemplate":"https:\/\/compuviper.mx\/tienda\/?s={search_term_string}"},"query-input":"required name=search_term_string"}],"inLanguage":"es-MX"},{"@type":"Organization","@id":"https:\/\/compuviper.mx\/tienda\/#organization","name":"Compuviper","url":"https:\/\/compuviper.mx\/tienda\/","logo":{"@type":"ImageObject","inLanguage":"es-MX","@id":"https:\/\/compuviper.mx\/tienda\/#\/schema\/logo\/image\/","url":"https:\/\/compuviper.mx\/tienda\/wp-content\/uploads\/2021\/08\/Logo-Compuviper-10.png","contentUrl":"https:\/\/compuviper.mx\/tienda\/wp-content\/uploads\/2021\/08\/Logo-Compuviper-10.png","width":1000,"height":500,"caption":"Compuviper"},"image":{"@id":"https:\/\/compuviper.mx\/tienda\/#\/schema\/logo\/image\/"},"sameAs":["https:\/\/www.facebook.com\/compuviper","https:\/\/www.youtube.com\/channel\/UCf73dERp9Y3cfOq7q8BhLjA?view_as=subscriber"]}]},"product_brand":"GHIA","product_price_amount":"486","product_price_currency":"MXN","og_availability":"instock","product_availability":"instock","product_retailer_item_id":"GSCB1","product_condition":"new"},"_links":{"self":[{"href":"https:\/\/compuviper.mx\/tienda\/wp-json\/wp\/v2\/product\/254675"}],"collection":[{"href":"https:\/\/compuviper.mx\/tienda\/wp-json\/wp\/v2\/product"}],"about":[{"href":"https:\/\/compuviper.mx\/tienda\/wp-json\/wp\/v2\/types\/product"}],"replies":[{"embeddable":true,"href":"https:\/\/compuviper.mx\/tienda\/wp-json\/wp\/v2\/comments?post=254675"}],"wp:featuredmedia":[{"embeddable":true,"href":"https:\/\/compuviper.mx\/tienda\/wp-json\/wp\/v2\/media\/254676"}],"wp:attachment":[{"href":"https:\/\/compuviper.mx\/tienda\/wp-json\/wp\/v2\/media?parent=254675"}],"wp:term":[{"taxonomy":"product_cat","embeddable":true,"href":"https:\/\/compuviper.mx\/tienda\/wp-json\/wp\/v2\/product_cat?post=254675"},{"taxonomy":"product_tag","embeddable":true,"href":"https:\/\/compuviper.mx\/tienda\/wp-json\/wp\/v2\/product_tag?post=254675"}],"curies":[{"name":"wp","href":"https:\/\/api.w.org\/{rel}","templated":true}]}}