{"id":254617,"date":"2026-04-16T01:55:39","date_gmt":"2026-04-16T07:55:39","guid":{"rendered":"https:\/\/compuviper.mx\/tienda\/producto\/synology-ds1825-nas-8-bahias-ampliables-hasta-18-nucleo-cuadruple-2-2ghz-8gb-ddr4-ampliable-a-32gb-2-5gbe-lan-x2-usb-3-2-x3-hot-swap-soporta-m-2-2280-nvme-no-incluye-discos\/"},"modified":"2026-04-16T01:55:39","modified_gmt":"2026-04-16T07:55:39","slug":"synology-ds1825-nas-8-bahias-ampliable-hasta-18-nucleo-cuadruple-2-2ghz-8gb-ddr4-hasta-32gb-2-5gbe-lan-x2-usb-3-2-x3-hot-swap-soporta-m-2-2280-nvme-no-incluye-discos","status":"publish","type":"product","link":"https:\/\/compuviper.mx\/tienda\/producto\/synology-ds1825-nas-8-bahias-ampliable-hasta-18-nucleo-cuadruple-2-2ghz-8gb-ddr4-hasta-32gb-2-5gbe-lan-x2-usb-3-2-x3-hot-swap-soporta-m-2-2280-nvme-no-incluye-discos\/","title":{"rendered":"Synology Ds1825+ Nas   \/8 Bahias Ampliable Hasta 18\/nucleo Cuadruple 2.2ghz\/8gb Ddr4 Hasta 32gb\/2.5gbe Lan X2\/usb 3.2 X3 \/hot-swap\/soporta M.2 2280 Nvme\/ No Incluye Discos"},"content":{"rendered":"<table class=\"descripcion\">\n<tr>\n<td>Descripcion tecnica<\/td>\n<\/tr>\n<tr>\n<td>Especificaciones de hardware<\/td>\n<\/tr>\n<tr>\n<td>Cpu<\/td>\n<\/tr>\n<tr>\n<td>Modelo de cpu amd ryzen v1500b<\/td>\n<\/tr>\n<tr>\n<td>Cantidad de cpu 1<\/td>\n<\/tr>\n<tr>\n<td>N\u00facleo de cpu 4<\/td>\n<\/tr>\n<tr>\n<td>Arquitectura de cpu 64bits<\/td>\n<\/tr>\n<tr>\n<td>Frecuencia de cpu 2.2 ghz<\/td>\n<\/tr>\n<tr>\n<td>Motor de cifrado de hardware:      si<\/td>\n<\/tr>\n<tr>\n<td>Memoria<\/td>\n<\/tr>\n<tr>\n<td>Memoria del sistema 8 gb ddr4 ecc sodimm<\/td>\n<\/tr>\n<tr>\n<td>M\u00f3dulo de memoria preinstalado 8 gb (8 gb x 1)<\/td>\n<\/tr>\n<tr>\n<td>Ranuras de memoria totales 2<\/td>\n<\/tr>\n<tr>\n<td>Capacidad de memoria m\u00e1xima 32 gb (16 gb x 2)<\/td>\n<\/tr>\n<tr>\n<td>Notas<\/td>\n<\/tr>\n<tr>\n<td>Synology se reserva el derecho a sustituir m\u00f3dulos de memoria con la misma frecuencia o una frecuencia mayor, en funci\u00f3n del estado del ciclo de vida del producto del proveedor. aseg\u00farese de que la compatibilidad y la estabilidad se han comprobado rigurosamente con los mismos criterios para garantizar que el rendimiento sea id\u00e9ntico.<\/td>\n<\/tr>\n<tr>\n<td>Seleccione m\u00f3dulos de memoria de synology para disfrutar de una compatibilidad y fiabilidad \u00f3ptimas. synology no ofrecer\u00e1 servicio de soporte t\u00e9cnico ni la garant\u00eda del producto en su totalidad si se utilizan m\u00f3dulos de memoria de un fabricante distinto de synology para la ampliaci\u00f3n de la memoria.<\/td>\n<\/tr>\n<tr>\n<td>Almacenamiento<\/td>\n<\/tr>\n<tr>\n<td>Recept\u00e1culo(s) de unidad 8<\/td>\n<\/tr>\n<tr>\n<td>Recept\u00e1culos de unidad m\u00e1x. con la unidad de expansi\u00f3n 18 (dx525 x 2)<\/td>\n<\/tr>\n<tr>\n<td>Ranuras de unidad m.2 2 (nvme)<\/td>\n<\/tr>\n<tr>\n<td>Tipo de unidad<\/td>\n<\/tr>\n<tr>\n<td>3.5 sata hdd<\/td>\n<\/tr>\n<tr>\n<td>Ssd sata de 2,5<\/td>\n<\/tr>\n<tr>\n<td>M.2 2280 nvme ssd<\/td>\n<\/tr>\n<tr>\n<td>Unidad de intercambio en caliente*:     si<\/td>\n<\/tr>\n<tr>\n<td>Notas<\/td>\n<\/tr>\n<tr>\n<td>Las ranuras m.2 ssd no admiten la funci\u00f3n de unidad intercambiable en caliente.<\/td>\n<\/tr>\n<tr>\n<td>Puertos externos<\/td>\n<\/tr>\n<tr>\n<td>Puerto rj-45 2.5gbe lan 2<\/td>\n<\/tr>\n<tr>\n<td>Puerto usb 3.2 gen 1 3<\/td>\n<\/tr>\n<tr>\n<td>Puerto de expansi\u00f3n 2<\/td>\n<\/tr>\n<tr>\n<td>Tipo de puerto de expansi\u00f3n usb type-c<\/td>\n<\/tr>\n<tr>\n<td>Pcie<\/td>\n<\/tr>\n<tr>\n<td>Expansi\u00f3n pcie 1 x gen3 x8 slot (x4 link)<\/td>\n<\/tr>\n<tr>\n<td>Apariencia<\/td>\n<\/tr>\n<tr>\n<td>Tama\u00f1o (altura x anchura x profundidad) 166 mm x 343 mm x 243 mm<\/td>\n<\/tr>\n<tr>\n<td>Peso 6 kg<\/td>\n<\/tr>\n<tr>\n<td>Otros<\/td>\n<\/tr>\n<tr>\n<td>Ventilador del sistema 120 mm x 120 mm x 2 pcs<\/td>\n<\/tr>\n<tr>\n<td>Modo de velocidad de ventilador<\/td>\n<\/tr>\n<tr>\n<td>Modo velocidad completa<\/td>\n<\/tr>\n<tr>\n<td>Modo fresco<\/td>\n<\/tr>\n<tr>\n<td>Modo silencioso<\/td>\n<\/tr>\n<tr>\n<td>F\u00e1cil sustituci\u00f3n de ventilador del sistema:     si<\/td>\n<\/tr>\n<tr>\n<td>Indicadores led delanteros con brillo regulable:      si<\/td>\n<\/tr>\n<tr>\n<td>Recuperaci\u00f3n de energ\u00eda:     si<\/td>\n<\/tr>\n<tr>\n<td>Nivel de ruido* 23.8 db(a)<\/td>\n<\/tr>\n<tr>\n<td>Encendido y apagado programado:      si<\/td>\n<\/tr>\n<tr>\n<td>Despertar con lan \/ wan:      si<\/td>\n<\/tr>\n<tr>\n<td>Fuente \/ adaptador de alimentaci\u00f3n 250 watts<\/td>\n<\/tr>\n<tr>\n<td>Voltaje de alimentaci\u00f3n de entrada ca 100v to 240v ac<\/td>\n<\/tr>\n<tr>\n<td>Frecuencia de alimentaci\u00f3n 50\/60 hz, monof\u00e1sico<\/td>\n<\/tr>\n<tr>\n<td>Consumo de energ\u00eda*<\/td>\n<\/tr>\n<tr>\n<td>60.1 watts (acceso)<\/td>\n<\/tr>\n<tr>\n<td>18.34 watts (hibernaci\u00f3n de unidad de disco duro)<\/td>\n<\/tr>\n<tr>\n<td>British thermal unit<\/td>\n<\/tr>\n<tr>\n<td>204.94 btu\/hr (acceso)<\/td>\n<\/tr>\n<tr>\n<td>62.54 btu\/hr (hibernaci\u00f3n de unidad de disco duro)<\/td>\n<\/tr>\n<tr>\n<td>Temperatura operativa 0\u00b0c a 40\u00b0c (32\u00b0f a 104\u00b0f)<\/td>\n<\/tr>\n<tr>\n<td>Temperatura de almacenamiento -20\u00b0c a 60\u00b0c (-5\u00b0f a 140\u00b0f)<\/td>\n<\/tr>\n<tr>\n<td>Humedad de funcionamiento 8% a 80% rh<\/td>\n<\/tr>\n<tr>\n<td>Humedad de almacenamiento 5% a 95% rh<\/td>\n<\/tr>\n<tr>\n<td>Certificaci\u00f3n<\/td>\n<\/tr>\n<tr>\n<td>Fcc<\/td>\n<\/tr>\n<tr>\n<td>Ce<\/td>\n<\/tr>\n<tr>\n<td>Bsmi<\/td>\n<\/tr>\n<tr>\n<td>Vcci<\/td>\n<\/tr>\n<tr>\n<td>Rcm<\/td>\n<\/tr>\n<tr>\n<td>Ukca<\/td>\n<\/tr>\n<tr>\n<td>Eac<\/td>\n<\/tr>\n<tr>\n<td>Ccc<\/td>\n<\/tr>\n<tr>\n<td>Kc<\/td>\n<\/tr>\n<tr>\n<td>Bis<\/td>\n<\/tr>\n<tr>\n<td>Garant\u00eda<\/td>\n<\/tr>\n<tr>\n<td>Garant\u00eda de hardware de 3 a\u00f1os<\/td>\n<\/tr>\n<tr>\n<td>Entorno<\/td>\n<\/tr>\n<tr>\n<td>Conforme con rohs<\/td>\n<\/tr>\n<tr>\n<td>Contenido del paquete<\/td>\n<\/tr>\n<tr>\n<td>Unidad principal x 1<\/td>\n<\/tr>\n<tr>\n<td>Paquete de accesorios x 1<\/td>\n<\/tr>\n<tr>\n<td>Cable de alimentaci\u00f3n ca x 1<\/td>\n<\/tr>\n<tr>\n<td>Cable rj-45 lan x 2<\/td>\n<\/tr>\n<tr>\n<td>Accesorios opcionales<\/td>\n<\/tr>\n<tr>\n<td>Ddr4 ecc sodimm: d4es03-8g\/d4es03-16g<\/td>\n<\/tr>\n<tr>\n<td>Unidades de expansi\u00f3n: dx525<\/td>\n<\/tr>\n<tr>\n<td>Hdd sata de 3,5 serie enterprise: serie hat5300<\/td>\n<\/tr>\n<tr>\n<td>Hdd sata de 3,5 serie plus: serie hat3300<\/td>\n<\/tr>\n<tr>\n<td>Ssd sata de 2,5 serie enterprise: serie sat5200<\/td>\n<\/tr>\n<tr>\n<td>Ssd nvme m.2 2280 serie enterprise: serie snv3400  and  snv5400<\/td>\n<\/tr>\n<tr>\n<td>25gbe tarjeta de interfaz de red: e25g30-f2<\/td>\n<\/tr>\n<tr>\n<td>10gbe tarjeta de interfaz de red: e10g30-f2\/e10g30-t2\/e10g18-t1<\/td>\n<\/tr>\n<\/table>\n","protected":false},"excerpt":{"rendered":"<p>Descripcion comercial. El ds1825 es una soluci\u00f3n de almacenamiento vers\u00e1til de 8 bah\u00edas dise\u00f1ada para almacenar y proteger datos. El soporte flexible para velocidades de red m\u00e1s r\u00e1pidas y la expansi\u00f3n de capacidad hacen que el ds1825 sea ideal para empresas que necesitan una soluci\u00f3n de almacenamiento escalable y personalizable para sus crecientes necesidades de datos. Impulsado por synology diskstation manager dsm, este dispositivo es una soluci\u00f3n flexible todo en uno para compartir datos, sincronizaci\u00f3n, respaldo y vigilancia.<\/p>\n","protected":false},"featured_media":260764,"comment_status":"open","ping_status":"open","template":"","meta":[],"product_cat":[1803,1804],"product_tag":[1561],"acf":[],"yoast_head":"<!-- This site is optimized with the Yoast SEO plugin v21.7 - https:\/\/yoast.com\/wordpress\/plugins\/seo\/ -->\n<title>[ Synology ] &#129351; Ds1825+ Nas \/8 Bahias Ampliable Hasta 18\/nucleo Cuadruple 2.2ghz\/8gb Ddr4 Hasta 32gb\/2.5gbe Lan X2\/usb 3.2 X3 \/hot-swap\/soporta M.2 2280 Nvme\/ No Incluye Discos<\/title>\n<meta name=\"description\" content=\"Compra Ds1825+ Nas \/8 Bahias Ampliable Hasta 18\/nucleo Cuadruple 2.2ghz\/8gb Ddr4 Hasta 32gb\/2.5gbe Lan X2\/usb 3.2 X3 \/hot-swap\/soporta M.2 2280 Nvme\/ No Incluye Discos + Env\u00edo a domicilio + Pago seguro + Garant\u00eda\" \/>\n<meta name=\"robots\" content=\"index, follow, max-snippet:-1, max-image-preview:large, max-video-preview:-1\" \/>\n<link rel=\"canonical\" href=\"https:\/\/compuviper.mx\/tienda\/producto\/synology-ds1825-nas-8-bahias-ampliable-hasta-18-nucleo-cuadruple-2-2ghz-8gb-ddr4-hasta-32gb-2-5gbe-lan-x2-usb-3-2-x3-hot-swap-soporta-m-2-2280-nvme-no-incluye-discos\/\" \/>\n<meta property=\"og:locale\" content=\"es_MX\" \/>\n<meta property=\"og:type\" content=\"article\" \/>\n<meta property=\"og:title\" content=\"[ Synology ] &#129351; Ds1825+ Nas \/8 Bahias Ampliable Hasta 18\/nucleo Cuadruple 2.2ghz\/8gb Ddr4 Hasta 32gb\/2.5gbe Lan X2\/usb 3.2 X3 \/hot-swap\/soporta M.2 2280 Nvme\/ No Incluye Discos\" \/>\n<meta property=\"og:description\" content=\"Compra Ds1825+ Nas \/8 Bahias Ampliable Hasta 18\/nucleo Cuadruple 2.2ghz\/8gb Ddr4 Hasta 32gb\/2.5gbe Lan X2\/usb 3.2 X3 \/hot-swap\/soporta M.2 2280 Nvme\/ No Incluye Discos + Env\u00edo a domicilio + Pago seguro + Garant\u00eda\" \/>\n<meta property=\"og:url\" content=\"https:\/\/compuviper.mx\/tienda\/producto\/synology-ds1825-nas-8-bahias-ampliable-hasta-18-nucleo-cuadruple-2-2ghz-8gb-ddr4-hasta-32gb-2-5gbe-lan-x2-usb-3-2-x3-hot-swap-soporta-m-2-2280-nvme-no-incluye-discos\/\" \/>\n<meta property=\"og:site_name\" content=\"Compuviper\" \/>\n<meta property=\"article:publisher\" content=\"https:\/\/www.facebook.com\/compuviper\" \/>\n<meta property=\"og:image\" content=\"https:\/\/compuviper.mx\/tienda\/wp-content\/uploads\/2025\/10\/Nas-synology-ds1825-8-bahias-ampliables-hasta-18nucleo-cuadruple-2.2ghz8gb-ddr4-ampliable-a-32gb2.5gbe-lan-x2usb-3.2-x3-hot-swapsoporta-m.2-2280-nvme-no-incluye-discos.jpg\" \/>\n\t<meta property=\"og:image:width\" content=\"200\" \/>\n\t<meta property=\"og:image:height\" content=\"200\" \/>\n\t<meta property=\"og:image:type\" content=\"image\/jpeg\" \/>\n<meta name=\"twitter:card\" content=\"summary_large_image\" \/>\n<meta name=\"twitter:label1\" content=\"Precio\" \/>\n\t<meta name=\"twitter:data1\" content=\"&#36;23,083 con IVA\" \/>\n\t<meta name=\"twitter:label2\" content=\"Availability\" \/>\n\t<meta name=\"twitter:data2\" content=\"In stock\" \/>\n<script type=\"application\/ld+json\" class=\"yoast-schema-graph\">{\"@context\":\"https:\/\/schema.org\",\"@graph\":[{\"@type\":\"WebPage\",\"@id\":\"https:\/\/compuviper.mx\/tienda\/producto\/synology-ds1825-nas-8-bahias-ampliable-hasta-18-nucleo-cuadruple-2-2ghz-8gb-ddr4-hasta-32gb-2-5gbe-lan-x2-usb-3-2-x3-hot-swap-soporta-m-2-2280-nvme-no-incluye-discos\/\",\"url\":\"https:\/\/compuviper.mx\/tienda\/producto\/synology-ds1825-nas-8-bahias-ampliable-hasta-18-nucleo-cuadruple-2-2ghz-8gb-ddr4-hasta-32gb-2-5gbe-lan-x2-usb-3-2-x3-hot-swap-soporta-m-2-2280-nvme-no-incluye-discos\/\",\"name\":\"[ Synology ] &#129351; Ds1825+ Nas \/8 Bahias Ampliable Hasta 18\/nucleo Cuadruple 2.2ghz\/8gb Ddr4 Hasta 32gb\/2.5gbe Lan X2\/usb 3.2 X3 \/hot-swap\/soporta M.2 2280 Nvme\/ No Incluye Discos\",\"isPartOf\":{\"@id\":\"https:\/\/compuviper.mx\/tienda\/#website\"},\"datePublished\":\"2026-04-16T07:55:39+00:00\",\"dateModified\":\"2026-04-16T07:55:39+00:00\",\"description\":\"Compra Ds1825+ Nas \/8 Bahias Ampliable Hasta 18\/nucleo Cuadruple 2.2ghz\/8gb Ddr4 Hasta 32gb\/2.5gbe Lan X2\/usb 3.2 X3 \/hot-swap\/soporta M.2 2280 Nvme\/ No Incluye Discos + Env\u00edo a domicilio + Pago seguro + Garant\u00eda\",\"breadcrumb\":{\"@id\":\"https:\/\/compuviper.mx\/tienda\/producto\/synology-ds1825-nas-8-bahias-ampliable-hasta-18-nucleo-cuadruple-2-2ghz-8gb-ddr4-hasta-32gb-2-5gbe-lan-x2-usb-3-2-x3-hot-swap-soporta-m-2-2280-nvme-no-incluye-discos\/#breadcrumb\"},\"inLanguage\":\"es-MX\",\"potentialAction\":[{\"@type\":\"ReadAction\",\"target\":[\"https:\/\/compuviper.mx\/tienda\/producto\/synology-ds1825-nas-8-bahias-ampliable-hasta-18-nucleo-cuadruple-2-2ghz-8gb-ddr4-hasta-32gb-2-5gbe-lan-x2-usb-3-2-x3-hot-swap-soporta-m-2-2280-nvme-no-incluye-discos\/\"]}]},{\"@type\":\"BreadcrumbList\",\"@id\":\"https:\/\/compuviper.mx\/tienda\/producto\/synology-ds1825-nas-8-bahias-ampliable-hasta-18-nucleo-cuadruple-2-2ghz-8gb-ddr4-hasta-32gb-2-5gbe-lan-x2-usb-3-2-x3-hot-swap-soporta-m-2-2280-nvme-no-incluye-discos\/#breadcrumb\",\"itemListElement\":[{\"@type\":\"ListItem\",\"position\":1,\"name\":\"Inicio\",\"item\":\"https:\/\/compuviper.mx\/tienda\/\"},{\"@type\":\"ListItem\",\"position\":2,\"name\":\"Productos\",\"item\":\"https:\/\/compuviper.mx\/tienda\/productos\/\"},{\"@type\":\"ListItem\",\"position\":3,\"name\":\"Almacenamiento\",\"item\":\"https:\/\/compuviper.mx\/tienda\/categoria-producto\/almacenamiento\/\"},{\"@type\":\"ListItem\",\"position\":4,\"name\":\"Sistema De Almacenamiento\",\"item\":\"https:\/\/compuviper.mx\/tienda\/categoria-producto\/almacenamiento\/sistema-de-almacenamiento\/\"},{\"@type\":\"ListItem\",\"position\":5,\"name\":\"Synology Ds1825+ Nas \/8 Bahias Ampliable Hasta 18\/nucleo Cuadruple 2.2ghz\/8gb Ddr4 Hasta 32gb\/2.5gbe Lan X2\/usb 3.2 X3 \/hot-swap\/soporta M.2 2280 Nvme\/ No Incluye Discos\"}]},{\"@type\":\"WebSite\",\"@id\":\"https:\/\/compuviper.mx\/tienda\/#website\",\"url\":\"https:\/\/compuviper.mx\/tienda\/\",\"name\":\"Compuviper\",\"description\":\"Proveedor de Computadoras, Laptops, Servidores, Monitores, Puntos de Venta, Teclados,   Impresoras, T\u00f3ner, C\u00e1maras de Seguridad y m\u00e1s en tu tienda en l\u00ednea\",\"publisher\":{\"@id\":\"https:\/\/compuviper.mx\/tienda\/#organization\"},\"potentialAction\":[{\"@type\":\"SearchAction\",\"target\":{\"@type\":\"EntryPoint\",\"urlTemplate\":\"https:\/\/compuviper.mx\/tienda\/?s={search_term_string}\"},\"query-input\":\"required name=search_term_string\"}],\"inLanguage\":\"es-MX\"},{\"@type\":\"Organization\",\"@id\":\"https:\/\/compuviper.mx\/tienda\/#organization\",\"name\":\"Compuviper\",\"url\":\"https:\/\/compuviper.mx\/tienda\/\",\"logo\":{\"@type\":\"ImageObject\",\"inLanguage\":\"es-MX\",\"@id\":\"https:\/\/compuviper.mx\/tienda\/#\/schema\/logo\/image\/\",\"url\":\"https:\/\/compuviper.mx\/tienda\/wp-content\/uploads\/2021\/08\/Logo-Compuviper-10.png\",\"contentUrl\":\"https:\/\/compuviper.mx\/tienda\/wp-content\/uploads\/2021\/08\/Logo-Compuviper-10.png\",\"width\":1000,\"height\":500,\"caption\":\"Compuviper\"},\"image\":{\"@id\":\"https:\/\/compuviper.mx\/tienda\/#\/schema\/logo\/image\/\"},\"sameAs\":[\"https:\/\/www.facebook.com\/compuviper\",\"https:\/\/www.youtube.com\/channel\/UCf73dERp9Y3cfOq7q8BhLjA?view_as=subscriber\"]}]}<\/script>\n<meta property=\"product:brand\" content=\"SYNOLOGY\" \/>\n<meta property=\"product:price:amount\" content=\"23083\" \/>\n<meta property=\"product:price:currency\" content=\"MXN\" \/>\n<meta property=\"og:availability\" content=\"instock\" \/>\n<meta property=\"product:availability\" content=\"instock\" \/>\n<meta property=\"product:retailer_item_id\" content=\"DS1825+\" \/>\n<meta property=\"product:condition\" content=\"new\" \/>\n<!-- \/ Yoast SEO plugin. -->","yoast_head_json":{"title":"[ Synology ] &#129351; Ds1825+ Nas \/8 Bahias Ampliable Hasta 18\/nucleo Cuadruple 2.2ghz\/8gb Ddr4 Hasta 32gb\/2.5gbe Lan X2\/usb 3.2 X3 \/hot-swap\/soporta M.2 2280 Nvme\/ No Incluye Discos","description":"Compra Ds1825+ Nas \/8 Bahias Ampliable Hasta 18\/nucleo Cuadruple 2.2ghz\/8gb Ddr4 Hasta 32gb\/2.5gbe Lan X2\/usb 3.2 X3 \/hot-swap\/soporta M.2 2280 Nvme\/ No Incluye Discos + Env\u00edo a domicilio + Pago seguro + Garant\u00eda","robots":{"index":"index","follow":"follow","max-snippet":"max-snippet:-1","max-image-preview":"max-image-preview:large","max-video-preview":"max-video-preview:-1"},"canonical":"https:\/\/compuviper.mx\/tienda\/producto\/synology-ds1825-nas-8-bahias-ampliable-hasta-18-nucleo-cuadruple-2-2ghz-8gb-ddr4-hasta-32gb-2-5gbe-lan-x2-usb-3-2-x3-hot-swap-soporta-m-2-2280-nvme-no-incluye-discos\/","og_locale":"es_MX","og_type":"article","og_title":"[ Synology ] &#129351; Ds1825+ Nas \/8 Bahias Ampliable Hasta 18\/nucleo Cuadruple 2.2ghz\/8gb Ddr4 Hasta 32gb\/2.5gbe Lan X2\/usb 3.2 X3 \/hot-swap\/soporta M.2 2280 Nvme\/ No Incluye Discos","og_description":"Compra Ds1825+ Nas \/8 Bahias Ampliable Hasta 18\/nucleo Cuadruple 2.2ghz\/8gb Ddr4 Hasta 32gb\/2.5gbe Lan X2\/usb 3.2 X3 \/hot-swap\/soporta M.2 2280 Nvme\/ No Incluye Discos + Env\u00edo a domicilio + Pago seguro + Garant\u00eda","og_url":"https:\/\/compuviper.mx\/tienda\/producto\/synology-ds1825-nas-8-bahias-ampliable-hasta-18-nucleo-cuadruple-2-2ghz-8gb-ddr4-hasta-32gb-2-5gbe-lan-x2-usb-3-2-x3-hot-swap-soporta-m-2-2280-nvme-no-incluye-discos\/","og_site_name":"Compuviper","article_publisher":"https:\/\/www.facebook.com\/compuviper","og_image":[{"width":200,"height":200,"url":"https:\/\/compuviper.mx\/tienda\/wp-content\/uploads\/2025\/10\/Nas-synology-ds1825-8-bahias-ampliables-hasta-18nucleo-cuadruple-2.2ghz8gb-ddr4-ampliable-a-32gb2.5gbe-lan-x2usb-3.2-x3-hot-swapsoporta-m.2-2280-nvme-no-incluye-discos.jpg","type":"image\/jpeg"}],"twitter_card":"summary_large_image","twitter_misc":{"Precio":"&#36;23,083 con IVA","Availability":"In stock"},"schema":{"@context":"https:\/\/schema.org","@graph":[{"@type":"WebPage","@id":"https:\/\/compuviper.mx\/tienda\/producto\/synology-ds1825-nas-8-bahias-ampliable-hasta-18-nucleo-cuadruple-2-2ghz-8gb-ddr4-hasta-32gb-2-5gbe-lan-x2-usb-3-2-x3-hot-swap-soporta-m-2-2280-nvme-no-incluye-discos\/","url":"https:\/\/compuviper.mx\/tienda\/producto\/synology-ds1825-nas-8-bahias-ampliable-hasta-18-nucleo-cuadruple-2-2ghz-8gb-ddr4-hasta-32gb-2-5gbe-lan-x2-usb-3-2-x3-hot-swap-soporta-m-2-2280-nvme-no-incluye-discos\/","name":"[ Synology ] &#129351; Ds1825+ Nas \/8 Bahias Ampliable Hasta 18\/nucleo Cuadruple 2.2ghz\/8gb Ddr4 Hasta 32gb\/2.5gbe Lan X2\/usb 3.2 X3 \/hot-swap\/soporta M.2 2280 Nvme\/ No Incluye Discos","isPartOf":{"@id":"https:\/\/compuviper.mx\/tienda\/#website"},"datePublished":"2026-04-16T07:55:39+00:00","dateModified":"2026-04-16T07:55:39+00:00","description":"Compra Ds1825+ Nas \/8 Bahias Ampliable Hasta 18\/nucleo Cuadruple 2.2ghz\/8gb Ddr4 Hasta 32gb\/2.5gbe Lan X2\/usb 3.2 X3 \/hot-swap\/soporta M.2 2280 Nvme\/ No Incluye Discos + Env\u00edo a domicilio + Pago seguro + Garant\u00eda","breadcrumb":{"@id":"https:\/\/compuviper.mx\/tienda\/producto\/synology-ds1825-nas-8-bahias-ampliable-hasta-18-nucleo-cuadruple-2-2ghz-8gb-ddr4-hasta-32gb-2-5gbe-lan-x2-usb-3-2-x3-hot-swap-soporta-m-2-2280-nvme-no-incluye-discos\/#breadcrumb"},"inLanguage":"es-MX","potentialAction":[{"@type":"ReadAction","target":["https:\/\/compuviper.mx\/tienda\/producto\/synology-ds1825-nas-8-bahias-ampliable-hasta-18-nucleo-cuadruple-2-2ghz-8gb-ddr4-hasta-32gb-2-5gbe-lan-x2-usb-3-2-x3-hot-swap-soporta-m-2-2280-nvme-no-incluye-discos\/"]}]},{"@type":"BreadcrumbList","@id":"https:\/\/compuviper.mx\/tienda\/producto\/synology-ds1825-nas-8-bahias-ampliable-hasta-18-nucleo-cuadruple-2-2ghz-8gb-ddr4-hasta-32gb-2-5gbe-lan-x2-usb-3-2-x3-hot-swap-soporta-m-2-2280-nvme-no-incluye-discos\/#breadcrumb","itemListElement":[{"@type":"ListItem","position":1,"name":"Inicio","item":"https:\/\/compuviper.mx\/tienda\/"},{"@type":"ListItem","position":2,"name":"Productos","item":"https:\/\/compuviper.mx\/tienda\/productos\/"},{"@type":"ListItem","position":3,"name":"Almacenamiento","item":"https:\/\/compuviper.mx\/tienda\/categoria-producto\/almacenamiento\/"},{"@type":"ListItem","position":4,"name":"Sistema De Almacenamiento","item":"https:\/\/compuviper.mx\/tienda\/categoria-producto\/almacenamiento\/sistema-de-almacenamiento\/"},{"@type":"ListItem","position":5,"name":"Synology Ds1825+ Nas \/8 Bahias Ampliable Hasta 18\/nucleo Cuadruple 2.2ghz\/8gb Ddr4 Hasta 32gb\/2.5gbe Lan X2\/usb 3.2 X3 \/hot-swap\/soporta M.2 2280 Nvme\/ No Incluye Discos"}]},{"@type":"WebSite","@id":"https:\/\/compuviper.mx\/tienda\/#website","url":"https:\/\/compuviper.mx\/tienda\/","name":"Compuviper","description":"Proveedor de Computadoras, Laptops, Servidores, Monitores, Puntos de Venta, Teclados,   Impresoras, T\u00f3ner, C\u00e1maras de Seguridad y m\u00e1s en tu tienda en l\u00ednea","publisher":{"@id":"https:\/\/compuviper.mx\/tienda\/#organization"},"potentialAction":[{"@type":"SearchAction","target":{"@type":"EntryPoint","urlTemplate":"https:\/\/compuviper.mx\/tienda\/?s={search_term_string}"},"query-input":"required name=search_term_string"}],"inLanguage":"es-MX"},{"@type":"Organization","@id":"https:\/\/compuviper.mx\/tienda\/#organization","name":"Compuviper","url":"https:\/\/compuviper.mx\/tienda\/","logo":{"@type":"ImageObject","inLanguage":"es-MX","@id":"https:\/\/compuviper.mx\/tienda\/#\/schema\/logo\/image\/","url":"https:\/\/compuviper.mx\/tienda\/wp-content\/uploads\/2021\/08\/Logo-Compuviper-10.png","contentUrl":"https:\/\/compuviper.mx\/tienda\/wp-content\/uploads\/2021\/08\/Logo-Compuviper-10.png","width":1000,"height":500,"caption":"Compuviper"},"image":{"@id":"https:\/\/compuviper.mx\/tienda\/#\/schema\/logo\/image\/"},"sameAs":["https:\/\/www.facebook.com\/compuviper","https:\/\/www.youtube.com\/channel\/UCf73dERp9Y3cfOq7q8BhLjA?view_as=subscriber"]}]},"product_brand":"SYNOLOGY","product_price_amount":"23083","product_price_currency":"MXN","og_availability":"instock","product_availability":"instock","product_retailer_item_id":"DS1825+","product_condition":"new"},"_links":{"self":[{"href":"https:\/\/compuviper.mx\/tienda\/wp-json\/wp\/v2\/product\/254617"}],"collection":[{"href":"https:\/\/compuviper.mx\/tienda\/wp-json\/wp\/v2\/product"}],"about":[{"href":"https:\/\/compuviper.mx\/tienda\/wp-json\/wp\/v2\/types\/product"}],"replies":[{"embeddable":true,"href":"https:\/\/compuviper.mx\/tienda\/wp-json\/wp\/v2\/comments?post=254617"}],"wp:featuredmedia":[{"embeddable":true,"href":"https:\/\/compuviper.mx\/tienda\/wp-json\/wp\/v2\/media\/260764"}],"wp:attachment":[{"href":"https:\/\/compuviper.mx\/tienda\/wp-json\/wp\/v2\/media?parent=254617"}],"wp:term":[{"taxonomy":"product_cat","embeddable":true,"href":"https:\/\/compuviper.mx\/tienda\/wp-json\/wp\/v2\/product_cat?post=254617"},{"taxonomy":"product_tag","embeddable":true,"href":"https:\/\/compuviper.mx\/tienda\/wp-json\/wp\/v2\/product_tag?post=254617"}],"curies":[{"name":"wp","href":"https:\/\/api.w.org\/{rel}","templated":true}]}}