{"id":254610,"date":"2026-04-02T00:51:07","date_gmt":"2026-04-02T06:51:07","guid":{"rendered":"https:\/\/compuviper.mx\/tienda\/producto\/benq-9h-ln8lb-qbl-monitor-esports-xl2586-plus-24-1-1920-x-1080-a-600-hz-hdmi-2-1x3-dp-1-4x1-mini-usb-x1-audifonos-x1-tecnologia-eye-care-3-aos-de-garantia\/"},"modified":"2026-04-02T00:51:07","modified_gmt":"2026-04-02T06:51:07","slug":"benq-9h-ln8lb-qbl-monitor-esports-xl2586x-plus-24-1-1920-x-1080-a-600-hz-hdmi-2-1x3-dp-1-4x1-mini-usb-x1-audifonos-x1-tecnologia-eye-care-3-aos-de-garantia","status":"publish","type":"product","link":"https:\/\/compuviper.mx\/tienda\/producto\/benq-9h-ln8lb-qbl-monitor-esports-xl2586x-plus-24-1-1920-x-1080-a-600-hz-hdmi-2-1x3-dp-1-4x1-mini-usb-x1-audifonos-x1-tecnologia-eye-care-3-aos-de-garantia\/","title":{"rendered":"Benq 9h.ln8lb.qbl Monitor  Esports Xl2586x Plus 24.1 1920 X 1080 A 600 Hz Hdmi 2.1&#215;3 Dp 1.4&#215;1 Mini Usb X1 Audifonos X1 Tecnologia Eye Care 3 A?os De Garantia"},"content":{"rendered":"<table class=\"descripcion\">\n<tr>\n<td>Xl2586x plus<\/td>\n<\/tr>\n<tr>\n<td>Esports monitor para pc<\/td>\n<\/tr>\n<tr>\n<td>Especificaciones<\/td>\n<\/tr>\n<tr>\n<td>Color gris oscuro con acabados rojos<\/td>\n<\/tr>\n<tr>\n<td>Tamano de pantalla 24.1<\/td>\n<\/tr>\n<tr>\n<td>Tipo de iluminacion led blacklight<\/td>\n<\/tr>\n<tr>\n<td>Tipo de panel tn con antireflejo<\/td>\n<\/tr>\n<tr>\n<td>Formato 16 9<\/td>\n<\/tr>\n<tr>\n<td>Resolucion 1920 x 1080 pixeles a 600hz<\/td>\n<\/tr>\n<tr>\n<td>Dot pitch 0.279 mm<\/td>\n<\/tr>\n<tr>\n<td>Brillo 320 cd m2<\/td>\n<\/tr>\n<tr>\n<td>Contraste 1000 a 1<\/td>\n<\/tr>\n<tr>\n<td>Angulo de vision 170 160<\/td>\n<\/tr>\n<tr>\n<td>Cantidad de colores 16.7 millones<\/td>\n<\/tr>\n<tr>\n<td>Gama de color dci p3 95<\/td>\n<\/tr>\n<tr>\n<td>Temperatura de color azulado rojizo normal usuario<\/td>\n<\/tr>\n<tr>\n<td>Frecuencia vertical 24 hz 600 hz<\/td>\n<\/tr>\n<tr>\n<td>Frecuencia horizontal 30khz 840khz<\/td>\n<\/tr>\n<tr>\n<td>Video ancho de banda 1710 mhz<\/td>\n<\/tr>\n<tr>\n<td>Entradas salidas hdmi 2.1 x3 dp 1.4&#215;1 mini usb x1 audifonos in<\/td>\n<\/tr>\n<tr>\n<td>Fuente de poder integrada 100 240v<\/td>\n<\/tr>\n<tr>\n<td>Consumo de energia en espera 65w 0.5w<\/td>\n<\/tr>\n<tr>\n<td>Peso 5.9 kg<\/td>\n<\/tr>\n<tr>\n<td>Dimensiones 517.3 altura max 362.5 altura min x 576.15 x 181.68 mm<\/td>\n<\/tr>\n<tr>\n<td>Soporte vesa 100 x 100 mm<\/td>\n<\/tr>\n<tr>\n<td>Idiomas 19 idiomas<\/td>\n<\/tr>\n<tr>\n<td>Caracteristicas especiales<\/td>\n<\/tr>\n<tr>\n<td>Tec al cuidado de la vista flicker free low blue light<\/td>\n<\/tr>\n<tr>\n<td>Tec dyac2 mayor claridad y taza de actualizacion<\/td>\n<\/tr>\n<tr>\n<td>Tec ama advanced motion accelerator<\/td>\n<\/tr>\n<tr>\n<td>Modos de juegos fps1 2 y 3 game 1 2 y 3<\/td>\n<\/tr>\n<tr>\n<td>Resoluciones en pantalla 1 a 1 17 4 a 3 19 4 a 3 19 w 16 a 10 22 w 16 a 10 23 w 16 a 9 23.6 w 16 a 9 21.5 w 16 a 9 full<\/td>\n<\/tr>\n<tr>\n<td>Black equializer ecualizador de negros<\/td>\n<\/tr>\n<tr>\n<td>Ajuste de altura 155 mm<\/td>\n<\/tr>\n<tr>\n<td>Giro izq der 45 45<\/td>\n<\/tr>\n<tr>\n<td>Inclinacion arriba abajo 5 35<\/td>\n<\/tr>\n<tr>\n<td>Color vibrance<\/td>\n<\/tr>\n<tr>\n<td>K locker<\/td>\n<\/tr>\n<tr>\n<td>Paletas laterales<\/td>\n<\/tr>\n<tr>\n<td>Hdcp 1.4<\/td>\n<\/tr>\n<tr>\n<td>Xl setting to share<\/td>\n<\/tr>\n<tr>\n<td>Compatible con windows 10 windows 11<\/td>\n<\/tr>\n<tr>\n<td>Accesorios incluidos cable de poder 1.8m cable dp hdmi s switch paletas laterales garantia guia de inicio rapido declaraciones regulatorias instrucciones de seguridad<\/td>\n<\/tr>\n<\/table>\n","protected":false},"excerpt":{"rendered":"<p>Monitor esports zowie xl2586x plus con actualizacion de 600hz y tecnologia dyac 2. Frecuencia de actualizacion de 600 hz con nuevo panel tn ultra rapido. Tecnologia dyac 2. Modo de juego automatico mediante el ajuste xlshare. Nuevo ajuste de altura mediante un diseno de cojinetes de calidad industrial. Black equalizer color vibrance s switch paletas laterales<\/p>\n","protected":false},"featured_media":259955,"comment_status":"open","ping_status":"open","template":"","meta":[],"product_cat":[1740,1741],"product_tag":[1744],"acf":[],"yoast_head":"<!-- This site is optimized with the Yoast SEO plugin v21.7 - https:\/\/yoast.com\/wordpress\/plugins\/seo\/ -->\n<title>[ Benq ] &#129351; 9h.ln8lb.qbl Monitor Esports Xl2586x Plus 24.1 1920 X 1080 A 600 Hz Hdmi 2.1x3 Dp 1.4x1 Mini Usb X1 Audifonos X1 Tecnologia Eye Care 3 A\u00f1os De Garantia<\/title>\n<meta name=\"description\" content=\"Compra 9h.ln8lb.qbl Monitor Esports Xl2586x Plus 24.1 1920 X 1080 A 600 Hz Hdmi 2.1x3 Dp 1.4x1 Mini Usb X1 Audifonos X1 Tecnologia Eye Care 3 A\u00f1os De Garantia + Env\u00edo a domicilio + Pago seguro + Garant\u00eda\" \/>\n<meta name=\"robots\" content=\"index, follow, max-snippet:-1, max-image-preview:large, max-video-preview:-1\" \/>\n<link rel=\"canonical\" href=\"https:\/\/compuviper.mx\/tienda\/producto\/benq-9h-ln8lb-qbl-monitor-esports-xl2586x-plus-24-1-1920-x-1080-a-600-hz-hdmi-2-1x3-dp-1-4x1-mini-usb-x1-audifonos-x1-tecnologia-eye-care-3-aos-de-garantia\/\" \/>\n<meta property=\"og:locale\" content=\"es_MX\" \/>\n<meta property=\"og:type\" content=\"article\" \/>\n<meta property=\"og:title\" content=\"[ Benq ] &#129351; 9h.ln8lb.qbl Monitor Esports Xl2586x Plus 24.1 1920 X 1080 A 600 Hz Hdmi 2.1x3 Dp 1.4x1 Mini Usb X1 Audifonos X1 Tecnologia Eye Care 3 A\u00f1os De Garantia\" \/>\n<meta property=\"og:description\" content=\"Compra 9h.ln8lb.qbl Monitor Esports Xl2586x Plus 24.1 1920 X 1080 A 600 Hz Hdmi 2.1x3 Dp 1.4x1 Mini Usb X1 Audifonos X1 Tecnologia Eye Care 3 A\u00f1os De Garantia + Env\u00edo a domicilio + Pago seguro + Garant\u00eda\" \/>\n<meta property=\"og:url\" content=\"https:\/\/compuviper.mx\/tienda\/producto\/benq-9h-ln8lb-qbl-monitor-esports-xl2586x-plus-24-1-1920-x-1080-a-600-hz-hdmi-2-1x3-dp-1-4x1-mini-usb-x1-audifonos-x1-tecnologia-eye-care-3-aos-de-garantia\/\" \/>\n<meta property=\"og:site_name\" content=\"Compuviper\" \/>\n<meta property=\"article:publisher\" content=\"https:\/\/www.facebook.com\/compuviper\" \/>\n<meta property=\"og:image\" content=\"https:\/\/compuviper.mx\/tienda\/wp-content\/uploads\/2025\/10\/Monitor-benq-esports-xl2586x-plus-24.1-1920-x-1080-a-600-hz-hdmi-2.1x3-dp-1.4x1-mini-usb-x1-audifonos-x1-tecnologia-eye-care-3-anos-de-garantia.jpg\" \/>\n\t<meta property=\"og:image:width\" content=\"200\" \/>\n\t<meta property=\"og:image:height\" content=\"200\" \/>\n\t<meta property=\"og:image:type\" content=\"image\/jpeg\" \/>\n<meta name=\"twitter:card\" content=\"summary_large_image\" \/>\n<meta name=\"twitter:label1\" content=\"Precio\" \/>\n\t<meta name=\"twitter:data1\" content=\"&#36;24,123 con IVA\" \/>\n\t<meta name=\"twitter:label2\" content=\"Availability\" \/>\n\t<meta name=\"twitter:data2\" content=\"Out of stock\" \/>\n<script type=\"application\/ld+json\" class=\"yoast-schema-graph\">{\"@context\":\"https:\/\/schema.org\",\"@graph\":[{\"@type\":\"WebPage\",\"@id\":\"https:\/\/compuviper.mx\/tienda\/producto\/benq-9h-ln8lb-qbl-monitor-esports-xl2586x-plus-24-1-1920-x-1080-a-600-hz-hdmi-2-1x3-dp-1-4x1-mini-usb-x1-audifonos-x1-tecnologia-eye-care-3-aos-de-garantia\/\",\"url\":\"https:\/\/compuviper.mx\/tienda\/producto\/benq-9h-ln8lb-qbl-monitor-esports-xl2586x-plus-24-1-1920-x-1080-a-600-hz-hdmi-2-1x3-dp-1-4x1-mini-usb-x1-audifonos-x1-tecnologia-eye-care-3-aos-de-garantia\/\",\"name\":\"[ Benq ] &#129351; 9h.ln8lb.qbl Monitor Esports Xl2586x Plus 24.1 1920 X 1080 A 600 Hz Hdmi 2.1x3 Dp 1.4x1 Mini Usb X1 Audifonos X1 Tecnologia Eye Care 3 A\u00f1os De Garantia\",\"isPartOf\":{\"@id\":\"https:\/\/compuviper.mx\/tienda\/#website\"},\"datePublished\":\"2026-04-02T06:51:07+00:00\",\"dateModified\":\"2026-04-02T06:51:07+00:00\",\"description\":\"Compra 9h.ln8lb.qbl Monitor Esports Xl2586x Plus 24.1 1920 X 1080 A 600 Hz Hdmi 2.1x3 Dp 1.4x1 Mini Usb X1 Audifonos X1 Tecnologia Eye Care 3 A\u00f1os De Garantia + Env\u00edo a domicilio + Pago seguro + Garant\u00eda\",\"breadcrumb\":{\"@id\":\"https:\/\/compuviper.mx\/tienda\/producto\/benq-9h-ln8lb-qbl-monitor-esports-xl2586x-plus-24-1-1920-x-1080-a-600-hz-hdmi-2-1x3-dp-1-4x1-mini-usb-x1-audifonos-x1-tecnologia-eye-care-3-aos-de-garantia\/#breadcrumb\"},\"inLanguage\":\"es-MX\",\"potentialAction\":[{\"@type\":\"ReadAction\",\"target\":[\"https:\/\/compuviper.mx\/tienda\/producto\/benq-9h-ln8lb-qbl-monitor-esports-xl2586x-plus-24-1-1920-x-1080-a-600-hz-hdmi-2-1x3-dp-1-4x1-mini-usb-x1-audifonos-x1-tecnologia-eye-care-3-aos-de-garantia\/\"]}]},{\"@type\":\"BreadcrumbList\",\"@id\":\"https:\/\/compuviper.mx\/tienda\/producto\/benq-9h-ln8lb-qbl-monitor-esports-xl2586x-plus-24-1-1920-x-1080-a-600-hz-hdmi-2-1x3-dp-1-4x1-mini-usb-x1-audifonos-x1-tecnologia-eye-care-3-aos-de-garantia\/#breadcrumb\",\"itemListElement\":[{\"@type\":\"ListItem\",\"position\":1,\"name\":\"Inicio\",\"item\":\"https:\/\/compuviper.mx\/tienda\/\"},{\"@type\":\"ListItem\",\"position\":2,\"name\":\"Productos\",\"item\":\"https:\/\/compuviper.mx\/tienda\/productos\/\"},{\"@type\":\"ListItem\",\"position\":3,\"name\":\"Monitores\",\"item\":\"https:\/\/compuviper.mx\/tienda\/categoria-producto\/monitores\/\"},{\"@type\":\"ListItem\",\"position\":4,\"name\":\"Led\",\"item\":\"https:\/\/compuviper.mx\/tienda\/categoria-producto\/monitores\/led\/\"},{\"@type\":\"ListItem\",\"position\":5,\"name\":\"Benq 9h.ln8lb.qbl Monitor Esports Xl2586x Plus 24.1 1920 X 1080 A 600 Hz Hdmi 2.1&#215;3 Dp 1.4&#215;1 Mini Usb X1 Audifonos X1 Tecnologia Eye Care 3 A?os De Garantia\"}]},{\"@type\":\"WebSite\",\"@id\":\"https:\/\/compuviper.mx\/tienda\/#website\",\"url\":\"https:\/\/compuviper.mx\/tienda\/\",\"name\":\"Compuviper\",\"description\":\"Proveedor de Computadoras, Laptops, Servidores, Monitores, Puntos de Venta, Teclados,   Impresoras, T\u00f3ner, C\u00e1maras de Seguridad y m\u00e1s en tu tienda en l\u00ednea\",\"publisher\":{\"@id\":\"https:\/\/compuviper.mx\/tienda\/#organization\"},\"potentialAction\":[{\"@type\":\"SearchAction\",\"target\":{\"@type\":\"EntryPoint\",\"urlTemplate\":\"https:\/\/compuviper.mx\/tienda\/?s={search_term_string}\"},\"query-input\":\"required name=search_term_string\"}],\"inLanguage\":\"es-MX\"},{\"@type\":\"Organization\",\"@id\":\"https:\/\/compuviper.mx\/tienda\/#organization\",\"name\":\"Compuviper\",\"url\":\"https:\/\/compuviper.mx\/tienda\/\",\"logo\":{\"@type\":\"ImageObject\",\"inLanguage\":\"es-MX\",\"@id\":\"https:\/\/compuviper.mx\/tienda\/#\/schema\/logo\/image\/\",\"url\":\"https:\/\/compuviper.mx\/tienda\/wp-content\/uploads\/2021\/08\/Logo-Compuviper-10.png\",\"contentUrl\":\"https:\/\/compuviper.mx\/tienda\/wp-content\/uploads\/2021\/08\/Logo-Compuviper-10.png\",\"width\":1000,\"height\":500,\"caption\":\"Compuviper\"},\"image\":{\"@id\":\"https:\/\/compuviper.mx\/tienda\/#\/schema\/logo\/image\/\"},\"sameAs\":[\"https:\/\/www.facebook.com\/compuviper\",\"https:\/\/www.youtube.com\/channel\/UCf73dERp9Y3cfOq7q8BhLjA?view_as=subscriber\"]}]}<\/script>\n<meta property=\"product:brand\" content=\"BENQ\" \/>\n<meta property=\"product:price:amount\" content=\"24123\" \/>\n<meta property=\"product:price:currency\" content=\"MXN\" \/>\n<meta property=\"og:availability\" content=\"out of stock\" \/>\n<meta property=\"product:availability\" content=\"out of stock\" \/>\n<meta property=\"product:retailer_item_id\" content=\"9H.LN8LB.QBL\" \/>\n<meta property=\"product:condition\" content=\"new\" \/>\n<!-- \/ Yoast SEO plugin. -->","yoast_head_json":{"title":"[ Benq ] &#129351; 9h.ln8lb.qbl Monitor Esports Xl2586x Plus 24.1 1920 X 1080 A 600 Hz Hdmi 2.1x3 Dp 1.4x1 Mini Usb X1 Audifonos X1 Tecnologia Eye Care 3 A\u00f1os De Garantia","description":"Compra 9h.ln8lb.qbl Monitor Esports Xl2586x Plus 24.1 1920 X 1080 A 600 Hz Hdmi 2.1x3 Dp 1.4x1 Mini Usb X1 Audifonos X1 Tecnologia Eye Care 3 A\u00f1os De Garantia + Env\u00edo a domicilio + Pago seguro + Garant\u00eda","robots":{"index":"index","follow":"follow","max-snippet":"max-snippet:-1","max-image-preview":"max-image-preview:large","max-video-preview":"max-video-preview:-1"},"canonical":"https:\/\/compuviper.mx\/tienda\/producto\/benq-9h-ln8lb-qbl-monitor-esports-xl2586x-plus-24-1-1920-x-1080-a-600-hz-hdmi-2-1x3-dp-1-4x1-mini-usb-x1-audifonos-x1-tecnologia-eye-care-3-aos-de-garantia\/","og_locale":"es_MX","og_type":"article","og_title":"[ Benq ] &#129351; 9h.ln8lb.qbl Monitor Esports Xl2586x Plus 24.1 1920 X 1080 A 600 Hz Hdmi 2.1x3 Dp 1.4x1 Mini Usb X1 Audifonos X1 Tecnologia Eye Care 3 A\u00f1os De Garantia","og_description":"Compra 9h.ln8lb.qbl Monitor Esports Xl2586x Plus 24.1 1920 X 1080 A 600 Hz Hdmi 2.1x3 Dp 1.4x1 Mini Usb X1 Audifonos X1 Tecnologia Eye Care 3 A\u00f1os De Garantia + Env\u00edo a domicilio + Pago seguro + Garant\u00eda","og_url":"https:\/\/compuviper.mx\/tienda\/producto\/benq-9h-ln8lb-qbl-monitor-esports-xl2586x-plus-24-1-1920-x-1080-a-600-hz-hdmi-2-1x3-dp-1-4x1-mini-usb-x1-audifonos-x1-tecnologia-eye-care-3-aos-de-garantia\/","og_site_name":"Compuviper","article_publisher":"https:\/\/www.facebook.com\/compuviper","og_image":[{"width":200,"height":200,"url":"https:\/\/compuviper.mx\/tienda\/wp-content\/uploads\/2025\/10\/Monitor-benq-esports-xl2586x-plus-24.1-1920-x-1080-a-600-hz-hdmi-2.1x3-dp-1.4x1-mini-usb-x1-audifonos-x1-tecnologia-eye-care-3-anos-de-garantia.jpg","type":"image\/jpeg"}],"twitter_card":"summary_large_image","twitter_misc":{"Precio":"&#36;24,123 con IVA","Availability":"Out of stock"},"schema":{"@context":"https:\/\/schema.org","@graph":[{"@type":"WebPage","@id":"https:\/\/compuviper.mx\/tienda\/producto\/benq-9h-ln8lb-qbl-monitor-esports-xl2586x-plus-24-1-1920-x-1080-a-600-hz-hdmi-2-1x3-dp-1-4x1-mini-usb-x1-audifonos-x1-tecnologia-eye-care-3-aos-de-garantia\/","url":"https:\/\/compuviper.mx\/tienda\/producto\/benq-9h-ln8lb-qbl-monitor-esports-xl2586x-plus-24-1-1920-x-1080-a-600-hz-hdmi-2-1x3-dp-1-4x1-mini-usb-x1-audifonos-x1-tecnologia-eye-care-3-aos-de-garantia\/","name":"[ Benq ] &#129351; 9h.ln8lb.qbl Monitor Esports Xl2586x Plus 24.1 1920 X 1080 A 600 Hz Hdmi 2.1x3 Dp 1.4x1 Mini Usb X1 Audifonos X1 Tecnologia Eye Care 3 A\u00f1os De Garantia","isPartOf":{"@id":"https:\/\/compuviper.mx\/tienda\/#website"},"datePublished":"2026-04-02T06:51:07+00:00","dateModified":"2026-04-02T06:51:07+00:00","description":"Compra 9h.ln8lb.qbl Monitor Esports Xl2586x Plus 24.1 1920 X 1080 A 600 Hz Hdmi 2.1x3 Dp 1.4x1 Mini Usb X1 Audifonos X1 Tecnologia Eye Care 3 A\u00f1os De Garantia + Env\u00edo a domicilio + Pago seguro + Garant\u00eda","breadcrumb":{"@id":"https:\/\/compuviper.mx\/tienda\/producto\/benq-9h-ln8lb-qbl-monitor-esports-xl2586x-plus-24-1-1920-x-1080-a-600-hz-hdmi-2-1x3-dp-1-4x1-mini-usb-x1-audifonos-x1-tecnologia-eye-care-3-aos-de-garantia\/#breadcrumb"},"inLanguage":"es-MX","potentialAction":[{"@type":"ReadAction","target":["https:\/\/compuviper.mx\/tienda\/producto\/benq-9h-ln8lb-qbl-monitor-esports-xl2586x-plus-24-1-1920-x-1080-a-600-hz-hdmi-2-1x3-dp-1-4x1-mini-usb-x1-audifonos-x1-tecnologia-eye-care-3-aos-de-garantia\/"]}]},{"@type":"BreadcrumbList","@id":"https:\/\/compuviper.mx\/tienda\/producto\/benq-9h-ln8lb-qbl-monitor-esports-xl2586x-plus-24-1-1920-x-1080-a-600-hz-hdmi-2-1x3-dp-1-4x1-mini-usb-x1-audifonos-x1-tecnologia-eye-care-3-aos-de-garantia\/#breadcrumb","itemListElement":[{"@type":"ListItem","position":1,"name":"Inicio","item":"https:\/\/compuviper.mx\/tienda\/"},{"@type":"ListItem","position":2,"name":"Productos","item":"https:\/\/compuviper.mx\/tienda\/productos\/"},{"@type":"ListItem","position":3,"name":"Monitores","item":"https:\/\/compuviper.mx\/tienda\/categoria-producto\/monitores\/"},{"@type":"ListItem","position":4,"name":"Led","item":"https:\/\/compuviper.mx\/tienda\/categoria-producto\/monitores\/led\/"},{"@type":"ListItem","position":5,"name":"Benq 9h.ln8lb.qbl Monitor Esports Xl2586x Plus 24.1 1920 X 1080 A 600 Hz Hdmi 2.1&#215;3 Dp 1.4&#215;1 Mini Usb X1 Audifonos X1 Tecnologia Eye Care 3 A?os De Garantia"}]},{"@type":"WebSite","@id":"https:\/\/compuviper.mx\/tienda\/#website","url":"https:\/\/compuviper.mx\/tienda\/","name":"Compuviper","description":"Proveedor de Computadoras, Laptops, Servidores, Monitores, Puntos de Venta, Teclados,   Impresoras, T\u00f3ner, C\u00e1maras de Seguridad y m\u00e1s en tu tienda en l\u00ednea","publisher":{"@id":"https:\/\/compuviper.mx\/tienda\/#organization"},"potentialAction":[{"@type":"SearchAction","target":{"@type":"EntryPoint","urlTemplate":"https:\/\/compuviper.mx\/tienda\/?s={search_term_string}"},"query-input":"required name=search_term_string"}],"inLanguage":"es-MX"},{"@type":"Organization","@id":"https:\/\/compuviper.mx\/tienda\/#organization","name":"Compuviper","url":"https:\/\/compuviper.mx\/tienda\/","logo":{"@type":"ImageObject","inLanguage":"es-MX","@id":"https:\/\/compuviper.mx\/tienda\/#\/schema\/logo\/image\/","url":"https:\/\/compuviper.mx\/tienda\/wp-content\/uploads\/2021\/08\/Logo-Compuviper-10.png","contentUrl":"https:\/\/compuviper.mx\/tienda\/wp-content\/uploads\/2021\/08\/Logo-Compuviper-10.png","width":1000,"height":500,"caption":"Compuviper"},"image":{"@id":"https:\/\/compuviper.mx\/tienda\/#\/schema\/logo\/image\/"},"sameAs":["https:\/\/www.facebook.com\/compuviper","https:\/\/www.youtube.com\/channel\/UCf73dERp9Y3cfOq7q8BhLjA?view_as=subscriber"]}]},"product_brand":"BENQ","product_price_amount":"24123","product_price_currency":"MXN","og_availability":"out of stock","product_availability":"out of stock","product_retailer_item_id":"9H.LN8LB.QBL","product_condition":"new"},"_links":{"self":[{"href":"https:\/\/compuviper.mx\/tienda\/wp-json\/wp\/v2\/product\/254610"}],"collection":[{"href":"https:\/\/compuviper.mx\/tienda\/wp-json\/wp\/v2\/product"}],"about":[{"href":"https:\/\/compuviper.mx\/tienda\/wp-json\/wp\/v2\/types\/product"}],"replies":[{"embeddable":true,"href":"https:\/\/compuviper.mx\/tienda\/wp-json\/wp\/v2\/comments?post=254610"}],"wp:featuredmedia":[{"embeddable":true,"href":"https:\/\/compuviper.mx\/tienda\/wp-json\/wp\/v2\/media\/259955"}],"wp:attachment":[{"href":"https:\/\/compuviper.mx\/tienda\/wp-json\/wp\/v2\/media?parent=254610"}],"wp:term":[{"taxonomy":"product_cat","embeddable":true,"href":"https:\/\/compuviper.mx\/tienda\/wp-json\/wp\/v2\/product_cat?post=254610"},{"taxonomy":"product_tag","embeddable":true,"href":"https:\/\/compuviper.mx\/tienda\/wp-json\/wp\/v2\/product_tag?post=254610"}],"curies":[{"name":"wp","href":"https:\/\/api.w.org\/{rel}","templated":true}]}}