{"id":254567,"date":"2026-04-21T01:25:10","date_gmt":"2026-04-21T07:25:10","guid":{"rendered":"https:\/\/compuviper.mx\/tienda\/producto\/lenovo-zaeg0005mx-idea-yoga-tab-plus-con-teclado-y-pluma-tb520fu-qualcomm-snapdragon-8-gen3-8c-3-3ghz-16gb-ram-ddr5-256gb-12-7-3k-2944x1840-6-bocinas-harman-kardon-tidal-teal-android\/"},"modified":"2026-04-21T01:25:10","modified_gmt":"2026-04-21T07:25:10","slug":"lenovo-zaeg0005mx-idea-yoga-tab-plus-con-teclado-y-pluma-tb520fu-qualcomm-snapdragon-8-gen3-8c-3-3ghz-16gb-ram-ddr5-256gb-12-7-3k-2944x1840-6-bocinas-harman-kardon-tidal-teal-android","status":"publish","type":"product","link":"https:\/\/compuviper.mx\/tienda\/producto\/lenovo-zaeg0005mx-idea-yoga-tab-plus-con-teclado-y-pluma-tb520fu-qualcomm-snapdragon-8-gen3-8c-3-3ghz-16gb-ram-ddr5-256gb-12-7-3k-2944x1840-6-bocinas-harman-kardon-tidal-teal-android\/","title":{"rendered":"Lenovo Zaeg0005mx  Idea Yoga Tab Plus Con Teclado Y Pluma \/ Tb520fu \/ Qualcomm Snapdragon 8 Gen3 8c 3.3ghz \/ 16gb Ram Ddr5 \/ 256gb \/ 12.7 3k 2944&#215;1840 \/ 6 Bocinas Harman\/kardon \/ Tidal Teal \/ Android 14 \/ 1yr Cs"},"content":{"rendered":"<table class=\"descripcion\">\n<tr>\n<td>Idea yoga tab plus zaeg0005mx<\/td>\n<\/tr>\n<tr>\n<td>*performance<\/td>\n<\/tr>\n<tr>\n<td>Processor: qualcomm snapdragon 8 gen 3 mobile platform (8c, 1x x4 @3.3 ghz + 2x a720 @2.95 ghz + 3x a720 @3.14 ghz + 2x a520 @2.26 ghz<\/td>\n<\/tr>\n<tr>\n<td>Graphics: integrated qualcomm\u00ae adreno 750 gpu<\/td>\n<\/tr>\n<tr>\n<td>Chipset: qualcomm snapdragon 8 gen 3<\/td>\n<\/tr>\n<tr>\n<td>Memory: 16gb soldered lpddr5x<\/td>\n<\/tr>\n<tr>\n<td>Storage: 256gb ufs 4.0<\/td>\n<\/tr>\n<tr>\n<td>Card reader: none<\/td>\n<\/tr>\n<tr>\n<td>Storage support: 256gb ufs 4.0 on systemboard<\/td>\n<\/tr>\n<tr>\n<td>Speakers: 6x speaker system (2x solo tweeters + 4x sls sub-woofers), sound by harman\/kardon, optimized with dolby atmos<\/td>\n<\/tr>\n<tr>\n<td>Microphone: dual microphone<\/td>\n<\/tr>\n<tr>\n<td>Camera: front 13.0mp \/ rear 13.0mp + 2.0mp, with flashlight<\/td>\n<\/tr>\n<tr>\n<td>Voicecall: no<\/td>\n<\/tr>\n<tr>\n<td>Sensors:<\/td>\n<\/tr>\n<tr>\n<td>Accelerometer + gyroscope sensor<\/td>\n<\/tr>\n<tr>\n<td>Hall sensor<\/td>\n<\/tr>\n<tr>\n<td>Rgb sensor<\/td>\n<\/tr>\n<tr>\n<td>Tof sensor<\/td>\n<\/tr>\n<tr>\n<td>Vibration motor: no support<\/td>\n<\/tr>\n<tr>\n<td>Battery: 10200mah (typical)<\/td>\n<\/tr>\n<tr>\n<td>Power adapter: 10v \/ 4.5a<\/td>\n<\/tr>\n<tr>\n<td>*design<\/td>\n<\/tr>\n<tr>\n<td>Display: 12.7 3k (2944&#215;1840) ltps 650nits (typical) \/ 900nits (peak) anti-reflection, 100% dci-p3, 144hz, touch<\/td>\n<\/tr>\n<tr>\n<td>Touchscreen: in-cell, 10-point multi-touch<\/td>\n<\/tr>\n<tr>\n<td>Case material: metal<\/td>\n<\/tr>\n<tr>\n<td>Keyboard: non-backlit, spanish (la)<\/td>\n<\/tr>\n<tr>\n<td>Pen: pen bundled<\/td>\n<\/tr>\n<tr>\n<td>Dimensions (wxdxh): 290.91 x 188.3 x 6.69 mm (11.45 x 7.41 x 0.26 inches)<\/td>\n<\/tr>\n<tr>\n<td>Weight: around 640 g (1.41 lbs)<\/td>\n<\/tr>\n<tr>\n<td>Case color: tidal teal<\/td>\n<\/tr>\n<tr>\n<td>*software<\/td>\n<\/tr>\n<tr>\n<td>Operating system: android\u0099 14 or later<\/td>\n<\/tr>\n<tr>\n<td>*connectivity<\/td>\n<\/tr>\n<tr>\n<td>Wlan + bluetooth: wi-fi 7, 802.11be 2&#215;2 + bt5.4<\/td>\n<\/tr>\n<tr>\n<td>Wwan: non-wwan<\/td>\n<\/tr>\n<tr>\n<td>Location services: no location service<\/td>\n<\/tr>\n<tr>\n<td>Standard ports:<\/td>\n<\/tr>\n<tr>\n<td>1x usb-c\u00ae (usb 5gbps \/ usb 3.2 gen 1), with charging \/ dp-out \/ audio<\/td>\n<\/tr>\n<tr>\n<td>1x pogo pin connector (3-point)<\/td>\n<\/tr>\n<tr>\n<td>*security  and  privacy<\/td>\n<\/tr>\n<tr>\n<td>Fingerprint reader: touch style, integrated in power button<\/td>\n<\/tr>\n<tr>\n<td>Service<\/td>\n<\/tr>\n<tr>\n<td>Base warranty: 1-year, carry-in<\/td>\n<\/tr>\n<tr>\n<td>*accessories<\/td>\n<\/tr>\n<tr>\n<td>Bundled accessories: lenovo 2-in-1 keyboard pack + lenovo tab pen pro<\/td>\n<\/tr>\n<tr>\n<td>*certifications<\/td>\n<\/tr>\n<tr>\n<td>Green certifications<\/td>\n<\/tr>\n<tr>\n<td>Energy star\u00ae 8.0<\/td>\n<\/tr>\n<tr>\n<td>Erp lot 6\/26<\/td>\n<\/tr>\n<tr>\n<td>Rohs compliant<\/td>\n<\/tr>\n<tr>\n<td>Dust and water resistant<\/td>\n<\/tr>\n<tr>\n<td>Ip53<\/td>\n<\/tr>\n<tr>\n<td>Other certifications<\/td>\n<\/tr>\n<tr>\n<td>T\u00fcv rheinland\u00ae flicker free<\/td>\n<\/tr>\n<tr>\n<td>T\u00fcv rheinland\u00ae low blue light (hardware solution)<\/td>\n<\/tr>\n<tr>\n<td>T\u00fcv rheinland\u00ae high visibility<\/td>\n<\/tr>\n<tr>\n<td>*model information<\/td>\n<\/tr>\n<tr>\n<td>Product: tb520fu<\/td>\n<\/tr>\n<tr>\n<td>Model: zaeg0005mx<\/td>\n<\/tr>\n<tr>\n<td>Ean \/ upc \/ jan: 198155121906<\/td>\n<\/tr>\n<\/table>\n","protected":false},"excerpt":{"rendered":"<p>La imagen perfecta. Ve, siente y crea m\u00e1s donde quiera que est\u00e9s con la yoga tab plus con su pantalla de 12.7 and #8243;, adem\u00e1s de una gran relaci\u00f3n de aspecto y una pantalla t\u00e1ctil, ser creativo nunca hab\u00eda sido tan intuitivo. Gu\u00e1rdalo en el bolsillo. Tu estilo de vida h\u00edbrido exige un dispositivo sumamente potente y ligero a la vez. La yoga tab plus ofrece una experiencia de primera calidad que logra el equilibrio ideal entre rendimiento y movilidad. Ligera, para buscar inspiraci\u00f3n y creaciones digitales en movimiento, as\u00ed como durable y resistente de grado militar, se ha dise\u00f1ado para viajar o simplemente para quedarse en casa.<\/p>\n","protected":false},"featured_media":260291,"comment_status":"open","ping_status":"open","template":"","meta":[],"product_cat":[2135,1758],"product_tag":[1578],"acf":[],"yoast_head":"<!-- This site is optimized with the Yoast SEO plugin v21.7 - https:\/\/yoast.com\/wordpress\/plugins\/seo\/ -->\n<title>[ Lenovo ] &#129351; Zaeg0005mx Idea Yoga Tab Plus Con Teclado Y Pluma \/ Tb520fu \/ Qualcomm Snapdragon 8 Gen3 8c 3.3ghz \/ 16gb Ram Ddr5 \/ 256gb \/ 12.7 3k 2944x1840 \/ 6 Bocinas Harman\/kardon \/ Tidal Teal \/ Android 14 \/ 1yr Cs<\/title>\n<meta name=\"description\" content=\"Compra Zaeg0005mx Idea Yoga Tab Plus Con Teclado Y Pluma \/ Tb520fu \/ Qualcomm Snapdragon 8 Gen3 8c 3.3ghz \/ 16gb Ram Ddr5 \/ 256gb \/ 12.7 3k 2944x1840 \/ 6 Bocinas Harman\/kardon \/ Tidal Teal \/ Android 14 \/ 1yr Cs + Env\u00edo a domicilio + Pago seguro + Garant\u00eda\" \/>\n<meta name=\"robots\" content=\"index, follow, max-snippet:-1, max-image-preview:large, max-video-preview:-1\" \/>\n<link rel=\"canonical\" href=\"https:\/\/compuviper.mx\/tienda\/producto\/lenovo-zaeg0005mx-idea-yoga-tab-plus-con-teclado-y-pluma-tb520fu-qualcomm-snapdragon-8-gen3-8c-3-3ghz-16gb-ram-ddr5-256gb-12-7-3k-2944x1840-6-bocinas-harman-kardon-tidal-teal-android\/\" \/>\n<meta property=\"og:locale\" content=\"es_MX\" \/>\n<meta property=\"og:type\" content=\"article\" \/>\n<meta property=\"og:title\" content=\"[ Lenovo ] &#129351; Zaeg0005mx Idea Yoga Tab Plus Con Teclado Y Pluma \/ Tb520fu \/ Qualcomm Snapdragon 8 Gen3 8c 3.3ghz \/ 16gb Ram Ddr5 \/ 256gb \/ 12.7 3k 2944x1840 \/ 6 Bocinas Harman\/kardon \/ Tidal Teal \/ Android 14 \/ 1yr Cs\" \/>\n<meta property=\"og:description\" content=\"Compra Zaeg0005mx Idea Yoga Tab Plus Con Teclado Y Pluma \/ Tb520fu \/ Qualcomm Snapdragon 8 Gen3 8c 3.3ghz \/ 16gb Ram Ddr5 \/ 256gb \/ 12.7 3k 2944x1840 \/ 6 Bocinas Harman\/kardon \/ Tidal Teal \/ Android 14 \/ 1yr Cs + Env\u00edo a domicilio + Pago seguro + Garant\u00eda\" \/>\n<meta property=\"og:url\" content=\"https:\/\/compuviper.mx\/tienda\/producto\/lenovo-zaeg0005mx-idea-yoga-tab-plus-con-teclado-y-pluma-tb520fu-qualcomm-snapdragon-8-gen3-8c-3-3ghz-16gb-ram-ddr5-256gb-12-7-3k-2944x1840-6-bocinas-harman-kardon-tidal-teal-android\/\" \/>\n<meta property=\"og:site_name\" content=\"Compuviper\" \/>\n<meta property=\"article:publisher\" content=\"https:\/\/www.facebook.com\/compuviper\" \/>\n<meta property=\"og:image\" content=\"https:\/\/compuviper.mx\/tienda\/wp-content\/uploads\/2025\/10\/Lenovo-idea-yoga-tab-plus-con-teclado-y-pluma-tb520fu-qualcomm-snapdragon-8-gen3-8c-3.3ghz-16gb-ram-ddr5-256gb-12.7-3k-2944x1840-6-bocinas-harmankardon-tidal-teal-android-14-1yr-cs.jpg\" \/>\n\t<meta property=\"og:image:width\" content=\"200\" \/>\n\t<meta property=\"og:image:height\" content=\"200\" \/>\n\t<meta property=\"og:image:type\" content=\"image\/jpeg\" \/>\n<meta name=\"twitter:card\" content=\"summary_large_image\" \/>\n<meta name=\"twitter:label1\" content=\"Precio\" \/>\n\t<meta name=\"twitter:data1\" content=\"&#36;14,371 &#36;12,064 con IVA\" \/>\n\t<meta name=\"twitter:label2\" content=\"Availability\" \/>\n\t<meta name=\"twitter:data2\" content=\"In stock\" \/>\n<script type=\"application\/ld+json\" class=\"yoast-schema-graph\">{\"@context\":\"https:\/\/schema.org\",\"@graph\":[{\"@type\":\"WebPage\",\"@id\":\"https:\/\/compuviper.mx\/tienda\/producto\/lenovo-zaeg0005mx-idea-yoga-tab-plus-con-teclado-y-pluma-tb520fu-qualcomm-snapdragon-8-gen3-8c-3-3ghz-16gb-ram-ddr5-256gb-12-7-3k-2944x1840-6-bocinas-harman-kardon-tidal-teal-android\/\",\"url\":\"https:\/\/compuviper.mx\/tienda\/producto\/lenovo-zaeg0005mx-idea-yoga-tab-plus-con-teclado-y-pluma-tb520fu-qualcomm-snapdragon-8-gen3-8c-3-3ghz-16gb-ram-ddr5-256gb-12-7-3k-2944x1840-6-bocinas-harman-kardon-tidal-teal-android\/\",\"name\":\"[ Lenovo ] &#129351; Zaeg0005mx Idea Yoga Tab Plus Con Teclado Y Pluma \/ Tb520fu \/ Qualcomm Snapdragon 8 Gen3 8c 3.3ghz \/ 16gb Ram Ddr5 \/ 256gb \/ 12.7 3k 2944x1840 \/ 6 Bocinas Harman\/kardon \/ Tidal Teal \/ Android 14 \/ 1yr Cs\",\"isPartOf\":{\"@id\":\"https:\/\/compuviper.mx\/tienda\/#website\"},\"datePublished\":\"2026-04-21T07:25:10+00:00\",\"dateModified\":\"2026-04-21T07:25:10+00:00\",\"description\":\"Compra Zaeg0005mx Idea Yoga Tab Plus Con Teclado Y Pluma \/ Tb520fu \/ Qualcomm Snapdragon 8 Gen3 8c 3.3ghz \/ 16gb Ram Ddr5 \/ 256gb \/ 12.7 3k 2944x1840 \/ 6 Bocinas Harman\/kardon \/ Tidal Teal \/ Android 14 \/ 1yr Cs + Env\u00edo a domicilio + Pago seguro + Garant\u00eda\",\"breadcrumb\":{\"@id\":\"https:\/\/compuviper.mx\/tienda\/producto\/lenovo-zaeg0005mx-idea-yoga-tab-plus-con-teclado-y-pluma-tb520fu-qualcomm-snapdragon-8-gen3-8c-3-3ghz-16gb-ram-ddr5-256gb-12-7-3k-2944x1840-6-bocinas-harman-kardon-tidal-teal-android\/#breadcrumb\"},\"inLanguage\":\"es-MX\",\"potentialAction\":[{\"@type\":\"ReadAction\",\"target\":[\"https:\/\/compuviper.mx\/tienda\/producto\/lenovo-zaeg0005mx-idea-yoga-tab-plus-con-teclado-y-pluma-tb520fu-qualcomm-snapdragon-8-gen3-8c-3-3ghz-16gb-ram-ddr5-256gb-12-7-3k-2944x1840-6-bocinas-harman-kardon-tidal-teal-android\/\"]}]},{\"@type\":\"BreadcrumbList\",\"@id\":\"https:\/\/compuviper.mx\/tienda\/producto\/lenovo-zaeg0005mx-idea-yoga-tab-plus-con-teclado-y-pluma-tb520fu-qualcomm-snapdragon-8-gen3-8c-3-3ghz-16gb-ram-ddr5-256gb-12-7-3k-2944x1840-6-bocinas-harman-kardon-tidal-teal-android\/#breadcrumb\",\"itemListElement\":[{\"@type\":\"ListItem\",\"position\":1,\"name\":\"Inicio\",\"item\":\"https:\/\/compuviper.mx\/tienda\/\"},{\"@type\":\"ListItem\",\"position\":2,\"name\":\"Productos\",\"item\":\"https:\/\/compuviper.mx\/tienda\/productos\/\"},{\"@type\":\"ListItem\",\"position\":3,\"name\":\"Tabletas\",\"item\":\"https:\/\/compuviper.mx\/tienda\/categoria-producto\/tabletas\/\"},{\"@type\":\"ListItem\",\"position\":4,\"name\":\"Qualcomm Snapdragon\",\"item\":\"https:\/\/compuviper.mx\/tienda\/categoria-producto\/tabletas\/qualcomm-snapdragon\/\"},{\"@type\":\"ListItem\",\"position\":5,\"name\":\"Lenovo Zaeg0005mx Idea Yoga Tab Plus Con Teclado Y Pluma \/ Tb520fu \/ Qualcomm Snapdragon 8 Gen3 8c 3.3ghz \/ 16gb Ram Ddr5 \/ 256gb \/ 12.7 3k 2944&#215;1840 \/ 6 Bocinas Harman\/kardon \/ Tidal Teal \/ Android 14 \/ 1yr Cs\"}]},{\"@type\":\"WebSite\",\"@id\":\"https:\/\/compuviper.mx\/tienda\/#website\",\"url\":\"https:\/\/compuviper.mx\/tienda\/\",\"name\":\"Compuviper\",\"description\":\"Proveedor de Computadoras, Laptops, Servidores, Monitores, Puntos de Venta, Teclados,   Impresoras, T\u00f3ner, C\u00e1maras de Seguridad y m\u00e1s en tu tienda en l\u00ednea\",\"publisher\":{\"@id\":\"https:\/\/compuviper.mx\/tienda\/#organization\"},\"potentialAction\":[{\"@type\":\"SearchAction\",\"target\":{\"@type\":\"EntryPoint\",\"urlTemplate\":\"https:\/\/compuviper.mx\/tienda\/?s={search_term_string}\"},\"query-input\":\"required name=search_term_string\"}],\"inLanguage\":\"es-MX\"},{\"@type\":\"Organization\",\"@id\":\"https:\/\/compuviper.mx\/tienda\/#organization\",\"name\":\"Compuviper\",\"url\":\"https:\/\/compuviper.mx\/tienda\/\",\"logo\":{\"@type\":\"ImageObject\",\"inLanguage\":\"es-MX\",\"@id\":\"https:\/\/compuviper.mx\/tienda\/#\/schema\/logo\/image\/\",\"url\":\"https:\/\/compuviper.mx\/tienda\/wp-content\/uploads\/2021\/08\/Logo-Compuviper-10.png\",\"contentUrl\":\"https:\/\/compuviper.mx\/tienda\/wp-content\/uploads\/2021\/08\/Logo-Compuviper-10.png\",\"width\":1000,\"height\":500,\"caption\":\"Compuviper\"},\"image\":{\"@id\":\"https:\/\/compuviper.mx\/tienda\/#\/schema\/logo\/image\/\"},\"sameAs\":[\"https:\/\/www.facebook.com\/compuviper\",\"https:\/\/www.youtube.com\/channel\/UCf73dERp9Y3cfOq7q8BhLjA?view_as=subscriber\"]}]}<\/script>\n<meta property=\"product:brand\" content=\"LENOVO\" \/>\n<meta property=\"product:price:amount\" content=\"12064\" \/>\n<meta property=\"product:price:currency\" content=\"MXN\" \/>\n<meta property=\"og:availability\" content=\"instock\" \/>\n<meta property=\"product:availability\" content=\"instock\" \/>\n<meta property=\"product:retailer_item_id\" content=\"ZAEG0005MX\" \/>\n<meta property=\"product:condition\" content=\"new\" \/>\n<!-- \/ Yoast SEO plugin. -->","yoast_head_json":{"title":"[ Lenovo ] &#129351; Zaeg0005mx Idea Yoga Tab Plus Con Teclado Y Pluma \/ Tb520fu \/ Qualcomm Snapdragon 8 Gen3 8c 3.3ghz \/ 16gb Ram Ddr5 \/ 256gb \/ 12.7 3k 2944x1840 \/ 6 Bocinas Harman\/kardon \/ Tidal Teal \/ Android 14 \/ 1yr Cs","description":"Compra Zaeg0005mx Idea Yoga Tab Plus Con Teclado Y Pluma \/ Tb520fu \/ Qualcomm Snapdragon 8 Gen3 8c 3.3ghz \/ 16gb Ram Ddr5 \/ 256gb \/ 12.7 3k 2944x1840 \/ 6 Bocinas Harman\/kardon \/ Tidal Teal \/ Android 14 \/ 1yr Cs + Env\u00edo a domicilio + Pago seguro + Garant\u00eda","robots":{"index":"index","follow":"follow","max-snippet":"max-snippet:-1","max-image-preview":"max-image-preview:large","max-video-preview":"max-video-preview:-1"},"canonical":"https:\/\/compuviper.mx\/tienda\/producto\/lenovo-zaeg0005mx-idea-yoga-tab-plus-con-teclado-y-pluma-tb520fu-qualcomm-snapdragon-8-gen3-8c-3-3ghz-16gb-ram-ddr5-256gb-12-7-3k-2944x1840-6-bocinas-harman-kardon-tidal-teal-android\/","og_locale":"es_MX","og_type":"article","og_title":"[ Lenovo ] &#129351; Zaeg0005mx Idea Yoga Tab Plus Con Teclado Y Pluma \/ Tb520fu \/ Qualcomm Snapdragon 8 Gen3 8c 3.3ghz \/ 16gb Ram Ddr5 \/ 256gb \/ 12.7 3k 2944x1840 \/ 6 Bocinas Harman\/kardon \/ Tidal Teal \/ Android 14 \/ 1yr Cs","og_description":"Compra Zaeg0005mx Idea Yoga Tab Plus Con Teclado Y Pluma \/ Tb520fu \/ Qualcomm Snapdragon 8 Gen3 8c 3.3ghz \/ 16gb Ram Ddr5 \/ 256gb \/ 12.7 3k 2944x1840 \/ 6 Bocinas Harman\/kardon \/ Tidal Teal \/ Android 14 \/ 1yr Cs + Env\u00edo a domicilio + Pago seguro + Garant\u00eda","og_url":"https:\/\/compuviper.mx\/tienda\/producto\/lenovo-zaeg0005mx-idea-yoga-tab-plus-con-teclado-y-pluma-tb520fu-qualcomm-snapdragon-8-gen3-8c-3-3ghz-16gb-ram-ddr5-256gb-12-7-3k-2944x1840-6-bocinas-harman-kardon-tidal-teal-android\/","og_site_name":"Compuviper","article_publisher":"https:\/\/www.facebook.com\/compuviper","og_image":[{"width":200,"height":200,"url":"https:\/\/compuviper.mx\/tienda\/wp-content\/uploads\/2025\/10\/Lenovo-idea-yoga-tab-plus-con-teclado-y-pluma-tb520fu-qualcomm-snapdragon-8-gen3-8c-3.3ghz-16gb-ram-ddr5-256gb-12.7-3k-2944x1840-6-bocinas-harmankardon-tidal-teal-android-14-1yr-cs.jpg","type":"image\/jpeg"}],"twitter_card":"summary_large_image","twitter_misc":{"Precio":"&#36;14,371 &#36;12,064 con IVA","Availability":"In stock"},"schema":{"@context":"https:\/\/schema.org","@graph":[{"@type":"WebPage","@id":"https:\/\/compuviper.mx\/tienda\/producto\/lenovo-zaeg0005mx-idea-yoga-tab-plus-con-teclado-y-pluma-tb520fu-qualcomm-snapdragon-8-gen3-8c-3-3ghz-16gb-ram-ddr5-256gb-12-7-3k-2944x1840-6-bocinas-harman-kardon-tidal-teal-android\/","url":"https:\/\/compuviper.mx\/tienda\/producto\/lenovo-zaeg0005mx-idea-yoga-tab-plus-con-teclado-y-pluma-tb520fu-qualcomm-snapdragon-8-gen3-8c-3-3ghz-16gb-ram-ddr5-256gb-12-7-3k-2944x1840-6-bocinas-harman-kardon-tidal-teal-android\/","name":"[ Lenovo ] &#129351; Zaeg0005mx Idea Yoga Tab Plus Con Teclado Y Pluma \/ Tb520fu \/ Qualcomm Snapdragon 8 Gen3 8c 3.3ghz \/ 16gb Ram Ddr5 \/ 256gb \/ 12.7 3k 2944x1840 \/ 6 Bocinas Harman\/kardon \/ Tidal Teal \/ Android 14 \/ 1yr Cs","isPartOf":{"@id":"https:\/\/compuviper.mx\/tienda\/#website"},"datePublished":"2026-04-21T07:25:10+00:00","dateModified":"2026-04-21T07:25:10+00:00","description":"Compra Zaeg0005mx Idea Yoga Tab Plus Con Teclado Y Pluma \/ Tb520fu \/ Qualcomm Snapdragon 8 Gen3 8c 3.3ghz \/ 16gb Ram Ddr5 \/ 256gb \/ 12.7 3k 2944x1840 \/ 6 Bocinas Harman\/kardon \/ Tidal Teal \/ Android 14 \/ 1yr Cs + Env\u00edo a domicilio + Pago seguro + Garant\u00eda","breadcrumb":{"@id":"https:\/\/compuviper.mx\/tienda\/producto\/lenovo-zaeg0005mx-idea-yoga-tab-plus-con-teclado-y-pluma-tb520fu-qualcomm-snapdragon-8-gen3-8c-3-3ghz-16gb-ram-ddr5-256gb-12-7-3k-2944x1840-6-bocinas-harman-kardon-tidal-teal-android\/#breadcrumb"},"inLanguage":"es-MX","potentialAction":[{"@type":"ReadAction","target":["https:\/\/compuviper.mx\/tienda\/producto\/lenovo-zaeg0005mx-idea-yoga-tab-plus-con-teclado-y-pluma-tb520fu-qualcomm-snapdragon-8-gen3-8c-3-3ghz-16gb-ram-ddr5-256gb-12-7-3k-2944x1840-6-bocinas-harman-kardon-tidal-teal-android\/"]}]},{"@type":"BreadcrumbList","@id":"https:\/\/compuviper.mx\/tienda\/producto\/lenovo-zaeg0005mx-idea-yoga-tab-plus-con-teclado-y-pluma-tb520fu-qualcomm-snapdragon-8-gen3-8c-3-3ghz-16gb-ram-ddr5-256gb-12-7-3k-2944x1840-6-bocinas-harman-kardon-tidal-teal-android\/#breadcrumb","itemListElement":[{"@type":"ListItem","position":1,"name":"Inicio","item":"https:\/\/compuviper.mx\/tienda\/"},{"@type":"ListItem","position":2,"name":"Productos","item":"https:\/\/compuviper.mx\/tienda\/productos\/"},{"@type":"ListItem","position":3,"name":"Tabletas","item":"https:\/\/compuviper.mx\/tienda\/categoria-producto\/tabletas\/"},{"@type":"ListItem","position":4,"name":"Qualcomm Snapdragon","item":"https:\/\/compuviper.mx\/tienda\/categoria-producto\/tabletas\/qualcomm-snapdragon\/"},{"@type":"ListItem","position":5,"name":"Lenovo Zaeg0005mx Idea Yoga Tab Plus Con Teclado Y Pluma \/ Tb520fu \/ Qualcomm Snapdragon 8 Gen3 8c 3.3ghz \/ 16gb Ram Ddr5 \/ 256gb \/ 12.7 3k 2944&#215;1840 \/ 6 Bocinas Harman\/kardon \/ Tidal Teal \/ Android 14 \/ 1yr Cs"}]},{"@type":"WebSite","@id":"https:\/\/compuviper.mx\/tienda\/#website","url":"https:\/\/compuviper.mx\/tienda\/","name":"Compuviper","description":"Proveedor de Computadoras, Laptops, Servidores, Monitores, Puntos de Venta, Teclados,   Impresoras, T\u00f3ner, C\u00e1maras de Seguridad y m\u00e1s en tu tienda en l\u00ednea","publisher":{"@id":"https:\/\/compuviper.mx\/tienda\/#organization"},"potentialAction":[{"@type":"SearchAction","target":{"@type":"EntryPoint","urlTemplate":"https:\/\/compuviper.mx\/tienda\/?s={search_term_string}"},"query-input":"required name=search_term_string"}],"inLanguage":"es-MX"},{"@type":"Organization","@id":"https:\/\/compuviper.mx\/tienda\/#organization","name":"Compuviper","url":"https:\/\/compuviper.mx\/tienda\/","logo":{"@type":"ImageObject","inLanguage":"es-MX","@id":"https:\/\/compuviper.mx\/tienda\/#\/schema\/logo\/image\/","url":"https:\/\/compuviper.mx\/tienda\/wp-content\/uploads\/2021\/08\/Logo-Compuviper-10.png","contentUrl":"https:\/\/compuviper.mx\/tienda\/wp-content\/uploads\/2021\/08\/Logo-Compuviper-10.png","width":1000,"height":500,"caption":"Compuviper"},"image":{"@id":"https:\/\/compuviper.mx\/tienda\/#\/schema\/logo\/image\/"},"sameAs":["https:\/\/www.facebook.com\/compuviper","https:\/\/www.youtube.com\/channel\/UCf73dERp9Y3cfOq7q8BhLjA?view_as=subscriber"]}]},"product_brand":"LENOVO","product_price_amount":"12064","product_price_currency":"MXN","og_availability":"instock","product_availability":"instock","product_retailer_item_id":"ZAEG0005MX","product_condition":"new"},"_links":{"self":[{"href":"https:\/\/compuviper.mx\/tienda\/wp-json\/wp\/v2\/product\/254567"}],"collection":[{"href":"https:\/\/compuviper.mx\/tienda\/wp-json\/wp\/v2\/product"}],"about":[{"href":"https:\/\/compuviper.mx\/tienda\/wp-json\/wp\/v2\/types\/product"}],"replies":[{"embeddable":true,"href":"https:\/\/compuviper.mx\/tienda\/wp-json\/wp\/v2\/comments?post=254567"}],"wp:featuredmedia":[{"embeddable":true,"href":"https:\/\/compuviper.mx\/tienda\/wp-json\/wp\/v2\/media\/260291"}],"wp:attachment":[{"href":"https:\/\/compuviper.mx\/tienda\/wp-json\/wp\/v2\/media?parent=254567"}],"wp:term":[{"taxonomy":"product_cat","embeddable":true,"href":"https:\/\/compuviper.mx\/tienda\/wp-json\/wp\/v2\/product_cat?post=254567"},{"taxonomy":"product_tag","embeddable":true,"href":"https:\/\/compuviper.mx\/tienda\/wp-json\/wp\/v2\/product_tag?post=254567"}],"curies":[{"name":"wp","href":"https:\/\/api.w.org\/{rel}","templated":true}]}}