{"id":254532,"date":"2026-04-23T00:15:46","date_gmt":"2026-04-23T06:15:46","guid":{"rendered":"https:\/\/compuviper.mx\/tienda\/producto\/dahua-dh-sd5a232gb-hnr-camara-ip-ptz-2-mp-zoom-optico-32x-tecnologia-starlight-y-vision-nocturna-ir-de-150-mts-incorpora-autotracking-3-0-deteccion-de-rostros-proteccion-perimetral-poe-ip67\/"},"modified":"2026-04-23T00:15:46","modified_gmt":"2026-04-23T06:15:46","slug":"dahua-dh-sd5a232gb-hnr-camara-ip-ptz-2-mp-zoom-optico-32x-tecnologia-starlight-y-vision-nocturna-ir-de-150-mts-incorpora-autotracking-3-0-deteccion-de-rostros-proteccion-perimetral-poe-ip67","status":"publish","type":"product","link":"https:\/\/compuviper.mx\/tienda\/producto\/dahua-dh-sd5a232gb-hnr-camara-ip-ptz-2-mp-zoom-optico-32x-tecnologia-starlight-y-vision-nocturna-ir-de-150-mts-incorpora-autotracking-3-0-deteccion-de-rostros-proteccion-perimetral-poe-ip67\/","title":{"rendered":"Dahua Dh-sd5a232gb-hnr Camara Ip Ptz\/ \/ \/2 Mp Zoom Optico 32x, Tecnologia Starlight Y Vision Nocturna Ir De 150 Mts. Incorpora Autotracking 3.0, Deteccion De Rostros, Proteccion Perimetral, Poe+, Ip67"},"content":{"rendered":"<table class=\"descripcion\">\n<tr>\n<td>Especificaciones tecnicas<\/td>\n<\/tr>\n<tr>\n<td>\u0095 max. resolucion: 1920 (h) x 1080 (v)<\/td>\n<\/tr>\n<tr>\n<td>\u0095 velocidad de obturacion electronica: 1\/1s &#8211; 1\/30000s<\/td>\n<\/tr>\n<tr>\n<td>\u0095 sistema de escaneo: progresivo<\/td>\n<\/tr>\n<tr>\n<td>\u0095 distancia de iluminacion: 150m (492,13 pies)<\/td>\n<\/tr>\n<tr>\n<td>\u0095 longitud focal: 4,5 mm\u0096144 mm<\/td>\n<\/tr>\n<tr>\n<td>\u0095 fuente de alimentacion: 24 vcc, 2,5 a \u00b1 25 %<\/td>\n<\/tr>\n<tr>\n<td>\u0095 consumo de energia: basico: 10w max.: 22 w<\/td>\n<\/tr>\n<tr>\n<td>\u0095 temperatura de funcionamiento: \u0096 40\u00b0c a +70\u00b0c<\/td>\n<\/tr>\n<tr>\n<td>\u0095 humedad de funcionamiento:  and #8804; 95% (hr)<\/td>\n<\/tr>\n<tr>\n<td>\u0095 dimensiones del producto: 332 mm \u00d7  and #934;190 mm<\/td>\n<\/tr>\n<tr>\n<td>\u0095 peso neto: 4,7 kg<\/td>\n<\/tr>\n<tr>\n<td>Incluye<\/td>\n<\/tr>\n<tr>\n<td>\u0095 x1 camara dh-sd5a232gb-hnr<\/td>\n<\/tr>\n<tr>\n<td>\u0095 x1 soporte para montaje en pared<\/td>\n<\/tr>\n<tr>\n<td>\u0095 x1 adaptador de corriente<\/td>\n<\/tr>\n<tr>\n<td>\u0095 x1 manual de usuario<\/td>\n<\/tr>\n<tr>\n<td>\u0095 x1 poliza de seguro<\/td>\n<\/tr>\n<\/table>\n","protected":false},"excerpt":{"rendered":"<p>Informacion general. La dahua dh-sd5a232gb-hnr es una camara de vigilancia avanzada que ofrece imagenes de alta calidad gracias a sus 2 megapixeles de resolucion y un zoom optico de 32x. Disenada para funcionar bien en condiciones de poca luz, cuenta con tecnologia starlight para capturar imagenes en color incluso en la oscuridad. Su vision nocturna ir permite ver hasta 150 metros en total oscuridad. Ademas, tiene autotracking 3.0 para seguir automaticamente a sujetos en movimiento y deteccion de rostros para identificar personas. Es resistente al agua y al polvo (ip67) y a impactos (ik10), y facilita la instalacion con poe+, que combina datos y energia en un solo cable. Ideal para proteger areas grandes y exteriores. Caracteristicas principales. \u0095 zoom optico: 32x. \u0095 tecnologia: de la luz de las estrellas. \u0095 resolucion max.: 25\/ 30fps@1080p. \u0095 distancia: ir hasta 150 m. \u0095 funciones: seguimiento automatico 3.0. \u0095 ia: proteccion perimetral; deteccion de rostro. \u0095 smd 4.0. \u0095 proteccion: ip67, ik10.<\/p>\n","protected":false},"featured_media":259445,"comment_status":"open","ping_status":"open","template":"","meta":[],"product_cat":[1608,1681],"product_tag":[1555],"acf":[],"yoast_head":"<!-- This site is optimized with the Yoast SEO plugin v21.7 - https:\/\/yoast.com\/wordpress\/plugins\/seo\/ -->\n<title>[ Dahua ] &#129351; Dh-sd5a232gb-hnr Camara Ip Ptz\/ \/ \/2 Mp Zoom Optico 32x, Tecnologia Starlight Y Vision Nocturna Ir De 150 Mts. Incorpora Autotracking 3.0, Deteccion De Rostros, Proteccion Perimetral, Poe+, Ip67<\/title>\n<meta name=\"description\" content=\"Compra Dh-sd5a232gb-hnr Camara Ip Ptz\/ \/ \/2 Mp Zoom Optico 32x, Tecnologia Starlight Y Vision Nocturna Ir De 150 Mts. Incorpora Autotracking 3.0, Deteccion De Rostros, Proteccion Perimetral, Poe+, Ip67 + Env\u00edo a domicilio + Pago seguro + Garant\u00eda\" \/>\n<meta name=\"robots\" content=\"index, follow, max-snippet:-1, max-image-preview:large, max-video-preview:-1\" \/>\n<link rel=\"canonical\" href=\"https:\/\/compuviper.mx\/tienda\/producto\/dahua-dh-sd5a232gb-hnr-camara-ip-ptz-2-mp-zoom-optico-32x-tecnologia-starlight-y-vision-nocturna-ir-de-150-mts-incorpora-autotracking-3-0-deteccion-de-rostros-proteccion-perimetral-poe-ip67\/\" \/>\n<meta property=\"og:locale\" content=\"es_MX\" \/>\n<meta property=\"og:type\" content=\"article\" \/>\n<meta property=\"og:title\" content=\"[ Dahua ] &#129351; Dh-sd5a232gb-hnr Camara Ip Ptz\/ \/ \/2 Mp Zoom Optico 32x, Tecnologia Starlight Y Vision Nocturna Ir De 150 Mts. Incorpora Autotracking 3.0, Deteccion De Rostros, Proteccion Perimetral, Poe+, Ip67\" \/>\n<meta property=\"og:description\" content=\"Compra Dh-sd5a232gb-hnr Camara Ip Ptz\/ \/ \/2 Mp Zoom Optico 32x, Tecnologia Starlight Y Vision Nocturna Ir De 150 Mts. Incorpora Autotracking 3.0, Deteccion De Rostros, Proteccion Perimetral, Poe+, Ip67 + Env\u00edo a domicilio + Pago seguro + Garant\u00eda\" \/>\n<meta property=\"og:url\" content=\"https:\/\/compuviper.mx\/tienda\/producto\/dahua-dh-sd5a232gb-hnr-camara-ip-ptz-2-mp-zoom-optico-32x-tecnologia-starlight-y-vision-nocturna-ir-de-150-mts-incorpora-autotracking-3-0-deteccion-de-rostros-proteccion-perimetral-poe-ip67\/\" \/>\n<meta property=\"og:site_name\" content=\"Compuviper\" \/>\n<meta property=\"article:publisher\" content=\"https:\/\/www.facebook.com\/compuviper\" \/>\n<meta property=\"og:image\" content=\"https:\/\/compuviper.mx\/tienda\/wp-content\/uploads\/2025\/10\/Camara-ip-ptz-dahua-dh-sd5a232gb-hnr2-mp-zoom-optico-32x-tecnologia-starlight-y-vision-nocturna-ir-de-150-mts.-incorpora-autotracking-3.0-deteccion-de-rostros-proteccion-perimetral-poe-ip67.jpg\" \/>\n\t<meta property=\"og:image:width\" content=\"200\" \/>\n\t<meta property=\"og:image:height\" content=\"200\" \/>\n\t<meta property=\"og:image:type\" content=\"image\/jpeg\" \/>\n<meta name=\"twitter:card\" content=\"summary_large_image\" \/>\n<meta name=\"twitter:label1\" content=\"Precio\" \/>\n\t<meta name=\"twitter:data1\" content=\"&#36;14,607 con IVA\" \/>\n\t<meta name=\"twitter:label2\" content=\"Availability\" \/>\n\t<meta name=\"twitter:data2\" content=\"On backorder\" \/>\n<script type=\"application\/ld+json\" class=\"yoast-schema-graph\">{\"@context\":\"https:\/\/schema.org\",\"@graph\":[{\"@type\":\"WebPage\",\"@id\":\"https:\/\/compuviper.mx\/tienda\/producto\/dahua-dh-sd5a232gb-hnr-camara-ip-ptz-2-mp-zoom-optico-32x-tecnologia-starlight-y-vision-nocturna-ir-de-150-mts-incorpora-autotracking-3-0-deteccion-de-rostros-proteccion-perimetral-poe-ip67\/\",\"url\":\"https:\/\/compuviper.mx\/tienda\/producto\/dahua-dh-sd5a232gb-hnr-camara-ip-ptz-2-mp-zoom-optico-32x-tecnologia-starlight-y-vision-nocturna-ir-de-150-mts-incorpora-autotracking-3-0-deteccion-de-rostros-proteccion-perimetral-poe-ip67\/\",\"name\":\"[ Dahua ] &#129351; Dh-sd5a232gb-hnr Camara Ip Ptz\/ \/ \/2 Mp Zoom Optico 32x, Tecnologia Starlight Y Vision Nocturna Ir De 150 Mts. Incorpora Autotracking 3.0, Deteccion De Rostros, Proteccion Perimetral, Poe+, Ip67\",\"isPartOf\":{\"@id\":\"https:\/\/compuviper.mx\/tienda\/#website\"},\"datePublished\":\"2026-04-23T06:15:46+00:00\",\"dateModified\":\"2026-04-23T06:15:46+00:00\",\"description\":\"Compra Dh-sd5a232gb-hnr Camara Ip Ptz\/ \/ \/2 Mp Zoom Optico 32x, Tecnologia Starlight Y Vision Nocturna Ir De 150 Mts. Incorpora Autotracking 3.0, Deteccion De Rostros, Proteccion Perimetral, Poe+, Ip67 + Env\u00edo a domicilio + Pago seguro + Garant\u00eda\",\"breadcrumb\":{\"@id\":\"https:\/\/compuviper.mx\/tienda\/producto\/dahua-dh-sd5a232gb-hnr-camara-ip-ptz-2-mp-zoom-optico-32x-tecnologia-starlight-y-vision-nocturna-ir-de-150-mts-incorpora-autotracking-3-0-deteccion-de-rostros-proteccion-perimetral-poe-ip67\/#breadcrumb\"},\"inLanguage\":\"es-MX\",\"potentialAction\":[{\"@type\":\"ReadAction\",\"target\":[\"https:\/\/compuviper.mx\/tienda\/producto\/dahua-dh-sd5a232gb-hnr-camara-ip-ptz-2-mp-zoom-optico-32x-tecnologia-starlight-y-vision-nocturna-ir-de-150-mts-incorpora-autotracking-3-0-deteccion-de-rostros-proteccion-perimetral-poe-ip67\/\"]}]},{\"@type\":\"BreadcrumbList\",\"@id\":\"https:\/\/compuviper.mx\/tienda\/producto\/dahua-dh-sd5a232gb-hnr-camara-ip-ptz-2-mp-zoom-optico-32x-tecnologia-starlight-y-vision-nocturna-ir-de-150-mts-incorpora-autotracking-3-0-deteccion-de-rostros-proteccion-perimetral-poe-ip67\/#breadcrumb\",\"itemListElement\":[{\"@type\":\"ListItem\",\"position\":1,\"name\":\"Inicio\",\"item\":\"https:\/\/compuviper.mx\/tienda\/\"},{\"@type\":\"ListItem\",\"position\":2,\"name\":\"Productos\",\"item\":\"https:\/\/compuviper.mx\/tienda\/productos\/\"},{\"@type\":\"ListItem\",\"position\":3,\"name\":\"Camaras\",\"item\":\"https:\/\/compuviper.mx\/tienda\/categoria-producto\/camaras-2\/\"},{\"@type\":\"ListItem\",\"position\":4,\"name\":\"Camara De Videovigilancia\",\"item\":\"https:\/\/compuviper.mx\/tienda\/categoria-producto\/camaras-2\/camara-de-videovigilancia\/\"},{\"@type\":\"ListItem\",\"position\":5,\"name\":\"Dahua Dh-sd5a232gb-hnr Camara Ip Ptz\/ \/ \/2 Mp Zoom Optico 32x, Tecnologia Starlight Y Vision Nocturna Ir De 150 Mts. Incorpora Autotracking 3.0, Deteccion De Rostros, Proteccion Perimetral, Poe+, Ip67\"}]},{\"@type\":\"WebSite\",\"@id\":\"https:\/\/compuviper.mx\/tienda\/#website\",\"url\":\"https:\/\/compuviper.mx\/tienda\/\",\"name\":\"Compuviper\",\"description\":\"Proveedor de Computadoras, Laptops, Servidores, Monitores, Puntos de Venta, Teclados,   Impresoras, T\u00f3ner, C\u00e1maras de Seguridad y m\u00e1s en tu tienda en l\u00ednea\",\"publisher\":{\"@id\":\"https:\/\/compuviper.mx\/tienda\/#organization\"},\"potentialAction\":[{\"@type\":\"SearchAction\",\"target\":{\"@type\":\"EntryPoint\",\"urlTemplate\":\"https:\/\/compuviper.mx\/tienda\/?s={search_term_string}\"},\"query-input\":\"required name=search_term_string\"}],\"inLanguage\":\"es-MX\"},{\"@type\":\"Organization\",\"@id\":\"https:\/\/compuviper.mx\/tienda\/#organization\",\"name\":\"Compuviper\",\"url\":\"https:\/\/compuviper.mx\/tienda\/\",\"logo\":{\"@type\":\"ImageObject\",\"inLanguage\":\"es-MX\",\"@id\":\"https:\/\/compuviper.mx\/tienda\/#\/schema\/logo\/image\/\",\"url\":\"https:\/\/compuviper.mx\/tienda\/wp-content\/uploads\/2021\/08\/Logo-Compuviper-10.png\",\"contentUrl\":\"https:\/\/compuviper.mx\/tienda\/wp-content\/uploads\/2021\/08\/Logo-Compuviper-10.png\",\"width\":1000,\"height\":500,\"caption\":\"Compuviper\"},\"image\":{\"@id\":\"https:\/\/compuviper.mx\/tienda\/#\/schema\/logo\/image\/\"},\"sameAs\":[\"https:\/\/www.facebook.com\/compuviper\",\"https:\/\/www.youtube.com\/channel\/UCf73dERp9Y3cfOq7q8BhLjA?view_as=subscriber\"]}]}<\/script>\n<meta property=\"product:brand\" content=\"DAHUA\" \/>\n<meta property=\"product:price:amount\" content=\"14607\" \/>\n<meta property=\"product:price:currency\" content=\"MXN\" \/>\n<meta property=\"og:availability\" content=\"backorder\" \/>\n<meta property=\"product:availability\" content=\"available for order\" \/>\n<meta property=\"product:retailer_item_id\" content=\"DH-SD5A232GB-HNR\" \/>\n<meta property=\"product:condition\" content=\"new\" \/>\n<!-- \/ Yoast SEO plugin. -->","yoast_head_json":{"title":"[ Dahua ] &#129351; Dh-sd5a232gb-hnr Camara Ip Ptz\/ \/ \/2 Mp Zoom Optico 32x, Tecnologia Starlight Y Vision Nocturna Ir De 150 Mts. Incorpora Autotracking 3.0, Deteccion De Rostros, Proteccion Perimetral, Poe+, Ip67","description":"Compra Dh-sd5a232gb-hnr Camara Ip Ptz\/ \/ \/2 Mp Zoom Optico 32x, Tecnologia Starlight Y Vision Nocturna Ir De 150 Mts. Incorpora Autotracking 3.0, Deteccion De Rostros, Proteccion Perimetral, Poe+, Ip67 + Env\u00edo a domicilio + Pago seguro + Garant\u00eda","robots":{"index":"index","follow":"follow","max-snippet":"max-snippet:-1","max-image-preview":"max-image-preview:large","max-video-preview":"max-video-preview:-1"},"canonical":"https:\/\/compuviper.mx\/tienda\/producto\/dahua-dh-sd5a232gb-hnr-camara-ip-ptz-2-mp-zoom-optico-32x-tecnologia-starlight-y-vision-nocturna-ir-de-150-mts-incorpora-autotracking-3-0-deteccion-de-rostros-proteccion-perimetral-poe-ip67\/","og_locale":"es_MX","og_type":"article","og_title":"[ Dahua ] &#129351; Dh-sd5a232gb-hnr Camara Ip Ptz\/ \/ \/2 Mp Zoom Optico 32x, Tecnologia Starlight Y Vision Nocturna Ir De 150 Mts. Incorpora Autotracking 3.0, Deteccion De Rostros, Proteccion Perimetral, Poe+, Ip67","og_description":"Compra Dh-sd5a232gb-hnr Camara Ip Ptz\/ \/ \/2 Mp Zoom Optico 32x, Tecnologia Starlight Y Vision Nocturna Ir De 150 Mts. Incorpora Autotracking 3.0, Deteccion De Rostros, Proteccion Perimetral, Poe+, Ip67 + Env\u00edo a domicilio + Pago seguro + Garant\u00eda","og_url":"https:\/\/compuviper.mx\/tienda\/producto\/dahua-dh-sd5a232gb-hnr-camara-ip-ptz-2-mp-zoom-optico-32x-tecnologia-starlight-y-vision-nocturna-ir-de-150-mts-incorpora-autotracking-3-0-deteccion-de-rostros-proteccion-perimetral-poe-ip67\/","og_site_name":"Compuviper","article_publisher":"https:\/\/www.facebook.com\/compuviper","og_image":[{"width":200,"height":200,"url":"https:\/\/compuviper.mx\/tienda\/wp-content\/uploads\/2025\/10\/Camara-ip-ptz-dahua-dh-sd5a232gb-hnr2-mp-zoom-optico-32x-tecnologia-starlight-y-vision-nocturna-ir-de-150-mts.-incorpora-autotracking-3.0-deteccion-de-rostros-proteccion-perimetral-poe-ip67.jpg","type":"image\/jpeg"}],"twitter_card":"summary_large_image","twitter_misc":{"Precio":"&#36;14,607 con IVA","Availability":"On backorder"},"schema":{"@context":"https:\/\/schema.org","@graph":[{"@type":"WebPage","@id":"https:\/\/compuviper.mx\/tienda\/producto\/dahua-dh-sd5a232gb-hnr-camara-ip-ptz-2-mp-zoom-optico-32x-tecnologia-starlight-y-vision-nocturna-ir-de-150-mts-incorpora-autotracking-3-0-deteccion-de-rostros-proteccion-perimetral-poe-ip67\/","url":"https:\/\/compuviper.mx\/tienda\/producto\/dahua-dh-sd5a232gb-hnr-camara-ip-ptz-2-mp-zoom-optico-32x-tecnologia-starlight-y-vision-nocturna-ir-de-150-mts-incorpora-autotracking-3-0-deteccion-de-rostros-proteccion-perimetral-poe-ip67\/","name":"[ Dahua ] &#129351; Dh-sd5a232gb-hnr Camara Ip Ptz\/ \/ \/2 Mp Zoom Optico 32x, Tecnologia Starlight Y Vision Nocturna Ir De 150 Mts. Incorpora Autotracking 3.0, Deteccion De Rostros, Proteccion Perimetral, Poe+, Ip67","isPartOf":{"@id":"https:\/\/compuviper.mx\/tienda\/#website"},"datePublished":"2026-04-23T06:15:46+00:00","dateModified":"2026-04-23T06:15:46+00:00","description":"Compra Dh-sd5a232gb-hnr Camara Ip Ptz\/ \/ \/2 Mp Zoom Optico 32x, Tecnologia Starlight Y Vision Nocturna Ir De 150 Mts. Incorpora Autotracking 3.0, Deteccion De Rostros, Proteccion Perimetral, Poe+, Ip67 + Env\u00edo a domicilio + Pago seguro + Garant\u00eda","breadcrumb":{"@id":"https:\/\/compuviper.mx\/tienda\/producto\/dahua-dh-sd5a232gb-hnr-camara-ip-ptz-2-mp-zoom-optico-32x-tecnologia-starlight-y-vision-nocturna-ir-de-150-mts-incorpora-autotracking-3-0-deteccion-de-rostros-proteccion-perimetral-poe-ip67\/#breadcrumb"},"inLanguage":"es-MX","potentialAction":[{"@type":"ReadAction","target":["https:\/\/compuviper.mx\/tienda\/producto\/dahua-dh-sd5a232gb-hnr-camara-ip-ptz-2-mp-zoom-optico-32x-tecnologia-starlight-y-vision-nocturna-ir-de-150-mts-incorpora-autotracking-3-0-deteccion-de-rostros-proteccion-perimetral-poe-ip67\/"]}]},{"@type":"BreadcrumbList","@id":"https:\/\/compuviper.mx\/tienda\/producto\/dahua-dh-sd5a232gb-hnr-camara-ip-ptz-2-mp-zoom-optico-32x-tecnologia-starlight-y-vision-nocturna-ir-de-150-mts-incorpora-autotracking-3-0-deteccion-de-rostros-proteccion-perimetral-poe-ip67\/#breadcrumb","itemListElement":[{"@type":"ListItem","position":1,"name":"Inicio","item":"https:\/\/compuviper.mx\/tienda\/"},{"@type":"ListItem","position":2,"name":"Productos","item":"https:\/\/compuviper.mx\/tienda\/productos\/"},{"@type":"ListItem","position":3,"name":"Camaras","item":"https:\/\/compuviper.mx\/tienda\/categoria-producto\/camaras-2\/"},{"@type":"ListItem","position":4,"name":"Camara De Videovigilancia","item":"https:\/\/compuviper.mx\/tienda\/categoria-producto\/camaras-2\/camara-de-videovigilancia\/"},{"@type":"ListItem","position":5,"name":"Dahua Dh-sd5a232gb-hnr Camara Ip Ptz\/ \/ \/2 Mp Zoom Optico 32x, Tecnologia Starlight Y Vision Nocturna Ir De 150 Mts. Incorpora Autotracking 3.0, Deteccion De Rostros, Proteccion Perimetral, Poe+, Ip67"}]},{"@type":"WebSite","@id":"https:\/\/compuviper.mx\/tienda\/#website","url":"https:\/\/compuviper.mx\/tienda\/","name":"Compuviper","description":"Proveedor de Computadoras, Laptops, Servidores, Monitores, Puntos de Venta, Teclados,   Impresoras, T\u00f3ner, C\u00e1maras de Seguridad y m\u00e1s en tu tienda en l\u00ednea","publisher":{"@id":"https:\/\/compuviper.mx\/tienda\/#organization"},"potentialAction":[{"@type":"SearchAction","target":{"@type":"EntryPoint","urlTemplate":"https:\/\/compuviper.mx\/tienda\/?s={search_term_string}"},"query-input":"required name=search_term_string"}],"inLanguage":"es-MX"},{"@type":"Organization","@id":"https:\/\/compuviper.mx\/tienda\/#organization","name":"Compuviper","url":"https:\/\/compuviper.mx\/tienda\/","logo":{"@type":"ImageObject","inLanguage":"es-MX","@id":"https:\/\/compuviper.mx\/tienda\/#\/schema\/logo\/image\/","url":"https:\/\/compuviper.mx\/tienda\/wp-content\/uploads\/2021\/08\/Logo-Compuviper-10.png","contentUrl":"https:\/\/compuviper.mx\/tienda\/wp-content\/uploads\/2021\/08\/Logo-Compuviper-10.png","width":1000,"height":500,"caption":"Compuviper"},"image":{"@id":"https:\/\/compuviper.mx\/tienda\/#\/schema\/logo\/image\/"},"sameAs":["https:\/\/www.facebook.com\/compuviper","https:\/\/www.youtube.com\/channel\/UCf73dERp9Y3cfOq7q8BhLjA?view_as=subscriber"]}]},"product_brand":"DAHUA","product_price_amount":"14607","product_price_currency":"MXN","og_availability":"backorder","product_availability":"available for order","product_retailer_item_id":"DH-SD5A232GB-HNR","product_condition":"new"},"_links":{"self":[{"href":"https:\/\/compuviper.mx\/tienda\/wp-json\/wp\/v2\/product\/254532"}],"collection":[{"href":"https:\/\/compuviper.mx\/tienda\/wp-json\/wp\/v2\/product"}],"about":[{"href":"https:\/\/compuviper.mx\/tienda\/wp-json\/wp\/v2\/types\/product"}],"replies":[{"embeddable":true,"href":"https:\/\/compuviper.mx\/tienda\/wp-json\/wp\/v2\/comments?post=254532"}],"wp:featuredmedia":[{"embeddable":true,"href":"https:\/\/compuviper.mx\/tienda\/wp-json\/wp\/v2\/media\/259445"}],"wp:attachment":[{"href":"https:\/\/compuviper.mx\/tienda\/wp-json\/wp\/v2\/media?parent=254532"}],"wp:term":[{"taxonomy":"product_cat","embeddable":true,"href":"https:\/\/compuviper.mx\/tienda\/wp-json\/wp\/v2\/product_cat?post=254532"},{"taxonomy":"product_tag","embeddable":true,"href":"https:\/\/compuviper.mx\/tienda\/wp-json\/wp\/v2\/product_tag?post=254532"}],"curies":[{"name":"wp","href":"https:\/\/api.w.org\/{rel}","templated":true}]}}