{"id":254524,"date":"2026-04-01T23:17:11","date_gmt":"2026-04-02T05:17:11","guid":{"rendered":"https:\/\/compuviper.mx\/tienda\/producto\/manhattan-208437-transmisor-inalambrico-transmisor-inalmbrico-de-vdeo-usb-c-1080p\/"},"modified":"2026-04-01T23:17:11","modified_gmt":"2026-04-02T05:17:11","slug":"manhattan-208437-transmisor-inalambrico-transmisor-inalmbrico-de-vdeo-usb-c-1080p","status":"publish","type":"product","link":"https:\/\/compuviper.mx\/tienda\/producto\/manhattan-208437-transmisor-inalambrico-transmisor-inalmbrico-de-vdeo-usb-c-1080p\/","title":{"rendered":"Manhattan 208437 Transmisor Inalambrico\/\/\/transmisor Inal?mbrico De V?deo Usb-c 1080p"},"content":{"rendered":"<table class=\"descripcion\">\n<tr>\n<td>Est\u00e1ndares y certificaciones<\/td>\n<\/tr>\n<tr>\n<td>Ce<\/td>\n<\/tr>\n<tr>\n<td>Fcc<\/td>\n<\/tr>\n<tr>\n<td>Rohs<\/td>\n<\/tr>\n<tr>\n<td>Reach<\/td>\n<\/tr>\n<tr>\n<td>Ukca<\/td>\n<\/tr>\n<tr>\n<td>Hdmi 1.3<\/td>\n<\/tr>\n<tr>\n<td>Hdcp 1.4<\/td>\n<\/tr>\n<tr>\n<td>General<\/td>\n<\/tr>\n<tr>\n<td>Resoluciones compatibles: 480p\/576i\/720p\/1080i\/1080p<\/td>\n<\/tr>\n<tr>\n<td>Alimentaci\u00f3n por bus<\/td>\n<\/tr>\n<tr>\n<td>Conexiones\/botones<\/td>\n<\/tr>\n<tr>\n<td>Un conector usb-c de 24 pines, macho<\/td>\n<\/tr>\n<tr>\n<td>Un bot\u00f3n de vinculaci\u00f3n<\/td>\n<\/tr>\n<tr>\n<td>Datos f\u00edsicos<\/td>\n<\/tr>\n<tr>\n<td>Dimensiones (l x an x al): 60 x 60 x 15 mm (2.36 x 2.36 x 0.59 in.)<\/td>\n<\/tr>\n<tr>\n<td>Peso neto: 30 g (0.07 lbs.)<\/td>\n<\/tr>\n<tr>\n<td>Peso bruto: 70 g (0.15 lbs.)<\/td>\n<\/tr>\n<tr>\n<td>Chasis: pl\u00e1stico<\/td>\n<\/tr>\n<tr>\n<td>Entorno de funcionamiento<\/td>\n<\/tr>\n<tr>\n<td>Temperatura de operaci\u00f3n: 0 &#8211; 40\u00b0c (32 &#8211; 104\u00b0f)<\/td>\n<\/tr>\n<tr>\n<td>Temperatura de almacenamiento: -20 &#8211; 60 \u00b0 c (-4 &#8211; 140 \u00b0 f)<\/td>\n<\/tr>\n<tr>\n<td>Humedad (sin condensaci\u00f3n): 20 &#8211; 90%<\/td>\n<\/tr>\n<tr>\n<td>Contenido del paquete<\/td>\n<\/tr>\n<tr>\n<td>Transmisor usb-c inal\u00e1mbrico hdmi 1080p<\/td>\n<\/tr>\n<tr>\n<td>Instrucciones<\/td>\n<\/tr>\n<\/table>\n","protected":false},"excerpt":{"rendered":"<p>Transmisor hdmi inal\u00e1mbrico para compartir pantalla desde tu laptop, tableta o tel\u00e9fono inteligente por medio del puerto usb-c: ideal para presentaciones profesionales. El transmisor de pantalla hdmi inal\u00e1mbrico de 1080p de manhattan te permite reflejar f\u00e1cilmente la pantalla de tu dispositivo usb-c en cualquier pantalla, proyector o monitor con puerto hdmi: perfecto para presentaciones, capacitaciones profesionales y transmisi\u00f3n de video, todo sin la molestia de los cables. Emparejamiento r\u00e1pido y simple, sin necesidad de controladores ni tecnolog\u00eda adicional. Dise\u00f1ado para facilitar su uso, este adaptador ofrece un emparejamiento r\u00e1pido y simple, sin necesidad de wi-fi, ethernet o tecnolog\u00edas para compartir pantalla como airplay, miracast o google cast. Este transmisor funciona con el receptor hdmi del kit de presentaci\u00f3n hdmi inal\u00e1mbrico n.\u00b0 208420 de manhattan, lo que garantiza una conectividad fluida y confiable. Amplia compatibilidad con dispositivos usb-c. Totalmente compatible con una amplia gama de laptops, tabletas y tel\u00e9fonos compatibles con usb-c dp-alt-mode, incluidos apple\u00ae macbook\u00ae, ipad\u00ae pro, iphone 15\/16, chromebook\u0099, pixel\u0099 y samsung galaxy, esta soluci\u00f3n plug-and-play hace que la instalaci\u00f3n sea muy sencilla. Ya sea que uses windows\u00ae, macos\u00ae, chrome os\u0099, ipados\u00ae, ios\u00ae o android\u0099, disfrutar\u00e1s de una resoluci\u00f3n full hd de hasta 1080p a 60 hz para obtener im\u00e1genes claras y n\u00edtidas. Admite varios usuarios para presentaciones colaborativas. Perfecto para entornos de trabajo colaborativo, hasta seis transmisores en un solo receptor, lo que permite que varios usuarios cambien f\u00e1cilmente entre dispositivos durante las presentaciones en equipo. Su dise\u00f1o compacto y port\u00e1til cabe f\u00e1cilmente en tu bolsillo, lo que lo hace ideal para reuniones de negocios o viajes, y te ofrece la flexibilidad de realizar presentaciones en cualquier momento y en cualquier lugar. Alcance inal\u00e1mbrico confiable para salas grandes. Con un alcance inal\u00e1mbrico confiable de hasta 30 metros (100 pies), puedes compartir contenido multimedia en salas m\u00e1s grandes sin ninguna limitaci\u00f3n. Adem\u00e1s, el adaptador es totalmente compatible con dp alt mode, usb4\u00ae, thunderbolt\u0099 3\/4 y hdcp 1.4, lo que garantiza una compatibilidad total y una experiencia fluida para todos sus dispositivos. Duplica o ampl\u00eda de forma inal\u00e1mbrica la pantalla de tu dispositivo usb-c a una pantalla, proyector o monitor hdmi. Emparejamiento r\u00e1pido y sencillo, ideal para presentaciones, formaci\u00f3n profesional y transmisi\u00f3n de v\u00eddeo sin l\u00edos de cables. Requiere el receptor hdmi del kit de presentaci\u00f3n hdmi inal\u00e1mbrico manhattan #208420; no requiere wi-fi, ethernet ni tecnolog\u00edas para compartir pantalla como airplay, miracast, google cast, widi o samsung\u00ae smart view. Compatible con laptops, tabletas y tel\u00e9fonos compatibles con usb-c dp-alt-mode, incluidos apple\u00ae macbook\u00ae, ipad\u00ae pro, iphone 15\/16, chromebook\u0099, pixel\u0099, samsung galaxy, etc. Instalaci\u00f3n plug-and-play; compatible con windows\u00ae, macos\u00ae, linux\u00ae, chrome os\u0099, ipados\u00ae, ios\u00ae y android?. Resoluciones hasta full hd 1080p@60hz (1920 \u00d7 1080. Un receptor admite hasta seis transmisores, lo que permite a varios usuarios conectar sus equipos a la pantalla y switchear f\u00e1cilmente entre dispositivos durante las presentaciones en colaboraci\u00f3n. Dise\u00f1o compacto y port\u00e1til, f\u00e1cil de transportar a reuniones de negocios, que ofrece flexibilidad para configurar y presentar en cualquier lugar y en cualquier momento. Alcance inal\u00e1mbrico seguro de hasta 30 m que proporciona flexibilidad para compartir contenidos multimedia en espacios grandes. Compatible con el modo alternativo de displayport 1.4 (dp alt mode. Compatible con interfaces usb4\u00ae y thunderbolt\u0099 3\/4. Totalmente compatible con hdcp 1.4, compatible con versiones anteriores. Alimentado por bus &#8211; no se requiere alimentaci\u00f3n externa. Nota: las aplicaciones de v\u00eddeo sin hdcp, como youtube, tiktok y zoom, son compatibles con todos los sistemas operativos; las aplicaciones hdcp basadas en suscripci\u00f3n, como netflix y amazon prime, s\u00f3lo son compatibles con windows y android. Solo para uso de interiores. Garant\u00eda de 3 a\u00f1os* (*verifique el tiempo de garant\u00eda en su pa\u00eds o ciudad)<\/p>\n","protected":false},"featured_media":258901,"comment_status":"open","ping_status":"open","template":"","meta":[],"product_cat":[1485,1856],"product_tag":[1487],"acf":[],"yoast_head":"<!-- This site is optimized with the Yoast SEO plugin v21.7 - https:\/\/yoast.com\/wordpress\/plugins\/seo\/ -->\n<title>[ Manhattan ] &#129351; 208437 Transmisor Inalambrico\/\/\/transmisor Inal\u00e1mbrico De V\u00eddeo Usb-c 1080p<\/title>\n<meta name=\"description\" content=\"Compra 208437 Transmisor Inalambrico\/\/\/transmisor Inal\u00e1mbrico De V\u00eddeo Usb-c 1080p + Env\u00edo a domicilio + Pago seguro + Garant\u00eda\" \/>\n<meta name=\"robots\" content=\"index, follow, max-snippet:-1, max-image-preview:large, max-video-preview:-1\" \/>\n<link rel=\"canonical\" href=\"https:\/\/compuviper.mx\/tienda\/producto\/manhattan-208437-transmisor-inalambrico-transmisor-inalmbrico-de-vdeo-usb-c-1080p\/\" \/>\n<meta property=\"og:locale\" content=\"es_MX\" \/>\n<meta property=\"og:type\" content=\"article\" \/>\n<meta property=\"og:title\" content=\"[ Manhattan ] &#129351; 208437 Transmisor Inalambrico\/\/\/transmisor Inal\u00e1mbrico De V\u00eddeo Usb-c 1080p\" \/>\n<meta property=\"og:description\" content=\"Compra 208437 Transmisor Inalambrico\/\/\/transmisor Inal\u00e1mbrico De V\u00eddeo Usb-c 1080p + Env\u00edo a domicilio + Pago seguro + Garant\u00eda\" \/>\n<meta property=\"og:url\" content=\"https:\/\/compuviper.mx\/tienda\/producto\/manhattan-208437-transmisor-inalambrico-transmisor-inalmbrico-de-vdeo-usb-c-1080p\/\" \/>\n<meta property=\"og:site_name\" content=\"Compuviper\" \/>\n<meta property=\"article:publisher\" content=\"https:\/\/www.facebook.com\/compuviper\" \/>\n<meta property=\"og:image\" content=\"https:\/\/compuviper.mx\/tienda\/wp-content\/uploads\/2025\/10\/Transmisor-inalambricomanhattan208437transmisor-inalambrico-de-video-usb-c-1080p.jpg\" \/>\n\t<meta property=\"og:image:width\" content=\"200\" \/>\n\t<meta property=\"og:image:height\" content=\"200\" \/>\n\t<meta property=\"og:image:type\" content=\"image\/jpeg\" \/>\n<meta name=\"twitter:card\" content=\"summary_large_image\" \/>\n<meta name=\"twitter:label1\" content=\"Precio\" \/>\n\t<meta name=\"twitter:data1\" content=\"&#36;1,080 con IVA\" \/>\n\t<meta name=\"twitter:label2\" content=\"Availability\" \/>\n\t<meta name=\"twitter:data2\" content=\"On backorder\" \/>\n<script type=\"application\/ld+json\" class=\"yoast-schema-graph\">{\"@context\":\"https:\/\/schema.org\",\"@graph\":[{\"@type\":\"WebPage\",\"@id\":\"https:\/\/compuviper.mx\/tienda\/producto\/manhattan-208437-transmisor-inalambrico-transmisor-inalmbrico-de-vdeo-usb-c-1080p\/\",\"url\":\"https:\/\/compuviper.mx\/tienda\/producto\/manhattan-208437-transmisor-inalambrico-transmisor-inalmbrico-de-vdeo-usb-c-1080p\/\",\"name\":\"[ Manhattan ] &#129351; 208437 Transmisor Inalambrico\/\/\/transmisor Inal\u00e1mbrico De V\u00eddeo Usb-c 1080p\",\"isPartOf\":{\"@id\":\"https:\/\/compuviper.mx\/tienda\/#website\"},\"datePublished\":\"2026-04-02T05:17:11+00:00\",\"dateModified\":\"2026-04-02T05:17:11+00:00\",\"description\":\"Compra 208437 Transmisor Inalambrico\/\/\/transmisor Inal\u00e1mbrico De V\u00eddeo Usb-c 1080p + Env\u00edo a domicilio + Pago seguro + Garant\u00eda\",\"breadcrumb\":{\"@id\":\"https:\/\/compuviper.mx\/tienda\/producto\/manhattan-208437-transmisor-inalambrico-transmisor-inalmbrico-de-vdeo-usb-c-1080p\/#breadcrumb\"},\"inLanguage\":\"es-MX\",\"potentialAction\":[{\"@type\":\"ReadAction\",\"target\":[\"https:\/\/compuviper.mx\/tienda\/producto\/manhattan-208437-transmisor-inalambrico-transmisor-inalmbrico-de-vdeo-usb-c-1080p\/\"]}]},{\"@type\":\"BreadcrumbList\",\"@id\":\"https:\/\/compuviper.mx\/tienda\/producto\/manhattan-208437-transmisor-inalambrico-transmisor-inalmbrico-de-vdeo-usb-c-1080p\/#breadcrumb\",\"itemListElement\":[{\"@type\":\"ListItem\",\"position\":1,\"name\":\"Inicio\",\"item\":\"https:\/\/compuviper.mx\/tienda\/\"},{\"@type\":\"ListItem\",\"position\":2,\"name\":\"Productos\",\"item\":\"https:\/\/compuviper.mx\/tienda\/productos\/\"},{\"@type\":\"ListItem\",\"position\":3,\"name\":\"Accesorios\",\"item\":\"https:\/\/compuviper.mx\/tienda\/categoria-producto\/accesorios\/\"},{\"@type\":\"ListItem\",\"position\":4,\"name\":\"Video Splitter\",\"item\":\"https:\/\/compuviper.mx\/tienda\/categoria-producto\/accesorios\/video-splitter\/\"},{\"@type\":\"ListItem\",\"position\":5,\"name\":\"Manhattan 208437 Transmisor Inalambrico\/\/\/transmisor Inal?mbrico De V?deo Usb-c 1080p\"}]},{\"@type\":\"WebSite\",\"@id\":\"https:\/\/compuviper.mx\/tienda\/#website\",\"url\":\"https:\/\/compuviper.mx\/tienda\/\",\"name\":\"Compuviper\",\"description\":\"Proveedor de Computadoras, Laptops, Servidores, Monitores, Puntos de Venta, Teclados,   Impresoras, T\u00f3ner, C\u00e1maras de Seguridad y m\u00e1s en tu tienda en l\u00ednea\",\"publisher\":{\"@id\":\"https:\/\/compuviper.mx\/tienda\/#organization\"},\"potentialAction\":[{\"@type\":\"SearchAction\",\"target\":{\"@type\":\"EntryPoint\",\"urlTemplate\":\"https:\/\/compuviper.mx\/tienda\/?s={search_term_string}\"},\"query-input\":\"required name=search_term_string\"}],\"inLanguage\":\"es-MX\"},{\"@type\":\"Organization\",\"@id\":\"https:\/\/compuviper.mx\/tienda\/#organization\",\"name\":\"Compuviper\",\"url\":\"https:\/\/compuviper.mx\/tienda\/\",\"logo\":{\"@type\":\"ImageObject\",\"inLanguage\":\"es-MX\",\"@id\":\"https:\/\/compuviper.mx\/tienda\/#\/schema\/logo\/image\/\",\"url\":\"https:\/\/compuviper.mx\/tienda\/wp-content\/uploads\/2021\/08\/Logo-Compuviper-10.png\",\"contentUrl\":\"https:\/\/compuviper.mx\/tienda\/wp-content\/uploads\/2021\/08\/Logo-Compuviper-10.png\",\"width\":1000,\"height\":500,\"caption\":\"Compuviper\"},\"image\":{\"@id\":\"https:\/\/compuviper.mx\/tienda\/#\/schema\/logo\/image\/\"},\"sameAs\":[\"https:\/\/www.facebook.com\/compuviper\",\"https:\/\/www.youtube.com\/channel\/UCf73dERp9Y3cfOq7q8BhLjA?view_as=subscriber\"]}]}<\/script>\n<meta property=\"product:brand\" content=\"MANHATTAN\" \/>\n<meta property=\"product:price:amount\" content=\"1080\" \/>\n<meta property=\"product:price:currency\" content=\"MXN\" \/>\n<meta property=\"og:availability\" content=\"backorder\" \/>\n<meta property=\"product:availability\" content=\"available for order\" \/>\n<meta property=\"product:retailer_item_id\" content=\"208437\" \/>\n<meta property=\"product:condition\" content=\"new\" \/>\n<!-- \/ Yoast SEO plugin. -->","yoast_head_json":{"title":"[ Manhattan ] &#129351; 208437 Transmisor Inalambrico\/\/\/transmisor Inal\u00e1mbrico De V\u00eddeo Usb-c 1080p","description":"Compra 208437 Transmisor Inalambrico\/\/\/transmisor Inal\u00e1mbrico De V\u00eddeo Usb-c 1080p + Env\u00edo a domicilio + Pago seguro + Garant\u00eda","robots":{"index":"index","follow":"follow","max-snippet":"max-snippet:-1","max-image-preview":"max-image-preview:large","max-video-preview":"max-video-preview:-1"},"canonical":"https:\/\/compuviper.mx\/tienda\/producto\/manhattan-208437-transmisor-inalambrico-transmisor-inalmbrico-de-vdeo-usb-c-1080p\/","og_locale":"es_MX","og_type":"article","og_title":"[ Manhattan ] &#129351; 208437 Transmisor Inalambrico\/\/\/transmisor Inal\u00e1mbrico De V\u00eddeo Usb-c 1080p","og_description":"Compra 208437 Transmisor Inalambrico\/\/\/transmisor Inal\u00e1mbrico De V\u00eddeo Usb-c 1080p + Env\u00edo a domicilio + Pago seguro + Garant\u00eda","og_url":"https:\/\/compuviper.mx\/tienda\/producto\/manhattan-208437-transmisor-inalambrico-transmisor-inalmbrico-de-vdeo-usb-c-1080p\/","og_site_name":"Compuviper","article_publisher":"https:\/\/www.facebook.com\/compuviper","og_image":[{"width":200,"height":200,"url":"https:\/\/compuviper.mx\/tienda\/wp-content\/uploads\/2025\/10\/Transmisor-inalambricomanhattan208437transmisor-inalambrico-de-video-usb-c-1080p.jpg","type":"image\/jpeg"}],"twitter_card":"summary_large_image","twitter_misc":{"Precio":"&#36;1,080 con IVA","Availability":"On backorder"},"schema":{"@context":"https:\/\/schema.org","@graph":[{"@type":"WebPage","@id":"https:\/\/compuviper.mx\/tienda\/producto\/manhattan-208437-transmisor-inalambrico-transmisor-inalmbrico-de-vdeo-usb-c-1080p\/","url":"https:\/\/compuviper.mx\/tienda\/producto\/manhattan-208437-transmisor-inalambrico-transmisor-inalmbrico-de-vdeo-usb-c-1080p\/","name":"[ Manhattan ] &#129351; 208437 Transmisor Inalambrico\/\/\/transmisor Inal\u00e1mbrico De V\u00eddeo Usb-c 1080p","isPartOf":{"@id":"https:\/\/compuviper.mx\/tienda\/#website"},"datePublished":"2026-04-02T05:17:11+00:00","dateModified":"2026-04-02T05:17:11+00:00","description":"Compra 208437 Transmisor Inalambrico\/\/\/transmisor Inal\u00e1mbrico De V\u00eddeo Usb-c 1080p + Env\u00edo a domicilio + Pago seguro + Garant\u00eda","breadcrumb":{"@id":"https:\/\/compuviper.mx\/tienda\/producto\/manhattan-208437-transmisor-inalambrico-transmisor-inalmbrico-de-vdeo-usb-c-1080p\/#breadcrumb"},"inLanguage":"es-MX","potentialAction":[{"@type":"ReadAction","target":["https:\/\/compuviper.mx\/tienda\/producto\/manhattan-208437-transmisor-inalambrico-transmisor-inalmbrico-de-vdeo-usb-c-1080p\/"]}]},{"@type":"BreadcrumbList","@id":"https:\/\/compuviper.mx\/tienda\/producto\/manhattan-208437-transmisor-inalambrico-transmisor-inalmbrico-de-vdeo-usb-c-1080p\/#breadcrumb","itemListElement":[{"@type":"ListItem","position":1,"name":"Inicio","item":"https:\/\/compuviper.mx\/tienda\/"},{"@type":"ListItem","position":2,"name":"Productos","item":"https:\/\/compuviper.mx\/tienda\/productos\/"},{"@type":"ListItem","position":3,"name":"Accesorios","item":"https:\/\/compuviper.mx\/tienda\/categoria-producto\/accesorios\/"},{"@type":"ListItem","position":4,"name":"Video Splitter","item":"https:\/\/compuviper.mx\/tienda\/categoria-producto\/accesorios\/video-splitter\/"},{"@type":"ListItem","position":5,"name":"Manhattan 208437 Transmisor Inalambrico\/\/\/transmisor Inal?mbrico De V?deo Usb-c 1080p"}]},{"@type":"WebSite","@id":"https:\/\/compuviper.mx\/tienda\/#website","url":"https:\/\/compuviper.mx\/tienda\/","name":"Compuviper","description":"Proveedor de Computadoras, Laptops, Servidores, Monitores, Puntos de Venta, Teclados,   Impresoras, T\u00f3ner, C\u00e1maras de Seguridad y m\u00e1s en tu tienda en l\u00ednea","publisher":{"@id":"https:\/\/compuviper.mx\/tienda\/#organization"},"potentialAction":[{"@type":"SearchAction","target":{"@type":"EntryPoint","urlTemplate":"https:\/\/compuviper.mx\/tienda\/?s={search_term_string}"},"query-input":"required name=search_term_string"}],"inLanguage":"es-MX"},{"@type":"Organization","@id":"https:\/\/compuviper.mx\/tienda\/#organization","name":"Compuviper","url":"https:\/\/compuviper.mx\/tienda\/","logo":{"@type":"ImageObject","inLanguage":"es-MX","@id":"https:\/\/compuviper.mx\/tienda\/#\/schema\/logo\/image\/","url":"https:\/\/compuviper.mx\/tienda\/wp-content\/uploads\/2021\/08\/Logo-Compuviper-10.png","contentUrl":"https:\/\/compuviper.mx\/tienda\/wp-content\/uploads\/2021\/08\/Logo-Compuviper-10.png","width":1000,"height":500,"caption":"Compuviper"},"image":{"@id":"https:\/\/compuviper.mx\/tienda\/#\/schema\/logo\/image\/"},"sameAs":["https:\/\/www.facebook.com\/compuviper","https:\/\/www.youtube.com\/channel\/UCf73dERp9Y3cfOq7q8BhLjA?view_as=subscriber"]}]},"product_brand":"MANHATTAN","product_price_amount":"1080","product_price_currency":"MXN","og_availability":"backorder","product_availability":"available for order","product_retailer_item_id":"208437","product_condition":"new"},"_links":{"self":[{"href":"https:\/\/compuviper.mx\/tienda\/wp-json\/wp\/v2\/product\/254524"}],"collection":[{"href":"https:\/\/compuviper.mx\/tienda\/wp-json\/wp\/v2\/product"}],"about":[{"href":"https:\/\/compuviper.mx\/tienda\/wp-json\/wp\/v2\/types\/product"}],"replies":[{"embeddable":true,"href":"https:\/\/compuviper.mx\/tienda\/wp-json\/wp\/v2\/comments?post=254524"}],"wp:featuredmedia":[{"embeddable":true,"href":"https:\/\/compuviper.mx\/tienda\/wp-json\/wp\/v2\/media\/258901"}],"wp:attachment":[{"href":"https:\/\/compuviper.mx\/tienda\/wp-json\/wp\/v2\/media?parent=254524"}],"wp:term":[{"taxonomy":"product_cat","embeddable":true,"href":"https:\/\/compuviper.mx\/tienda\/wp-json\/wp\/v2\/product_cat?post=254524"},{"taxonomy":"product_tag","embeddable":true,"href":"https:\/\/compuviper.mx\/tienda\/wp-json\/wp\/v2\/product_tag?post=254524"}],"curies":[{"name":"wp","href":"https:\/\/api.w.org\/{rel}","templated":true}]}}