{"id":254522,"date":"2026-04-01T23:11:31","date_gmt":"2026-04-02T05:11:31","guid":{"rendered":"https:\/\/compuviper.mx\/tienda\/producto\/hewlett-packard-enterprise-p47777-b21-controladora-de-almacenamiento-hpe-mr416i-p-gen11-spdm\/"},"modified":"2026-04-01T23:11:31","modified_gmt":"2026-04-02T05:11:31","slug":"hewlett-packard-enterprise-p47777-b21-controladora-de-almacenamiento-hpe-mr416i-p-gen11-spdm","status":"publish","type":"product","link":"https:\/\/compuviper.mx\/tienda\/producto\/hewlett-packard-enterprise-p47777-b21-controladora-de-almacenamiento-hpe-mr416i-p-gen11-spdm\/","title":{"rendered":"Hewlett Packard Enterprise P47777-b21 Controladora De Almacenamiento Hpe Mr416i-p Gen11 Spdm"},"content":{"rendered":"<table class=\"descripcion\">\n<tr>\n<td>Factor de forma<\/td>\n<\/tr>\n<tr>\n<td>(mr216i-p \/ mr416i-p) est\u00e1ndar pci hh\/hl (mr216i-o \/ mr416i-o \/ mr408i-o \/ mr408i-p) factor formato ocp nic 3.0<\/td>\n<\/tr>\n<tr>\n<td>Puertos<\/td>\n<\/tr>\n<tr>\n<td>Mr216i-o = 2 x 8 lp slimsas mr216i-p = 2 x 8 slimsas mr408i-o = 1 x 8 lp slimsas mr408i-p = 1 x 8 slimsas mr416i-o = 2 x 8 lp slimsas mr416i-p = 2 x 8 slimsas<\/td>\n<\/tr>\n<tr>\n<td>Cach\u00e9<\/td>\n<\/tr>\n<tr>\n<td>Mr216i-o = ninguno mr216i-p = ninguno mr408i-o = 4 gb mr408i-p = 4 gb mr416i-o = 8 gb mr416i-p = 8 gb<\/td>\n<\/tr>\n<tr>\n<td>Niveles de raid<\/td>\n<\/tr>\n<tr>\n<td>(mr416i-o \/ mr416i-p \/ mr408i-o \/ mr408i-p) \u0096 0, 1, 5, 6, 10, 50, 60 (mr216i-o \/ mr216i-p) \u0096 0, 1, 10<\/td>\n<\/tr>\n<tr>\n<td>Servidores soportados<\/td>\n<\/tr>\n<tr>\n<td>Consulta las especificaciones r\u00e1pidas de la plataforma para la compatibilidad del controlador.<\/td>\n<\/tr>\n<tr>\n<td>Certificaciones y conformidades<\/td>\n<\/tr>\n<tr>\n<td>Consulta las especificaciones r\u00e1pidas de los controladores hpe compute mr<\/td>\n<\/tr>\n<tr>\n<td>Unidades de cifrado seguro<\/td>\n<\/tr>\n<tr>\n<td>Admitido<\/td>\n<\/tr>\n<tr>\n<td>Protocolo de almacenamiento<\/td>\n<\/tr>\n<tr>\n<td>6g sata, 12g sas, 16g nvme<\/td>\n<\/tr>\n<tr>\n<td>Gesti\u00f3n del almacenamiento<\/td>\n<\/tr>\n<tr>\n<td>Gesti\u00f3n mrsa, storcli, uefi y redfish<\/td>\n<\/tr>\n<\/table>\n","protected":false},"excerpt":{"rendered":"<p>Estos controladores ofrecen la calidad, el rendimiento y la seguridad para tus aplicaciones para tareas cruciales.<\/p>\n","protected":false},"featured_media":258626,"comment_status":"open","ping_status":"open","template":"","meta":[],"product_cat":[1485,1580],"product_tag":[1568],"acf":[],"yoast_head":"<!-- This site is optimized with the Yoast SEO plugin v21.7 - https:\/\/yoast.com\/wordpress\/plugins\/seo\/ -->\n<title>[ Hewlett Packard Enterprise ] &#129351; P47777-b21 Controladora De Almacenamiento Hpe Mr416i-p Gen11 Spdm<\/title>\n<meta name=\"description\" content=\"Compra P47777-b21 Controladora De Almacenamiento Hpe Mr416i-p Gen11 Spdm + Env\u00edo a domicilio + Pago seguro + Garant\u00eda\" \/>\n<meta name=\"robots\" content=\"index, follow, max-snippet:-1, max-image-preview:large, max-video-preview:-1\" \/>\n<link rel=\"canonical\" href=\"https:\/\/compuviper.mx\/tienda\/producto\/hewlett-packard-enterprise-p47777-b21-controladora-de-almacenamiento-hpe-mr416i-p-gen11-spdm\/\" \/>\n<meta property=\"og:locale\" content=\"es_MX\" \/>\n<meta property=\"og:type\" content=\"article\" \/>\n<meta property=\"og:title\" content=\"[ Hewlett Packard Enterprise ] &#129351; P47777-b21 Controladora De Almacenamiento Hpe Mr416i-p Gen11 Spdm\" \/>\n<meta property=\"og:description\" content=\"Compra P47777-b21 Controladora De Almacenamiento Hpe Mr416i-p Gen11 Spdm + Env\u00edo a domicilio + Pago seguro + Garant\u00eda\" \/>\n<meta property=\"og:url\" content=\"https:\/\/compuviper.mx\/tienda\/producto\/hewlett-packard-enterprise-p47777-b21-controladora-de-almacenamiento-hpe-mr416i-p-gen11-spdm\/\" \/>\n<meta property=\"og:site_name\" content=\"Compuviper\" \/>\n<meta property=\"article:publisher\" content=\"https:\/\/www.facebook.com\/compuviper\" \/>\n<meta property=\"og:image\" content=\"https:\/\/compuviper.mx\/tienda\/wp-content\/uploads\/2025\/10\/Controladora-de-almacenamiento-hpe-mr416i-p-gen11-spdm.jpg\" \/>\n\t<meta property=\"og:image:width\" content=\"200\" \/>\n\t<meta property=\"og:image:height\" content=\"200\" \/>\n\t<meta property=\"og:image:type\" content=\"image\/jpeg\" \/>\n<meta name=\"twitter:card\" content=\"summary_large_image\" \/>\n<meta name=\"twitter:label1\" content=\"Precio\" \/>\n\t<meta name=\"twitter:data1\" content=\"&#36;35,833 con IVA\" \/>\n\t<meta name=\"twitter:label2\" content=\"Availability\" \/>\n\t<meta name=\"twitter:data2\" content=\"On backorder\" \/>\n<script type=\"application\/ld+json\" class=\"yoast-schema-graph\">{\"@context\":\"https:\/\/schema.org\",\"@graph\":[{\"@type\":\"WebPage\",\"@id\":\"https:\/\/compuviper.mx\/tienda\/producto\/hewlett-packard-enterprise-p47777-b21-controladora-de-almacenamiento-hpe-mr416i-p-gen11-spdm\/\",\"url\":\"https:\/\/compuviper.mx\/tienda\/producto\/hewlett-packard-enterprise-p47777-b21-controladora-de-almacenamiento-hpe-mr416i-p-gen11-spdm\/\",\"name\":\"[ Hewlett Packard Enterprise ] &#129351; P47777-b21 Controladora De Almacenamiento Hpe Mr416i-p Gen11 Spdm\",\"isPartOf\":{\"@id\":\"https:\/\/compuviper.mx\/tienda\/#website\"},\"datePublished\":\"2026-04-02T05:11:31+00:00\",\"dateModified\":\"2026-04-02T05:11:31+00:00\",\"description\":\"Compra P47777-b21 Controladora De Almacenamiento Hpe Mr416i-p Gen11 Spdm + Env\u00edo a domicilio + Pago seguro + Garant\u00eda\",\"breadcrumb\":{\"@id\":\"https:\/\/compuviper.mx\/tienda\/producto\/hewlett-packard-enterprise-p47777-b21-controladora-de-almacenamiento-hpe-mr416i-p-gen11-spdm\/#breadcrumb\"},\"inLanguage\":\"es-MX\",\"potentialAction\":[{\"@type\":\"ReadAction\",\"target\":[\"https:\/\/compuviper.mx\/tienda\/producto\/hewlett-packard-enterprise-p47777-b21-controladora-de-almacenamiento-hpe-mr416i-p-gen11-spdm\/\"]}]},{\"@type\":\"BreadcrumbList\",\"@id\":\"https:\/\/compuviper.mx\/tienda\/producto\/hewlett-packard-enterprise-p47777-b21-controladora-de-almacenamiento-hpe-mr416i-p-gen11-spdm\/#breadcrumb\",\"itemListElement\":[{\"@type\":\"ListItem\",\"position\":1,\"name\":\"Inicio\",\"item\":\"https:\/\/compuviper.mx\/tienda\/\"},{\"@type\":\"ListItem\",\"position\":2,\"name\":\"Productos\",\"item\":\"https:\/\/compuviper.mx\/tienda\/productos\/\"},{\"@type\":\"ListItem\",\"position\":3,\"name\":\"Accesorios\",\"item\":\"https:\/\/compuviper.mx\/tienda\/categoria-producto\/accesorios\/\"},{\"@type\":\"ListItem\",\"position\":4,\"name\":\"Servidores\",\"item\":\"https:\/\/compuviper.mx\/tienda\/categoria-producto\/accesorios\/servidores\/\"},{\"@type\":\"ListItem\",\"position\":5,\"name\":\"Hewlett Packard Enterprise P47777-b21 Controladora De Almacenamiento Hpe Mr416i-p Gen11 Spdm\"}]},{\"@type\":\"WebSite\",\"@id\":\"https:\/\/compuviper.mx\/tienda\/#website\",\"url\":\"https:\/\/compuviper.mx\/tienda\/\",\"name\":\"Compuviper\",\"description\":\"Proveedor de Computadoras, Laptops, Servidores, Monitores, Puntos de Venta, Teclados,   Impresoras, T\u00f3ner, C\u00e1maras de Seguridad y m\u00e1s en tu tienda en l\u00ednea\",\"publisher\":{\"@id\":\"https:\/\/compuviper.mx\/tienda\/#organization\"},\"potentialAction\":[{\"@type\":\"SearchAction\",\"target\":{\"@type\":\"EntryPoint\",\"urlTemplate\":\"https:\/\/compuviper.mx\/tienda\/?s={search_term_string}\"},\"query-input\":\"required name=search_term_string\"}],\"inLanguage\":\"es-MX\"},{\"@type\":\"Organization\",\"@id\":\"https:\/\/compuviper.mx\/tienda\/#organization\",\"name\":\"Compuviper\",\"url\":\"https:\/\/compuviper.mx\/tienda\/\",\"logo\":{\"@type\":\"ImageObject\",\"inLanguage\":\"es-MX\",\"@id\":\"https:\/\/compuviper.mx\/tienda\/#\/schema\/logo\/image\/\",\"url\":\"https:\/\/compuviper.mx\/tienda\/wp-content\/uploads\/2021\/08\/Logo-Compuviper-10.png\",\"contentUrl\":\"https:\/\/compuviper.mx\/tienda\/wp-content\/uploads\/2021\/08\/Logo-Compuviper-10.png\",\"width\":1000,\"height\":500,\"caption\":\"Compuviper\"},\"image\":{\"@id\":\"https:\/\/compuviper.mx\/tienda\/#\/schema\/logo\/image\/\"},\"sameAs\":[\"https:\/\/www.facebook.com\/compuviper\",\"https:\/\/www.youtube.com\/channel\/UCf73dERp9Y3cfOq7q8BhLjA?view_as=subscriber\"]}]}<\/script>\n<meta property=\"product:brand\" content=\"HEWLETT PACKARD ENTERPRISE\" \/>\n<meta property=\"product:price:amount\" content=\"35833\" \/>\n<meta property=\"product:price:currency\" content=\"MXN\" \/>\n<meta property=\"og:availability\" content=\"backorder\" \/>\n<meta property=\"product:availability\" content=\"available for order\" \/>\n<meta property=\"product:retailer_item_id\" content=\"P47777-B21\" \/>\n<meta property=\"product:condition\" content=\"new\" \/>\n<!-- \/ Yoast SEO plugin. -->","yoast_head_json":{"title":"[ Hewlett Packard Enterprise ] &#129351; P47777-b21 Controladora De Almacenamiento Hpe Mr416i-p Gen11 Spdm","description":"Compra P47777-b21 Controladora De Almacenamiento Hpe Mr416i-p Gen11 Spdm + Env\u00edo a domicilio + Pago seguro + Garant\u00eda","robots":{"index":"index","follow":"follow","max-snippet":"max-snippet:-1","max-image-preview":"max-image-preview:large","max-video-preview":"max-video-preview:-1"},"canonical":"https:\/\/compuviper.mx\/tienda\/producto\/hewlett-packard-enterprise-p47777-b21-controladora-de-almacenamiento-hpe-mr416i-p-gen11-spdm\/","og_locale":"es_MX","og_type":"article","og_title":"[ Hewlett Packard Enterprise ] &#129351; P47777-b21 Controladora De Almacenamiento Hpe Mr416i-p Gen11 Spdm","og_description":"Compra P47777-b21 Controladora De Almacenamiento Hpe Mr416i-p Gen11 Spdm + Env\u00edo a domicilio + Pago seguro + Garant\u00eda","og_url":"https:\/\/compuviper.mx\/tienda\/producto\/hewlett-packard-enterprise-p47777-b21-controladora-de-almacenamiento-hpe-mr416i-p-gen11-spdm\/","og_site_name":"Compuviper","article_publisher":"https:\/\/www.facebook.com\/compuviper","og_image":[{"width":200,"height":200,"url":"https:\/\/compuviper.mx\/tienda\/wp-content\/uploads\/2025\/10\/Controladora-de-almacenamiento-hpe-mr416i-p-gen11-spdm.jpg","type":"image\/jpeg"}],"twitter_card":"summary_large_image","twitter_misc":{"Precio":"&#36;35,833 con IVA","Availability":"On backorder"},"schema":{"@context":"https:\/\/schema.org","@graph":[{"@type":"WebPage","@id":"https:\/\/compuviper.mx\/tienda\/producto\/hewlett-packard-enterprise-p47777-b21-controladora-de-almacenamiento-hpe-mr416i-p-gen11-spdm\/","url":"https:\/\/compuviper.mx\/tienda\/producto\/hewlett-packard-enterprise-p47777-b21-controladora-de-almacenamiento-hpe-mr416i-p-gen11-spdm\/","name":"[ Hewlett Packard Enterprise ] &#129351; P47777-b21 Controladora De Almacenamiento Hpe Mr416i-p Gen11 Spdm","isPartOf":{"@id":"https:\/\/compuviper.mx\/tienda\/#website"},"datePublished":"2026-04-02T05:11:31+00:00","dateModified":"2026-04-02T05:11:31+00:00","description":"Compra P47777-b21 Controladora De Almacenamiento Hpe Mr416i-p Gen11 Spdm + Env\u00edo a domicilio + Pago seguro + Garant\u00eda","breadcrumb":{"@id":"https:\/\/compuviper.mx\/tienda\/producto\/hewlett-packard-enterprise-p47777-b21-controladora-de-almacenamiento-hpe-mr416i-p-gen11-spdm\/#breadcrumb"},"inLanguage":"es-MX","potentialAction":[{"@type":"ReadAction","target":["https:\/\/compuviper.mx\/tienda\/producto\/hewlett-packard-enterprise-p47777-b21-controladora-de-almacenamiento-hpe-mr416i-p-gen11-spdm\/"]}]},{"@type":"BreadcrumbList","@id":"https:\/\/compuviper.mx\/tienda\/producto\/hewlett-packard-enterprise-p47777-b21-controladora-de-almacenamiento-hpe-mr416i-p-gen11-spdm\/#breadcrumb","itemListElement":[{"@type":"ListItem","position":1,"name":"Inicio","item":"https:\/\/compuviper.mx\/tienda\/"},{"@type":"ListItem","position":2,"name":"Productos","item":"https:\/\/compuviper.mx\/tienda\/productos\/"},{"@type":"ListItem","position":3,"name":"Accesorios","item":"https:\/\/compuviper.mx\/tienda\/categoria-producto\/accesorios\/"},{"@type":"ListItem","position":4,"name":"Servidores","item":"https:\/\/compuviper.mx\/tienda\/categoria-producto\/accesorios\/servidores\/"},{"@type":"ListItem","position":5,"name":"Hewlett Packard Enterprise P47777-b21 Controladora De Almacenamiento Hpe Mr416i-p Gen11 Spdm"}]},{"@type":"WebSite","@id":"https:\/\/compuviper.mx\/tienda\/#website","url":"https:\/\/compuviper.mx\/tienda\/","name":"Compuviper","description":"Proveedor de Computadoras, Laptops, Servidores, Monitores, Puntos de Venta, Teclados,   Impresoras, T\u00f3ner, C\u00e1maras de Seguridad y m\u00e1s en tu tienda en l\u00ednea","publisher":{"@id":"https:\/\/compuviper.mx\/tienda\/#organization"},"potentialAction":[{"@type":"SearchAction","target":{"@type":"EntryPoint","urlTemplate":"https:\/\/compuviper.mx\/tienda\/?s={search_term_string}"},"query-input":"required name=search_term_string"}],"inLanguage":"es-MX"},{"@type":"Organization","@id":"https:\/\/compuviper.mx\/tienda\/#organization","name":"Compuviper","url":"https:\/\/compuviper.mx\/tienda\/","logo":{"@type":"ImageObject","inLanguage":"es-MX","@id":"https:\/\/compuviper.mx\/tienda\/#\/schema\/logo\/image\/","url":"https:\/\/compuviper.mx\/tienda\/wp-content\/uploads\/2021\/08\/Logo-Compuviper-10.png","contentUrl":"https:\/\/compuviper.mx\/tienda\/wp-content\/uploads\/2021\/08\/Logo-Compuviper-10.png","width":1000,"height":500,"caption":"Compuviper"},"image":{"@id":"https:\/\/compuviper.mx\/tienda\/#\/schema\/logo\/image\/"},"sameAs":["https:\/\/www.facebook.com\/compuviper","https:\/\/www.youtube.com\/channel\/UCf73dERp9Y3cfOq7q8BhLjA?view_as=subscriber"]}]},"product_brand":"HEWLETT PACKARD ENTERPRISE","product_price_amount":"35833","product_price_currency":"MXN","og_availability":"backorder","product_availability":"available for order","product_retailer_item_id":"P47777-B21","product_condition":"new"},"_links":{"self":[{"href":"https:\/\/compuviper.mx\/tienda\/wp-json\/wp\/v2\/product\/254522"}],"collection":[{"href":"https:\/\/compuviper.mx\/tienda\/wp-json\/wp\/v2\/product"}],"about":[{"href":"https:\/\/compuviper.mx\/tienda\/wp-json\/wp\/v2\/types\/product"}],"replies":[{"embeddable":true,"href":"https:\/\/compuviper.mx\/tienda\/wp-json\/wp\/v2\/comments?post=254522"}],"wp:featuredmedia":[{"embeddable":true,"href":"https:\/\/compuviper.mx\/tienda\/wp-json\/wp\/v2\/media\/258626"}],"wp:attachment":[{"href":"https:\/\/compuviper.mx\/tienda\/wp-json\/wp\/v2\/media?parent=254522"}],"wp:term":[{"taxonomy":"product_cat","embeddable":true,"href":"https:\/\/compuviper.mx\/tienda\/wp-json\/wp\/v2\/product_cat?post=254522"},{"taxonomy":"product_tag","embeddable":true,"href":"https:\/\/compuviper.mx\/tienda\/wp-json\/wp\/v2\/product_tag?post=254522"}],"curies":[{"name":"wp","href":"https:\/\/api.w.org\/{rel}","templated":true}]}}