{"id":254462,"date":"2026-04-02T01:27:55","date_gmt":"2026-04-02T07:27:55","guid":{"rendered":"https:\/\/compuviper.mx\/tienda\/producto\/dell-8n5df-todo-en-uno-aio-pro-24-intel-core-ultra-7-265-16-gb-ddr5-512-gb-ssd-pantalla-24-teclado-y-mouse-win-11-pro-3-aos-de-garantia-basica-negro\/"},"modified":"2026-04-02T01:27:55","modified_gmt":"2026-04-02T07:27:55","slug":"dell-8n5df-todo-en-uno-aio-pro-24-intel-core-ultra-7-265-16-gb-ddr5-512-gb-ssd-pantalla-24-teclado-y-mouse-win-11-pro-3-aos-de-garantia-basica-negro","status":"publish","type":"product","link":"https:\/\/compuviper.mx\/tienda\/producto\/dell-8n5df-todo-en-uno-aio-pro-24-intel-core-ultra-7-265-16-gb-ddr5-512-gb-ssd-pantalla-24-teclado-y-mouse-win-11-pro-3-aos-de-garantia-basica-negro\/","title":{"rendered":"Dell 8n5df Todo En Uno Aio  Pro 24 Intel Core Ultra 7 265 16 Gb Ddr5 512 Gb Ssd Pantalla 24 Teclado Y Mouse Win 11 Pro 3 A?os De Garantia Basica Negro"},"content":{"rendered":"<table class=\"descripcion\">\n<tr>\n<td>N\u00famero de pieza de proveedor: 8n5df<\/td>\n<\/tr>\n<tr>\n<td>Processor: intel\u00ae core\u0099 ultra 7 265 vpro\u00ae (13 tops npu, 20 cores, up to 5.3ghz)<\/td>\n<\/tr>\n<tr>\n<td>Memory: 16 gb: 1 x 16 gb, ddr5, up to 5600 mt\/s, non-ecc<\/td>\n<\/tr>\n<tr>\n<td>Intel\u00ae wi-fi 6e ax211, 2&#215;2, 802.11ax, bluetooth\u00ae wireless card<\/td>\n<\/tr>\n<tr>\n<td>Keyboard: dell wired keyboard &#8211; kb216 &#8211; spanish &#8211; black<\/td>\n<\/tr>\n<tr>\n<td>Mouse: dell wired mouse &#8211; ms116 black<\/td>\n<\/tr>\n<tr>\n<td>Operating system: windows 11 pro<\/td>\n<\/tr>\n<tr>\n<td>Line of business: dell pro desktops<\/td>\n<\/tr>\n<tr>\n<td>Modelo: dell pro 24 aio qc24250<\/td>\n<\/tr>\n<tr>\n<td>Upc: 884116487937<\/td>\n<\/tr>\n<tr>\n<td>Dell pro 24 all-in-one qc24250, 65w cpu, non-touch, fhd hdr camera, 160w bronze<\/td>\n<\/tr>\n<tr>\n<td>Storage: 512gb ssd<\/td>\n<\/tr>\n<tr>\n<td>Microsoft: activate your microsoft 365 for a 30 day trial<\/td>\n<\/tr>\n<tr>\n<td>Color: black<\/td>\n<\/tr>\n<tr>\n<td>Hdmi port:<\/td>\n<\/tr>\n<tr>\n<td>1 displayport++ 1.4a hbr3\/hdcp 2.3 port 1 hdmi-out 2.1 tmds 4k\/hdcp2.3 port 1 hdmi-in 1.4 fhd\/hdcp 1.4 port<\/td>\n<\/tr>\n<tr>\n<td>Usb ports:<\/td>\n<\/tr>\n<tr>\n<td>Right: 1 usb 3.2 gen 2 (10 gbps) port with powershare display bottom: 1 usb 3.2 gen 2 (10 gbps) type-c\u00ae port back panel: 3 usb 3.2 gen 2 (10 gbps) ports 2 usb 3.2 gen 1 (5 gbps) ports with smartpower on 1 usb 3.2 gen 2&#215;2 (20 gbps) type-c\u00ae port<\/td>\n<\/tr>\n<tr>\n<td>Warranty: 3 year hardware service with onsite sns-la<\/td>\n<\/tr>\n<\/table>\n","protected":false},"excerpt":{"rendered":"<p>Incorporamos la \u0093ia\u0094 en las \u0093todo en uno?. Lleve su rendimiento al siguiente nivel con esta computadora de escritorio todo en uno. Est\u00e1 diseada para acelerar las tareas de ia y facilitar su jornada laboral. Este centro de productividad est\u00e1 diseado para ofrecer un rendimiento m\u00e1s inteligente y una colaboracin de primera categora, perfecto para el lugar de trabajo actual.<\/p>\n","protected":false},"featured_media":260505,"comment_status":"open","ping_status":"open","template":"","meta":[],"product_cat":[1971,1977],"product_tag":[1537],"acf":[],"yoast_head":"<!-- This site is optimized with the Yoast SEO plugin v21.7 - https:\/\/yoast.com\/wordpress\/plugins\/seo\/ -->\n<title>[ Dell ] &#129351; 8n5df Todo En Uno Aio Pro 24 Intel Core Ultra 7 265 16 Gb Ddr5 512 Gb Ssd Pantalla 24 Teclado Y Mouse Win 11 Pro 3 A\u00f1os De Garantia Basica Negro<\/title>\n<meta name=\"description\" content=\"Compra 8n5df Todo En Uno Aio Pro 24 Intel Core Ultra 7 265 16 Gb Ddr5 512 Gb Ssd Pantalla 24 Teclado Y Mouse Win 11 Pro 3 A\u00f1os De Garantia Basica Negro + Env\u00edo a domicilio + Pago seguro + Garant\u00eda\" \/>\n<meta name=\"robots\" content=\"index, follow, max-snippet:-1, max-image-preview:large, max-video-preview:-1\" \/>\n<link rel=\"canonical\" href=\"https:\/\/compuviper.mx\/tienda\/producto\/dell-8n5df-todo-en-uno-aio-pro-24-intel-core-ultra-7-265-16-gb-ddr5-512-gb-ssd-pantalla-24-teclado-y-mouse-win-11-pro-3-aos-de-garantia-basica-negro\/\" \/>\n<meta property=\"og:locale\" content=\"es_MX\" \/>\n<meta property=\"og:type\" content=\"article\" \/>\n<meta property=\"og:title\" content=\"[ Dell ] &#129351; 8n5df Todo En Uno Aio Pro 24 Intel Core Ultra 7 265 16 Gb Ddr5 512 Gb Ssd Pantalla 24 Teclado Y Mouse Win 11 Pro 3 A\u00f1os De Garantia Basica Negro\" \/>\n<meta property=\"og:description\" content=\"Compra 8n5df Todo En Uno Aio Pro 24 Intel Core Ultra 7 265 16 Gb Ddr5 512 Gb Ssd Pantalla 24 Teclado Y Mouse Win 11 Pro 3 A\u00f1os De Garantia Basica Negro + Env\u00edo a domicilio + Pago seguro + Garant\u00eda\" \/>\n<meta property=\"og:url\" content=\"https:\/\/compuviper.mx\/tienda\/producto\/dell-8n5df-todo-en-uno-aio-pro-24-intel-core-ultra-7-265-16-gb-ddr5-512-gb-ssd-pantalla-24-teclado-y-mouse-win-11-pro-3-aos-de-garantia-basica-negro\/\" \/>\n<meta property=\"og:site_name\" content=\"Compuviper\" \/>\n<meta property=\"article:publisher\" content=\"https:\/\/www.facebook.com\/compuviper\" \/>\n<meta property=\"og:image\" content=\"https:\/\/compuviper.mx\/tienda\/wp-content\/uploads\/2025\/10\/Todo-en-uno-aio-dell-pro-24-intel-core-ultra-7-265-16-gb-ddr5-512-gb-ssd-pantalla-24-teclado-y-mouse-win-11-pro-3-anos-de-garantia-basica-negro-8n5df.jpg\" \/>\n\t<meta property=\"og:image:width\" content=\"200\" \/>\n\t<meta property=\"og:image:height\" content=\"200\" \/>\n\t<meta property=\"og:image:type\" content=\"image\/jpeg\" \/>\n<meta name=\"twitter:card\" content=\"summary_large_image\" \/>\n<meta name=\"twitter:label1\" content=\"Precio\" \/>\n\t<meta name=\"twitter:data1\" content=\"&#36;24,309 &#36;23,744 con IVA\" \/>\n\t<meta name=\"twitter:label2\" content=\"Availability\" \/>\n\t<meta name=\"twitter:data2\" content=\"In stock\" \/>\n<script type=\"application\/ld+json\" class=\"yoast-schema-graph\">{\"@context\":\"https:\/\/schema.org\",\"@graph\":[{\"@type\":\"WebPage\",\"@id\":\"https:\/\/compuviper.mx\/tienda\/producto\/dell-8n5df-todo-en-uno-aio-pro-24-intel-core-ultra-7-265-16-gb-ddr5-512-gb-ssd-pantalla-24-teclado-y-mouse-win-11-pro-3-aos-de-garantia-basica-negro\/\",\"url\":\"https:\/\/compuviper.mx\/tienda\/producto\/dell-8n5df-todo-en-uno-aio-pro-24-intel-core-ultra-7-265-16-gb-ddr5-512-gb-ssd-pantalla-24-teclado-y-mouse-win-11-pro-3-aos-de-garantia-basica-negro\/\",\"name\":\"[ Dell ] &#129351; 8n5df Todo En Uno Aio Pro 24 Intel Core Ultra 7 265 16 Gb Ddr5 512 Gb Ssd Pantalla 24 Teclado Y Mouse Win 11 Pro 3 A\u00f1os De Garantia Basica Negro\",\"isPartOf\":{\"@id\":\"https:\/\/compuviper.mx\/tienda\/#website\"},\"datePublished\":\"2026-04-02T07:27:55+00:00\",\"dateModified\":\"2026-04-02T07:27:55+00:00\",\"description\":\"Compra 8n5df Todo En Uno Aio Pro 24 Intel Core Ultra 7 265 16 Gb Ddr5 512 Gb Ssd Pantalla 24 Teclado Y Mouse Win 11 Pro 3 A\u00f1os De Garantia Basica Negro + Env\u00edo a domicilio + Pago seguro + Garant\u00eda\",\"breadcrumb\":{\"@id\":\"https:\/\/compuviper.mx\/tienda\/producto\/dell-8n5df-todo-en-uno-aio-pro-24-intel-core-ultra-7-265-16-gb-ddr5-512-gb-ssd-pantalla-24-teclado-y-mouse-win-11-pro-3-aos-de-garantia-basica-negro\/#breadcrumb\"},\"inLanguage\":\"es-MX\",\"potentialAction\":[{\"@type\":\"ReadAction\",\"target\":[\"https:\/\/compuviper.mx\/tienda\/producto\/dell-8n5df-todo-en-uno-aio-pro-24-intel-core-ultra-7-265-16-gb-ddr5-512-gb-ssd-pantalla-24-teclado-y-mouse-win-11-pro-3-aos-de-garantia-basica-negro\/\"]}]},{\"@type\":\"BreadcrumbList\",\"@id\":\"https:\/\/compuviper.mx\/tienda\/producto\/dell-8n5df-todo-en-uno-aio-pro-24-intel-core-ultra-7-265-16-gb-ddr5-512-gb-ssd-pantalla-24-teclado-y-mouse-win-11-pro-3-aos-de-garantia-basica-negro\/#breadcrumb\",\"itemListElement\":[{\"@type\":\"ListItem\",\"position\":1,\"name\":\"Inicio\",\"item\":\"https:\/\/compuviper.mx\/tienda\/\"},{\"@type\":\"ListItem\",\"position\":2,\"name\":\"Productos\",\"item\":\"https:\/\/compuviper.mx\/tienda\/productos\/\"},{\"@type\":\"ListItem\",\"position\":3,\"name\":\"Computadoras\",\"item\":\"https:\/\/compuviper.mx\/tienda\/categoria-producto\/computadoras\/\"},{\"@type\":\"ListItem\",\"position\":4,\"name\":\"All In One\",\"item\":\"https:\/\/compuviper.mx\/tienda\/categoria-producto\/computadoras\/all-in-one-computadoras\/\"},{\"@type\":\"ListItem\",\"position\":5,\"name\":\"Dell 8n5df Todo En Uno Aio Pro 24 Intel Core Ultra 7 265 16 Gb Ddr5 512 Gb Ssd Pantalla 24 Teclado Y Mouse Win 11 Pro 3 A?os De Garantia Basica Negro\"}]},{\"@type\":\"WebSite\",\"@id\":\"https:\/\/compuviper.mx\/tienda\/#website\",\"url\":\"https:\/\/compuviper.mx\/tienda\/\",\"name\":\"Compuviper\",\"description\":\"Proveedor de Computadoras, Laptops, Servidores, Monitores, Puntos de Venta, Teclados,   Impresoras, T\u00f3ner, C\u00e1maras de Seguridad y m\u00e1s en tu tienda en l\u00ednea\",\"publisher\":{\"@id\":\"https:\/\/compuviper.mx\/tienda\/#organization\"},\"potentialAction\":[{\"@type\":\"SearchAction\",\"target\":{\"@type\":\"EntryPoint\",\"urlTemplate\":\"https:\/\/compuviper.mx\/tienda\/?s={search_term_string}\"},\"query-input\":\"required name=search_term_string\"}],\"inLanguage\":\"es-MX\"},{\"@type\":\"Organization\",\"@id\":\"https:\/\/compuviper.mx\/tienda\/#organization\",\"name\":\"Compuviper\",\"url\":\"https:\/\/compuviper.mx\/tienda\/\",\"logo\":{\"@type\":\"ImageObject\",\"inLanguage\":\"es-MX\",\"@id\":\"https:\/\/compuviper.mx\/tienda\/#\/schema\/logo\/image\/\",\"url\":\"https:\/\/compuviper.mx\/tienda\/wp-content\/uploads\/2021\/08\/Logo-Compuviper-10.png\",\"contentUrl\":\"https:\/\/compuviper.mx\/tienda\/wp-content\/uploads\/2021\/08\/Logo-Compuviper-10.png\",\"width\":1000,\"height\":500,\"caption\":\"Compuviper\"},\"image\":{\"@id\":\"https:\/\/compuviper.mx\/tienda\/#\/schema\/logo\/image\/\"},\"sameAs\":[\"https:\/\/www.facebook.com\/compuviper\",\"https:\/\/www.youtube.com\/channel\/UCf73dERp9Y3cfOq7q8BhLjA?view_as=subscriber\"]}]}<\/script>\n<meta property=\"product:brand\" content=\"DELL\" \/>\n<meta property=\"product:price:amount\" content=\"23744\" \/>\n<meta property=\"product:price:currency\" content=\"MXN\" \/>\n<meta property=\"og:availability\" content=\"instock\" \/>\n<meta property=\"product:availability\" content=\"instock\" \/>\n<meta property=\"product:retailer_item_id\" content=\"8N5DF\" \/>\n<meta property=\"product:condition\" content=\"new\" \/>\n<!-- \/ Yoast SEO plugin. -->","yoast_head_json":{"title":"[ Dell ] &#129351; 8n5df Todo En Uno Aio Pro 24 Intel Core Ultra 7 265 16 Gb Ddr5 512 Gb Ssd Pantalla 24 Teclado Y Mouse Win 11 Pro 3 A\u00f1os De Garantia Basica Negro","description":"Compra 8n5df Todo En Uno Aio Pro 24 Intel Core Ultra 7 265 16 Gb Ddr5 512 Gb Ssd Pantalla 24 Teclado Y Mouse Win 11 Pro 3 A\u00f1os De Garantia Basica Negro + Env\u00edo a domicilio + Pago seguro + Garant\u00eda","robots":{"index":"index","follow":"follow","max-snippet":"max-snippet:-1","max-image-preview":"max-image-preview:large","max-video-preview":"max-video-preview:-1"},"canonical":"https:\/\/compuviper.mx\/tienda\/producto\/dell-8n5df-todo-en-uno-aio-pro-24-intel-core-ultra-7-265-16-gb-ddr5-512-gb-ssd-pantalla-24-teclado-y-mouse-win-11-pro-3-aos-de-garantia-basica-negro\/","og_locale":"es_MX","og_type":"article","og_title":"[ Dell ] &#129351; 8n5df Todo En Uno Aio Pro 24 Intel Core Ultra 7 265 16 Gb Ddr5 512 Gb Ssd Pantalla 24 Teclado Y Mouse Win 11 Pro 3 A\u00f1os De Garantia Basica Negro","og_description":"Compra 8n5df Todo En Uno Aio Pro 24 Intel Core Ultra 7 265 16 Gb Ddr5 512 Gb Ssd Pantalla 24 Teclado Y Mouse Win 11 Pro 3 A\u00f1os De Garantia Basica Negro + Env\u00edo a domicilio + Pago seguro + Garant\u00eda","og_url":"https:\/\/compuviper.mx\/tienda\/producto\/dell-8n5df-todo-en-uno-aio-pro-24-intel-core-ultra-7-265-16-gb-ddr5-512-gb-ssd-pantalla-24-teclado-y-mouse-win-11-pro-3-aos-de-garantia-basica-negro\/","og_site_name":"Compuviper","article_publisher":"https:\/\/www.facebook.com\/compuviper","og_image":[{"width":200,"height":200,"url":"https:\/\/compuviper.mx\/tienda\/wp-content\/uploads\/2025\/10\/Todo-en-uno-aio-dell-pro-24-intel-core-ultra-7-265-16-gb-ddr5-512-gb-ssd-pantalla-24-teclado-y-mouse-win-11-pro-3-anos-de-garantia-basica-negro-8n5df.jpg","type":"image\/jpeg"}],"twitter_card":"summary_large_image","twitter_misc":{"Precio":"&#36;24,309 &#36;23,744 con IVA","Availability":"In stock"},"schema":{"@context":"https:\/\/schema.org","@graph":[{"@type":"WebPage","@id":"https:\/\/compuviper.mx\/tienda\/producto\/dell-8n5df-todo-en-uno-aio-pro-24-intel-core-ultra-7-265-16-gb-ddr5-512-gb-ssd-pantalla-24-teclado-y-mouse-win-11-pro-3-aos-de-garantia-basica-negro\/","url":"https:\/\/compuviper.mx\/tienda\/producto\/dell-8n5df-todo-en-uno-aio-pro-24-intel-core-ultra-7-265-16-gb-ddr5-512-gb-ssd-pantalla-24-teclado-y-mouse-win-11-pro-3-aos-de-garantia-basica-negro\/","name":"[ Dell ] &#129351; 8n5df Todo En Uno Aio Pro 24 Intel Core Ultra 7 265 16 Gb Ddr5 512 Gb Ssd Pantalla 24 Teclado Y Mouse Win 11 Pro 3 A\u00f1os De Garantia Basica Negro","isPartOf":{"@id":"https:\/\/compuviper.mx\/tienda\/#website"},"datePublished":"2026-04-02T07:27:55+00:00","dateModified":"2026-04-02T07:27:55+00:00","description":"Compra 8n5df Todo En Uno Aio Pro 24 Intel Core Ultra 7 265 16 Gb Ddr5 512 Gb Ssd Pantalla 24 Teclado Y Mouse Win 11 Pro 3 A\u00f1os De Garantia Basica Negro + Env\u00edo a domicilio + Pago seguro + Garant\u00eda","breadcrumb":{"@id":"https:\/\/compuviper.mx\/tienda\/producto\/dell-8n5df-todo-en-uno-aio-pro-24-intel-core-ultra-7-265-16-gb-ddr5-512-gb-ssd-pantalla-24-teclado-y-mouse-win-11-pro-3-aos-de-garantia-basica-negro\/#breadcrumb"},"inLanguage":"es-MX","potentialAction":[{"@type":"ReadAction","target":["https:\/\/compuviper.mx\/tienda\/producto\/dell-8n5df-todo-en-uno-aio-pro-24-intel-core-ultra-7-265-16-gb-ddr5-512-gb-ssd-pantalla-24-teclado-y-mouse-win-11-pro-3-aos-de-garantia-basica-negro\/"]}]},{"@type":"BreadcrumbList","@id":"https:\/\/compuviper.mx\/tienda\/producto\/dell-8n5df-todo-en-uno-aio-pro-24-intel-core-ultra-7-265-16-gb-ddr5-512-gb-ssd-pantalla-24-teclado-y-mouse-win-11-pro-3-aos-de-garantia-basica-negro\/#breadcrumb","itemListElement":[{"@type":"ListItem","position":1,"name":"Inicio","item":"https:\/\/compuviper.mx\/tienda\/"},{"@type":"ListItem","position":2,"name":"Productos","item":"https:\/\/compuviper.mx\/tienda\/productos\/"},{"@type":"ListItem","position":3,"name":"Computadoras","item":"https:\/\/compuviper.mx\/tienda\/categoria-producto\/computadoras\/"},{"@type":"ListItem","position":4,"name":"All In One","item":"https:\/\/compuviper.mx\/tienda\/categoria-producto\/computadoras\/all-in-one-computadoras\/"},{"@type":"ListItem","position":5,"name":"Dell 8n5df Todo En Uno Aio Pro 24 Intel Core Ultra 7 265 16 Gb Ddr5 512 Gb Ssd Pantalla 24 Teclado Y Mouse Win 11 Pro 3 A?os De Garantia Basica Negro"}]},{"@type":"WebSite","@id":"https:\/\/compuviper.mx\/tienda\/#website","url":"https:\/\/compuviper.mx\/tienda\/","name":"Compuviper","description":"Proveedor de Computadoras, Laptops, Servidores, Monitores, Puntos de Venta, Teclados,   Impresoras, T\u00f3ner, C\u00e1maras de Seguridad y m\u00e1s en tu tienda en l\u00ednea","publisher":{"@id":"https:\/\/compuviper.mx\/tienda\/#organization"},"potentialAction":[{"@type":"SearchAction","target":{"@type":"EntryPoint","urlTemplate":"https:\/\/compuviper.mx\/tienda\/?s={search_term_string}"},"query-input":"required name=search_term_string"}],"inLanguage":"es-MX"},{"@type":"Organization","@id":"https:\/\/compuviper.mx\/tienda\/#organization","name":"Compuviper","url":"https:\/\/compuviper.mx\/tienda\/","logo":{"@type":"ImageObject","inLanguage":"es-MX","@id":"https:\/\/compuviper.mx\/tienda\/#\/schema\/logo\/image\/","url":"https:\/\/compuviper.mx\/tienda\/wp-content\/uploads\/2021\/08\/Logo-Compuviper-10.png","contentUrl":"https:\/\/compuviper.mx\/tienda\/wp-content\/uploads\/2021\/08\/Logo-Compuviper-10.png","width":1000,"height":500,"caption":"Compuviper"},"image":{"@id":"https:\/\/compuviper.mx\/tienda\/#\/schema\/logo\/image\/"},"sameAs":["https:\/\/www.facebook.com\/compuviper","https:\/\/www.youtube.com\/channel\/UCf73dERp9Y3cfOq7q8BhLjA?view_as=subscriber"]}]},"product_brand":"DELL","product_price_amount":"23744","product_price_currency":"MXN","og_availability":"instock","product_availability":"instock","product_retailer_item_id":"8N5DF","product_condition":"new"},"_links":{"self":[{"href":"https:\/\/compuviper.mx\/tienda\/wp-json\/wp\/v2\/product\/254462"}],"collection":[{"href":"https:\/\/compuviper.mx\/tienda\/wp-json\/wp\/v2\/product"}],"about":[{"href":"https:\/\/compuviper.mx\/tienda\/wp-json\/wp\/v2\/types\/product"}],"replies":[{"embeddable":true,"href":"https:\/\/compuviper.mx\/tienda\/wp-json\/wp\/v2\/comments?post=254462"}],"wp:featuredmedia":[{"embeddable":true,"href":"https:\/\/compuviper.mx\/tienda\/wp-json\/wp\/v2\/media\/260505"}],"wp:attachment":[{"href":"https:\/\/compuviper.mx\/tienda\/wp-json\/wp\/v2\/media?parent=254462"}],"wp:term":[{"taxonomy":"product_cat","embeddable":true,"href":"https:\/\/compuviper.mx\/tienda\/wp-json\/wp\/v2\/product_cat?post=254462"},{"taxonomy":"product_tag","embeddable":true,"href":"https:\/\/compuviper.mx\/tienda\/wp-json\/wp\/v2\/product_tag?post=254462"}],"curies":[{"name":"wp","href":"https:\/\/api.w.org\/{rel}","templated":true}]}}