{"id":254432,"date":"2026-04-18T00:21:10","date_gmt":"2026-04-18T06:21:10","guid":{"rendered":"https:\/\/compuviper.mx\/tienda\/producto\/logitech-960-001723-webcam-brio-4k-ultra-hd-13mp-30-fps-zoom-5x-enfoque-automatico-usb-c\/"},"modified":"2026-04-18T00:21:10","modified_gmt":"2026-04-18T06:21:10","slug":"logitech-960-001723-webcam-brio-4k-ultra-hd-13mp-30-fps-zoom-5x-enfoque-automatico-usb-c","status":"publish","type":"product","link":"https:\/\/compuviper.mx\/tienda\/producto\/logitech-960-001723-webcam-brio-4k-ultra-hd-13mp-30-fps-zoom-5x-enfoque-automatico-usb-c\/","title":{"rendered":"Logitech 960-001723 Webcam  Brio 4k Ultra Hd 13mp 30 Fps Zoom 5x Enfoque Automatico Usb-c"},"content":{"rendered":"<table class=\"descripcion\">\n<tr>\n<td>Especificaciones tecnicas<\/td>\n<\/tr>\n<tr>\n<td>Camara<\/td>\n<\/tr>\n<tr>\n<td>Multiples resoluciones:<\/td>\n<\/tr>\n<tr>\n<td>4k\/30 fps (hasta 4096 x 2160 pixeles),<\/td>\n<\/tr>\n<tr>\n<td>1080p\/60 fps (hasta 1920&#215;1080 pixeles) o<\/td>\n<\/tr>\n<tr>\n<td>720p\/90 fps (hasta 1280&#215;720 pixeles)<\/td>\n<\/tr>\n<tr>\n<td>Sensor de imagen: 13mp<\/td>\n<\/tr>\n<tr>\n<td>Campo visual diagonal (dfov): 90\u00b0\/78\u00b0\/65\u00b0<\/td>\n<\/tr>\n<tr>\n<td>Zoom digital: 5x<\/td>\n<\/tr>\n<tr>\n<td>Tipo de enfoque: enfoque automatico<\/td>\n<\/tr>\n<tr>\n<td>Tipo de lente: cristal<\/td>\n<\/tr>\n<tr>\n<td>Rightlight 3 para una imagen clara en varios entornos de iluminacion que van desde poca luz hasta luz solar directa<\/td>\n<\/tr>\n<tr>\n<td>Tecnologia de sensor infrarrojo para windows hello<\/td>\n<\/tr>\n<tr>\n<td>Audio<\/td>\n<\/tr>\n<tr>\n<td>Microfono incorporado dual omnidireccional con un alcance de hasta 1.2 m<\/td>\n<\/tr>\n<tr>\n<td>Conectividad<\/td>\n<\/tr>\n<tr>\n<td>Usb-a o usb-c plug-and-play (con adaptador de terceros (no incluido))<\/td>\n<\/tr>\n<tr>\n<td>Tapa de privacidad<\/td>\n<\/tr>\n<tr>\n<td>Extraible<\/td>\n<\/tr>\n<tr>\n<td>Dimensiones<\/td>\n<\/tr>\n<tr>\n<td>Camara web<\/td>\n<\/tr>\n<tr>\n<td>Altura: 27 mm<\/td>\n<\/tr>\n<tr>\n<td>Anchura: 102 mm<\/td>\n<\/tr>\n<tr>\n<td>Profundidad: 26,5 mm<\/td>\n<\/tr>\n<tr>\n<td>Longitud del cable: 1,5 m<\/td>\n<\/tr>\n<tr>\n<td>Peso: 65 g<\/td>\n<\/tr>\n<tr>\n<td>Clip de montaje<\/td>\n<\/tr>\n<tr>\n<td>Altura: 23,8 mm<\/td>\n<\/tr>\n<tr>\n<td>Anchura: 36,3 mm<\/td>\n<\/tr>\n<tr>\n<td>Profundidad: 62.7 mm<\/td>\n<\/tr>\n<tr>\n<td>Peso: 69.2 g<\/td>\n<\/tr>\n<tr>\n<td>Empaque<\/td>\n<\/tr>\n<tr>\n<td>Longitud: 13.9 cm<\/td>\n<\/tr>\n<tr>\n<td>Anchura: 7.1 cm<\/td>\n<\/tr>\n<tr>\n<td>Profundidad: 13.4 cm<\/td>\n<\/tr>\n<tr>\n<td>Peso: 300 g<\/td>\n<\/tr>\n<tr>\n<td>Opciones de montaje<\/td>\n<\/tr>\n<tr>\n<td>Clip de montaje universal desmontable que se adapta a monitores, pantallas lcd y laptops, rosca de \u00bc\u0094 para montaje en tr\u00edpode. (tr\u00edpode no incluido)<\/td>\n<\/tr>\n<tr>\n<td>Software compatible<\/td>\n<\/tr>\n<tr>\n<td>Descarga logi tune en www.logitech.com\/tune para ajustar el color y el brillo. (requiere logi tune descargado en el dispositivo individual. logi tune solo disponible en windows y macos. descarga o consulta la compatibilidad del software en logi.com\/tune)<\/td>\n<\/tr>\n<tr>\n<td>Implementacion y administracion<\/td>\n<\/tr>\n<tr>\n<td>Logitech sync admite implementaciones a escala en toda la empresa. puedes monitorear y administrar los dispositivos de colaboracion personal desde una sola plataforma con sync.<\/td>\n<\/tr>\n<tr>\n<td>Especificaciones de sostenibilidad<\/td>\n<\/tr>\n<tr>\n<td>Plasticos: 38% de material reciclado posconsumo (excluye plastico del conjunto de cableado impreso (pwa), microfono, cable y empaque).<\/td>\n<\/tr>\n<tr>\n<td>Carcasa de la camara: aluminio con baja huella de carbono<\/td>\n<\/tr>\n<tr>\n<td>Empacado de papel: certificaci\u00f3n fsc<\/td>\n<\/tr>\n<tr>\n<td>Huella de carbono del producto: 12.97 kg co2e<\/td>\n<\/tr>\n<tr>\n<td>Informacion de garantia<\/td>\n<\/tr>\n<tr>\n<td>Tres a\u00f1os de garantia limitada del hardware<\/td>\n<\/tr>\n<tr>\n<td>Numero de referencia<\/td>\n<\/tr>\n<tr>\n<td>960-001723<\/td>\n<\/tr>\n<tr>\n<td>Https:\/\/www.logitech.com\/es-mx\/products\/webcams\/brio-4k-hdr-webcam.960-001723.html<\/td>\n<\/tr>\n<\/table>\n","protected":false},"excerpt":{"rendered":"<p>Brio 4k es una camara web profesional ultra hd para negocios con soporte de windows hello. Certificada para negocios y equipada con tecnologia avanzada, brio 4k te ayuda a lucir como un profesional en cada videollamada. Rightlight 3 se ajusta autom\u00e1ticamente para ayudarte a lucir lo mejor posible en cualquier entorno de iluminacion, incluyendo poca luz, luz solar directa o condiciones de iluminacion de alto contraste. Brio 4k esta certificada para negocios y, con sensores opticos e infrarrojos integrados, soporta windows hello, permitiendo un reconocimiento facial rapido y seguro para el inicio de sesion en windows.<\/p>\n","protected":false},"featured_media":259443,"comment_status":"open","ping_status":"open","template":"","meta":[],"product_cat":[1608,1682],"product_tag":[1500],"acf":[],"yoast_head":"<!-- This site is optimized with the Yoast SEO plugin v21.7 - https:\/\/yoast.com\/wordpress\/plugins\/seo\/ -->\n<title>[ Logitech ] &#129351; 960-001723 Webcam Brio 4k Ultra Hd 13mp 30 Fps Zoom 5x Enfoque Automatico Usb-c<\/title>\n<meta name=\"description\" content=\"Compra 960-001723 Webcam Brio 4k Ultra Hd 13mp 30 Fps Zoom 5x Enfoque Automatico Usb-c + Env\u00edo a domicilio + Pago seguro + Garant\u00eda\" \/>\n<meta name=\"robots\" content=\"index, follow, max-snippet:-1, max-image-preview:large, max-video-preview:-1\" \/>\n<link rel=\"canonical\" href=\"https:\/\/compuviper.mx\/tienda\/producto\/logitech-960-001723-webcam-brio-4k-ultra-hd-13mp-30-fps-zoom-5x-enfoque-automatico-usb-c\/\" \/>\n<meta property=\"og:locale\" content=\"es_MX\" \/>\n<meta property=\"og:type\" content=\"article\" \/>\n<meta property=\"og:title\" content=\"[ Logitech ] &#129351; 960-001723 Webcam Brio 4k Ultra Hd 13mp 30 Fps Zoom 5x Enfoque Automatico Usb-c\" \/>\n<meta property=\"og:description\" content=\"Compra 960-001723 Webcam Brio 4k Ultra Hd 13mp 30 Fps Zoom 5x Enfoque Automatico Usb-c + Env\u00edo a domicilio + Pago seguro + Garant\u00eda\" \/>\n<meta property=\"og:url\" content=\"https:\/\/compuviper.mx\/tienda\/producto\/logitech-960-001723-webcam-brio-4k-ultra-hd-13mp-30-fps-zoom-5x-enfoque-automatico-usb-c\/\" \/>\n<meta property=\"og:site_name\" content=\"Compuviper\" \/>\n<meta property=\"article:publisher\" content=\"https:\/\/www.facebook.com\/compuviper\" \/>\n<meta property=\"og:image\" content=\"https:\/\/compuviper.mx\/tienda\/wp-content\/uploads\/2025\/10\/Webcam-logitech-brio-4k-ultra-hd-13mp-30-fps-zoom-5x-enfoque-automatico-usb-c.jpg\" \/>\n\t<meta property=\"og:image:width\" content=\"200\" \/>\n\t<meta property=\"og:image:height\" content=\"200\" \/>\n\t<meta property=\"og:image:type\" content=\"image\/jpeg\" \/>\n<meta name=\"twitter:card\" content=\"summary_large_image\" \/>\n<meta name=\"twitter:label1\" content=\"Precio\" \/>\n\t<meta name=\"twitter:data1\" content=\"&#36;2,360 con IVA\" \/>\n\t<meta name=\"twitter:label2\" content=\"Availability\" \/>\n\t<meta name=\"twitter:data2\" content=\"Out of stock\" \/>\n<script type=\"application\/ld+json\" class=\"yoast-schema-graph\">{\"@context\":\"https:\/\/schema.org\",\"@graph\":[{\"@type\":\"WebPage\",\"@id\":\"https:\/\/compuviper.mx\/tienda\/producto\/logitech-960-001723-webcam-brio-4k-ultra-hd-13mp-30-fps-zoom-5x-enfoque-automatico-usb-c\/\",\"url\":\"https:\/\/compuviper.mx\/tienda\/producto\/logitech-960-001723-webcam-brio-4k-ultra-hd-13mp-30-fps-zoom-5x-enfoque-automatico-usb-c\/\",\"name\":\"[ Logitech ] &#129351; 960-001723 Webcam Brio 4k Ultra Hd 13mp 30 Fps Zoom 5x Enfoque Automatico Usb-c\",\"isPartOf\":{\"@id\":\"https:\/\/compuviper.mx\/tienda\/#website\"},\"datePublished\":\"2026-04-18T06:21:10+00:00\",\"dateModified\":\"2026-04-18T06:21:10+00:00\",\"description\":\"Compra 960-001723 Webcam Brio 4k Ultra Hd 13mp 30 Fps Zoom 5x Enfoque Automatico Usb-c + Env\u00edo a domicilio + Pago seguro + Garant\u00eda\",\"breadcrumb\":{\"@id\":\"https:\/\/compuviper.mx\/tienda\/producto\/logitech-960-001723-webcam-brio-4k-ultra-hd-13mp-30-fps-zoom-5x-enfoque-automatico-usb-c\/#breadcrumb\"},\"inLanguage\":\"es-MX\",\"potentialAction\":[{\"@type\":\"ReadAction\",\"target\":[\"https:\/\/compuviper.mx\/tienda\/producto\/logitech-960-001723-webcam-brio-4k-ultra-hd-13mp-30-fps-zoom-5x-enfoque-automatico-usb-c\/\"]}]},{\"@type\":\"BreadcrumbList\",\"@id\":\"https:\/\/compuviper.mx\/tienda\/producto\/logitech-960-001723-webcam-brio-4k-ultra-hd-13mp-30-fps-zoom-5x-enfoque-automatico-usb-c\/#breadcrumb\",\"itemListElement\":[{\"@type\":\"ListItem\",\"position\":1,\"name\":\"Inicio\",\"item\":\"https:\/\/compuviper.mx\/tienda\/\"},{\"@type\":\"ListItem\",\"position\":2,\"name\":\"Productos\",\"item\":\"https:\/\/compuviper.mx\/tienda\/productos\/\"},{\"@type\":\"ListItem\",\"position\":3,\"name\":\"Camaras\",\"item\":\"https:\/\/compuviper.mx\/tienda\/categoria-producto\/camaras-2\/\"},{\"@type\":\"ListItem\",\"position\":4,\"name\":\"Camara Web\",\"item\":\"https:\/\/compuviper.mx\/tienda\/categoria-producto\/camaras-2\/camara-web\/\"},{\"@type\":\"ListItem\",\"position\":5,\"name\":\"Logitech 960-001723 Webcam Brio 4k Ultra Hd 13mp 30 Fps Zoom 5x Enfoque Automatico Usb-c\"}]},{\"@type\":\"WebSite\",\"@id\":\"https:\/\/compuviper.mx\/tienda\/#website\",\"url\":\"https:\/\/compuviper.mx\/tienda\/\",\"name\":\"Compuviper\",\"description\":\"Proveedor de Computadoras, Laptops, Servidores, Monitores, Puntos de Venta, Teclados,   Impresoras, T\u00f3ner, C\u00e1maras de Seguridad y m\u00e1s en tu tienda en l\u00ednea\",\"publisher\":{\"@id\":\"https:\/\/compuviper.mx\/tienda\/#organization\"},\"potentialAction\":[{\"@type\":\"SearchAction\",\"target\":{\"@type\":\"EntryPoint\",\"urlTemplate\":\"https:\/\/compuviper.mx\/tienda\/?s={search_term_string}\"},\"query-input\":\"required name=search_term_string\"}],\"inLanguage\":\"es-MX\"},{\"@type\":\"Organization\",\"@id\":\"https:\/\/compuviper.mx\/tienda\/#organization\",\"name\":\"Compuviper\",\"url\":\"https:\/\/compuviper.mx\/tienda\/\",\"logo\":{\"@type\":\"ImageObject\",\"inLanguage\":\"es-MX\",\"@id\":\"https:\/\/compuviper.mx\/tienda\/#\/schema\/logo\/image\/\",\"url\":\"https:\/\/compuviper.mx\/tienda\/wp-content\/uploads\/2021\/08\/Logo-Compuviper-10.png\",\"contentUrl\":\"https:\/\/compuviper.mx\/tienda\/wp-content\/uploads\/2021\/08\/Logo-Compuviper-10.png\",\"width\":1000,\"height\":500,\"caption\":\"Compuviper\"},\"image\":{\"@id\":\"https:\/\/compuviper.mx\/tienda\/#\/schema\/logo\/image\/\"},\"sameAs\":[\"https:\/\/www.facebook.com\/compuviper\",\"https:\/\/www.youtube.com\/channel\/UCf73dERp9Y3cfOq7q8BhLjA?view_as=subscriber\"]}]}<\/script>\n<meta property=\"product:brand\" content=\"LOGITECH\" \/>\n<meta property=\"product:price:amount\" content=\"2360\" \/>\n<meta property=\"product:price:currency\" content=\"MXN\" \/>\n<meta property=\"og:availability\" content=\"out of stock\" \/>\n<meta property=\"product:availability\" content=\"out of stock\" \/>\n<meta property=\"product:retailer_item_id\" content=\"960-001723\" \/>\n<meta property=\"product:condition\" content=\"new\" \/>\n<!-- \/ Yoast SEO plugin. -->","yoast_head_json":{"title":"[ Logitech ] &#129351; 960-001723 Webcam Brio 4k Ultra Hd 13mp 30 Fps Zoom 5x Enfoque Automatico Usb-c","description":"Compra 960-001723 Webcam Brio 4k Ultra Hd 13mp 30 Fps Zoom 5x Enfoque Automatico Usb-c + Env\u00edo a domicilio + Pago seguro + Garant\u00eda","robots":{"index":"index","follow":"follow","max-snippet":"max-snippet:-1","max-image-preview":"max-image-preview:large","max-video-preview":"max-video-preview:-1"},"canonical":"https:\/\/compuviper.mx\/tienda\/producto\/logitech-960-001723-webcam-brio-4k-ultra-hd-13mp-30-fps-zoom-5x-enfoque-automatico-usb-c\/","og_locale":"es_MX","og_type":"article","og_title":"[ Logitech ] &#129351; 960-001723 Webcam Brio 4k Ultra Hd 13mp 30 Fps Zoom 5x Enfoque Automatico Usb-c","og_description":"Compra 960-001723 Webcam Brio 4k Ultra Hd 13mp 30 Fps Zoom 5x Enfoque Automatico Usb-c + Env\u00edo a domicilio + Pago seguro + Garant\u00eda","og_url":"https:\/\/compuviper.mx\/tienda\/producto\/logitech-960-001723-webcam-brio-4k-ultra-hd-13mp-30-fps-zoom-5x-enfoque-automatico-usb-c\/","og_site_name":"Compuviper","article_publisher":"https:\/\/www.facebook.com\/compuviper","og_image":[{"width":200,"height":200,"url":"https:\/\/compuviper.mx\/tienda\/wp-content\/uploads\/2025\/10\/Webcam-logitech-brio-4k-ultra-hd-13mp-30-fps-zoom-5x-enfoque-automatico-usb-c.jpg","type":"image\/jpeg"}],"twitter_card":"summary_large_image","twitter_misc":{"Precio":"&#36;2,360 con IVA","Availability":"Out of stock"},"schema":{"@context":"https:\/\/schema.org","@graph":[{"@type":"WebPage","@id":"https:\/\/compuviper.mx\/tienda\/producto\/logitech-960-001723-webcam-brio-4k-ultra-hd-13mp-30-fps-zoom-5x-enfoque-automatico-usb-c\/","url":"https:\/\/compuviper.mx\/tienda\/producto\/logitech-960-001723-webcam-brio-4k-ultra-hd-13mp-30-fps-zoom-5x-enfoque-automatico-usb-c\/","name":"[ Logitech ] &#129351; 960-001723 Webcam Brio 4k Ultra Hd 13mp 30 Fps Zoom 5x Enfoque Automatico Usb-c","isPartOf":{"@id":"https:\/\/compuviper.mx\/tienda\/#website"},"datePublished":"2026-04-18T06:21:10+00:00","dateModified":"2026-04-18T06:21:10+00:00","description":"Compra 960-001723 Webcam Brio 4k Ultra Hd 13mp 30 Fps Zoom 5x Enfoque Automatico Usb-c + Env\u00edo a domicilio + Pago seguro + Garant\u00eda","breadcrumb":{"@id":"https:\/\/compuviper.mx\/tienda\/producto\/logitech-960-001723-webcam-brio-4k-ultra-hd-13mp-30-fps-zoom-5x-enfoque-automatico-usb-c\/#breadcrumb"},"inLanguage":"es-MX","potentialAction":[{"@type":"ReadAction","target":["https:\/\/compuviper.mx\/tienda\/producto\/logitech-960-001723-webcam-brio-4k-ultra-hd-13mp-30-fps-zoom-5x-enfoque-automatico-usb-c\/"]}]},{"@type":"BreadcrumbList","@id":"https:\/\/compuviper.mx\/tienda\/producto\/logitech-960-001723-webcam-brio-4k-ultra-hd-13mp-30-fps-zoom-5x-enfoque-automatico-usb-c\/#breadcrumb","itemListElement":[{"@type":"ListItem","position":1,"name":"Inicio","item":"https:\/\/compuviper.mx\/tienda\/"},{"@type":"ListItem","position":2,"name":"Productos","item":"https:\/\/compuviper.mx\/tienda\/productos\/"},{"@type":"ListItem","position":3,"name":"Camaras","item":"https:\/\/compuviper.mx\/tienda\/categoria-producto\/camaras-2\/"},{"@type":"ListItem","position":4,"name":"Camara Web","item":"https:\/\/compuviper.mx\/tienda\/categoria-producto\/camaras-2\/camara-web\/"},{"@type":"ListItem","position":5,"name":"Logitech 960-001723 Webcam Brio 4k Ultra Hd 13mp 30 Fps Zoom 5x Enfoque Automatico Usb-c"}]},{"@type":"WebSite","@id":"https:\/\/compuviper.mx\/tienda\/#website","url":"https:\/\/compuviper.mx\/tienda\/","name":"Compuviper","description":"Proveedor de Computadoras, Laptops, Servidores, Monitores, Puntos de Venta, Teclados,   Impresoras, T\u00f3ner, C\u00e1maras de Seguridad y m\u00e1s en tu tienda en l\u00ednea","publisher":{"@id":"https:\/\/compuviper.mx\/tienda\/#organization"},"potentialAction":[{"@type":"SearchAction","target":{"@type":"EntryPoint","urlTemplate":"https:\/\/compuviper.mx\/tienda\/?s={search_term_string}"},"query-input":"required name=search_term_string"}],"inLanguage":"es-MX"},{"@type":"Organization","@id":"https:\/\/compuviper.mx\/tienda\/#organization","name":"Compuviper","url":"https:\/\/compuviper.mx\/tienda\/","logo":{"@type":"ImageObject","inLanguage":"es-MX","@id":"https:\/\/compuviper.mx\/tienda\/#\/schema\/logo\/image\/","url":"https:\/\/compuviper.mx\/tienda\/wp-content\/uploads\/2021\/08\/Logo-Compuviper-10.png","contentUrl":"https:\/\/compuviper.mx\/tienda\/wp-content\/uploads\/2021\/08\/Logo-Compuviper-10.png","width":1000,"height":500,"caption":"Compuviper"},"image":{"@id":"https:\/\/compuviper.mx\/tienda\/#\/schema\/logo\/image\/"},"sameAs":["https:\/\/www.facebook.com\/compuviper","https:\/\/www.youtube.com\/channel\/UCf73dERp9Y3cfOq7q8BhLjA?view_as=subscriber"]}]},"product_brand":"LOGITECH","product_price_amount":"2360","product_price_currency":"MXN","og_availability":"out of stock","product_availability":"out of stock","product_retailer_item_id":"960-001723","product_condition":"new"},"_links":{"self":[{"href":"https:\/\/compuviper.mx\/tienda\/wp-json\/wp\/v2\/product\/254432"}],"collection":[{"href":"https:\/\/compuviper.mx\/tienda\/wp-json\/wp\/v2\/product"}],"about":[{"href":"https:\/\/compuviper.mx\/tienda\/wp-json\/wp\/v2\/types\/product"}],"replies":[{"embeddable":true,"href":"https:\/\/compuviper.mx\/tienda\/wp-json\/wp\/v2\/comments?post=254432"}],"wp:featuredmedia":[{"embeddable":true,"href":"https:\/\/compuviper.mx\/tienda\/wp-json\/wp\/v2\/media\/259443"}],"wp:attachment":[{"href":"https:\/\/compuviper.mx\/tienda\/wp-json\/wp\/v2\/media?parent=254432"}],"wp:term":[{"taxonomy":"product_cat","embeddable":true,"href":"https:\/\/compuviper.mx\/tienda\/wp-json\/wp\/v2\/product_cat?post=254432"},{"taxonomy":"product_tag","embeddable":true,"href":"https:\/\/compuviper.mx\/tienda\/wp-json\/wp\/v2\/product_tag?post=254432"}],"curies":[{"name":"wp","href":"https:\/\/api.w.org\/{rel}","templated":true}]}}