{"id":254425,"date":"2026-04-07T23:27:33","date_gmt":"2026-04-08T05:27:33","guid":{"rendered":"https:\/\/compuviper.mx\/tienda\/producto\/apc-srtrk4-kit-de-rieles-de-smart-ups-rt-de-de-19-para-srt-22-3-kva\/"},"modified":"2026-04-07T23:27:33","modified_gmt":"2026-04-08T05:27:33","slug":"apc-srtrk4-kit-de-rieles-de-smart-ups-rt-de-de-19-para-srt-22-3-kva","status":"publish","type":"product","link":"https:\/\/compuviper.mx\/tienda\/producto\/apc-srtrk4-kit-de-rieles-de-smart-ups-rt-de-de-19-para-srt-22-3-kva\/","title":{"rendered":"Apc Srtrk4 Kit De Rieles De Smart-ups Rt De  De 19 Para Srt 22\/3 Kva"},"content":{"rendered":"<table class=\"descripcion\">\n<tr>\n<td>F\u00edsico<\/td>\n<\/tr>\n<tr>\n<td>Dimensiones de altura m\u00e1xima: 44mm , 4.4cm<\/td>\n<\/tr>\n<tr>\n<td>Dimensiones de anchura m\u00e1xima: 527mm , 52.7cm<\/td>\n<\/tr>\n<tr>\n<td>Dimensiones de profundidad m\u00e1xima: 89mm , 8.9cm<\/td>\n<\/tr>\n<tr>\n<td>Peso neto: 2.72 kg<\/td>\n<\/tr>\n<tr>\n<td>Peso de embarque: 3.35 kg<\/td>\n<\/tr>\n<tr>\n<td>Altura del bulto: 70mm , 7.0cm<\/td>\n<\/tr>\n<tr>\n<td>Ancho del bulto: 695mm , 69.5cm<\/td>\n<\/tr>\n<tr>\n<td>Profundidad del bulto: 185mm , 18.5cm<\/td>\n<\/tr>\n<tr>\n<td>Unidades por tarima: 80<\/td>\n<\/tr>\n<\/table>\n","protected":false},"excerpt":{"rendered":"<p>Instalaci\u00f3n r\u00e1pida. La soluci\u00f3n ibusway para centros de datos emplea sujetadores con pernos a presi\u00f3n y conexiones de empalme plug-in, que simplifican la instalaci\u00f3n y eliminan la necesidad de herramientas sofisticadas.<\/p>\n","protected":false},"featured_media":258972,"comment_status":"open","ping_status":"open","template":"","meta":[],"product_cat":[1485,1488],"product_tag":[1694],"acf":[],"yoast_head":"<!-- This site is optimized with the Yoast SEO plugin v21.7 - https:\/\/yoast.com\/wordpress\/plugins\/seo\/ -->\n<title>[ Apc ] &#129351; Srtrk4 Kit De Rieles De Smart-ups Rt De De 19 Para Srt 22\/3 Kva<\/title>\n<meta name=\"description\" content=\"Compra Srtrk4 Kit De Rieles De Smart-ups Rt De De 19 Para Srt 22\/3 Kva + Env\u00edo a domicilio + Pago seguro + Garant\u00eda\" \/>\n<meta name=\"robots\" content=\"index, follow, max-snippet:-1, max-image-preview:large, max-video-preview:-1\" \/>\n<link rel=\"canonical\" href=\"https:\/\/compuviper.mx\/tienda\/producto\/apc-srtrk4-kit-de-rieles-de-smart-ups-rt-de-de-19-para-srt-22-3-kva\/\" \/>\n<meta property=\"og:locale\" content=\"es_MX\" \/>\n<meta property=\"og:type\" content=\"article\" \/>\n<meta property=\"og:title\" content=\"[ Apc ] &#129351; Srtrk4 Kit De Rieles De Smart-ups Rt De De 19 Para Srt 22\/3 Kva\" \/>\n<meta property=\"og:description\" content=\"Compra Srtrk4 Kit De Rieles De Smart-ups Rt De De 19 Para Srt 22\/3 Kva + Env\u00edo a domicilio + Pago seguro + Garant\u00eda\" \/>\n<meta property=\"og:url\" content=\"https:\/\/compuviper.mx\/tienda\/producto\/apc-srtrk4-kit-de-rieles-de-smart-ups-rt-de-de-19-para-srt-22-3-kva\/\" \/>\n<meta property=\"og:site_name\" content=\"Compuviper\" \/>\n<meta property=\"article:publisher\" content=\"https:\/\/www.facebook.com\/compuviper\" \/>\n<meta property=\"og:image\" content=\"https:\/\/compuviper.mx\/tienda\/wp-content\/uploads\/2025\/10\/Kit-de-rieles-de-smart-ups-rt-de-apc-de-19-para-srt-223-kva.jpg\" \/>\n\t<meta property=\"og:image:width\" content=\"200\" \/>\n\t<meta property=\"og:image:height\" content=\"200\" \/>\n\t<meta property=\"og:image:type\" content=\"image\/jpeg\" \/>\n<meta name=\"twitter:card\" content=\"summary_large_image\" \/>\n<meta name=\"twitter:label1\" content=\"Precio\" \/>\n\t<meta name=\"twitter:data1\" content=\"&#36;2,395 &#36;2,194 con IVA\" \/>\n\t<meta name=\"twitter:label2\" content=\"Availability\" \/>\n\t<meta name=\"twitter:data2\" content=\"Out of stock\" \/>\n<script type=\"application\/ld+json\" class=\"yoast-schema-graph\">{\"@context\":\"https:\/\/schema.org\",\"@graph\":[{\"@type\":\"WebPage\",\"@id\":\"https:\/\/compuviper.mx\/tienda\/producto\/apc-srtrk4-kit-de-rieles-de-smart-ups-rt-de-de-19-para-srt-22-3-kva\/\",\"url\":\"https:\/\/compuviper.mx\/tienda\/producto\/apc-srtrk4-kit-de-rieles-de-smart-ups-rt-de-de-19-para-srt-22-3-kva\/\",\"name\":\"[ Apc ] &#129351; Srtrk4 Kit De Rieles De Smart-ups Rt De De 19 Para Srt 22\/3 Kva\",\"isPartOf\":{\"@id\":\"https:\/\/compuviper.mx\/tienda\/#website\"},\"datePublished\":\"2026-04-08T05:27:33+00:00\",\"dateModified\":\"2026-04-08T05:27:33+00:00\",\"description\":\"Compra Srtrk4 Kit De Rieles De Smart-ups Rt De De 19 Para Srt 22\/3 Kva + Env\u00edo a domicilio + Pago seguro + Garant\u00eda\",\"breadcrumb\":{\"@id\":\"https:\/\/compuviper.mx\/tienda\/producto\/apc-srtrk4-kit-de-rieles-de-smart-ups-rt-de-de-19-para-srt-22-3-kva\/#breadcrumb\"},\"inLanguage\":\"es-MX\",\"potentialAction\":[{\"@type\":\"ReadAction\",\"target\":[\"https:\/\/compuviper.mx\/tienda\/producto\/apc-srtrk4-kit-de-rieles-de-smart-ups-rt-de-de-19-para-srt-22-3-kva\/\"]}]},{\"@type\":\"BreadcrumbList\",\"@id\":\"https:\/\/compuviper.mx\/tienda\/producto\/apc-srtrk4-kit-de-rieles-de-smart-ups-rt-de-de-19-para-srt-22-3-kva\/#breadcrumb\",\"itemListElement\":[{\"@type\":\"ListItem\",\"position\":1,\"name\":\"Inicio\",\"item\":\"https:\/\/compuviper.mx\/tienda\/\"},{\"@type\":\"ListItem\",\"position\":2,\"name\":\"Productos\",\"item\":\"https:\/\/compuviper.mx\/tienda\/productos\/\"},{\"@type\":\"ListItem\",\"position\":3,\"name\":\"Accesorios\",\"item\":\"https:\/\/compuviper.mx\/tienda\/categoria-producto\/accesorios\/\"},{\"@type\":\"ListItem\",\"position\":4,\"name\":\"Rack\",\"item\":\"https:\/\/compuviper.mx\/tienda\/categoria-producto\/accesorios\/rack\/\"},{\"@type\":\"ListItem\",\"position\":5,\"name\":\"Apc Srtrk4 Kit De Rieles De Smart-ups Rt De De 19 Para Srt 22\/3 Kva\"}]},{\"@type\":\"WebSite\",\"@id\":\"https:\/\/compuviper.mx\/tienda\/#website\",\"url\":\"https:\/\/compuviper.mx\/tienda\/\",\"name\":\"Compuviper\",\"description\":\"Proveedor de Computadoras, Laptops, Servidores, Monitores, Puntos de Venta, Teclados,   Impresoras, T\u00f3ner, C\u00e1maras de Seguridad y m\u00e1s en tu tienda en l\u00ednea\",\"publisher\":{\"@id\":\"https:\/\/compuviper.mx\/tienda\/#organization\"},\"potentialAction\":[{\"@type\":\"SearchAction\",\"target\":{\"@type\":\"EntryPoint\",\"urlTemplate\":\"https:\/\/compuviper.mx\/tienda\/?s={search_term_string}\"},\"query-input\":\"required name=search_term_string\"}],\"inLanguage\":\"es-MX\"},{\"@type\":\"Organization\",\"@id\":\"https:\/\/compuviper.mx\/tienda\/#organization\",\"name\":\"Compuviper\",\"url\":\"https:\/\/compuviper.mx\/tienda\/\",\"logo\":{\"@type\":\"ImageObject\",\"inLanguage\":\"es-MX\",\"@id\":\"https:\/\/compuviper.mx\/tienda\/#\/schema\/logo\/image\/\",\"url\":\"https:\/\/compuviper.mx\/tienda\/wp-content\/uploads\/2021\/08\/Logo-Compuviper-10.png\",\"contentUrl\":\"https:\/\/compuviper.mx\/tienda\/wp-content\/uploads\/2021\/08\/Logo-Compuviper-10.png\",\"width\":1000,\"height\":500,\"caption\":\"Compuviper\"},\"image\":{\"@id\":\"https:\/\/compuviper.mx\/tienda\/#\/schema\/logo\/image\/\"},\"sameAs\":[\"https:\/\/www.facebook.com\/compuviper\",\"https:\/\/www.youtube.com\/channel\/UCf73dERp9Y3cfOq7q8BhLjA?view_as=subscriber\"]}]}<\/script>\n<meta property=\"product:brand\" content=\"APC\" \/>\n<meta property=\"product:price:amount\" content=\"2194\" \/>\n<meta property=\"product:price:currency\" content=\"MXN\" \/>\n<meta property=\"og:availability\" content=\"out of stock\" \/>\n<meta property=\"product:availability\" content=\"out of stock\" \/>\n<meta property=\"product:retailer_item_id\" content=\"SRTRK4\" \/>\n<meta property=\"product:condition\" content=\"new\" \/>\n<!-- \/ Yoast SEO plugin. -->","yoast_head_json":{"title":"[ Apc ] &#129351; Srtrk4 Kit De Rieles De Smart-ups Rt De De 19 Para Srt 22\/3 Kva","description":"Compra Srtrk4 Kit De Rieles De Smart-ups Rt De De 19 Para Srt 22\/3 Kva + Env\u00edo a domicilio + Pago seguro + Garant\u00eda","robots":{"index":"index","follow":"follow","max-snippet":"max-snippet:-1","max-image-preview":"max-image-preview:large","max-video-preview":"max-video-preview:-1"},"canonical":"https:\/\/compuviper.mx\/tienda\/producto\/apc-srtrk4-kit-de-rieles-de-smart-ups-rt-de-de-19-para-srt-22-3-kva\/","og_locale":"es_MX","og_type":"article","og_title":"[ Apc ] &#129351; Srtrk4 Kit De Rieles De Smart-ups Rt De De 19 Para Srt 22\/3 Kva","og_description":"Compra Srtrk4 Kit De Rieles De Smart-ups Rt De De 19 Para Srt 22\/3 Kva + Env\u00edo a domicilio + Pago seguro + Garant\u00eda","og_url":"https:\/\/compuviper.mx\/tienda\/producto\/apc-srtrk4-kit-de-rieles-de-smart-ups-rt-de-de-19-para-srt-22-3-kva\/","og_site_name":"Compuviper","article_publisher":"https:\/\/www.facebook.com\/compuviper","og_image":[{"width":200,"height":200,"url":"https:\/\/compuviper.mx\/tienda\/wp-content\/uploads\/2025\/10\/Kit-de-rieles-de-smart-ups-rt-de-apc-de-19-para-srt-223-kva.jpg","type":"image\/jpeg"}],"twitter_card":"summary_large_image","twitter_misc":{"Precio":"&#36;2,395 &#36;2,194 con IVA","Availability":"Out of stock"},"schema":{"@context":"https:\/\/schema.org","@graph":[{"@type":"WebPage","@id":"https:\/\/compuviper.mx\/tienda\/producto\/apc-srtrk4-kit-de-rieles-de-smart-ups-rt-de-de-19-para-srt-22-3-kva\/","url":"https:\/\/compuviper.mx\/tienda\/producto\/apc-srtrk4-kit-de-rieles-de-smart-ups-rt-de-de-19-para-srt-22-3-kva\/","name":"[ Apc ] &#129351; Srtrk4 Kit De Rieles De Smart-ups Rt De De 19 Para Srt 22\/3 Kva","isPartOf":{"@id":"https:\/\/compuviper.mx\/tienda\/#website"},"datePublished":"2026-04-08T05:27:33+00:00","dateModified":"2026-04-08T05:27:33+00:00","description":"Compra Srtrk4 Kit De Rieles De Smart-ups Rt De De 19 Para Srt 22\/3 Kva + Env\u00edo a domicilio + Pago seguro + Garant\u00eda","breadcrumb":{"@id":"https:\/\/compuviper.mx\/tienda\/producto\/apc-srtrk4-kit-de-rieles-de-smart-ups-rt-de-de-19-para-srt-22-3-kva\/#breadcrumb"},"inLanguage":"es-MX","potentialAction":[{"@type":"ReadAction","target":["https:\/\/compuviper.mx\/tienda\/producto\/apc-srtrk4-kit-de-rieles-de-smart-ups-rt-de-de-19-para-srt-22-3-kva\/"]}]},{"@type":"BreadcrumbList","@id":"https:\/\/compuviper.mx\/tienda\/producto\/apc-srtrk4-kit-de-rieles-de-smart-ups-rt-de-de-19-para-srt-22-3-kva\/#breadcrumb","itemListElement":[{"@type":"ListItem","position":1,"name":"Inicio","item":"https:\/\/compuviper.mx\/tienda\/"},{"@type":"ListItem","position":2,"name":"Productos","item":"https:\/\/compuviper.mx\/tienda\/productos\/"},{"@type":"ListItem","position":3,"name":"Accesorios","item":"https:\/\/compuviper.mx\/tienda\/categoria-producto\/accesorios\/"},{"@type":"ListItem","position":4,"name":"Rack","item":"https:\/\/compuviper.mx\/tienda\/categoria-producto\/accesorios\/rack\/"},{"@type":"ListItem","position":5,"name":"Apc Srtrk4 Kit De Rieles De Smart-ups Rt De De 19 Para Srt 22\/3 Kva"}]},{"@type":"WebSite","@id":"https:\/\/compuviper.mx\/tienda\/#website","url":"https:\/\/compuviper.mx\/tienda\/","name":"Compuviper","description":"Proveedor de Computadoras, Laptops, Servidores, Monitores, Puntos de Venta, Teclados,   Impresoras, T\u00f3ner, C\u00e1maras de Seguridad y m\u00e1s en tu tienda en l\u00ednea","publisher":{"@id":"https:\/\/compuviper.mx\/tienda\/#organization"},"potentialAction":[{"@type":"SearchAction","target":{"@type":"EntryPoint","urlTemplate":"https:\/\/compuviper.mx\/tienda\/?s={search_term_string}"},"query-input":"required name=search_term_string"}],"inLanguage":"es-MX"},{"@type":"Organization","@id":"https:\/\/compuviper.mx\/tienda\/#organization","name":"Compuviper","url":"https:\/\/compuviper.mx\/tienda\/","logo":{"@type":"ImageObject","inLanguage":"es-MX","@id":"https:\/\/compuviper.mx\/tienda\/#\/schema\/logo\/image\/","url":"https:\/\/compuviper.mx\/tienda\/wp-content\/uploads\/2021\/08\/Logo-Compuviper-10.png","contentUrl":"https:\/\/compuviper.mx\/tienda\/wp-content\/uploads\/2021\/08\/Logo-Compuviper-10.png","width":1000,"height":500,"caption":"Compuviper"},"image":{"@id":"https:\/\/compuviper.mx\/tienda\/#\/schema\/logo\/image\/"},"sameAs":["https:\/\/www.facebook.com\/compuviper","https:\/\/www.youtube.com\/channel\/UCf73dERp9Y3cfOq7q8BhLjA?view_as=subscriber"]}]},"product_brand":"APC","product_price_amount":"2194","product_price_currency":"MXN","og_availability":"out of stock","product_availability":"out of stock","product_retailer_item_id":"SRTRK4","product_condition":"new"},"_links":{"self":[{"href":"https:\/\/compuviper.mx\/tienda\/wp-json\/wp\/v2\/product\/254425"}],"collection":[{"href":"https:\/\/compuviper.mx\/tienda\/wp-json\/wp\/v2\/product"}],"about":[{"href":"https:\/\/compuviper.mx\/tienda\/wp-json\/wp\/v2\/types\/product"}],"replies":[{"embeddable":true,"href":"https:\/\/compuviper.mx\/tienda\/wp-json\/wp\/v2\/comments?post=254425"}],"wp:featuredmedia":[{"embeddable":true,"href":"https:\/\/compuviper.mx\/tienda\/wp-json\/wp\/v2\/media\/258972"}],"wp:attachment":[{"href":"https:\/\/compuviper.mx\/tienda\/wp-json\/wp\/v2\/media?parent=254425"}],"wp:term":[{"taxonomy":"product_cat","embeddable":true,"href":"https:\/\/compuviper.mx\/tienda\/wp-json\/wp\/v2\/product_cat?post=254425"},{"taxonomy":"product_tag","embeddable":true,"href":"https:\/\/compuviper.mx\/tienda\/wp-json\/wp\/v2\/product_tag?post=254425"}],"curies":[{"name":"wp","href":"https:\/\/api.w.org\/{rel}","templated":true}]}}