{"id":254226,"date":"2026-04-17T23:15:46","date_gmt":"2026-04-18T05:15:46","guid":{"rendered":"https:\/\/compuviper.mx\/tienda\/producto\/huawei-6190034n-gp-ops-opsi7-12700ddr4-16gb512gb-ssdwindows11-iot-enterprise-sac195mm180mm30mm\/"},"modified":"2026-04-18T00:00:42","modified_gmt":"2026-04-18T06:00:42","slug":"huawei-6190034n-gp0619003406190053-ops-opsi7-12700ddr4-16gb512gb-ssdwindows11-iot-enterprise-sac195mm180mm30mm","status":"publish","type":"product","link":"https:\/\/compuviper.mx\/tienda\/producto\/huawei-6190034n-gp0619003406190053-ops-opsi7-12700ddr4-16gb512gb-ssdwindows11-iot-enterprise-sac195mm180mm30mm\/","title":{"rendered":"Huawei 6190034n-gp,06190034,06190053  Ops Ops,i7-12700,ddr4 16gb,512gb Ssd,windows11 Iot Enterprise Sac,195mm,180mm,30mm"},"content":{"rendered":"<table class=\"descripcion\">\n<tr>\n<td>Parameter namecontent<\/td>\n<\/tr>\n<tr>\n<td>Os windows 11 enterprise<\/td>\n<\/tr>\n<tr>\n<td>Cpu supportintel  core i7-12700 processor<\/td>\n<\/tr>\n<tr>\n<td>Chipsetintel  h510 pch<\/td>\n<\/tr>\n<tr>\n<td>Graphicintel  uhd graphics 630<\/td>\n<\/tr>\n<tr>\n<td>Memory16gb ddr4<\/td>\n<\/tr>\n<tr>\n<td>Storage1x m.2 2280<\/td>\n<\/tr>\n<tr>\n<td>512gb ssd storage<\/td>\n<\/tr>\n<tr>\n<td>Motherboard interface1 x power button<\/td>\n<\/tr>\n<tr>\n<td>1 x recovery button<\/td>\n<\/tr>\n<tr>\n<td>1 x rj45<\/td>\n<\/tr>\n<tr>\n<td>3 x usb 3.0<\/td>\n<\/tr>\n<tr>\n<td>3 x usb 2.0<\/td>\n<\/tr>\n<tr>\n<td>1 x hdmi1.4<\/td>\n<\/tr>\n<tr>\n<td>1 x dp1.2<\/td>\n<\/tr>\n<tr>\n<td>1x audio line out<\/td>\n<\/tr>\n<tr>\n<td>1x mic in<\/td>\n<\/tr>\n<tr>\n<td>Huawei ops ops,i7-12<\/td>\n<\/tr>\n<\/table>\n","protected":false},"excerpt":{"rendered":"<p>El open pluggable specification ops es opcional para los equipos terminales. Una vez configurado el ops, los terminales pueden ejecutar el sistema operativo windows para instalar y ejecutar software de terceros. El ops i7 utiliza el procesador intel core i7-12700. Es compatible con almacenamiento ssd m.2 y memoria de doble canal ddr4. Adems, el ops i7 utiliza la ultima generacion de graficos intel uhd graphics 630 para proporcionar excelente procesamiento de imagenes. Es adecuado para escenarios como la senalizacion digital, educacion y pizarras para videoconferencias.<\/p>\n","protected":false},"featured_media":258806,"comment_status":"open","ping_status":"open","template":"","meta":[],"product_cat":[2229,2230],"product_tag":[1673],"acf":[],"yoast_head":"<!-- This site is optimized with the Yoast SEO plugin v21.7 - https:\/\/yoast.com\/wordpress\/plugins\/seo\/ -->\n<title>[ Huawei ] &#129351; 6190034n-gp,06190034,06190053 Ops Ops,i7-12700,ddr4 16gb,512gb Ssd,windows11 Iot Enterprise Sac,195mm,180mm,30mm<\/title>\n<meta name=\"description\" content=\"Compra 6190034n-gp,06190034,06190053 Ops Ops,i7-12700,ddr4 16gb,512gb Ssd,windows11 Iot Enterprise Sac,195mm,180mm,30mm + Env\u00edo a domicilio + Pago seguro + Garant\u00eda\" \/>\n<meta name=\"robots\" content=\"index, follow, max-snippet:-1, max-image-preview:large, max-video-preview:-1\" \/>\n<link rel=\"canonical\" href=\"https:\/\/compuviper.mx\/tienda\/producto\/huawei-6190034n-gp0619003406190053-ops-opsi7-12700ddr4-16gb512gb-ssdwindows11-iot-enterprise-sac195mm180mm30mm\/\" \/>\n<meta property=\"og:locale\" content=\"es_MX\" \/>\n<meta property=\"og:type\" content=\"article\" \/>\n<meta property=\"og:title\" content=\"[ Huawei ] &#129351; 6190034n-gp,06190034,06190053 Ops Ops,i7-12700,ddr4 16gb,512gb Ssd,windows11 Iot Enterprise Sac,195mm,180mm,30mm\" \/>\n<meta property=\"og:description\" content=\"Compra 6190034n-gp,06190034,06190053 Ops Ops,i7-12700,ddr4 16gb,512gb Ssd,windows11 Iot Enterprise Sac,195mm,180mm,30mm + Env\u00edo a domicilio + Pago seguro + Garant\u00eda\" \/>\n<meta property=\"og:url\" content=\"https:\/\/compuviper.mx\/tienda\/producto\/huawei-6190034n-gp0619003406190053-ops-opsi7-12700ddr4-16gb512gb-ssdwindows11-iot-enterprise-sac195mm180mm30mm\/\" \/>\n<meta property=\"og:site_name\" content=\"Compuviper\" \/>\n<meta property=\"article:publisher\" content=\"https:\/\/www.facebook.com\/compuviper\" \/>\n<meta property=\"article:modified_time\" content=\"2026-04-18T06:00:42+00:00\" \/>\n<meta property=\"og:image\" content=\"https:\/\/compuviper.mx\/tienda\/wp-content\/uploads\/2025\/10\/Huawei-ops-opsi7-12700ddr4-16gb512gb-ssdwindows11-iot-enterprise-sac195mm180mm30mm.jpg\" \/>\n\t<meta property=\"og:image:width\" content=\"200\" \/>\n\t<meta property=\"og:image:height\" content=\"200\" \/>\n\t<meta property=\"og:image:type\" content=\"image\/jpeg\" \/>\n<meta name=\"twitter:card\" content=\"summary_large_image\" \/>\n<meta name=\"twitter:label1\" content=\"Precio\" \/>\n\t<meta name=\"twitter:data1\" content=\"&#36;17,966 con IVA\" \/>\n\t<meta name=\"twitter:label2\" content=\"Availability\" \/>\n\t<meta name=\"twitter:data2\" content=\"In stock\" \/>\n<script type=\"application\/ld+json\" class=\"yoast-schema-graph\">{\"@context\":\"https:\/\/schema.org\",\"@graph\":[{\"@type\":\"WebPage\",\"@id\":\"https:\/\/compuviper.mx\/tienda\/producto\/huawei-6190034n-gp0619003406190053-ops-opsi7-12700ddr4-16gb512gb-ssdwindows11-iot-enterprise-sac195mm180mm30mm\/\",\"url\":\"https:\/\/compuviper.mx\/tienda\/producto\/huawei-6190034n-gp0619003406190053-ops-opsi7-12700ddr4-16gb512gb-ssdwindows11-iot-enterprise-sac195mm180mm30mm\/\",\"name\":\"[ Huawei ] &#129351; 6190034n-gp,06190034,06190053 Ops Ops,i7-12700,ddr4 16gb,512gb Ssd,windows11 Iot Enterprise Sac,195mm,180mm,30mm\",\"isPartOf\":{\"@id\":\"https:\/\/compuviper.mx\/tienda\/#website\"},\"datePublished\":\"2026-04-18T05:15:46+00:00\",\"dateModified\":\"2026-04-18T06:00:42+00:00\",\"description\":\"Compra 6190034n-gp,06190034,06190053 Ops Ops,i7-12700,ddr4 16gb,512gb Ssd,windows11 Iot Enterprise Sac,195mm,180mm,30mm + Env\u00edo a domicilio + Pago seguro + Garant\u00eda\",\"breadcrumb\":{\"@id\":\"https:\/\/compuviper.mx\/tienda\/producto\/huawei-6190034n-gp0619003406190053-ops-opsi7-12700ddr4-16gb512gb-ssdwindows11-iot-enterprise-sac195mm180mm30mm\/#breadcrumb\"},\"inLanguage\":\"es-MX\",\"potentialAction\":[{\"@type\":\"ReadAction\",\"target\":[\"https:\/\/compuviper.mx\/tienda\/producto\/huawei-6190034n-gp0619003406190053-ops-opsi7-12700ddr4-16gb512gb-ssdwindows11-iot-enterprise-sac195mm180mm30mm\/\"]}]},{\"@type\":\"BreadcrumbList\",\"@id\":\"https:\/\/compuviper.mx\/tienda\/producto\/huawei-6190034n-gp0619003406190053-ops-opsi7-12700ddr4-16gb512gb-ssdwindows11-iot-enterprise-sac195mm180mm30mm\/#breadcrumb\",\"itemListElement\":[{\"@type\":\"ListItem\",\"position\":1,\"name\":\"Inicio\",\"item\":\"https:\/\/compuviper.mx\/tienda\/\"},{\"@type\":\"ListItem\",\"position\":2,\"name\":\"Productos\",\"item\":\"https:\/\/compuviper.mx\/tienda\/productos\/\"},{\"@type\":\"ListItem\",\"position\":3,\"name\":\"Acceso Videoconferencia\",\"item\":\"https:\/\/compuviper.mx\/tienda\/categoria-producto\/acceso-videoconferencia\/\"},{\"@type\":\"ListItem\",\"position\":4,\"name\":\"Sin Categor\u00eda\",\"item\":\"https:\/\/compuviper.mx\/tienda\/categoria-producto\/acceso-videoconferencia\/sin-categoria-acceso-videoconferencia\/\"},{\"@type\":\"ListItem\",\"position\":5,\"name\":\"Huawei 6190034n-gp,06190034,06190053 Ops Ops,i7-12700,ddr4 16gb,512gb Ssd,windows11 Iot Enterprise Sac,195mm,180mm,30mm\"}]},{\"@type\":\"WebSite\",\"@id\":\"https:\/\/compuviper.mx\/tienda\/#website\",\"url\":\"https:\/\/compuviper.mx\/tienda\/\",\"name\":\"Compuviper\",\"description\":\"Proveedor de Computadoras, Laptops, Servidores, Monitores, Puntos de Venta, Teclados,   Impresoras, T\u00f3ner, C\u00e1maras de Seguridad y m\u00e1s en tu tienda en l\u00ednea\",\"publisher\":{\"@id\":\"https:\/\/compuviper.mx\/tienda\/#organization\"},\"potentialAction\":[{\"@type\":\"SearchAction\",\"target\":{\"@type\":\"EntryPoint\",\"urlTemplate\":\"https:\/\/compuviper.mx\/tienda\/?s={search_term_string}\"},\"query-input\":\"required name=search_term_string\"}],\"inLanguage\":\"es-MX\"},{\"@type\":\"Organization\",\"@id\":\"https:\/\/compuviper.mx\/tienda\/#organization\",\"name\":\"Compuviper\",\"url\":\"https:\/\/compuviper.mx\/tienda\/\",\"logo\":{\"@type\":\"ImageObject\",\"inLanguage\":\"es-MX\",\"@id\":\"https:\/\/compuviper.mx\/tienda\/#\/schema\/logo\/image\/\",\"url\":\"https:\/\/compuviper.mx\/tienda\/wp-content\/uploads\/2021\/08\/Logo-Compuviper-10.png\",\"contentUrl\":\"https:\/\/compuviper.mx\/tienda\/wp-content\/uploads\/2021\/08\/Logo-Compuviper-10.png\",\"width\":1000,\"height\":500,\"caption\":\"Compuviper\"},\"image\":{\"@id\":\"https:\/\/compuviper.mx\/tienda\/#\/schema\/logo\/image\/\"},\"sameAs\":[\"https:\/\/www.facebook.com\/compuviper\",\"https:\/\/www.youtube.com\/channel\/UCf73dERp9Y3cfOq7q8BhLjA?view_as=subscriber\"]}]}<\/script>\n<meta property=\"product:brand\" content=\"HUAWEI\" \/>\n<meta property=\"product:price:amount\" content=\"17966\" \/>\n<meta property=\"product:price:currency\" content=\"MXN\" \/>\n<meta property=\"og:availability\" content=\"instock\" \/>\n<meta property=\"product:availability\" content=\"instock\" \/>\n<meta property=\"product:retailer_item_id\" content=\"6190034N-GP,06190034,06190053\" \/>\n<meta property=\"product:condition\" content=\"new\" \/>\n<!-- \/ Yoast SEO plugin. -->","yoast_head_json":{"title":"[ Huawei ] &#129351; 6190034n-gp,06190034,06190053 Ops Ops,i7-12700,ddr4 16gb,512gb Ssd,windows11 Iot Enterprise Sac,195mm,180mm,30mm","description":"Compra 6190034n-gp,06190034,06190053 Ops Ops,i7-12700,ddr4 16gb,512gb Ssd,windows11 Iot Enterprise Sac,195mm,180mm,30mm + Env\u00edo a domicilio + Pago seguro + Garant\u00eda","robots":{"index":"index","follow":"follow","max-snippet":"max-snippet:-1","max-image-preview":"max-image-preview:large","max-video-preview":"max-video-preview:-1"},"canonical":"https:\/\/compuviper.mx\/tienda\/producto\/huawei-6190034n-gp0619003406190053-ops-opsi7-12700ddr4-16gb512gb-ssdwindows11-iot-enterprise-sac195mm180mm30mm\/","og_locale":"es_MX","og_type":"article","og_title":"[ Huawei ] &#129351; 6190034n-gp,06190034,06190053 Ops Ops,i7-12700,ddr4 16gb,512gb Ssd,windows11 Iot Enterprise Sac,195mm,180mm,30mm","og_description":"Compra 6190034n-gp,06190034,06190053 Ops Ops,i7-12700,ddr4 16gb,512gb Ssd,windows11 Iot Enterprise Sac,195mm,180mm,30mm + Env\u00edo a domicilio + Pago seguro + Garant\u00eda","og_url":"https:\/\/compuviper.mx\/tienda\/producto\/huawei-6190034n-gp0619003406190053-ops-opsi7-12700ddr4-16gb512gb-ssdwindows11-iot-enterprise-sac195mm180mm30mm\/","og_site_name":"Compuviper","article_publisher":"https:\/\/www.facebook.com\/compuviper","article_modified_time":"2026-04-18T06:00:42+00:00","og_image":[{"width":200,"height":200,"url":"https:\/\/compuviper.mx\/tienda\/wp-content\/uploads\/2025\/10\/Huawei-ops-opsi7-12700ddr4-16gb512gb-ssdwindows11-iot-enterprise-sac195mm180mm30mm.jpg","type":"image\/jpeg"}],"twitter_card":"summary_large_image","twitter_misc":{"Precio":"&#36;17,966 con IVA","Availability":"In stock"},"schema":{"@context":"https:\/\/schema.org","@graph":[{"@type":"WebPage","@id":"https:\/\/compuviper.mx\/tienda\/producto\/huawei-6190034n-gp0619003406190053-ops-opsi7-12700ddr4-16gb512gb-ssdwindows11-iot-enterprise-sac195mm180mm30mm\/","url":"https:\/\/compuviper.mx\/tienda\/producto\/huawei-6190034n-gp0619003406190053-ops-opsi7-12700ddr4-16gb512gb-ssdwindows11-iot-enterprise-sac195mm180mm30mm\/","name":"[ Huawei ] &#129351; 6190034n-gp,06190034,06190053 Ops Ops,i7-12700,ddr4 16gb,512gb Ssd,windows11 Iot Enterprise Sac,195mm,180mm,30mm","isPartOf":{"@id":"https:\/\/compuviper.mx\/tienda\/#website"},"datePublished":"2026-04-18T05:15:46+00:00","dateModified":"2026-04-18T06:00:42+00:00","description":"Compra 6190034n-gp,06190034,06190053 Ops Ops,i7-12700,ddr4 16gb,512gb Ssd,windows11 Iot Enterprise Sac,195mm,180mm,30mm + Env\u00edo a domicilio + Pago seguro + Garant\u00eda","breadcrumb":{"@id":"https:\/\/compuviper.mx\/tienda\/producto\/huawei-6190034n-gp0619003406190053-ops-opsi7-12700ddr4-16gb512gb-ssdwindows11-iot-enterprise-sac195mm180mm30mm\/#breadcrumb"},"inLanguage":"es-MX","potentialAction":[{"@type":"ReadAction","target":["https:\/\/compuviper.mx\/tienda\/producto\/huawei-6190034n-gp0619003406190053-ops-opsi7-12700ddr4-16gb512gb-ssdwindows11-iot-enterprise-sac195mm180mm30mm\/"]}]},{"@type":"BreadcrumbList","@id":"https:\/\/compuviper.mx\/tienda\/producto\/huawei-6190034n-gp0619003406190053-ops-opsi7-12700ddr4-16gb512gb-ssdwindows11-iot-enterprise-sac195mm180mm30mm\/#breadcrumb","itemListElement":[{"@type":"ListItem","position":1,"name":"Inicio","item":"https:\/\/compuviper.mx\/tienda\/"},{"@type":"ListItem","position":2,"name":"Productos","item":"https:\/\/compuviper.mx\/tienda\/productos\/"},{"@type":"ListItem","position":3,"name":"Acceso Videoconferencia","item":"https:\/\/compuviper.mx\/tienda\/categoria-producto\/acceso-videoconferencia\/"},{"@type":"ListItem","position":4,"name":"Sin Categor\u00eda","item":"https:\/\/compuviper.mx\/tienda\/categoria-producto\/acceso-videoconferencia\/sin-categoria-acceso-videoconferencia\/"},{"@type":"ListItem","position":5,"name":"Huawei 6190034n-gp,06190034,06190053 Ops Ops,i7-12700,ddr4 16gb,512gb Ssd,windows11 Iot Enterprise Sac,195mm,180mm,30mm"}]},{"@type":"WebSite","@id":"https:\/\/compuviper.mx\/tienda\/#website","url":"https:\/\/compuviper.mx\/tienda\/","name":"Compuviper","description":"Proveedor de Computadoras, Laptops, Servidores, Monitores, Puntos de Venta, Teclados,   Impresoras, T\u00f3ner, C\u00e1maras de Seguridad y m\u00e1s en tu tienda en l\u00ednea","publisher":{"@id":"https:\/\/compuviper.mx\/tienda\/#organization"},"potentialAction":[{"@type":"SearchAction","target":{"@type":"EntryPoint","urlTemplate":"https:\/\/compuviper.mx\/tienda\/?s={search_term_string}"},"query-input":"required name=search_term_string"}],"inLanguage":"es-MX"},{"@type":"Organization","@id":"https:\/\/compuviper.mx\/tienda\/#organization","name":"Compuviper","url":"https:\/\/compuviper.mx\/tienda\/","logo":{"@type":"ImageObject","inLanguage":"es-MX","@id":"https:\/\/compuviper.mx\/tienda\/#\/schema\/logo\/image\/","url":"https:\/\/compuviper.mx\/tienda\/wp-content\/uploads\/2021\/08\/Logo-Compuviper-10.png","contentUrl":"https:\/\/compuviper.mx\/tienda\/wp-content\/uploads\/2021\/08\/Logo-Compuviper-10.png","width":1000,"height":500,"caption":"Compuviper"},"image":{"@id":"https:\/\/compuviper.mx\/tienda\/#\/schema\/logo\/image\/"},"sameAs":["https:\/\/www.facebook.com\/compuviper","https:\/\/www.youtube.com\/channel\/UCf73dERp9Y3cfOq7q8BhLjA?view_as=subscriber"]}]},"product_brand":"HUAWEI","product_price_amount":"17966","product_price_currency":"MXN","og_availability":"instock","product_availability":"instock","product_retailer_item_id":"6190034N-GP,06190034,06190053","product_condition":"new"},"_links":{"self":[{"href":"https:\/\/compuviper.mx\/tienda\/wp-json\/wp\/v2\/product\/254226"}],"collection":[{"href":"https:\/\/compuviper.mx\/tienda\/wp-json\/wp\/v2\/product"}],"about":[{"href":"https:\/\/compuviper.mx\/tienda\/wp-json\/wp\/v2\/types\/product"}],"replies":[{"embeddable":true,"href":"https:\/\/compuviper.mx\/tienda\/wp-json\/wp\/v2\/comments?post=254226"}],"wp:featuredmedia":[{"embeddable":true,"href":"https:\/\/compuviper.mx\/tienda\/wp-json\/wp\/v2\/media\/258806"}],"wp:attachment":[{"href":"https:\/\/compuviper.mx\/tienda\/wp-json\/wp\/v2\/media?parent=254226"}],"wp:term":[{"taxonomy":"product_cat","embeddable":true,"href":"https:\/\/compuviper.mx\/tienda\/wp-json\/wp\/v2\/product_cat?post=254226"},{"taxonomy":"product_tag","embeddable":true,"href":"https:\/\/compuviper.mx\/tienda\/wp-json\/wp\/v2\/product_tag?post=254226"}],"curies":[{"name":"wp","href":"https:\/\/api.w.org\/{rel}","templated":true}]}}