{"id":254222,"date":"2026-04-07T01:58:26","date_gmt":"2026-04-07T07:58:26","guid":{"rendered":"https:\/\/compuviper.mx\/tienda\/producto\/poly-aj8v4aaac3-manos-libres-hp-monoaural-voyager-legend-50-m-uc-inalmbrico-bluetooth-usb\/"},"modified":"2026-04-07T01:58:26","modified_gmt":"2026-04-07T07:58:26","slug":"poly-aj8v4aaac3-manos-libres-hp-aj8v4aaac3-voyager-legend-50-m-uc-inalambrico-monoaural-un-solo-oido-bluetooth-adaptador-usb-c-cancelacion-de-ruido-bateria-de-hata-30-horas-con-case","status":"publish","type":"product","link":"https:\/\/compuviper.mx\/tienda\/producto\/poly-aj8v4aaac3-manos-libres-hp-aj8v4aaac3-voyager-legend-50-m-uc-inalambrico-monoaural-un-solo-oido-bluetooth-adaptador-usb-c-cancelacion-de-ruido-bateria-de-hata-30-horas-con-case\/","title":{"rendered":"Poly Aj8v4aa#ac3 Manos Libres Hp  Aj8v4aaac3 Voyager Legend 50-m Uc\/ Inalambrico\/ Monoaural Un Solo Oido \/bluetooth \/ Adaptador Usb-c \/cancelacion De Ruido\/ Bateria De Hata 30 Horas Con Case"},"content":{"rendered":"<table class=\"descripcion\">\n<tr>\n<td>-color:  negro<\/td>\n<\/tr>\n<tr>\n<td>-longitud del micr\u00f3fono de brazo (mm):  74,8 mil\u00edmetros<\/td>\n<\/tr>\n<tr>\n<td>-sensibilidad (micr\u00f3fono):  -37 db fs\/pa<\/td>\n<\/tr>\n<tr>\n<td>-relaci\u00f3n se\u00f1al-ruido:   68 db<\/td>\n<\/tr>\n<tr>\n<td>-tiempo de carga:   1,5 horas<\/td>\n<\/tr>\n<tr>\n<td>-tipo de carga:  caso de acusaci\u00f3n<\/td>\n<\/tr>\n<tr>\n<td>-duraci\u00f3n de la bater\u00eda:  hasta 30 horas (10 horas m\u00e1s 20 horas adicionales con estuche de carga (tiempo de conversaci\u00f3n))<\/td>\n<\/tr>\n<tr>\n<td>-tipo de bater\u00eda:  bater\u00eda recargable de iones de litio<\/td>\n<\/tr>\n<tr>\n<td>-impedancia:  16 ohmios<\/td>\n<\/tr>\n<tr>\n<td>-versi\u00f3n de bluetooth:  bluetooth\u00ae core 5.4<\/td>\n<\/tr>\n<tr>\n<td>-perfiles de bluetooth compatibles:  a2dp 1,3; did 1,3; hsp 1,2; bas 0,0; avrcp 1,5; hfp 1,6<\/td>\n<\/tr>\n<tr>\n<td>-dispositivos emparejados:  hasta 8<\/td>\n<\/tr>\n<tr>\n<td>-alertas de voz:  silenciado; llamada entrante; estado de la bater\u00eda<\/td>\n<\/tr>\n<tr>\n<td>-comandos de voz:  responder; ignorar<\/td>\n<\/tr>\n<tr>\n<td>-controles de usuario de botones:  encendido\/apagado; silencio; volumen +\/-; emparejamiento; responder\/ignorar\/finalizar llamada; asistente de voz<\/td>\n<\/tr>\n<tr>\n<td>-sensibilidad (altavoz):  95,5 db spl a 1 khz con entrada de 200 mv<\/td>\n<\/tr>\n<tr>\n<td>-tipo de micr\u00f3fono:  cancelaci\u00f3n de ruido<\/td>\n<\/tr>\n<tr>\n<td>-ancho de banda del altavoz:  100 hz a 20 khz<\/td>\n<\/tr>\n<tr>\n<td>-ancho de banda del micr\u00f3fono:  100 hz a 8 khz<\/td>\n<\/tr>\n<tr>\n<td>-almohadillas para los o\u00eddos:  silicona (material de superficie)<\/td>\n<\/tr>\n<tr>\n<td>-sistemas operativos compatibles:  windows 11; macos; android\u0099; ios<\/td>\n<\/tr>\n<tr>\n<td>-tecnolog\u00eda de protecci\u00f3n ac\u00fastica:  soundguard 1<\/td>\n<\/tr>\n<tr>\n<td>-dimensiones (an x pr x al):  102,89 x 29,3 x 63,93 mm (auriculares); 114,48 x 63,49 x 24 mm (estuche de carga)<\/td>\n<\/tr>\n<tr>\n<td>-tama\u00f1o del altavoz:  13,6 mil\u00edmetros<\/td>\n<\/tr>\n<tr>\n<td>-dimensiones del paquete (an x pr x al):  91 x 55 x 145 mm<\/td>\n<\/tr>\n<tr>\n<td>-peso:  20,5 g (auriculares); 100 g (estuche de carga)<\/td>\n<\/tr>\n<tr>\n<td>-peso del paquete:  220 gramos<\/td>\n<\/tr>\n<tr>\n<td>-garant\u00eda del fabricante:  garant\u00eda limitada de dos a\u00f1os de poly<\/td>\n<\/tr>\n<\/table>\n","protected":false},"excerpt":{"rendered":"<p>Un nuevo punto de referencia en audio y dise\u00f1o, el auricular bluetooth\u00ae poly voyager legend 50 uc cuenta con noiseblockai para una experiencia de llamadas consistente en cualquier lugar. Disfruta de movilidad manos libres con unos auriculares que se adaptan f\u00e1cilmente a tu hogar, oficina y cualquier lugar. Con\u00e9ctate f\u00e1cilmente a tus dispositivos con bluetooth\u00ae para una experiencia de trabajo verdaderamente flexible.<\/p>\n","protected":false},"featured_media":260904,"comment_status":"open","ping_status":"open","template":"","meta":[],"product_cat":[1552,1816],"product_tag":[2035],"acf":[],"yoast_head":"<!-- This site is optimized with the Yoast SEO plugin v21.7 - https:\/\/yoast.com\/wordpress\/plugins\/seo\/ -->\n<title>[ Poly ] &#129351; Aj8v4aa#ac3 Manos Libres Hp Aj8v4aaac3 Voyager Legend 50-m Uc\/ Inalambrico\/ Monoaural Un Solo Oido \/bluetooth \/ Adaptador Usb-c \/cancelacion De Ruido\/ Bateria De Hata 30 Horas Con Case<\/title>\n<meta name=\"description\" content=\"Compra Aj8v4aa#ac3 Manos Libres Hp Aj8v4aaac3 Voyager Legend 50-m Uc\/ Inalambrico\/ Monoaural Un Solo Oido \/bluetooth \/ Adaptador Usb-c \/cancelacion De Ruido\/ Bateria De Hata 30 Horas Con Case + Env\u00edo a domicilio + Pago seguro + Garant\u00eda\" \/>\n<meta name=\"robots\" content=\"index, follow, max-snippet:-1, max-image-preview:large, max-video-preview:-1\" \/>\n<link rel=\"canonical\" href=\"https:\/\/compuviper.mx\/tienda\/producto\/poly-aj8v4aaac3-manos-libres-hp-aj8v4aaac3-voyager-legend-50-m-uc-inalambrico-monoaural-un-solo-oido-bluetooth-adaptador-usb-c-cancelacion-de-ruido-bateria-de-hata-30-horas-con-case\/\" \/>\n<meta property=\"og:locale\" content=\"es_MX\" \/>\n<meta property=\"og:type\" content=\"article\" \/>\n<meta property=\"og:title\" content=\"[ Poly ] &#129351; Aj8v4aa#ac3 Manos Libres Hp Aj8v4aaac3 Voyager Legend 50-m Uc\/ Inalambrico\/ Monoaural Un Solo Oido \/bluetooth \/ Adaptador Usb-c \/cancelacion De Ruido\/ Bateria De Hata 30 Horas Con Case\" \/>\n<meta property=\"og:description\" content=\"Compra Aj8v4aa#ac3 Manos Libres Hp Aj8v4aaac3 Voyager Legend 50-m Uc\/ Inalambrico\/ Monoaural Un Solo Oido \/bluetooth \/ Adaptador Usb-c \/cancelacion De Ruido\/ Bateria De Hata 30 Horas Con Case + Env\u00edo a domicilio + Pago seguro + Garant\u00eda\" \/>\n<meta property=\"og:url\" content=\"https:\/\/compuviper.mx\/tienda\/producto\/poly-aj8v4aaac3-manos-libres-hp-aj8v4aaac3-voyager-legend-50-m-uc-inalambrico-monoaural-un-solo-oido-bluetooth-adaptador-usb-c-cancelacion-de-ruido-bateria-de-hata-30-horas-con-case\/\" \/>\n<meta property=\"og:site_name\" content=\"Compuviper\" \/>\n<meta property=\"article:publisher\" content=\"https:\/\/www.facebook.com\/compuviper\" \/>\n<meta property=\"og:image\" content=\"https:\/\/compuviper.mx\/tienda\/wp-content\/uploads\/2025\/10\/Manos-libres-hp-poly-aj8v4aaac3-monoaural-voyager-legend-50-m-uc-inalambrico-bluetooth-usb.jpg\" \/>\n\t<meta property=\"og:image:width\" content=\"200\" \/>\n\t<meta property=\"og:image:height\" content=\"200\" \/>\n\t<meta property=\"og:image:type\" content=\"image\/jpeg\" \/>\n<meta name=\"twitter:card\" content=\"summary_large_image\" \/>\n<meta name=\"twitter:label1\" content=\"Precio\" \/>\n\t<meta name=\"twitter:data1\" content=\"&#36;3,739 &#36;1,703 con IVA\" \/>\n\t<meta name=\"twitter:label2\" content=\"Availability\" \/>\n\t<meta name=\"twitter:data2\" content=\"Out of stock\" \/>\n<script type=\"application\/ld+json\" class=\"yoast-schema-graph\">{\"@context\":\"https:\/\/schema.org\",\"@graph\":[{\"@type\":\"WebPage\",\"@id\":\"https:\/\/compuviper.mx\/tienda\/producto\/poly-aj8v4aaac3-manos-libres-hp-aj8v4aaac3-voyager-legend-50-m-uc-inalambrico-monoaural-un-solo-oido-bluetooth-adaptador-usb-c-cancelacion-de-ruido-bateria-de-hata-30-horas-con-case\/\",\"url\":\"https:\/\/compuviper.mx\/tienda\/producto\/poly-aj8v4aaac3-manos-libres-hp-aj8v4aaac3-voyager-legend-50-m-uc-inalambrico-monoaural-un-solo-oido-bluetooth-adaptador-usb-c-cancelacion-de-ruido-bateria-de-hata-30-horas-con-case\/\",\"name\":\"[ Poly ] &#129351; Aj8v4aa#ac3 Manos Libres Hp Aj8v4aaac3 Voyager Legend 50-m Uc\/ Inalambrico\/ Monoaural Un Solo Oido \/bluetooth \/ Adaptador Usb-c \/cancelacion De Ruido\/ Bateria De Hata 30 Horas Con Case\",\"isPartOf\":{\"@id\":\"https:\/\/compuviper.mx\/tienda\/#website\"},\"datePublished\":\"2026-04-07T07:58:26+00:00\",\"dateModified\":\"2026-04-07T07:58:26+00:00\",\"description\":\"Compra Aj8v4aa#ac3 Manos Libres Hp Aj8v4aaac3 Voyager Legend 50-m Uc\/ Inalambrico\/ Monoaural Un Solo Oido \/bluetooth \/ Adaptador Usb-c \/cancelacion De Ruido\/ Bateria De Hata 30 Horas Con Case + Env\u00edo a domicilio + Pago seguro + Garant\u00eda\",\"breadcrumb\":{\"@id\":\"https:\/\/compuviper.mx\/tienda\/producto\/poly-aj8v4aaac3-manos-libres-hp-aj8v4aaac3-voyager-legend-50-m-uc-inalambrico-monoaural-un-solo-oido-bluetooth-adaptador-usb-c-cancelacion-de-ruido-bateria-de-hata-30-horas-con-case\/#breadcrumb\"},\"inLanguage\":\"es-MX\",\"potentialAction\":[{\"@type\":\"ReadAction\",\"target\":[\"https:\/\/compuviper.mx\/tienda\/producto\/poly-aj8v4aaac3-manos-libres-hp-aj8v4aaac3-voyager-legend-50-m-uc-inalambrico-monoaural-un-solo-oido-bluetooth-adaptador-usb-c-cancelacion-de-ruido-bateria-de-hata-30-horas-con-case\/\"]}]},{\"@type\":\"BreadcrumbList\",\"@id\":\"https:\/\/compuviper.mx\/tienda\/producto\/poly-aj8v4aaac3-manos-libres-hp-aj8v4aaac3-voyager-legend-50-m-uc-inalambrico-monoaural-un-solo-oido-bluetooth-adaptador-usb-c-cancelacion-de-ruido-bateria-de-hata-30-horas-con-case\/#breadcrumb\",\"itemListElement\":[{\"@type\":\"ListItem\",\"position\":1,\"name\":\"Inicio\",\"item\":\"https:\/\/compuviper.mx\/tienda\/\"},{\"@type\":\"ListItem\",\"position\":2,\"name\":\"Productos\",\"item\":\"https:\/\/compuviper.mx\/tienda\/productos\/\"},{\"@type\":\"ListItem\",\"position\":3,\"name\":\"Audifonos Y Micro\",\"item\":\"https:\/\/compuviper.mx\/tienda\/categoria-producto\/audifonos-y-micro\/\"},{\"@type\":\"ListItem\",\"position\":4,\"name\":\"Audifono Con Microfono\",\"item\":\"https:\/\/compuviper.mx\/tienda\/categoria-producto\/audifonos-y-micro\/audifono-con-microfono\/\"},{\"@type\":\"ListItem\",\"position\":5,\"name\":\"Poly Aj8v4aa#ac3 Manos Libres Hp Aj8v4aaac3 Voyager Legend 50-m Uc\/ Inalambrico\/ Monoaural Un Solo Oido \/bluetooth \/ Adaptador Usb-c \/cancelacion De Ruido\/ Bateria De Hata 30 Horas Con Case\"}]},{\"@type\":\"WebSite\",\"@id\":\"https:\/\/compuviper.mx\/tienda\/#website\",\"url\":\"https:\/\/compuviper.mx\/tienda\/\",\"name\":\"Compuviper\",\"description\":\"Proveedor de Computadoras, Laptops, Servidores, Monitores, Puntos de Venta, Teclados,   Impresoras, T\u00f3ner, C\u00e1maras de Seguridad y m\u00e1s en tu tienda en l\u00ednea\",\"publisher\":{\"@id\":\"https:\/\/compuviper.mx\/tienda\/#organization\"},\"potentialAction\":[{\"@type\":\"SearchAction\",\"target\":{\"@type\":\"EntryPoint\",\"urlTemplate\":\"https:\/\/compuviper.mx\/tienda\/?s={search_term_string}\"},\"query-input\":\"required name=search_term_string\"}],\"inLanguage\":\"es-MX\"},{\"@type\":\"Organization\",\"@id\":\"https:\/\/compuviper.mx\/tienda\/#organization\",\"name\":\"Compuviper\",\"url\":\"https:\/\/compuviper.mx\/tienda\/\",\"logo\":{\"@type\":\"ImageObject\",\"inLanguage\":\"es-MX\",\"@id\":\"https:\/\/compuviper.mx\/tienda\/#\/schema\/logo\/image\/\",\"url\":\"https:\/\/compuviper.mx\/tienda\/wp-content\/uploads\/2021\/08\/Logo-Compuviper-10.png\",\"contentUrl\":\"https:\/\/compuviper.mx\/tienda\/wp-content\/uploads\/2021\/08\/Logo-Compuviper-10.png\",\"width\":1000,\"height\":500,\"caption\":\"Compuviper\"},\"image\":{\"@id\":\"https:\/\/compuviper.mx\/tienda\/#\/schema\/logo\/image\/\"},\"sameAs\":[\"https:\/\/www.facebook.com\/compuviper\",\"https:\/\/www.youtube.com\/channel\/UCf73dERp9Y3cfOq7q8BhLjA?view_as=subscriber\"]}]}<\/script>\n<meta property=\"product:brand\" content=\"POLY\" \/>\n<meta property=\"product:price:amount\" content=\"1703\" \/>\n<meta property=\"product:price:currency\" content=\"MXN\" \/>\n<meta property=\"og:availability\" content=\"out of stock\" \/>\n<meta property=\"product:availability\" content=\"out of stock\" \/>\n<meta property=\"product:retailer_item_id\" content=\"AJ8V4AA#AC3\" \/>\n<meta property=\"product:condition\" content=\"new\" \/>\n<!-- \/ Yoast SEO plugin. -->","yoast_head_json":{"title":"[ Poly ] &#129351; Aj8v4aa#ac3 Manos Libres Hp Aj8v4aaac3 Voyager Legend 50-m Uc\/ Inalambrico\/ Monoaural Un Solo Oido \/bluetooth \/ Adaptador Usb-c \/cancelacion De Ruido\/ Bateria De Hata 30 Horas Con Case","description":"Compra Aj8v4aa#ac3 Manos Libres Hp Aj8v4aaac3 Voyager Legend 50-m Uc\/ Inalambrico\/ Monoaural Un Solo Oido \/bluetooth \/ Adaptador Usb-c \/cancelacion De Ruido\/ Bateria De Hata 30 Horas Con Case + Env\u00edo a domicilio + Pago seguro + Garant\u00eda","robots":{"index":"index","follow":"follow","max-snippet":"max-snippet:-1","max-image-preview":"max-image-preview:large","max-video-preview":"max-video-preview:-1"},"canonical":"https:\/\/compuviper.mx\/tienda\/producto\/poly-aj8v4aaac3-manos-libres-hp-aj8v4aaac3-voyager-legend-50-m-uc-inalambrico-monoaural-un-solo-oido-bluetooth-adaptador-usb-c-cancelacion-de-ruido-bateria-de-hata-30-horas-con-case\/","og_locale":"es_MX","og_type":"article","og_title":"[ Poly ] &#129351; Aj8v4aa#ac3 Manos Libres Hp Aj8v4aaac3 Voyager Legend 50-m Uc\/ Inalambrico\/ Monoaural Un Solo Oido \/bluetooth \/ Adaptador Usb-c \/cancelacion De Ruido\/ Bateria De Hata 30 Horas Con Case","og_description":"Compra Aj8v4aa#ac3 Manos Libres Hp Aj8v4aaac3 Voyager Legend 50-m Uc\/ Inalambrico\/ Monoaural Un Solo Oido \/bluetooth \/ Adaptador Usb-c \/cancelacion De Ruido\/ Bateria De Hata 30 Horas Con Case + Env\u00edo a domicilio + Pago seguro + Garant\u00eda","og_url":"https:\/\/compuviper.mx\/tienda\/producto\/poly-aj8v4aaac3-manos-libres-hp-aj8v4aaac3-voyager-legend-50-m-uc-inalambrico-monoaural-un-solo-oido-bluetooth-adaptador-usb-c-cancelacion-de-ruido-bateria-de-hata-30-horas-con-case\/","og_site_name":"Compuviper","article_publisher":"https:\/\/www.facebook.com\/compuviper","og_image":[{"width":200,"height":200,"url":"https:\/\/compuviper.mx\/tienda\/wp-content\/uploads\/2025\/10\/Manos-libres-hp-poly-aj8v4aaac3-monoaural-voyager-legend-50-m-uc-inalambrico-bluetooth-usb.jpg","type":"image\/jpeg"}],"twitter_card":"summary_large_image","twitter_misc":{"Precio":"&#36;3,739 &#36;1,703 con IVA","Availability":"Out of stock"},"schema":{"@context":"https:\/\/schema.org","@graph":[{"@type":"WebPage","@id":"https:\/\/compuviper.mx\/tienda\/producto\/poly-aj8v4aaac3-manos-libres-hp-aj8v4aaac3-voyager-legend-50-m-uc-inalambrico-monoaural-un-solo-oido-bluetooth-adaptador-usb-c-cancelacion-de-ruido-bateria-de-hata-30-horas-con-case\/","url":"https:\/\/compuviper.mx\/tienda\/producto\/poly-aj8v4aaac3-manos-libres-hp-aj8v4aaac3-voyager-legend-50-m-uc-inalambrico-monoaural-un-solo-oido-bluetooth-adaptador-usb-c-cancelacion-de-ruido-bateria-de-hata-30-horas-con-case\/","name":"[ Poly ] &#129351; Aj8v4aa#ac3 Manos Libres Hp Aj8v4aaac3 Voyager Legend 50-m Uc\/ Inalambrico\/ Monoaural Un Solo Oido \/bluetooth \/ Adaptador Usb-c \/cancelacion De Ruido\/ Bateria De Hata 30 Horas Con Case","isPartOf":{"@id":"https:\/\/compuviper.mx\/tienda\/#website"},"datePublished":"2026-04-07T07:58:26+00:00","dateModified":"2026-04-07T07:58:26+00:00","description":"Compra Aj8v4aa#ac3 Manos Libres Hp Aj8v4aaac3 Voyager Legend 50-m Uc\/ Inalambrico\/ Monoaural Un Solo Oido \/bluetooth \/ Adaptador Usb-c \/cancelacion De Ruido\/ Bateria De Hata 30 Horas Con Case + Env\u00edo a domicilio + Pago seguro + Garant\u00eda","breadcrumb":{"@id":"https:\/\/compuviper.mx\/tienda\/producto\/poly-aj8v4aaac3-manos-libres-hp-aj8v4aaac3-voyager-legend-50-m-uc-inalambrico-monoaural-un-solo-oido-bluetooth-adaptador-usb-c-cancelacion-de-ruido-bateria-de-hata-30-horas-con-case\/#breadcrumb"},"inLanguage":"es-MX","potentialAction":[{"@type":"ReadAction","target":["https:\/\/compuviper.mx\/tienda\/producto\/poly-aj8v4aaac3-manos-libres-hp-aj8v4aaac3-voyager-legend-50-m-uc-inalambrico-monoaural-un-solo-oido-bluetooth-adaptador-usb-c-cancelacion-de-ruido-bateria-de-hata-30-horas-con-case\/"]}]},{"@type":"BreadcrumbList","@id":"https:\/\/compuviper.mx\/tienda\/producto\/poly-aj8v4aaac3-manos-libres-hp-aj8v4aaac3-voyager-legend-50-m-uc-inalambrico-monoaural-un-solo-oido-bluetooth-adaptador-usb-c-cancelacion-de-ruido-bateria-de-hata-30-horas-con-case\/#breadcrumb","itemListElement":[{"@type":"ListItem","position":1,"name":"Inicio","item":"https:\/\/compuviper.mx\/tienda\/"},{"@type":"ListItem","position":2,"name":"Productos","item":"https:\/\/compuviper.mx\/tienda\/productos\/"},{"@type":"ListItem","position":3,"name":"Audifonos Y Micro","item":"https:\/\/compuviper.mx\/tienda\/categoria-producto\/audifonos-y-micro\/"},{"@type":"ListItem","position":4,"name":"Audifono Con Microfono","item":"https:\/\/compuviper.mx\/tienda\/categoria-producto\/audifonos-y-micro\/audifono-con-microfono\/"},{"@type":"ListItem","position":5,"name":"Poly Aj8v4aa#ac3 Manos Libres Hp Aj8v4aaac3 Voyager Legend 50-m Uc\/ Inalambrico\/ Monoaural Un Solo Oido \/bluetooth \/ Adaptador Usb-c \/cancelacion De Ruido\/ Bateria De Hata 30 Horas Con Case"}]},{"@type":"WebSite","@id":"https:\/\/compuviper.mx\/tienda\/#website","url":"https:\/\/compuviper.mx\/tienda\/","name":"Compuviper","description":"Proveedor de Computadoras, Laptops, Servidores, Monitores, Puntos de Venta, Teclados,   Impresoras, T\u00f3ner, C\u00e1maras de Seguridad y m\u00e1s en tu tienda en l\u00ednea","publisher":{"@id":"https:\/\/compuviper.mx\/tienda\/#organization"},"potentialAction":[{"@type":"SearchAction","target":{"@type":"EntryPoint","urlTemplate":"https:\/\/compuviper.mx\/tienda\/?s={search_term_string}"},"query-input":"required name=search_term_string"}],"inLanguage":"es-MX"},{"@type":"Organization","@id":"https:\/\/compuviper.mx\/tienda\/#organization","name":"Compuviper","url":"https:\/\/compuviper.mx\/tienda\/","logo":{"@type":"ImageObject","inLanguage":"es-MX","@id":"https:\/\/compuviper.mx\/tienda\/#\/schema\/logo\/image\/","url":"https:\/\/compuviper.mx\/tienda\/wp-content\/uploads\/2021\/08\/Logo-Compuviper-10.png","contentUrl":"https:\/\/compuviper.mx\/tienda\/wp-content\/uploads\/2021\/08\/Logo-Compuviper-10.png","width":1000,"height":500,"caption":"Compuviper"},"image":{"@id":"https:\/\/compuviper.mx\/tienda\/#\/schema\/logo\/image\/"},"sameAs":["https:\/\/www.facebook.com\/compuviper","https:\/\/www.youtube.com\/channel\/UCf73dERp9Y3cfOq7q8BhLjA?view_as=subscriber"]}]},"product_brand":"POLY","product_price_amount":"1703","product_price_currency":"MXN","og_availability":"out of stock","product_availability":"out of stock","product_retailer_item_id":"AJ8V4AA#AC3","product_condition":"new"},"_links":{"self":[{"href":"https:\/\/compuviper.mx\/tienda\/wp-json\/wp\/v2\/product\/254222"}],"collection":[{"href":"https:\/\/compuviper.mx\/tienda\/wp-json\/wp\/v2\/product"}],"about":[{"href":"https:\/\/compuviper.mx\/tienda\/wp-json\/wp\/v2\/types\/product"}],"replies":[{"embeddable":true,"href":"https:\/\/compuviper.mx\/tienda\/wp-json\/wp\/v2\/comments?post=254222"}],"wp:featuredmedia":[{"embeddable":true,"href":"https:\/\/compuviper.mx\/tienda\/wp-json\/wp\/v2\/media\/260904"}],"wp:attachment":[{"href":"https:\/\/compuviper.mx\/tienda\/wp-json\/wp\/v2\/media?parent=254222"}],"wp:term":[{"taxonomy":"product_cat","embeddable":true,"href":"https:\/\/compuviper.mx\/tienda\/wp-json\/wp\/v2\/product_cat?post=254222"},{"taxonomy":"product_tag","embeddable":true,"href":"https:\/\/compuviper.mx\/tienda\/wp-json\/wp\/v2\/product_tag?post=254222"}],"curies":[{"name":"wp","href":"https:\/\/api.w.org\/{rel}","templated":true}]}}