{"id":254220,"date":"2026-04-02T02:06:04","date_gmt":"2026-04-02T08:06:04","guid":{"rendered":"https:\/\/compuviper.mx\/tienda\/producto\/acteck-ac-935319-audifonos-centric-pro-hp640-alambricos-diadema-para-conferencia-usb-microfono-flexible-4-botones-controladores-negro\/"},"modified":"2026-04-02T02:06:05","modified_gmt":"2026-04-02T08:06:05","slug":"acteck-ac-935319-audifonos-centric-pro-hp640-alambricos-diadema-para-conferencia-usb-microfono-flexible-4-botones-controladores-negro","status":"publish","type":"product","link":"https:\/\/compuviper.mx\/tienda\/producto\/acteck-ac-935319-audifonos-centric-pro-hp640-alambricos-diadema-para-conferencia-usb-microfono-flexible-4-botones-controladores-negro\/","title":{"rendered":"Acteck Ac-935319 Audifonos  Centric Pro Hp640 \/ Alambricos \/ Diadema Para Conferencia \/ Usb \/ Microfono Flexible \/ 4 Botones Controladores \/ Negro \/"},"content":{"rendered":"<table class=\"descripcion\">\n<tr>\n<td>Nombre: audifonos<\/td>\n<\/tr>\n<tr>\n<td>Modelo: ac-935319<\/td>\n<\/tr>\n<tr>\n<td>Bocinas<\/td>\n<\/tr>\n<tr>\n<td>\u0095 diametro: 30mm<\/td>\n<\/tr>\n<tr>\n<td>\u0095 sensibilidad: 118 \u00b1 5 db<\/td>\n<\/tr>\n<tr>\n<td>\u0095 impedancia: 32  and #937; \u00b1 15%<\/td>\n<\/tr>\n<tr>\n<td>\u0095 frecuencia de respuesta: 20 hz &#8211; 20 khz<\/td>\n<\/tr>\n<tr>\n<td>Sonido<\/td>\n<\/tr>\n<tr>\n<td>\u0095 modo: estereo<\/td>\n<\/tr>\n<tr>\n<td>\u0095 canales: 2<\/td>\n<\/tr>\n<tr>\n<td>\u0095 audio de alta fidelidad (hi-fi):  uni \u0096 direccional<\/td>\n<\/tr>\n<tr>\n<td>Microfono<\/td>\n<\/tr>\n<tr>\n<td>\u0095 tipo: flexible<\/td>\n<\/tr>\n<tr>\n<td>\u0095 sensibilidad: 47 \u00b1 5 db<\/td>\n<\/tr>\n<tr>\n<td>\u0095 impedancia: 2.2k and #937;<\/td>\n<\/tr>\n<tr>\n<td>\u0095 frecuencia de respuesta: 100hz\u009716000hz<\/td>\n<\/tr>\n<tr>\n<td>Compatibilidad<\/td>\n<\/tr>\n<tr>\n<td>\u0095 compatibilidad: windows, linux y macos<\/td>\n<\/tr>\n<tr>\n<td>Conectividad<\/td>\n<\/tr>\n<tr>\n<td>\u0095 modo: alambrico<\/td>\n<\/tr>\n<tr>\n<td>\u0095 conexi\u00f3n: usb-a<\/td>\n<\/tr>\n<tr>\n<td>\u0095 cable \/ distancia: 2 m<\/td>\n<\/tr>\n<tr>\n<td>Energia<\/td>\n<\/tr>\n<tr>\n<td>\u0095 consumo del dispositivo: 5 vc.c. 30 ma<\/td>\n<\/tr>\n<tr>\n<td>Materiales: plastico abs \/ vinipiel<\/td>\n<\/tr>\n<tr>\n<td>Color: negro<\/td>\n<\/tr>\n<\/table>\n","protected":false},"excerpt":{"rendered":"<p>Audifonos acteck usb con microfono flexible centric pro hp640 \/ alambrico \/ usb-a \/ 2 canales \/ controlador 4 botones \/ negro \/ ac-935319<\/p>\n","protected":false},"featured_media":260820,"comment_status":"open","ping_status":"open","template":"","meta":[],"product_cat":[1552,1816],"product_tag":[1582],"acf":[],"yoast_head":"<!-- This site is optimized with the Yoast SEO plugin v21.7 - https:\/\/yoast.com\/wordpress\/plugins\/seo\/ -->\n<title>[ Acteck ] &#129351; Ac-935319 Audifonos Centric Pro Hp640 \/ Alambricos \/ Diadema Para Conferencia \/ Usb \/ Microfono Flexible \/ 4 Botones Controladores \/ Negro \/<\/title>\n<meta name=\"description\" content=\"Compra Ac-935319 Audifonos Centric Pro Hp640 \/ Alambricos \/ Diadema Para Conferencia \/ Usb \/ Microfono Flexible \/ 4 Botones Controladores \/ Negro \/ + Env\u00edo a domicilio + Pago seguro + Garant\u00eda\" \/>\n<meta name=\"robots\" content=\"index, follow, max-snippet:-1, max-image-preview:large, max-video-preview:-1\" \/>\n<link rel=\"canonical\" href=\"https:\/\/compuviper.mx\/tienda\/producto\/acteck-ac-935319-audifonos-centric-pro-hp640-alambricos-diadema-para-conferencia-usb-microfono-flexible-4-botones-controladores-negro\/\" \/>\n<meta property=\"og:locale\" content=\"es_MX\" \/>\n<meta property=\"og:type\" content=\"article\" \/>\n<meta property=\"og:title\" content=\"[ Acteck ] &#129351; Ac-935319 Audifonos Centric Pro Hp640 \/ Alambricos \/ Diadema Para Conferencia \/ Usb \/ Microfono Flexible \/ 4 Botones Controladores \/ Negro \/\" \/>\n<meta property=\"og:description\" content=\"Compra Ac-935319 Audifonos Centric Pro Hp640 \/ Alambricos \/ Diadema Para Conferencia \/ Usb \/ Microfono Flexible \/ 4 Botones Controladores \/ Negro \/ + Env\u00edo a domicilio + Pago seguro + Garant\u00eda\" \/>\n<meta property=\"og:url\" content=\"https:\/\/compuviper.mx\/tienda\/producto\/acteck-ac-935319-audifonos-centric-pro-hp640-alambricos-diadema-para-conferencia-usb-microfono-flexible-4-botones-controladores-negro\/\" \/>\n<meta property=\"og:site_name\" content=\"Compuviper\" \/>\n<meta property=\"article:publisher\" content=\"https:\/\/www.facebook.com\/compuviper\" \/>\n<meta property=\"article:modified_time\" content=\"2026-04-02T08:06:05+00:00\" \/>\n<meta property=\"og:image\" content=\"https:\/\/compuviper.mx\/tienda\/wp-content\/uploads\/2025\/10\/Audifonos-acteck-centric-pro-hp640-alambricos-diadema-para-conferencia-usb-microfono-flexible-4-botones-controladores-negro-ac-935319.jpg\" \/>\n\t<meta property=\"og:image:width\" content=\"200\" \/>\n\t<meta property=\"og:image:height\" content=\"200\" \/>\n\t<meta property=\"og:image:type\" content=\"image\/jpeg\" \/>\n<meta name=\"twitter:card\" content=\"summary_large_image\" \/>\n<meta name=\"twitter:label1\" content=\"Precio\" \/>\n\t<meta name=\"twitter:data1\" content=\"&#36;309 con IVA\" \/>\n\t<meta name=\"twitter:label2\" content=\"Availability\" \/>\n\t<meta name=\"twitter:data2\" content=\"In stock\" \/>\n<script type=\"application\/ld+json\" class=\"yoast-schema-graph\">{\"@context\":\"https:\/\/schema.org\",\"@graph\":[{\"@type\":\"WebPage\",\"@id\":\"https:\/\/compuviper.mx\/tienda\/producto\/acteck-ac-935319-audifonos-centric-pro-hp640-alambricos-diadema-para-conferencia-usb-microfono-flexible-4-botones-controladores-negro\/\",\"url\":\"https:\/\/compuviper.mx\/tienda\/producto\/acteck-ac-935319-audifonos-centric-pro-hp640-alambricos-diadema-para-conferencia-usb-microfono-flexible-4-botones-controladores-negro\/\",\"name\":\"[ Acteck ] &#129351; Ac-935319 Audifonos Centric Pro Hp640 \/ Alambricos \/ Diadema Para Conferencia \/ Usb \/ Microfono Flexible \/ 4 Botones Controladores \/ Negro \/\",\"isPartOf\":{\"@id\":\"https:\/\/compuviper.mx\/tienda\/#website\"},\"datePublished\":\"2026-04-02T08:06:04+00:00\",\"dateModified\":\"2026-04-02T08:06:05+00:00\",\"description\":\"Compra Ac-935319 Audifonos Centric Pro Hp640 \/ Alambricos \/ Diadema Para Conferencia \/ Usb \/ Microfono Flexible \/ 4 Botones Controladores \/ Negro \/ + Env\u00edo a domicilio + Pago seguro + Garant\u00eda\",\"breadcrumb\":{\"@id\":\"https:\/\/compuviper.mx\/tienda\/producto\/acteck-ac-935319-audifonos-centric-pro-hp640-alambricos-diadema-para-conferencia-usb-microfono-flexible-4-botones-controladores-negro\/#breadcrumb\"},\"inLanguage\":\"es-MX\",\"potentialAction\":[{\"@type\":\"ReadAction\",\"target\":[\"https:\/\/compuviper.mx\/tienda\/producto\/acteck-ac-935319-audifonos-centric-pro-hp640-alambricos-diadema-para-conferencia-usb-microfono-flexible-4-botones-controladores-negro\/\"]}]},{\"@type\":\"BreadcrumbList\",\"@id\":\"https:\/\/compuviper.mx\/tienda\/producto\/acteck-ac-935319-audifonos-centric-pro-hp640-alambricos-diadema-para-conferencia-usb-microfono-flexible-4-botones-controladores-negro\/#breadcrumb\",\"itemListElement\":[{\"@type\":\"ListItem\",\"position\":1,\"name\":\"Inicio\",\"item\":\"https:\/\/compuviper.mx\/tienda\/\"},{\"@type\":\"ListItem\",\"position\":2,\"name\":\"Productos\",\"item\":\"https:\/\/compuviper.mx\/tienda\/productos\/\"},{\"@type\":\"ListItem\",\"position\":3,\"name\":\"Audifonos Y Micro\",\"item\":\"https:\/\/compuviper.mx\/tienda\/categoria-producto\/audifonos-y-micro\/\"},{\"@type\":\"ListItem\",\"position\":4,\"name\":\"Audifono Con Microfono\",\"item\":\"https:\/\/compuviper.mx\/tienda\/categoria-producto\/audifonos-y-micro\/audifono-con-microfono\/\"},{\"@type\":\"ListItem\",\"position\":5,\"name\":\"Acteck Ac-935319 Audifonos Centric Pro Hp640 \/ Alambricos \/ Diadema Para Conferencia \/ Usb \/ Microfono Flexible \/ 4 Botones Controladores \/ Negro \/\"}]},{\"@type\":\"WebSite\",\"@id\":\"https:\/\/compuviper.mx\/tienda\/#website\",\"url\":\"https:\/\/compuviper.mx\/tienda\/\",\"name\":\"Compuviper\",\"description\":\"Proveedor de Computadoras, Laptops, Servidores, Monitores, Puntos de Venta, Teclados,   Impresoras, T\u00f3ner, C\u00e1maras de Seguridad y m\u00e1s en tu tienda en l\u00ednea\",\"publisher\":{\"@id\":\"https:\/\/compuviper.mx\/tienda\/#organization\"},\"potentialAction\":[{\"@type\":\"SearchAction\",\"target\":{\"@type\":\"EntryPoint\",\"urlTemplate\":\"https:\/\/compuviper.mx\/tienda\/?s={search_term_string}\"},\"query-input\":\"required name=search_term_string\"}],\"inLanguage\":\"es-MX\"},{\"@type\":\"Organization\",\"@id\":\"https:\/\/compuviper.mx\/tienda\/#organization\",\"name\":\"Compuviper\",\"url\":\"https:\/\/compuviper.mx\/tienda\/\",\"logo\":{\"@type\":\"ImageObject\",\"inLanguage\":\"es-MX\",\"@id\":\"https:\/\/compuviper.mx\/tienda\/#\/schema\/logo\/image\/\",\"url\":\"https:\/\/compuviper.mx\/tienda\/wp-content\/uploads\/2021\/08\/Logo-Compuviper-10.png\",\"contentUrl\":\"https:\/\/compuviper.mx\/tienda\/wp-content\/uploads\/2021\/08\/Logo-Compuviper-10.png\",\"width\":1000,\"height\":500,\"caption\":\"Compuviper\"},\"image\":{\"@id\":\"https:\/\/compuviper.mx\/tienda\/#\/schema\/logo\/image\/\"},\"sameAs\":[\"https:\/\/www.facebook.com\/compuviper\",\"https:\/\/www.youtube.com\/channel\/UCf73dERp9Y3cfOq7q8BhLjA?view_as=subscriber\"]}]}<\/script>\n<meta property=\"product:brand\" content=\"ACTECK\" \/>\n<meta property=\"product:price:amount\" content=\"309\" \/>\n<meta property=\"product:price:currency\" content=\"MXN\" \/>\n<meta property=\"og:availability\" content=\"instock\" \/>\n<meta property=\"product:availability\" content=\"instock\" \/>\n<meta property=\"product:retailer_item_id\" content=\"AC-935319\" \/>\n<meta property=\"product:condition\" content=\"new\" \/>\n<!-- \/ Yoast SEO plugin. -->","yoast_head_json":{"title":"[ Acteck ] &#129351; Ac-935319 Audifonos Centric Pro Hp640 \/ Alambricos \/ Diadema Para Conferencia \/ Usb \/ Microfono Flexible \/ 4 Botones Controladores \/ Negro \/","description":"Compra Ac-935319 Audifonos Centric Pro Hp640 \/ Alambricos \/ Diadema Para Conferencia \/ Usb \/ Microfono Flexible \/ 4 Botones Controladores \/ Negro \/ + Env\u00edo a domicilio + Pago seguro + Garant\u00eda","robots":{"index":"index","follow":"follow","max-snippet":"max-snippet:-1","max-image-preview":"max-image-preview:large","max-video-preview":"max-video-preview:-1"},"canonical":"https:\/\/compuviper.mx\/tienda\/producto\/acteck-ac-935319-audifonos-centric-pro-hp640-alambricos-diadema-para-conferencia-usb-microfono-flexible-4-botones-controladores-negro\/","og_locale":"es_MX","og_type":"article","og_title":"[ Acteck ] &#129351; Ac-935319 Audifonos Centric Pro Hp640 \/ Alambricos \/ Diadema Para Conferencia \/ Usb \/ Microfono Flexible \/ 4 Botones Controladores \/ Negro \/","og_description":"Compra Ac-935319 Audifonos Centric Pro Hp640 \/ Alambricos \/ Diadema Para Conferencia \/ Usb \/ Microfono Flexible \/ 4 Botones Controladores \/ Negro \/ + Env\u00edo a domicilio + Pago seguro + Garant\u00eda","og_url":"https:\/\/compuviper.mx\/tienda\/producto\/acteck-ac-935319-audifonos-centric-pro-hp640-alambricos-diadema-para-conferencia-usb-microfono-flexible-4-botones-controladores-negro\/","og_site_name":"Compuviper","article_publisher":"https:\/\/www.facebook.com\/compuviper","article_modified_time":"2026-04-02T08:06:05+00:00","og_image":[{"width":200,"height":200,"url":"https:\/\/compuviper.mx\/tienda\/wp-content\/uploads\/2025\/10\/Audifonos-acteck-centric-pro-hp640-alambricos-diadema-para-conferencia-usb-microfono-flexible-4-botones-controladores-negro-ac-935319.jpg","type":"image\/jpeg"}],"twitter_card":"summary_large_image","twitter_misc":{"Precio":"&#36;309 con IVA","Availability":"In stock"},"schema":{"@context":"https:\/\/schema.org","@graph":[{"@type":"WebPage","@id":"https:\/\/compuviper.mx\/tienda\/producto\/acteck-ac-935319-audifonos-centric-pro-hp640-alambricos-diadema-para-conferencia-usb-microfono-flexible-4-botones-controladores-negro\/","url":"https:\/\/compuviper.mx\/tienda\/producto\/acteck-ac-935319-audifonos-centric-pro-hp640-alambricos-diadema-para-conferencia-usb-microfono-flexible-4-botones-controladores-negro\/","name":"[ Acteck ] &#129351; Ac-935319 Audifonos Centric Pro Hp640 \/ Alambricos \/ Diadema Para Conferencia \/ Usb \/ Microfono Flexible \/ 4 Botones Controladores \/ Negro \/","isPartOf":{"@id":"https:\/\/compuviper.mx\/tienda\/#website"},"datePublished":"2026-04-02T08:06:04+00:00","dateModified":"2026-04-02T08:06:05+00:00","description":"Compra Ac-935319 Audifonos Centric Pro Hp640 \/ Alambricos \/ Diadema Para Conferencia \/ Usb \/ Microfono Flexible \/ 4 Botones Controladores \/ Negro \/ + Env\u00edo a domicilio + Pago seguro + Garant\u00eda","breadcrumb":{"@id":"https:\/\/compuviper.mx\/tienda\/producto\/acteck-ac-935319-audifonos-centric-pro-hp640-alambricos-diadema-para-conferencia-usb-microfono-flexible-4-botones-controladores-negro\/#breadcrumb"},"inLanguage":"es-MX","potentialAction":[{"@type":"ReadAction","target":["https:\/\/compuviper.mx\/tienda\/producto\/acteck-ac-935319-audifonos-centric-pro-hp640-alambricos-diadema-para-conferencia-usb-microfono-flexible-4-botones-controladores-negro\/"]}]},{"@type":"BreadcrumbList","@id":"https:\/\/compuviper.mx\/tienda\/producto\/acteck-ac-935319-audifonos-centric-pro-hp640-alambricos-diadema-para-conferencia-usb-microfono-flexible-4-botones-controladores-negro\/#breadcrumb","itemListElement":[{"@type":"ListItem","position":1,"name":"Inicio","item":"https:\/\/compuviper.mx\/tienda\/"},{"@type":"ListItem","position":2,"name":"Productos","item":"https:\/\/compuviper.mx\/tienda\/productos\/"},{"@type":"ListItem","position":3,"name":"Audifonos Y Micro","item":"https:\/\/compuviper.mx\/tienda\/categoria-producto\/audifonos-y-micro\/"},{"@type":"ListItem","position":4,"name":"Audifono Con Microfono","item":"https:\/\/compuviper.mx\/tienda\/categoria-producto\/audifonos-y-micro\/audifono-con-microfono\/"},{"@type":"ListItem","position":5,"name":"Acteck Ac-935319 Audifonos Centric Pro Hp640 \/ Alambricos \/ Diadema Para Conferencia \/ Usb \/ Microfono Flexible \/ 4 Botones Controladores \/ Negro \/"}]},{"@type":"WebSite","@id":"https:\/\/compuviper.mx\/tienda\/#website","url":"https:\/\/compuviper.mx\/tienda\/","name":"Compuviper","description":"Proveedor de Computadoras, Laptops, Servidores, Monitores, Puntos de Venta, Teclados,   Impresoras, T\u00f3ner, C\u00e1maras de Seguridad y m\u00e1s en tu tienda en l\u00ednea","publisher":{"@id":"https:\/\/compuviper.mx\/tienda\/#organization"},"potentialAction":[{"@type":"SearchAction","target":{"@type":"EntryPoint","urlTemplate":"https:\/\/compuviper.mx\/tienda\/?s={search_term_string}"},"query-input":"required name=search_term_string"}],"inLanguage":"es-MX"},{"@type":"Organization","@id":"https:\/\/compuviper.mx\/tienda\/#organization","name":"Compuviper","url":"https:\/\/compuviper.mx\/tienda\/","logo":{"@type":"ImageObject","inLanguage":"es-MX","@id":"https:\/\/compuviper.mx\/tienda\/#\/schema\/logo\/image\/","url":"https:\/\/compuviper.mx\/tienda\/wp-content\/uploads\/2021\/08\/Logo-Compuviper-10.png","contentUrl":"https:\/\/compuviper.mx\/tienda\/wp-content\/uploads\/2021\/08\/Logo-Compuviper-10.png","width":1000,"height":500,"caption":"Compuviper"},"image":{"@id":"https:\/\/compuviper.mx\/tienda\/#\/schema\/logo\/image\/"},"sameAs":["https:\/\/www.facebook.com\/compuviper","https:\/\/www.youtube.com\/channel\/UCf73dERp9Y3cfOq7q8BhLjA?view_as=subscriber"]}]},"product_brand":"ACTECK","product_price_amount":"309","product_price_currency":"MXN","og_availability":"instock","product_availability":"instock","product_retailer_item_id":"AC-935319","product_condition":"new"},"_links":{"self":[{"href":"https:\/\/compuviper.mx\/tienda\/wp-json\/wp\/v2\/product\/254220"}],"collection":[{"href":"https:\/\/compuviper.mx\/tienda\/wp-json\/wp\/v2\/product"}],"about":[{"href":"https:\/\/compuviper.mx\/tienda\/wp-json\/wp\/v2\/types\/product"}],"replies":[{"embeddable":true,"href":"https:\/\/compuviper.mx\/tienda\/wp-json\/wp\/v2\/comments?post=254220"}],"wp:featuredmedia":[{"embeddable":true,"href":"https:\/\/compuviper.mx\/tienda\/wp-json\/wp\/v2\/media\/260820"}],"wp:attachment":[{"href":"https:\/\/compuviper.mx\/tienda\/wp-json\/wp\/v2\/media?parent=254220"}],"wp:term":[{"taxonomy":"product_cat","embeddable":true,"href":"https:\/\/compuviper.mx\/tienda\/wp-json\/wp\/v2\/product_cat?post=254220"},{"taxonomy":"product_tag","embeddable":true,"href":"https:\/\/compuviper.mx\/tienda\/wp-json\/wp\/v2\/product_tag?post=254220"}],"curies":[{"name":"wp","href":"https:\/\/api.w.org\/{rel}","templated":true}]}}