{"id":254212,"date":"2026-04-02T00:51:06","date_gmt":"2026-04-02T06:51:06","guid":{"rendered":"https:\/\/compuviper.mx\/tienda\/producto\/balam-rush-br-943031-monitor-gamer-andromeda-mag24y-curvo-23-8-pulg-panel-va-full-hd-180-hz-1-ms-r1800-freesync-adaptativo-200-hz-overclock-rgb-flicker-free-negro\/"},"modified":"2026-04-02T00:51:06","modified_gmt":"2026-04-02T06:51:06","slug":"balam-rush-br-943031-monitor-gamer-andromeda-mag24y-curvo-23-8-pulg-panel-va-full-hd-180-hz-1-ms-r1800-freesync-adaptativo-200-hz-overclock-rgb-flicker-free-negro","status":"publish","type":"product","link":"https:\/\/compuviper.mx\/tienda\/producto\/balam-rush-br-943031-monitor-gamer-andromeda-mag24y-curvo-23-8-pulg-panel-va-full-hd-180-hz-1-ms-r1800-freesync-adaptativo-200-hz-overclock-rgb-flicker-free-negro\/","title":{"rendered":"Balam Rush Br-943031 Monitor Gamer  Andromeda Mag24y \/ Curvo \/ 23.8 Pulg \/ Panel Va \/ Full Hd \/ 180 Hz \/ 1 Ms \/ R1800 \/ Freesync Adaptativo \/ 200 Hz Overclock \/ Rgb \/ Flicker Free \/ Negro \/"},"content":{"rendered":"<table class=\"descripcion\">\n<tr>\n<td>\u0095 producto: monitor<\/td>\n<\/tr>\n<tr>\n<td>\u0095 modelo: br-943031<\/td>\n<\/tr>\n<tr>\n<td>\u0095 materiales: metal y pl\u00e1stico<\/td>\n<\/tr>\n<tr>\n<td>\u0095 dimensiones: 54 x 17 x 40 cm<\/td>\n<\/tr>\n<tr>\n<td>\u0095 peso: 2.8 kg<\/td>\n<\/tr>\n<tr>\n<td>\u0095 tipo de panel: va<\/td>\n<\/tr>\n<tr>\n<td>\u0095 forma de pantalla: curvo<\/td>\n<\/tr>\n<tr>\n<td>\u0095 tama\u00f1o de pantalla: 23.8<\/td>\n<\/tr>\n<tr>\n<td>\u0095 resolucion maxima: 1920 x 1080<\/td>\n<\/tr>\n<tr>\n<td>\u0095 relacion de aspecto: 16:9<\/td>\n<\/tr>\n<tr>\n<td>\u0095 frecuencia de actualizacion (hz): 180 hz nativo \/ 200 hz overclok<\/td>\n<\/tr>\n<tr>\n<td>\u0095 pantalla a color: 16.7 m (8-bit)<\/td>\n<\/tr>\n<tr>\n<td>\u0095 angulos de vision\u00b0: 178\u00b0 \/ 178\u00b0<\/td>\n<\/tr>\n<tr>\n<td>\u0095 tipo de iluminaci\u00f3n led<\/td>\n<\/tr>\n<tr>\n<td>\u0095 brillo (cd\/m2): 200-250 cd\/m2<\/td>\n<\/tr>\n<tr>\n<td>\u0095 relacion de contraste: 1000: 1<\/td>\n<\/tr>\n<tr>\n<td>\u0095 tiempo de respuesta: 1 ms<\/td>\n<\/tr>\n<tr>\n<td>\u0095 tipo hd: fhd<\/td>\n<\/tr>\n<tr>\n<td>\u0095 pantalla radio: 1800 r<\/td>\n<\/tr>\n<tr>\n<td>\u0095 kensington lock: si<\/td>\n<\/tr>\n<tr>\n<td>\u0095 vesa: 75 x 75 mm<\/td>\n<\/tr>\n<tr>\n<td>\u0095 ajuste (inclinacion): frontal 5\u00b0 \/ trasero 15\u00b0<\/td>\n<\/tr>\n<tr>\n<td>\u0095 iluminacion rgb: si<\/td>\n<\/tr>\n<tr>\n<td>\u0095 porcentajes de srgb: srgb 80%<\/td>\n<\/tr>\n<tr>\n<td>\u0095 alimentacion<\/td>\n<\/tr>\n<tr>\n<td>               \u0095 entrada: 100 v~ &#8211; 240 v~ 50\/60 hz 1.2 a max<\/td>\n<\/tr>\n<tr>\n<td>               \u0095 salida: 12 v and #9107; 3 a<\/td>\n<\/tr>\n<tr>\n<td>               \u0095 maximo consumo: 36 w<\/td>\n<\/tr>\n<tr>\n<td>               \u0095 consumo de energia en espera:  and #8804;1 w<\/td>\n<\/tr>\n<tr>\n<td>\u0095 longitud de cable de alimentacion: 1.5 mts<\/td>\n<\/tr>\n<\/table>\n","protected":false},"excerpt":{"rendered":"<p>Sum\u00e9rgete en cada partida con la pantalla curva de 23.8\u0094, ofreci\u00e9ndote una. Experiencia gaming m\u00e1s envolvente y realista. Respuesta ultra r\u00e1pida. Reacciona con precisi\u00f3n milim\u00e9trica y elimina cualquier. Retraso visual gracias al tiempo de respuesta de solo 1ms. Fluidez m\u00e1xima (200 hz. Disfruta 180hz nativos, y hasta 200hz con overclock. Logrando im\u00e1genes ultrafluidas que te dan ventaja en. Juegos compoetitivos. Juego sin interrupciones. Freesync adaptativo elimina tearing y stuttering para que. Nada interrumpa tu camino hacia la victoria. Estilo de vanguardia. Personaliza tu setup con una iluminaci\u00f3n rgb \u00fanica, que. Aporta un toque futurista inspirado en el universo. Destacando tu espacio gamer. Las tecnolog\u00edas flicker-free y low blue filter garantizan sesiones de juego. Prolongadas sin cansancio ocular. Conectividad de alto nivel. Incorpora puerto dp 1.4, hdmi 2.1 y usb tipo-c. Displayport para conexiones r\u00e1pidas y vers\u00e1tiles con. Tus dispositivos favoritos. Ergonom\u00eda c\u00f3smica. Con ajuste ergon\u00f3mico de inclinaci\u00f3n de +5\u00b0 hasta -15\u00b0. Disfruta siempre del \u00e1ngulo ideal para horas de juego con. M\u00e1xima comodidad.<\/p>\n","protected":false},"featured_media":259949,"comment_status":"open","ping_status":"open","template":"","meta":[],"product_cat":[1741,1740],"product_tag":[2097],"acf":[],"yoast_head":"<!-- This site is optimized with the Yoast SEO plugin v21.7 - https:\/\/yoast.com\/wordpress\/plugins\/seo\/ -->\n<title>[ Balam Rush ] &#129351; Br-943031 Monitor Gamer Andromeda Mag24y \/ Curvo \/ 23.8 Pulg \/ Panel Va \/ Full Hd \/ 180 Hz \/ 1 Ms \/ R1800 \/ Freesync Adaptativo \/ 200 Hz Overclock \/ Rgb \/ Flicker Free \/ Negro \/<\/title>\n<meta name=\"description\" content=\"Compra Br-943031 Monitor Gamer Andromeda Mag24y \/ Curvo \/ 23.8 Pulg \/ Panel Va \/ Full Hd \/ 180 Hz \/ 1 Ms \/ R1800 \/ Freesync Adaptativo \/ 200 Hz Overclock \/ Rgb \/ Flicker Free \/ Negro \/ + Env\u00edo a domicilio + Pago seguro + Garant\u00eda\" \/>\n<meta name=\"robots\" content=\"index, follow, max-snippet:-1, max-image-preview:large, max-video-preview:-1\" \/>\n<link rel=\"canonical\" href=\"https:\/\/compuviper.mx\/tienda\/producto\/balam-rush-br-943031-monitor-gamer-andromeda-mag24y-curvo-23-8-pulg-panel-va-full-hd-180-hz-1-ms-r1800-freesync-adaptativo-200-hz-overclock-rgb-flicker-free-negro\/\" \/>\n<meta property=\"og:locale\" content=\"es_MX\" \/>\n<meta property=\"og:type\" content=\"article\" \/>\n<meta property=\"og:title\" content=\"[ Balam Rush ] &#129351; Br-943031 Monitor Gamer Andromeda Mag24y \/ Curvo \/ 23.8 Pulg \/ Panel Va \/ Full Hd \/ 180 Hz \/ 1 Ms \/ R1800 \/ Freesync Adaptativo \/ 200 Hz Overclock \/ Rgb \/ Flicker Free \/ Negro \/\" \/>\n<meta property=\"og:description\" content=\"Compra Br-943031 Monitor Gamer Andromeda Mag24y \/ Curvo \/ 23.8 Pulg \/ Panel Va \/ Full Hd \/ 180 Hz \/ 1 Ms \/ R1800 \/ Freesync Adaptativo \/ 200 Hz Overclock \/ Rgb \/ Flicker Free \/ Negro \/ + Env\u00edo a domicilio + Pago seguro + Garant\u00eda\" \/>\n<meta property=\"og:url\" content=\"https:\/\/compuviper.mx\/tienda\/producto\/balam-rush-br-943031-monitor-gamer-andromeda-mag24y-curvo-23-8-pulg-panel-va-full-hd-180-hz-1-ms-r1800-freesync-adaptativo-200-hz-overclock-rgb-flicker-free-negro\/\" \/>\n<meta property=\"og:site_name\" content=\"Compuviper\" \/>\n<meta property=\"article:publisher\" content=\"https:\/\/www.facebook.com\/compuviper\" \/>\n<meta property=\"og:image\" content=\"https:\/\/compuviper.mx\/tienda\/wp-content\/uploads\/2025\/10\/Monitor-gamer-balam-rush-andromeda-mag24y-curvo-23.8-pulg-panel-va-full-hd-180-hz-1-ms-r1800-freesync-adaptativo-200-hz-overclock-rgb-flicker-free-negro-br-943031.jpg\" \/>\n\t<meta property=\"og:image:width\" content=\"200\" \/>\n\t<meta property=\"og:image:height\" content=\"200\" \/>\n\t<meta property=\"og:image:type\" content=\"image\/jpeg\" \/>\n<meta name=\"twitter:card\" content=\"summary_large_image\" \/>\n<meta name=\"twitter:label1\" content=\"Precio\" \/>\n\t<meta name=\"twitter:data1\" content=\"&#36;1,832 con IVA\" \/>\n\t<meta name=\"twitter:label2\" content=\"Availability\" \/>\n\t<meta name=\"twitter:data2\" content=\"In stock\" \/>\n<script type=\"application\/ld+json\" class=\"yoast-schema-graph\">{\"@context\":\"https:\/\/schema.org\",\"@graph\":[{\"@type\":\"WebPage\",\"@id\":\"https:\/\/compuviper.mx\/tienda\/producto\/balam-rush-br-943031-monitor-gamer-andromeda-mag24y-curvo-23-8-pulg-panel-va-full-hd-180-hz-1-ms-r1800-freesync-adaptativo-200-hz-overclock-rgb-flicker-free-negro\/\",\"url\":\"https:\/\/compuviper.mx\/tienda\/producto\/balam-rush-br-943031-monitor-gamer-andromeda-mag24y-curvo-23-8-pulg-panel-va-full-hd-180-hz-1-ms-r1800-freesync-adaptativo-200-hz-overclock-rgb-flicker-free-negro\/\",\"name\":\"[ Balam Rush ] &#129351; Br-943031 Monitor Gamer Andromeda Mag24y \/ Curvo \/ 23.8 Pulg \/ Panel Va \/ Full Hd \/ 180 Hz \/ 1 Ms \/ R1800 \/ Freesync Adaptativo \/ 200 Hz Overclock \/ Rgb \/ Flicker Free \/ Negro \/\",\"isPartOf\":{\"@id\":\"https:\/\/compuviper.mx\/tienda\/#website\"},\"datePublished\":\"2026-04-02T06:51:06+00:00\",\"dateModified\":\"2026-04-02T06:51:06+00:00\",\"description\":\"Compra Br-943031 Monitor Gamer Andromeda Mag24y \/ Curvo \/ 23.8 Pulg \/ Panel Va \/ Full Hd \/ 180 Hz \/ 1 Ms \/ R1800 \/ Freesync Adaptativo \/ 200 Hz Overclock \/ Rgb \/ Flicker Free \/ Negro \/ + Env\u00edo a domicilio + Pago seguro + Garant\u00eda\",\"breadcrumb\":{\"@id\":\"https:\/\/compuviper.mx\/tienda\/producto\/balam-rush-br-943031-monitor-gamer-andromeda-mag24y-curvo-23-8-pulg-panel-va-full-hd-180-hz-1-ms-r1800-freesync-adaptativo-200-hz-overclock-rgb-flicker-free-negro\/#breadcrumb\"},\"inLanguage\":\"es-MX\",\"potentialAction\":[{\"@type\":\"ReadAction\",\"target\":[\"https:\/\/compuviper.mx\/tienda\/producto\/balam-rush-br-943031-monitor-gamer-andromeda-mag24y-curvo-23-8-pulg-panel-va-full-hd-180-hz-1-ms-r1800-freesync-adaptativo-200-hz-overclock-rgb-flicker-free-negro\/\"]}]},{\"@type\":\"BreadcrumbList\",\"@id\":\"https:\/\/compuviper.mx\/tienda\/producto\/balam-rush-br-943031-monitor-gamer-andromeda-mag24y-curvo-23-8-pulg-panel-va-full-hd-180-hz-1-ms-r1800-freesync-adaptativo-200-hz-overclock-rgb-flicker-free-negro\/#breadcrumb\",\"itemListElement\":[{\"@type\":\"ListItem\",\"position\":1,\"name\":\"Inicio\",\"item\":\"https:\/\/compuviper.mx\/tienda\/\"},{\"@type\":\"ListItem\",\"position\":2,\"name\":\"Productos\",\"item\":\"https:\/\/compuviper.mx\/tienda\/productos\/\"},{\"@type\":\"ListItem\",\"position\":3,\"name\":\"Monitores\",\"item\":\"https:\/\/compuviper.mx\/tienda\/categoria-producto\/monitores\/\"},{\"@type\":\"ListItem\",\"position\":4,\"name\":\"Led\",\"item\":\"https:\/\/compuviper.mx\/tienda\/categoria-producto\/monitores\/led\/\"},{\"@type\":\"ListItem\",\"position\":5,\"name\":\"Balam Rush Br-943031 Monitor Gamer Andromeda Mag24y \/ Curvo \/ 23.8 Pulg \/ Panel Va \/ Full Hd \/ 180 Hz \/ 1 Ms \/ R1800 \/ Freesync Adaptativo \/ 200 Hz Overclock \/ Rgb \/ Flicker Free \/ Negro \/\"}]},{\"@type\":\"WebSite\",\"@id\":\"https:\/\/compuviper.mx\/tienda\/#website\",\"url\":\"https:\/\/compuviper.mx\/tienda\/\",\"name\":\"Compuviper\",\"description\":\"Proveedor de Computadoras, Laptops, Servidores, Monitores, Puntos de Venta, Teclados,   Impresoras, T\u00f3ner, C\u00e1maras de Seguridad y m\u00e1s en tu tienda en l\u00ednea\",\"publisher\":{\"@id\":\"https:\/\/compuviper.mx\/tienda\/#organization\"},\"potentialAction\":[{\"@type\":\"SearchAction\",\"target\":{\"@type\":\"EntryPoint\",\"urlTemplate\":\"https:\/\/compuviper.mx\/tienda\/?s={search_term_string}\"},\"query-input\":\"required name=search_term_string\"}],\"inLanguage\":\"es-MX\"},{\"@type\":\"Organization\",\"@id\":\"https:\/\/compuviper.mx\/tienda\/#organization\",\"name\":\"Compuviper\",\"url\":\"https:\/\/compuviper.mx\/tienda\/\",\"logo\":{\"@type\":\"ImageObject\",\"inLanguage\":\"es-MX\",\"@id\":\"https:\/\/compuviper.mx\/tienda\/#\/schema\/logo\/image\/\",\"url\":\"https:\/\/compuviper.mx\/tienda\/wp-content\/uploads\/2021\/08\/Logo-Compuviper-10.png\",\"contentUrl\":\"https:\/\/compuviper.mx\/tienda\/wp-content\/uploads\/2021\/08\/Logo-Compuviper-10.png\",\"width\":1000,\"height\":500,\"caption\":\"Compuviper\"},\"image\":{\"@id\":\"https:\/\/compuviper.mx\/tienda\/#\/schema\/logo\/image\/\"},\"sameAs\":[\"https:\/\/www.facebook.com\/compuviper\",\"https:\/\/www.youtube.com\/channel\/UCf73dERp9Y3cfOq7q8BhLjA?view_as=subscriber\"]}]}<\/script>\n<meta property=\"product:brand\" content=\"Balam Rush\" \/>\n<meta property=\"product:price:amount\" content=\"1832\" \/>\n<meta property=\"product:price:currency\" content=\"MXN\" \/>\n<meta property=\"og:availability\" content=\"instock\" \/>\n<meta property=\"product:availability\" content=\"instock\" \/>\n<meta property=\"product:retailer_item_id\" content=\"BR-943031\" \/>\n<meta property=\"product:condition\" content=\"new\" \/>\n<!-- \/ Yoast SEO plugin. -->","yoast_head_json":{"title":"[ Balam Rush ] &#129351; Br-943031 Monitor Gamer Andromeda Mag24y \/ Curvo \/ 23.8 Pulg \/ Panel Va \/ Full Hd \/ 180 Hz \/ 1 Ms \/ R1800 \/ Freesync Adaptativo \/ 200 Hz Overclock \/ Rgb \/ Flicker Free \/ Negro \/","description":"Compra Br-943031 Monitor Gamer Andromeda Mag24y \/ Curvo \/ 23.8 Pulg \/ Panel Va \/ Full Hd \/ 180 Hz \/ 1 Ms \/ R1800 \/ Freesync Adaptativo \/ 200 Hz Overclock \/ Rgb \/ Flicker Free \/ Negro \/ + Env\u00edo a domicilio + Pago seguro + Garant\u00eda","robots":{"index":"index","follow":"follow","max-snippet":"max-snippet:-1","max-image-preview":"max-image-preview:large","max-video-preview":"max-video-preview:-1"},"canonical":"https:\/\/compuviper.mx\/tienda\/producto\/balam-rush-br-943031-monitor-gamer-andromeda-mag24y-curvo-23-8-pulg-panel-va-full-hd-180-hz-1-ms-r1800-freesync-adaptativo-200-hz-overclock-rgb-flicker-free-negro\/","og_locale":"es_MX","og_type":"article","og_title":"[ Balam Rush ] &#129351; Br-943031 Monitor Gamer Andromeda Mag24y \/ Curvo \/ 23.8 Pulg \/ Panel Va \/ Full Hd \/ 180 Hz \/ 1 Ms \/ R1800 \/ Freesync Adaptativo \/ 200 Hz Overclock \/ Rgb \/ Flicker Free \/ Negro \/","og_description":"Compra Br-943031 Monitor Gamer Andromeda Mag24y \/ Curvo \/ 23.8 Pulg \/ Panel Va \/ Full Hd \/ 180 Hz \/ 1 Ms \/ R1800 \/ Freesync Adaptativo \/ 200 Hz Overclock \/ Rgb \/ Flicker Free \/ Negro \/ + Env\u00edo a domicilio + Pago seguro + Garant\u00eda","og_url":"https:\/\/compuviper.mx\/tienda\/producto\/balam-rush-br-943031-monitor-gamer-andromeda-mag24y-curvo-23-8-pulg-panel-va-full-hd-180-hz-1-ms-r1800-freesync-adaptativo-200-hz-overclock-rgb-flicker-free-negro\/","og_site_name":"Compuviper","article_publisher":"https:\/\/www.facebook.com\/compuviper","og_image":[{"width":200,"height":200,"url":"https:\/\/compuviper.mx\/tienda\/wp-content\/uploads\/2025\/10\/Monitor-gamer-balam-rush-andromeda-mag24y-curvo-23.8-pulg-panel-va-full-hd-180-hz-1-ms-r1800-freesync-adaptativo-200-hz-overclock-rgb-flicker-free-negro-br-943031.jpg","type":"image\/jpeg"}],"twitter_card":"summary_large_image","twitter_misc":{"Precio":"&#36;1,832 con IVA","Availability":"In stock"},"schema":{"@context":"https:\/\/schema.org","@graph":[{"@type":"WebPage","@id":"https:\/\/compuviper.mx\/tienda\/producto\/balam-rush-br-943031-monitor-gamer-andromeda-mag24y-curvo-23-8-pulg-panel-va-full-hd-180-hz-1-ms-r1800-freesync-adaptativo-200-hz-overclock-rgb-flicker-free-negro\/","url":"https:\/\/compuviper.mx\/tienda\/producto\/balam-rush-br-943031-monitor-gamer-andromeda-mag24y-curvo-23-8-pulg-panel-va-full-hd-180-hz-1-ms-r1800-freesync-adaptativo-200-hz-overclock-rgb-flicker-free-negro\/","name":"[ Balam Rush ] &#129351; Br-943031 Monitor Gamer Andromeda Mag24y \/ Curvo \/ 23.8 Pulg \/ Panel Va \/ Full Hd \/ 180 Hz \/ 1 Ms \/ R1800 \/ Freesync Adaptativo \/ 200 Hz Overclock \/ Rgb \/ Flicker Free \/ Negro \/","isPartOf":{"@id":"https:\/\/compuviper.mx\/tienda\/#website"},"datePublished":"2026-04-02T06:51:06+00:00","dateModified":"2026-04-02T06:51:06+00:00","description":"Compra Br-943031 Monitor Gamer Andromeda Mag24y \/ Curvo \/ 23.8 Pulg \/ Panel Va \/ Full Hd \/ 180 Hz \/ 1 Ms \/ R1800 \/ Freesync Adaptativo \/ 200 Hz Overclock \/ Rgb \/ Flicker Free \/ Negro \/ + Env\u00edo a domicilio + Pago seguro + Garant\u00eda","breadcrumb":{"@id":"https:\/\/compuviper.mx\/tienda\/producto\/balam-rush-br-943031-monitor-gamer-andromeda-mag24y-curvo-23-8-pulg-panel-va-full-hd-180-hz-1-ms-r1800-freesync-adaptativo-200-hz-overclock-rgb-flicker-free-negro\/#breadcrumb"},"inLanguage":"es-MX","potentialAction":[{"@type":"ReadAction","target":["https:\/\/compuviper.mx\/tienda\/producto\/balam-rush-br-943031-monitor-gamer-andromeda-mag24y-curvo-23-8-pulg-panel-va-full-hd-180-hz-1-ms-r1800-freesync-adaptativo-200-hz-overclock-rgb-flicker-free-negro\/"]}]},{"@type":"BreadcrumbList","@id":"https:\/\/compuviper.mx\/tienda\/producto\/balam-rush-br-943031-monitor-gamer-andromeda-mag24y-curvo-23-8-pulg-panel-va-full-hd-180-hz-1-ms-r1800-freesync-adaptativo-200-hz-overclock-rgb-flicker-free-negro\/#breadcrumb","itemListElement":[{"@type":"ListItem","position":1,"name":"Inicio","item":"https:\/\/compuviper.mx\/tienda\/"},{"@type":"ListItem","position":2,"name":"Productos","item":"https:\/\/compuviper.mx\/tienda\/productos\/"},{"@type":"ListItem","position":3,"name":"Monitores","item":"https:\/\/compuviper.mx\/tienda\/categoria-producto\/monitores\/"},{"@type":"ListItem","position":4,"name":"Led","item":"https:\/\/compuviper.mx\/tienda\/categoria-producto\/monitores\/led\/"},{"@type":"ListItem","position":5,"name":"Balam Rush Br-943031 Monitor Gamer Andromeda Mag24y \/ Curvo \/ 23.8 Pulg \/ Panel Va \/ Full Hd \/ 180 Hz \/ 1 Ms \/ R1800 \/ Freesync Adaptativo \/ 200 Hz Overclock \/ Rgb \/ Flicker Free \/ Negro \/"}]},{"@type":"WebSite","@id":"https:\/\/compuviper.mx\/tienda\/#website","url":"https:\/\/compuviper.mx\/tienda\/","name":"Compuviper","description":"Proveedor de Computadoras, Laptops, Servidores, Monitores, Puntos de Venta, Teclados,   Impresoras, T\u00f3ner, C\u00e1maras de Seguridad y m\u00e1s en tu tienda en l\u00ednea","publisher":{"@id":"https:\/\/compuviper.mx\/tienda\/#organization"},"potentialAction":[{"@type":"SearchAction","target":{"@type":"EntryPoint","urlTemplate":"https:\/\/compuviper.mx\/tienda\/?s={search_term_string}"},"query-input":"required name=search_term_string"}],"inLanguage":"es-MX"},{"@type":"Organization","@id":"https:\/\/compuviper.mx\/tienda\/#organization","name":"Compuviper","url":"https:\/\/compuviper.mx\/tienda\/","logo":{"@type":"ImageObject","inLanguage":"es-MX","@id":"https:\/\/compuviper.mx\/tienda\/#\/schema\/logo\/image\/","url":"https:\/\/compuviper.mx\/tienda\/wp-content\/uploads\/2021\/08\/Logo-Compuviper-10.png","contentUrl":"https:\/\/compuviper.mx\/tienda\/wp-content\/uploads\/2021\/08\/Logo-Compuviper-10.png","width":1000,"height":500,"caption":"Compuviper"},"image":{"@id":"https:\/\/compuviper.mx\/tienda\/#\/schema\/logo\/image\/"},"sameAs":["https:\/\/www.facebook.com\/compuviper","https:\/\/www.youtube.com\/channel\/UCf73dERp9Y3cfOq7q8BhLjA?view_as=subscriber"]}]},"product_brand":"Balam Rush","product_price_amount":"1832","product_price_currency":"MXN","og_availability":"instock","product_availability":"instock","product_retailer_item_id":"BR-943031","product_condition":"new"},"_links":{"self":[{"href":"https:\/\/compuviper.mx\/tienda\/wp-json\/wp\/v2\/product\/254212"}],"collection":[{"href":"https:\/\/compuviper.mx\/tienda\/wp-json\/wp\/v2\/product"}],"about":[{"href":"https:\/\/compuviper.mx\/tienda\/wp-json\/wp\/v2\/types\/product"}],"replies":[{"embeddable":true,"href":"https:\/\/compuviper.mx\/tienda\/wp-json\/wp\/v2\/comments?post=254212"}],"wp:featuredmedia":[{"embeddable":true,"href":"https:\/\/compuviper.mx\/tienda\/wp-json\/wp\/v2\/media\/259949"}],"wp:attachment":[{"href":"https:\/\/compuviper.mx\/tienda\/wp-json\/wp\/v2\/media?parent=254212"}],"wp:term":[{"taxonomy":"product_cat","embeddable":true,"href":"https:\/\/compuviper.mx\/tienda\/wp-json\/wp\/v2\/product_cat?post=254212"},{"taxonomy":"product_tag","embeddable":true,"href":"https:\/\/compuviper.mx\/tienda\/wp-json\/wp\/v2\/product_tag?post=254212"}],"curies":[{"name":"wp","href":"https:\/\/api.w.org\/{rel}","templated":true}]}}