{"id":254197,"date":"2026-04-02T00:30:29","date_gmt":"2026-04-02T06:30:29","guid":{"rendered":"https:\/\/compuviper.mx\/tienda\/producto\/hikvision-ds-ups3000-x-ups-de-3000-va-1800-w-pantalla-lcd-proteccin-contra-sobrecarga-y-descarga-entrada-y-salida-120-vca-6-tomas-nema-5-15r-todos-con-respado\/"},"modified":"2026-04-02T00:30:29","modified_gmt":"2026-04-02T06:30:29","slug":"hikvision-ds-ups3000-x-ups-de-3000-va-1800-w-pantalla-lcd-proteccin-contra-sobrecarga-y-descarga-entrada-y-salida-120-vca-6-tomas-nema-5-15r-todos-con-respado","status":"publish","type":"product","link":"https:\/\/compuviper.mx\/tienda\/producto\/hikvision-ds-ups3000-x-ups-de-3000-va-1800-w-pantalla-lcd-proteccin-contra-sobrecarga-y-descarga-entrada-y-salida-120-vca-6-tomas-nema-5-15r-todos-con-respado\/","title":{"rendered":"Hikvision Ds-ups3000-x Ups  De 3000 Va \/ 1800 W \/ Pantalla Lcd \/ Protecci?n Contra Sobrecarga Y Descarga \/ Entrada Y Salida 120 Vca \/ 6 Tomas Nema 5-15r (todos Con Respado)"},"content":{"rendered":"<table class=\"descripcion\">\n<tr>\n<td>Capacidad 3000 va \/ 1800 w para alto rendimiento,bater\u00eda 12 v \/ 9 ah de larga duraci\u00f3n,voltaje de entrada 85-150 v, adaptable.<\/td>\n<\/tr>\n<\/table>\n","protected":false},"excerpt":{"rendered":"<p>Voltaje de salida: 102 &#8211; 132 v,dimensiones: 412 mm \u00d7 145 mm \u00d7 210 mm,garant\u00eda: 5 a\u00f1os (en la bater\u00eda aplica 1 a\u00f1o)tabla de referencia de consumo en watts (aproximado):100w: 150 min,600w: 15 min,900w: 6 min<\/p>\n","protected":false},"featured_media":259589,"comment_status":"open","ping_status":"open","template":"","meta":[],"product_cat":[1508,1691],"product_tag":[1595],"acf":[],"yoast_head":"<!-- This site is optimized with the Yoast SEO plugin v21.7 - https:\/\/yoast.com\/wordpress\/plugins\/seo\/ -->\n<title>[ Hikvision ] &#129351; Ds-ups3000-x Ups De 3000 Va \/ 1800 W \/ Pantalla Lcd \/ Protecci\u00f3n Contra Sobrecarga Y Descarga \/ Entrada Y Salida 120 Vca \/ 6 Tomas Nema 5-15r (todos Con Respado)<\/title>\n<meta name=\"description\" content=\"Compra Ds-ups3000-x Ups De 3000 Va \/ 1800 W \/ Pantalla Lcd \/ Protecci\u00f3n Contra Sobrecarga Y Descarga \/ Entrada Y Salida 120 Vca \/ 6 Tomas Nema 5-15r (todos Con Respado) + Env\u00edo a domicilio + Pago seguro + Garant\u00eda\" \/>\n<meta name=\"robots\" content=\"index, follow, max-snippet:-1, max-image-preview:large, max-video-preview:-1\" \/>\n<link rel=\"canonical\" href=\"https:\/\/compuviper.mx\/tienda\/producto\/hikvision-ds-ups3000-x-ups-de-3000-va-1800-w-pantalla-lcd-proteccin-contra-sobrecarga-y-descarga-entrada-y-salida-120-vca-6-tomas-nema-5-15r-todos-con-respado\/\" \/>\n<meta property=\"og:locale\" content=\"es_MX\" \/>\n<meta property=\"og:type\" content=\"article\" \/>\n<meta property=\"og:title\" content=\"[ Hikvision ] &#129351; Ds-ups3000-x Ups De 3000 Va \/ 1800 W \/ Pantalla Lcd \/ Protecci\u00f3n Contra Sobrecarga Y Descarga \/ Entrada Y Salida 120 Vca \/ 6 Tomas Nema 5-15r (todos Con Respado)\" \/>\n<meta property=\"og:description\" content=\"Compra Ds-ups3000-x Ups De 3000 Va \/ 1800 W \/ Pantalla Lcd \/ Protecci\u00f3n Contra Sobrecarga Y Descarga \/ Entrada Y Salida 120 Vca \/ 6 Tomas Nema 5-15r (todos Con Respado) + Env\u00edo a domicilio + Pago seguro + Garant\u00eda\" \/>\n<meta property=\"og:url\" content=\"https:\/\/compuviper.mx\/tienda\/producto\/hikvision-ds-ups3000-x-ups-de-3000-va-1800-w-pantalla-lcd-proteccin-contra-sobrecarga-y-descarga-entrada-y-salida-120-vca-6-tomas-nema-5-15r-todos-con-respado\/\" \/>\n<meta property=\"og:site_name\" content=\"Compuviper\" \/>\n<meta property=\"article:publisher\" content=\"https:\/\/www.facebook.com\/compuviper\" \/>\n<meta property=\"og:image\" content=\"https:\/\/compuviper.mx\/tienda\/wp-content\/uploads\/2025\/10\/Ups-hikvision-de-3000-va-1800-w-pantalla-lcd-proteccion-contra-sobrecarga-y-descarga-entrada-y-salida-120-vca-6-tomas-nema-5-15r-todos-con-respado.jpg\" \/>\n\t<meta property=\"og:image:width\" content=\"200\" \/>\n\t<meta property=\"og:image:height\" content=\"200\" \/>\n\t<meta property=\"og:image:type\" content=\"image\/jpeg\" \/>\n<meta name=\"twitter:card\" content=\"summary_large_image\" \/>\n<meta name=\"twitter:label1\" content=\"Precio\" \/>\n\t<meta name=\"twitter:data1\" content=\"&#36;5,676 con IVA\" \/>\n\t<meta name=\"twitter:label2\" content=\"Availability\" \/>\n\t<meta name=\"twitter:data2\" content=\"On backorder\" \/>\n<script type=\"application\/ld+json\" class=\"yoast-schema-graph\">{\"@context\":\"https:\/\/schema.org\",\"@graph\":[{\"@type\":\"WebPage\",\"@id\":\"https:\/\/compuviper.mx\/tienda\/producto\/hikvision-ds-ups3000-x-ups-de-3000-va-1800-w-pantalla-lcd-proteccin-contra-sobrecarga-y-descarga-entrada-y-salida-120-vca-6-tomas-nema-5-15r-todos-con-respado\/\",\"url\":\"https:\/\/compuviper.mx\/tienda\/producto\/hikvision-ds-ups3000-x-ups-de-3000-va-1800-w-pantalla-lcd-proteccin-contra-sobrecarga-y-descarga-entrada-y-salida-120-vca-6-tomas-nema-5-15r-todos-con-respado\/\",\"name\":\"[ Hikvision ] &#129351; Ds-ups3000-x Ups De 3000 Va \/ 1800 W \/ Pantalla Lcd \/ Protecci\u00f3n Contra Sobrecarga Y Descarga \/ Entrada Y Salida 120 Vca \/ 6 Tomas Nema 5-15r (todos Con Respado)\",\"isPartOf\":{\"@id\":\"https:\/\/compuviper.mx\/tienda\/#website\"},\"datePublished\":\"2026-04-02T06:30:29+00:00\",\"dateModified\":\"2026-04-02T06:30:29+00:00\",\"description\":\"Compra Ds-ups3000-x Ups De 3000 Va \/ 1800 W \/ Pantalla Lcd \/ Protecci\u00f3n Contra Sobrecarga Y Descarga \/ Entrada Y Salida 120 Vca \/ 6 Tomas Nema 5-15r (todos Con Respado) + Env\u00edo a domicilio + Pago seguro + Garant\u00eda\",\"breadcrumb\":{\"@id\":\"https:\/\/compuviper.mx\/tienda\/producto\/hikvision-ds-ups3000-x-ups-de-3000-va-1800-w-pantalla-lcd-proteccin-contra-sobrecarga-y-descarga-entrada-y-salida-120-vca-6-tomas-nema-5-15r-todos-con-respado\/#breadcrumb\"},\"inLanguage\":\"es-MX\",\"potentialAction\":[{\"@type\":\"ReadAction\",\"target\":[\"https:\/\/compuviper.mx\/tienda\/producto\/hikvision-ds-ups3000-x-ups-de-3000-va-1800-w-pantalla-lcd-proteccin-contra-sobrecarga-y-descarga-entrada-y-salida-120-vca-6-tomas-nema-5-15r-todos-con-respado\/\"]}]},{\"@type\":\"BreadcrumbList\",\"@id\":\"https:\/\/compuviper.mx\/tienda\/producto\/hikvision-ds-ups3000-x-ups-de-3000-va-1800-w-pantalla-lcd-proteccin-contra-sobrecarga-y-descarga-entrada-y-salida-120-vca-6-tomas-nema-5-15r-todos-con-respado\/#breadcrumb\",\"itemListElement\":[{\"@type\":\"ListItem\",\"position\":1,\"name\":\"Inicio\",\"item\":\"https:\/\/compuviper.mx\/tienda\/\"},{\"@type\":\"ListItem\",\"position\":2,\"name\":\"Productos\",\"item\":\"https:\/\/compuviper.mx\/tienda\/productos\/\"},{\"@type\":\"ListItem\",\"position\":3,\"name\":\"Energia\",\"item\":\"https:\/\/compuviper.mx\/tienda\/categoria-producto\/energia\/\"},{\"@type\":\"ListItem\",\"position\":4,\"name\":\"No Break\",\"item\":\"https:\/\/compuviper.mx\/tienda\/categoria-producto\/energia\/no-break\/\"},{\"@type\":\"ListItem\",\"position\":5,\"name\":\"Hikvision Ds-ups3000-x Ups De 3000 Va \/ 1800 W \/ Pantalla Lcd \/ Protecci?n Contra Sobrecarga Y Descarga \/ Entrada Y Salida 120 Vca \/ 6 Tomas Nema 5-15r (todos Con Respado)\"}]},{\"@type\":\"WebSite\",\"@id\":\"https:\/\/compuviper.mx\/tienda\/#website\",\"url\":\"https:\/\/compuviper.mx\/tienda\/\",\"name\":\"Compuviper\",\"description\":\"Proveedor de Computadoras, Laptops, Servidores, Monitores, Puntos de Venta, Teclados,   Impresoras, T\u00f3ner, C\u00e1maras de Seguridad y m\u00e1s en tu tienda en l\u00ednea\",\"publisher\":{\"@id\":\"https:\/\/compuviper.mx\/tienda\/#organization\"},\"potentialAction\":[{\"@type\":\"SearchAction\",\"target\":{\"@type\":\"EntryPoint\",\"urlTemplate\":\"https:\/\/compuviper.mx\/tienda\/?s={search_term_string}\"},\"query-input\":\"required name=search_term_string\"}],\"inLanguage\":\"es-MX\"},{\"@type\":\"Organization\",\"@id\":\"https:\/\/compuviper.mx\/tienda\/#organization\",\"name\":\"Compuviper\",\"url\":\"https:\/\/compuviper.mx\/tienda\/\",\"logo\":{\"@type\":\"ImageObject\",\"inLanguage\":\"es-MX\",\"@id\":\"https:\/\/compuviper.mx\/tienda\/#\/schema\/logo\/image\/\",\"url\":\"https:\/\/compuviper.mx\/tienda\/wp-content\/uploads\/2021\/08\/Logo-Compuviper-10.png\",\"contentUrl\":\"https:\/\/compuviper.mx\/tienda\/wp-content\/uploads\/2021\/08\/Logo-Compuviper-10.png\",\"width\":1000,\"height\":500,\"caption\":\"Compuviper\"},\"image\":{\"@id\":\"https:\/\/compuviper.mx\/tienda\/#\/schema\/logo\/image\/\"},\"sameAs\":[\"https:\/\/www.facebook.com\/compuviper\",\"https:\/\/www.youtube.com\/channel\/UCf73dERp9Y3cfOq7q8BhLjA?view_as=subscriber\"]}]}<\/script>\n<meta property=\"product:brand\" content=\"HIKVISION\" \/>\n<meta property=\"product:price:amount\" content=\"5676\" \/>\n<meta property=\"product:price:currency\" content=\"MXN\" \/>\n<meta property=\"og:availability\" content=\"backorder\" \/>\n<meta property=\"product:availability\" content=\"available for order\" \/>\n<meta property=\"product:retailer_item_id\" content=\"DS-UPS3000-X\" \/>\n<meta property=\"product:condition\" content=\"new\" \/>\n<!-- \/ Yoast SEO plugin. -->","yoast_head_json":{"title":"[ Hikvision ] &#129351; Ds-ups3000-x Ups De 3000 Va \/ 1800 W \/ Pantalla Lcd \/ Protecci\u00f3n Contra Sobrecarga Y Descarga \/ Entrada Y Salida 120 Vca \/ 6 Tomas Nema 5-15r (todos Con Respado)","description":"Compra Ds-ups3000-x Ups De 3000 Va \/ 1800 W \/ Pantalla Lcd \/ Protecci\u00f3n Contra Sobrecarga Y Descarga \/ Entrada Y Salida 120 Vca \/ 6 Tomas Nema 5-15r (todos Con Respado) + Env\u00edo a domicilio + Pago seguro + Garant\u00eda","robots":{"index":"index","follow":"follow","max-snippet":"max-snippet:-1","max-image-preview":"max-image-preview:large","max-video-preview":"max-video-preview:-1"},"canonical":"https:\/\/compuviper.mx\/tienda\/producto\/hikvision-ds-ups3000-x-ups-de-3000-va-1800-w-pantalla-lcd-proteccin-contra-sobrecarga-y-descarga-entrada-y-salida-120-vca-6-tomas-nema-5-15r-todos-con-respado\/","og_locale":"es_MX","og_type":"article","og_title":"[ Hikvision ] &#129351; Ds-ups3000-x Ups De 3000 Va \/ 1800 W \/ Pantalla Lcd \/ Protecci\u00f3n Contra Sobrecarga Y Descarga \/ Entrada Y Salida 120 Vca \/ 6 Tomas Nema 5-15r (todos Con Respado)","og_description":"Compra Ds-ups3000-x Ups De 3000 Va \/ 1800 W \/ Pantalla Lcd \/ Protecci\u00f3n Contra Sobrecarga Y Descarga \/ Entrada Y Salida 120 Vca \/ 6 Tomas Nema 5-15r (todos Con Respado) + Env\u00edo a domicilio + Pago seguro + Garant\u00eda","og_url":"https:\/\/compuviper.mx\/tienda\/producto\/hikvision-ds-ups3000-x-ups-de-3000-va-1800-w-pantalla-lcd-proteccin-contra-sobrecarga-y-descarga-entrada-y-salida-120-vca-6-tomas-nema-5-15r-todos-con-respado\/","og_site_name":"Compuviper","article_publisher":"https:\/\/www.facebook.com\/compuviper","og_image":[{"width":200,"height":200,"url":"https:\/\/compuviper.mx\/tienda\/wp-content\/uploads\/2025\/10\/Ups-hikvision-de-3000-va-1800-w-pantalla-lcd-proteccion-contra-sobrecarga-y-descarga-entrada-y-salida-120-vca-6-tomas-nema-5-15r-todos-con-respado.jpg","type":"image\/jpeg"}],"twitter_card":"summary_large_image","twitter_misc":{"Precio":"&#36;5,676 con IVA","Availability":"On backorder"},"schema":{"@context":"https:\/\/schema.org","@graph":[{"@type":"WebPage","@id":"https:\/\/compuviper.mx\/tienda\/producto\/hikvision-ds-ups3000-x-ups-de-3000-va-1800-w-pantalla-lcd-proteccin-contra-sobrecarga-y-descarga-entrada-y-salida-120-vca-6-tomas-nema-5-15r-todos-con-respado\/","url":"https:\/\/compuviper.mx\/tienda\/producto\/hikvision-ds-ups3000-x-ups-de-3000-va-1800-w-pantalla-lcd-proteccin-contra-sobrecarga-y-descarga-entrada-y-salida-120-vca-6-tomas-nema-5-15r-todos-con-respado\/","name":"[ Hikvision ] &#129351; Ds-ups3000-x Ups De 3000 Va \/ 1800 W \/ Pantalla Lcd \/ Protecci\u00f3n Contra Sobrecarga Y Descarga \/ Entrada Y Salida 120 Vca \/ 6 Tomas Nema 5-15r (todos Con Respado)","isPartOf":{"@id":"https:\/\/compuviper.mx\/tienda\/#website"},"datePublished":"2026-04-02T06:30:29+00:00","dateModified":"2026-04-02T06:30:29+00:00","description":"Compra Ds-ups3000-x Ups De 3000 Va \/ 1800 W \/ Pantalla Lcd \/ Protecci\u00f3n Contra Sobrecarga Y Descarga \/ Entrada Y Salida 120 Vca \/ 6 Tomas Nema 5-15r (todos Con Respado) + Env\u00edo a domicilio + Pago seguro + Garant\u00eda","breadcrumb":{"@id":"https:\/\/compuviper.mx\/tienda\/producto\/hikvision-ds-ups3000-x-ups-de-3000-va-1800-w-pantalla-lcd-proteccin-contra-sobrecarga-y-descarga-entrada-y-salida-120-vca-6-tomas-nema-5-15r-todos-con-respado\/#breadcrumb"},"inLanguage":"es-MX","potentialAction":[{"@type":"ReadAction","target":["https:\/\/compuviper.mx\/tienda\/producto\/hikvision-ds-ups3000-x-ups-de-3000-va-1800-w-pantalla-lcd-proteccin-contra-sobrecarga-y-descarga-entrada-y-salida-120-vca-6-tomas-nema-5-15r-todos-con-respado\/"]}]},{"@type":"BreadcrumbList","@id":"https:\/\/compuviper.mx\/tienda\/producto\/hikvision-ds-ups3000-x-ups-de-3000-va-1800-w-pantalla-lcd-proteccin-contra-sobrecarga-y-descarga-entrada-y-salida-120-vca-6-tomas-nema-5-15r-todos-con-respado\/#breadcrumb","itemListElement":[{"@type":"ListItem","position":1,"name":"Inicio","item":"https:\/\/compuviper.mx\/tienda\/"},{"@type":"ListItem","position":2,"name":"Productos","item":"https:\/\/compuviper.mx\/tienda\/productos\/"},{"@type":"ListItem","position":3,"name":"Energia","item":"https:\/\/compuviper.mx\/tienda\/categoria-producto\/energia\/"},{"@type":"ListItem","position":4,"name":"No Break","item":"https:\/\/compuviper.mx\/tienda\/categoria-producto\/energia\/no-break\/"},{"@type":"ListItem","position":5,"name":"Hikvision Ds-ups3000-x Ups De 3000 Va \/ 1800 W \/ Pantalla Lcd \/ Protecci?n Contra Sobrecarga Y Descarga \/ Entrada Y Salida 120 Vca \/ 6 Tomas Nema 5-15r (todos Con Respado)"}]},{"@type":"WebSite","@id":"https:\/\/compuviper.mx\/tienda\/#website","url":"https:\/\/compuviper.mx\/tienda\/","name":"Compuviper","description":"Proveedor de Computadoras, Laptops, Servidores, Monitores, Puntos de Venta, Teclados,   Impresoras, T\u00f3ner, C\u00e1maras de Seguridad y m\u00e1s en tu tienda en l\u00ednea","publisher":{"@id":"https:\/\/compuviper.mx\/tienda\/#organization"},"potentialAction":[{"@type":"SearchAction","target":{"@type":"EntryPoint","urlTemplate":"https:\/\/compuviper.mx\/tienda\/?s={search_term_string}"},"query-input":"required name=search_term_string"}],"inLanguage":"es-MX"},{"@type":"Organization","@id":"https:\/\/compuviper.mx\/tienda\/#organization","name":"Compuviper","url":"https:\/\/compuviper.mx\/tienda\/","logo":{"@type":"ImageObject","inLanguage":"es-MX","@id":"https:\/\/compuviper.mx\/tienda\/#\/schema\/logo\/image\/","url":"https:\/\/compuviper.mx\/tienda\/wp-content\/uploads\/2021\/08\/Logo-Compuviper-10.png","contentUrl":"https:\/\/compuviper.mx\/tienda\/wp-content\/uploads\/2021\/08\/Logo-Compuviper-10.png","width":1000,"height":500,"caption":"Compuviper"},"image":{"@id":"https:\/\/compuviper.mx\/tienda\/#\/schema\/logo\/image\/"},"sameAs":["https:\/\/www.facebook.com\/compuviper","https:\/\/www.youtube.com\/channel\/UCf73dERp9Y3cfOq7q8BhLjA?view_as=subscriber"]}]},"product_brand":"HIKVISION","product_price_amount":"5676","product_price_currency":"MXN","og_availability":"backorder","product_availability":"available for order","product_retailer_item_id":"DS-UPS3000-X","product_condition":"new"},"_links":{"self":[{"href":"https:\/\/compuviper.mx\/tienda\/wp-json\/wp\/v2\/product\/254197"}],"collection":[{"href":"https:\/\/compuviper.mx\/tienda\/wp-json\/wp\/v2\/product"}],"about":[{"href":"https:\/\/compuviper.mx\/tienda\/wp-json\/wp\/v2\/types\/product"}],"replies":[{"embeddable":true,"href":"https:\/\/compuviper.mx\/tienda\/wp-json\/wp\/v2\/comments?post=254197"}],"wp:featuredmedia":[{"embeddable":true,"href":"https:\/\/compuviper.mx\/tienda\/wp-json\/wp\/v2\/media\/259589"}],"wp:attachment":[{"href":"https:\/\/compuviper.mx\/tienda\/wp-json\/wp\/v2\/media?parent=254197"}],"wp:term":[{"taxonomy":"product_cat","embeddable":true,"href":"https:\/\/compuviper.mx\/tienda\/wp-json\/wp\/v2\/product_cat?post=254197"},{"taxonomy":"product_tag","embeddable":true,"href":"https:\/\/compuviper.mx\/tienda\/wp-json\/wp\/v2\/product_tag?post=254197"}],"curies":[{"name":"wp","href":"https:\/\/api.w.org\/{rel}","templated":true}]}}