{"id":254190,"date":"2026-04-01T23:17:08","date_gmt":"2026-04-02T05:17:08","guid":{"rendered":"https:\/\/compuviper.mx\/tienda\/producto\/dahua-dhi-ds04-ai400-caja-multimedia-player-para-publicidad-senalizacion-digital-android-compatible-con-software-mps-para-administracion-ethernet\/"},"modified":"2026-04-01T23:17:09","modified_gmt":"2026-04-02T05:17:09","slug":"dahua-dhi-ds04-ai400-caja-multimedia-player-para-publicidad-senalizacion-digital-android-compatible-con-software-mps-para-administracion-ethernet","status":"publish","type":"product","link":"https:\/\/compuviper.mx\/tienda\/producto\/dahua-dhi-ds04-ai400-caja-multimedia-player-para-publicidad-senalizacion-digital-android-compatible-con-software-mps-para-administracion-ethernet\/","title":{"rendered":"Dahua Dhi-ds04-ai400 Caja Multimedia\/ \/ \/ Player Para Publicidad\/ Senalizacion Digital\/ Android\/ Compatible Con Software Mps Para Administracion\/ Ethernet"},"content":{"rendered":"<table class=\"descripcion\">\n<tr>\n<td>Especificaciones tecnicas<\/td>\n<\/tr>\n<tr>\n<td>\u0095 ram: 2gb<\/td>\n<\/tr>\n<tr>\n<td>\u0095 rom: 16 gb<\/td>\n<\/tr>\n<tr>\n<td>\u0095 sistema operativo android: 8.1<\/td>\n<\/tr>\n<tr>\n<td>\u0095 upc: cortex-a17 de cuatro nucleos hasta 1,6 ghz<\/td>\n<\/tr>\n<tr>\n<td>\u0095 wifi: si, solo 2.4ghz<\/td>\n<\/tr>\n<tr>\n<td>\u0095 energia: cc 12v\/1a<\/td>\n<\/tr>\n<tr>\n<td>Incluye<\/td>\n<\/tr>\n<tr>\n<td>\u0095 caja de control multimedia dahua dhi-ds04-ai400<\/td>\n<\/tr>\n<tr>\n<td>\u0095 cable de alimentacion<\/td>\n<\/tr>\n<tr>\n<td>\u0095 adaptador<\/td>\n<\/tr>\n<tr>\n<td>\u0095 antena wi-fi<\/td>\n<\/tr>\n<tr>\n<td>\u0095 manual de usuario<\/td>\n<\/tr>\n<tr>\n<td>\u0095 control remoto<\/td>\n<\/tr>\n<\/table>\n","protected":false},"excerpt":{"rendered":"<p>Informacion general. La dahua dhi-ds04-ai400 es una caja de control multimedia disenada para sistemas de senalizacion digital, permitiendo la gestion y distribucion de contenido en pantallas. Opera con android y es totalmente compatible con el software mps, lo que facilita la administracion centralizada del contenido. Su conectividad ethernet garantiza una transmision estable y eficiente, ideal para entornos comerciales, corporativos y de publicidad digital. Con un diseno compacto y facil integracion, esta solucion es perfecta para puntos de venta, centros comerciales, aeropuertos y mas. \u0095 software soporta 20 dispositivos gratis. Hasta 1000 dispositivos con liciencia por equipo. Caracteristicas principales. \u0095 diseno industrial, pequeno y portatil, monitor a juego, video wall, pantalla led para publicidad. \u0095 4 modulos de funcion incluyen liberacion de red, liberacion local, administrador de aplicaciones y configuracion del sistema. \u0095 admite video, imagen, audio, txt, pdf, transmision de ipc, hora, clima y otra informacion multimedia publicada, hecha para la industria publicitaria. \u0095 admite el material del programa fuera de la red o la funcion de reanudacion de cortes, ahorra mucho ancho de banda y flujo de red. \u0095 la plataforma mps de dahua proporciona gestion remota unificada para integradores de sistemas y operadores de medios<\/p>\n","protected":false},"featured_media":258896,"comment_status":"open","ping_status":"open","template":"","meta":[],"product_cat":[1485,2041],"product_tag":[1555],"acf":[],"yoast_head":"<!-- This site is optimized with the Yoast SEO plugin v21.7 - https:\/\/yoast.com\/wordpress\/plugins\/seo\/ -->\n<title>[ Dahua ] &#129351; Dhi-ds04-ai400 Caja Multimedia\/ \/ \/ Player Para Publicidad\/ Senalizacion Digital\/ Android\/ Compatible Con Software Mps Para Administracion\/ Ethernet<\/title>\n<meta name=\"description\" content=\"Compra Dhi-ds04-ai400 Caja Multimedia\/ \/ \/ Player Para Publicidad\/ Senalizacion Digital\/ Android\/ Compatible Con Software Mps Para Administracion\/ Ethernet + Env\u00edo a domicilio + Pago seguro + Garant\u00eda\" \/>\n<meta name=\"robots\" content=\"index, follow, max-snippet:-1, max-image-preview:large, max-video-preview:-1\" \/>\n<link rel=\"canonical\" href=\"https:\/\/compuviper.mx\/tienda\/producto\/dahua-dhi-ds04-ai400-caja-multimedia-player-para-publicidad-senalizacion-digital-android-compatible-con-software-mps-para-administracion-ethernet\/\" \/>\n<meta property=\"og:locale\" content=\"es_MX\" \/>\n<meta property=\"og:type\" content=\"article\" \/>\n<meta property=\"og:title\" content=\"[ Dahua ] &#129351; Dhi-ds04-ai400 Caja Multimedia\/ \/ \/ Player Para Publicidad\/ Senalizacion Digital\/ Android\/ Compatible Con Software Mps Para Administracion\/ Ethernet\" \/>\n<meta property=\"og:description\" content=\"Compra Dhi-ds04-ai400 Caja Multimedia\/ \/ \/ Player Para Publicidad\/ Senalizacion Digital\/ Android\/ Compatible Con Software Mps Para Administracion\/ Ethernet + Env\u00edo a domicilio + Pago seguro + Garant\u00eda\" \/>\n<meta property=\"og:url\" content=\"https:\/\/compuviper.mx\/tienda\/producto\/dahua-dhi-ds04-ai400-caja-multimedia-player-para-publicidad-senalizacion-digital-android-compatible-con-software-mps-para-administracion-ethernet\/\" \/>\n<meta property=\"og:site_name\" content=\"Compuviper\" \/>\n<meta property=\"article:publisher\" content=\"https:\/\/www.facebook.com\/compuviper\" \/>\n<meta property=\"article:modified_time\" content=\"2026-04-02T05:17:09+00:00\" \/>\n<meta property=\"og:image\" content=\"https:\/\/compuviper.mx\/tienda\/wp-content\/uploads\/2025\/10\/Caja-multimedia-dahua-dhi-ds04-ai400-player-para-publicidad-senalizacion-digital-android-compatible-con-software-mps-para-administracion-ethernet.jpg\" \/>\n\t<meta property=\"og:image:width\" content=\"200\" \/>\n\t<meta property=\"og:image:height\" content=\"200\" \/>\n\t<meta property=\"og:image:type\" content=\"image\/jpeg\" \/>\n<meta name=\"twitter:card\" content=\"summary_large_image\" \/>\n<meta name=\"twitter:label1\" content=\"Precio\" \/>\n\t<meta name=\"twitter:data1\" content=\"&#36;5,450 con IVA\" \/>\n\t<meta name=\"twitter:label2\" content=\"Availability\" \/>\n\t<meta name=\"twitter:data2\" content=\"On backorder\" \/>\n<script type=\"application\/ld+json\" class=\"yoast-schema-graph\">{\"@context\":\"https:\/\/schema.org\",\"@graph\":[{\"@type\":\"WebPage\",\"@id\":\"https:\/\/compuviper.mx\/tienda\/producto\/dahua-dhi-ds04-ai400-caja-multimedia-player-para-publicidad-senalizacion-digital-android-compatible-con-software-mps-para-administracion-ethernet\/\",\"url\":\"https:\/\/compuviper.mx\/tienda\/producto\/dahua-dhi-ds04-ai400-caja-multimedia-player-para-publicidad-senalizacion-digital-android-compatible-con-software-mps-para-administracion-ethernet\/\",\"name\":\"[ Dahua ] &#129351; Dhi-ds04-ai400 Caja Multimedia\/ \/ \/ Player Para Publicidad\/ Senalizacion Digital\/ Android\/ Compatible Con Software Mps Para Administracion\/ Ethernet\",\"isPartOf\":{\"@id\":\"https:\/\/compuviper.mx\/tienda\/#website\"},\"datePublished\":\"2026-04-02T05:17:08+00:00\",\"dateModified\":\"2026-04-02T05:17:09+00:00\",\"description\":\"Compra Dhi-ds04-ai400 Caja Multimedia\/ \/ \/ Player Para Publicidad\/ Senalizacion Digital\/ Android\/ Compatible Con Software Mps Para Administracion\/ Ethernet + Env\u00edo a domicilio + Pago seguro + Garant\u00eda\",\"breadcrumb\":{\"@id\":\"https:\/\/compuviper.mx\/tienda\/producto\/dahua-dhi-ds04-ai400-caja-multimedia-player-para-publicidad-senalizacion-digital-android-compatible-con-software-mps-para-administracion-ethernet\/#breadcrumb\"},\"inLanguage\":\"es-MX\",\"potentialAction\":[{\"@type\":\"ReadAction\",\"target\":[\"https:\/\/compuviper.mx\/tienda\/producto\/dahua-dhi-ds04-ai400-caja-multimedia-player-para-publicidad-senalizacion-digital-android-compatible-con-software-mps-para-administracion-ethernet\/\"]}]},{\"@type\":\"BreadcrumbList\",\"@id\":\"https:\/\/compuviper.mx\/tienda\/producto\/dahua-dhi-ds04-ai400-caja-multimedia-player-para-publicidad-senalizacion-digital-android-compatible-con-software-mps-para-administracion-ethernet\/#breadcrumb\",\"itemListElement\":[{\"@type\":\"ListItem\",\"position\":1,\"name\":\"Inicio\",\"item\":\"https:\/\/compuviper.mx\/tienda\/\"},{\"@type\":\"ListItem\",\"position\":2,\"name\":\"Productos\",\"item\":\"https:\/\/compuviper.mx\/tienda\/productos\/\"},{\"@type\":\"ListItem\",\"position\":3,\"name\":\"Accesorios\",\"item\":\"https:\/\/compuviper.mx\/tienda\/categoria-producto\/accesorios\/\"},{\"@type\":\"ListItem\",\"position\":4,\"name\":\"Player Para Se?alizacion Digital\",\"item\":\"https:\/\/compuviper.mx\/tienda\/categoria-producto\/accesorios\/player-para-sealizacion-digital\/\"},{\"@type\":\"ListItem\",\"position\":5,\"name\":\"Dahua Dhi-ds04-ai400 Caja Multimedia\/ \/ \/ Player Para Publicidad\/ Senalizacion Digital\/ Android\/ Compatible Con Software Mps Para Administracion\/ Ethernet\"}]},{\"@type\":\"WebSite\",\"@id\":\"https:\/\/compuviper.mx\/tienda\/#website\",\"url\":\"https:\/\/compuviper.mx\/tienda\/\",\"name\":\"Compuviper\",\"description\":\"Proveedor de Computadoras, Laptops, Servidores, Monitores, Puntos de Venta, Teclados,   Impresoras, T\u00f3ner, C\u00e1maras de Seguridad y m\u00e1s en tu tienda en l\u00ednea\",\"publisher\":{\"@id\":\"https:\/\/compuviper.mx\/tienda\/#organization\"},\"potentialAction\":[{\"@type\":\"SearchAction\",\"target\":{\"@type\":\"EntryPoint\",\"urlTemplate\":\"https:\/\/compuviper.mx\/tienda\/?s={search_term_string}\"},\"query-input\":\"required name=search_term_string\"}],\"inLanguage\":\"es-MX\"},{\"@type\":\"Organization\",\"@id\":\"https:\/\/compuviper.mx\/tienda\/#organization\",\"name\":\"Compuviper\",\"url\":\"https:\/\/compuviper.mx\/tienda\/\",\"logo\":{\"@type\":\"ImageObject\",\"inLanguage\":\"es-MX\",\"@id\":\"https:\/\/compuviper.mx\/tienda\/#\/schema\/logo\/image\/\",\"url\":\"https:\/\/compuviper.mx\/tienda\/wp-content\/uploads\/2021\/08\/Logo-Compuviper-10.png\",\"contentUrl\":\"https:\/\/compuviper.mx\/tienda\/wp-content\/uploads\/2021\/08\/Logo-Compuviper-10.png\",\"width\":1000,\"height\":500,\"caption\":\"Compuviper\"},\"image\":{\"@id\":\"https:\/\/compuviper.mx\/tienda\/#\/schema\/logo\/image\/\"},\"sameAs\":[\"https:\/\/www.facebook.com\/compuviper\",\"https:\/\/www.youtube.com\/channel\/UCf73dERp9Y3cfOq7q8BhLjA?view_as=subscriber\"]}]}<\/script>\n<meta property=\"product:brand\" content=\"DAHUA\" \/>\n<meta property=\"product:price:amount\" content=\"5450\" \/>\n<meta property=\"product:price:currency\" content=\"MXN\" \/>\n<meta property=\"og:availability\" content=\"backorder\" \/>\n<meta property=\"product:availability\" content=\"available for order\" \/>\n<meta property=\"product:retailer_item_id\" content=\"DHI-DS04-AI400\" \/>\n<meta property=\"product:condition\" content=\"new\" \/>\n<!-- \/ Yoast SEO plugin. -->","yoast_head_json":{"title":"[ Dahua ] &#129351; Dhi-ds04-ai400 Caja Multimedia\/ \/ \/ Player Para Publicidad\/ Senalizacion Digital\/ Android\/ Compatible Con Software Mps Para Administracion\/ Ethernet","description":"Compra Dhi-ds04-ai400 Caja Multimedia\/ \/ \/ Player Para Publicidad\/ Senalizacion Digital\/ Android\/ Compatible Con Software Mps Para Administracion\/ Ethernet + Env\u00edo a domicilio + Pago seguro + Garant\u00eda","robots":{"index":"index","follow":"follow","max-snippet":"max-snippet:-1","max-image-preview":"max-image-preview:large","max-video-preview":"max-video-preview:-1"},"canonical":"https:\/\/compuviper.mx\/tienda\/producto\/dahua-dhi-ds04-ai400-caja-multimedia-player-para-publicidad-senalizacion-digital-android-compatible-con-software-mps-para-administracion-ethernet\/","og_locale":"es_MX","og_type":"article","og_title":"[ Dahua ] &#129351; Dhi-ds04-ai400 Caja Multimedia\/ \/ \/ Player Para Publicidad\/ Senalizacion Digital\/ Android\/ Compatible Con Software Mps Para Administracion\/ Ethernet","og_description":"Compra Dhi-ds04-ai400 Caja Multimedia\/ \/ \/ Player Para Publicidad\/ Senalizacion Digital\/ Android\/ Compatible Con Software Mps Para Administracion\/ Ethernet + Env\u00edo a domicilio + Pago seguro + Garant\u00eda","og_url":"https:\/\/compuviper.mx\/tienda\/producto\/dahua-dhi-ds04-ai400-caja-multimedia-player-para-publicidad-senalizacion-digital-android-compatible-con-software-mps-para-administracion-ethernet\/","og_site_name":"Compuviper","article_publisher":"https:\/\/www.facebook.com\/compuviper","article_modified_time":"2026-04-02T05:17:09+00:00","og_image":[{"width":200,"height":200,"url":"https:\/\/compuviper.mx\/tienda\/wp-content\/uploads\/2025\/10\/Caja-multimedia-dahua-dhi-ds04-ai400-player-para-publicidad-senalizacion-digital-android-compatible-con-software-mps-para-administracion-ethernet.jpg","type":"image\/jpeg"}],"twitter_card":"summary_large_image","twitter_misc":{"Precio":"&#36;5,450 con IVA","Availability":"On backorder"},"schema":{"@context":"https:\/\/schema.org","@graph":[{"@type":"WebPage","@id":"https:\/\/compuviper.mx\/tienda\/producto\/dahua-dhi-ds04-ai400-caja-multimedia-player-para-publicidad-senalizacion-digital-android-compatible-con-software-mps-para-administracion-ethernet\/","url":"https:\/\/compuviper.mx\/tienda\/producto\/dahua-dhi-ds04-ai400-caja-multimedia-player-para-publicidad-senalizacion-digital-android-compatible-con-software-mps-para-administracion-ethernet\/","name":"[ Dahua ] &#129351; Dhi-ds04-ai400 Caja Multimedia\/ \/ \/ Player Para Publicidad\/ Senalizacion Digital\/ Android\/ Compatible Con Software Mps Para Administracion\/ Ethernet","isPartOf":{"@id":"https:\/\/compuviper.mx\/tienda\/#website"},"datePublished":"2026-04-02T05:17:08+00:00","dateModified":"2026-04-02T05:17:09+00:00","description":"Compra Dhi-ds04-ai400 Caja Multimedia\/ \/ \/ Player Para Publicidad\/ Senalizacion Digital\/ Android\/ Compatible Con Software Mps Para Administracion\/ Ethernet + Env\u00edo a domicilio + Pago seguro + Garant\u00eda","breadcrumb":{"@id":"https:\/\/compuviper.mx\/tienda\/producto\/dahua-dhi-ds04-ai400-caja-multimedia-player-para-publicidad-senalizacion-digital-android-compatible-con-software-mps-para-administracion-ethernet\/#breadcrumb"},"inLanguage":"es-MX","potentialAction":[{"@type":"ReadAction","target":["https:\/\/compuviper.mx\/tienda\/producto\/dahua-dhi-ds04-ai400-caja-multimedia-player-para-publicidad-senalizacion-digital-android-compatible-con-software-mps-para-administracion-ethernet\/"]}]},{"@type":"BreadcrumbList","@id":"https:\/\/compuviper.mx\/tienda\/producto\/dahua-dhi-ds04-ai400-caja-multimedia-player-para-publicidad-senalizacion-digital-android-compatible-con-software-mps-para-administracion-ethernet\/#breadcrumb","itemListElement":[{"@type":"ListItem","position":1,"name":"Inicio","item":"https:\/\/compuviper.mx\/tienda\/"},{"@type":"ListItem","position":2,"name":"Productos","item":"https:\/\/compuviper.mx\/tienda\/productos\/"},{"@type":"ListItem","position":3,"name":"Accesorios","item":"https:\/\/compuviper.mx\/tienda\/categoria-producto\/accesorios\/"},{"@type":"ListItem","position":4,"name":"Player Para Se?alizacion Digital","item":"https:\/\/compuviper.mx\/tienda\/categoria-producto\/accesorios\/player-para-sealizacion-digital\/"},{"@type":"ListItem","position":5,"name":"Dahua Dhi-ds04-ai400 Caja Multimedia\/ \/ \/ Player Para Publicidad\/ Senalizacion Digital\/ Android\/ Compatible Con Software Mps Para Administracion\/ Ethernet"}]},{"@type":"WebSite","@id":"https:\/\/compuviper.mx\/tienda\/#website","url":"https:\/\/compuviper.mx\/tienda\/","name":"Compuviper","description":"Proveedor de Computadoras, Laptops, Servidores, Monitores, Puntos de Venta, Teclados,   Impresoras, T\u00f3ner, C\u00e1maras de Seguridad y m\u00e1s en tu tienda en l\u00ednea","publisher":{"@id":"https:\/\/compuviper.mx\/tienda\/#organization"},"potentialAction":[{"@type":"SearchAction","target":{"@type":"EntryPoint","urlTemplate":"https:\/\/compuviper.mx\/tienda\/?s={search_term_string}"},"query-input":"required name=search_term_string"}],"inLanguage":"es-MX"},{"@type":"Organization","@id":"https:\/\/compuviper.mx\/tienda\/#organization","name":"Compuviper","url":"https:\/\/compuviper.mx\/tienda\/","logo":{"@type":"ImageObject","inLanguage":"es-MX","@id":"https:\/\/compuviper.mx\/tienda\/#\/schema\/logo\/image\/","url":"https:\/\/compuviper.mx\/tienda\/wp-content\/uploads\/2021\/08\/Logo-Compuviper-10.png","contentUrl":"https:\/\/compuviper.mx\/tienda\/wp-content\/uploads\/2021\/08\/Logo-Compuviper-10.png","width":1000,"height":500,"caption":"Compuviper"},"image":{"@id":"https:\/\/compuviper.mx\/tienda\/#\/schema\/logo\/image\/"},"sameAs":["https:\/\/www.facebook.com\/compuviper","https:\/\/www.youtube.com\/channel\/UCf73dERp9Y3cfOq7q8BhLjA?view_as=subscriber"]}]},"product_brand":"DAHUA","product_price_amount":"5450","product_price_currency":"MXN","og_availability":"backorder","product_availability":"available for order","product_retailer_item_id":"DHI-DS04-AI400","product_condition":"new"},"_links":{"self":[{"href":"https:\/\/compuviper.mx\/tienda\/wp-json\/wp\/v2\/product\/254190"}],"collection":[{"href":"https:\/\/compuviper.mx\/tienda\/wp-json\/wp\/v2\/product"}],"about":[{"href":"https:\/\/compuviper.mx\/tienda\/wp-json\/wp\/v2\/types\/product"}],"replies":[{"embeddable":true,"href":"https:\/\/compuviper.mx\/tienda\/wp-json\/wp\/v2\/comments?post=254190"}],"wp:featuredmedia":[{"embeddable":true,"href":"https:\/\/compuviper.mx\/tienda\/wp-json\/wp\/v2\/media\/258896"}],"wp:attachment":[{"href":"https:\/\/compuviper.mx\/tienda\/wp-json\/wp\/v2\/media?parent=254190"}],"wp:term":[{"taxonomy":"product_cat","embeddable":true,"href":"https:\/\/compuviper.mx\/tienda\/wp-json\/wp\/v2\/product_cat?post=254190"},{"taxonomy":"product_tag","embeddable":true,"href":"https:\/\/compuviper.mx\/tienda\/wp-json\/wp\/v2\/product_tag?post=254190"}],"curies":[{"name":"wp","href":"https:\/\/api.w.org\/{rel}","templated":true}]}}